{"id":9750,"date":"2025-11-13T12:32:16","date_gmt":"2025-11-13T11:32:16","guid":{"rendered":"https:\/\/www.rumicon.sk\/?post_type=product&#038;p=9750"},"modified":"2026-04-08T14:05:04","modified_gmt":"2026-04-08T12:05:04","slug":"rum-dos-maderas-px-55-07l-40-pohar-kopia-2","status":"publish","type":"product","link":"https:\/\/www.rumicon.sk\/hu\/produkt\/rum-dos-maderas-px-55-07l-40-pohar-kopia-2\/","title":{"rendered":"Dos Maderas Selecci\u00f3n 0,7l 42%."},"content":{"rendered":"","protected":false},"excerpt":{"rendered":"<p data-start=\"0\" data-end=\"289\">A Dos Maderas Selecci\u00f3n rum a pr\u00e9mium Dos Maderas PX 5+5 rum \u00e9s a legjobb, t\u00edz\u00e9ves Barbadosr\u00f3l \u00e9s Guyan\u00e1b\u00f3l sz\u00e1rmaz\u00f3 rumok kever\u00e9s\u00e9vel j\u00f6tt l\u00e9tre. Ennek k\u00f6sz\u00f6nhet\u0151en el\u0151sz\u00f6r a 10 \u00e9ves karibi rum sz\u00e1raz \u00edze bontakozik ki, amely fokozatosan finom, \u00e9des Pedro Xim\u00e9nez sherry jegyekbe megy \u00e1t.<\/p>\n<p data-start=\"291\" data-end=\"513\" data-is-last-node=\"\" data-is-only-node=\"\">Kiegyens\u00falyozott gy\u00fcm\u00f6lcs\u00f6s \u00e9s f\u0171szeres t\u00f3nusainak k\u00f6sz\u00f6nhet\u0151en egy rendk\u00edv\u00fcl sokoldal\u00fa rum, amely kokt\u00e9lokhoz is ide\u00e1lis, de \u00f6nmag\u00e1ban fogyasztva is kiv\u00e1l\u00f3. A rum egy nagyon eleg\u00e1ns feh\u00e9r-arany aj\u00e1nd\u00e9k tubusban tal\u00e1lhat\u00f3.<\/p>\n<article class=\"text-token-text-primary w-full focus:outline-none [--shadow-height:45px] has-data-writing-block:pointer-events-none has-data-writing-block:-mt-(--shadow-height) has-data-writing-block:pt-(--shadow-height) [&amp;:has([data-writing-block])&gt;*]:pointer-events-auto scroll-mt-(--header-height)\" dir=\"auto\" tabindex=\"-1\" data-turn-id=\"edbf144e-759f-42d9-b33f-105a01ac8b94\" data-testid=\"conversation-turn-25\" data-scroll-anchor=\"false\" data-turn=\"user\"><\/article>\n<article class=\"text-token-text-primary w-full focus:outline-none [--shadow-height:45px] has-data-writing-block:pointer-events-none has-data-writing-block:-mt-(--shadow-height) has-data-writing-block:pt-(--shadow-height) [&amp;:has([data-writing-block])&gt;*]:pointer-events-auto scroll-mt-[calc(var(--header-height)+min(200px,max(70px,20svh)))]\" dir=\"auto\" tabindex=\"-1\" data-turn-id=\"request-WEB:aedc8530-e7d2-4e46-abcb-9a930b9cf73a-86\" data-testid=\"conversation-turn-26\" data-scroll-anchor=\"true\" data-turn=\"assistant\">\n<div class=\"text-base my-auto mx-auto pb-10 [--thread-content-margin:var(--thread-content-margin-xs,calc(var(--spacing)*4))] @w-sm\/main:[--thread-content-margin:var(--thread-content-margin-sm,calc(var(--spacing)*6))] @w-lg\/main:[--thread-content-margin:var(--thread-content-margin-lg,calc(var(--spacing)*16))] px-(--thread-content-margin)\">\n<div class=\"[--thread-content-max-width:40rem] @w-lg\/main:[--thread-content-max-width:48rem] mx-auto max-w-(--thread-content-max-width) flex-1 group\/turn-messages focus-visible:outline-hidden relative flex w-full min-w-0 flex-col agent-turn\" tabindex=\"-1\">\n<div class=\"flex max-w-full flex-col gap-4 grow\">\n<div class=\"min-h-8 text-message relative flex w-full flex-col items-end gap-2 text-start break-words whitespace-normal [.text-message+&amp;]:mt-1\" dir=\"auto\" data-message-author-role=\"assistant\" data-message-id=\"31463148-36c3-4c9a-b862-4a2b763e1a10\" data-message-model-slug=\"gpt-5-3\">\n<div class=\"flex w-full flex-col gap-1 empty:hidden\">\n<div class=\"markdown prose dark:prose-invert w-full wrap-break-word light markdown-new-styling\">\n<p data-start=\"0\" data-end=\"39\"><strong>Sz\u00edn<\/strong>: mahag\u00f3ni, barna \u00e1rnyalatokkal<\/p>\n<p data-start=\"41\" data-end=\"97\"><strong>Illat: <\/strong>\u00e9des, szilva, t\u00f6lgy, f\u0171szerek, fah\u00e9j, m\u00e9z, fa<\/p>\n<p data-start=\"99\" data-end=\"163\"><strong>\u00cdz: <\/strong>keserny\u00e9s-sz\u00e1raz, friss, n\u00e1dcukor, karamell, sherry, vaj<\/p>\n<p data-start=\"165\" data-end=\"227\" data-is-last-node=\"\" data-is-only-node=\"\"><strong>Lecseng\u00e9s: <\/strong>hossz\u00fa, enyh\u00e9n \u00e9des, mazsola, gy\u00fcm\u00f6lcs, f\u00fcge, m\u00e9z<\/p>\n<\/div>\n<\/div>\n<\/div>\n<\/div>\n<\/div>\n<\/div>\n<\/article>\n","protected":false},"featured_media":9752,"comment_status":"closed","ping_status":"closed","template":"","meta":{"_acf_changed":false},"product_brand":[],"product_cat":[483,485],"product_tag":[843,1135],"class_list":{"0":"post-9750","1":"product","2":"type-product","3":"status-publish","4":"has-post-thumbnail","6":"product_cat-rum-hu","7":"product_cat-sotet-rum","8":"product_tag-dos-maderas-hu-2","9":"product_tag-sotet-rum","10":"pa_druh-alkoholu-rum-hu","11":"pa_krajina-povodu-spanyolorszag","12":"pa_objem-07-l-hu","13":"pa_obsah-alkoholu-42-hu","14":"pa_znacka-dos-maderas-hu","16":"first","17":"outofstock","18":"taxable","19":"shipping-taxable","20":"purchasable","21":"product-type-simple"},"acf":[],"yoast_head":"<!-- This site is optimized with the Yoast SEO plugin v27.0 - https:\/\/yoast.com\/product\/yoast-seo-wordpress\/ -->\n<title>Dos Maderas Selecci\u00f3n 0,7l 42%. - rumicon.sk<\/title>\n<meta name=\"robots\" content=\"index, follow, max-snippet:-1, max-image-preview:large, max-video-preview:-1\" \/>\n<link rel=\"canonical\" href=\"https:\/\/www.rumicon.sk\/hu\/produkt\/rum-dos-maderas-px-55-07l-40-pohar-kopia-2\/\" \/>\n<meta property=\"og:locale\" content=\"hu_HU\" \/>\n<meta property=\"og:type\" content=\"article\" \/>\n<meta property=\"og:title\" content=\"Dos Maderas Selecci\u00f3n 0,7l 42%. - rumicon.sk\" \/>\n<meta property=\"og:description\" content=\"A Dos Maderas Selecci\u00f3n rum a pr\u00e9mium Dos Maderas PX 5+5 rum \u00e9s a legjobb, t\u00edz\u00e9ves Barbadosr\u00f3l \u00e9s Guyan\u00e1b\u00f3l sz\u00e1rmaz\u00f3 rumok kever\u00e9s\u00e9vel j\u00f6tt l\u00e9tre. Ennek k\u00f6sz\u00f6nhet\u0151en el\u0151sz\u00f6r a 10 \u00e9ves karibi rum sz\u00e1raz \u00edze bontakozik ki, amely fokozatosan finom, \u00e9des Pedro Xim\u00e9nez sherry jegyekbe megy \u00e1t. Kiegyens\u00falyozott gy\u00fcm\u00f6lcs\u00f6s \u00e9s f\u0171szeres t\u00f3nusainak k\u00f6sz\u00f6nhet\u0151en egy rendk\u00edv\u00fcl sokoldal\u00fa rum, amely kokt\u00e9lokhoz is ide\u00e1lis, de \u00f6nmag\u00e1ban fogyasztva is kiv\u00e1l\u00f3. A rum egy nagyon eleg\u00e1ns feh\u00e9r-arany aj\u00e1nd\u00e9k tubusban tal\u00e1lhat\u00f3.         Sz\u00edn: mahag\u00f3ni, barna \u00e1rnyalatokkal Illat: \u00e9des, szilva, t\u00f6lgy, f\u0171szerek, fah\u00e9j, m\u00e9z, fa \u00cdz: keserny\u00e9s-sz\u00e1raz, friss, n\u00e1dcukor, karamell, sherry, vaj Lecseng\u00e9s: hossz\u00fa, enyh\u00e9n \u00e9des, mazsola, gy\u00fcm\u00f6lcs, f\u00fcge, m\u00e9z\" \/>\n<meta property=\"og:url\" content=\"https:\/\/www.rumicon.sk\/hu\/produkt\/rum-dos-maderas-px-55-07l-40-pohar-kopia-2\/\" \/>\n<meta property=\"og:site_name\" content=\"rumicon.sk\" \/>\n<meta property=\"article:publisher\" content=\"https:\/\/www.facebook.com\/people\/Rumicon-Bottle-Cigar-Shop\/100087110283303\/\" \/>\n<meta property=\"article:modified_time\" content=\"2026-04-08T12:05:04+00:00\" \/>\n<meta property=\"og:image\" content=\"https:\/\/www.rumicon.sk\/wp-content\/uploads\/seleccion.jpg\" \/>\n\t<meta property=\"og:image:width\" content=\"1216\" \/>\n\t<meta property=\"og:image:height\" content=\"2000\" \/>\n\t<meta property=\"og:image:type\" content=\"image\/jpeg\" \/>\n<meta name=\"twitter:card\" content=\"summary_large_image\" \/>\n<meta name=\"twitter:label1\" content=\"Becs\u00fclt olvas\u00e1si id\u0151\" \/>\n\t<meta name=\"twitter:data1\" content=\"1 perc\" \/>\n<script type=\"application\/ld+json\" class=\"yoast-schema-graph\">{\"@context\":\"https:\/\/schema.org\",\"@graph\":[{\"@type\":\"WebPage\",\"@id\":\"https:\/\/www.rumicon.sk\/hu\/produkt\/rum-dos-maderas-px-55-07l-40-pohar-kopia-2\/\",\"url\":\"https:\/\/www.rumicon.sk\/hu\/produkt\/rum-dos-maderas-px-55-07l-40-pohar-kopia-2\/\",\"name\":\"Dos Maderas Selecci\u00f3n 0,7l 42%. - rumicon.sk\",\"isPartOf\":{\"@id\":\"https:\/\/www.rumicon.sk\/hu\/#website\"},\"primaryImageOfPage\":{\"@id\":\"https:\/\/www.rumicon.sk\/hu\/produkt\/rum-dos-maderas-px-55-07l-40-pohar-kopia-2\/#primaryimage\"},\"image\":{\"@id\":\"https:\/\/www.rumicon.sk\/hu\/produkt\/rum-dos-maderas-px-55-07l-40-pohar-kopia-2\/#primaryimage\"},\"thumbnailUrl\":\"https:\/\/www.rumicon.sk\/wp-content\/uploads\/seleccion.jpg\",\"datePublished\":\"2025-11-13T11:32:16+00:00\",\"dateModified\":\"2026-04-08T12:05:04+00:00\",\"breadcrumb\":{\"@id\":\"https:\/\/www.rumicon.sk\/hu\/produkt\/rum-dos-maderas-px-55-07l-40-pohar-kopia-2\/#breadcrumb\"},\"inLanguage\":\"hu\",\"potentialAction\":[{\"@type\":\"ReadAction\",\"target\":[\"https:\/\/www.rumicon.sk\/hu\/produkt\/rum-dos-maderas-px-55-07l-40-pohar-kopia-2\/\"]}]},{\"@type\":\"ImageObject\",\"inLanguage\":\"hu\",\"@id\":\"https:\/\/www.rumicon.sk\/hu\/produkt\/rum-dos-maderas-px-55-07l-40-pohar-kopia-2\/#primaryimage\",\"url\":\"https:\/\/www.rumicon.sk\/wp-content\/uploads\/seleccion.jpg\",\"contentUrl\":\"https:\/\/www.rumicon.sk\/wp-content\/uploads\/seleccion.jpg\",\"width\":1216,\"height\":2000,\"caption\":\"dos maderas seleccion\"},{\"@type\":\"BreadcrumbList\",\"@id\":\"https:\/\/www.rumicon.sk\/hu\/produkt\/rum-dos-maderas-px-55-07l-40-pohar-kopia-2\/#breadcrumb\",\"itemListElement\":[{\"@type\":\"ListItem\",\"position\":1,\"name\":\"Home\",\"item\":\"https:\/\/www.rumicon.sk\/hu\/home\/\"},{\"@type\":\"ListItem\",\"position\":2,\"name\":\"Web\u00e1ruh\u00e1z\",\"item\":\"https:\/\/www.rumicon.sk\/hu\/webaruhaz\/\"},{\"@type\":\"ListItem\",\"position\":3,\"name\":\"Dos Maderas Selecci\u00f3n 0,7l 42%.\"}]},{\"@type\":\"WebSite\",\"@id\":\"https:\/\/www.rumicon.sk\/hu\/#website\",\"url\":\"https:\/\/www.rumicon.sk\/hu\/\",\"name\":\"rumicon.sk\",\"description\":\"\",\"publisher\":{\"@id\":\"https:\/\/www.rumicon.sk\/hu\/#organization\"},\"potentialAction\":[{\"@type\":\"SearchAction\",\"target\":{\"@type\":\"EntryPoint\",\"urlTemplate\":\"https:\/\/www.rumicon.sk\/hu\/?s={search_term_string}\"},\"query-input\":{\"@type\":\"PropertyValueSpecification\",\"valueRequired\":true,\"valueName\":\"search_term_string\"}}],\"inLanguage\":\"hu\"},{\"@type\":\"Organization\",\"@id\":\"https:\/\/www.rumicon.sk\/hu\/#organization\",\"name\":\"rumicon.sk\",\"url\":\"https:\/\/www.rumicon.sk\/hu\/\",\"logo\":{\"@type\":\"ImageObject\",\"inLanguage\":\"hu\",\"@id\":\"https:\/\/www.rumicon.sk\/hu\/#\/schema\/logo\/image\/\",\"url\":\"https:\/\/www.rumicon.sk\/wp-content\/uploads\/logo-rumicon-bcs-color.png\",\"contentUrl\":\"https:\/\/www.rumicon.sk\/wp-content\/uploads\/logo-rumicon-bcs-color.png\",\"width\":827,\"height\":278,\"caption\":\"rumicon.sk\"},\"image\":{\"@id\":\"https:\/\/www.rumicon.sk\/hu\/#\/schema\/logo\/image\/\"},\"sameAs\":[\"https:\/\/www.facebook.com\/people\/Rumicon-Bottle-Cigar-Shop\/100087110283303\/\",\"https:\/\/www.instagram.com\/rumicon_bottle_cigar_shop\/\",\"https:\/\/www.tiktok.com\/@rumicon2022\"]}]}<\/script>\n<!-- \/ Yoast SEO plugin. -->","yoast_head_json":{"title":"Dos Maderas Selecci\u00f3n 0,7l 42%. - rumicon.sk","robots":{"index":"index","follow":"follow","max-snippet":"max-snippet:-1","max-image-preview":"max-image-preview:large","max-video-preview":"max-video-preview:-1"},"canonical":"https:\/\/www.rumicon.sk\/hu\/produkt\/rum-dos-maderas-px-55-07l-40-pohar-kopia-2\/","og_locale":"hu_HU","og_type":"article","og_title":"Dos Maderas Selecci\u00f3n 0,7l 42%. - rumicon.sk","og_description":"A Dos Maderas Selecci\u00f3n rum a pr\u00e9mium Dos Maderas PX 5+5 rum \u00e9s a legjobb, t\u00edz\u00e9ves Barbadosr\u00f3l \u00e9s Guyan\u00e1b\u00f3l sz\u00e1rmaz\u00f3 rumok kever\u00e9s\u00e9vel j\u00f6tt l\u00e9tre. Ennek k\u00f6sz\u00f6nhet\u0151en el\u0151sz\u00f6r a 10 \u00e9ves karibi rum sz\u00e1raz \u00edze bontakozik ki, amely fokozatosan finom, \u00e9des Pedro Xim\u00e9nez sherry jegyekbe megy \u00e1t. Kiegyens\u00falyozott gy\u00fcm\u00f6lcs\u00f6s \u00e9s f\u0171szeres t\u00f3nusainak k\u00f6sz\u00f6nhet\u0151en egy rendk\u00edv\u00fcl sokoldal\u00fa rum, amely kokt\u00e9lokhoz is ide\u00e1lis, de \u00f6nmag\u00e1ban fogyasztva is kiv\u00e1l\u00f3. A rum egy nagyon eleg\u00e1ns feh\u00e9r-arany aj\u00e1nd\u00e9k tubusban tal\u00e1lhat\u00f3.         Sz\u00edn: mahag\u00f3ni, barna \u00e1rnyalatokkal Illat: \u00e9des, szilva, t\u00f6lgy, f\u0171szerek, fah\u00e9j, m\u00e9z, fa \u00cdz: keserny\u00e9s-sz\u00e1raz, friss, n\u00e1dcukor, karamell, sherry, vaj Lecseng\u00e9s: hossz\u00fa, enyh\u00e9n \u00e9des, mazsola, gy\u00fcm\u00f6lcs, f\u00fcge, m\u00e9z","og_url":"https:\/\/www.rumicon.sk\/hu\/produkt\/rum-dos-maderas-px-55-07l-40-pohar-kopia-2\/","og_site_name":"rumicon.sk","article_publisher":"https:\/\/www.facebook.com\/people\/Rumicon-Bottle-Cigar-Shop\/100087110283303\/","article_modified_time":"2026-04-08T12:05:04+00:00","og_image":[{"width":1216,"height":2000,"url":"https:\/\/www.rumicon.sk\/wp-content\/uploads\/seleccion.jpg","type":"image\/jpeg"}],"twitter_card":"summary_large_image","twitter_misc":{"Becs\u00fclt olvas\u00e1si id\u0151":"1 perc"},"schema":{"@context":"https:\/\/schema.org","@graph":[{"@type":"WebPage","@id":"https:\/\/www.rumicon.sk\/hu\/produkt\/rum-dos-maderas-px-55-07l-40-pohar-kopia-2\/","url":"https:\/\/www.rumicon.sk\/hu\/produkt\/rum-dos-maderas-px-55-07l-40-pohar-kopia-2\/","name":"Dos Maderas Selecci\u00f3n 0,7l 42%. - rumicon.sk","isPartOf":{"@id":"https:\/\/www.rumicon.sk\/hu\/#website"},"primaryImageOfPage":{"@id":"https:\/\/www.rumicon.sk\/hu\/produkt\/rum-dos-maderas-px-55-07l-40-pohar-kopia-2\/#primaryimage"},"image":{"@id":"https:\/\/www.rumicon.sk\/hu\/produkt\/rum-dos-maderas-px-55-07l-40-pohar-kopia-2\/#primaryimage"},"thumbnailUrl":"https:\/\/www.rumicon.sk\/wp-content\/uploads\/seleccion.jpg","datePublished":"2025-11-13T11:32:16+00:00","dateModified":"2026-04-08T12:05:04+00:00","breadcrumb":{"@id":"https:\/\/www.rumicon.sk\/hu\/produkt\/rum-dos-maderas-px-55-07l-40-pohar-kopia-2\/#breadcrumb"},"inLanguage":"hu","potentialAction":[{"@type":"ReadAction","target":["https:\/\/www.rumicon.sk\/hu\/produkt\/rum-dos-maderas-px-55-07l-40-pohar-kopia-2\/"]}]},{"@type":"ImageObject","inLanguage":"hu","@id":"https:\/\/www.rumicon.sk\/hu\/produkt\/rum-dos-maderas-px-55-07l-40-pohar-kopia-2\/#primaryimage","url":"https:\/\/www.rumicon.sk\/wp-content\/uploads\/seleccion.jpg","contentUrl":"https:\/\/www.rumicon.sk\/wp-content\/uploads\/seleccion.jpg","width":1216,"height":2000,"caption":"dos maderas seleccion"},{"@type":"BreadcrumbList","@id":"https:\/\/www.rumicon.sk\/hu\/produkt\/rum-dos-maderas-px-55-07l-40-pohar-kopia-2\/#breadcrumb","itemListElement":[{"@type":"ListItem","position":1,"name":"Home","item":"https:\/\/www.rumicon.sk\/hu\/home\/"},{"@type":"ListItem","position":2,"name":"Web\u00e1ruh\u00e1z","item":"https:\/\/www.rumicon.sk\/hu\/webaruhaz\/"},{"@type":"ListItem","position":3,"name":"Dos Maderas Selecci\u00f3n 0,7l 42%."}]},{"@type":"WebSite","@id":"https:\/\/www.rumicon.sk\/hu\/#website","url":"https:\/\/www.rumicon.sk\/hu\/","name":"rumicon.sk","description":"","publisher":{"@id":"https:\/\/www.rumicon.sk\/hu\/#organization"},"potentialAction":[{"@type":"SearchAction","target":{"@type":"EntryPoint","urlTemplate":"https:\/\/www.rumicon.sk\/hu\/?s={search_term_string}"},"query-input":{"@type":"PropertyValueSpecification","valueRequired":true,"valueName":"search_term_string"}}],"inLanguage":"hu"},{"@type":"Organization","@id":"https:\/\/www.rumicon.sk\/hu\/#organization","name":"rumicon.sk","url":"https:\/\/www.rumicon.sk\/hu\/","logo":{"@type":"ImageObject","inLanguage":"hu","@id":"https:\/\/www.rumicon.sk\/hu\/#\/schema\/logo\/image\/","url":"https:\/\/www.rumicon.sk\/wp-content\/uploads\/logo-rumicon-bcs-color.png","contentUrl":"https:\/\/www.rumicon.sk\/wp-content\/uploads\/logo-rumicon-bcs-color.png","width":827,"height":278,"caption":"rumicon.sk"},"image":{"@id":"https:\/\/www.rumicon.sk\/hu\/#\/schema\/logo\/image\/"},"sameAs":["https:\/\/www.facebook.com\/people\/Rumicon-Bottle-Cigar-Shop\/100087110283303\/","https:\/\/www.instagram.com\/rumicon_bottle_cigar_shop\/","https:\/\/www.tiktok.com\/@rumicon2022"]}]}},"_links":{"self":[{"href":"https:\/\/www.rumicon.sk\/hu\/wp-json\/wp\/v2\/product\/9750","targetHints":{"allow":["GET"]}}],"collection":[{"href":"https:\/\/www.rumicon.sk\/hu\/wp-json\/wp\/v2\/product"}],"about":[{"href":"https:\/\/www.rumicon.sk\/hu\/wp-json\/wp\/v2\/types\/product"}],"replies":[{"embeddable":true,"href":"https:\/\/www.rumicon.sk\/hu\/wp-json\/wp\/v2\/comments?post=9750"}],"wp:featuredmedia":[{"embeddable":true,"href":"https:\/\/www.rumicon.sk\/hu\/wp-json\/wp\/v2\/media\/9752"}],"wp:attachment":[{"href":"https:\/\/www.rumicon.sk\/hu\/wp-json\/wp\/v2\/media?parent=9750"}],"wp:term":[{"taxonomy":"product_brand","embeddable":true,"href":"https:\/\/www.rumicon.sk\/hu\/wp-json\/wp\/v2\/product_brand?post=9750"},{"taxonomy":"product_cat","embeddable":true,"href":"https:\/\/www.rumicon.sk\/hu\/wp-json\/wp\/v2\/product_cat?post=9750"},{"taxonomy":"product_tag","embeddable":true,"href":"https:\/\/www.rumicon.sk\/hu\/wp-json\/wp\/v2\/product_tag?post=9750"}],"curies":[{"name":"wp","href":"https:\/\/api.w.org\/{rel}","templated":true}]}}