{"id":9562,"date":"2025-11-06T12:22:52","date_gmt":"2025-11-06T11:22:52","guid":{"rendered":"https:\/\/www.rumicon.sk\/?post_type=product&#038;p=9562"},"modified":"2026-04-08T14:13:35","modified_gmt":"2026-04-08T12:13:35","slug":"zino-nicaragua-half-corona-5-783g","status":"publish","type":"product","link":"https:\/\/www.rumicon.sk\/hu\/produkt\/zino-nicaragua-half-corona-5-783g\/","title":{"rendered":"Zino Nicaragua Half Corona \/5\/ 7,83g"},"content":{"rendered":"<p>Ez az enyhe vagy k\u00f6zepes test\u0171 szivar t\u00f6k\u00e9letesen p\u00e1ros\u00edthat\u00f3 12YO vagy id\u0151sebb rummal vagy ginnel. A felhaszn\u00e1lt doh\u00e1nylevelek kombin\u00e1ci\u00f3j\u00e1nak k\u00f6sz\u00f6nhet\u0151en k\u00e1v\u00e9, menta \u00e9s bogy\u00f3s gy\u00fcm\u00f6lcs\u00f6k jegyei \u00e9rz\u0151dnek.<br \/>\nA dominikai bor\u00edt\u00f3 \u00e9s a Jalapa-v\u00f6lgyb\u0151l sz\u00e1rmaz\u00f3 \u00edzletes nicaraguai lev\u00e9l kombin\u00e1l\u00e1s\u00e1val nagyon gazdag \u00edzt kap egy csipetnyi f\u0171szerrel.<\/p>\n<p>A finom f\u0171szer \u00e9s a c\u00e9drusfa jegyei finoman kit\u00f6ltik a sz\u00e1jpadl\u00e1s\u00e1t, \u00e9s t\u00f6k\u00e9letes egyens\u00falyt biztos\u00edtanak a szivar ereje \u00e9s \u00f6sszetetts\u00e9ge k\u00f6z\u00f6tt. Er\u0151ss\u00e9g : Enyhe-k\u00f6zepes M\u00e9ret : 5 x 56 Grand Robusto Sz\u00e1rmaz\u00e1s : Dominikai K\u00f6zt\u00e1rsas\u00e1g \/ Nicaragua Er\u0151ss\u00e9g : Enyhe-k\u00f6zepes<\/p>\n","protected":false},"excerpt":{"rendered":"<p>Ez az enyhe vagy k\u00f6zepes test\u0171 szivar t\u00f6k\u00e9letesen p\u00e1ros\u00edthat\u00f3 12YO vagy id\u0151sebb rummal vagy ginnel. A felhaszn\u00e1lt doh\u00e1nylevelek kombin\u00e1ci\u00f3j\u00e1nak k\u00f6sz\u00f6nhet\u0151en k\u00e1v\u00e9, menta \u00e9s bogy\u00f3s gy\u00fcm\u00f6lcs\u00f6k jegyei \u00e9rz\u0151dnek. A dominikai bor\u00edt\u00f3 \u00e9s a Jalapa-v\u00f6lgyb\u0151l sz\u00e1rmaz\u00f3 \u00edzletes nicaraguai lev\u00e9l kombin\u00e1l\u00e1s\u00e1val nagyon gazdag \u00edzt kap egy csipetnyi f\u0171szerrel. A finom f\u0171szer \u00e9s a c\u00e9drusfa jegyei finoman kit\u00f6ltik a [&#8230;]\n","protected":false},"featured_media":9564,"comment_status":"closed","ping_status":"closed","template":"","meta":{"_acf_changed":false},"product_brand":[],"product_cat":[584],"product_tag":[1557,1555,1554,1553],"class_list":{"0":"post-9562","1":"product","2":"type-product","3":"status-publish","4":"has-post-thumbnail","6":"product_cat-szivarok","7":"product_tag-ajandek-szivar","8":"product_tag-kezzel-keszitett-szivar","9":"product_tag-luxus-elmeny","10":"product_tag-premium-szivar","11":"pa_krajina-povodu-dominikai-koztarsasag","12":"pa_krajina-povodu-nicaragua-es-honduras","14":"first","15":"outofstock","16":"taxable","17":"shipping-taxable","18":"purchasable","19":"product-type-simple"},"acf":[],"yoast_head":"<!-- This site is optimized with the Yoast SEO plugin v27.0 - https:\/\/yoast.com\/product\/yoast-seo-wordpress\/ -->\n<title>Zino Nicaragua Half Corona \/5\/ 7,83g - rumicon.sk<\/title>\n<meta name=\"robots\" content=\"index, follow, max-snippet:-1, max-image-preview:large, max-video-preview:-1\" \/>\n<link rel=\"canonical\" href=\"https:\/\/www.rumicon.sk\/hu\/produkt\/zino-nicaragua-half-corona-5-783g\/\" \/>\n<meta property=\"og:locale\" content=\"hu_HU\" \/>\n<meta property=\"og:type\" content=\"article\" \/>\n<meta property=\"og:title\" content=\"Zino Nicaragua Half Corona \/5\/ 7,83g - rumicon.sk\" \/>\n<meta property=\"og:description\" content=\"Ez az enyhe vagy k\u00f6zepes test\u0171 szivar t\u00f6k\u00e9letesen p\u00e1ros\u00edthat\u00f3 12YO vagy id\u0151sebb rummal vagy ginnel. A felhaszn\u00e1lt doh\u00e1nylevelek kombin\u00e1ci\u00f3j\u00e1nak k\u00f6sz\u00f6nhet\u0151en k\u00e1v\u00e9, menta \u00e9s bogy\u00f3s gy\u00fcm\u00f6lcs\u00f6k jegyei \u00e9rz\u0151dnek. A dominikai bor\u00edt\u00f3 \u00e9s a Jalapa-v\u00f6lgyb\u0151l sz\u00e1rmaz\u00f3 \u00edzletes nicaraguai lev\u00e9l kombin\u00e1l\u00e1s\u00e1val nagyon gazdag \u00edzt kap egy csipetnyi f\u0171szerrel. A finom f\u0171szer \u00e9s a c\u00e9drusfa jegyei finoman kit\u00f6ltik a [...]\" \/>\n<meta property=\"og:url\" content=\"https:\/\/www.rumicon.sk\/hu\/produkt\/zino-nicaragua-half-corona-5-783g\/\" \/>\n<meta property=\"og:site_name\" content=\"rumicon.sk\" \/>\n<meta property=\"article:publisher\" content=\"https:\/\/www.facebook.com\/people\/Rumicon-Bottle-Cigar-Shop\/100087110283303\/\" \/>\n<meta property=\"article:modified_time\" content=\"2026-04-08T12:13:35+00:00\" \/>\n<meta property=\"og:image\" content=\"https:\/\/www.rumicon.sk\/wp-content\/uploads\/Dictador-Pavo-Real-Grande-Robusto.jpg\" \/>\n<meta name=\"twitter:card\" content=\"summary_large_image\" \/>\n<meta name=\"twitter:label1\" content=\"Becs\u00fclt olvas\u00e1si id\u0151\" \/>\n\t<meta name=\"twitter:data1\" content=\"1 perc\" \/>\n<script type=\"application\/ld+json\" class=\"yoast-schema-graph\">{\"@context\":\"https:\/\/schema.org\",\"@graph\":[{\"@type\":\"WebPage\",\"@id\":\"https:\/\/www.rumicon.sk\/hu\/produkt\/zino-nicaragua-half-corona-5-783g\/\",\"url\":\"https:\/\/www.rumicon.sk\/hu\/produkt\/zino-nicaragua-half-corona-5-783g\/\",\"name\":\"Zino Nicaragua Half Corona \/5\/ 7,83g - rumicon.sk\",\"isPartOf\":{\"@id\":\"https:\/\/www.rumicon.sk\/hu\/#website\"},\"primaryImageOfPage\":{\"@id\":\"https:\/\/www.rumicon.sk\/hu\/produkt\/zino-nicaragua-half-corona-5-783g\/#primaryimage\"},\"image\":{\"@id\":\"https:\/\/www.rumicon.sk\/hu\/produkt\/zino-nicaragua-half-corona-5-783g\/#primaryimage\"},\"thumbnailUrl\":\"https:\/\/www.rumicon.sk\/wp-content\/uploads\/Zino-Nicaragua-Half-corona-box-768x576-1.jpg\",\"datePublished\":\"2025-11-06T11:22:52+00:00\",\"dateModified\":\"2026-04-08T12:13:35+00:00\",\"breadcrumb\":{\"@id\":\"https:\/\/www.rumicon.sk\/hu\/produkt\/zino-nicaragua-half-corona-5-783g\/#breadcrumb\"},\"inLanguage\":\"hu\",\"potentialAction\":[{\"@type\":\"ReadAction\",\"target\":[\"https:\/\/www.rumicon.sk\/hu\/produkt\/zino-nicaragua-half-corona-5-783g\/\"]}]},{\"@type\":\"ImageObject\",\"inLanguage\":\"hu\",\"@id\":\"https:\/\/www.rumicon.sk\/hu\/produkt\/zino-nicaragua-half-corona-5-783g\/#primaryimage\",\"url\":\"https:\/\/www.rumicon.sk\/wp-content\/uploads\/Zino-Nicaragua-Half-corona-box-768x576-1.jpg\",\"contentUrl\":\"https:\/\/www.rumicon.sk\/wp-content\/uploads\/Zino-Nicaragua-Half-corona-box-768x576-1.jpg\",\"width\":768,\"height\":576,\"caption\":\"zino nicaragua half corona\"},{\"@type\":\"BreadcrumbList\",\"@id\":\"https:\/\/www.rumicon.sk\/hu\/produkt\/zino-nicaragua-half-corona-5-783g\/#breadcrumb\",\"itemListElement\":[{\"@type\":\"ListItem\",\"position\":1,\"name\":\"Home\",\"item\":\"https:\/\/www.rumicon.sk\/hu\/home\/\"},{\"@type\":\"ListItem\",\"position\":2,\"name\":\"Web\u00e1ruh\u00e1z\",\"item\":\"https:\/\/www.rumicon.sk\/hu\/webaruhaz\/\"},{\"@type\":\"ListItem\",\"position\":3,\"name\":\"Zino Nicaragua Half Corona \/5\/ 7,83g\"}]},{\"@type\":\"WebSite\",\"@id\":\"https:\/\/www.rumicon.sk\/hu\/#website\",\"url\":\"https:\/\/www.rumicon.sk\/hu\/\",\"name\":\"rumicon.sk\",\"description\":\"\",\"publisher\":{\"@id\":\"https:\/\/www.rumicon.sk\/hu\/#organization\"},\"potentialAction\":[{\"@type\":\"SearchAction\",\"target\":{\"@type\":\"EntryPoint\",\"urlTemplate\":\"https:\/\/www.rumicon.sk\/hu\/?s={search_term_string}\"},\"query-input\":{\"@type\":\"PropertyValueSpecification\",\"valueRequired\":true,\"valueName\":\"search_term_string\"}}],\"inLanguage\":\"hu\"},{\"@type\":\"Organization\",\"@id\":\"https:\/\/www.rumicon.sk\/hu\/#organization\",\"name\":\"rumicon.sk\",\"url\":\"https:\/\/www.rumicon.sk\/hu\/\",\"logo\":{\"@type\":\"ImageObject\",\"inLanguage\":\"hu\",\"@id\":\"https:\/\/www.rumicon.sk\/hu\/#\/schema\/logo\/image\/\",\"url\":\"https:\/\/www.rumicon.sk\/wp-content\/uploads\/logo-rumicon-bcs-color.png\",\"contentUrl\":\"https:\/\/www.rumicon.sk\/wp-content\/uploads\/logo-rumicon-bcs-color.png\",\"width\":827,\"height\":278,\"caption\":\"rumicon.sk\"},\"image\":{\"@id\":\"https:\/\/www.rumicon.sk\/hu\/#\/schema\/logo\/image\/\"},\"sameAs\":[\"https:\/\/www.facebook.com\/people\/Rumicon-Bottle-Cigar-Shop\/100087110283303\/\",\"https:\/\/www.instagram.com\/rumicon_bottle_cigar_shop\/\",\"https:\/\/www.tiktok.com\/@rumicon2022\"]}]}<\/script>\n<!-- \/ Yoast SEO plugin. -->","yoast_head_json":{"title":"Zino Nicaragua Half Corona \/5\/ 7,83g - rumicon.sk","robots":{"index":"index","follow":"follow","max-snippet":"max-snippet:-1","max-image-preview":"max-image-preview:large","max-video-preview":"max-video-preview:-1"},"canonical":"https:\/\/www.rumicon.sk\/hu\/produkt\/zino-nicaragua-half-corona-5-783g\/","og_locale":"hu_HU","og_type":"article","og_title":"Zino Nicaragua Half Corona \/5\/ 7,83g - rumicon.sk","og_description":"Ez az enyhe vagy k\u00f6zepes test\u0171 szivar t\u00f6k\u00e9letesen p\u00e1ros\u00edthat\u00f3 12YO vagy id\u0151sebb rummal vagy ginnel. A felhaszn\u00e1lt doh\u00e1nylevelek kombin\u00e1ci\u00f3j\u00e1nak k\u00f6sz\u00f6nhet\u0151en k\u00e1v\u00e9, menta \u00e9s bogy\u00f3s gy\u00fcm\u00f6lcs\u00f6k jegyei \u00e9rz\u0151dnek. A dominikai bor\u00edt\u00f3 \u00e9s a Jalapa-v\u00f6lgyb\u0151l sz\u00e1rmaz\u00f3 \u00edzletes nicaraguai lev\u00e9l kombin\u00e1l\u00e1s\u00e1val nagyon gazdag \u00edzt kap egy csipetnyi f\u0171szerrel. A finom f\u0171szer \u00e9s a c\u00e9drusfa jegyei finoman kit\u00f6ltik a [...]","og_url":"https:\/\/www.rumicon.sk\/hu\/produkt\/zino-nicaragua-half-corona-5-783g\/","og_site_name":"rumicon.sk","article_publisher":"https:\/\/www.facebook.com\/people\/Rumicon-Bottle-Cigar-Shop\/100087110283303\/","article_modified_time":"2026-04-08T12:13:35+00:00","og_image":[{"url":"https:\/\/www.rumicon.sk\/wp-content\/uploads\/Dictador-Pavo-Real-Grande-Robusto.jpg","type":"","width":"","height":""}],"twitter_card":"summary_large_image","twitter_misc":{"Becs\u00fclt olvas\u00e1si id\u0151":"1 perc"},"schema":{"@context":"https:\/\/schema.org","@graph":[{"@type":"WebPage","@id":"https:\/\/www.rumicon.sk\/hu\/produkt\/zino-nicaragua-half-corona-5-783g\/","url":"https:\/\/www.rumicon.sk\/hu\/produkt\/zino-nicaragua-half-corona-5-783g\/","name":"Zino Nicaragua Half Corona \/5\/ 7,83g - rumicon.sk","isPartOf":{"@id":"https:\/\/www.rumicon.sk\/hu\/#website"},"primaryImageOfPage":{"@id":"https:\/\/www.rumicon.sk\/hu\/produkt\/zino-nicaragua-half-corona-5-783g\/#primaryimage"},"image":{"@id":"https:\/\/www.rumicon.sk\/hu\/produkt\/zino-nicaragua-half-corona-5-783g\/#primaryimage"},"thumbnailUrl":"https:\/\/www.rumicon.sk\/wp-content\/uploads\/Zino-Nicaragua-Half-corona-box-768x576-1.jpg","datePublished":"2025-11-06T11:22:52+00:00","dateModified":"2026-04-08T12:13:35+00:00","breadcrumb":{"@id":"https:\/\/www.rumicon.sk\/hu\/produkt\/zino-nicaragua-half-corona-5-783g\/#breadcrumb"},"inLanguage":"hu","potentialAction":[{"@type":"ReadAction","target":["https:\/\/www.rumicon.sk\/hu\/produkt\/zino-nicaragua-half-corona-5-783g\/"]}]},{"@type":"ImageObject","inLanguage":"hu","@id":"https:\/\/www.rumicon.sk\/hu\/produkt\/zino-nicaragua-half-corona-5-783g\/#primaryimage","url":"https:\/\/www.rumicon.sk\/wp-content\/uploads\/Zino-Nicaragua-Half-corona-box-768x576-1.jpg","contentUrl":"https:\/\/www.rumicon.sk\/wp-content\/uploads\/Zino-Nicaragua-Half-corona-box-768x576-1.jpg","width":768,"height":576,"caption":"zino nicaragua half corona"},{"@type":"BreadcrumbList","@id":"https:\/\/www.rumicon.sk\/hu\/produkt\/zino-nicaragua-half-corona-5-783g\/#breadcrumb","itemListElement":[{"@type":"ListItem","position":1,"name":"Home","item":"https:\/\/www.rumicon.sk\/hu\/home\/"},{"@type":"ListItem","position":2,"name":"Web\u00e1ruh\u00e1z","item":"https:\/\/www.rumicon.sk\/hu\/webaruhaz\/"},{"@type":"ListItem","position":3,"name":"Zino Nicaragua Half Corona \/5\/ 7,83g"}]},{"@type":"WebSite","@id":"https:\/\/www.rumicon.sk\/hu\/#website","url":"https:\/\/www.rumicon.sk\/hu\/","name":"rumicon.sk","description":"","publisher":{"@id":"https:\/\/www.rumicon.sk\/hu\/#organization"},"potentialAction":[{"@type":"SearchAction","target":{"@type":"EntryPoint","urlTemplate":"https:\/\/www.rumicon.sk\/hu\/?s={search_term_string}"},"query-input":{"@type":"PropertyValueSpecification","valueRequired":true,"valueName":"search_term_string"}}],"inLanguage":"hu"},{"@type":"Organization","@id":"https:\/\/www.rumicon.sk\/hu\/#organization","name":"rumicon.sk","url":"https:\/\/www.rumicon.sk\/hu\/","logo":{"@type":"ImageObject","inLanguage":"hu","@id":"https:\/\/www.rumicon.sk\/hu\/#\/schema\/logo\/image\/","url":"https:\/\/www.rumicon.sk\/wp-content\/uploads\/logo-rumicon-bcs-color.png","contentUrl":"https:\/\/www.rumicon.sk\/wp-content\/uploads\/logo-rumicon-bcs-color.png","width":827,"height":278,"caption":"rumicon.sk"},"image":{"@id":"https:\/\/www.rumicon.sk\/hu\/#\/schema\/logo\/image\/"},"sameAs":["https:\/\/www.facebook.com\/people\/Rumicon-Bottle-Cigar-Shop\/100087110283303\/","https:\/\/www.instagram.com\/rumicon_bottle_cigar_shop\/","https:\/\/www.tiktok.com\/@rumicon2022"]}]}},"_links":{"self":[{"href":"https:\/\/www.rumicon.sk\/hu\/wp-json\/wp\/v2\/product\/9562","targetHints":{"allow":["GET"]}}],"collection":[{"href":"https:\/\/www.rumicon.sk\/hu\/wp-json\/wp\/v2\/product"}],"about":[{"href":"https:\/\/www.rumicon.sk\/hu\/wp-json\/wp\/v2\/types\/product"}],"replies":[{"embeddable":true,"href":"https:\/\/www.rumicon.sk\/hu\/wp-json\/wp\/v2\/comments?post=9562"}],"wp:featuredmedia":[{"embeddable":true,"href":"https:\/\/www.rumicon.sk\/hu\/wp-json\/wp\/v2\/media\/9564"}],"wp:attachment":[{"href":"https:\/\/www.rumicon.sk\/hu\/wp-json\/wp\/v2\/media?parent=9562"}],"wp:term":[{"taxonomy":"product_brand","embeddable":true,"href":"https:\/\/www.rumicon.sk\/hu\/wp-json\/wp\/v2\/product_brand?post=9562"},{"taxonomy":"product_cat","embeddable":true,"href":"https:\/\/www.rumicon.sk\/hu\/wp-json\/wp\/v2\/product_cat?post=9562"},{"taxonomy":"product_tag","embeddable":true,"href":"https:\/\/www.rumicon.sk\/hu\/wp-json\/wp\/v2\/product_tag?post=9562"}],"curies":[{"name":"wp","href":"https:\/\/api.w.org\/{rel}","templated":true}]}}