{"id":9550,"date":"2025-11-06T11:46:52","date_gmt":"2025-11-06T10:46:52","guid":{"rendered":"https:\/\/www.rumicon.sk\/?post_type=product&#038;p=9550"},"modified":"2026-04-08T14:24:32","modified_gmt":"2026-04-08T12:24:32","slug":"kristoff-veinte-20th-ann-toro-20-165g","status":"publish","type":"product","link":"https:\/\/www.rumicon.sk\/hu\/produkt\/kristoff-veinte-20th-ann-toro-20-165g\/","title":{"rendered":"KRISTOFF Veinte 20th Ann. Toro \/20\/ 16,5g"},"content":{"rendered":"<h3 data-section-id=\"vp2loy\" data-start=\"652\" data-end=\"693\"><strong>KRISTOFF Veinte 20th Anniversary 6\u00d760<\/strong><\/h3>\n<p data-start=\"695\" data-end=\"897\">A Kristoff Veinte a 20. \u00e9vfordul\u00f3ra k\u00e9sz\u00fclt, er\u0151s, telt szivar gazdag komplexit\u00e1ssal. N\u00e9gy k\u00fcl\u00f6nb\u00f6z\u0151 orsz\u00e1gb\u00f3l sz\u00e1rmaz\u00f3 doh\u00e1nykever\u00e9kb\u0151l k\u00e9sz\u00fcl, \u00e9s s\u00f6t\u00e9t, csokol\u00e1d\u00e9barna maduro fed\u0151lev\u00e9llel rendelkezik.<\/p>\n<p data-start=\"899\" data-end=\"952\"><strong data-start=\"899\" data-end=\"912\">\u00cdzprofil: <\/strong>csokol\u00e1d\u00e9, f\u0171szerek, p\u00f6rk\u00f6lt jegyek<\/p>\n<p data-start=\"954\" data-end=\"979\"><strong data-start=\"954\" data-end=\"968\">Fed\u0151lev\u00e9l: <\/strong>maduro<\/p>\n<p data-start=\"981\" data-end=\"1009\"><strong data-start=\"981\" data-end=\"995\">K\u00f6t\u0151lev\u00e9l: <\/strong>Indon\u00e9zia<\/p>\n<p data-start=\"1011\" data-end=\"1058\"><strong data-start=\"1011\" data-end=\"1024\">T\u00f6ltel\u00e9k: <\/strong>Nicaragua, USA (Pennsylvania)<\/p>\n<h3 data-section-id=\"1ros50v\" data-start=\"1065\" data-end=\"1076\"><strong>M\u00e9retek<\/strong><\/h3>\n<ul data-start=\"1077\" data-end=\"1112\">\n<li data-section-id=\"1hpkjnd\" data-start=\"1077\" data-end=\"1094\">\n<p data-start=\"1079\" data-end=\"1094\">Hossz: 152 mm<\/p>\n<\/li>\n<li data-section-id=\"tgkr1i\" data-start=\"1095\" data-end=\"1112\">\n<p data-start=\"1097\" data-end=\"1112\">\u00c1tm\u00e9r\u0151: 24 mm<\/p>\n<\/li>\n<\/ul>\n<h3 data-section-id=\"1qr1j9g\" data-start=\"1119\" data-end=\"1140\"><strong>Tov\u00e1bbi jellemz\u0151k<\/strong><\/h3>\n<ul data-start=\"1141\" data-end=\"1204\">\n<li data-section-id=\"adr7ad\" data-start=\"1141\" data-end=\"1182\">\n<p data-start=\"1143\" data-end=\"1182\">\u00cdzvil\u00e1g: csokol\u00e1d\u00e9, f\u0171szeres, p\u00f6rk\u00f6lt<\/p>\n<\/li>\n<li data-section-id=\"t8rzqt\" data-start=\"1183\" data-end=\"1204\">\n<p data-start=\"1185\" data-end=\"1204\">Er\u0151ss\u00e9g: 5 \u2013 telt<\/p>\n<\/li>\n<\/ul>\n","protected":false},"excerpt":{"rendered":"<p>KRISTOFF Veinte 20th Anniversary 6\u00d760 A Kristoff Veinte a 20. \u00e9vfordul\u00f3ra k\u00e9sz\u00fclt, er\u0151s, telt szivar gazdag komplexit\u00e1ssal. N\u00e9gy k\u00fcl\u00f6nb\u00f6z\u0151 orsz\u00e1gb\u00f3l sz\u00e1rmaz\u00f3 doh\u00e1nykever\u00e9kb\u0151l k\u00e9sz\u00fcl, \u00e9s s\u00f6t\u00e9t, csokol\u00e1d\u00e9barna maduro fed\u0151lev\u00e9llel rendelkezik. \u00cdzprofil: csokol\u00e1d\u00e9, f\u0171szerek, p\u00f6rk\u00f6lt jegyek Fed\u0151lev\u00e9l: maduro K\u00f6t\u0151lev\u00e9l: Indon\u00e9zia T\u00f6ltel\u00e9k: Nicaragua, USA (Pennsylvania) M\u00e9retek Hossz: 152 mm \u00c1tm\u00e9r\u0151: 24 mm Tov\u00e1bbi jellemz\u0151k \u00cdzvil\u00e1g: csokol\u00e1d\u00e9, f\u0171szeres, p\u00f6rk\u00f6lt [&#8230;]\n","protected":false},"featured_media":9552,"comment_status":"closed","ping_status":"closed","template":"","meta":{"_acf_changed":false},"product_brand":[],"product_cat":[584],"product_tag":[1555,1554],"class_list":{"0":"post-9550","1":"product","2":"type-product","3":"status-publish","4":"has-post-thumbnail","6":"product_cat-szivarok","7":"product_tag-kezzel-keszitett-szivar","8":"product_tag-luxus-elmeny","9":"pa_krajina-povodu-nicaragua","10":"pa_krajina-povodu-usa-hu","12":"first","13":"instock","14":"taxable","15":"shipping-taxable","16":"purchasable","17":"product-type-simple"},"acf":[],"yoast_head":"<!-- This site is optimized with the Yoast SEO plugin v27.0 - https:\/\/yoast.com\/product\/yoast-seo-wordpress\/ -->\n<title>KRISTOFF Veinte 20th Ann. Toro \/20\/ 16,5g - rumicon.sk<\/title>\n<meta name=\"robots\" content=\"index, follow, max-snippet:-1, max-image-preview:large, max-video-preview:-1\" \/>\n<link rel=\"canonical\" href=\"https:\/\/www.rumicon.sk\/hu\/produkt\/kristoff-veinte-20th-ann-toro-20-165g\/\" \/>\n<meta property=\"og:locale\" content=\"hu_HU\" \/>\n<meta property=\"og:type\" content=\"article\" \/>\n<meta property=\"og:title\" content=\"KRISTOFF Veinte 20th Ann. Toro \/20\/ 16,5g - rumicon.sk\" \/>\n<meta property=\"og:description\" content=\"KRISTOFF Veinte 20th Anniversary 6\u00d760 A Kristoff Veinte a 20. \u00e9vfordul\u00f3ra k\u00e9sz\u00fclt, er\u0151s, telt szivar gazdag komplexit\u00e1ssal. N\u00e9gy k\u00fcl\u00f6nb\u00f6z\u0151 orsz\u00e1gb\u00f3l sz\u00e1rmaz\u00f3 doh\u00e1nykever\u00e9kb\u0151l k\u00e9sz\u00fcl, \u00e9s s\u00f6t\u00e9t, csokol\u00e1d\u00e9barna maduro fed\u0151lev\u00e9llel rendelkezik. \u00cdzprofil: csokol\u00e1d\u00e9, f\u0171szerek, p\u00f6rk\u00f6lt jegyek Fed\u0151lev\u00e9l: maduro K\u00f6t\u0151lev\u00e9l: Indon\u00e9zia T\u00f6ltel\u00e9k: Nicaragua, USA (Pennsylvania) M\u00e9retek Hossz: 152 mm \u00c1tm\u00e9r\u0151: 24 mm Tov\u00e1bbi jellemz\u0151k \u00cdzvil\u00e1g: csokol\u00e1d\u00e9, f\u0171szeres, p\u00f6rk\u00f6lt [...]\" \/>\n<meta property=\"og:url\" content=\"https:\/\/www.rumicon.sk\/hu\/produkt\/kristoff-veinte-20th-ann-toro-20-165g\/\" \/>\n<meta property=\"og:site_name\" content=\"rumicon.sk\" \/>\n<meta property=\"article:publisher\" content=\"https:\/\/www.facebook.com\/people\/Rumicon-Bottle-Cigar-Shop\/100087110283303\/\" \/>\n<meta property=\"article:modified_time\" content=\"2026-04-08T12:24:32+00:00\" \/>\n<meta property=\"og:image\" content=\"https:\/\/www.rumicon.sk\/wp-content\/uploads\/Dictador-Pavo-Real-Grande-Robusto.jpg\" \/>\n<meta name=\"twitter:card\" content=\"summary_large_image\" \/>\n<meta name=\"twitter:label1\" content=\"Becs\u00fclt olvas\u00e1si id\u0151\" \/>\n\t<meta name=\"twitter:data1\" content=\"1 perc\" \/>\n<script type=\"application\/ld+json\" class=\"yoast-schema-graph\">{\"@context\":\"https:\/\/schema.org\",\"@graph\":[{\"@type\":\"WebPage\",\"@id\":\"https:\/\/www.rumicon.sk\/hu\/produkt\/kristoff-veinte-20th-ann-toro-20-165g\/\",\"url\":\"https:\/\/www.rumicon.sk\/hu\/produkt\/kristoff-veinte-20th-ann-toro-20-165g\/\",\"name\":\"KRISTOFF Veinte 20th Ann. Toro \/20\/ 16,5g - rumicon.sk\",\"isPartOf\":{\"@id\":\"https:\/\/www.rumicon.sk\/hu\/#website\"},\"primaryImageOfPage\":{\"@id\":\"https:\/\/www.rumicon.sk\/hu\/produkt\/kristoff-veinte-20th-ann-toro-20-165g\/#primaryimage\"},\"image\":{\"@id\":\"https:\/\/www.rumicon.sk\/hu\/produkt\/kristoff-veinte-20th-ann-toro-20-165g\/#primaryimage\"},\"thumbnailUrl\":\"https:\/\/www.rumicon.sk\/wp-content\/uploads\/KRISTOFF-Veinte-20th-Anniversary-Toro-box-700x700-1.jpg\",\"datePublished\":\"2025-11-06T10:46:52+00:00\",\"dateModified\":\"2026-04-08T12:24:32+00:00\",\"breadcrumb\":{\"@id\":\"https:\/\/www.rumicon.sk\/hu\/produkt\/kristoff-veinte-20th-ann-toro-20-165g\/#breadcrumb\"},\"inLanguage\":\"hu\",\"potentialAction\":[{\"@type\":\"ReadAction\",\"target\":[\"https:\/\/www.rumicon.sk\/hu\/produkt\/kristoff-veinte-20th-ann-toro-20-165g\/\"]}]},{\"@type\":\"ImageObject\",\"inLanguage\":\"hu\",\"@id\":\"https:\/\/www.rumicon.sk\/hu\/produkt\/kristoff-veinte-20th-ann-toro-20-165g\/#primaryimage\",\"url\":\"https:\/\/www.rumicon.sk\/wp-content\/uploads\/KRISTOFF-Veinte-20th-Anniversary-Toro-box-700x700-1.jpg\",\"contentUrl\":\"https:\/\/www.rumicon.sk\/wp-content\/uploads\/KRISTOFF-Veinte-20th-Anniversary-Toro-box-700x700-1.jpg\",\"width\":700,\"height\":700,\"caption\":\"Kristoff Veinte 20th Anniversary Toro\"},{\"@type\":\"BreadcrumbList\",\"@id\":\"https:\/\/www.rumicon.sk\/hu\/produkt\/kristoff-veinte-20th-ann-toro-20-165g\/#breadcrumb\",\"itemListElement\":[{\"@type\":\"ListItem\",\"position\":1,\"name\":\"Home\",\"item\":\"https:\/\/www.rumicon.sk\/hu\/home\/\"},{\"@type\":\"ListItem\",\"position\":2,\"name\":\"Web\u00e1ruh\u00e1z\",\"item\":\"https:\/\/www.rumicon.sk\/hu\/webaruhaz\/\"},{\"@type\":\"ListItem\",\"position\":3,\"name\":\"KRISTOFF Veinte 20th Ann. Toro \/20\/ 16,5g\"}]},{\"@type\":\"WebSite\",\"@id\":\"https:\/\/www.rumicon.sk\/hu\/#website\",\"url\":\"https:\/\/www.rumicon.sk\/hu\/\",\"name\":\"rumicon.sk\",\"description\":\"\",\"publisher\":{\"@id\":\"https:\/\/www.rumicon.sk\/hu\/#organization\"},\"potentialAction\":[{\"@type\":\"SearchAction\",\"target\":{\"@type\":\"EntryPoint\",\"urlTemplate\":\"https:\/\/www.rumicon.sk\/hu\/?s={search_term_string}\"},\"query-input\":{\"@type\":\"PropertyValueSpecification\",\"valueRequired\":true,\"valueName\":\"search_term_string\"}}],\"inLanguage\":\"hu\"},{\"@type\":\"Organization\",\"@id\":\"https:\/\/www.rumicon.sk\/hu\/#organization\",\"name\":\"rumicon.sk\",\"url\":\"https:\/\/www.rumicon.sk\/hu\/\",\"logo\":{\"@type\":\"ImageObject\",\"inLanguage\":\"hu\",\"@id\":\"https:\/\/www.rumicon.sk\/hu\/#\/schema\/logo\/image\/\",\"url\":\"https:\/\/www.rumicon.sk\/wp-content\/uploads\/logo-rumicon-bcs-color.png\",\"contentUrl\":\"https:\/\/www.rumicon.sk\/wp-content\/uploads\/logo-rumicon-bcs-color.png\",\"width\":827,\"height\":278,\"caption\":\"rumicon.sk\"},\"image\":{\"@id\":\"https:\/\/www.rumicon.sk\/hu\/#\/schema\/logo\/image\/\"},\"sameAs\":[\"https:\/\/www.facebook.com\/people\/Rumicon-Bottle-Cigar-Shop\/100087110283303\/\",\"https:\/\/www.instagram.com\/rumicon_bottle_cigar_shop\/\",\"https:\/\/www.tiktok.com\/@rumicon2022\"]}]}<\/script>\n<!-- \/ Yoast SEO plugin. -->","yoast_head_json":{"title":"KRISTOFF Veinte 20th Ann. Toro \/20\/ 16,5g - rumicon.sk","robots":{"index":"index","follow":"follow","max-snippet":"max-snippet:-1","max-image-preview":"max-image-preview:large","max-video-preview":"max-video-preview:-1"},"canonical":"https:\/\/www.rumicon.sk\/hu\/produkt\/kristoff-veinte-20th-ann-toro-20-165g\/","og_locale":"hu_HU","og_type":"article","og_title":"KRISTOFF Veinte 20th Ann. Toro \/20\/ 16,5g - rumicon.sk","og_description":"KRISTOFF Veinte 20th Anniversary 6\u00d760 A Kristoff Veinte a 20. \u00e9vfordul\u00f3ra k\u00e9sz\u00fclt, er\u0151s, telt szivar gazdag komplexit\u00e1ssal. N\u00e9gy k\u00fcl\u00f6nb\u00f6z\u0151 orsz\u00e1gb\u00f3l sz\u00e1rmaz\u00f3 doh\u00e1nykever\u00e9kb\u0151l k\u00e9sz\u00fcl, \u00e9s s\u00f6t\u00e9t, csokol\u00e1d\u00e9barna maduro fed\u0151lev\u00e9llel rendelkezik. \u00cdzprofil: csokol\u00e1d\u00e9, f\u0171szerek, p\u00f6rk\u00f6lt jegyek Fed\u0151lev\u00e9l: maduro K\u00f6t\u0151lev\u00e9l: Indon\u00e9zia T\u00f6ltel\u00e9k: Nicaragua, USA (Pennsylvania) M\u00e9retek Hossz: 152 mm \u00c1tm\u00e9r\u0151: 24 mm Tov\u00e1bbi jellemz\u0151k \u00cdzvil\u00e1g: csokol\u00e1d\u00e9, f\u0171szeres, p\u00f6rk\u00f6lt [...]","og_url":"https:\/\/www.rumicon.sk\/hu\/produkt\/kristoff-veinte-20th-ann-toro-20-165g\/","og_site_name":"rumicon.sk","article_publisher":"https:\/\/www.facebook.com\/people\/Rumicon-Bottle-Cigar-Shop\/100087110283303\/","article_modified_time":"2026-04-08T12:24:32+00:00","og_image":[{"url":"https:\/\/www.rumicon.sk\/wp-content\/uploads\/Dictador-Pavo-Real-Grande-Robusto.jpg","type":"","width":"","height":""}],"twitter_card":"summary_large_image","twitter_misc":{"Becs\u00fclt olvas\u00e1si id\u0151":"1 perc"},"schema":{"@context":"https:\/\/schema.org","@graph":[{"@type":"WebPage","@id":"https:\/\/www.rumicon.sk\/hu\/produkt\/kristoff-veinte-20th-ann-toro-20-165g\/","url":"https:\/\/www.rumicon.sk\/hu\/produkt\/kristoff-veinte-20th-ann-toro-20-165g\/","name":"KRISTOFF Veinte 20th Ann. Toro \/20\/ 16,5g - rumicon.sk","isPartOf":{"@id":"https:\/\/www.rumicon.sk\/hu\/#website"},"primaryImageOfPage":{"@id":"https:\/\/www.rumicon.sk\/hu\/produkt\/kristoff-veinte-20th-ann-toro-20-165g\/#primaryimage"},"image":{"@id":"https:\/\/www.rumicon.sk\/hu\/produkt\/kristoff-veinte-20th-ann-toro-20-165g\/#primaryimage"},"thumbnailUrl":"https:\/\/www.rumicon.sk\/wp-content\/uploads\/KRISTOFF-Veinte-20th-Anniversary-Toro-box-700x700-1.jpg","datePublished":"2025-11-06T10:46:52+00:00","dateModified":"2026-04-08T12:24:32+00:00","breadcrumb":{"@id":"https:\/\/www.rumicon.sk\/hu\/produkt\/kristoff-veinte-20th-ann-toro-20-165g\/#breadcrumb"},"inLanguage":"hu","potentialAction":[{"@type":"ReadAction","target":["https:\/\/www.rumicon.sk\/hu\/produkt\/kristoff-veinte-20th-ann-toro-20-165g\/"]}]},{"@type":"ImageObject","inLanguage":"hu","@id":"https:\/\/www.rumicon.sk\/hu\/produkt\/kristoff-veinte-20th-ann-toro-20-165g\/#primaryimage","url":"https:\/\/www.rumicon.sk\/wp-content\/uploads\/KRISTOFF-Veinte-20th-Anniversary-Toro-box-700x700-1.jpg","contentUrl":"https:\/\/www.rumicon.sk\/wp-content\/uploads\/KRISTOFF-Veinte-20th-Anniversary-Toro-box-700x700-1.jpg","width":700,"height":700,"caption":"Kristoff Veinte 20th Anniversary Toro"},{"@type":"BreadcrumbList","@id":"https:\/\/www.rumicon.sk\/hu\/produkt\/kristoff-veinte-20th-ann-toro-20-165g\/#breadcrumb","itemListElement":[{"@type":"ListItem","position":1,"name":"Home","item":"https:\/\/www.rumicon.sk\/hu\/home\/"},{"@type":"ListItem","position":2,"name":"Web\u00e1ruh\u00e1z","item":"https:\/\/www.rumicon.sk\/hu\/webaruhaz\/"},{"@type":"ListItem","position":3,"name":"KRISTOFF Veinte 20th Ann. Toro \/20\/ 16,5g"}]},{"@type":"WebSite","@id":"https:\/\/www.rumicon.sk\/hu\/#website","url":"https:\/\/www.rumicon.sk\/hu\/","name":"rumicon.sk","description":"","publisher":{"@id":"https:\/\/www.rumicon.sk\/hu\/#organization"},"potentialAction":[{"@type":"SearchAction","target":{"@type":"EntryPoint","urlTemplate":"https:\/\/www.rumicon.sk\/hu\/?s={search_term_string}"},"query-input":{"@type":"PropertyValueSpecification","valueRequired":true,"valueName":"search_term_string"}}],"inLanguage":"hu"},{"@type":"Organization","@id":"https:\/\/www.rumicon.sk\/hu\/#organization","name":"rumicon.sk","url":"https:\/\/www.rumicon.sk\/hu\/","logo":{"@type":"ImageObject","inLanguage":"hu","@id":"https:\/\/www.rumicon.sk\/hu\/#\/schema\/logo\/image\/","url":"https:\/\/www.rumicon.sk\/wp-content\/uploads\/logo-rumicon-bcs-color.png","contentUrl":"https:\/\/www.rumicon.sk\/wp-content\/uploads\/logo-rumicon-bcs-color.png","width":827,"height":278,"caption":"rumicon.sk"},"image":{"@id":"https:\/\/www.rumicon.sk\/hu\/#\/schema\/logo\/image\/"},"sameAs":["https:\/\/www.facebook.com\/people\/Rumicon-Bottle-Cigar-Shop\/100087110283303\/","https:\/\/www.instagram.com\/rumicon_bottle_cigar_shop\/","https:\/\/www.tiktok.com\/@rumicon2022"]}]}},"_links":{"self":[{"href":"https:\/\/www.rumicon.sk\/hu\/wp-json\/wp\/v2\/product\/9550","targetHints":{"allow":["GET"]}}],"collection":[{"href":"https:\/\/www.rumicon.sk\/hu\/wp-json\/wp\/v2\/product"}],"about":[{"href":"https:\/\/www.rumicon.sk\/hu\/wp-json\/wp\/v2\/types\/product"}],"replies":[{"embeddable":true,"href":"https:\/\/www.rumicon.sk\/hu\/wp-json\/wp\/v2\/comments?post=9550"}],"wp:featuredmedia":[{"embeddable":true,"href":"https:\/\/www.rumicon.sk\/hu\/wp-json\/wp\/v2\/media\/9552"}],"wp:attachment":[{"href":"https:\/\/www.rumicon.sk\/hu\/wp-json\/wp\/v2\/media?parent=9550"}],"wp:term":[{"taxonomy":"product_brand","embeddable":true,"href":"https:\/\/www.rumicon.sk\/hu\/wp-json\/wp\/v2\/product_brand?post=9550"},{"taxonomy":"product_cat","embeddable":true,"href":"https:\/\/www.rumicon.sk\/hu\/wp-json\/wp\/v2\/product_cat?post=9550"},{"taxonomy":"product_tag","embeddable":true,"href":"https:\/\/www.rumicon.sk\/hu\/wp-json\/wp\/v2\/product_tag?post=9550"}],"curies":[{"name":"wp","href":"https:\/\/api.w.org\/{rel}","templated":true}]}}