{"id":9540,"date":"2025-11-05T17:20:14","date_gmt":"2025-11-05T16:20:14","guid":{"rendered":"https:\/\/www.rumicon.sk\/?post_type=product&#038;p=9540"},"modified":"2025-11-05T17:28:29","modified_gmt":"2025-11-05T16:28:29","slug":"planteray-single-cask-barbados-2016-amarone-boroshordo-451-07l-rumicon-edition-kopia","status":"publish","type":"product","link":"https:\/\/www.rumicon.sk\/hu\/produkt\/planteray-single-cask-barbados-2016-amarone-boroshordo-451-07l-rumicon-edition-kopia\/","title":{"rendered":"Planteray Single Cask Barbados 2016, Amaro..."},"content":{"rendered":"<div class=\"flex-shrink-0 flex flex-col relative items-end\">\n<div>\n<div class=\"pt-0\">\n<div class=\"gizmo-bot-avatar flex h-8 w-8 items-center justify-center overflow-hidden rounded-full\"><\/div>\n<\/div>\n<\/div>\n<\/div>\n<div class=\"group\/conversation-turn relative flex w-full min-w-0 flex-col agent-turn\">\n<div class=\"flex-col gap-1 md:gap-3\">\n<div class=\"flex max-w-full flex-col flex-grow\">\n<div class=\"min-h-8 text-message flex w-full flex-col items-end gap-2 whitespace-normal break-words [.text-message+&amp;]:mt-5\" dir=\"auto\" data-message-author-role=\"assistant\" data-message-id=\"915db560-a1b5-43c5-80c5-c2933e90cddd\">\n<div class=\"flex w-full flex-col gap-1 empty:hidden first:pt-[3px]\">\n<div class=\"markdown prose w-full break-words dark:prose-invert light\">\n<p>A Planteray Single Cask Barbados 2016, Amarone boroshord\u00f3 45,1% egy k\u00fcl\u00f6nleges, limit\u00e1lt kiad\u00e1s\u00fa, Barbadoson k\u00e9sz\u00fclt rum. Ezt a rumot 2016-ban desztill\u00e1lt\u00e1k, majd Amarone boroshord\u00f3ban \u00e9rlelt\u00e9k, ami egyedi karaktert k\u00f6lcs\u00f6n\u00f6z neki. Az Amarone boroshord\u00f3ban t\u00f6rt\u00e9n\u0151 \u00e9rlel\u00e9snek k\u00f6sz\u00f6nhet\u0151en a rum gy\u00fcm\u00f6lcs\u00f6s \u00e9s boros jegyeket, valamint van\u00edli\u00e1s \u00e9s f\u0171szeres jegyeket tartalmaz, amelyek harmonikusan kieg\u00e9sz\u00edtik a barbadosi rum klasszikus jelleg\u00e9t. A 45,1 %-os alkoholtartalommal er\u0151s, de kiegyens\u00falyozott \u00edz\u00e9lm\u00e9nyt ny\u00fajt, k\u00fcl\u00f6n\u00f6sen azok sz\u00e1m\u00e1ra, akik a k\u00fcl\u00f6nleges hord\u00f3s \u00e9rlel\u00e9st kedvelik. Ebb\u0151l a limit\u00e1lt kiad\u00e1sb\u00f3l mind\u00f6ssze 102 darab k\u00e9sz\u00fcl!    <\/p>\n<p>A k\u00e9p illusztr\u00e1ci\u00f3, mi m\u00e1s sz\u00e1mokat k\u00fcld\u00fcnk!<\/p>\n<\/div>\n<\/div>\n<\/div>\n<\/div>\n<\/div>\n<\/div>\n","protected":false},"excerpt":{"rendered":"<p>A Planteray Single Cask Barbados 2016, Amarone boroshord\u00f3 45,1% egy k\u00fcl\u00f6nleges, limit\u00e1lt kiad\u00e1s\u00fa, Barbadoson k\u00e9sz\u00fclt rum. Ezt a rumot 2016-ban desztill\u00e1lt\u00e1k, majd Amarone boroshord\u00f3ban \u00e9rlelt\u00e9k, ami egyedi karaktert k\u00f6lcs\u00f6n\u00f6z neki. Az Amarone boroshord\u00f3ban t\u00f6rt\u00e9n\u0151 \u00e9rlel\u00e9snek k\u00f6sz\u00f6nhet\u0151en a rum gy\u00fcm\u00f6lcs\u00f6s \u00e9s boros jegyeket, valamint van\u00edli\u00e1s \u00e9s f\u0171szeres jegyeket tartalmaz, amelyek harmonikusan kieg\u00e9sz\u00edtik a barbadosi rum klasszikus [&#8230;]\n","protected":false},"featured_media":9542,"comment_status":"closed","ping_status":"closed","template":"","meta":{"_acf_changed":false},"product_brand":[],"product_cat":[930,644,483,485],"product_tag":[1155,1545,1138],"class_list":{"0":"post-9540","1":"product","2":"type-product","3":"status-publish","4":"has-post-thumbnail","6":"product_cat-gyujtoi-alkohol","7":"product_cat-hirek","8":"product_cat-rum-hu","9":"product_cat-sotet-rum","10":"product_tag-fidzsi-szigetek","11":"product_tag-korlatozott-peldanyszamu-kiadas","12":"product_tag-planteray-hu","13":"pa_druh-alkoholu-rum-hu","14":"pa_druh-alkoholu-sotet-rum","15":"pa_krajina-povodu-fidzsi-szigetek","16":"pa_objem-07-l-hu","17":"pa_rocnik-2017-hu","18":"pa_znacka-planteray-hu","20":"first","21":"instock","22":"taxable","23":"shipping-taxable","24":"purchasable","25":"product-type-simple"},"acf":[],"yoast_head":"<!-- This site is optimized with the Yoast SEO plugin v27.0 - https:\/\/yoast.com\/product\/yoast-seo-wordpress\/ -->\n<title>Planteray Single Cask Barbados 2016, Amarone Boroshord\u00f3 45,1% 0,7l Rumicon Edition (K\u00f3pia) - rumicon.sk<\/title>\n<meta name=\"robots\" content=\"index, follow, max-snippet:-1, max-image-preview:large, max-video-preview:-1\" \/>\n<link rel=\"canonical\" href=\"https:\/\/www.rumicon.sk\/hu\/produkt\/planteray-single-cask-barbados-2016-amarone-boroshordo-451-07l-rumicon-edition-kopia\/\" \/>\n<meta property=\"og:locale\" content=\"hu_HU\" \/>\n<meta property=\"og:type\" content=\"article\" \/>\n<meta property=\"og:title\" content=\"Planteray Single Cask Barbados 2016, Amarone Boroshord\u00f3 45,1% 0,7l Rumicon Edition (K\u00f3pia) - rumicon.sk\" \/>\n<meta property=\"og:description\" content=\"A Planteray Single Cask Barbados 2016, Amarone boroshord\u00f3 45,1% egy k\u00fcl\u00f6nleges, limit\u00e1lt kiad\u00e1s\u00fa, Barbadoson k\u00e9sz\u00fclt rum. Ezt a rumot 2016-ban desztill\u00e1lt\u00e1k, majd Amarone boroshord\u00f3ban \u00e9rlelt\u00e9k, ami egyedi karaktert k\u00f6lcs\u00f6n\u00f6z neki. Az Amarone boroshord\u00f3ban t\u00f6rt\u00e9n\u0151 \u00e9rlel\u00e9snek k\u00f6sz\u00f6nhet\u0151en a rum gy\u00fcm\u00f6lcs\u00f6s \u00e9s boros jegyeket, valamint van\u00edli\u00e1s \u00e9s f\u0171szeres jegyeket tartalmaz, amelyek harmonikusan kieg\u00e9sz\u00edtik a barbadosi rum klasszikus [...]\" \/>\n<meta property=\"og:url\" content=\"https:\/\/www.rumicon.sk\/hu\/produkt\/planteray-single-cask-barbados-2016-amarone-boroshordo-451-07l-rumicon-edition-kopia\/\" \/>\n<meta property=\"og:site_name\" content=\"rumicon.sk\" \/>\n<meta property=\"article:publisher\" content=\"https:\/\/www.facebook.com\/people\/Rumicon-Bottle-Cigar-Shop\/100087110283303\/\" \/>\n<meta property=\"article:modified_time\" content=\"2025-11-05T16:28:29+00:00\" \/>\n<meta property=\"og:image\" content=\"https:\/\/www.rumicon.sk\/wp-content\/uploads\/logo-rumicon-bcs-color.png\" \/>\n\t<meta property=\"og:image:width\" content=\"827\" \/>\n\t<meta property=\"og:image:height\" content=\"278\" \/>\n\t<meta property=\"og:image:type\" content=\"image\/png\" \/>\n<meta name=\"twitter:card\" content=\"summary_large_image\" \/>\n<meta name=\"twitter:label1\" content=\"Becs\u00fclt olvas\u00e1si id\u0151\" \/>\n\t<meta name=\"twitter:data1\" content=\"1 perc\" \/>\n<script type=\"application\/ld+json\" class=\"yoast-schema-graph\">{\"@context\":\"https:\/\/schema.org\",\"@graph\":[{\"@type\":\"WebPage\",\"@id\":\"https:\/\/www.rumicon.sk\/hu\/produkt\/planteray-single-cask-barbados-2016-amarone-boroshordo-451-07l-rumicon-edition-kopia\/\",\"url\":\"https:\/\/www.rumicon.sk\/hu\/produkt\/planteray-single-cask-barbados-2016-amarone-boroshordo-451-07l-rumicon-edition-kopia\/\",\"name\":\"Planteray Single Cask Barbados 2016, Amarone Boroshord\u00f3 45,1% 0,7l Rumicon Edition (K\u00f3pia) - rumicon.sk\",\"isPartOf\":{\"@id\":\"https:\/\/www.rumicon.sk\/hu\/#website\"},\"primaryImageOfPage\":{\"@id\":\"https:\/\/www.rumicon.sk\/hu\/produkt\/planteray-single-cask-barbados-2016-amarone-boroshordo-451-07l-rumicon-edition-kopia\/#primaryimage\"},\"image\":{\"@id\":\"https:\/\/www.rumicon.sk\/hu\/produkt\/planteray-single-cask-barbados-2016-amarone-boroshordo-451-07l-rumicon-edition-kopia\/#primaryimage\"},\"thumbnailUrl\":\"https:\/\/www.rumicon.sk\/wp-content\/uploads\/planteray-rum.jpg\",\"datePublished\":\"2025-11-05T16:20:14+00:00\",\"dateModified\":\"2025-11-05T16:28:29+00:00\",\"breadcrumb\":{\"@id\":\"https:\/\/www.rumicon.sk\/hu\/produkt\/planteray-single-cask-barbados-2016-amarone-boroshordo-451-07l-rumicon-edition-kopia\/#breadcrumb\"},\"inLanguage\":\"hu\",\"potentialAction\":[{\"@type\":\"ReadAction\",\"target\":[\"https:\/\/www.rumicon.sk\/hu\/produkt\/planteray-single-cask-barbados-2016-amarone-boroshordo-451-07l-rumicon-edition-kopia\/\"]}]},{\"@type\":\"ImageObject\",\"inLanguage\":\"hu\",\"@id\":\"https:\/\/www.rumicon.sk\/hu\/produkt\/planteray-single-cask-barbados-2016-amarone-boroshordo-451-07l-rumicon-edition-kopia\/#primaryimage\",\"url\":\"https:\/\/www.rumicon.sk\/wp-content\/uploads\/planteray-rum.jpg\",\"contentUrl\":\"https:\/\/www.rumicon.sk\/wp-content\/uploads\/planteray-rum.jpg\",\"width\":4419,\"height\":6250,\"caption\":\"Planteray rum\"},{\"@type\":\"BreadcrumbList\",\"@id\":\"https:\/\/www.rumicon.sk\/hu\/produkt\/planteray-single-cask-barbados-2016-amarone-boroshordo-451-07l-rumicon-edition-kopia\/#breadcrumb\",\"itemListElement\":[{\"@type\":\"ListItem\",\"position\":1,\"name\":\"Home\",\"item\":\"https:\/\/www.rumicon.sk\/hu\/home\/\"},{\"@type\":\"ListItem\",\"position\":2,\"name\":\"Web\u00e1ruh\u00e1z\",\"item\":\"https:\/\/www.rumicon.sk\/hu\/webaruhaz\/\"},{\"@type\":\"ListItem\",\"position\":3,\"name\":\"Planteray Single Cask Barbados 2016, Amaro...\"}]},{\"@type\":\"WebSite\",\"@id\":\"https:\/\/www.rumicon.sk\/hu\/#website\",\"url\":\"https:\/\/www.rumicon.sk\/hu\/\",\"name\":\"rumicon.sk\",\"description\":\"\",\"publisher\":{\"@id\":\"https:\/\/www.rumicon.sk\/hu\/#organization\"},\"potentialAction\":[{\"@type\":\"SearchAction\",\"target\":{\"@type\":\"EntryPoint\",\"urlTemplate\":\"https:\/\/www.rumicon.sk\/hu\/?s={search_term_string}\"},\"query-input\":{\"@type\":\"PropertyValueSpecification\",\"valueRequired\":true,\"valueName\":\"search_term_string\"}}],\"inLanguage\":\"hu\"},{\"@type\":\"Organization\",\"@id\":\"https:\/\/www.rumicon.sk\/hu\/#organization\",\"name\":\"rumicon.sk\",\"url\":\"https:\/\/www.rumicon.sk\/hu\/\",\"logo\":{\"@type\":\"ImageObject\",\"inLanguage\":\"hu\",\"@id\":\"https:\/\/www.rumicon.sk\/hu\/#\/schema\/logo\/image\/\",\"url\":\"https:\/\/www.rumicon.sk\/wp-content\/uploads\/logo-rumicon-bcs-color.png\",\"contentUrl\":\"https:\/\/www.rumicon.sk\/wp-content\/uploads\/logo-rumicon-bcs-color.png\",\"width\":827,\"height\":278,\"caption\":\"rumicon.sk\"},\"image\":{\"@id\":\"https:\/\/www.rumicon.sk\/hu\/#\/schema\/logo\/image\/\"},\"sameAs\":[\"https:\/\/www.facebook.com\/people\/Rumicon-Bottle-Cigar-Shop\/100087110283303\/\",\"https:\/\/www.instagram.com\/rumicon_bottle_cigar_shop\/\",\"https:\/\/www.tiktok.com\/@rumicon2022\"]}]}<\/script>\n<!-- \/ Yoast SEO plugin. -->","yoast_head_json":{"title":"Planteray Single Cask Barbados 2016, Amarone Boroshord\u00f3 45,1% 0,7l Rumicon Edition (K\u00f3pia) - rumicon.sk","robots":{"index":"index","follow":"follow","max-snippet":"max-snippet:-1","max-image-preview":"max-image-preview:large","max-video-preview":"max-video-preview:-1"},"canonical":"https:\/\/www.rumicon.sk\/hu\/produkt\/planteray-single-cask-barbados-2016-amarone-boroshordo-451-07l-rumicon-edition-kopia\/","og_locale":"hu_HU","og_type":"article","og_title":"Planteray Single Cask Barbados 2016, Amarone Boroshord\u00f3 45,1% 0,7l Rumicon Edition (K\u00f3pia) - rumicon.sk","og_description":"A Planteray Single Cask Barbados 2016, Amarone boroshord\u00f3 45,1% egy k\u00fcl\u00f6nleges, limit\u00e1lt kiad\u00e1s\u00fa, Barbadoson k\u00e9sz\u00fclt rum. Ezt a rumot 2016-ban desztill\u00e1lt\u00e1k, majd Amarone boroshord\u00f3ban \u00e9rlelt\u00e9k, ami egyedi karaktert k\u00f6lcs\u00f6n\u00f6z neki. Az Amarone boroshord\u00f3ban t\u00f6rt\u00e9n\u0151 \u00e9rlel\u00e9snek k\u00f6sz\u00f6nhet\u0151en a rum gy\u00fcm\u00f6lcs\u00f6s \u00e9s boros jegyeket, valamint van\u00edli\u00e1s \u00e9s f\u0171szeres jegyeket tartalmaz, amelyek harmonikusan kieg\u00e9sz\u00edtik a barbadosi rum klasszikus [...]","og_url":"https:\/\/www.rumicon.sk\/hu\/produkt\/planteray-single-cask-barbados-2016-amarone-boroshordo-451-07l-rumicon-edition-kopia\/","og_site_name":"rumicon.sk","article_publisher":"https:\/\/www.facebook.com\/people\/Rumicon-Bottle-Cigar-Shop\/100087110283303\/","article_modified_time":"2025-11-05T16:28:29+00:00","og_image":[{"width":827,"height":278,"url":"https:\/\/www.rumicon.sk\/wp-content\/uploads\/logo-rumicon-bcs-color.png","type":"image\/png"}],"twitter_card":"summary_large_image","twitter_misc":{"Becs\u00fclt olvas\u00e1si id\u0151":"1 perc"},"schema":{"@context":"https:\/\/schema.org","@graph":[{"@type":"WebPage","@id":"https:\/\/www.rumicon.sk\/hu\/produkt\/planteray-single-cask-barbados-2016-amarone-boroshordo-451-07l-rumicon-edition-kopia\/","url":"https:\/\/www.rumicon.sk\/hu\/produkt\/planteray-single-cask-barbados-2016-amarone-boroshordo-451-07l-rumicon-edition-kopia\/","name":"Planteray Single Cask Barbados 2016, Amarone Boroshord\u00f3 45,1% 0,7l Rumicon Edition (K\u00f3pia) - rumicon.sk","isPartOf":{"@id":"https:\/\/www.rumicon.sk\/hu\/#website"},"primaryImageOfPage":{"@id":"https:\/\/www.rumicon.sk\/hu\/produkt\/planteray-single-cask-barbados-2016-amarone-boroshordo-451-07l-rumicon-edition-kopia\/#primaryimage"},"image":{"@id":"https:\/\/www.rumicon.sk\/hu\/produkt\/planteray-single-cask-barbados-2016-amarone-boroshordo-451-07l-rumicon-edition-kopia\/#primaryimage"},"thumbnailUrl":"https:\/\/www.rumicon.sk\/wp-content\/uploads\/planteray-rum.jpg","datePublished":"2025-11-05T16:20:14+00:00","dateModified":"2025-11-05T16:28:29+00:00","breadcrumb":{"@id":"https:\/\/www.rumicon.sk\/hu\/produkt\/planteray-single-cask-barbados-2016-amarone-boroshordo-451-07l-rumicon-edition-kopia\/#breadcrumb"},"inLanguage":"hu","potentialAction":[{"@type":"ReadAction","target":["https:\/\/www.rumicon.sk\/hu\/produkt\/planteray-single-cask-barbados-2016-amarone-boroshordo-451-07l-rumicon-edition-kopia\/"]}]},{"@type":"ImageObject","inLanguage":"hu","@id":"https:\/\/www.rumicon.sk\/hu\/produkt\/planteray-single-cask-barbados-2016-amarone-boroshordo-451-07l-rumicon-edition-kopia\/#primaryimage","url":"https:\/\/www.rumicon.sk\/wp-content\/uploads\/planteray-rum.jpg","contentUrl":"https:\/\/www.rumicon.sk\/wp-content\/uploads\/planteray-rum.jpg","width":4419,"height":6250,"caption":"Planteray rum"},{"@type":"BreadcrumbList","@id":"https:\/\/www.rumicon.sk\/hu\/produkt\/planteray-single-cask-barbados-2016-amarone-boroshordo-451-07l-rumicon-edition-kopia\/#breadcrumb","itemListElement":[{"@type":"ListItem","position":1,"name":"Home","item":"https:\/\/www.rumicon.sk\/hu\/home\/"},{"@type":"ListItem","position":2,"name":"Web\u00e1ruh\u00e1z","item":"https:\/\/www.rumicon.sk\/hu\/webaruhaz\/"},{"@type":"ListItem","position":3,"name":"Planteray Single Cask Barbados 2016, Amaro..."}]},{"@type":"WebSite","@id":"https:\/\/www.rumicon.sk\/hu\/#website","url":"https:\/\/www.rumicon.sk\/hu\/","name":"rumicon.sk","description":"","publisher":{"@id":"https:\/\/www.rumicon.sk\/hu\/#organization"},"potentialAction":[{"@type":"SearchAction","target":{"@type":"EntryPoint","urlTemplate":"https:\/\/www.rumicon.sk\/hu\/?s={search_term_string}"},"query-input":{"@type":"PropertyValueSpecification","valueRequired":true,"valueName":"search_term_string"}}],"inLanguage":"hu"},{"@type":"Organization","@id":"https:\/\/www.rumicon.sk\/hu\/#organization","name":"rumicon.sk","url":"https:\/\/www.rumicon.sk\/hu\/","logo":{"@type":"ImageObject","inLanguage":"hu","@id":"https:\/\/www.rumicon.sk\/hu\/#\/schema\/logo\/image\/","url":"https:\/\/www.rumicon.sk\/wp-content\/uploads\/logo-rumicon-bcs-color.png","contentUrl":"https:\/\/www.rumicon.sk\/wp-content\/uploads\/logo-rumicon-bcs-color.png","width":827,"height":278,"caption":"rumicon.sk"},"image":{"@id":"https:\/\/www.rumicon.sk\/hu\/#\/schema\/logo\/image\/"},"sameAs":["https:\/\/www.facebook.com\/people\/Rumicon-Bottle-Cigar-Shop\/100087110283303\/","https:\/\/www.instagram.com\/rumicon_bottle_cigar_shop\/","https:\/\/www.tiktok.com\/@rumicon2022"]}]}},"_links":{"self":[{"href":"https:\/\/www.rumicon.sk\/hu\/wp-json\/wp\/v2\/product\/9540","targetHints":{"allow":["GET"]}}],"collection":[{"href":"https:\/\/www.rumicon.sk\/hu\/wp-json\/wp\/v2\/product"}],"about":[{"href":"https:\/\/www.rumicon.sk\/hu\/wp-json\/wp\/v2\/types\/product"}],"replies":[{"embeddable":true,"href":"https:\/\/www.rumicon.sk\/hu\/wp-json\/wp\/v2\/comments?post=9540"}],"wp:featuredmedia":[{"embeddable":true,"href":"https:\/\/www.rumicon.sk\/hu\/wp-json\/wp\/v2\/media\/9542"}],"wp:attachment":[{"href":"https:\/\/www.rumicon.sk\/hu\/wp-json\/wp\/v2\/media?parent=9540"}],"wp:term":[{"taxonomy":"product_brand","embeddable":true,"href":"https:\/\/www.rumicon.sk\/hu\/wp-json\/wp\/v2\/product_brand?post=9540"},{"taxonomy":"product_cat","embeddable":true,"href":"https:\/\/www.rumicon.sk\/hu\/wp-json\/wp\/v2\/product_cat?post=9540"},{"taxonomy":"product_tag","embeddable":true,"href":"https:\/\/www.rumicon.sk\/hu\/wp-json\/wp\/v2\/product_tag?post=9540"}],"curies":[{"name":"wp","href":"https:\/\/api.w.org\/{rel}","templated":true}]}}