{"id":9387,"date":"2025-10-27T10:28:46","date_gmt":"2025-10-27T09:28:46","guid":{"rendered":"https:\/\/www.rumicon.sk\/?post_type=product&#038;p=9387"},"modified":"2026-04-08T14:20:52","modified_gmt":"2026-04-08T12:20:52","slug":"gurkha-royal-challenge-tubos","status":"publish","type":"product","link":"https:\/\/www.rumicon.sk\/hu\/produkt\/gurkha-royal-challenge-tubos\/","title":{"rendered":"Gurkha Royal Challenge Tubos"},"content":{"rendered":"<p><strong>A Gurkha Royal Challenge Robusto<\/strong> egy <strong>pr\u00e9mium k\u00e9zzel k\u00e9sz\u00edtett szivar<\/strong>, amely <strong>sima, kr\u00e9mes \u00e9s t\u00f6k\u00e9letesen kiegyens\u00falyozott \u00e9lm\u00e9nyt<\/strong> ny\u00fajt. Az <strong>ecuadori Connecticut burkolat<\/strong> simas\u00e1got k\u00f6lcs\u00f6n\u00f6z neki, m\u00edg a <strong>nicaraguai k\u00f6t\u0151anyag \u00e9s a nicaraguai \u00e9s hondurasi long-filler doh\u00e1nyok kombin\u00e1ci\u00f3ja<\/strong> gazdag \u00edzpalett\u00e1t biztos\u00edt finom f\u0171szeres \u00e9s f\u00e1s jegyekkel.<\/p>\n<p><strong>\u00cdz:<\/strong> kr\u00e9mes \u00e9s l\u00e1gy, <strong>vajas van\u00edlia, di\u00f3, finom f\u0171szerek \u00e9s t\u00f6lgyfa jegy<\/strong>eivel.<br \/>\n<strong>Illat:<\/strong> kellemes, finom \u00e9des \u00e9s f\u00e1s jegyekkel.<\/p>\n<p><strong>\u00c9rdekess\u00e9g:<\/strong> Ez a szivar <strong>ide\u00e1lis kezd\u0151knek \u00e9s tapasztalt doh\u00e1nyosoknak<\/strong> egyar\u00e1nt, mivel <strong>finom, m\u00e9gis testes \u00edzprofilt<\/strong> k\u00edn\u00e1l. Ez a <strong>Gurkha egyik legn\u00e9pszer\u0171bb szivarja<\/strong>, mivel t\u00f6k\u00e9letes egyens\u00falyt teremt a simas\u00e1g \u00e9s a komplexit\u00e1s k\u00f6z\u00f6tt.<\/p>\n","protected":false},"excerpt":{"rendered":"<p><strong>A Gurkha Royal Challenge Robusto<\/strong> egy luxus, <strong>k\u00e9zzel k\u00e9sz\u00edtett szivar<\/strong>, <strong>ecuadori Connecticut bor\u00edt\u00f3val \u00e9s nicaraguai doh\u00e1nnyal<\/strong>, amely <strong>kr\u00e9mes \u00e9s finoman f\u0171szeres \u00edzt<\/strong> k\u00edn\u00e1l. T\u00f6k\u00e9letes azok sz\u00e1m\u00e1ra, akik <strong>sima, kiegyens\u00falyozott \u00e9s kifinomult \u00e9lm\u00e9nyt<\/strong> keresnek.<\/p>\n","protected":false},"featured_media":9389,"comment_status":"closed","ping_status":"closed","template":"","meta":{"_acf_changed":false},"product_brand":[],"product_cat":[584],"product_tag":[1555,1553],"class_list":{"0":"post-9387","1":"product","2":"type-product","3":"status-publish","4":"has-post-thumbnail","6":"product_cat-szivarok","7":"product_tag-kezzel-keszitett-szivar","8":"product_tag-premium-szivar","9":"pa_krajina-povodu-nicaragua-es-honduras","11":"first","12":"instock","13":"taxable","14":"shipping-taxable","15":"purchasable","16":"product-type-simple"},"acf":[],"yoast_head":"<!-- This site is optimized with the Yoast SEO plugin v27.0 - https:\/\/yoast.com\/product\/yoast-seo-wordpress\/ -->\n<title>Gurkha Royal Challenge Tubos - rumicon.sk<\/title>\n<meta name=\"robots\" content=\"index, follow, max-snippet:-1, max-image-preview:large, max-video-preview:-1\" \/>\n<link rel=\"canonical\" href=\"https:\/\/www.rumicon.sk\/hu\/produkt\/gurkha-royal-challenge-tubos\/\" \/>\n<meta property=\"og:locale\" content=\"hu_HU\" \/>\n<meta property=\"og:type\" content=\"article\" \/>\n<meta property=\"og:title\" content=\"Gurkha Royal Challenge Tubos - rumicon.sk\" \/>\n<meta property=\"og:description\" content=\"A Gurkha Royal Challenge Robusto egy luxus, k\u00e9zzel k\u00e9sz\u00edtett szivar, ecuadori Connecticut bor\u00edt\u00f3val \u00e9s nicaraguai doh\u00e1nnyal, amely kr\u00e9mes \u00e9s finoman f\u0171szeres \u00edzt k\u00edn\u00e1l. T\u00f6k\u00e9letes azok sz\u00e1m\u00e1ra, akik sima, kiegyens\u00falyozott \u00e9s kifinomult \u00e9lm\u00e9nyt keresnek.\" \/>\n<meta property=\"og:url\" content=\"https:\/\/www.rumicon.sk\/hu\/produkt\/gurkha-royal-challenge-tubos\/\" \/>\n<meta property=\"og:site_name\" content=\"rumicon.sk\" \/>\n<meta property=\"article:publisher\" content=\"https:\/\/www.facebook.com\/people\/Rumicon-Bottle-Cigar-Shop\/100087110283303\/\" \/>\n<meta property=\"article:modified_time\" content=\"2026-04-08T12:20:52+00:00\" \/>\n<meta property=\"og:image\" content=\"https:\/\/www.rumicon.sk\/wp-content\/uploads\/gurkha-hotovo.jpg\" \/>\n<meta name=\"twitter:card\" content=\"summary_large_image\" \/>\n<meta name=\"twitter:label1\" content=\"Becs\u00fclt olvas\u00e1si id\u0151\" \/>\n\t<meta name=\"twitter:data1\" content=\"1 perc\" \/>\n<script type=\"application\/ld+json\" class=\"yoast-schema-graph\">{\"@context\":\"https:\/\/schema.org\",\"@graph\":[{\"@type\":\"WebPage\",\"@id\":\"https:\/\/www.rumicon.sk\/hu\/produkt\/gurkha-royal-challenge-tubos\/\",\"url\":\"https:\/\/www.rumicon.sk\/hu\/produkt\/gurkha-royal-challenge-tubos\/\",\"name\":\"Gurkha Royal Challenge Tubos - rumicon.sk\",\"isPartOf\":{\"@id\":\"https:\/\/www.rumicon.sk\/hu\/#website\"},\"primaryImageOfPage\":{\"@id\":\"https:\/\/www.rumicon.sk\/hu\/produkt\/gurkha-royal-challenge-tubos\/#primaryimage\"},\"image\":{\"@id\":\"https:\/\/www.rumicon.sk\/hu\/produkt\/gurkha-royal-challenge-tubos\/#primaryimage\"},\"thumbnailUrl\":\"https:\/\/www.rumicon.sk\/wp-content\/uploads\/gurkha-royal-challenge.jpg\",\"datePublished\":\"2025-10-27T09:28:46+00:00\",\"dateModified\":\"2026-04-08T12:20:52+00:00\",\"breadcrumb\":{\"@id\":\"https:\/\/www.rumicon.sk\/hu\/produkt\/gurkha-royal-challenge-tubos\/#breadcrumb\"},\"inLanguage\":\"hu\",\"potentialAction\":[{\"@type\":\"ReadAction\",\"target\":[\"https:\/\/www.rumicon.sk\/hu\/produkt\/gurkha-royal-challenge-tubos\/\"]}]},{\"@type\":\"ImageObject\",\"inLanguage\":\"hu\",\"@id\":\"https:\/\/www.rumicon.sk\/hu\/produkt\/gurkha-royal-challenge-tubos\/#primaryimage\",\"url\":\"https:\/\/www.rumicon.sk\/wp-content\/uploads\/gurkha-royal-challenge.jpg\",\"contentUrl\":\"https:\/\/www.rumicon.sk\/wp-content\/uploads\/gurkha-royal-challenge.jpg\",\"width\":500,\"height\":500,\"caption\":\"gurkha royal challenge\"},{\"@type\":\"BreadcrumbList\",\"@id\":\"https:\/\/www.rumicon.sk\/hu\/produkt\/gurkha-royal-challenge-tubos\/#breadcrumb\",\"itemListElement\":[{\"@type\":\"ListItem\",\"position\":1,\"name\":\"Home\",\"item\":\"https:\/\/www.rumicon.sk\/hu\/home\/\"},{\"@type\":\"ListItem\",\"position\":2,\"name\":\"Web\u00e1ruh\u00e1z\",\"item\":\"https:\/\/www.rumicon.sk\/hu\/webaruhaz\/\"},{\"@type\":\"ListItem\",\"position\":3,\"name\":\"Gurkha Royal Challenge Tubos\"}]},{\"@type\":\"WebSite\",\"@id\":\"https:\/\/www.rumicon.sk\/hu\/#website\",\"url\":\"https:\/\/www.rumicon.sk\/hu\/\",\"name\":\"rumicon.sk\",\"description\":\"\",\"publisher\":{\"@id\":\"https:\/\/www.rumicon.sk\/hu\/#organization\"},\"potentialAction\":[{\"@type\":\"SearchAction\",\"target\":{\"@type\":\"EntryPoint\",\"urlTemplate\":\"https:\/\/www.rumicon.sk\/hu\/?s={search_term_string}\"},\"query-input\":{\"@type\":\"PropertyValueSpecification\",\"valueRequired\":true,\"valueName\":\"search_term_string\"}}],\"inLanguage\":\"hu\"},{\"@type\":\"Organization\",\"@id\":\"https:\/\/www.rumicon.sk\/hu\/#organization\",\"name\":\"rumicon.sk\",\"url\":\"https:\/\/www.rumicon.sk\/hu\/\",\"logo\":{\"@type\":\"ImageObject\",\"inLanguage\":\"hu\",\"@id\":\"https:\/\/www.rumicon.sk\/hu\/#\/schema\/logo\/image\/\",\"url\":\"https:\/\/www.rumicon.sk\/wp-content\/uploads\/logo-rumicon-bcs-color.png\",\"contentUrl\":\"https:\/\/www.rumicon.sk\/wp-content\/uploads\/logo-rumicon-bcs-color.png\",\"width\":827,\"height\":278,\"caption\":\"rumicon.sk\"},\"image\":{\"@id\":\"https:\/\/www.rumicon.sk\/hu\/#\/schema\/logo\/image\/\"},\"sameAs\":[\"https:\/\/www.facebook.com\/people\/Rumicon-Bottle-Cigar-Shop\/100087110283303\/\",\"https:\/\/www.instagram.com\/rumicon_bottle_cigar_shop\/\",\"https:\/\/www.tiktok.com\/@rumicon2022\"]}]}<\/script>\n<!-- \/ Yoast SEO plugin. -->","yoast_head_json":{"title":"Gurkha Royal Challenge Tubos - rumicon.sk","robots":{"index":"index","follow":"follow","max-snippet":"max-snippet:-1","max-image-preview":"max-image-preview:large","max-video-preview":"max-video-preview:-1"},"canonical":"https:\/\/www.rumicon.sk\/hu\/produkt\/gurkha-royal-challenge-tubos\/","og_locale":"hu_HU","og_type":"article","og_title":"Gurkha Royal Challenge Tubos - rumicon.sk","og_description":"A Gurkha Royal Challenge Robusto egy luxus, k\u00e9zzel k\u00e9sz\u00edtett szivar, ecuadori Connecticut bor\u00edt\u00f3val \u00e9s nicaraguai doh\u00e1nnyal, amely kr\u00e9mes \u00e9s finoman f\u0171szeres \u00edzt k\u00edn\u00e1l. T\u00f6k\u00e9letes azok sz\u00e1m\u00e1ra, akik sima, kiegyens\u00falyozott \u00e9s kifinomult \u00e9lm\u00e9nyt keresnek.","og_url":"https:\/\/www.rumicon.sk\/hu\/produkt\/gurkha-royal-challenge-tubos\/","og_site_name":"rumicon.sk","article_publisher":"https:\/\/www.facebook.com\/people\/Rumicon-Bottle-Cigar-Shop\/100087110283303\/","article_modified_time":"2026-04-08T12:20:52+00:00","og_image":[{"url":"https:\/\/www.rumicon.sk\/wp-content\/uploads\/gurkha-hotovo.jpg","type":"","width":"","height":""}],"twitter_card":"summary_large_image","twitter_misc":{"Becs\u00fclt olvas\u00e1si id\u0151":"1 perc"},"schema":{"@context":"https:\/\/schema.org","@graph":[{"@type":"WebPage","@id":"https:\/\/www.rumicon.sk\/hu\/produkt\/gurkha-royal-challenge-tubos\/","url":"https:\/\/www.rumicon.sk\/hu\/produkt\/gurkha-royal-challenge-tubos\/","name":"Gurkha Royal Challenge Tubos - rumicon.sk","isPartOf":{"@id":"https:\/\/www.rumicon.sk\/hu\/#website"},"primaryImageOfPage":{"@id":"https:\/\/www.rumicon.sk\/hu\/produkt\/gurkha-royal-challenge-tubos\/#primaryimage"},"image":{"@id":"https:\/\/www.rumicon.sk\/hu\/produkt\/gurkha-royal-challenge-tubos\/#primaryimage"},"thumbnailUrl":"https:\/\/www.rumicon.sk\/wp-content\/uploads\/gurkha-royal-challenge.jpg","datePublished":"2025-10-27T09:28:46+00:00","dateModified":"2026-04-08T12:20:52+00:00","breadcrumb":{"@id":"https:\/\/www.rumicon.sk\/hu\/produkt\/gurkha-royal-challenge-tubos\/#breadcrumb"},"inLanguage":"hu","potentialAction":[{"@type":"ReadAction","target":["https:\/\/www.rumicon.sk\/hu\/produkt\/gurkha-royal-challenge-tubos\/"]}]},{"@type":"ImageObject","inLanguage":"hu","@id":"https:\/\/www.rumicon.sk\/hu\/produkt\/gurkha-royal-challenge-tubos\/#primaryimage","url":"https:\/\/www.rumicon.sk\/wp-content\/uploads\/gurkha-royal-challenge.jpg","contentUrl":"https:\/\/www.rumicon.sk\/wp-content\/uploads\/gurkha-royal-challenge.jpg","width":500,"height":500,"caption":"gurkha royal challenge"},{"@type":"BreadcrumbList","@id":"https:\/\/www.rumicon.sk\/hu\/produkt\/gurkha-royal-challenge-tubos\/#breadcrumb","itemListElement":[{"@type":"ListItem","position":1,"name":"Home","item":"https:\/\/www.rumicon.sk\/hu\/home\/"},{"@type":"ListItem","position":2,"name":"Web\u00e1ruh\u00e1z","item":"https:\/\/www.rumicon.sk\/hu\/webaruhaz\/"},{"@type":"ListItem","position":3,"name":"Gurkha Royal Challenge Tubos"}]},{"@type":"WebSite","@id":"https:\/\/www.rumicon.sk\/hu\/#website","url":"https:\/\/www.rumicon.sk\/hu\/","name":"rumicon.sk","description":"","publisher":{"@id":"https:\/\/www.rumicon.sk\/hu\/#organization"},"potentialAction":[{"@type":"SearchAction","target":{"@type":"EntryPoint","urlTemplate":"https:\/\/www.rumicon.sk\/hu\/?s={search_term_string}"},"query-input":{"@type":"PropertyValueSpecification","valueRequired":true,"valueName":"search_term_string"}}],"inLanguage":"hu"},{"@type":"Organization","@id":"https:\/\/www.rumicon.sk\/hu\/#organization","name":"rumicon.sk","url":"https:\/\/www.rumicon.sk\/hu\/","logo":{"@type":"ImageObject","inLanguage":"hu","@id":"https:\/\/www.rumicon.sk\/hu\/#\/schema\/logo\/image\/","url":"https:\/\/www.rumicon.sk\/wp-content\/uploads\/logo-rumicon-bcs-color.png","contentUrl":"https:\/\/www.rumicon.sk\/wp-content\/uploads\/logo-rumicon-bcs-color.png","width":827,"height":278,"caption":"rumicon.sk"},"image":{"@id":"https:\/\/www.rumicon.sk\/hu\/#\/schema\/logo\/image\/"},"sameAs":["https:\/\/www.facebook.com\/people\/Rumicon-Bottle-Cigar-Shop\/100087110283303\/","https:\/\/www.instagram.com\/rumicon_bottle_cigar_shop\/","https:\/\/www.tiktok.com\/@rumicon2022"]}]}},"_links":{"self":[{"href":"https:\/\/www.rumicon.sk\/hu\/wp-json\/wp\/v2\/product\/9387","targetHints":{"allow":["GET"]}}],"collection":[{"href":"https:\/\/www.rumicon.sk\/hu\/wp-json\/wp\/v2\/product"}],"about":[{"href":"https:\/\/www.rumicon.sk\/hu\/wp-json\/wp\/v2\/types\/product"}],"replies":[{"embeddable":true,"href":"https:\/\/www.rumicon.sk\/hu\/wp-json\/wp\/v2\/comments?post=9387"}],"wp:featuredmedia":[{"embeddable":true,"href":"https:\/\/www.rumicon.sk\/hu\/wp-json\/wp\/v2\/media\/9389"}],"wp:attachment":[{"href":"https:\/\/www.rumicon.sk\/hu\/wp-json\/wp\/v2\/media?parent=9387"}],"wp:term":[{"taxonomy":"product_brand","embeddable":true,"href":"https:\/\/www.rumicon.sk\/hu\/wp-json\/wp\/v2\/product_brand?post=9387"},{"taxonomy":"product_cat","embeddable":true,"href":"https:\/\/www.rumicon.sk\/hu\/wp-json\/wp\/v2\/product_cat?post=9387"},{"taxonomy":"product_tag","embeddable":true,"href":"https:\/\/www.rumicon.sk\/hu\/wp-json\/wp\/v2\/product_tag?post=9387"}],"curies":[{"name":"wp","href":"https:\/\/api.w.org\/{rel}","templated":true}]}}