{"id":9362,"date":"2025-10-21T15:38:31","date_gmt":"2025-10-21T13:38:31","guid":{"rendered":"https:\/\/www.rumicon.sk\/?post_type=product&#038;p=9362"},"modified":"2025-10-21T15:45:09","modified_gmt":"2025-10-21T13:45:09","slug":"rum-plantation-xo-barbados-2-pohar-07l-40-kopia","status":"publish","type":"product","link":"https:\/\/www.rumicon.sk\/hu\/produkt\/rum-plantation-xo-barbados-2-pohar-07l-40-kopia\/","title":{"rendered":"Rum Plantation XO Barbados + 2 poh\u00e1r 0,7l ..."},"content":{"rendered":"<p><strong>Illat:<\/strong> F\u0171szeres t\u00f6lgy, guava, k\u00f3kusz, ban\u00e1n, karamell.<\/p>\n<p> <strong> \u00cdzl\u00e9s:<\/strong> A kezd\u00e9s kifejezetten kr\u00e9mes, majd fokozatosan \u00e1tmegy van\u00edli\u00e1ba \u00e9s karamell\u00e1ba.<\/p>\n<p> <strong> Befejez\u00e9s:<\/strong> K\u00f6zepesen hossz\u00fa \u00e9s finom. Karamell \u00e9s \u00e9gett t\u00f6lgy. <\/p>\n","protected":false},"excerpt":{"rendered":"<p>A kiv\u00e9teles Plantation XO 20th Anniversary \u00e9rlel\u00e9s\u0171 rumot Alexandre Gabriel 20. sz\u00fclet\u00e9snapj\u00e1nak meg\u00fcnnepl\u00e9s\u00e9re k\u00e9sz\u00edtett\u00e9k, amikor Alexandre Gabriel a Maison Ferrand nev\u0171 szeszf\u0151zd\u00e9ben dolgozott.<\/p>\n","protected":false},"featured_media":9364,"comment_status":"closed","ping_status":"closed","template":"","meta":{"_acf_changed":false},"product_brand":[],"product_cat":[483,681,485],"product_tag":[1152,1115,1135],"class_list":{"0":"post-9362","1":"product","2":"type-product","3":"status-publish","4":"has-post-thumbnail","6":"product_cat-rum-hu","7":"product_cat-rum-kollekciok","8":"product_cat-sotet-rum","9":"product_tag-barbados-hu","10":"product_tag-rum-hu","11":"product_tag-sotet-rum","12":"pa_druh-alkoholu-sotet-rum","13":"pa_krajina-povodu-barbados-hu","14":"pa_objem-07-l-hu","15":"pa_obsah-alkoholu-40-hu","16":"pa_znacka-plantation-hu","18":"first","19":"instock","20":"taxable","21":"shipping-taxable","22":"purchasable","23":"product-type-simple"},"acf":[],"yoast_head":"<!-- This site is optimized with the Yoast SEO plugin v27.0 - https:\/\/yoast.com\/product\/yoast-seo-wordpress\/ -->\n<title>Rum Plantation XO Barbados + 2 poh\u00e1r 0,7l 40% (K\u00f3pia) - rumicon.sk<\/title>\n<meta name=\"robots\" content=\"index, follow, max-snippet:-1, max-image-preview:large, max-video-preview:-1\" \/>\n<link rel=\"canonical\" href=\"https:\/\/www.rumicon.sk\/hu\/produkt\/rum-plantation-xo-barbados-2-pohar-07l-40-kopia\/\" \/>\n<meta property=\"og:locale\" content=\"hu_HU\" \/>\n<meta property=\"og:type\" content=\"article\" \/>\n<meta property=\"og:title\" content=\"Rum Plantation XO Barbados + 2 poh\u00e1r 0,7l 40% (K\u00f3pia) - rumicon.sk\" \/>\n<meta property=\"og:description\" content=\"A kiv\u00e9teles Plantation XO 20th Anniversary \u00e9rlel\u00e9s\u0171 rumot Alexandre Gabriel 20. sz\u00fclet\u00e9snapj\u00e1nak meg\u00fcnnepl\u00e9s\u00e9re k\u00e9sz\u00edtett\u00e9k, amikor Alexandre Gabriel a Maison Ferrand nev\u0171 szeszf\u0151zd\u00e9ben dolgozott.\" \/>\n<meta property=\"og:url\" content=\"https:\/\/www.rumicon.sk\/hu\/produkt\/rum-plantation-xo-barbados-2-pohar-07l-40-kopia\/\" \/>\n<meta property=\"og:site_name\" content=\"rumicon.sk\" \/>\n<meta property=\"article:publisher\" content=\"https:\/\/www.facebook.com\/people\/Rumicon-Bottle-Cigar-Shop\/100087110283303\/\" \/>\n<meta property=\"article:modified_time\" content=\"2025-10-21T13:45:09+00:00\" \/>\n<meta property=\"og:image\" content=\"https:\/\/www.rumicon.sk\/wp-content\/uploads\/Plantation-Extra-Old-20th-Anniversary-2-pohare.jpg\" \/>\n<meta name=\"twitter:card\" content=\"summary_large_image\" \/>\n<script type=\"application\/ld+json\" class=\"yoast-schema-graph\">{\"@context\":\"https:\/\/schema.org\",\"@graph\":[{\"@type\":\"WebPage\",\"@id\":\"https:\/\/www.rumicon.sk\/hu\/produkt\/rum-plantation-xo-barbados-2-pohar-07l-40-kopia\/\",\"url\":\"https:\/\/www.rumicon.sk\/hu\/produkt\/rum-plantation-xo-barbados-2-pohar-07l-40-kopia\/\",\"name\":\"Rum Plantation XO Barbados + 2 poh\u00e1r 0,7l 40% (K\u00f3pia) - rumicon.sk\",\"isPartOf\":{\"@id\":\"https:\/\/www.rumicon.sk\/hu\/#website\"},\"primaryImageOfPage\":{\"@id\":\"https:\/\/www.rumicon.sk\/hu\/produkt\/rum-plantation-xo-barbados-2-pohar-07l-40-kopia\/#primaryimage\"},\"image\":{\"@id\":\"https:\/\/www.rumicon.sk\/hu\/produkt\/rum-plantation-xo-barbados-2-pohar-07l-40-kopia\/#primaryimage\"},\"thumbnailUrl\":\"https:\/\/www.rumicon.sk\/wp-content\/uploads\/planteray.png\",\"datePublished\":\"2025-10-21T13:38:31+00:00\",\"dateModified\":\"2025-10-21T13:45:09+00:00\",\"breadcrumb\":{\"@id\":\"https:\/\/www.rumicon.sk\/hu\/produkt\/rum-plantation-xo-barbados-2-pohar-07l-40-kopia\/#breadcrumb\"},\"inLanguage\":\"hu\",\"potentialAction\":[{\"@type\":\"ReadAction\",\"target\":[\"https:\/\/www.rumicon.sk\/hu\/produkt\/rum-plantation-xo-barbados-2-pohar-07l-40-kopia\/\"]}]},{\"@type\":\"ImageObject\",\"inLanguage\":\"hu\",\"@id\":\"https:\/\/www.rumicon.sk\/hu\/produkt\/rum-plantation-xo-barbados-2-pohar-07l-40-kopia\/#primaryimage\",\"url\":\"https:\/\/www.rumicon.sk\/wp-content\/uploads\/planteray.png\",\"contentUrl\":\"https:\/\/www.rumicon.sk\/wp-content\/uploads\/planteray.png\",\"width\":700,\"height\":544,\"caption\":\"Planteray XO Barbados 20th Anniversary\"},{\"@type\":\"BreadcrumbList\",\"@id\":\"https:\/\/www.rumicon.sk\/hu\/produkt\/rum-plantation-xo-barbados-2-pohar-07l-40-kopia\/#breadcrumb\",\"itemListElement\":[{\"@type\":\"ListItem\",\"position\":1,\"name\":\"Home\",\"item\":\"https:\/\/www.rumicon.sk\/hu\/home\/\"},{\"@type\":\"ListItem\",\"position\":2,\"name\":\"Web\u00e1ruh\u00e1z\",\"item\":\"https:\/\/www.rumicon.sk\/hu\/webaruhaz\/\"},{\"@type\":\"ListItem\",\"position\":3,\"name\":\"Rum Plantation XO Barbados + 2 poh\u00e1r 0,7l ...\"}]},{\"@type\":\"WebSite\",\"@id\":\"https:\/\/www.rumicon.sk\/hu\/#website\",\"url\":\"https:\/\/www.rumicon.sk\/hu\/\",\"name\":\"rumicon.sk\",\"description\":\"\",\"publisher\":{\"@id\":\"https:\/\/www.rumicon.sk\/hu\/#organization\"},\"potentialAction\":[{\"@type\":\"SearchAction\",\"target\":{\"@type\":\"EntryPoint\",\"urlTemplate\":\"https:\/\/www.rumicon.sk\/hu\/?s={search_term_string}\"},\"query-input\":{\"@type\":\"PropertyValueSpecification\",\"valueRequired\":true,\"valueName\":\"search_term_string\"}}],\"inLanguage\":\"hu\"},{\"@type\":\"Organization\",\"@id\":\"https:\/\/www.rumicon.sk\/hu\/#organization\",\"name\":\"rumicon.sk\",\"url\":\"https:\/\/www.rumicon.sk\/hu\/\",\"logo\":{\"@type\":\"ImageObject\",\"inLanguage\":\"hu\",\"@id\":\"https:\/\/www.rumicon.sk\/hu\/#\/schema\/logo\/image\/\",\"url\":\"https:\/\/www.rumicon.sk\/wp-content\/uploads\/logo-rumicon-bcs-color.png\",\"contentUrl\":\"https:\/\/www.rumicon.sk\/wp-content\/uploads\/logo-rumicon-bcs-color.png\",\"width\":827,\"height\":278,\"caption\":\"rumicon.sk\"},\"image\":{\"@id\":\"https:\/\/www.rumicon.sk\/hu\/#\/schema\/logo\/image\/\"},\"sameAs\":[\"https:\/\/www.facebook.com\/people\/Rumicon-Bottle-Cigar-Shop\/100087110283303\/\",\"https:\/\/www.instagram.com\/rumicon_bottle_cigar_shop\/\",\"https:\/\/www.tiktok.com\/@rumicon2022\"]}]}<\/script>\n<!-- \/ Yoast SEO plugin. -->","yoast_head_json":{"title":"Rum Plantation XO Barbados + 2 poh\u00e1r 0,7l 40% (K\u00f3pia) - rumicon.sk","robots":{"index":"index","follow":"follow","max-snippet":"max-snippet:-1","max-image-preview":"max-image-preview:large","max-video-preview":"max-video-preview:-1"},"canonical":"https:\/\/www.rumicon.sk\/hu\/produkt\/rum-plantation-xo-barbados-2-pohar-07l-40-kopia\/","og_locale":"hu_HU","og_type":"article","og_title":"Rum Plantation XO Barbados + 2 poh\u00e1r 0,7l 40% (K\u00f3pia) - rumicon.sk","og_description":"A kiv\u00e9teles Plantation XO 20th Anniversary \u00e9rlel\u00e9s\u0171 rumot Alexandre Gabriel 20. sz\u00fclet\u00e9snapj\u00e1nak meg\u00fcnnepl\u00e9s\u00e9re k\u00e9sz\u00edtett\u00e9k, amikor Alexandre Gabriel a Maison Ferrand nev\u0171 szeszf\u0151zd\u00e9ben dolgozott.","og_url":"https:\/\/www.rumicon.sk\/hu\/produkt\/rum-plantation-xo-barbados-2-pohar-07l-40-kopia\/","og_site_name":"rumicon.sk","article_publisher":"https:\/\/www.facebook.com\/people\/Rumicon-Bottle-Cigar-Shop\/100087110283303\/","article_modified_time":"2025-10-21T13:45:09+00:00","og_image":[{"url":"https:\/\/www.rumicon.sk\/wp-content\/uploads\/Plantation-Extra-Old-20th-Anniversary-2-pohare.jpg","type":"","width":"","height":""}],"twitter_card":"summary_large_image","schema":{"@context":"https:\/\/schema.org","@graph":[{"@type":"WebPage","@id":"https:\/\/www.rumicon.sk\/hu\/produkt\/rum-plantation-xo-barbados-2-pohar-07l-40-kopia\/","url":"https:\/\/www.rumicon.sk\/hu\/produkt\/rum-plantation-xo-barbados-2-pohar-07l-40-kopia\/","name":"Rum Plantation XO Barbados + 2 poh\u00e1r 0,7l 40% (K\u00f3pia) - rumicon.sk","isPartOf":{"@id":"https:\/\/www.rumicon.sk\/hu\/#website"},"primaryImageOfPage":{"@id":"https:\/\/www.rumicon.sk\/hu\/produkt\/rum-plantation-xo-barbados-2-pohar-07l-40-kopia\/#primaryimage"},"image":{"@id":"https:\/\/www.rumicon.sk\/hu\/produkt\/rum-plantation-xo-barbados-2-pohar-07l-40-kopia\/#primaryimage"},"thumbnailUrl":"https:\/\/www.rumicon.sk\/wp-content\/uploads\/planteray.png","datePublished":"2025-10-21T13:38:31+00:00","dateModified":"2025-10-21T13:45:09+00:00","breadcrumb":{"@id":"https:\/\/www.rumicon.sk\/hu\/produkt\/rum-plantation-xo-barbados-2-pohar-07l-40-kopia\/#breadcrumb"},"inLanguage":"hu","potentialAction":[{"@type":"ReadAction","target":["https:\/\/www.rumicon.sk\/hu\/produkt\/rum-plantation-xo-barbados-2-pohar-07l-40-kopia\/"]}]},{"@type":"ImageObject","inLanguage":"hu","@id":"https:\/\/www.rumicon.sk\/hu\/produkt\/rum-plantation-xo-barbados-2-pohar-07l-40-kopia\/#primaryimage","url":"https:\/\/www.rumicon.sk\/wp-content\/uploads\/planteray.png","contentUrl":"https:\/\/www.rumicon.sk\/wp-content\/uploads\/planteray.png","width":700,"height":544,"caption":"Planteray XO Barbados 20th Anniversary"},{"@type":"BreadcrumbList","@id":"https:\/\/www.rumicon.sk\/hu\/produkt\/rum-plantation-xo-barbados-2-pohar-07l-40-kopia\/#breadcrumb","itemListElement":[{"@type":"ListItem","position":1,"name":"Home","item":"https:\/\/www.rumicon.sk\/hu\/home\/"},{"@type":"ListItem","position":2,"name":"Web\u00e1ruh\u00e1z","item":"https:\/\/www.rumicon.sk\/hu\/webaruhaz\/"},{"@type":"ListItem","position":3,"name":"Rum Plantation XO Barbados + 2 poh\u00e1r 0,7l ..."}]},{"@type":"WebSite","@id":"https:\/\/www.rumicon.sk\/hu\/#website","url":"https:\/\/www.rumicon.sk\/hu\/","name":"rumicon.sk","description":"","publisher":{"@id":"https:\/\/www.rumicon.sk\/hu\/#organization"},"potentialAction":[{"@type":"SearchAction","target":{"@type":"EntryPoint","urlTemplate":"https:\/\/www.rumicon.sk\/hu\/?s={search_term_string}"},"query-input":{"@type":"PropertyValueSpecification","valueRequired":true,"valueName":"search_term_string"}}],"inLanguage":"hu"},{"@type":"Organization","@id":"https:\/\/www.rumicon.sk\/hu\/#organization","name":"rumicon.sk","url":"https:\/\/www.rumicon.sk\/hu\/","logo":{"@type":"ImageObject","inLanguage":"hu","@id":"https:\/\/www.rumicon.sk\/hu\/#\/schema\/logo\/image\/","url":"https:\/\/www.rumicon.sk\/wp-content\/uploads\/logo-rumicon-bcs-color.png","contentUrl":"https:\/\/www.rumicon.sk\/wp-content\/uploads\/logo-rumicon-bcs-color.png","width":827,"height":278,"caption":"rumicon.sk"},"image":{"@id":"https:\/\/www.rumicon.sk\/hu\/#\/schema\/logo\/image\/"},"sameAs":["https:\/\/www.facebook.com\/people\/Rumicon-Bottle-Cigar-Shop\/100087110283303\/","https:\/\/www.instagram.com\/rumicon_bottle_cigar_shop\/","https:\/\/www.tiktok.com\/@rumicon2022"]}]}},"_links":{"self":[{"href":"https:\/\/www.rumicon.sk\/hu\/wp-json\/wp\/v2\/product\/9362","targetHints":{"allow":["GET"]}}],"collection":[{"href":"https:\/\/www.rumicon.sk\/hu\/wp-json\/wp\/v2\/product"}],"about":[{"href":"https:\/\/www.rumicon.sk\/hu\/wp-json\/wp\/v2\/types\/product"}],"replies":[{"embeddable":true,"href":"https:\/\/www.rumicon.sk\/hu\/wp-json\/wp\/v2\/comments?post=9362"}],"wp:featuredmedia":[{"embeddable":true,"href":"https:\/\/www.rumicon.sk\/hu\/wp-json\/wp\/v2\/media\/9364"}],"wp:attachment":[{"href":"https:\/\/www.rumicon.sk\/hu\/wp-json\/wp\/v2\/media?parent=9362"}],"wp:term":[{"taxonomy":"product_brand","embeddable":true,"href":"https:\/\/www.rumicon.sk\/hu\/wp-json\/wp\/v2\/product_brand?post=9362"},{"taxonomy":"product_cat","embeddable":true,"href":"https:\/\/www.rumicon.sk\/hu\/wp-json\/wp\/v2\/product_cat?post=9362"},{"taxonomy":"product_tag","embeddable":true,"href":"https:\/\/www.rumicon.sk\/hu\/wp-json\/wp\/v2\/product_tag?post=9362"}],"curies":[{"name":"wp","href":"https:\/\/api.w.org\/{rel}","templated":true}]}}