{"id":9352,"date":"2025-10-20T17:05:05","date_gmt":"2025-10-20T15:05:05","guid":{"rendered":"https:\/\/www.rumicon.sk\/?post_type=product&#038;p=9352"},"modified":"2026-04-08T14:27:07","modified_gmt":"2026-04-08T12:27:07","slug":"szivarok-essenze-c-20db-doboz-184g","status":"publish","type":"product","link":"https:\/\/www.rumicon.sk\/hu\/produkt\/szivarok-essenze-c-20db-doboz-184g\/","title":{"rendered":"Szivarok ESSENZE C 20db doboz 18,4g"},"content":{"rendered":"<p>Az ESSENZE Caff\u00e9 20db dobozos szivarill\u00f3k finoman \u00edzes\u00edtettek vadcseresznye \u00edzzel. Azoknak a doh\u00e1nyosoknak k\u00e9sz\u00fcltek, akik a r\u00f6vid, egyszer\u0171 \u00e9s ugyanakkor intenz\u00edv \u00edz\u0171 szivarokat kedvelik. A felhaszn\u00e1lt doh\u00e1nyok Braz\u00edli\u00e1b\u00f3l, Argent\u00edn\u00e1b\u00f3l, Malawib\u00f3l, Spanyolorsz\u00e1gb\u00f3l \u00e9s T\u00f6r\u00f6korsz\u00e1gb\u00f3l sz\u00e1rmaznak.<\/p>\n<p>A csomagol\u00f3anyag ecuadori doh\u00e1ny. 21 mm-es sz\u0171r\u0151hossz\u00fas\u00e1g 85 mm-es szivarhossz\u00fas\u00e1g 20 darabos dobozos kiszerel\u00e9sben.<\/p>\n","protected":false},"excerpt":{"rendered":"<p>Az ESSENZE Caff\u00e9 20db dobozos szivarill\u00f3k finoman \u00edzes\u00edtettek vadcseresznye \u00edzzel. Azoknak a doh\u00e1nyosoknak k\u00e9sz\u00fcltek, akik a r\u00f6vid, egyszer\u0171 \u00e9s ugyanakkor intenz\u00edv \u00edz\u0171 szivarokat kedvelik. A felhaszn\u00e1lt doh\u00e1nyok Braz\u00edli\u00e1b\u00f3l, Argent\u00edn\u00e1b\u00f3l, Malawib\u00f3l, Spanyolorsz\u00e1gb\u00f3l \u00e9s T\u00f6r\u00f6korsz\u00e1gb\u00f3l sz\u00e1rmaznak. A csomagol\u00f3anyag ecuadori doh\u00e1ny. 21 mm-es sz\u0171r\u0151hossz\u00fas\u00e1g 85 mm-es szivarhossz\u00fas\u00e1g 20 darabos dobozos kiszerel\u00e9sben.<\/p>\n","protected":false},"featured_media":9354,"comment_status":"closed","ping_status":"closed","template":"","meta":{"_acf_changed":false},"product_brand":[],"product_cat":[584],"product_tag":[1570,1183],"class_list":{"0":"post-9352","1":"product","2":"type-product","3":"status-publish","4":"has-post-thumbnail","6":"product_cat-szivarok","7":"product_tag-essenze","8":"product_tag-vanilia","10":"first","11":"instock","12":"taxable","13":"shipping-taxable","14":"purchasable","15":"product-type-simple"},"acf":[],"yoast_head":"<!-- This site is optimized with the Yoast SEO plugin v27.0 - https:\/\/yoast.com\/product\/yoast-seo-wordpress\/ -->\n<title>Szivarok ESSENZE C 20db doboz 18,4g - rumicon.sk<\/title>\n<meta name=\"robots\" content=\"index, follow, max-snippet:-1, max-image-preview:large, max-video-preview:-1\" \/>\n<link rel=\"canonical\" href=\"https:\/\/www.rumicon.sk\/hu\/produkt\/szivarok-essenze-c-20db-doboz-184g\/\" \/>\n<meta property=\"og:locale\" content=\"hu_HU\" \/>\n<meta property=\"og:type\" content=\"article\" \/>\n<meta property=\"og:title\" content=\"Szivarok ESSENZE C 20db doboz 18,4g - rumicon.sk\" \/>\n<meta property=\"og:description\" content=\"Az ESSENZE Caff\u00e9 20db dobozos szivarill\u00f3k finoman \u00edzes\u00edtettek vadcseresznye \u00edzzel. Azoknak a doh\u00e1nyosoknak k\u00e9sz\u00fcltek, akik a r\u00f6vid, egyszer\u0171 \u00e9s ugyanakkor intenz\u00edv \u00edz\u0171 szivarokat kedvelik. A felhaszn\u00e1lt doh\u00e1nyok Braz\u00edli\u00e1b\u00f3l, Argent\u00edn\u00e1b\u00f3l, Malawib\u00f3l, Spanyolorsz\u00e1gb\u00f3l \u00e9s T\u00f6r\u00f6korsz\u00e1gb\u00f3l sz\u00e1rmaznak. A csomagol\u00f3anyag ecuadori doh\u00e1ny. 21 mm-es sz\u0171r\u0151hossz\u00fas\u00e1g 85 mm-es szivarhossz\u00fas\u00e1g 20 darabos dobozos kiszerel\u00e9sben.\" \/>\n<meta property=\"og:url\" content=\"https:\/\/www.rumicon.sk\/hu\/produkt\/szivarok-essenze-c-20db-doboz-184g\/\" \/>\n<meta property=\"og:site_name\" content=\"rumicon.sk\" \/>\n<meta property=\"article:publisher\" content=\"https:\/\/www.facebook.com\/people\/Rumicon-Bottle-Cigar-Shop\/100087110283303\/\" \/>\n<meta property=\"article:modified_time\" content=\"2026-04-08T12:27:07+00:00\" \/>\n<meta property=\"og:image\" content=\"https:\/\/www.rumicon.sk\/wp-content\/uploads\/Cigarky-Essenze-Wild.jpg\" \/>\n<meta name=\"twitter:card\" content=\"summary_large_image\" \/>\n<meta name=\"twitter:label1\" content=\"Becs\u00fclt olvas\u00e1si id\u0151\" \/>\n\t<meta name=\"twitter:data1\" content=\"1 perc\" \/>\n<script type=\"application\/ld+json\" class=\"yoast-schema-graph\">{\"@context\":\"https:\/\/schema.org\",\"@graph\":[{\"@type\":\"WebPage\",\"@id\":\"https:\/\/www.rumicon.sk\/hu\/produkt\/szivarok-essenze-c-20db-doboz-184g\/\",\"url\":\"https:\/\/www.rumicon.sk\/hu\/produkt\/szivarok-essenze-c-20db-doboz-184g\/\",\"name\":\"Szivarok ESSENZE C 20db doboz 18,4g - rumicon.sk\",\"isPartOf\":{\"@id\":\"https:\/\/www.rumicon.sk\/hu\/#website\"},\"primaryImageOfPage\":{\"@id\":\"https:\/\/www.rumicon.sk\/hu\/produkt\/szivarok-essenze-c-20db-doboz-184g\/#primaryimage\"},\"image\":{\"@id\":\"https:\/\/www.rumicon.sk\/hu\/produkt\/szivarok-essenze-c-20db-doboz-184g\/#primaryimage\"},\"thumbnailUrl\":\"https:\/\/www.rumicon.sk\/wp-content\/uploads\/essenze-c.jpg\",\"datePublished\":\"2025-10-20T15:05:05+00:00\",\"dateModified\":\"2026-04-08T12:27:07+00:00\",\"breadcrumb\":{\"@id\":\"https:\/\/www.rumicon.sk\/hu\/produkt\/szivarok-essenze-c-20db-doboz-184g\/#breadcrumb\"},\"inLanguage\":\"hu\",\"potentialAction\":[{\"@type\":\"ReadAction\",\"target\":[\"https:\/\/www.rumicon.sk\/hu\/produkt\/szivarok-essenze-c-20db-doboz-184g\/\"]}]},{\"@type\":\"ImageObject\",\"inLanguage\":\"hu\",\"@id\":\"https:\/\/www.rumicon.sk\/hu\/produkt\/szivarok-essenze-c-20db-doboz-184g\/#primaryimage\",\"url\":\"https:\/\/www.rumicon.sk\/wp-content\/uploads\/essenze-c.jpg\",\"contentUrl\":\"https:\/\/www.rumicon.sk\/wp-content\/uploads\/essenze-c.jpg\",\"width\":500,\"height\":500,\"caption\":\"essenze c cigary\"},{\"@type\":\"BreadcrumbList\",\"@id\":\"https:\/\/www.rumicon.sk\/hu\/produkt\/szivarok-essenze-c-20db-doboz-184g\/#breadcrumb\",\"itemListElement\":[{\"@type\":\"ListItem\",\"position\":1,\"name\":\"Home\",\"item\":\"https:\/\/www.rumicon.sk\/hu\/home\/\"},{\"@type\":\"ListItem\",\"position\":2,\"name\":\"Web\u00e1ruh\u00e1z\",\"item\":\"https:\/\/www.rumicon.sk\/hu\/webaruhaz\/\"},{\"@type\":\"ListItem\",\"position\":3,\"name\":\"Szivarok ESSENZE C 20db doboz 18,4g\"}]},{\"@type\":\"WebSite\",\"@id\":\"https:\/\/www.rumicon.sk\/hu\/#website\",\"url\":\"https:\/\/www.rumicon.sk\/hu\/\",\"name\":\"rumicon.sk\",\"description\":\"\",\"publisher\":{\"@id\":\"https:\/\/www.rumicon.sk\/hu\/#organization\"},\"potentialAction\":[{\"@type\":\"SearchAction\",\"target\":{\"@type\":\"EntryPoint\",\"urlTemplate\":\"https:\/\/www.rumicon.sk\/hu\/?s={search_term_string}\"},\"query-input\":{\"@type\":\"PropertyValueSpecification\",\"valueRequired\":true,\"valueName\":\"search_term_string\"}}],\"inLanguage\":\"hu\"},{\"@type\":\"Organization\",\"@id\":\"https:\/\/www.rumicon.sk\/hu\/#organization\",\"name\":\"rumicon.sk\",\"url\":\"https:\/\/www.rumicon.sk\/hu\/\",\"logo\":{\"@type\":\"ImageObject\",\"inLanguage\":\"hu\",\"@id\":\"https:\/\/www.rumicon.sk\/hu\/#\/schema\/logo\/image\/\",\"url\":\"https:\/\/www.rumicon.sk\/wp-content\/uploads\/logo-rumicon-bcs-color.png\",\"contentUrl\":\"https:\/\/www.rumicon.sk\/wp-content\/uploads\/logo-rumicon-bcs-color.png\",\"width\":827,\"height\":278,\"caption\":\"rumicon.sk\"},\"image\":{\"@id\":\"https:\/\/www.rumicon.sk\/hu\/#\/schema\/logo\/image\/\"},\"sameAs\":[\"https:\/\/www.facebook.com\/people\/Rumicon-Bottle-Cigar-Shop\/100087110283303\/\",\"https:\/\/www.instagram.com\/rumicon_bottle_cigar_shop\/\",\"https:\/\/www.tiktok.com\/@rumicon2022\"]}]}<\/script>\n<!-- \/ Yoast SEO plugin. -->","yoast_head_json":{"title":"Szivarok ESSENZE C 20db doboz 18,4g - rumicon.sk","robots":{"index":"index","follow":"follow","max-snippet":"max-snippet:-1","max-image-preview":"max-image-preview:large","max-video-preview":"max-video-preview:-1"},"canonical":"https:\/\/www.rumicon.sk\/hu\/produkt\/szivarok-essenze-c-20db-doboz-184g\/","og_locale":"hu_HU","og_type":"article","og_title":"Szivarok ESSENZE C 20db doboz 18,4g - rumicon.sk","og_description":"Az ESSENZE Caff\u00e9 20db dobozos szivarill\u00f3k finoman \u00edzes\u00edtettek vadcseresznye \u00edzzel. Azoknak a doh\u00e1nyosoknak k\u00e9sz\u00fcltek, akik a r\u00f6vid, egyszer\u0171 \u00e9s ugyanakkor intenz\u00edv \u00edz\u0171 szivarokat kedvelik. A felhaszn\u00e1lt doh\u00e1nyok Braz\u00edli\u00e1b\u00f3l, Argent\u00edn\u00e1b\u00f3l, Malawib\u00f3l, Spanyolorsz\u00e1gb\u00f3l \u00e9s T\u00f6r\u00f6korsz\u00e1gb\u00f3l sz\u00e1rmaznak. A csomagol\u00f3anyag ecuadori doh\u00e1ny. 21 mm-es sz\u0171r\u0151hossz\u00fas\u00e1g 85 mm-es szivarhossz\u00fas\u00e1g 20 darabos dobozos kiszerel\u00e9sben.","og_url":"https:\/\/www.rumicon.sk\/hu\/produkt\/szivarok-essenze-c-20db-doboz-184g\/","og_site_name":"rumicon.sk","article_publisher":"https:\/\/www.facebook.com\/people\/Rumicon-Bottle-Cigar-Shop\/100087110283303\/","article_modified_time":"2026-04-08T12:27:07+00:00","og_image":[{"url":"https:\/\/www.rumicon.sk\/wp-content\/uploads\/Cigarky-Essenze-Wild.jpg","type":"","width":"","height":""}],"twitter_card":"summary_large_image","twitter_misc":{"Becs\u00fclt olvas\u00e1si id\u0151":"1 perc"},"schema":{"@context":"https:\/\/schema.org","@graph":[{"@type":"WebPage","@id":"https:\/\/www.rumicon.sk\/hu\/produkt\/szivarok-essenze-c-20db-doboz-184g\/","url":"https:\/\/www.rumicon.sk\/hu\/produkt\/szivarok-essenze-c-20db-doboz-184g\/","name":"Szivarok ESSENZE C 20db doboz 18,4g - rumicon.sk","isPartOf":{"@id":"https:\/\/www.rumicon.sk\/hu\/#website"},"primaryImageOfPage":{"@id":"https:\/\/www.rumicon.sk\/hu\/produkt\/szivarok-essenze-c-20db-doboz-184g\/#primaryimage"},"image":{"@id":"https:\/\/www.rumicon.sk\/hu\/produkt\/szivarok-essenze-c-20db-doboz-184g\/#primaryimage"},"thumbnailUrl":"https:\/\/www.rumicon.sk\/wp-content\/uploads\/essenze-c.jpg","datePublished":"2025-10-20T15:05:05+00:00","dateModified":"2026-04-08T12:27:07+00:00","breadcrumb":{"@id":"https:\/\/www.rumicon.sk\/hu\/produkt\/szivarok-essenze-c-20db-doboz-184g\/#breadcrumb"},"inLanguage":"hu","potentialAction":[{"@type":"ReadAction","target":["https:\/\/www.rumicon.sk\/hu\/produkt\/szivarok-essenze-c-20db-doboz-184g\/"]}]},{"@type":"ImageObject","inLanguage":"hu","@id":"https:\/\/www.rumicon.sk\/hu\/produkt\/szivarok-essenze-c-20db-doboz-184g\/#primaryimage","url":"https:\/\/www.rumicon.sk\/wp-content\/uploads\/essenze-c.jpg","contentUrl":"https:\/\/www.rumicon.sk\/wp-content\/uploads\/essenze-c.jpg","width":500,"height":500,"caption":"essenze c cigary"},{"@type":"BreadcrumbList","@id":"https:\/\/www.rumicon.sk\/hu\/produkt\/szivarok-essenze-c-20db-doboz-184g\/#breadcrumb","itemListElement":[{"@type":"ListItem","position":1,"name":"Home","item":"https:\/\/www.rumicon.sk\/hu\/home\/"},{"@type":"ListItem","position":2,"name":"Web\u00e1ruh\u00e1z","item":"https:\/\/www.rumicon.sk\/hu\/webaruhaz\/"},{"@type":"ListItem","position":3,"name":"Szivarok ESSENZE C 20db doboz 18,4g"}]},{"@type":"WebSite","@id":"https:\/\/www.rumicon.sk\/hu\/#website","url":"https:\/\/www.rumicon.sk\/hu\/","name":"rumicon.sk","description":"","publisher":{"@id":"https:\/\/www.rumicon.sk\/hu\/#organization"},"potentialAction":[{"@type":"SearchAction","target":{"@type":"EntryPoint","urlTemplate":"https:\/\/www.rumicon.sk\/hu\/?s={search_term_string}"},"query-input":{"@type":"PropertyValueSpecification","valueRequired":true,"valueName":"search_term_string"}}],"inLanguage":"hu"},{"@type":"Organization","@id":"https:\/\/www.rumicon.sk\/hu\/#organization","name":"rumicon.sk","url":"https:\/\/www.rumicon.sk\/hu\/","logo":{"@type":"ImageObject","inLanguage":"hu","@id":"https:\/\/www.rumicon.sk\/hu\/#\/schema\/logo\/image\/","url":"https:\/\/www.rumicon.sk\/wp-content\/uploads\/logo-rumicon-bcs-color.png","contentUrl":"https:\/\/www.rumicon.sk\/wp-content\/uploads\/logo-rumicon-bcs-color.png","width":827,"height":278,"caption":"rumicon.sk"},"image":{"@id":"https:\/\/www.rumicon.sk\/hu\/#\/schema\/logo\/image\/"},"sameAs":["https:\/\/www.facebook.com\/people\/Rumicon-Bottle-Cigar-Shop\/100087110283303\/","https:\/\/www.instagram.com\/rumicon_bottle_cigar_shop\/","https:\/\/www.tiktok.com\/@rumicon2022"]}]}},"_links":{"self":[{"href":"https:\/\/www.rumicon.sk\/hu\/wp-json\/wp\/v2\/product\/9352","targetHints":{"allow":["GET"]}}],"collection":[{"href":"https:\/\/www.rumicon.sk\/hu\/wp-json\/wp\/v2\/product"}],"about":[{"href":"https:\/\/www.rumicon.sk\/hu\/wp-json\/wp\/v2\/types\/product"}],"replies":[{"embeddable":true,"href":"https:\/\/www.rumicon.sk\/hu\/wp-json\/wp\/v2\/comments?post=9352"}],"wp:featuredmedia":[{"embeddable":true,"href":"https:\/\/www.rumicon.sk\/hu\/wp-json\/wp\/v2\/media\/9354"}],"wp:attachment":[{"href":"https:\/\/www.rumicon.sk\/hu\/wp-json\/wp\/v2\/media?parent=9352"}],"wp:term":[{"taxonomy":"product_brand","embeddable":true,"href":"https:\/\/www.rumicon.sk\/hu\/wp-json\/wp\/v2\/product_brand?post=9352"},{"taxonomy":"product_cat","embeddable":true,"href":"https:\/\/www.rumicon.sk\/hu\/wp-json\/wp\/v2\/product_cat?post=9352"},{"taxonomy":"product_tag","embeddable":true,"href":"https:\/\/www.rumicon.sk\/hu\/wp-json\/wp\/v2\/product_tag?post=9352"}],"curies":[{"name":"wp","href":"https:\/\/api.w.org\/{rel}","templated":true}]}}