{"id":8952,"date":"2025-06-20T11:54:14","date_gmt":"2025-06-20T09:54:14","guid":{"rendered":"https:\/\/www.rumicon.sk\/produkt\/rose-di-bacco-lambrusco-em-igt-rosato-075l-75\/"},"modified":"2025-06-20T11:54:14","modified_gmt":"2025-06-20T09:54:14","slug":"rose-di-bacco-lambrusco-em-igt-rosato-075l-75","status":"publish","type":"product","link":"https:\/\/www.rumicon.sk\/hu\/produkt\/rose-di-bacco-lambrusco-em-igt-rosato-075l-75\/","title":{"rendered":"Rose di Bacco Lambrusco Em. IGT Rosato 0,7..."},"content":{"rendered":"","protected":false},"excerpt":{"rendered":"<p data-start=\"150\" data-end=\"521\">A Rose di Bacco Lambrusco Rosato az olaszorsz\u00e1gi Emilia-Romagna r\u00e9gi\u00f3b\u00f3l sz\u00e1rmaz\u00f3, finoman pezsg\u0151 roz\u00e9 bor, amely a hagyom\u00e1nyos Lambrusco sz\u0151l\u0151fajt\u00e1b\u00f3l k\u00e9sz\u00fcl. Friss, gy\u00fcm\u00f6lcs\u00f6s illata eper, m\u00e1lna \u00e9s piros ribizli jegyeit tartalmazza, amelyet finom vir\u00e1gos \u00e1rnyalatok eg\u00e9sz\u00edtenek ki. \u00cdz\u00e9ben k\u00f6nny\u0171 \u00e9s kiegyens\u00falyozott, kellemes \u00e9dess\u00e9ggel \u00e9s friss savakkal, amelyek eleganci\u00e1t \u00e9s \u00e9l\u00e9nk karaktert k\u00f6lcs\u00f6n\u00f6znek a bornak.  <\/p>\n<p data-start=\"523\" data-end=\"779\">A bor Charmat-m\u00f3dszerrel k\u00e9sz\u00fcl, azaz rozsdamentes ac\u00e9ltart\u00e1lyban t\u00f6rt\u00e9n\u0151 m\u00e1sodlagos erjeszt\u00e9ssel, amely meg\u0151rzi gy\u00fcm\u00f6lcs\u00f6ss\u00e9g\u00e9t \u00e9s finom pezsg\u00e9s\u00e9t. 7,5%-os alkoholtartalm\u00e1val a k\u00f6nnyedebb borok k\u00f6z\u00e9 tartozik, ide\u00e1lis a k\u00f6tetlen t\u00e1rsas\u00e1gi pillanatokhoz vagy a meleg napok friss\u00edt\u0151jek\u00e9nt. <\/p>\n<p data-start=\"781\" data-end=\"985\">A Rose di Bacco Lambrusco Rosato t\u00f6k\u00e9letes aperitifk\u00e9nt vagy olyan \u00e9telekhez, mint a z\u00f6lds\u00e9g- \u00e9s t\u00e9sztasal\u00e1t\u00e1k, k\u00f6nny\u0171 el\u0151\u00e9telek, sajtok, pizza vagy tenger gy\u00fcm\u00f6lcsei. Az aj\u00e1nlott t\u00e1lal\u00e1si h\u0151m\u00e9rs\u00e9klet 8-10 \u00b0C. Kellemes \u00edz\u00e9nek \u00e9s finom gy\u00f6ngyh\u00e1zass\u00e1g\u00e1nak k\u00f6sz\u00f6nhet\u0151en remek v\u00e1laszt\u00e1s ny\u00e1ri \u00f6sszej\u00f6vetelekre, \u00fcnneps\u00e9gekre, valamint aj\u00e1nd\u00e9kk\u00e9nt a friss \u00e9s gy\u00fcm\u00f6lcs\u00f6s roz\u00e9borok kedvel\u0151inek.  <\/p>\n","protected":false},"featured_media":8506,"comment_status":"closed","ping_status":"closed","template":"","meta":{"_acf_changed":false},"product_brand":[1025],"product_cat":[528,547],"product_tag":[1556,1128],"class_list":{"0":"post-8952","1":"product","2":"type-product","3":"status-publish","4":"has-post-thumbnail","6":"product_brand-rose-di-bacco","7":"product_cat-bor","8":"product_cat-rozsabor","9":"product_tag-olaszorszag","10":"product_tag-pezsgo","11":"pa_druh-vina-pezsgo","12":"pa_krajina-povodu-olaszorszag","13":"pa_objem-075l-hu","14":"pa_obsah-alkoholu-75-hu","15":"pa_znacka-rose-di-bacco-hu","17":"first","18":"instock","19":"taxable","20":"shipping-taxable","21":"purchasable","22":"product-type-simple"},"acf":[],"yoast_head":"<!-- This site is optimized with the Yoast SEO plugin v27.0 - https:\/\/yoast.com\/product\/yoast-seo-wordpress\/ -->\n<title>Rose di Bacco Lambrusco Em. IGT Rosato 0,75l 7,5% - rumicon.sk<\/title>\n<meta name=\"robots\" content=\"index, follow, max-snippet:-1, max-image-preview:large, max-video-preview:-1\" \/>\n<link rel=\"canonical\" href=\"https:\/\/www.rumicon.sk\/hu\/produkt\/rose-di-bacco-lambrusco-em-igt-rosato-075l-75\/\" \/>\n<meta property=\"og:locale\" content=\"hu_HU\" \/>\n<meta property=\"og:type\" content=\"article\" \/>\n<meta property=\"og:title\" content=\"Rose di Bacco Lambrusco Em. IGT Rosato 0,75l 7,5% - rumicon.sk\" \/>\n<meta property=\"og:description\" content=\"A Rose di Bacco Lambrusco Rosato az olaszorsz\u00e1gi Emilia-Romagna r\u00e9gi\u00f3b\u00f3l sz\u00e1rmaz\u00f3, finoman pezsg\u0151 roz\u00e9 bor, amely a hagyom\u00e1nyos Lambrusco sz\u0151l\u0151fajt\u00e1b\u00f3l k\u00e9sz\u00fcl. Friss, gy\u00fcm\u00f6lcs\u00f6s illata eper, m\u00e1lna \u00e9s piros ribizli jegyeit tartalmazza, amelyet finom vir\u00e1gos \u00e1rnyalatok eg\u00e9sz\u00edtenek ki. \u00cdz\u00e9ben k\u00f6nny\u0171 \u00e9s kiegyens\u00falyozott, kellemes \u00e9dess\u00e9ggel \u00e9s friss savakkal, amelyek eleganci\u00e1t \u00e9s \u00e9l\u00e9nk karaktert k\u00f6lcs\u00f6n\u00f6znek a bornak.  A bor Charmat-m\u00f3dszerrel k\u00e9sz\u00fcl, azaz rozsdamentes ac\u00e9ltart\u00e1lyban t\u00f6rt\u00e9n\u0151 m\u00e1sodlagos erjeszt\u00e9ssel, amely meg\u0151rzi gy\u00fcm\u00f6lcs\u00f6ss\u00e9g\u00e9t \u00e9s finom pezsg\u00e9s\u00e9t. 7,5%-os alkoholtartalm\u00e1val a k\u00f6nnyedebb borok k\u00f6z\u00e9 tartozik, ide\u00e1lis a k\u00f6tetlen t\u00e1rsas\u00e1gi pillanatokhoz vagy a meleg napok friss\u00edt\u0151jek\u00e9nt. A Rose di Bacco Lambrusco Rosato t\u00f6k\u00e9letes aperitifk\u00e9nt vagy olyan \u00e9telekhez, mint a z\u00f6lds\u00e9g- \u00e9s t\u00e9sztasal\u00e1t\u00e1k, k\u00f6nny\u0171 el\u0151\u00e9telek, sajtok, pizza vagy tenger gy\u00fcm\u00f6lcsei. Az aj\u00e1nlott t\u00e1lal\u00e1si h\u0151m\u00e9rs\u00e9klet 8-10 \u00b0C. Kellemes \u00edz\u00e9nek \u00e9s finom gy\u00f6ngyh\u00e1zass\u00e1g\u00e1nak k\u00f6sz\u00f6nhet\u0151en remek v\u00e1laszt\u00e1s ny\u00e1ri \u00f6sszej\u00f6vetelekre, \u00fcnneps\u00e9gekre, valamint aj\u00e1nd\u00e9kk\u00e9nt a friss \u00e9s gy\u00fcm\u00f6lcs\u00f6s roz\u00e9borok kedvel\u0151inek.\" \/>\n<meta property=\"og:url\" content=\"https:\/\/www.rumicon.sk\/hu\/produkt\/rose-di-bacco-lambrusco-em-igt-rosato-075l-75\/\" \/>\n<meta property=\"og:site_name\" content=\"rumicon.sk\" \/>\n<meta property=\"article:publisher\" content=\"https:\/\/www.facebook.com\/people\/Rumicon-Bottle-Cigar-Shop\/100087110283303\/\" \/>\n<meta property=\"og:image\" content=\"https:\/\/www.rumicon.sk\/wp-content\/uploads\/ROSE-DI-BACCO-ROSATO.jpg\" \/>\n\t<meta property=\"og:image:width\" content=\"800\" \/>\n\t<meta property=\"og:image:height\" content=\"800\" \/>\n\t<meta property=\"og:image:type\" content=\"image\/jpeg\" \/>\n<meta name=\"twitter:card\" content=\"summary_large_image\" \/>\n<script type=\"application\/ld+json\" class=\"yoast-schema-graph\">{\"@context\":\"https:\/\/schema.org\",\"@graph\":[{\"@type\":\"WebPage\",\"@id\":\"https:\/\/www.rumicon.sk\/hu\/produkt\/rose-di-bacco-lambrusco-em-igt-rosato-075l-75\/\",\"url\":\"https:\/\/www.rumicon.sk\/hu\/produkt\/rose-di-bacco-lambrusco-em-igt-rosato-075l-75\/\",\"name\":\"Rose di Bacco Lambrusco Em. IGT Rosato 0,75l 7,5% - rumicon.sk\",\"isPartOf\":{\"@id\":\"https:\/\/www.rumicon.sk\/hu\/#website\"},\"primaryImageOfPage\":{\"@id\":\"https:\/\/www.rumicon.sk\/hu\/produkt\/rose-di-bacco-lambrusco-em-igt-rosato-075l-75\/#primaryimage\"},\"image\":{\"@id\":\"https:\/\/www.rumicon.sk\/hu\/produkt\/rose-di-bacco-lambrusco-em-igt-rosato-075l-75\/#primaryimage\"},\"thumbnailUrl\":\"https:\/\/www.rumicon.sk\/wp-content\/uploads\/ROSE-DI-BACCO-ROSATO.jpg\",\"datePublished\":\"2025-06-20T09:54:14+00:00\",\"breadcrumb\":{\"@id\":\"https:\/\/www.rumicon.sk\/hu\/produkt\/rose-di-bacco-lambrusco-em-igt-rosato-075l-75\/#breadcrumb\"},\"inLanguage\":\"hu\",\"potentialAction\":[{\"@type\":\"ReadAction\",\"target\":[\"https:\/\/www.rumicon.sk\/hu\/produkt\/rose-di-bacco-lambrusco-em-igt-rosato-075l-75\/\"]}]},{\"@type\":\"ImageObject\",\"inLanguage\":\"hu\",\"@id\":\"https:\/\/www.rumicon.sk\/hu\/produkt\/rose-di-bacco-lambrusco-em-igt-rosato-075l-75\/#primaryimage\",\"url\":\"https:\/\/www.rumicon.sk\/wp-content\/uploads\/ROSE-DI-BACCO-ROSATO.jpg\",\"contentUrl\":\"https:\/\/www.rumicon.sk\/wp-content\/uploads\/ROSE-DI-BACCO-ROSATO.jpg\",\"width\":800,\"height\":800,\"caption\":\"Lambrusco Rose di Bacco Rosato\"},{\"@type\":\"BreadcrumbList\",\"@id\":\"https:\/\/www.rumicon.sk\/hu\/produkt\/rose-di-bacco-lambrusco-em-igt-rosato-075l-75\/#breadcrumb\",\"itemListElement\":[{\"@type\":\"ListItem\",\"position\":1,\"name\":\"Home\",\"item\":\"https:\/\/www.rumicon.sk\/hu\/home\/\"},{\"@type\":\"ListItem\",\"position\":2,\"name\":\"Web\u00e1ruh\u00e1z\",\"item\":\"https:\/\/www.rumicon.sk\/hu\/webaruhaz\/\"},{\"@type\":\"ListItem\",\"position\":3,\"name\":\"Rose di Bacco Lambrusco Em. IGT Rosato 0,7...\"}]},{\"@type\":\"WebSite\",\"@id\":\"https:\/\/www.rumicon.sk\/hu\/#website\",\"url\":\"https:\/\/www.rumicon.sk\/hu\/\",\"name\":\"rumicon.sk\",\"description\":\"\",\"publisher\":{\"@id\":\"https:\/\/www.rumicon.sk\/hu\/#organization\"},\"potentialAction\":[{\"@type\":\"SearchAction\",\"target\":{\"@type\":\"EntryPoint\",\"urlTemplate\":\"https:\/\/www.rumicon.sk\/hu\/?s={search_term_string}\"},\"query-input\":{\"@type\":\"PropertyValueSpecification\",\"valueRequired\":true,\"valueName\":\"search_term_string\"}}],\"inLanguage\":\"hu\"},{\"@type\":\"Organization\",\"@id\":\"https:\/\/www.rumicon.sk\/hu\/#organization\",\"name\":\"rumicon.sk\",\"url\":\"https:\/\/www.rumicon.sk\/hu\/\",\"logo\":{\"@type\":\"ImageObject\",\"inLanguage\":\"hu\",\"@id\":\"https:\/\/www.rumicon.sk\/hu\/#\/schema\/logo\/image\/\",\"url\":\"https:\/\/www.rumicon.sk\/wp-content\/uploads\/logo-rumicon-bcs-color.png\",\"contentUrl\":\"https:\/\/www.rumicon.sk\/wp-content\/uploads\/logo-rumicon-bcs-color.png\",\"width\":827,\"height\":278,\"caption\":\"rumicon.sk\"},\"image\":{\"@id\":\"https:\/\/www.rumicon.sk\/hu\/#\/schema\/logo\/image\/\"},\"sameAs\":[\"https:\/\/www.facebook.com\/people\/Rumicon-Bottle-Cigar-Shop\/100087110283303\/\",\"https:\/\/www.instagram.com\/rumicon_bottle_cigar_shop\/\",\"https:\/\/www.tiktok.com\/@rumicon2022\"]}]}<\/script>\n<!-- \/ Yoast SEO plugin. -->","yoast_head_json":{"title":"Rose di Bacco Lambrusco Em. IGT Rosato 0,75l 7,5% - rumicon.sk","robots":{"index":"index","follow":"follow","max-snippet":"max-snippet:-1","max-image-preview":"max-image-preview:large","max-video-preview":"max-video-preview:-1"},"canonical":"https:\/\/www.rumicon.sk\/hu\/produkt\/rose-di-bacco-lambrusco-em-igt-rosato-075l-75\/","og_locale":"hu_HU","og_type":"article","og_title":"Rose di Bacco Lambrusco Em. IGT Rosato 0,75l 7,5% - rumicon.sk","og_description":"A Rose di Bacco Lambrusco Rosato az olaszorsz\u00e1gi Emilia-Romagna r\u00e9gi\u00f3b\u00f3l sz\u00e1rmaz\u00f3, finoman pezsg\u0151 roz\u00e9 bor, amely a hagyom\u00e1nyos Lambrusco sz\u0151l\u0151fajt\u00e1b\u00f3l k\u00e9sz\u00fcl. Friss, gy\u00fcm\u00f6lcs\u00f6s illata eper, m\u00e1lna \u00e9s piros ribizli jegyeit tartalmazza, amelyet finom vir\u00e1gos \u00e1rnyalatok eg\u00e9sz\u00edtenek ki. \u00cdz\u00e9ben k\u00f6nny\u0171 \u00e9s kiegyens\u00falyozott, kellemes \u00e9dess\u00e9ggel \u00e9s friss savakkal, amelyek eleganci\u00e1t \u00e9s \u00e9l\u00e9nk karaktert k\u00f6lcs\u00f6n\u00f6znek a bornak.  A bor Charmat-m\u00f3dszerrel k\u00e9sz\u00fcl, azaz rozsdamentes ac\u00e9ltart\u00e1lyban t\u00f6rt\u00e9n\u0151 m\u00e1sodlagos erjeszt\u00e9ssel, amely meg\u0151rzi gy\u00fcm\u00f6lcs\u00f6ss\u00e9g\u00e9t \u00e9s finom pezsg\u00e9s\u00e9t. 7,5%-os alkoholtartalm\u00e1val a k\u00f6nnyedebb borok k\u00f6z\u00e9 tartozik, ide\u00e1lis a k\u00f6tetlen t\u00e1rsas\u00e1gi pillanatokhoz vagy a meleg napok friss\u00edt\u0151jek\u00e9nt. A Rose di Bacco Lambrusco Rosato t\u00f6k\u00e9letes aperitifk\u00e9nt vagy olyan \u00e9telekhez, mint a z\u00f6lds\u00e9g- \u00e9s t\u00e9sztasal\u00e1t\u00e1k, k\u00f6nny\u0171 el\u0151\u00e9telek, sajtok, pizza vagy tenger gy\u00fcm\u00f6lcsei. Az aj\u00e1nlott t\u00e1lal\u00e1si h\u0151m\u00e9rs\u00e9klet 8-10 \u00b0C. Kellemes \u00edz\u00e9nek \u00e9s finom gy\u00f6ngyh\u00e1zass\u00e1g\u00e1nak k\u00f6sz\u00f6nhet\u0151en remek v\u00e1laszt\u00e1s ny\u00e1ri \u00f6sszej\u00f6vetelekre, \u00fcnneps\u00e9gekre, valamint aj\u00e1nd\u00e9kk\u00e9nt a friss \u00e9s gy\u00fcm\u00f6lcs\u00f6s roz\u00e9borok kedvel\u0151inek.","og_url":"https:\/\/www.rumicon.sk\/hu\/produkt\/rose-di-bacco-lambrusco-em-igt-rosato-075l-75\/","og_site_name":"rumicon.sk","article_publisher":"https:\/\/www.facebook.com\/people\/Rumicon-Bottle-Cigar-Shop\/100087110283303\/","og_image":[{"width":800,"height":800,"url":"https:\/\/www.rumicon.sk\/wp-content\/uploads\/ROSE-DI-BACCO-ROSATO.jpg","type":"image\/jpeg"}],"twitter_card":"summary_large_image","schema":{"@context":"https:\/\/schema.org","@graph":[{"@type":"WebPage","@id":"https:\/\/www.rumicon.sk\/hu\/produkt\/rose-di-bacco-lambrusco-em-igt-rosato-075l-75\/","url":"https:\/\/www.rumicon.sk\/hu\/produkt\/rose-di-bacco-lambrusco-em-igt-rosato-075l-75\/","name":"Rose di Bacco Lambrusco Em. IGT Rosato 0,75l 7,5% - rumicon.sk","isPartOf":{"@id":"https:\/\/www.rumicon.sk\/hu\/#website"},"primaryImageOfPage":{"@id":"https:\/\/www.rumicon.sk\/hu\/produkt\/rose-di-bacco-lambrusco-em-igt-rosato-075l-75\/#primaryimage"},"image":{"@id":"https:\/\/www.rumicon.sk\/hu\/produkt\/rose-di-bacco-lambrusco-em-igt-rosato-075l-75\/#primaryimage"},"thumbnailUrl":"https:\/\/www.rumicon.sk\/wp-content\/uploads\/ROSE-DI-BACCO-ROSATO.jpg","datePublished":"2025-06-20T09:54:14+00:00","breadcrumb":{"@id":"https:\/\/www.rumicon.sk\/hu\/produkt\/rose-di-bacco-lambrusco-em-igt-rosato-075l-75\/#breadcrumb"},"inLanguage":"hu","potentialAction":[{"@type":"ReadAction","target":["https:\/\/www.rumicon.sk\/hu\/produkt\/rose-di-bacco-lambrusco-em-igt-rosato-075l-75\/"]}]},{"@type":"ImageObject","inLanguage":"hu","@id":"https:\/\/www.rumicon.sk\/hu\/produkt\/rose-di-bacco-lambrusco-em-igt-rosato-075l-75\/#primaryimage","url":"https:\/\/www.rumicon.sk\/wp-content\/uploads\/ROSE-DI-BACCO-ROSATO.jpg","contentUrl":"https:\/\/www.rumicon.sk\/wp-content\/uploads\/ROSE-DI-BACCO-ROSATO.jpg","width":800,"height":800,"caption":"Lambrusco Rose di Bacco Rosato"},{"@type":"BreadcrumbList","@id":"https:\/\/www.rumicon.sk\/hu\/produkt\/rose-di-bacco-lambrusco-em-igt-rosato-075l-75\/#breadcrumb","itemListElement":[{"@type":"ListItem","position":1,"name":"Home","item":"https:\/\/www.rumicon.sk\/hu\/home\/"},{"@type":"ListItem","position":2,"name":"Web\u00e1ruh\u00e1z","item":"https:\/\/www.rumicon.sk\/hu\/webaruhaz\/"},{"@type":"ListItem","position":3,"name":"Rose di Bacco Lambrusco Em. IGT Rosato 0,7..."}]},{"@type":"WebSite","@id":"https:\/\/www.rumicon.sk\/hu\/#website","url":"https:\/\/www.rumicon.sk\/hu\/","name":"rumicon.sk","description":"","publisher":{"@id":"https:\/\/www.rumicon.sk\/hu\/#organization"},"potentialAction":[{"@type":"SearchAction","target":{"@type":"EntryPoint","urlTemplate":"https:\/\/www.rumicon.sk\/hu\/?s={search_term_string}"},"query-input":{"@type":"PropertyValueSpecification","valueRequired":true,"valueName":"search_term_string"}}],"inLanguage":"hu"},{"@type":"Organization","@id":"https:\/\/www.rumicon.sk\/hu\/#organization","name":"rumicon.sk","url":"https:\/\/www.rumicon.sk\/hu\/","logo":{"@type":"ImageObject","inLanguage":"hu","@id":"https:\/\/www.rumicon.sk\/hu\/#\/schema\/logo\/image\/","url":"https:\/\/www.rumicon.sk\/wp-content\/uploads\/logo-rumicon-bcs-color.png","contentUrl":"https:\/\/www.rumicon.sk\/wp-content\/uploads\/logo-rumicon-bcs-color.png","width":827,"height":278,"caption":"rumicon.sk"},"image":{"@id":"https:\/\/www.rumicon.sk\/hu\/#\/schema\/logo\/image\/"},"sameAs":["https:\/\/www.facebook.com\/people\/Rumicon-Bottle-Cigar-Shop\/100087110283303\/","https:\/\/www.instagram.com\/rumicon_bottle_cigar_shop\/","https:\/\/www.tiktok.com\/@rumicon2022"]}]}},"_links":{"self":[{"href":"https:\/\/www.rumicon.sk\/hu\/wp-json\/wp\/v2\/product\/8952","targetHints":{"allow":["GET"]}}],"collection":[{"href":"https:\/\/www.rumicon.sk\/hu\/wp-json\/wp\/v2\/product"}],"about":[{"href":"https:\/\/www.rumicon.sk\/hu\/wp-json\/wp\/v2\/types\/product"}],"replies":[{"embeddable":true,"href":"https:\/\/www.rumicon.sk\/hu\/wp-json\/wp\/v2\/comments?post=8952"}],"wp:featuredmedia":[{"embeddable":true,"href":"https:\/\/www.rumicon.sk\/hu\/wp-json\/wp\/v2\/media\/8506"}],"wp:attachment":[{"href":"https:\/\/www.rumicon.sk\/hu\/wp-json\/wp\/v2\/media?parent=8952"}],"wp:term":[{"taxonomy":"product_brand","embeddable":true,"href":"https:\/\/www.rumicon.sk\/hu\/wp-json\/wp\/v2\/product_brand?post=8952"},{"taxonomy":"product_cat","embeddable":true,"href":"https:\/\/www.rumicon.sk\/hu\/wp-json\/wp\/v2\/product_cat?post=8952"},{"taxonomy":"product_tag","embeddable":true,"href":"https:\/\/www.rumicon.sk\/hu\/wp-json\/wp\/v2\/product_tag?post=8952"}],"curies":[{"name":"wp","href":"https:\/\/api.w.org\/{rel}","templated":true}]}}