{"id":8937,"date":"2024-11-27T16:15:26","date_gmt":"2024-11-27T15:15:26","guid":{"rendered":"https:\/\/www.rumicon.sk\/produkt\/rum-a-h-riise-xo-reserve-07l-40\/"},"modified":"2024-11-27T16:15:26","modified_gmt":"2024-11-27T15:15:26","slug":"rum-a-h-riise-xo-reserve-07l-40","status":"publish","type":"product","link":"https:\/\/www.rumicon.sk\/hu\/produkt\/rum-a-h-riise-xo-reserve-07l-40\/","title":{"rendered":"Rum A.H.Riise XO Reserve 0,7l 40%"},"content":{"rendered":"<p>Az <strong>A.H. Riise XO Reserve<\/strong> egy egyed\u00fcl\u00e1ll\u00f3 karibi rum &#8211; <strong>k\u00f6nny\u0171, \u00e9desebb \u00e9s jellegzetes karakterrel<\/strong>. Az A.H. Riise z\u00e1szl\u00f3shaj\u00f3 m\u00e1rk\u00e1jak\u00e9nt \u00e9rz\u00e9kenyen v\u00e1logatott, \u00e9rlelt rumok kever\u00e9k\u00e9t k\u00edn\u00e1lja, amelybe egy csipetnyi fiatalabb rumot kevernek az \u00edzek \u00edzletes egyens\u00falya \u00e9rdek\u00e9ben. Ennek eredm\u00e9nye a kellemes <strong>, vil\u00e1gos arany sz\u00edn<\/strong>, amelyet a menta, a karamell, a citrusf\u00e9l\u00e9k, a b\u0151r, valamint az eukaliptusz, a feh\u00e9r tea \u00e9s a bergamott leny\u0171g\u00f6z\u0151 \u00edzjegyei k\u00eds\u00e9rnek. <\/p>\n<p>Rum A. H. Riise XO Reserve rumot <strong>csak szigor\u00faan korl\u00e1tozott mennyis\u00e9gben, v\u00e1logatott XO rumhord\u00f3kb\u00f3l<\/strong> \u00e1ll\u00edtj\u00e1k el\u0151, biztos\u00edtva, hogy minden egyes gy\u00e1rt\u00e1si t\u00e9tel kiv\u00e9telesen magas min\u0151s\u00e9get \u0151rizzen meg.<\/p>\n<div class=\"sc-item\">\n<div class=\"sc-item__key\"><strong>Sz\u00edn:<\/strong> vil\u00e1gos arany<\/div>\n<\/div>\n<div class=\"sc-item\">\n<div class=\"sc-item__key\"><strong>Illat:<\/strong> enyhe menta, karamell, b\u0151r \u00e9s citrusf\u00e9l\u00e9k jegyei.<\/div>\n<\/div>\n<div class=\"sc-item\">\n<div class=\"sc-item__key\"><strong>\u00cdz: <\/strong>testes \u00edzvil\u00e1g eukaliptusz, szilv\u00e1s s\u00fctem\u00e9ny \u00e9s egy csipetnyi feh\u00e9r tea bergamottal.<\/div>\n<\/div>\n<div class=\"sc-item\">\n<div class=\"sc-item__key\"><strong>Befejez\u00e9s:<\/strong> fokozatosan elhalv\u00e1nyul\u00f3 b\u0151r \u00e9s bergamott jegyek.<\/div>\n<\/div>\n","protected":false},"excerpt":{"rendered":"<p>Az A.H. Riise XO Reserve egy egyed\u00fcl\u00e1ll\u00f3 karibi rum &#8211; k\u00f6nny\u0171, \u00e9desebb \u00e9s jellegzetes karakterrel. Az A.H. Riise z\u00e1szl\u00f3shaj\u00f3 m\u00e1rk\u00e1jak\u00e9nt \u00e9rz\u00e9kenyen v\u00e1logatott, \u00e9rlelt rumok kever\u00e9k\u00e9t k\u00edn\u00e1lja, amelybe egy csipetnyi fiatalabb rumot kevernek az \u00edzek \u00edzletes egyens\u00falya \u00e9rdek\u00e9ben. Ennek eredm\u00e9nye a kellemes , vil\u00e1gos arany sz\u00edn, amelyet a menta, a karamell, a citrusf\u00e9l\u00e9k, a b\u0151r, valamint [&#8230;]\n","protected":false},"featured_media":7467,"comment_status":"closed","ping_status":"closed","template":"","meta":{"_acf_changed":false},"product_brand":[],"product_cat":[483,485],"product_tag":[500,1135],"class_list":{"0":"post-8937","1":"product","2":"type-product","3":"status-publish","4":"has-post-thumbnail","6":"product_cat-rum-hu","7":"product_cat-sotet-rum","8":"product_tag-a-h-riise-hu","9":"product_tag-sotet-rum","10":"pa_druh-alkoholu-rum-hu","11":"pa_druh-alkoholu-sotet-rum","12":"pa_objem-07l-hu","13":"pa_obsah-alkoholu-40-hu","14":"pa_znacka-a-h-riise-hu","16":"first","17":"instock","18":"taxable","19":"shipping-taxable","20":"purchasable","21":"product-type-simple"},"acf":[],"yoast_head":"<!-- This site is optimized with the Yoast SEO plugin v27.0 - https:\/\/yoast.com\/product\/yoast-seo-wordpress\/ -->\n<title>Rum A.H.Riise XO Reserve 0,7l 40% - rumicon.sk<\/title>\n<meta name=\"robots\" content=\"index, follow, max-snippet:-1, max-image-preview:large, max-video-preview:-1\" \/>\n<link rel=\"canonical\" href=\"https:\/\/www.rumicon.sk\/hu\/produkt\/rum-a-h-riise-xo-reserve-07l-40\/\" \/>\n<meta property=\"og:locale\" content=\"hu_HU\" \/>\n<meta property=\"og:type\" content=\"article\" \/>\n<meta property=\"og:title\" content=\"Rum A.H.Riise XO Reserve 0,7l 40% - rumicon.sk\" \/>\n<meta property=\"og:description\" content=\"Az A.H. Riise XO Reserve egy egyed\u00fcl\u00e1ll\u00f3 karibi rum &#8211; k\u00f6nny\u0171, \u00e9desebb \u00e9s jellegzetes karakterrel. Az A.H. Riise z\u00e1szl\u00f3shaj\u00f3 m\u00e1rk\u00e1jak\u00e9nt \u00e9rz\u00e9kenyen v\u00e1logatott, \u00e9rlelt rumok kever\u00e9k\u00e9t k\u00edn\u00e1lja, amelybe egy csipetnyi fiatalabb rumot kevernek az \u00edzek \u00edzletes egyens\u00falya \u00e9rdek\u00e9ben. Ennek eredm\u00e9nye a kellemes , vil\u00e1gos arany sz\u00edn, amelyet a menta, a karamell, a citrusf\u00e9l\u00e9k, a b\u0151r, valamint [...]\" \/>\n<meta property=\"og:url\" content=\"https:\/\/www.rumicon.sk\/hu\/produkt\/rum-a-h-riise-xo-reserve-07l-40\/\" \/>\n<meta property=\"og:site_name\" content=\"rumicon.sk\" \/>\n<meta property=\"article:publisher\" content=\"https:\/\/www.facebook.com\/people\/Rumicon-Bottle-Cigar-Shop\/100087110283303\/\" \/>\n<meta property=\"og:image\" content=\"https:\/\/www.rumicon.sk\/wp-content\/uploads\/logo-rumicon-bcs-color.png\" \/>\n\t<meta property=\"og:image:width\" content=\"827\" \/>\n\t<meta property=\"og:image:height\" content=\"278\" \/>\n\t<meta property=\"og:image:type\" content=\"image\/png\" \/>\n<meta name=\"twitter:card\" content=\"summary_large_image\" \/>\n<meta name=\"twitter:label1\" content=\"Becs\u00fclt olvas\u00e1si id\u0151\" \/>\n\t<meta name=\"twitter:data1\" content=\"1 perc\" \/>\n<script type=\"application\/ld+json\" class=\"yoast-schema-graph\">{\"@context\":\"https:\/\/schema.org\",\"@graph\":[{\"@type\":\"WebPage\",\"@id\":\"https:\/\/www.rumicon.sk\/hu\/produkt\/rum-a-h-riise-xo-reserve-07l-40\/\",\"url\":\"https:\/\/www.rumicon.sk\/hu\/produkt\/rum-a-h-riise-xo-reserve-07l-40\/\",\"name\":\"Rum A.H.Riise XO Reserve 0,7l 40% - rumicon.sk\",\"isPartOf\":{\"@id\":\"https:\/\/www.rumicon.sk\/hu\/#website\"},\"primaryImageOfPage\":{\"@id\":\"https:\/\/www.rumicon.sk\/hu\/produkt\/rum-a-h-riise-xo-reserve-07l-40\/#primaryimage\"},\"image\":{\"@id\":\"https:\/\/www.rumicon.sk\/hu\/produkt\/rum-a-h-riise-xo-reserve-07l-40\/#primaryimage\"},\"thumbnailUrl\":\"https:\/\/www.rumicon.sk\/wp-content\/uploads\/eeb3c363-063c-4655-865e-9b8437b515d7.avif\",\"datePublished\":\"2024-11-27T15:15:26+00:00\",\"breadcrumb\":{\"@id\":\"https:\/\/www.rumicon.sk\/hu\/produkt\/rum-a-h-riise-xo-reserve-07l-40\/#breadcrumb\"},\"inLanguage\":\"hu\",\"potentialAction\":[{\"@type\":\"ReadAction\",\"target\":[\"https:\/\/www.rumicon.sk\/hu\/produkt\/rum-a-h-riise-xo-reserve-07l-40\/\"]}]},{\"@type\":\"ImageObject\",\"inLanguage\":\"hu\",\"@id\":\"https:\/\/www.rumicon.sk\/hu\/produkt\/rum-a-h-riise-xo-reserve-07l-40\/#primaryimage\",\"url\":\"https:\/\/www.rumicon.sk\/wp-content\/uploads\/eeb3c363-063c-4655-865e-9b8437b515d7.avif\",\"contentUrl\":\"https:\/\/www.rumicon.sk\/wp-content\/uploads\/eeb3c363-063c-4655-865e-9b8437b515d7.avif\",\"width\":400,\"height\":400,\"caption\":\"A.H. Riise XO Reserve 0,7\u202fl 40\u202f%\"},{\"@type\":\"BreadcrumbList\",\"@id\":\"https:\/\/www.rumicon.sk\/hu\/produkt\/rum-a-h-riise-xo-reserve-07l-40\/#breadcrumb\",\"itemListElement\":[{\"@type\":\"ListItem\",\"position\":1,\"name\":\"Home\",\"item\":\"https:\/\/www.rumicon.sk\/hu\/home\/\"},{\"@type\":\"ListItem\",\"position\":2,\"name\":\"Web\u00e1ruh\u00e1z\",\"item\":\"https:\/\/www.rumicon.sk\/hu\/webaruhaz\/\"},{\"@type\":\"ListItem\",\"position\":3,\"name\":\"Rum A.H.Riise XO Reserve 0,7l 40%\"}]},{\"@type\":\"WebSite\",\"@id\":\"https:\/\/www.rumicon.sk\/hu\/#website\",\"url\":\"https:\/\/www.rumicon.sk\/hu\/\",\"name\":\"rumicon.sk\",\"description\":\"\",\"publisher\":{\"@id\":\"https:\/\/www.rumicon.sk\/hu\/#organization\"},\"potentialAction\":[{\"@type\":\"SearchAction\",\"target\":{\"@type\":\"EntryPoint\",\"urlTemplate\":\"https:\/\/www.rumicon.sk\/hu\/?s={search_term_string}\"},\"query-input\":{\"@type\":\"PropertyValueSpecification\",\"valueRequired\":true,\"valueName\":\"search_term_string\"}}],\"inLanguage\":\"hu\"},{\"@type\":\"Organization\",\"@id\":\"https:\/\/www.rumicon.sk\/hu\/#organization\",\"name\":\"rumicon.sk\",\"url\":\"https:\/\/www.rumicon.sk\/hu\/\",\"logo\":{\"@type\":\"ImageObject\",\"inLanguage\":\"hu\",\"@id\":\"https:\/\/www.rumicon.sk\/hu\/#\/schema\/logo\/image\/\",\"url\":\"https:\/\/www.rumicon.sk\/wp-content\/uploads\/logo-rumicon-bcs-color.png\",\"contentUrl\":\"https:\/\/www.rumicon.sk\/wp-content\/uploads\/logo-rumicon-bcs-color.png\",\"width\":827,\"height\":278,\"caption\":\"rumicon.sk\"},\"image\":{\"@id\":\"https:\/\/www.rumicon.sk\/hu\/#\/schema\/logo\/image\/\"},\"sameAs\":[\"https:\/\/www.facebook.com\/people\/Rumicon-Bottle-Cigar-Shop\/100087110283303\/\",\"https:\/\/www.instagram.com\/rumicon_bottle_cigar_shop\/\",\"https:\/\/www.tiktok.com\/@rumicon2022\"]}]}<\/script>\n<!-- \/ Yoast SEO plugin. -->","yoast_head_json":{"title":"Rum A.H.Riise XO Reserve 0,7l 40% - rumicon.sk","robots":{"index":"index","follow":"follow","max-snippet":"max-snippet:-1","max-image-preview":"max-image-preview:large","max-video-preview":"max-video-preview:-1"},"canonical":"https:\/\/www.rumicon.sk\/hu\/produkt\/rum-a-h-riise-xo-reserve-07l-40\/","og_locale":"hu_HU","og_type":"article","og_title":"Rum A.H.Riise XO Reserve 0,7l 40% - rumicon.sk","og_description":"Az A.H. Riise XO Reserve egy egyed\u00fcl\u00e1ll\u00f3 karibi rum &#8211; k\u00f6nny\u0171, \u00e9desebb \u00e9s jellegzetes karakterrel. Az A.H. Riise z\u00e1szl\u00f3shaj\u00f3 m\u00e1rk\u00e1jak\u00e9nt \u00e9rz\u00e9kenyen v\u00e1logatott, \u00e9rlelt rumok kever\u00e9k\u00e9t k\u00edn\u00e1lja, amelybe egy csipetnyi fiatalabb rumot kevernek az \u00edzek \u00edzletes egyens\u00falya \u00e9rdek\u00e9ben. Ennek eredm\u00e9nye a kellemes , vil\u00e1gos arany sz\u00edn, amelyet a menta, a karamell, a citrusf\u00e9l\u00e9k, a b\u0151r, valamint [...]","og_url":"https:\/\/www.rumicon.sk\/hu\/produkt\/rum-a-h-riise-xo-reserve-07l-40\/","og_site_name":"rumicon.sk","article_publisher":"https:\/\/www.facebook.com\/people\/Rumicon-Bottle-Cigar-Shop\/100087110283303\/","og_image":[{"width":827,"height":278,"url":"https:\/\/www.rumicon.sk\/wp-content\/uploads\/logo-rumicon-bcs-color.png","type":"image\/png"}],"twitter_card":"summary_large_image","twitter_misc":{"Becs\u00fclt olvas\u00e1si id\u0151":"1 perc"},"schema":{"@context":"https:\/\/schema.org","@graph":[{"@type":"WebPage","@id":"https:\/\/www.rumicon.sk\/hu\/produkt\/rum-a-h-riise-xo-reserve-07l-40\/","url":"https:\/\/www.rumicon.sk\/hu\/produkt\/rum-a-h-riise-xo-reserve-07l-40\/","name":"Rum A.H.Riise XO Reserve 0,7l 40% - rumicon.sk","isPartOf":{"@id":"https:\/\/www.rumicon.sk\/hu\/#website"},"primaryImageOfPage":{"@id":"https:\/\/www.rumicon.sk\/hu\/produkt\/rum-a-h-riise-xo-reserve-07l-40\/#primaryimage"},"image":{"@id":"https:\/\/www.rumicon.sk\/hu\/produkt\/rum-a-h-riise-xo-reserve-07l-40\/#primaryimage"},"thumbnailUrl":"https:\/\/www.rumicon.sk\/wp-content\/uploads\/eeb3c363-063c-4655-865e-9b8437b515d7.avif","datePublished":"2024-11-27T15:15:26+00:00","breadcrumb":{"@id":"https:\/\/www.rumicon.sk\/hu\/produkt\/rum-a-h-riise-xo-reserve-07l-40\/#breadcrumb"},"inLanguage":"hu","potentialAction":[{"@type":"ReadAction","target":["https:\/\/www.rumicon.sk\/hu\/produkt\/rum-a-h-riise-xo-reserve-07l-40\/"]}]},{"@type":"ImageObject","inLanguage":"hu","@id":"https:\/\/www.rumicon.sk\/hu\/produkt\/rum-a-h-riise-xo-reserve-07l-40\/#primaryimage","url":"https:\/\/www.rumicon.sk\/wp-content\/uploads\/eeb3c363-063c-4655-865e-9b8437b515d7.avif","contentUrl":"https:\/\/www.rumicon.sk\/wp-content\/uploads\/eeb3c363-063c-4655-865e-9b8437b515d7.avif","width":400,"height":400,"caption":"A.H. Riise XO Reserve 0,7\u202fl 40\u202f%"},{"@type":"BreadcrumbList","@id":"https:\/\/www.rumicon.sk\/hu\/produkt\/rum-a-h-riise-xo-reserve-07l-40\/#breadcrumb","itemListElement":[{"@type":"ListItem","position":1,"name":"Home","item":"https:\/\/www.rumicon.sk\/hu\/home\/"},{"@type":"ListItem","position":2,"name":"Web\u00e1ruh\u00e1z","item":"https:\/\/www.rumicon.sk\/hu\/webaruhaz\/"},{"@type":"ListItem","position":3,"name":"Rum A.H.Riise XO Reserve 0,7l 40%"}]},{"@type":"WebSite","@id":"https:\/\/www.rumicon.sk\/hu\/#website","url":"https:\/\/www.rumicon.sk\/hu\/","name":"rumicon.sk","description":"","publisher":{"@id":"https:\/\/www.rumicon.sk\/hu\/#organization"},"potentialAction":[{"@type":"SearchAction","target":{"@type":"EntryPoint","urlTemplate":"https:\/\/www.rumicon.sk\/hu\/?s={search_term_string}"},"query-input":{"@type":"PropertyValueSpecification","valueRequired":true,"valueName":"search_term_string"}}],"inLanguage":"hu"},{"@type":"Organization","@id":"https:\/\/www.rumicon.sk\/hu\/#organization","name":"rumicon.sk","url":"https:\/\/www.rumicon.sk\/hu\/","logo":{"@type":"ImageObject","inLanguage":"hu","@id":"https:\/\/www.rumicon.sk\/hu\/#\/schema\/logo\/image\/","url":"https:\/\/www.rumicon.sk\/wp-content\/uploads\/logo-rumicon-bcs-color.png","contentUrl":"https:\/\/www.rumicon.sk\/wp-content\/uploads\/logo-rumicon-bcs-color.png","width":827,"height":278,"caption":"rumicon.sk"},"image":{"@id":"https:\/\/www.rumicon.sk\/hu\/#\/schema\/logo\/image\/"},"sameAs":["https:\/\/www.facebook.com\/people\/Rumicon-Bottle-Cigar-Shop\/100087110283303\/","https:\/\/www.instagram.com\/rumicon_bottle_cigar_shop\/","https:\/\/www.tiktok.com\/@rumicon2022"]}]}},"_links":{"self":[{"href":"https:\/\/www.rumicon.sk\/hu\/wp-json\/wp\/v2\/product\/8937","targetHints":{"allow":["GET"]}}],"collection":[{"href":"https:\/\/www.rumicon.sk\/hu\/wp-json\/wp\/v2\/product"}],"about":[{"href":"https:\/\/www.rumicon.sk\/hu\/wp-json\/wp\/v2\/types\/product"}],"replies":[{"embeddable":true,"href":"https:\/\/www.rumicon.sk\/hu\/wp-json\/wp\/v2\/comments?post=8937"}],"wp:featuredmedia":[{"embeddable":true,"href":"https:\/\/www.rumicon.sk\/hu\/wp-json\/wp\/v2\/media\/7467"}],"wp:attachment":[{"href":"https:\/\/www.rumicon.sk\/hu\/wp-json\/wp\/v2\/media?parent=8937"}],"wp:term":[{"taxonomy":"product_brand","embeddable":true,"href":"https:\/\/www.rumicon.sk\/hu\/wp-json\/wp\/v2\/product_brand?post=8937"},{"taxonomy":"product_cat","embeddable":true,"href":"https:\/\/www.rumicon.sk\/hu\/wp-json\/wp\/v2\/product_cat?post=8937"},{"taxonomy":"product_tag","embeddable":true,"href":"https:\/\/www.rumicon.sk\/hu\/wp-json\/wp\/v2\/product_tag?post=8937"}],"curies":[{"name":"wp","href":"https:\/\/api.w.org\/{rel}","templated":true}]}}