{"id":8935,"date":"2024-11-27T16:06:53","date_gmt":"2024-11-27T15:06:53","guid":{"rendered":"https:\/\/www.rumicon.sk\/produkt\/gin-cubical-premium-40-07l-pohar\/"},"modified":"2024-11-27T16:06:53","modified_gmt":"2024-11-27T15:06:53","slug":"gin-cubical-premium-40-07l-pohar","status":"publish","type":"product","link":"https:\/\/www.rumicon.sk\/hu\/produkt\/gin-cubical-premium-40-07l-pohar\/","title":{"rendered":"Gin Cubical Premium 40% 0,7l + poh\u00e1r"},"content":{"rendered":"<div class=\"sc-item\">\n<div>Ez egy 40 sz\u00e1zal\u00e9kos London Dry Gin a Williams &amp; Humbert-t\u0151l, amely tal\u00e1n jobban ismert a spanyol p\u00e1link\u00e1ir\u00f3l. Ez a friss\u00edt\u0151 ital olyan botanikai anyagokat tartalmaz, mint a bor\u00f3ka, mandarin, kakukkf\u0171, kamilla, menta, \u00e1nizs, mang\u00f3, \u00e9des narancs, mandula, koriander, fah\u00e9j, citrom, kardamom \u00e9s Buddha keze, amely egyfajta citrusf\u00e9le. Friss \u00e9s energikus. Az el\u0151t\u00e9rben gy\u00fcm\u00f6lcs\u00f6s jegyek vannak. Az \u00fcveg szinte kocka alak\u00fa, ami elk\u00e9peszt\u0151.    <\/p>\n<p><strong>\u00cdz \u00e9s illat:<\/strong><br \/>\nEz egy k\u00f6nny\u0171 \u00e9s sz\u00e1raz gin. A n\u00f6v\u00e9nyek domin\u00e1lnak az el\u0151t\u00e9rben bor\u00f3k\u00e1val \u00e9s mandulak\u0151vel, \u00e9s k\u00f6nny\u0171 citrusos jegyeket tal\u00e1lunk Buddha keze, bergamott \u00e9s \u00e9des narancs form\u00e1j\u00e1ban. <\/div>\n<div><\/div>\n<div class=\"sc-item__key\"><strong>Sz\u00edn:<\/strong> krist\u00e1ly, tiszta<\/div>\n<\/div>\n<div class=\"sc-item\">\n<div class=\"sc-item__key\"><strong>Illat:<\/strong> citrusok, gy\u00f3gyn\u00f6v\u00e9nyek, f\u0171, f\u0171szerek, bor\u00f3ka<\/div>\n<\/div>\n<div class=\"sc-item\">\n<div class=\"sc-item__key\"><strong>\u00cdz:<\/strong> keser\u0171, f\u0171szerek, bor\u00f3ka, fekete \u00e9desk\u00f6m\u00e9ny<\/div>\n<\/div>\n<div class=\"sc-item\">\n<div class=\"sc-item__key\"><strong>Finish:<\/strong> hossz\u00fa, sima, bors, narancs, koriander<\/div>\n<\/div>\n","protected":false},"excerpt":{"rendered":"<p>Ez egy 40 sz\u00e1zal\u00e9kos London Dry Gin a Williams &amp; Humbert-t\u0151l, amely tal\u00e1n jobban ismert a spanyol p\u00e1link\u00e1ir\u00f3l. Ez a friss\u00edt\u0151 ital olyan botanikai anyagokat tartalmaz, mint a bor\u00f3ka, mandarin, kakukkf\u0171, kamilla, menta, \u00e1nizs, mang\u00f3, \u00e9des narancs, mandula, koriander, fah\u00e9j, citrom, kardamom \u00e9s Buddha keze, amely egyfajta citrusf\u00e9le. Friss \u00e9s energikus. Az el\u0151t\u00e9rben gy\u00fcm\u00f6lcs\u00f6s jegyek [&#8230;]\n","protected":false},"featured_media":7459,"comment_status":"closed","ping_status":"closed","template":"","meta":{"_acf_changed":false},"product_brand":[],"product_cat":[598,603,623],"product_tag":[828],"class_list":{"0":"post-8935","1":"product","2":"type-product","3":"status-publish","4":"has-post-thumbnail","6":"product_cat-gin-hu","7":"product_cat-dry-gin-hu","8":"product_cat-gin-kollekciok","9":"product_tag-cubical-hu","10":"pa_druh-alkoholu-gin-hu","11":"pa_krajina-povodu-spanyolorszag","12":"pa_objem-07-l-hu","13":"pa_obsah-alkoholu-40-hu","15":"first","16":"instock","17":"taxable","18":"shipping-taxable","19":"purchasable","20":"product-type-simple"},"acf":[],"yoast_head":"<!-- This site is optimized with the Yoast SEO plugin v27.0 - https:\/\/yoast.com\/product\/yoast-seo-wordpress\/ -->\n<title>Gin Cubical Premium 40% 0,7l + poh\u00e1r - rumicon.sk<\/title>\n<meta name=\"robots\" content=\"index, follow, max-snippet:-1, max-image-preview:large, max-video-preview:-1\" \/>\n<link rel=\"canonical\" href=\"https:\/\/www.rumicon.sk\/hu\/produkt\/gin-cubical-premium-40-07l-pohar\/\" \/>\n<meta property=\"og:locale\" content=\"hu_HU\" \/>\n<meta property=\"og:type\" content=\"article\" \/>\n<meta property=\"og:title\" content=\"Gin Cubical Premium 40% 0,7l + poh\u00e1r - rumicon.sk\" \/>\n<meta property=\"og:description\" content=\"Ez egy 40 sz\u00e1zal\u00e9kos London Dry Gin a Williams &amp; Humbert-t\u0151l, amely tal\u00e1n jobban ismert a spanyol p\u00e1link\u00e1ir\u00f3l. Ez a friss\u00edt\u0151 ital olyan botanikai anyagokat tartalmaz, mint a bor\u00f3ka, mandarin, kakukkf\u0171, kamilla, menta, \u00e1nizs, mang\u00f3, \u00e9des narancs, mandula, koriander, fah\u00e9j, citrom, kardamom \u00e9s Buddha keze, amely egyfajta citrusf\u00e9le. Friss \u00e9s energikus. Az el\u0151t\u00e9rben gy\u00fcm\u00f6lcs\u00f6s jegyek [...]\" \/>\n<meta property=\"og:url\" content=\"https:\/\/www.rumicon.sk\/hu\/produkt\/gin-cubical-premium-40-07l-pohar\/\" \/>\n<meta property=\"og:site_name\" content=\"rumicon.sk\" \/>\n<meta property=\"article:publisher\" content=\"https:\/\/www.facebook.com\/people\/Rumicon-Bottle-Cigar-Shop\/100087110283303\/\" \/>\n<meta property=\"og:image\" content=\"https:\/\/www.rumicon.sk\/wp-content\/uploads\/Cubical_Premium_Dry_Gin_Geschenkset_600x600.jpg\" \/>\n\t<meta property=\"og:image:width\" content=\"500\" \/>\n\t<meta property=\"og:image:height\" content=\"520\" \/>\n\t<meta property=\"og:image:type\" content=\"image\/jpeg\" \/>\n<meta name=\"twitter:card\" content=\"summary_large_image\" \/>\n<meta name=\"twitter:label1\" content=\"Becs\u00fclt olvas\u00e1si id\u0151\" \/>\n\t<meta name=\"twitter:data1\" content=\"1 perc\" \/>\n<script type=\"application\/ld+json\" class=\"yoast-schema-graph\">{\"@context\":\"https:\/\/schema.org\",\"@graph\":[{\"@type\":\"WebPage\",\"@id\":\"https:\/\/www.rumicon.sk\/hu\/produkt\/gin-cubical-premium-40-07l-pohar\/\",\"url\":\"https:\/\/www.rumicon.sk\/hu\/produkt\/gin-cubical-premium-40-07l-pohar\/\",\"name\":\"Gin Cubical Premium 40% 0,7l + poh\u00e1r - rumicon.sk\",\"isPartOf\":{\"@id\":\"https:\/\/www.rumicon.sk\/hu\/#website\"},\"primaryImageOfPage\":{\"@id\":\"https:\/\/www.rumicon.sk\/hu\/produkt\/gin-cubical-premium-40-07l-pohar\/#primaryimage\"},\"image\":{\"@id\":\"https:\/\/www.rumicon.sk\/hu\/produkt\/gin-cubical-premium-40-07l-pohar\/#primaryimage\"},\"thumbnailUrl\":\"https:\/\/www.rumicon.sk\/wp-content\/uploads\/Cubical_Premium_Dry_Gin_Geschenkset_600x600.jpg\",\"datePublished\":\"2024-11-27T15:06:53+00:00\",\"breadcrumb\":{\"@id\":\"https:\/\/www.rumicon.sk\/hu\/produkt\/gin-cubical-premium-40-07l-pohar\/#breadcrumb\"},\"inLanguage\":\"hu\",\"potentialAction\":[{\"@type\":\"ReadAction\",\"target\":[\"https:\/\/www.rumicon.sk\/hu\/produkt\/gin-cubical-premium-40-07l-pohar\/\"]}]},{\"@type\":\"ImageObject\",\"inLanguage\":\"hu\",\"@id\":\"https:\/\/www.rumicon.sk\/hu\/produkt\/gin-cubical-premium-40-07l-pohar\/#primaryimage\",\"url\":\"https:\/\/www.rumicon.sk\/wp-content\/uploads\/Cubical_Premium_Dry_Gin_Geschenkset_600x600.jpg\",\"contentUrl\":\"https:\/\/www.rumicon.sk\/wp-content\/uploads\/Cubical_Premium_Dry_Gin_Geschenkset_600x600.jpg\",\"width\":500,\"height\":520,\"caption\":\"Gin Cubical Premium 40% 0,7l + poh\u00e1r\"},{\"@type\":\"BreadcrumbList\",\"@id\":\"https:\/\/www.rumicon.sk\/hu\/produkt\/gin-cubical-premium-40-07l-pohar\/#breadcrumb\",\"itemListElement\":[{\"@type\":\"ListItem\",\"position\":1,\"name\":\"Home\",\"item\":\"https:\/\/www.rumicon.sk\/hu\/home\/\"},{\"@type\":\"ListItem\",\"position\":2,\"name\":\"Web\u00e1ruh\u00e1z\",\"item\":\"https:\/\/www.rumicon.sk\/hu\/webaruhaz\/\"},{\"@type\":\"ListItem\",\"position\":3,\"name\":\"Gin Cubical Premium 40% 0,7l + poh\u00e1r\"}]},{\"@type\":\"WebSite\",\"@id\":\"https:\/\/www.rumicon.sk\/hu\/#website\",\"url\":\"https:\/\/www.rumicon.sk\/hu\/\",\"name\":\"rumicon.sk\",\"description\":\"\",\"publisher\":{\"@id\":\"https:\/\/www.rumicon.sk\/hu\/#organization\"},\"potentialAction\":[{\"@type\":\"SearchAction\",\"target\":{\"@type\":\"EntryPoint\",\"urlTemplate\":\"https:\/\/www.rumicon.sk\/hu\/?s={search_term_string}\"},\"query-input\":{\"@type\":\"PropertyValueSpecification\",\"valueRequired\":true,\"valueName\":\"search_term_string\"}}],\"inLanguage\":\"hu\"},{\"@type\":\"Organization\",\"@id\":\"https:\/\/www.rumicon.sk\/hu\/#organization\",\"name\":\"rumicon.sk\",\"url\":\"https:\/\/www.rumicon.sk\/hu\/\",\"logo\":{\"@type\":\"ImageObject\",\"inLanguage\":\"hu\",\"@id\":\"https:\/\/www.rumicon.sk\/hu\/#\/schema\/logo\/image\/\",\"url\":\"https:\/\/www.rumicon.sk\/wp-content\/uploads\/logo-rumicon-bcs-color.png\",\"contentUrl\":\"https:\/\/www.rumicon.sk\/wp-content\/uploads\/logo-rumicon-bcs-color.png\",\"width\":827,\"height\":278,\"caption\":\"rumicon.sk\"},\"image\":{\"@id\":\"https:\/\/www.rumicon.sk\/hu\/#\/schema\/logo\/image\/\"},\"sameAs\":[\"https:\/\/www.facebook.com\/people\/Rumicon-Bottle-Cigar-Shop\/100087110283303\/\",\"https:\/\/www.instagram.com\/rumicon_bottle_cigar_shop\/\",\"https:\/\/www.tiktok.com\/@rumicon2022\"]}]}<\/script>\n<!-- \/ Yoast SEO plugin. -->","yoast_head_json":{"title":"Gin Cubical Premium 40% 0,7l + poh\u00e1r - rumicon.sk","robots":{"index":"index","follow":"follow","max-snippet":"max-snippet:-1","max-image-preview":"max-image-preview:large","max-video-preview":"max-video-preview:-1"},"canonical":"https:\/\/www.rumicon.sk\/hu\/produkt\/gin-cubical-premium-40-07l-pohar\/","og_locale":"hu_HU","og_type":"article","og_title":"Gin Cubical Premium 40% 0,7l + poh\u00e1r - rumicon.sk","og_description":"Ez egy 40 sz\u00e1zal\u00e9kos London Dry Gin a Williams &amp; Humbert-t\u0151l, amely tal\u00e1n jobban ismert a spanyol p\u00e1link\u00e1ir\u00f3l. Ez a friss\u00edt\u0151 ital olyan botanikai anyagokat tartalmaz, mint a bor\u00f3ka, mandarin, kakukkf\u0171, kamilla, menta, \u00e1nizs, mang\u00f3, \u00e9des narancs, mandula, koriander, fah\u00e9j, citrom, kardamom \u00e9s Buddha keze, amely egyfajta citrusf\u00e9le. Friss \u00e9s energikus. Az el\u0151t\u00e9rben gy\u00fcm\u00f6lcs\u00f6s jegyek [...]","og_url":"https:\/\/www.rumicon.sk\/hu\/produkt\/gin-cubical-premium-40-07l-pohar\/","og_site_name":"rumicon.sk","article_publisher":"https:\/\/www.facebook.com\/people\/Rumicon-Bottle-Cigar-Shop\/100087110283303\/","og_image":[{"width":500,"height":520,"url":"https:\/\/www.rumicon.sk\/wp-content\/uploads\/Cubical_Premium_Dry_Gin_Geschenkset_600x600.jpg","type":"image\/jpeg"}],"twitter_card":"summary_large_image","twitter_misc":{"Becs\u00fclt olvas\u00e1si id\u0151":"1 perc"},"schema":{"@context":"https:\/\/schema.org","@graph":[{"@type":"WebPage","@id":"https:\/\/www.rumicon.sk\/hu\/produkt\/gin-cubical-premium-40-07l-pohar\/","url":"https:\/\/www.rumicon.sk\/hu\/produkt\/gin-cubical-premium-40-07l-pohar\/","name":"Gin Cubical Premium 40% 0,7l + poh\u00e1r - rumicon.sk","isPartOf":{"@id":"https:\/\/www.rumicon.sk\/hu\/#website"},"primaryImageOfPage":{"@id":"https:\/\/www.rumicon.sk\/hu\/produkt\/gin-cubical-premium-40-07l-pohar\/#primaryimage"},"image":{"@id":"https:\/\/www.rumicon.sk\/hu\/produkt\/gin-cubical-premium-40-07l-pohar\/#primaryimage"},"thumbnailUrl":"https:\/\/www.rumicon.sk\/wp-content\/uploads\/Cubical_Premium_Dry_Gin_Geschenkset_600x600.jpg","datePublished":"2024-11-27T15:06:53+00:00","breadcrumb":{"@id":"https:\/\/www.rumicon.sk\/hu\/produkt\/gin-cubical-premium-40-07l-pohar\/#breadcrumb"},"inLanguage":"hu","potentialAction":[{"@type":"ReadAction","target":["https:\/\/www.rumicon.sk\/hu\/produkt\/gin-cubical-premium-40-07l-pohar\/"]}]},{"@type":"ImageObject","inLanguage":"hu","@id":"https:\/\/www.rumicon.sk\/hu\/produkt\/gin-cubical-premium-40-07l-pohar\/#primaryimage","url":"https:\/\/www.rumicon.sk\/wp-content\/uploads\/Cubical_Premium_Dry_Gin_Geschenkset_600x600.jpg","contentUrl":"https:\/\/www.rumicon.sk\/wp-content\/uploads\/Cubical_Premium_Dry_Gin_Geschenkset_600x600.jpg","width":500,"height":520,"caption":"Gin Cubical Premium 40% 0,7l + poh\u00e1r"},{"@type":"BreadcrumbList","@id":"https:\/\/www.rumicon.sk\/hu\/produkt\/gin-cubical-premium-40-07l-pohar\/#breadcrumb","itemListElement":[{"@type":"ListItem","position":1,"name":"Home","item":"https:\/\/www.rumicon.sk\/hu\/home\/"},{"@type":"ListItem","position":2,"name":"Web\u00e1ruh\u00e1z","item":"https:\/\/www.rumicon.sk\/hu\/webaruhaz\/"},{"@type":"ListItem","position":3,"name":"Gin Cubical Premium 40% 0,7l + poh\u00e1r"}]},{"@type":"WebSite","@id":"https:\/\/www.rumicon.sk\/hu\/#website","url":"https:\/\/www.rumicon.sk\/hu\/","name":"rumicon.sk","description":"","publisher":{"@id":"https:\/\/www.rumicon.sk\/hu\/#organization"},"potentialAction":[{"@type":"SearchAction","target":{"@type":"EntryPoint","urlTemplate":"https:\/\/www.rumicon.sk\/hu\/?s={search_term_string}"},"query-input":{"@type":"PropertyValueSpecification","valueRequired":true,"valueName":"search_term_string"}}],"inLanguage":"hu"},{"@type":"Organization","@id":"https:\/\/www.rumicon.sk\/hu\/#organization","name":"rumicon.sk","url":"https:\/\/www.rumicon.sk\/hu\/","logo":{"@type":"ImageObject","inLanguage":"hu","@id":"https:\/\/www.rumicon.sk\/hu\/#\/schema\/logo\/image\/","url":"https:\/\/www.rumicon.sk\/wp-content\/uploads\/logo-rumicon-bcs-color.png","contentUrl":"https:\/\/www.rumicon.sk\/wp-content\/uploads\/logo-rumicon-bcs-color.png","width":827,"height":278,"caption":"rumicon.sk"},"image":{"@id":"https:\/\/www.rumicon.sk\/hu\/#\/schema\/logo\/image\/"},"sameAs":["https:\/\/www.facebook.com\/people\/Rumicon-Bottle-Cigar-Shop\/100087110283303\/","https:\/\/www.instagram.com\/rumicon_bottle_cigar_shop\/","https:\/\/www.tiktok.com\/@rumicon2022"]}]}},"_links":{"self":[{"href":"https:\/\/www.rumicon.sk\/hu\/wp-json\/wp\/v2\/product\/8935","targetHints":{"allow":["GET"]}}],"collection":[{"href":"https:\/\/www.rumicon.sk\/hu\/wp-json\/wp\/v2\/product"}],"about":[{"href":"https:\/\/www.rumicon.sk\/hu\/wp-json\/wp\/v2\/types\/product"}],"replies":[{"embeddable":true,"href":"https:\/\/www.rumicon.sk\/hu\/wp-json\/wp\/v2\/comments?post=8935"}],"wp:featuredmedia":[{"embeddable":true,"href":"https:\/\/www.rumicon.sk\/hu\/wp-json\/wp\/v2\/media\/7459"}],"wp:attachment":[{"href":"https:\/\/www.rumicon.sk\/hu\/wp-json\/wp\/v2\/media?parent=8935"}],"wp:term":[{"taxonomy":"product_brand","embeddable":true,"href":"https:\/\/www.rumicon.sk\/hu\/wp-json\/wp\/v2\/product_brand?post=8935"},{"taxonomy":"product_cat","embeddable":true,"href":"https:\/\/www.rumicon.sk\/hu\/wp-json\/wp\/v2\/product_cat?post=8935"},{"taxonomy":"product_tag","embeddable":true,"href":"https:\/\/www.rumicon.sk\/hu\/wp-json\/wp\/v2\/product_tag?post=8935"}],"curies":[{"name":"wp","href":"https:\/\/api.w.org\/{rel}","templated":true}]}}