{"id":8934,"date":"2024-11-27T16:11:03","date_gmt":"2024-11-27T15:11:03","guid":{"rendered":"https:\/\/www.rumicon.sk\/produkt\/rum-dos-maderas-luxus-07l-40\/"},"modified":"2024-11-27T16:11:03","modified_gmt":"2024-11-27T15:11:03","slug":"rum-dos-maderas-luxus-07l-40","status":"publish","type":"product","link":"https:\/\/www.rumicon.sk\/hu\/produkt\/rum-dos-maderas-luxus-07l-40\/","title":{"rendered":"Rum Dos Maderas Luxus 0,7l 40%"},"content":{"rendered":"<p>Egy igaz\u00e1n exkluz\u00edv rum sz\u00fcletett. A Dos Maderas 5+3-hoz \u00e9s a Dos Maderas PX-hez hasonl\u00f3an ezt is k\u00e9zzel k\u00e9sz\u00edtik \u00e9s \u00e9rlelik el\u0151sz\u00f6r a Karib-tengeren, majd a Williams &amp; Humbert gy\u00e1rakba sz\u00e1ll\u00edtj\u00e1k, ahol solera rendszerben \u00e9rlelik. Elt\u00e9r a fent eml\u00edtett k\u00e9t rumt\u00f3l, mivel 15 \u00e9vig \u00e9rlelik: 10 \u00e9vig a Karib-tengeren, 5 \u00e9vig pedig azokban a hord\u00f3kban, ahol kor\u00e1bban a Don Guido bor volt.  <\/p>\n<p>Ez a rum egyed\u00fcl\u00e1ll\u00f3 a vil\u00e1gon, mert \u00edz\u00e9t \u00e9s \u00e1rnyalatait a k\u00e9t \u0151si kult\u00far\u00e1t\u00f3l kapja, ami a rumok rum\u00e1v\u00e1 teszi. Ez\u00e9rt olyan n\u00e9pszer\u0171 a legig\u00e9nyesebb \u00edzl\u00e9s\u0171ek k\u00f6r\u00e9ben. Igazi luxus a legnagyobb k\u00e9nyeztet\u0151k sz\u00e1m\u00e1ra.  <\/p>\n<p><strong>K\u00f3stol\u00e1si jegyzetek:<\/strong><br \/>\nA Dos Maderas Luxus rumot s\u00f6t\u00e9t borosty\u00e1nsz\u00edn\u0171, aranysz\u00edn\u0171 szemcs\u00e9kkel tark\u00edtott sz\u00edne k\u00fcl\u00f6nb\u00f6zteti meg. Illata nagyon \u00e9des, szirupos, f\u00e1s jegyeket sugall. Mandul\u00e1ra, feh\u00e9r gy\u00fcm\u00f6lcs\u00f6kre \u00e9s melaszra eml\u00e9keztet\u0151 jegyeket tal\u00e1lunk. \u00cdze meglep\u0151en \u00e9des, \u00e9s az alkohol vonz\u00f3 kombin\u00e1ci\u00f3ja a fa \u00e9s a f\u0171szerek jegyeivel.   <\/p>\n","protected":false},"excerpt":{"rendered":"<p>Egy igaz\u00e1n exkluz\u00edv rum sz\u00fcletett. A Dos Maderas 5+3-hoz \u00e9s a Dos Maderas PX-hez hasonl\u00f3an ezt is k\u00e9zzel k\u00e9sz\u00edtik \u00e9s \u00e9rlelik el\u0151sz\u00f6r a Karib-tengeren, majd a Williams &amp; Humbert gy\u00e1rakba sz\u00e1ll\u00edtj\u00e1k, ahol solera rendszerben \u00e9rlelik. Elt\u00e9r a fent eml\u00edtett k\u00e9t rumt\u00f3l, mivel 15 \u00e9vig \u00e9rlelik: 10 \u00e9vig a Karib-tengeren, 5 \u00e9vig pedig azokban a hord\u00f3kban, [&#8230;]\n","protected":false},"featured_media":7464,"comment_status":"closed","ping_status":"closed","template":"","meta":{"_acf_changed":false},"product_brand":[],"product_cat":[930,483,485],"product_tag":[843,1135],"class_list":{"0":"post-8934","1":"product","2":"type-product","3":"status-publish","4":"has-post-thumbnail","6":"product_cat-gyujtoi-alkohol","7":"product_cat-rum-hu","8":"product_cat-sotet-rum","9":"product_tag-dos-maderas-hu-2","10":"product_tag-sotet-rum","11":"pa_druh-alkoholu-rum-hu","12":"pa_druh-alkoholu-sotet-rum","13":"pa_krajina-povodu-spanyolorszag","14":"pa_objem-07-l-hu","15":"pa_obsah-alkoholu-40-hu","16":"pa_znacka-dos-maderas-hu","18":"first","19":"instock","20":"taxable","21":"shipping-taxable","22":"purchasable","23":"product-type-simple"},"acf":[],"yoast_head":"<!-- This site is optimized with the Yoast SEO plugin v27.0 - https:\/\/yoast.com\/product\/yoast-seo-wordpress\/ -->\n<title>Rum Dos Maderas Luxus 0,7l 40% - rumicon.sk<\/title>\n<meta name=\"robots\" content=\"index, follow, max-snippet:-1, max-image-preview:large, max-video-preview:-1\" \/>\n<link rel=\"canonical\" href=\"https:\/\/www.rumicon.sk\/hu\/produkt\/rum-dos-maderas-luxus-07l-40\/\" \/>\n<meta property=\"og:locale\" content=\"hu_HU\" \/>\n<meta property=\"og:type\" content=\"article\" \/>\n<meta property=\"og:title\" content=\"Rum Dos Maderas Luxus 0,7l 40% - rumicon.sk\" \/>\n<meta property=\"og:description\" content=\"Egy igaz\u00e1n exkluz\u00edv rum sz\u00fcletett. A Dos Maderas 5+3-hoz \u00e9s a Dos Maderas PX-hez hasonl\u00f3an ezt is k\u00e9zzel k\u00e9sz\u00edtik \u00e9s \u00e9rlelik el\u0151sz\u00f6r a Karib-tengeren, majd a Williams &amp; Humbert gy\u00e1rakba sz\u00e1ll\u00edtj\u00e1k, ahol solera rendszerben \u00e9rlelik. Elt\u00e9r a fent eml\u00edtett k\u00e9t rumt\u00f3l, mivel 15 \u00e9vig \u00e9rlelik: 10 \u00e9vig a Karib-tengeren, 5 \u00e9vig pedig azokban a hord\u00f3kban, [...]\" \/>\n<meta property=\"og:url\" content=\"https:\/\/www.rumicon.sk\/hu\/produkt\/rum-dos-maderas-luxus-07l-40\/\" \/>\n<meta property=\"og:site_name\" content=\"rumicon.sk\" \/>\n<meta property=\"article:publisher\" content=\"https:\/\/www.facebook.com\/people\/Rumicon-Bottle-Cigar-Shop\/100087110283303\/\" \/>\n<meta property=\"og:image\" content=\"https:\/\/www.rumicon.sk\/wp-content\/uploads\/watermark-7544-6682-dos-maderas-luxus-double-aged-limited-edition-0-7l-40-kazeta.webp\" \/>\n\t<meta property=\"og:image:width\" content=\"400\" \/>\n\t<meta property=\"og:image:height\" content=\"400\" \/>\n\t<meta property=\"og:image:type\" content=\"image\/webp\" \/>\n<meta name=\"twitter:card\" content=\"summary_large_image\" \/>\n<meta name=\"twitter:label1\" content=\"Becs\u00fclt olvas\u00e1si id\u0151\" \/>\n\t<meta name=\"twitter:data1\" content=\"1 perc\" \/>\n<script type=\"application\/ld+json\" class=\"yoast-schema-graph\">{\"@context\":\"https:\/\/schema.org\",\"@graph\":[{\"@type\":\"WebPage\",\"@id\":\"https:\/\/www.rumicon.sk\/hu\/produkt\/rum-dos-maderas-luxus-07l-40\/\",\"url\":\"https:\/\/www.rumicon.sk\/hu\/produkt\/rum-dos-maderas-luxus-07l-40\/\",\"name\":\"Rum Dos Maderas Luxus 0,7l 40% - rumicon.sk\",\"isPartOf\":{\"@id\":\"https:\/\/www.rumicon.sk\/hu\/#website\"},\"primaryImageOfPage\":{\"@id\":\"https:\/\/www.rumicon.sk\/hu\/produkt\/rum-dos-maderas-luxus-07l-40\/#primaryimage\"},\"image\":{\"@id\":\"https:\/\/www.rumicon.sk\/hu\/produkt\/rum-dos-maderas-luxus-07l-40\/#primaryimage\"},\"thumbnailUrl\":\"https:\/\/www.rumicon.sk\/wp-content\/uploads\/watermark-7544-6682-dos-maderas-luxus-double-aged-limited-edition-0-7l-40-kazeta.webp\",\"datePublished\":\"2024-11-27T15:11:03+00:00\",\"breadcrumb\":{\"@id\":\"https:\/\/www.rumicon.sk\/hu\/produkt\/rum-dos-maderas-luxus-07l-40\/#breadcrumb\"},\"inLanguage\":\"hu\",\"potentialAction\":[{\"@type\":\"ReadAction\",\"target\":[\"https:\/\/www.rumicon.sk\/hu\/produkt\/rum-dos-maderas-luxus-07l-40\/\"]}]},{\"@type\":\"ImageObject\",\"inLanguage\":\"hu\",\"@id\":\"https:\/\/www.rumicon.sk\/hu\/produkt\/rum-dos-maderas-luxus-07l-40\/#primaryimage\",\"url\":\"https:\/\/www.rumicon.sk\/wp-content\/uploads\/watermark-7544-6682-dos-maderas-luxus-double-aged-limited-edition-0-7l-40-kazeta.webp\",\"contentUrl\":\"https:\/\/www.rumicon.sk\/wp-content\/uploads\/watermark-7544-6682-dos-maderas-luxus-double-aged-limited-edition-0-7l-40-kazeta.webp\",\"width\":400,\"height\":400,\"caption\":\"Dos Maderas Luxus\"},{\"@type\":\"BreadcrumbList\",\"@id\":\"https:\/\/www.rumicon.sk\/hu\/produkt\/rum-dos-maderas-luxus-07l-40\/#breadcrumb\",\"itemListElement\":[{\"@type\":\"ListItem\",\"position\":1,\"name\":\"Home\",\"item\":\"https:\/\/www.rumicon.sk\/hu\/home\/\"},{\"@type\":\"ListItem\",\"position\":2,\"name\":\"Web\u00e1ruh\u00e1z\",\"item\":\"https:\/\/www.rumicon.sk\/hu\/webaruhaz\/\"},{\"@type\":\"ListItem\",\"position\":3,\"name\":\"Rum Dos Maderas Luxus 0,7l 40%\"}]},{\"@type\":\"WebSite\",\"@id\":\"https:\/\/www.rumicon.sk\/hu\/#website\",\"url\":\"https:\/\/www.rumicon.sk\/hu\/\",\"name\":\"rumicon.sk\",\"description\":\"\",\"publisher\":{\"@id\":\"https:\/\/www.rumicon.sk\/hu\/#organization\"},\"potentialAction\":[{\"@type\":\"SearchAction\",\"target\":{\"@type\":\"EntryPoint\",\"urlTemplate\":\"https:\/\/www.rumicon.sk\/hu\/?s={search_term_string}\"},\"query-input\":{\"@type\":\"PropertyValueSpecification\",\"valueRequired\":true,\"valueName\":\"search_term_string\"}}],\"inLanguage\":\"hu\"},{\"@type\":\"Organization\",\"@id\":\"https:\/\/www.rumicon.sk\/hu\/#organization\",\"name\":\"rumicon.sk\",\"url\":\"https:\/\/www.rumicon.sk\/hu\/\",\"logo\":{\"@type\":\"ImageObject\",\"inLanguage\":\"hu\",\"@id\":\"https:\/\/www.rumicon.sk\/hu\/#\/schema\/logo\/image\/\",\"url\":\"https:\/\/www.rumicon.sk\/wp-content\/uploads\/logo-rumicon-bcs-color.png\",\"contentUrl\":\"https:\/\/www.rumicon.sk\/wp-content\/uploads\/logo-rumicon-bcs-color.png\",\"width\":827,\"height\":278,\"caption\":\"rumicon.sk\"},\"image\":{\"@id\":\"https:\/\/www.rumicon.sk\/hu\/#\/schema\/logo\/image\/\"},\"sameAs\":[\"https:\/\/www.facebook.com\/people\/Rumicon-Bottle-Cigar-Shop\/100087110283303\/\",\"https:\/\/www.instagram.com\/rumicon_bottle_cigar_shop\/\",\"https:\/\/www.tiktok.com\/@rumicon2022\"]}]}<\/script>\n<!-- \/ Yoast SEO plugin. -->","yoast_head_json":{"title":"Rum Dos Maderas Luxus 0,7l 40% - rumicon.sk","robots":{"index":"index","follow":"follow","max-snippet":"max-snippet:-1","max-image-preview":"max-image-preview:large","max-video-preview":"max-video-preview:-1"},"canonical":"https:\/\/www.rumicon.sk\/hu\/produkt\/rum-dos-maderas-luxus-07l-40\/","og_locale":"hu_HU","og_type":"article","og_title":"Rum Dos Maderas Luxus 0,7l 40% - rumicon.sk","og_description":"Egy igaz\u00e1n exkluz\u00edv rum sz\u00fcletett. A Dos Maderas 5+3-hoz \u00e9s a Dos Maderas PX-hez hasonl\u00f3an ezt is k\u00e9zzel k\u00e9sz\u00edtik \u00e9s \u00e9rlelik el\u0151sz\u00f6r a Karib-tengeren, majd a Williams &amp; Humbert gy\u00e1rakba sz\u00e1ll\u00edtj\u00e1k, ahol solera rendszerben \u00e9rlelik. Elt\u00e9r a fent eml\u00edtett k\u00e9t rumt\u00f3l, mivel 15 \u00e9vig \u00e9rlelik: 10 \u00e9vig a Karib-tengeren, 5 \u00e9vig pedig azokban a hord\u00f3kban, [...]","og_url":"https:\/\/www.rumicon.sk\/hu\/produkt\/rum-dos-maderas-luxus-07l-40\/","og_site_name":"rumicon.sk","article_publisher":"https:\/\/www.facebook.com\/people\/Rumicon-Bottle-Cigar-Shop\/100087110283303\/","og_image":[{"width":400,"height":400,"url":"https:\/\/www.rumicon.sk\/wp-content\/uploads\/watermark-7544-6682-dos-maderas-luxus-double-aged-limited-edition-0-7l-40-kazeta.webp","type":"image\/webp"}],"twitter_card":"summary_large_image","twitter_misc":{"Becs\u00fclt olvas\u00e1si id\u0151":"1 perc"},"schema":{"@context":"https:\/\/schema.org","@graph":[{"@type":"WebPage","@id":"https:\/\/www.rumicon.sk\/hu\/produkt\/rum-dos-maderas-luxus-07l-40\/","url":"https:\/\/www.rumicon.sk\/hu\/produkt\/rum-dos-maderas-luxus-07l-40\/","name":"Rum Dos Maderas Luxus 0,7l 40% - rumicon.sk","isPartOf":{"@id":"https:\/\/www.rumicon.sk\/hu\/#website"},"primaryImageOfPage":{"@id":"https:\/\/www.rumicon.sk\/hu\/produkt\/rum-dos-maderas-luxus-07l-40\/#primaryimage"},"image":{"@id":"https:\/\/www.rumicon.sk\/hu\/produkt\/rum-dos-maderas-luxus-07l-40\/#primaryimage"},"thumbnailUrl":"https:\/\/www.rumicon.sk\/wp-content\/uploads\/watermark-7544-6682-dos-maderas-luxus-double-aged-limited-edition-0-7l-40-kazeta.webp","datePublished":"2024-11-27T15:11:03+00:00","breadcrumb":{"@id":"https:\/\/www.rumicon.sk\/hu\/produkt\/rum-dos-maderas-luxus-07l-40\/#breadcrumb"},"inLanguage":"hu","potentialAction":[{"@type":"ReadAction","target":["https:\/\/www.rumicon.sk\/hu\/produkt\/rum-dos-maderas-luxus-07l-40\/"]}]},{"@type":"ImageObject","inLanguage":"hu","@id":"https:\/\/www.rumicon.sk\/hu\/produkt\/rum-dos-maderas-luxus-07l-40\/#primaryimage","url":"https:\/\/www.rumicon.sk\/wp-content\/uploads\/watermark-7544-6682-dos-maderas-luxus-double-aged-limited-edition-0-7l-40-kazeta.webp","contentUrl":"https:\/\/www.rumicon.sk\/wp-content\/uploads\/watermark-7544-6682-dos-maderas-luxus-double-aged-limited-edition-0-7l-40-kazeta.webp","width":400,"height":400,"caption":"Dos Maderas Luxus"},{"@type":"BreadcrumbList","@id":"https:\/\/www.rumicon.sk\/hu\/produkt\/rum-dos-maderas-luxus-07l-40\/#breadcrumb","itemListElement":[{"@type":"ListItem","position":1,"name":"Home","item":"https:\/\/www.rumicon.sk\/hu\/home\/"},{"@type":"ListItem","position":2,"name":"Web\u00e1ruh\u00e1z","item":"https:\/\/www.rumicon.sk\/hu\/webaruhaz\/"},{"@type":"ListItem","position":3,"name":"Rum Dos Maderas Luxus 0,7l 40%"}]},{"@type":"WebSite","@id":"https:\/\/www.rumicon.sk\/hu\/#website","url":"https:\/\/www.rumicon.sk\/hu\/","name":"rumicon.sk","description":"","publisher":{"@id":"https:\/\/www.rumicon.sk\/hu\/#organization"},"potentialAction":[{"@type":"SearchAction","target":{"@type":"EntryPoint","urlTemplate":"https:\/\/www.rumicon.sk\/hu\/?s={search_term_string}"},"query-input":{"@type":"PropertyValueSpecification","valueRequired":true,"valueName":"search_term_string"}}],"inLanguage":"hu"},{"@type":"Organization","@id":"https:\/\/www.rumicon.sk\/hu\/#organization","name":"rumicon.sk","url":"https:\/\/www.rumicon.sk\/hu\/","logo":{"@type":"ImageObject","inLanguage":"hu","@id":"https:\/\/www.rumicon.sk\/hu\/#\/schema\/logo\/image\/","url":"https:\/\/www.rumicon.sk\/wp-content\/uploads\/logo-rumicon-bcs-color.png","contentUrl":"https:\/\/www.rumicon.sk\/wp-content\/uploads\/logo-rumicon-bcs-color.png","width":827,"height":278,"caption":"rumicon.sk"},"image":{"@id":"https:\/\/www.rumicon.sk\/hu\/#\/schema\/logo\/image\/"},"sameAs":["https:\/\/www.facebook.com\/people\/Rumicon-Bottle-Cigar-Shop\/100087110283303\/","https:\/\/www.instagram.com\/rumicon_bottle_cigar_shop\/","https:\/\/www.tiktok.com\/@rumicon2022"]}]}},"_links":{"self":[{"href":"https:\/\/www.rumicon.sk\/hu\/wp-json\/wp\/v2\/product\/8934","targetHints":{"allow":["GET"]}}],"collection":[{"href":"https:\/\/www.rumicon.sk\/hu\/wp-json\/wp\/v2\/product"}],"about":[{"href":"https:\/\/www.rumicon.sk\/hu\/wp-json\/wp\/v2\/types\/product"}],"replies":[{"embeddable":true,"href":"https:\/\/www.rumicon.sk\/hu\/wp-json\/wp\/v2\/comments?post=8934"}],"wp:featuredmedia":[{"embeddable":true,"href":"https:\/\/www.rumicon.sk\/hu\/wp-json\/wp\/v2\/media\/7464"}],"wp:attachment":[{"href":"https:\/\/www.rumicon.sk\/hu\/wp-json\/wp\/v2\/media?parent=8934"}],"wp:term":[{"taxonomy":"product_brand","embeddable":true,"href":"https:\/\/www.rumicon.sk\/hu\/wp-json\/wp\/v2\/product_brand?post=8934"},{"taxonomy":"product_cat","embeddable":true,"href":"https:\/\/www.rumicon.sk\/hu\/wp-json\/wp\/v2\/product_cat?post=8934"},{"taxonomy":"product_tag","embeddable":true,"href":"https:\/\/www.rumicon.sk\/hu\/wp-json\/wp\/v2\/product_tag?post=8934"}],"curies":[{"name":"wp","href":"https:\/\/api.w.org\/{rel}","templated":true}]}}