{"id":8880,"date":"2025-07-15T17:21:11","date_gmt":"2025-07-15T15:21:11","guid":{"rendered":"https:\/\/www.rumicon.sk\/produkt\/porkolt-mogyoro-fuszerekkel-150g\/"},"modified":"2025-07-15T17:21:11","modified_gmt":"2025-07-15T15:21:11","slug":"porkolt-mogyoro-fuszerekkel-150g","status":"publish","type":"product","link":"https:\/\/www.rumicon.sk\/hu\/produkt\/porkolt-mogyoro-fuszerekkel-150g\/","title":{"rendered":"P\u00f6rk\u00f6lt mogyor\u00f3 f\u0171szerekkel 150g"},"content":{"rendered":"","protected":false},"excerpt":{"rendered":"<p data-start=\"358\" data-end=\"471\"><span class=\"relative -mx-px my-[-0.2rem] rounded px-px py-[0.2rem] transition-colors duration-100 ease-in-out\">K\u00f6zepesen p\u00f6rk\u00f6lt, enyh\u00e9n s\u00f3zott \u00e9s provence-i f\u0171szern\u00f6v\u00e9nyek &#8211; kakukkf\u0171, oreg\u00e1n\u00f3, rozmaring, \u00e9desk\u00f6m\u00e9ny, zs\u00e1lya \u00e9s levendula &#8211; val\u00f3di kever\u00e9k\u00e9vel f\u0171szerezett mogyor\u00f3. Mindez term\u00e9szetes csomagol\u00e1sban, vegyszer, sz\u00ednez\u00e9k \u00e9s tart\u00f3s\u00edt\u00f3szer n\u00e9lk\u00fcl. <\/span>. <span class=\"relative -mx-px my-[-0.2rem] rounded px-px py-[0.2rem] transition-colors duration-100 ease-in-out\">T\u00f6k\u00e9letes \u00f6n\u00e1ll\u00f3 csemegek\u00e9nt egy esti vacsor\u00e1hoz vagy sal\u00e1t\u00e1k \u00e9s keny\u00e9rkenyerek arom\u00e1s kieg\u00e9sz\u00edt\u0151jek\u00e9nt.<\/span><\/p>\n","protected":false},"featured_media":8725,"comment_status":"closed","ping_status":"closed","template":"","meta":{"_acf_changed":false},"product_brand":[],"product_cat":[1107],"product_tag":[1108,1109],"class_list":{"0":"post-8880","1":"product","2":"type-product","3":"status-publish","4":"has-post-thumbnail","6":"product_cat-diofelek","7":"product_tag-mogyoro","8":"product_tag-safala-hu","9":"pa_hmotnost-150g-hu","10":"pa_krajina-povodu-romania","11":"pa_znacka-safala-hu","13":"first","14":"instock","15":"taxable","16":"shipping-taxable","17":"purchasable","18":"product-type-simple"},"acf":[],"yoast_head":"<!-- This site is optimized with the Yoast SEO plugin v27.0 - https:\/\/yoast.com\/product\/yoast-seo-wordpress\/ -->\n<title>P\u00f6rk\u00f6lt mogyor\u00f3 f\u0171szerekkel 150g - rumicon.sk<\/title>\n<meta name=\"robots\" content=\"index, follow, max-snippet:-1, max-image-preview:large, max-video-preview:-1\" \/>\n<link rel=\"canonical\" href=\"https:\/\/www.rumicon.sk\/hu\/produkt\/porkolt-mogyoro-fuszerekkel-150g\/\" \/>\n<meta property=\"og:locale\" content=\"hu_HU\" \/>\n<meta property=\"og:type\" content=\"article\" \/>\n<meta property=\"og:title\" content=\"P\u00f6rk\u00f6lt mogyor\u00f3 f\u0171szerekkel 150g - rumicon.sk\" \/>\n<meta property=\"og:description\" content=\"K\u00f6zepesen p\u00f6rk\u00f6lt, enyh\u00e9n s\u00f3zott \u00e9s provence-i f\u0171szern\u00f6v\u00e9nyek - kakukkf\u0171, oreg\u00e1n\u00f3, rozmaring, \u00e9desk\u00f6m\u00e9ny, zs\u00e1lya \u00e9s levendula - val\u00f3di kever\u00e9k\u00e9vel f\u0171szerezett mogyor\u00f3. Mindez term\u00e9szetes csomagol\u00e1sban, vegyszer, sz\u00ednez\u00e9k \u00e9s tart\u00f3s\u00edt\u00f3szer n\u00e9lk\u00fcl. . T\u00f6k\u00e9letes \u00f6n\u00e1ll\u00f3 csemegek\u00e9nt egy esti vacsor\u00e1hoz vagy sal\u00e1t\u00e1k \u00e9s keny\u00e9rkenyerek arom\u00e1s kieg\u00e9sz\u00edt\u0151jek\u00e9nt.\" \/>\n<meta property=\"og:url\" content=\"https:\/\/www.rumicon.sk\/hu\/produkt\/porkolt-mogyoro-fuszerekkel-150g\/\" \/>\n<meta property=\"og:site_name\" content=\"rumicon.sk\" \/>\n<meta property=\"article:publisher\" content=\"https:\/\/www.facebook.com\/people\/Rumicon-Bottle-Cigar-Shop\/100087110283303\/\" \/>\n<meta property=\"og:image\" content=\"https:\/\/www.rumicon.sk\/wp-content\/uploads\/orechy-natur.jpeg\" \/>\n\t<meta property=\"og:image:width\" content=\"800\" \/>\n\t<meta property=\"og:image:height\" content=\"800\" \/>\n\t<meta property=\"og:image:type\" content=\"image\/jpeg\" \/>\n<meta name=\"twitter:card\" content=\"summary_large_image\" \/>\n<script type=\"application\/ld+json\" class=\"yoast-schema-graph\">{\"@context\":\"https:\/\/schema.org\",\"@graph\":[{\"@type\":\"WebPage\",\"@id\":\"https:\/\/www.rumicon.sk\/hu\/produkt\/porkolt-mogyoro-fuszerekkel-150g\/\",\"url\":\"https:\/\/www.rumicon.sk\/hu\/produkt\/porkolt-mogyoro-fuszerekkel-150g\/\",\"name\":\"P\u00f6rk\u00f6lt mogyor\u00f3 f\u0171szerekkel 150g - rumicon.sk\",\"isPartOf\":{\"@id\":\"https:\/\/www.rumicon.sk\/hu\/#website\"},\"primaryImageOfPage\":{\"@id\":\"https:\/\/www.rumicon.sk\/hu\/produkt\/porkolt-mogyoro-fuszerekkel-150g\/#primaryimage\"},\"image\":{\"@id\":\"https:\/\/www.rumicon.sk\/hu\/produkt\/porkolt-mogyoro-fuszerekkel-150g\/#primaryimage\"},\"thumbnailUrl\":\"https:\/\/www.rumicon.sk\/wp-content\/uploads\/orechy-natur.jpeg\",\"datePublished\":\"2025-07-15T15:21:11+00:00\",\"breadcrumb\":{\"@id\":\"https:\/\/www.rumicon.sk\/hu\/produkt\/porkolt-mogyoro-fuszerekkel-150g\/#breadcrumb\"},\"inLanguage\":\"hu\",\"potentialAction\":[{\"@type\":\"ReadAction\",\"target\":[\"https:\/\/www.rumicon.sk\/hu\/produkt\/porkolt-mogyoro-fuszerekkel-150g\/\"]}]},{\"@type\":\"ImageObject\",\"inLanguage\":\"hu\",\"@id\":\"https:\/\/www.rumicon.sk\/hu\/produkt\/porkolt-mogyoro-fuszerekkel-150g\/#primaryimage\",\"url\":\"https:\/\/www.rumicon.sk\/wp-content\/uploads\/orechy-natur.jpeg\",\"contentUrl\":\"https:\/\/www.rumicon.sk\/wp-content\/uploads\/orechy-natur.jpeg\",\"width\":800,\"height\":800},{\"@type\":\"BreadcrumbList\",\"@id\":\"https:\/\/www.rumicon.sk\/hu\/produkt\/porkolt-mogyoro-fuszerekkel-150g\/#breadcrumb\",\"itemListElement\":[{\"@type\":\"ListItem\",\"position\":1,\"name\":\"Home\",\"item\":\"https:\/\/www.rumicon.sk\/hu\/home\/\"},{\"@type\":\"ListItem\",\"position\":2,\"name\":\"Web\u00e1ruh\u00e1z\",\"item\":\"https:\/\/www.rumicon.sk\/hu\/webaruhaz\/\"},{\"@type\":\"ListItem\",\"position\":3,\"name\":\"P\u00f6rk\u00f6lt mogyor\u00f3 f\u0171szerekkel 150g\"}]},{\"@type\":\"WebSite\",\"@id\":\"https:\/\/www.rumicon.sk\/hu\/#website\",\"url\":\"https:\/\/www.rumicon.sk\/hu\/\",\"name\":\"rumicon.sk\",\"description\":\"\",\"publisher\":{\"@id\":\"https:\/\/www.rumicon.sk\/hu\/#organization\"},\"potentialAction\":[{\"@type\":\"SearchAction\",\"target\":{\"@type\":\"EntryPoint\",\"urlTemplate\":\"https:\/\/www.rumicon.sk\/hu\/?s={search_term_string}\"},\"query-input\":{\"@type\":\"PropertyValueSpecification\",\"valueRequired\":true,\"valueName\":\"search_term_string\"}}],\"inLanguage\":\"hu\"},{\"@type\":\"Organization\",\"@id\":\"https:\/\/www.rumicon.sk\/hu\/#organization\",\"name\":\"rumicon.sk\",\"url\":\"https:\/\/www.rumicon.sk\/hu\/\",\"logo\":{\"@type\":\"ImageObject\",\"inLanguage\":\"hu\",\"@id\":\"https:\/\/www.rumicon.sk\/hu\/#\/schema\/logo\/image\/\",\"url\":\"https:\/\/www.rumicon.sk\/wp-content\/uploads\/logo-rumicon-bcs-color.png\",\"contentUrl\":\"https:\/\/www.rumicon.sk\/wp-content\/uploads\/logo-rumicon-bcs-color.png\",\"width\":827,\"height\":278,\"caption\":\"rumicon.sk\"},\"image\":{\"@id\":\"https:\/\/www.rumicon.sk\/hu\/#\/schema\/logo\/image\/\"},\"sameAs\":[\"https:\/\/www.facebook.com\/people\/Rumicon-Bottle-Cigar-Shop\/100087110283303\/\",\"https:\/\/www.instagram.com\/rumicon_bottle_cigar_shop\/\",\"https:\/\/www.tiktok.com\/@rumicon2022\"]}]}<\/script>\n<!-- \/ Yoast SEO plugin. -->","yoast_head_json":{"title":"P\u00f6rk\u00f6lt mogyor\u00f3 f\u0171szerekkel 150g - rumicon.sk","robots":{"index":"index","follow":"follow","max-snippet":"max-snippet:-1","max-image-preview":"max-image-preview:large","max-video-preview":"max-video-preview:-1"},"canonical":"https:\/\/www.rumicon.sk\/hu\/produkt\/porkolt-mogyoro-fuszerekkel-150g\/","og_locale":"hu_HU","og_type":"article","og_title":"P\u00f6rk\u00f6lt mogyor\u00f3 f\u0171szerekkel 150g - rumicon.sk","og_description":"K\u00f6zepesen p\u00f6rk\u00f6lt, enyh\u00e9n s\u00f3zott \u00e9s provence-i f\u0171szern\u00f6v\u00e9nyek - kakukkf\u0171, oreg\u00e1n\u00f3, rozmaring, \u00e9desk\u00f6m\u00e9ny, zs\u00e1lya \u00e9s levendula - val\u00f3di kever\u00e9k\u00e9vel f\u0171szerezett mogyor\u00f3. Mindez term\u00e9szetes csomagol\u00e1sban, vegyszer, sz\u00ednez\u00e9k \u00e9s tart\u00f3s\u00edt\u00f3szer n\u00e9lk\u00fcl. . T\u00f6k\u00e9letes \u00f6n\u00e1ll\u00f3 csemegek\u00e9nt egy esti vacsor\u00e1hoz vagy sal\u00e1t\u00e1k \u00e9s keny\u00e9rkenyerek arom\u00e1s kieg\u00e9sz\u00edt\u0151jek\u00e9nt.","og_url":"https:\/\/www.rumicon.sk\/hu\/produkt\/porkolt-mogyoro-fuszerekkel-150g\/","og_site_name":"rumicon.sk","article_publisher":"https:\/\/www.facebook.com\/people\/Rumicon-Bottle-Cigar-Shop\/100087110283303\/","og_image":[{"width":800,"height":800,"url":"https:\/\/www.rumicon.sk\/wp-content\/uploads\/orechy-natur.jpeg","type":"image\/jpeg"}],"twitter_card":"summary_large_image","schema":{"@context":"https:\/\/schema.org","@graph":[{"@type":"WebPage","@id":"https:\/\/www.rumicon.sk\/hu\/produkt\/porkolt-mogyoro-fuszerekkel-150g\/","url":"https:\/\/www.rumicon.sk\/hu\/produkt\/porkolt-mogyoro-fuszerekkel-150g\/","name":"P\u00f6rk\u00f6lt mogyor\u00f3 f\u0171szerekkel 150g - rumicon.sk","isPartOf":{"@id":"https:\/\/www.rumicon.sk\/hu\/#website"},"primaryImageOfPage":{"@id":"https:\/\/www.rumicon.sk\/hu\/produkt\/porkolt-mogyoro-fuszerekkel-150g\/#primaryimage"},"image":{"@id":"https:\/\/www.rumicon.sk\/hu\/produkt\/porkolt-mogyoro-fuszerekkel-150g\/#primaryimage"},"thumbnailUrl":"https:\/\/www.rumicon.sk\/wp-content\/uploads\/orechy-natur.jpeg","datePublished":"2025-07-15T15:21:11+00:00","breadcrumb":{"@id":"https:\/\/www.rumicon.sk\/hu\/produkt\/porkolt-mogyoro-fuszerekkel-150g\/#breadcrumb"},"inLanguage":"hu","potentialAction":[{"@type":"ReadAction","target":["https:\/\/www.rumicon.sk\/hu\/produkt\/porkolt-mogyoro-fuszerekkel-150g\/"]}]},{"@type":"ImageObject","inLanguage":"hu","@id":"https:\/\/www.rumicon.sk\/hu\/produkt\/porkolt-mogyoro-fuszerekkel-150g\/#primaryimage","url":"https:\/\/www.rumicon.sk\/wp-content\/uploads\/orechy-natur.jpeg","contentUrl":"https:\/\/www.rumicon.sk\/wp-content\/uploads\/orechy-natur.jpeg","width":800,"height":800},{"@type":"BreadcrumbList","@id":"https:\/\/www.rumicon.sk\/hu\/produkt\/porkolt-mogyoro-fuszerekkel-150g\/#breadcrumb","itemListElement":[{"@type":"ListItem","position":1,"name":"Home","item":"https:\/\/www.rumicon.sk\/hu\/home\/"},{"@type":"ListItem","position":2,"name":"Web\u00e1ruh\u00e1z","item":"https:\/\/www.rumicon.sk\/hu\/webaruhaz\/"},{"@type":"ListItem","position":3,"name":"P\u00f6rk\u00f6lt mogyor\u00f3 f\u0171szerekkel 150g"}]},{"@type":"WebSite","@id":"https:\/\/www.rumicon.sk\/hu\/#website","url":"https:\/\/www.rumicon.sk\/hu\/","name":"rumicon.sk","description":"","publisher":{"@id":"https:\/\/www.rumicon.sk\/hu\/#organization"},"potentialAction":[{"@type":"SearchAction","target":{"@type":"EntryPoint","urlTemplate":"https:\/\/www.rumicon.sk\/hu\/?s={search_term_string}"},"query-input":{"@type":"PropertyValueSpecification","valueRequired":true,"valueName":"search_term_string"}}],"inLanguage":"hu"},{"@type":"Organization","@id":"https:\/\/www.rumicon.sk\/hu\/#organization","name":"rumicon.sk","url":"https:\/\/www.rumicon.sk\/hu\/","logo":{"@type":"ImageObject","inLanguage":"hu","@id":"https:\/\/www.rumicon.sk\/hu\/#\/schema\/logo\/image\/","url":"https:\/\/www.rumicon.sk\/wp-content\/uploads\/logo-rumicon-bcs-color.png","contentUrl":"https:\/\/www.rumicon.sk\/wp-content\/uploads\/logo-rumicon-bcs-color.png","width":827,"height":278,"caption":"rumicon.sk"},"image":{"@id":"https:\/\/www.rumicon.sk\/hu\/#\/schema\/logo\/image\/"},"sameAs":["https:\/\/www.facebook.com\/people\/Rumicon-Bottle-Cigar-Shop\/100087110283303\/","https:\/\/www.instagram.com\/rumicon_bottle_cigar_shop\/","https:\/\/www.tiktok.com\/@rumicon2022"]}]}},"_links":{"self":[{"href":"https:\/\/www.rumicon.sk\/hu\/wp-json\/wp\/v2\/product\/8880","targetHints":{"allow":["GET"]}}],"collection":[{"href":"https:\/\/www.rumicon.sk\/hu\/wp-json\/wp\/v2\/product"}],"about":[{"href":"https:\/\/www.rumicon.sk\/hu\/wp-json\/wp\/v2\/types\/product"}],"replies":[{"embeddable":true,"href":"https:\/\/www.rumicon.sk\/hu\/wp-json\/wp\/v2\/comments?post=8880"}],"wp:featuredmedia":[{"embeddable":true,"href":"https:\/\/www.rumicon.sk\/hu\/wp-json\/wp\/v2\/media\/8725"}],"wp:attachment":[{"href":"https:\/\/www.rumicon.sk\/hu\/wp-json\/wp\/v2\/media?parent=8880"}],"wp:term":[{"taxonomy":"product_brand","embeddable":true,"href":"https:\/\/www.rumicon.sk\/hu\/wp-json\/wp\/v2\/product_brand?post=8880"},{"taxonomy":"product_cat","embeddable":true,"href":"https:\/\/www.rumicon.sk\/hu\/wp-json\/wp\/v2\/product_cat?post=8880"},{"taxonomy":"product_tag","embeddable":true,"href":"https:\/\/www.rumicon.sk\/hu\/wp-json\/wp\/v2\/product_tag?post=8880"}],"curies":[{"name":"wp","href":"https:\/\/api.w.org\/{rel}","templated":true}]}}