{"id":8871,"date":"2025-08-02T14:11:40","date_gmt":"2025-08-02T12:11:40","guid":{"rendered":"https:\/\/www.rumicon.sk\/produkt\/pinceszet-s-danube-2022\/"},"modified":"2025-08-02T14:11:40","modified_gmt":"2025-08-02T12:11:40","slug":"pinceszet-s-danube-2022","status":"publish","type":"product","link":"https:\/\/www.rumicon.sk\/hu\/produkt\/pinceszet-s-danube-2022\/","title":{"rendered":"Pinc\u00e9szet S Danube 2022"},"content":{"rendered":"","protected":false},"excerpt":{"rendered":"<p>A Dunaj fajta egy szlov\u00e1k \u00fajfajta k\u00e9ksz\u0151l\u0151, amely a (muskot\u00e1ly bouchet x Oporto) x Sv\u00e4tovavrineck\u00e9 keresztez\u00e9s\u00e9b\u0151l sz\u00e1rmazik. A bor testes, testes, harmonikus, rubinv\u00f6r\u00f6s sz\u00edn\u0171, barna \u00e1rnyalatokkal tark\u00edtott, telt bor. Az \u00e9rlel\u00e9ssel egyre jobb min\u0151s\u00e9get kap.  <\/p>\n","protected":false},"featured_media":8814,"comment_status":"closed","ping_status":"closed","template":"","meta":{"_acf_changed":false},"product_brand":[],"product_cat":[528,546],"product_tag":[1103,1104,1106],"class_list":{"0":"post-8871","1":"product","2":"type-product","3":"status-publish","4":"has-post-thumbnail","6":"product_cat-bor","7":"product_cat-vorosbor","8":"product_tag-bor","9":"product_tag-pinceszet-s","10":"product_tag-piros","12":"first","13":"instock","14":"taxable","15":"shipping-taxable","16":"purchasable","17":"product-type-simple"},"acf":[],"yoast_head":"<!-- This site is optimized with the Yoast SEO plugin v27.0 - https:\/\/yoast.com\/product\/yoast-seo-wordpress\/ -->\n<title>Pinc\u00e9szet S Danube 2022 - rumicon.sk<\/title>\n<meta name=\"robots\" content=\"index, follow, max-snippet:-1, max-image-preview:large, max-video-preview:-1\" \/>\n<link rel=\"canonical\" href=\"https:\/\/www.rumicon.sk\/hu\/produkt\/pinceszet-s-danube-2022\/\" \/>\n<meta property=\"og:locale\" content=\"hu_HU\" \/>\n<meta property=\"og:type\" content=\"article\" \/>\n<meta property=\"og:title\" content=\"Pinc\u00e9szet S Danube 2022 - rumicon.sk\" \/>\n<meta property=\"og:description\" content=\"A Dunaj fajta egy szlov\u00e1k \u00fajfajta k\u00e9ksz\u0151l\u0151, amely a (muskot\u00e1ly bouchet x Oporto) x Sv\u00e4tovavrineck\u00e9 keresztez\u00e9s\u00e9b\u0151l sz\u00e1rmazik. A bor testes, testes, harmonikus, rubinv\u00f6r\u00f6s sz\u00edn\u0171, barna \u00e1rnyalatokkal tark\u00edtott, telt bor. Az \u00e9rlel\u00e9ssel egyre jobb min\u0151s\u00e9get kap.\" \/>\n<meta property=\"og:url\" content=\"https:\/\/www.rumicon.sk\/hu\/produkt\/pinceszet-s-danube-2022\/\" \/>\n<meta property=\"og:site_name\" content=\"rumicon.sk\" \/>\n<meta property=\"article:publisher\" content=\"https:\/\/www.facebook.com\/people\/Rumicon-Bottle-Cigar-Shop\/100087110283303\/\" \/>\n<meta property=\"og:image\" content=\"https:\/\/www.rumicon.sk\/wp-content\/uploads\/21-dunaj.png\" \/>\n\t<meta property=\"og:image:width\" content=\"683\" \/>\n\t<meta property=\"og:image:height\" content=\"1024\" \/>\n\t<meta property=\"og:image:type\" content=\"image\/png\" \/>\n<meta name=\"twitter:card\" content=\"summary_large_image\" \/>\n<script type=\"application\/ld+json\" class=\"yoast-schema-graph\">{\"@context\":\"https:\/\/schema.org\",\"@graph\":[{\"@type\":\"WebPage\",\"@id\":\"https:\/\/www.rumicon.sk\/hu\/produkt\/pinceszet-s-danube-2022\/\",\"url\":\"https:\/\/www.rumicon.sk\/hu\/produkt\/pinceszet-s-danube-2022\/\",\"name\":\"Pinc\u00e9szet S Danube 2022 - rumicon.sk\",\"isPartOf\":{\"@id\":\"https:\/\/www.rumicon.sk\/hu\/#website\"},\"primaryImageOfPage\":{\"@id\":\"https:\/\/www.rumicon.sk\/hu\/produkt\/pinceszet-s-danube-2022\/#primaryimage\"},\"image\":{\"@id\":\"https:\/\/www.rumicon.sk\/hu\/produkt\/pinceszet-s-danube-2022\/#primaryimage\"},\"thumbnailUrl\":\"https:\/\/www.rumicon.sk\/wp-content\/uploads\/21-dunaj.png\",\"datePublished\":\"2025-08-02T12:11:40+00:00\",\"breadcrumb\":{\"@id\":\"https:\/\/www.rumicon.sk\/hu\/produkt\/pinceszet-s-danube-2022\/#breadcrumb\"},\"inLanguage\":\"hu\",\"potentialAction\":[{\"@type\":\"ReadAction\",\"target\":[\"https:\/\/www.rumicon.sk\/hu\/produkt\/pinceszet-s-danube-2022\/\"]}]},{\"@type\":\"ImageObject\",\"inLanguage\":\"hu\",\"@id\":\"https:\/\/www.rumicon.sk\/hu\/produkt\/pinceszet-s-danube-2022\/#primaryimage\",\"url\":\"https:\/\/www.rumicon.sk\/wp-content\/uploads\/21-dunaj.png\",\"contentUrl\":\"https:\/\/www.rumicon.sk\/wp-content\/uploads\/21-dunaj.png\",\"width\":3191,\"height\":4786},{\"@type\":\"BreadcrumbList\",\"@id\":\"https:\/\/www.rumicon.sk\/hu\/produkt\/pinceszet-s-danube-2022\/#breadcrumb\",\"itemListElement\":[{\"@type\":\"ListItem\",\"position\":1,\"name\":\"Home\",\"item\":\"https:\/\/www.rumicon.sk\/hu\/home\/\"},{\"@type\":\"ListItem\",\"position\":2,\"name\":\"Web\u00e1ruh\u00e1z\",\"item\":\"https:\/\/www.rumicon.sk\/hu\/webaruhaz\/\"},{\"@type\":\"ListItem\",\"position\":3,\"name\":\"Pinc\u00e9szet S Danube 2022\"}]},{\"@type\":\"WebSite\",\"@id\":\"https:\/\/www.rumicon.sk\/hu\/#website\",\"url\":\"https:\/\/www.rumicon.sk\/hu\/\",\"name\":\"rumicon.sk\",\"description\":\"\",\"publisher\":{\"@id\":\"https:\/\/www.rumicon.sk\/hu\/#organization\"},\"potentialAction\":[{\"@type\":\"SearchAction\",\"target\":{\"@type\":\"EntryPoint\",\"urlTemplate\":\"https:\/\/www.rumicon.sk\/hu\/?s={search_term_string}\"},\"query-input\":{\"@type\":\"PropertyValueSpecification\",\"valueRequired\":true,\"valueName\":\"search_term_string\"}}],\"inLanguage\":\"hu\"},{\"@type\":\"Organization\",\"@id\":\"https:\/\/www.rumicon.sk\/hu\/#organization\",\"name\":\"rumicon.sk\",\"url\":\"https:\/\/www.rumicon.sk\/hu\/\",\"logo\":{\"@type\":\"ImageObject\",\"inLanguage\":\"hu\",\"@id\":\"https:\/\/www.rumicon.sk\/hu\/#\/schema\/logo\/image\/\",\"url\":\"https:\/\/www.rumicon.sk\/wp-content\/uploads\/logo-rumicon-bcs-color.png\",\"contentUrl\":\"https:\/\/www.rumicon.sk\/wp-content\/uploads\/logo-rumicon-bcs-color.png\",\"width\":827,\"height\":278,\"caption\":\"rumicon.sk\"},\"image\":{\"@id\":\"https:\/\/www.rumicon.sk\/hu\/#\/schema\/logo\/image\/\"},\"sameAs\":[\"https:\/\/www.facebook.com\/people\/Rumicon-Bottle-Cigar-Shop\/100087110283303\/\",\"https:\/\/www.instagram.com\/rumicon_bottle_cigar_shop\/\",\"https:\/\/www.tiktok.com\/@rumicon2022\"]}]}<\/script>\n<!-- \/ Yoast SEO plugin. -->","yoast_head_json":{"title":"Pinc\u00e9szet S Danube 2022 - rumicon.sk","robots":{"index":"index","follow":"follow","max-snippet":"max-snippet:-1","max-image-preview":"max-image-preview:large","max-video-preview":"max-video-preview:-1"},"canonical":"https:\/\/www.rumicon.sk\/hu\/produkt\/pinceszet-s-danube-2022\/","og_locale":"hu_HU","og_type":"article","og_title":"Pinc\u00e9szet S Danube 2022 - rumicon.sk","og_description":"A Dunaj fajta egy szlov\u00e1k \u00fajfajta k\u00e9ksz\u0151l\u0151, amely a (muskot\u00e1ly bouchet x Oporto) x Sv\u00e4tovavrineck\u00e9 keresztez\u00e9s\u00e9b\u0151l sz\u00e1rmazik. A bor testes, testes, harmonikus, rubinv\u00f6r\u00f6s sz\u00edn\u0171, barna \u00e1rnyalatokkal tark\u00edtott, telt bor. Az \u00e9rlel\u00e9ssel egyre jobb min\u0151s\u00e9get kap.","og_url":"https:\/\/www.rumicon.sk\/hu\/produkt\/pinceszet-s-danube-2022\/","og_site_name":"rumicon.sk","article_publisher":"https:\/\/www.facebook.com\/people\/Rumicon-Bottle-Cigar-Shop\/100087110283303\/","og_image":[{"url":"https:\/\/www.rumicon.sk\/wp-content\/uploads\/21-dunaj.png","width":683,"height":1024,"type":"image\/png"}],"twitter_card":"summary_large_image","schema":{"@context":"https:\/\/schema.org","@graph":[{"@type":"WebPage","@id":"https:\/\/www.rumicon.sk\/hu\/produkt\/pinceszet-s-danube-2022\/","url":"https:\/\/www.rumicon.sk\/hu\/produkt\/pinceszet-s-danube-2022\/","name":"Pinc\u00e9szet S Danube 2022 - rumicon.sk","isPartOf":{"@id":"https:\/\/www.rumicon.sk\/hu\/#website"},"primaryImageOfPage":{"@id":"https:\/\/www.rumicon.sk\/hu\/produkt\/pinceszet-s-danube-2022\/#primaryimage"},"image":{"@id":"https:\/\/www.rumicon.sk\/hu\/produkt\/pinceszet-s-danube-2022\/#primaryimage"},"thumbnailUrl":"https:\/\/www.rumicon.sk\/wp-content\/uploads\/21-dunaj.png","datePublished":"2025-08-02T12:11:40+00:00","breadcrumb":{"@id":"https:\/\/www.rumicon.sk\/hu\/produkt\/pinceszet-s-danube-2022\/#breadcrumb"},"inLanguage":"hu","potentialAction":[{"@type":"ReadAction","target":["https:\/\/www.rumicon.sk\/hu\/produkt\/pinceszet-s-danube-2022\/"]}]},{"@type":"ImageObject","inLanguage":"hu","@id":"https:\/\/www.rumicon.sk\/hu\/produkt\/pinceszet-s-danube-2022\/#primaryimage","url":"https:\/\/www.rumicon.sk\/wp-content\/uploads\/21-dunaj.png","contentUrl":"https:\/\/www.rumicon.sk\/wp-content\/uploads\/21-dunaj.png","width":3191,"height":4786},{"@type":"BreadcrumbList","@id":"https:\/\/www.rumicon.sk\/hu\/produkt\/pinceszet-s-danube-2022\/#breadcrumb","itemListElement":[{"@type":"ListItem","position":1,"name":"Home","item":"https:\/\/www.rumicon.sk\/hu\/home\/"},{"@type":"ListItem","position":2,"name":"Web\u00e1ruh\u00e1z","item":"https:\/\/www.rumicon.sk\/hu\/webaruhaz\/"},{"@type":"ListItem","position":3,"name":"Pinc\u00e9szet S Danube 2022"}]},{"@type":"WebSite","@id":"https:\/\/www.rumicon.sk\/hu\/#website","url":"https:\/\/www.rumicon.sk\/hu\/","name":"rumicon.sk","description":"","publisher":{"@id":"https:\/\/www.rumicon.sk\/hu\/#organization"},"potentialAction":[{"@type":"SearchAction","target":{"@type":"EntryPoint","urlTemplate":"https:\/\/www.rumicon.sk\/hu\/?s={search_term_string}"},"query-input":{"@type":"PropertyValueSpecification","valueRequired":true,"valueName":"search_term_string"}}],"inLanguage":"hu"},{"@type":"Organization","@id":"https:\/\/www.rumicon.sk\/hu\/#organization","name":"rumicon.sk","url":"https:\/\/www.rumicon.sk\/hu\/","logo":{"@type":"ImageObject","inLanguage":"hu","@id":"https:\/\/www.rumicon.sk\/hu\/#\/schema\/logo\/image\/","url":"https:\/\/www.rumicon.sk\/wp-content\/uploads\/logo-rumicon-bcs-color.png","contentUrl":"https:\/\/www.rumicon.sk\/wp-content\/uploads\/logo-rumicon-bcs-color.png","width":827,"height":278,"caption":"rumicon.sk"},"image":{"@id":"https:\/\/www.rumicon.sk\/hu\/#\/schema\/logo\/image\/"},"sameAs":["https:\/\/www.facebook.com\/people\/Rumicon-Bottle-Cigar-Shop\/100087110283303\/","https:\/\/www.instagram.com\/rumicon_bottle_cigar_shop\/","https:\/\/www.tiktok.com\/@rumicon2022"]}]}},"_links":{"self":[{"href":"https:\/\/www.rumicon.sk\/hu\/wp-json\/wp\/v2\/product\/8871","targetHints":{"allow":["GET"]}}],"collection":[{"href":"https:\/\/www.rumicon.sk\/hu\/wp-json\/wp\/v2\/product"}],"about":[{"href":"https:\/\/www.rumicon.sk\/hu\/wp-json\/wp\/v2\/types\/product"}],"replies":[{"embeddable":true,"href":"https:\/\/www.rumicon.sk\/hu\/wp-json\/wp\/v2\/comments?post=8871"}],"wp:featuredmedia":[{"embeddable":true,"href":"https:\/\/www.rumicon.sk\/hu\/wp-json\/wp\/v2\/media\/8814"}],"wp:attachment":[{"href":"https:\/\/www.rumicon.sk\/hu\/wp-json\/wp\/v2\/media?parent=8871"}],"wp:term":[{"taxonomy":"product_brand","embeddable":true,"href":"https:\/\/www.rumicon.sk\/hu\/wp-json\/wp\/v2\/product_brand?post=8871"},{"taxonomy":"product_cat","embeddable":true,"href":"https:\/\/www.rumicon.sk\/hu\/wp-json\/wp\/v2\/product_cat?post=8871"},{"taxonomy":"product_tag","embeddable":true,"href":"https:\/\/www.rumicon.sk\/hu\/wp-json\/wp\/v2\/product_tag?post=8871"}],"curies":[{"name":"wp","href":"https:\/\/api.w.org\/{rel}","templated":true}]}}