{"id":8603,"date":"2025-06-21T19:48:19","date_gmt":"2025-06-21T17:48:19","guid":{"rendered":"https:\/\/www.rumicon.sk\/?post_type=product&#038;p=8603"},"modified":"2025-08-14T11:45:56","modified_gmt":"2025-08-14T09:45:56","slug":"martini-rosso-075l-144-kopia","status":"publish","type":"product","link":"https:\/\/www.rumicon.sk\/hu\/produkt\/martini-rosso-075l-144-kopia\/","title":{"rendered":"Bailly Lapierre Cr\u00e9mant de Bourgogne Chard..."},"content":{"rendered":"[vc_row][vc_column][vc_column_text]\n<div id=\"description\" class=\"c-product-description\">\n<div class=\"c-product-description__text\">\n<p><strong>A Martini Rosso<\/strong> \u00e1ll\u00edt\u00f3lag a vil\u00e1g els\u0151 vermutja. K\u00fcl\u00f6nleges sz\u00edn\u00e9t a<strong> karamell<\/strong> hozz\u00e1ad\u00e1s\u00e1val hozz\u00e1k l\u00e9tre, ami a k\u00e9sz\u00edt\u00e9s sor\u00e1n felhaszn\u00e1lt t\u00f6bb mint<strong> 50 f\u0171szer \u00e9s gy\u00f3gyn\u00f6v\u00e9ny<\/strong> keser\u00e9des hat\u00e1s\u00e1t is fokozza. Eredeti receptj\u00e9t <strong>Luigi Rossi<\/strong> k\u00e9sz\u00edtette <strong>1863 k\u00f6r\u00fcl.<\/strong> Sz\u00edve m\u00e9ly\u00e9n gazdag \u00e9s illatos olasz f\u0171szern\u00f6v\u00e9nyek keverednek egzotikus f\u00e1kkal, intenz\u00edv arom\u00e1t adva keser\u00e9des \u00e9llel. A Martini Rosso csod\u00e1latos<strong> gy\u00fcm\u00f6lcs\u00f6s arom\u00e1val rendelkezik, a guava, a f\u0171szerek \u00e9s a piszt\u00e1cia jegyeivel.<\/strong> \u00cdze a sherryre hasonl\u00edt, \u00e9s a gin k\u00e9sz\u00edt\u00e9s\u00e9hez haszn\u00e1lt botanikai anyagok, mint a sz\u0151l\u0151, a t\u00f6lgy \u00e9s a f\u0171szerek jegyei is felfedezhet\u0151k benne. A lecseng\u00e9st f\u0171szeres \u00e9s gyant\u00e1s jegyek jellemzik. <\/p>\n<\/div>\n<\/div>\n<div class=\"c-product-taste\">\n<div class=\"c-product-taste__description\">\n<div class=\"sc-item\">\n<div class=\"sc-item__key\">Sz\u00edn: borosty\u00e1nbarna, barna \u00e1rnyalatokkal<\/div>\n<\/div>\n<div class=\"sc-item\">\n<div class=\"sc-item__key\">Illat: gy\u00fcm\u00f6lcs, guava, f\u0171szerek, piszt\u00e1cia<\/div>\n<\/div>\n<div class=\"sc-item\">\n<div class=\"sc-item__key\">\u00cdzek: sherry, sz\u0151l\u0151, t\u00f6lgy, f\u0171szerek, van\u00edlia<\/div>\n<\/div>\n<div class=\"sc-item\">\n<div class=\"sc-item__key\">Befejez\u00e9s: f\u0171szerek, gyanta<\/div>\n<\/div>\n<\/div>\n<\/div>\n[\/vc_column_text][\/vc_column][\/vc_row]\n","protected":false},"excerpt":{"rendered":"<p>A <strong data-start=\"109\" data-end=\"165\">Bailly Lapierre Cr\u00e9mant de Bourgogne Chardonnay Brut<\/strong> egy eleg\u00e1ns francia pezsg\u0151, amely 100%-ban Chardonnay-b\u00f3l k\u00e9sz\u00fcl Burgundia sz\u00edv\u00e9ben. A 16 h\u00f3napos \u00e9leszt\u0151s \u00e9rlel\u00e9snek k\u00f6sz\u00f6nhet\u0151en finom \u00e9s tart\u00f3s pezsg\u0151vel, friss feh\u00e9r gy\u00fcm\u00f6lcs\u00f6k, citrusok \u00e9s bri\u00f3s jegyek arom\u00e1ival. A nyelven sz\u00e1raz, tiszta \u00e9s \u00e1sv\u00e1nyos, kellemes savakkal \u00e9s hossz\u00fa gy\u00fcm\u00f6lcs\u00f6s lecseng\u00e9ssel. Ide\u00e1lis aperitifk\u00e9nt, tenger gy\u00fcm\u00f6lcseihez, el\u0151\u00e9telekhez vagy finom sajtokhoz. J\u00f3l beh\u0171tve t\u00e1lalva \u00e9lvezze a burgundi b\u00e1jt a maga kifinomults\u00e1g\u00e1ban.    <\/p>\n","protected":false},"featured_media":8605,"comment_status":"closed","ping_status":"closed","template":"","meta":{"_acf_changed":false},"product_brand":[],"product_cat":[528,533],"product_tag":[1128],"class_list":{"0":"post-8603","1":"product","2":"type-product","3":"status-publish","4":"has-post-thumbnail","6":"product_cat-bor","7":"product_cat-feherbor","8":"product_tag-pezsgo","10":"first","11":"instock","12":"taxable","13":"shipping-taxable","14":"purchasable","15":"product-type-simple"},"acf":[],"yoast_head":"<!-- This site is optimized with the Yoast SEO plugin v27.0 - https:\/\/yoast.com\/product\/yoast-seo-wordpress\/ -->\n<title>Bailly Lapierre Cr\u00e9mant de Bourgogne Chardonnay Brut - rumicon.sk<\/title>\n<meta name=\"robots\" content=\"index, follow, max-snippet:-1, max-image-preview:large, max-video-preview:-1\" \/>\n<link rel=\"canonical\" href=\"https:\/\/www.rumicon.sk\/hu\/produkt\/martini-rosso-075l-144-kopia\/\" \/>\n<meta property=\"og:locale\" content=\"hu_HU\" \/>\n<meta property=\"og:type\" content=\"article\" \/>\n<meta property=\"og:title\" content=\"Bailly Lapierre Cr\u00e9mant de Bourgogne Chardonnay Brut - rumicon.sk\" \/>\n<meta property=\"og:description\" content=\"A Bailly Lapierre Cr\u00e9mant de Bourgogne Chardonnay Brut egy eleg\u00e1ns francia pezsg\u0151, amely 100%-ban Chardonnay-b\u00f3l k\u00e9sz\u00fcl Burgundia sz\u00edv\u00e9ben. A 16 h\u00f3napos \u00e9leszt\u0151s \u00e9rlel\u00e9snek k\u00f6sz\u00f6nhet\u0151en finom \u00e9s tart\u00f3s pezsg\u0151vel, friss feh\u00e9r gy\u00fcm\u00f6lcs\u00f6k, citrusok \u00e9s bri\u00f3s jegyek arom\u00e1ival. A nyelven sz\u00e1raz, tiszta \u00e9s \u00e1sv\u00e1nyos, kellemes savakkal \u00e9s hossz\u00fa gy\u00fcm\u00f6lcs\u00f6s lecseng\u00e9ssel. Ide\u00e1lis aperitifk\u00e9nt, tenger gy\u00fcm\u00f6lcseihez, el\u0151\u00e9telekhez vagy finom sajtokhoz. J\u00f3l beh\u0171tve t\u00e1lalva \u00e9lvezze a burgundi b\u00e1jt a maga kifinomults\u00e1g\u00e1ban.\" \/>\n<meta property=\"og:url\" content=\"https:\/\/www.rumicon.sk\/hu\/produkt\/martini-rosso-075l-144-kopia\/\" \/>\n<meta property=\"og:site_name\" content=\"rumicon.sk\" \/>\n<meta property=\"article:publisher\" content=\"https:\/\/www.facebook.com\/people\/Rumicon-Bottle-Cigar-Shop\/100087110283303\/\" \/>\n<meta property=\"article:modified_time\" content=\"2025-08-14T09:45:56+00:00\" \/>\n<meta property=\"og:image\" content=\"https:\/\/www.rumicon.sk\/wp-content\/uploads\/bailley-hotovo.jpg\" \/>\n\t<meta property=\"og:image:width\" content=\"600\" \/>\n\t<meta property=\"og:image:height\" content=\"600\" \/>\n\t<meta property=\"og:image:type\" content=\"image\/jpeg\" \/>\n<meta name=\"twitter:card\" content=\"summary_large_image\" \/>\n<meta name=\"twitter:label1\" content=\"Becs\u00fclt olvas\u00e1si id\u0151\" \/>\n\t<meta name=\"twitter:data1\" content=\"1 perc\" \/>\n<script type=\"application\/ld+json\" class=\"yoast-schema-graph\">{\"@context\":\"https:\/\/schema.org\",\"@graph\":[{\"@type\":\"WebPage\",\"@id\":\"https:\/\/www.rumicon.sk\/hu\/produkt\/martini-rosso-075l-144-kopia\/\",\"url\":\"https:\/\/www.rumicon.sk\/hu\/produkt\/martini-rosso-075l-144-kopia\/\",\"name\":\"Bailly Lapierre Cr\u00e9mant de Bourgogne Chardonnay Brut - rumicon.sk\",\"isPartOf\":{\"@id\":\"https:\/\/www.rumicon.sk\/hu\/#website\"},\"primaryImageOfPage\":{\"@id\":\"https:\/\/www.rumicon.sk\/hu\/produkt\/martini-rosso-075l-144-kopia\/#primaryimage\"},\"image\":{\"@id\":\"https:\/\/www.rumicon.sk\/hu\/produkt\/martini-rosso-075l-144-kopia\/#primaryimage\"},\"thumbnailUrl\":\"https:\/\/www.rumicon.sk\/wp-content\/uploads\/bailley-hotovo.jpg\",\"datePublished\":\"2025-06-21T17:48:19+00:00\",\"dateModified\":\"2025-08-14T09:45:56+00:00\",\"breadcrumb\":{\"@id\":\"https:\/\/www.rumicon.sk\/hu\/produkt\/martini-rosso-075l-144-kopia\/#breadcrumb\"},\"inLanguage\":\"hu\",\"potentialAction\":[{\"@type\":\"ReadAction\",\"target\":[\"https:\/\/www.rumicon.sk\/hu\/produkt\/martini-rosso-075l-144-kopia\/\"]}]},{\"@type\":\"ImageObject\",\"inLanguage\":\"hu\",\"@id\":\"https:\/\/www.rumicon.sk\/hu\/produkt\/martini-rosso-075l-144-kopia\/#primaryimage\",\"url\":\"https:\/\/www.rumicon.sk\/wp-content\/uploads\/bailley-hotovo.jpg\",\"contentUrl\":\"https:\/\/www.rumicon.sk\/wp-content\/uploads\/bailley-hotovo.jpg\",\"width\":600,\"height\":600},{\"@type\":\"BreadcrumbList\",\"@id\":\"https:\/\/www.rumicon.sk\/hu\/produkt\/martini-rosso-075l-144-kopia\/#breadcrumb\",\"itemListElement\":[{\"@type\":\"ListItem\",\"position\":1,\"name\":\"Home\",\"item\":\"https:\/\/www.rumicon.sk\/hu\/home\/\"},{\"@type\":\"ListItem\",\"position\":2,\"name\":\"Web\u00e1ruh\u00e1z\",\"item\":\"https:\/\/www.rumicon.sk\/hu\/webaruhaz\/\"},{\"@type\":\"ListItem\",\"position\":3,\"name\":\"Bailly Lapierre Cr\u00e9mant de Bourgogne Chard...\"}]},{\"@type\":\"WebSite\",\"@id\":\"https:\/\/www.rumicon.sk\/hu\/#website\",\"url\":\"https:\/\/www.rumicon.sk\/hu\/\",\"name\":\"rumicon.sk\",\"description\":\"\",\"publisher\":{\"@id\":\"https:\/\/www.rumicon.sk\/hu\/#organization\"},\"potentialAction\":[{\"@type\":\"SearchAction\",\"target\":{\"@type\":\"EntryPoint\",\"urlTemplate\":\"https:\/\/www.rumicon.sk\/hu\/?s={search_term_string}\"},\"query-input\":{\"@type\":\"PropertyValueSpecification\",\"valueRequired\":true,\"valueName\":\"search_term_string\"}}],\"inLanguage\":\"hu\"},{\"@type\":\"Organization\",\"@id\":\"https:\/\/www.rumicon.sk\/hu\/#organization\",\"name\":\"rumicon.sk\",\"url\":\"https:\/\/www.rumicon.sk\/hu\/\",\"logo\":{\"@type\":\"ImageObject\",\"inLanguage\":\"hu\",\"@id\":\"https:\/\/www.rumicon.sk\/hu\/#\/schema\/logo\/image\/\",\"url\":\"https:\/\/www.rumicon.sk\/wp-content\/uploads\/logo-rumicon-bcs-color.png\",\"contentUrl\":\"https:\/\/www.rumicon.sk\/wp-content\/uploads\/logo-rumicon-bcs-color.png\",\"width\":827,\"height\":278,\"caption\":\"rumicon.sk\"},\"image\":{\"@id\":\"https:\/\/www.rumicon.sk\/hu\/#\/schema\/logo\/image\/\"},\"sameAs\":[\"https:\/\/www.facebook.com\/people\/Rumicon-Bottle-Cigar-Shop\/100087110283303\/\",\"https:\/\/www.instagram.com\/rumicon_bottle_cigar_shop\/\",\"https:\/\/www.tiktok.com\/@rumicon2022\"]}]}<\/script>\n<!-- \/ Yoast SEO plugin. -->","yoast_head_json":{"title":"Bailly Lapierre Cr\u00e9mant de Bourgogne Chardonnay Brut - rumicon.sk","robots":{"index":"index","follow":"follow","max-snippet":"max-snippet:-1","max-image-preview":"max-image-preview:large","max-video-preview":"max-video-preview:-1"},"canonical":"https:\/\/www.rumicon.sk\/hu\/produkt\/martini-rosso-075l-144-kopia\/","og_locale":"hu_HU","og_type":"article","og_title":"Bailly Lapierre Cr\u00e9mant de Bourgogne Chardonnay Brut - rumicon.sk","og_description":"A Bailly Lapierre Cr\u00e9mant de Bourgogne Chardonnay Brut egy eleg\u00e1ns francia pezsg\u0151, amely 100%-ban Chardonnay-b\u00f3l k\u00e9sz\u00fcl Burgundia sz\u00edv\u00e9ben. A 16 h\u00f3napos \u00e9leszt\u0151s \u00e9rlel\u00e9snek k\u00f6sz\u00f6nhet\u0151en finom \u00e9s tart\u00f3s pezsg\u0151vel, friss feh\u00e9r gy\u00fcm\u00f6lcs\u00f6k, citrusok \u00e9s bri\u00f3s jegyek arom\u00e1ival. A nyelven sz\u00e1raz, tiszta \u00e9s \u00e1sv\u00e1nyos, kellemes savakkal \u00e9s hossz\u00fa gy\u00fcm\u00f6lcs\u00f6s lecseng\u00e9ssel. Ide\u00e1lis aperitifk\u00e9nt, tenger gy\u00fcm\u00f6lcseihez, el\u0151\u00e9telekhez vagy finom sajtokhoz. J\u00f3l beh\u0171tve t\u00e1lalva \u00e9lvezze a burgundi b\u00e1jt a maga kifinomults\u00e1g\u00e1ban.","og_url":"https:\/\/www.rumicon.sk\/hu\/produkt\/martini-rosso-075l-144-kopia\/","og_site_name":"rumicon.sk","article_publisher":"https:\/\/www.facebook.com\/people\/Rumicon-Bottle-Cigar-Shop\/100087110283303\/","article_modified_time":"2025-08-14T09:45:56+00:00","og_image":[{"width":600,"height":600,"url":"https:\/\/www.rumicon.sk\/wp-content\/uploads\/bailley-hotovo.jpg","type":"image\/jpeg"}],"twitter_card":"summary_large_image","twitter_misc":{"Becs\u00fclt olvas\u00e1si id\u0151":"1 perc"},"schema":{"@context":"https:\/\/schema.org","@graph":[{"@type":"WebPage","@id":"https:\/\/www.rumicon.sk\/hu\/produkt\/martini-rosso-075l-144-kopia\/","url":"https:\/\/www.rumicon.sk\/hu\/produkt\/martini-rosso-075l-144-kopia\/","name":"Bailly Lapierre Cr\u00e9mant de Bourgogne Chardonnay Brut - rumicon.sk","isPartOf":{"@id":"https:\/\/www.rumicon.sk\/hu\/#website"},"primaryImageOfPage":{"@id":"https:\/\/www.rumicon.sk\/hu\/produkt\/martini-rosso-075l-144-kopia\/#primaryimage"},"image":{"@id":"https:\/\/www.rumicon.sk\/hu\/produkt\/martini-rosso-075l-144-kopia\/#primaryimage"},"thumbnailUrl":"https:\/\/www.rumicon.sk\/wp-content\/uploads\/bailley-hotovo.jpg","datePublished":"2025-06-21T17:48:19+00:00","dateModified":"2025-08-14T09:45:56+00:00","breadcrumb":{"@id":"https:\/\/www.rumicon.sk\/hu\/produkt\/martini-rosso-075l-144-kopia\/#breadcrumb"},"inLanguage":"hu","potentialAction":[{"@type":"ReadAction","target":["https:\/\/www.rumicon.sk\/hu\/produkt\/martini-rosso-075l-144-kopia\/"]}]},{"@type":"ImageObject","inLanguage":"hu","@id":"https:\/\/www.rumicon.sk\/hu\/produkt\/martini-rosso-075l-144-kopia\/#primaryimage","url":"https:\/\/www.rumicon.sk\/wp-content\/uploads\/bailley-hotovo.jpg","contentUrl":"https:\/\/www.rumicon.sk\/wp-content\/uploads\/bailley-hotovo.jpg","width":600,"height":600},{"@type":"BreadcrumbList","@id":"https:\/\/www.rumicon.sk\/hu\/produkt\/martini-rosso-075l-144-kopia\/#breadcrumb","itemListElement":[{"@type":"ListItem","position":1,"name":"Home","item":"https:\/\/www.rumicon.sk\/hu\/home\/"},{"@type":"ListItem","position":2,"name":"Web\u00e1ruh\u00e1z","item":"https:\/\/www.rumicon.sk\/hu\/webaruhaz\/"},{"@type":"ListItem","position":3,"name":"Bailly Lapierre Cr\u00e9mant de Bourgogne Chard..."}]},{"@type":"WebSite","@id":"https:\/\/www.rumicon.sk\/hu\/#website","url":"https:\/\/www.rumicon.sk\/hu\/","name":"rumicon.sk","description":"","publisher":{"@id":"https:\/\/www.rumicon.sk\/hu\/#organization"},"potentialAction":[{"@type":"SearchAction","target":{"@type":"EntryPoint","urlTemplate":"https:\/\/www.rumicon.sk\/hu\/?s={search_term_string}"},"query-input":{"@type":"PropertyValueSpecification","valueRequired":true,"valueName":"search_term_string"}}],"inLanguage":"hu"},{"@type":"Organization","@id":"https:\/\/www.rumicon.sk\/hu\/#organization","name":"rumicon.sk","url":"https:\/\/www.rumicon.sk\/hu\/","logo":{"@type":"ImageObject","inLanguage":"hu","@id":"https:\/\/www.rumicon.sk\/hu\/#\/schema\/logo\/image\/","url":"https:\/\/www.rumicon.sk\/wp-content\/uploads\/logo-rumicon-bcs-color.png","contentUrl":"https:\/\/www.rumicon.sk\/wp-content\/uploads\/logo-rumicon-bcs-color.png","width":827,"height":278,"caption":"rumicon.sk"},"image":{"@id":"https:\/\/www.rumicon.sk\/hu\/#\/schema\/logo\/image\/"},"sameAs":["https:\/\/www.facebook.com\/people\/Rumicon-Bottle-Cigar-Shop\/100087110283303\/","https:\/\/www.instagram.com\/rumicon_bottle_cigar_shop\/","https:\/\/www.tiktok.com\/@rumicon2022"]}]}},"_links":{"self":[{"href":"https:\/\/www.rumicon.sk\/hu\/wp-json\/wp\/v2\/product\/8603","targetHints":{"allow":["GET"]}}],"collection":[{"href":"https:\/\/www.rumicon.sk\/hu\/wp-json\/wp\/v2\/product"}],"about":[{"href":"https:\/\/www.rumicon.sk\/hu\/wp-json\/wp\/v2\/types\/product"}],"replies":[{"embeddable":true,"href":"https:\/\/www.rumicon.sk\/hu\/wp-json\/wp\/v2\/comments?post=8603"}],"wp:featuredmedia":[{"embeddable":true,"href":"https:\/\/www.rumicon.sk\/hu\/wp-json\/wp\/v2\/media\/8605"}],"wp:attachment":[{"href":"https:\/\/www.rumicon.sk\/hu\/wp-json\/wp\/v2\/media?parent=8603"}],"wp:term":[{"taxonomy":"product_brand","embeddable":true,"href":"https:\/\/www.rumicon.sk\/hu\/wp-json\/wp\/v2\/product_brand?post=8603"},{"taxonomy":"product_cat","embeddable":true,"href":"https:\/\/www.rumicon.sk\/hu\/wp-json\/wp\/v2\/product_cat?post=8603"},{"taxonomy":"product_tag","embeddable":true,"href":"https:\/\/www.rumicon.sk\/hu\/wp-json\/wp\/v2\/product_tag?post=8603"}],"curies":[{"name":"wp","href":"https:\/\/api.w.org\/{rel}","templated":true}]}}