{"id":8595,"date":"2025-06-21T19:29:48","date_gmt":"2025-06-21T17:29:48","guid":{"rendered":"https:\/\/www.rumicon.sk\/?post_type=product&#038;p=8595"},"modified":"2026-03-23T17:13:26","modified_gmt":"2026-03-23T16:13:26","slug":"rocky-patel-vintage-1999-robusto-20-kopia-kopia","status":"publish","type":"product","link":"https:\/\/www.rumicon.sk\/hu\/produkt\/rocky-patel-vintage-1999-robusto-20-kopia-kopia\/","title":{"rendered":"Rocky Patel A.L.R. SE Robusto Grande \/5\/"},"content":{"rendered":"<p>A Rocky Patel Vintage 1999 szivar a m\u00e1rka Vintage vonal\u00e1nak folytat\u00e1sa, 7 \u00e9vig \u00e9rlelt doh\u00e1nyt tartalmaz Nicaragu\u00e1b\u00f3l \u00e9s a Dominikai K\u00f6zt\u00e1rsas\u00e1gb\u00f3l, gy\u00f6ny\u00f6r\u0171 vil\u00e1gosbarna Connecticut bor\u00edt\u00f3val 1999-b\u0151l. Ez a finom szivar tele van di\u00f3s \u00e9s c\u00e9drusos \u00edzekkel.  A f\u00fcst l\u00e1gy \u00e9s kr\u00e9mes.<\/p>\n<p>Enyh\u00e9bb er\u0151ss\u00e9ge miatt ez a szivar kezd\u0151knek is alkalmas, de az \u00edzek komplexit\u00e1sa miatt a finomabb szivarok tapasztaltabb kedvel\u0151i is \u00e9rt\u00e9kelni fogj\u00e1k. Sz\u00e1rmaz\u00e1s: Honduras Hossz\u00fas\u00e1g x \u00e1tm\u00e9r\u0151: 127 mm x 20 mm. <\/p>\n","protected":false},"excerpt":{"rendered":"<p><strong data-start=\"114\" data-end=\"151\">A Rocky Patel ALR SE Robusto Grande<\/strong> egy limit\u00e1lt pr\u00e9mium szivar Nicaragu\u00e1b\u00f3l, amelyet a sodr\u00e1st k\u00f6vet\u0151en h\u00e1rom \u00e9vig \u00e9rlelt doh\u00e1nyb\u00f3l k\u00e9sz\u00edtettek. Az ALR n\u00e9v az <em data-start=\"269\" data-end=\"291\">Aged, Limited &amp; Rare (\u00e9rlelt, limit\u00e1lt \u00e9s ritka<\/em> ) szavakb\u00f3l \u00e1ll &#8211; utalva a kiv\u00e9teles karakterre. S\u00f6t\u00e9t mexik\u00f3i San Andr\u00e9s Maduro bor\u00edt\u00f3ba csomagolva, min\u0151s\u00e9gi nicaraguai doh\u00e1nyb\u00f3l k\u00e9sz\u00fclt t\u00f6ltel\u00e9kkel, k\u00f6zepes \u00e9s telt test\u0171 \u00edzvil\u00e1got k\u00edn\u00e1l, csokol\u00e1d\u00e9, k\u00e1v\u00e9, f\u0171szer \u00e9s finom gy\u00fcm\u00f6lcs\u00f6ss\u00e9g jegyeivel. Az \u00e9g\u00e9s egyenletes, a f\u00fcst s\u0171r\u0171 \u00e9s sima, ide\u00e1lis az ig\u00e9nyes szivarok szerelmeseinek. Ez a szivar kifinomult \u00e9lm\u00e9nyt ny\u00fajt, hosszan tart\u00f3 \u00e9s eleg\u00e1ns befejez\u00e9ssel.    <\/p>\n","protected":false},"featured_media":8597,"comment_status":"closed","ping_status":"closed","template":"","meta":{"_acf_changed":false},"product_brand":[],"product_cat":[584],"product_tag":[1553],"class_list":{"0":"post-8595","1":"product","2":"type-product","3":"status-publish","4":"has-post-thumbnail","6":"product_cat-szivarok","7":"product_tag-premium-szivar","8":"pa_krajina-povodu-nicaragua","10":"first","11":"instock","12":"taxable","13":"shipping-taxable","14":"purchasable","15":"product-type-simple"},"acf":[],"yoast_head":"<!-- This site is optimized with the Yoast SEO plugin v27.0 - https:\/\/yoast.com\/product\/yoast-seo-wordpress\/ -->\n<title>Rocky Patel A.L.R. SE Robusto Grande \/5\/ - rumicon.sk<\/title>\n<meta name=\"robots\" content=\"index, follow, max-snippet:-1, max-image-preview:large, max-video-preview:-1\" \/>\n<link rel=\"canonical\" href=\"https:\/\/www.rumicon.sk\/hu\/produkt\/rocky-patel-vintage-1999-robusto-20-kopia-kopia\/\" \/>\n<meta property=\"og:locale\" content=\"hu_HU\" \/>\n<meta property=\"og:type\" content=\"article\" \/>\n<meta property=\"og:title\" content=\"Rocky Patel A.L.R. SE Robusto Grande \/5\/ - rumicon.sk\" \/>\n<meta property=\"og:description\" content=\"A Rocky Patel ALR SE Robusto Grande egy limit\u00e1lt pr\u00e9mium szivar Nicaragu\u00e1b\u00f3l, amelyet a sodr\u00e1st k\u00f6vet\u0151en h\u00e1rom \u00e9vig \u00e9rlelt doh\u00e1nyb\u00f3l k\u00e9sz\u00edtettek. Az ALR n\u00e9v az Aged, Limited &amp; Rare (\u00e9rlelt, limit\u00e1lt \u00e9s ritka ) szavakb\u00f3l \u00e1ll - utalva a kiv\u00e9teles karakterre. S\u00f6t\u00e9t mexik\u00f3i San Andr\u00e9s Maduro bor\u00edt\u00f3ba csomagolva, min\u0151s\u00e9gi nicaraguai doh\u00e1nyb\u00f3l k\u00e9sz\u00fclt t\u00f6ltel\u00e9kkel, k\u00f6zepes \u00e9s telt test\u0171 \u00edzvil\u00e1got k\u00edn\u00e1l, csokol\u00e1d\u00e9, k\u00e1v\u00e9, f\u0171szer \u00e9s finom gy\u00fcm\u00f6lcs\u00f6ss\u00e9g jegyeivel. Az \u00e9g\u00e9s egyenletes, a f\u00fcst s\u0171r\u0171 \u00e9s sima, ide\u00e1lis az ig\u00e9nyes szivarok szerelmeseinek. Ez a szivar kifinomult \u00e9lm\u00e9nyt ny\u00fajt, hosszan tart\u00f3 \u00e9s eleg\u00e1ns befejez\u00e9ssel.\" \/>\n<meta property=\"og:url\" content=\"https:\/\/www.rumicon.sk\/hu\/produkt\/rocky-patel-vintage-1999-robusto-20-kopia-kopia\/\" \/>\n<meta property=\"og:site_name\" content=\"rumicon.sk\" \/>\n<meta property=\"article:publisher\" content=\"https:\/\/www.facebook.com\/people\/Rumicon-Bottle-Cigar-Shop\/100087110283303\/\" \/>\n<meta property=\"article:modified_time\" content=\"2026-03-23T16:13:26+00:00\" \/>\n<meta property=\"og:image\" content=\"https:\/\/www.rumicon.sk\/wp-content\/uploads\/RP-ALR.jpg\" \/>\n\t<meta property=\"og:image:width\" content=\"768\" \/>\n\t<meta property=\"og:image:height\" content=\"768\" \/>\n\t<meta property=\"og:image:type\" content=\"image\/jpeg\" \/>\n<meta name=\"twitter:card\" content=\"summary_large_image\" \/>\n<meta name=\"twitter:label1\" content=\"Becs\u00fclt olvas\u00e1si id\u0151\" \/>\n\t<meta name=\"twitter:data1\" content=\"1 perc\" \/>\n<script type=\"application\/ld+json\" class=\"yoast-schema-graph\">{\"@context\":\"https:\/\/schema.org\",\"@graph\":[{\"@type\":\"WebPage\",\"@id\":\"https:\/\/www.rumicon.sk\/hu\/produkt\/rocky-patel-vintage-1999-robusto-20-kopia-kopia\/\",\"url\":\"https:\/\/www.rumicon.sk\/hu\/produkt\/rocky-patel-vintage-1999-robusto-20-kopia-kopia\/\",\"name\":\"Rocky Patel A.L.R. SE Robusto Grande \/5\/ - rumicon.sk\",\"isPartOf\":{\"@id\":\"https:\/\/www.rumicon.sk\/hu\/#website\"},\"primaryImageOfPage\":{\"@id\":\"https:\/\/www.rumicon.sk\/hu\/produkt\/rocky-patel-vintage-1999-robusto-20-kopia-kopia\/#primaryimage\"},\"image\":{\"@id\":\"https:\/\/www.rumicon.sk\/hu\/produkt\/rocky-patel-vintage-1999-robusto-20-kopia-kopia\/#primaryimage\"},\"thumbnailUrl\":\"https:\/\/www.rumicon.sk\/wp-content\/uploads\/RP-ALR.jpg\",\"datePublished\":\"2025-06-21T17:29:48+00:00\",\"dateModified\":\"2026-03-23T16:13:26+00:00\",\"breadcrumb\":{\"@id\":\"https:\/\/www.rumicon.sk\/hu\/produkt\/rocky-patel-vintage-1999-robusto-20-kopia-kopia\/#breadcrumb\"},\"inLanguage\":\"hu\",\"potentialAction\":[{\"@type\":\"ReadAction\",\"target\":[\"https:\/\/www.rumicon.sk\/hu\/produkt\/rocky-patel-vintage-1999-robusto-20-kopia-kopia\/\"]}]},{\"@type\":\"ImageObject\",\"inLanguage\":\"hu\",\"@id\":\"https:\/\/www.rumicon.sk\/hu\/produkt\/rocky-patel-vintage-1999-robusto-20-kopia-kopia\/#primaryimage\",\"url\":\"https:\/\/www.rumicon.sk\/wp-content\/uploads\/RP-ALR.jpg\",\"contentUrl\":\"https:\/\/www.rumicon.sk\/wp-content\/uploads\/RP-ALR.jpg\",\"width\":768,\"height\":768,\"caption\":\"Rocky Patel ALR SE Robusto\"},{\"@type\":\"BreadcrumbList\",\"@id\":\"https:\/\/www.rumicon.sk\/hu\/produkt\/rocky-patel-vintage-1999-robusto-20-kopia-kopia\/#breadcrumb\",\"itemListElement\":[{\"@type\":\"ListItem\",\"position\":1,\"name\":\"Home\",\"item\":\"https:\/\/www.rumicon.sk\/hu\/home\/\"},{\"@type\":\"ListItem\",\"position\":2,\"name\":\"Web\u00e1ruh\u00e1z\",\"item\":\"https:\/\/www.rumicon.sk\/hu\/webaruhaz\/\"},{\"@type\":\"ListItem\",\"position\":3,\"name\":\"Rocky Patel A.L.R. SE Robusto Grande \/5\/\"}]},{\"@type\":\"WebSite\",\"@id\":\"https:\/\/www.rumicon.sk\/hu\/#website\",\"url\":\"https:\/\/www.rumicon.sk\/hu\/\",\"name\":\"rumicon.sk\",\"description\":\"\",\"publisher\":{\"@id\":\"https:\/\/www.rumicon.sk\/hu\/#organization\"},\"potentialAction\":[{\"@type\":\"SearchAction\",\"target\":{\"@type\":\"EntryPoint\",\"urlTemplate\":\"https:\/\/www.rumicon.sk\/hu\/?s={search_term_string}\"},\"query-input\":{\"@type\":\"PropertyValueSpecification\",\"valueRequired\":true,\"valueName\":\"search_term_string\"}}],\"inLanguage\":\"hu\"},{\"@type\":\"Organization\",\"@id\":\"https:\/\/www.rumicon.sk\/hu\/#organization\",\"name\":\"rumicon.sk\",\"url\":\"https:\/\/www.rumicon.sk\/hu\/\",\"logo\":{\"@type\":\"ImageObject\",\"inLanguage\":\"hu\",\"@id\":\"https:\/\/www.rumicon.sk\/hu\/#\/schema\/logo\/image\/\",\"url\":\"https:\/\/www.rumicon.sk\/wp-content\/uploads\/logo-rumicon-bcs-color.png\",\"contentUrl\":\"https:\/\/www.rumicon.sk\/wp-content\/uploads\/logo-rumicon-bcs-color.png\",\"width\":827,\"height\":278,\"caption\":\"rumicon.sk\"},\"image\":{\"@id\":\"https:\/\/www.rumicon.sk\/hu\/#\/schema\/logo\/image\/\"},\"sameAs\":[\"https:\/\/www.facebook.com\/people\/Rumicon-Bottle-Cigar-Shop\/100087110283303\/\",\"https:\/\/www.instagram.com\/rumicon_bottle_cigar_shop\/\",\"https:\/\/www.tiktok.com\/@rumicon2022\"]}]}<\/script>\n<!-- \/ Yoast SEO plugin. -->","yoast_head_json":{"title":"Rocky Patel A.L.R. SE Robusto Grande \/5\/ - rumicon.sk","robots":{"index":"index","follow":"follow","max-snippet":"max-snippet:-1","max-image-preview":"max-image-preview:large","max-video-preview":"max-video-preview:-1"},"canonical":"https:\/\/www.rumicon.sk\/hu\/produkt\/rocky-patel-vintage-1999-robusto-20-kopia-kopia\/","og_locale":"hu_HU","og_type":"article","og_title":"Rocky Patel A.L.R. SE Robusto Grande \/5\/ - rumicon.sk","og_description":"A Rocky Patel ALR SE Robusto Grande egy limit\u00e1lt pr\u00e9mium szivar Nicaragu\u00e1b\u00f3l, amelyet a sodr\u00e1st k\u00f6vet\u0151en h\u00e1rom \u00e9vig \u00e9rlelt doh\u00e1nyb\u00f3l k\u00e9sz\u00edtettek. Az ALR n\u00e9v az Aged, Limited &amp; Rare (\u00e9rlelt, limit\u00e1lt \u00e9s ritka ) szavakb\u00f3l \u00e1ll - utalva a kiv\u00e9teles karakterre. S\u00f6t\u00e9t mexik\u00f3i San Andr\u00e9s Maduro bor\u00edt\u00f3ba csomagolva, min\u0151s\u00e9gi nicaraguai doh\u00e1nyb\u00f3l k\u00e9sz\u00fclt t\u00f6ltel\u00e9kkel, k\u00f6zepes \u00e9s telt test\u0171 \u00edzvil\u00e1got k\u00edn\u00e1l, csokol\u00e1d\u00e9, k\u00e1v\u00e9, f\u0171szer \u00e9s finom gy\u00fcm\u00f6lcs\u00f6ss\u00e9g jegyeivel. Az \u00e9g\u00e9s egyenletes, a f\u00fcst s\u0171r\u0171 \u00e9s sima, ide\u00e1lis az ig\u00e9nyes szivarok szerelmeseinek. Ez a szivar kifinomult \u00e9lm\u00e9nyt ny\u00fajt, hosszan tart\u00f3 \u00e9s eleg\u00e1ns befejez\u00e9ssel.","og_url":"https:\/\/www.rumicon.sk\/hu\/produkt\/rocky-patel-vintage-1999-robusto-20-kopia-kopia\/","og_site_name":"rumicon.sk","article_publisher":"https:\/\/www.facebook.com\/people\/Rumicon-Bottle-Cigar-Shop\/100087110283303\/","article_modified_time":"2026-03-23T16:13:26+00:00","og_image":[{"width":768,"height":768,"url":"https:\/\/www.rumicon.sk\/wp-content\/uploads\/RP-ALR.jpg","type":"image\/jpeg"}],"twitter_card":"summary_large_image","twitter_misc":{"Becs\u00fclt olvas\u00e1si id\u0151":"1 perc"},"schema":{"@context":"https:\/\/schema.org","@graph":[{"@type":"WebPage","@id":"https:\/\/www.rumicon.sk\/hu\/produkt\/rocky-patel-vintage-1999-robusto-20-kopia-kopia\/","url":"https:\/\/www.rumicon.sk\/hu\/produkt\/rocky-patel-vintage-1999-robusto-20-kopia-kopia\/","name":"Rocky Patel A.L.R. SE Robusto Grande \/5\/ - rumicon.sk","isPartOf":{"@id":"https:\/\/www.rumicon.sk\/hu\/#website"},"primaryImageOfPage":{"@id":"https:\/\/www.rumicon.sk\/hu\/produkt\/rocky-patel-vintage-1999-robusto-20-kopia-kopia\/#primaryimage"},"image":{"@id":"https:\/\/www.rumicon.sk\/hu\/produkt\/rocky-patel-vintage-1999-robusto-20-kopia-kopia\/#primaryimage"},"thumbnailUrl":"https:\/\/www.rumicon.sk\/wp-content\/uploads\/RP-ALR.jpg","datePublished":"2025-06-21T17:29:48+00:00","dateModified":"2026-03-23T16:13:26+00:00","breadcrumb":{"@id":"https:\/\/www.rumicon.sk\/hu\/produkt\/rocky-patel-vintage-1999-robusto-20-kopia-kopia\/#breadcrumb"},"inLanguage":"hu","potentialAction":[{"@type":"ReadAction","target":["https:\/\/www.rumicon.sk\/hu\/produkt\/rocky-patel-vintage-1999-robusto-20-kopia-kopia\/"]}]},{"@type":"ImageObject","inLanguage":"hu","@id":"https:\/\/www.rumicon.sk\/hu\/produkt\/rocky-patel-vintage-1999-robusto-20-kopia-kopia\/#primaryimage","url":"https:\/\/www.rumicon.sk\/wp-content\/uploads\/RP-ALR.jpg","contentUrl":"https:\/\/www.rumicon.sk\/wp-content\/uploads\/RP-ALR.jpg","width":768,"height":768,"caption":"Rocky Patel ALR SE Robusto"},{"@type":"BreadcrumbList","@id":"https:\/\/www.rumicon.sk\/hu\/produkt\/rocky-patel-vintage-1999-robusto-20-kopia-kopia\/#breadcrumb","itemListElement":[{"@type":"ListItem","position":1,"name":"Home","item":"https:\/\/www.rumicon.sk\/hu\/home\/"},{"@type":"ListItem","position":2,"name":"Web\u00e1ruh\u00e1z","item":"https:\/\/www.rumicon.sk\/hu\/webaruhaz\/"},{"@type":"ListItem","position":3,"name":"Rocky Patel A.L.R. SE Robusto Grande \/5\/"}]},{"@type":"WebSite","@id":"https:\/\/www.rumicon.sk\/hu\/#website","url":"https:\/\/www.rumicon.sk\/hu\/","name":"rumicon.sk","description":"","publisher":{"@id":"https:\/\/www.rumicon.sk\/hu\/#organization"},"potentialAction":[{"@type":"SearchAction","target":{"@type":"EntryPoint","urlTemplate":"https:\/\/www.rumicon.sk\/hu\/?s={search_term_string}"},"query-input":{"@type":"PropertyValueSpecification","valueRequired":true,"valueName":"search_term_string"}}],"inLanguage":"hu"},{"@type":"Organization","@id":"https:\/\/www.rumicon.sk\/hu\/#organization","name":"rumicon.sk","url":"https:\/\/www.rumicon.sk\/hu\/","logo":{"@type":"ImageObject","inLanguage":"hu","@id":"https:\/\/www.rumicon.sk\/hu\/#\/schema\/logo\/image\/","url":"https:\/\/www.rumicon.sk\/wp-content\/uploads\/logo-rumicon-bcs-color.png","contentUrl":"https:\/\/www.rumicon.sk\/wp-content\/uploads\/logo-rumicon-bcs-color.png","width":827,"height":278,"caption":"rumicon.sk"},"image":{"@id":"https:\/\/www.rumicon.sk\/hu\/#\/schema\/logo\/image\/"},"sameAs":["https:\/\/www.facebook.com\/people\/Rumicon-Bottle-Cigar-Shop\/100087110283303\/","https:\/\/www.instagram.com\/rumicon_bottle_cigar_shop\/","https:\/\/www.tiktok.com\/@rumicon2022"]}]}},"_links":{"self":[{"href":"https:\/\/www.rumicon.sk\/hu\/wp-json\/wp\/v2\/product\/8595","targetHints":{"allow":["GET"]}}],"collection":[{"href":"https:\/\/www.rumicon.sk\/hu\/wp-json\/wp\/v2\/product"}],"about":[{"href":"https:\/\/www.rumicon.sk\/hu\/wp-json\/wp\/v2\/types\/product"}],"replies":[{"embeddable":true,"href":"https:\/\/www.rumicon.sk\/hu\/wp-json\/wp\/v2\/comments?post=8595"}],"wp:featuredmedia":[{"embeddable":true,"href":"https:\/\/www.rumicon.sk\/hu\/wp-json\/wp\/v2\/media\/8597"}],"wp:attachment":[{"href":"https:\/\/www.rumicon.sk\/hu\/wp-json\/wp\/v2\/media?parent=8595"}],"wp:term":[{"taxonomy":"product_brand","embeddable":true,"href":"https:\/\/www.rumicon.sk\/hu\/wp-json\/wp\/v2\/product_brand?post=8595"},{"taxonomy":"product_cat","embeddable":true,"href":"https:\/\/www.rumicon.sk\/hu\/wp-json\/wp\/v2\/product_cat?post=8595"},{"taxonomy":"product_tag","embeddable":true,"href":"https:\/\/www.rumicon.sk\/hu\/wp-json\/wp\/v2\/product_tag?post=8595"}],"curies":[{"name":"wp","href":"https:\/\/api.w.org\/{rel}","templated":true}]}}