{"id":8583,"date":"2025-06-21T19:15:13","date_gmt":"2025-06-21T17:15:13","guid":{"rendered":"https:\/\/www.rumicon.sk\/?post_type=product&#038;p=8583"},"modified":"2025-08-14T11:45:37","modified_gmt":"2025-08-14T09:45:37","slug":"dictador-j-nelson-robusto-14gr-kopia","status":"publish","type":"product","link":"https:\/\/www.rumicon.sk\/hu\/produkt\/dictador-j-nelson-robusto-14gr-kopia\/","title":{"rendered":"Chinchalero Picadillo"},"content":{"rendered":"<p>A szivar, amelynek doh\u00e1nyn\u00f6v\u00e9nyeit kubai magokb\u00f3l termesztett\u00e9k a Dominikai K\u00f6zt\u00e1rsas\u00e1gban, s\u00f6t\u00e9t maduro bor\u00edt\u00f3val van bevonva. Dictador rumhord\u00f3ban \u00e9rlelt\u00e9k, ami m\u00e9z, t\u00f6lgy \u00e9s van\u00edlia jegyeket k\u00f6lcs\u00f6n\u00f6z neki. Ez a szivar egy mesterm\u0171, amely nem hagy k\u00e9ts\u00e9get afel\u0151l, hogy melyik m\u0171helyb\u0151l sz\u00e1rmazik. A k\u00f6zepesen er\u0151s \u00e9s er\u0151s szivar az els\u0151 fel\u00e9ben \u00e9des \u00edzzel b\u0171v\u00f6l el, majd remeg\u0151 f\u0171szeress\u00e9ggel gy\u00f6ny\u00f6rk\u00f6dtet, amely egy ponton tal\u00e1n m\u00e9g le is nyomasztja \u00d6nt. Kiv\u00e1l\u00f3 szivar pr\u00e9mium rummal p\u00e1ros\u00edtva.<\/p>\n<p>Hossz x \u00e1tm\u00e9r\u0151: 127 mm x 20 mm Er\u0151ss\u00e9g: k\u00f6zepest\u0151l az er\u0151sig Orsz\u00e1g: Dominikai K\u00f6zt\u00e1rsas\u00e1g    <\/p>\n","protected":false},"excerpt":{"rendered":"<p data-start=\"89\" data-end=\"713\">Ez a szivar k\u00e9zzel sodort, v\u00e1logatott \u00fcltetv\u00e9nyekr\u0151l sz\u00e1rmaz\u00f3 min\u0151s\u00e9gi doh\u00e1nyb\u00f3l k\u00e9sz\u00fcl, ami biztos\u00edtja az egyenletes arom\u00e1t \u00e9s a gazdag f\u00fcst\u00f6t. A doh\u00e1nylevelek harmonikus kever\u00e9k\u00e9vel a f\u0171szer, a fa \u00e9s a f\u00f6ldes \u00e1rnyalatok finom jegyeit k\u00edn\u00e1lja, amelyek kellemes \u00e9s kiegyens\u00falyozott \u00e9lm\u00e9nyt ny\u00fajtanak minden egyes sz\u00edv\u00e1sn\u00e1l. A Chinchalero Picadillo ide\u00e1lis v\u00e1laszt\u00e1s azoknak, akik egy k\u00f6zepes er\u0151ss\u00e9g\u0171 szivart keresnek, amely egyszerre eleg\u00e1ns \u00e9s \u00f6sszetett. T\u00f6k\u00e9letes a pihentet\u0151 pillanatokhoz vagy a t\u00e1rsas\u00e1gi esem\u00e9nyek feldob\u00e1s\u00e1hoz.   <\/p>\n","protected":false},"featured_media":8585,"comment_status":"closed","ping_status":"closed","template":"","meta":{"_acf_changed":false},"product_brand":[],"product_cat":[584],"product_tag":[],"class_list":{"0":"post-8583","1":"product","2":"type-product","3":"status-publish","4":"has-post-thumbnail","6":"product_cat-szivarok","7":"pa_krajina-povodu-kolumbia-hu","9":"first","10":"outofstock","11":"taxable","12":"shipping-taxable","13":"purchasable","14":"product-type-simple"},"acf":[],"yoast_head":"<!-- This site is optimized with the Yoast SEO plugin v27.0 - https:\/\/yoast.com\/product\/yoast-seo-wordpress\/ -->\n<title>Chinchalero Picadillo - rumicon.sk<\/title>\n<meta name=\"robots\" content=\"index, follow, max-snippet:-1, max-image-preview:large, max-video-preview:-1\" \/>\n<link rel=\"canonical\" href=\"https:\/\/www.rumicon.sk\/hu\/produkt\/dictador-j-nelson-robusto-14gr-kopia\/\" \/>\n<meta property=\"og:locale\" content=\"hu_HU\" \/>\n<meta property=\"og:type\" content=\"article\" \/>\n<meta property=\"og:title\" content=\"Chinchalero Picadillo - rumicon.sk\" \/>\n<meta property=\"og:description\" content=\"Ez a szivar k\u00e9zzel sodort, v\u00e1logatott \u00fcltetv\u00e9nyekr\u0151l sz\u00e1rmaz\u00f3 min\u0151s\u00e9gi doh\u00e1nyb\u00f3l k\u00e9sz\u00fcl, ami biztos\u00edtja az egyenletes arom\u00e1t \u00e9s a gazdag f\u00fcst\u00f6t. A doh\u00e1nylevelek harmonikus kever\u00e9k\u00e9vel a f\u0171szer, a fa \u00e9s a f\u00f6ldes \u00e1rnyalatok finom jegyeit k\u00edn\u00e1lja, amelyek kellemes \u00e9s kiegyens\u00falyozott \u00e9lm\u00e9nyt ny\u00fajtanak minden egyes sz\u00edv\u00e1sn\u00e1l. A Chinchalero Picadillo ide\u00e1lis v\u00e1laszt\u00e1s azoknak, akik egy k\u00f6zepes er\u0151ss\u00e9g\u0171 szivart keresnek, amely egyszerre eleg\u00e1ns \u00e9s \u00f6sszetett. T\u00f6k\u00e9letes a pihentet\u0151 pillanatokhoz vagy a t\u00e1rsas\u00e1gi esem\u00e9nyek feldob\u00e1s\u00e1hoz.\" \/>\n<meta property=\"og:url\" content=\"https:\/\/www.rumicon.sk\/hu\/produkt\/dictador-j-nelson-robusto-14gr-kopia\/\" \/>\n<meta property=\"og:site_name\" content=\"rumicon.sk\" \/>\n<meta property=\"article:publisher\" content=\"https:\/\/www.facebook.com\/people\/Rumicon-Bottle-Cigar-Shop\/100087110283303\/\" \/>\n<meta property=\"article:modified_time\" content=\"2025-08-14T09:45:37+00:00\" \/>\n<meta property=\"og:image\" content=\"https:\/\/www.rumicon.sk\/wp-content\/uploads\/chinchalero.jpeg\" \/>\n\t<meta property=\"og:image:width\" content=\"500\" \/>\n\t<meta property=\"og:image:height\" content=\"500\" \/>\n\t<meta property=\"og:image:type\" content=\"image\/jpeg\" \/>\n<meta name=\"twitter:card\" content=\"summary_large_image\" \/>\n<meta name=\"twitter:label1\" content=\"Becs\u00fclt olvas\u00e1si id\u0151\" \/>\n\t<meta name=\"twitter:data1\" content=\"1 perc\" \/>\n<script type=\"application\/ld+json\" class=\"yoast-schema-graph\">{\"@context\":\"https:\/\/schema.org\",\"@graph\":[{\"@type\":\"WebPage\",\"@id\":\"https:\/\/www.rumicon.sk\/hu\/produkt\/dictador-j-nelson-robusto-14gr-kopia\/\",\"url\":\"https:\/\/www.rumicon.sk\/hu\/produkt\/dictador-j-nelson-robusto-14gr-kopia\/\",\"name\":\"Chinchalero Picadillo - rumicon.sk\",\"isPartOf\":{\"@id\":\"https:\/\/www.rumicon.sk\/hu\/#website\"},\"primaryImageOfPage\":{\"@id\":\"https:\/\/www.rumicon.sk\/hu\/produkt\/dictador-j-nelson-robusto-14gr-kopia\/#primaryimage\"},\"image\":{\"@id\":\"https:\/\/www.rumicon.sk\/hu\/produkt\/dictador-j-nelson-robusto-14gr-kopia\/#primaryimage\"},\"thumbnailUrl\":\"https:\/\/www.rumicon.sk\/wp-content\/uploads\/chinchalero.jpeg\",\"datePublished\":\"2025-06-21T17:15:13+00:00\",\"dateModified\":\"2025-08-14T09:45:37+00:00\",\"breadcrumb\":{\"@id\":\"https:\/\/www.rumicon.sk\/hu\/produkt\/dictador-j-nelson-robusto-14gr-kopia\/#breadcrumb\"},\"inLanguage\":\"hu\",\"potentialAction\":[{\"@type\":\"ReadAction\",\"target\":[\"https:\/\/www.rumicon.sk\/hu\/produkt\/dictador-j-nelson-robusto-14gr-kopia\/\"]}]},{\"@type\":\"ImageObject\",\"inLanguage\":\"hu\",\"@id\":\"https:\/\/www.rumicon.sk\/hu\/produkt\/dictador-j-nelson-robusto-14gr-kopia\/#primaryimage\",\"url\":\"https:\/\/www.rumicon.sk\/wp-content\/uploads\/chinchalero.jpeg\",\"contentUrl\":\"https:\/\/www.rumicon.sk\/wp-content\/uploads\/chinchalero.jpeg\",\"width\":500,\"height\":500},{\"@type\":\"BreadcrumbList\",\"@id\":\"https:\/\/www.rumicon.sk\/hu\/produkt\/dictador-j-nelson-robusto-14gr-kopia\/#breadcrumb\",\"itemListElement\":[{\"@type\":\"ListItem\",\"position\":1,\"name\":\"Home\",\"item\":\"https:\/\/www.rumicon.sk\/hu\/home\/\"},{\"@type\":\"ListItem\",\"position\":2,\"name\":\"Web\u00e1ruh\u00e1z\",\"item\":\"https:\/\/www.rumicon.sk\/hu\/webaruhaz\/\"},{\"@type\":\"ListItem\",\"position\":3,\"name\":\"Chinchalero Picadillo\"}]},{\"@type\":\"WebSite\",\"@id\":\"https:\/\/www.rumicon.sk\/hu\/#website\",\"url\":\"https:\/\/www.rumicon.sk\/hu\/\",\"name\":\"rumicon.sk\",\"description\":\"\",\"publisher\":{\"@id\":\"https:\/\/www.rumicon.sk\/hu\/#organization\"},\"potentialAction\":[{\"@type\":\"SearchAction\",\"target\":{\"@type\":\"EntryPoint\",\"urlTemplate\":\"https:\/\/www.rumicon.sk\/hu\/?s={search_term_string}\"},\"query-input\":{\"@type\":\"PropertyValueSpecification\",\"valueRequired\":true,\"valueName\":\"search_term_string\"}}],\"inLanguage\":\"hu\"},{\"@type\":\"Organization\",\"@id\":\"https:\/\/www.rumicon.sk\/hu\/#organization\",\"name\":\"rumicon.sk\",\"url\":\"https:\/\/www.rumicon.sk\/hu\/\",\"logo\":{\"@type\":\"ImageObject\",\"inLanguage\":\"hu\",\"@id\":\"https:\/\/www.rumicon.sk\/hu\/#\/schema\/logo\/image\/\",\"url\":\"https:\/\/www.rumicon.sk\/wp-content\/uploads\/logo-rumicon-bcs-color.png\",\"contentUrl\":\"https:\/\/www.rumicon.sk\/wp-content\/uploads\/logo-rumicon-bcs-color.png\",\"width\":827,\"height\":278,\"caption\":\"rumicon.sk\"},\"image\":{\"@id\":\"https:\/\/www.rumicon.sk\/hu\/#\/schema\/logo\/image\/\"},\"sameAs\":[\"https:\/\/www.facebook.com\/people\/Rumicon-Bottle-Cigar-Shop\/100087110283303\/\",\"https:\/\/www.instagram.com\/rumicon_bottle_cigar_shop\/\",\"https:\/\/www.tiktok.com\/@rumicon2022\"]}]}<\/script>\n<!-- \/ Yoast SEO plugin. -->","yoast_head_json":{"title":"Chinchalero Picadillo - rumicon.sk","robots":{"index":"index","follow":"follow","max-snippet":"max-snippet:-1","max-image-preview":"max-image-preview:large","max-video-preview":"max-video-preview:-1"},"canonical":"https:\/\/www.rumicon.sk\/hu\/produkt\/dictador-j-nelson-robusto-14gr-kopia\/","og_locale":"hu_HU","og_type":"article","og_title":"Chinchalero Picadillo - rumicon.sk","og_description":"Ez a szivar k\u00e9zzel sodort, v\u00e1logatott \u00fcltetv\u00e9nyekr\u0151l sz\u00e1rmaz\u00f3 min\u0151s\u00e9gi doh\u00e1nyb\u00f3l k\u00e9sz\u00fcl, ami biztos\u00edtja az egyenletes arom\u00e1t \u00e9s a gazdag f\u00fcst\u00f6t. A doh\u00e1nylevelek harmonikus kever\u00e9k\u00e9vel a f\u0171szer, a fa \u00e9s a f\u00f6ldes \u00e1rnyalatok finom jegyeit k\u00edn\u00e1lja, amelyek kellemes \u00e9s kiegyens\u00falyozott \u00e9lm\u00e9nyt ny\u00fajtanak minden egyes sz\u00edv\u00e1sn\u00e1l. A Chinchalero Picadillo ide\u00e1lis v\u00e1laszt\u00e1s azoknak, akik egy k\u00f6zepes er\u0151ss\u00e9g\u0171 szivart keresnek, amely egyszerre eleg\u00e1ns \u00e9s \u00f6sszetett. T\u00f6k\u00e9letes a pihentet\u0151 pillanatokhoz vagy a t\u00e1rsas\u00e1gi esem\u00e9nyek feldob\u00e1s\u00e1hoz.","og_url":"https:\/\/www.rumicon.sk\/hu\/produkt\/dictador-j-nelson-robusto-14gr-kopia\/","og_site_name":"rumicon.sk","article_publisher":"https:\/\/www.facebook.com\/people\/Rumicon-Bottle-Cigar-Shop\/100087110283303\/","article_modified_time":"2025-08-14T09:45:37+00:00","og_image":[{"width":500,"height":500,"url":"https:\/\/www.rumicon.sk\/wp-content\/uploads\/chinchalero.jpeg","type":"image\/jpeg"}],"twitter_card":"summary_large_image","twitter_misc":{"Becs\u00fclt olvas\u00e1si id\u0151":"1 perc"},"schema":{"@context":"https:\/\/schema.org","@graph":[{"@type":"WebPage","@id":"https:\/\/www.rumicon.sk\/hu\/produkt\/dictador-j-nelson-robusto-14gr-kopia\/","url":"https:\/\/www.rumicon.sk\/hu\/produkt\/dictador-j-nelson-robusto-14gr-kopia\/","name":"Chinchalero Picadillo - rumicon.sk","isPartOf":{"@id":"https:\/\/www.rumicon.sk\/hu\/#website"},"primaryImageOfPage":{"@id":"https:\/\/www.rumicon.sk\/hu\/produkt\/dictador-j-nelson-robusto-14gr-kopia\/#primaryimage"},"image":{"@id":"https:\/\/www.rumicon.sk\/hu\/produkt\/dictador-j-nelson-robusto-14gr-kopia\/#primaryimage"},"thumbnailUrl":"https:\/\/www.rumicon.sk\/wp-content\/uploads\/chinchalero.jpeg","datePublished":"2025-06-21T17:15:13+00:00","dateModified":"2025-08-14T09:45:37+00:00","breadcrumb":{"@id":"https:\/\/www.rumicon.sk\/hu\/produkt\/dictador-j-nelson-robusto-14gr-kopia\/#breadcrumb"},"inLanguage":"hu","potentialAction":[{"@type":"ReadAction","target":["https:\/\/www.rumicon.sk\/hu\/produkt\/dictador-j-nelson-robusto-14gr-kopia\/"]}]},{"@type":"ImageObject","inLanguage":"hu","@id":"https:\/\/www.rumicon.sk\/hu\/produkt\/dictador-j-nelson-robusto-14gr-kopia\/#primaryimage","url":"https:\/\/www.rumicon.sk\/wp-content\/uploads\/chinchalero.jpeg","contentUrl":"https:\/\/www.rumicon.sk\/wp-content\/uploads\/chinchalero.jpeg","width":500,"height":500},{"@type":"BreadcrumbList","@id":"https:\/\/www.rumicon.sk\/hu\/produkt\/dictador-j-nelson-robusto-14gr-kopia\/#breadcrumb","itemListElement":[{"@type":"ListItem","position":1,"name":"Home","item":"https:\/\/www.rumicon.sk\/hu\/home\/"},{"@type":"ListItem","position":2,"name":"Web\u00e1ruh\u00e1z","item":"https:\/\/www.rumicon.sk\/hu\/webaruhaz\/"},{"@type":"ListItem","position":3,"name":"Chinchalero Picadillo"}]},{"@type":"WebSite","@id":"https:\/\/www.rumicon.sk\/hu\/#website","url":"https:\/\/www.rumicon.sk\/hu\/","name":"rumicon.sk","description":"","publisher":{"@id":"https:\/\/www.rumicon.sk\/hu\/#organization"},"potentialAction":[{"@type":"SearchAction","target":{"@type":"EntryPoint","urlTemplate":"https:\/\/www.rumicon.sk\/hu\/?s={search_term_string}"},"query-input":{"@type":"PropertyValueSpecification","valueRequired":true,"valueName":"search_term_string"}}],"inLanguage":"hu"},{"@type":"Organization","@id":"https:\/\/www.rumicon.sk\/hu\/#organization","name":"rumicon.sk","url":"https:\/\/www.rumicon.sk\/hu\/","logo":{"@type":"ImageObject","inLanguage":"hu","@id":"https:\/\/www.rumicon.sk\/hu\/#\/schema\/logo\/image\/","url":"https:\/\/www.rumicon.sk\/wp-content\/uploads\/logo-rumicon-bcs-color.png","contentUrl":"https:\/\/www.rumicon.sk\/wp-content\/uploads\/logo-rumicon-bcs-color.png","width":827,"height":278,"caption":"rumicon.sk"},"image":{"@id":"https:\/\/www.rumicon.sk\/hu\/#\/schema\/logo\/image\/"},"sameAs":["https:\/\/www.facebook.com\/people\/Rumicon-Bottle-Cigar-Shop\/100087110283303\/","https:\/\/www.instagram.com\/rumicon_bottle_cigar_shop\/","https:\/\/www.tiktok.com\/@rumicon2022"]}]}},"_links":{"self":[{"href":"https:\/\/www.rumicon.sk\/hu\/wp-json\/wp\/v2\/product\/8583","targetHints":{"allow":["GET"]}}],"collection":[{"href":"https:\/\/www.rumicon.sk\/hu\/wp-json\/wp\/v2\/product"}],"about":[{"href":"https:\/\/www.rumicon.sk\/hu\/wp-json\/wp\/v2\/types\/product"}],"replies":[{"embeddable":true,"href":"https:\/\/www.rumicon.sk\/hu\/wp-json\/wp\/v2\/comments?post=8583"}],"wp:featuredmedia":[{"embeddable":true,"href":"https:\/\/www.rumicon.sk\/hu\/wp-json\/wp\/v2\/media\/8585"}],"wp:attachment":[{"href":"https:\/\/www.rumicon.sk\/hu\/wp-json\/wp\/v2\/media?parent=8583"}],"wp:term":[{"taxonomy":"product_brand","embeddable":true,"href":"https:\/\/www.rumicon.sk\/hu\/wp-json\/wp\/v2\/product_brand?post=8583"},{"taxonomy":"product_cat","embeddable":true,"href":"https:\/\/www.rumicon.sk\/hu\/wp-json\/wp\/v2\/product_cat?post=8583"},{"taxonomy":"product_tag","embeddable":true,"href":"https:\/\/www.rumicon.sk\/hu\/wp-json\/wp\/v2\/product_tag?post=8583"}],"curies":[{"name":"wp","href":"https:\/\/api.w.org\/{rel}","templated":true}]}}