{"id":8579,"date":"2025-06-21T19:11:00","date_gmt":"2025-06-21T17:11:00","guid":{"rendered":"https:\/\/www.rumicon.sk\/?post_type=product&#038;p=8579"},"modified":"2025-08-14T11:49:00","modified_gmt":"2025-08-14T09:49:00","slug":"cognac-claude-chatelier-xo-05l-40-kopia-kopia-kopia","status":"publish","type":"product","link":"https:\/\/www.rumicon.sk\/hu\/produkt\/cognac-claude-chatelier-xo-05l-40-kopia-kopia-kopia\/","title":{"rendered":"Cognac Meukow VSOP Superior 0,7l 40%"},"content":{"rendered":"<p>A Claude Chatelier konyakot a legjobb Cognac Crus legjobb sz\u0151l\u0151\u00fcltetv\u00e9nyeir\u0151l sz\u00e1rmaz\u00f3 sz\u0151l\u0151b\u0151l k\u00e9sz\u00edtik. Kis, 25 hektoliteres r\u00e9zed\u00e9nyekben, r\u00e9gi, hagyom\u00e1nyos, h\u00e1zon bel\u00fcli m\u00f3dszerekkel desztill\u00e1lj\u00e1k. <\/p>\n","protected":false},"excerpt":{"rendered":"<p>A Meukow VSOP Superior egy eleg\u00e1ns \u00e9s finom konyak, amelyet v\u00e1logatott, legal\u00e1bb n\u00e9gy \u00e9vig \u00e9rlelt, gondosan v\u00e1logatott ned\u0171k kever\u00e9s\u00e9vel hoznak l\u00e9tre. Ez a konyak gazdag arom\u00e1t k\u00edn\u00e1l aszalt gy\u00fcm\u00f6lcs\u00f6k, van\u00edlia, f\u0171szer \u00e9s finom t\u00f6lgyfa jegyekkel. Mind az illatban, mind az \u00edzben harm\u00f3nia van az \u00e9des \u00e9s f\u0171szeres jegyek k\u00f6z\u00f6tt, amelyek kellemes simas\u00e1ggal \u00e9s kiegyens\u00falyozotts\u00e1ggal eg\u00e9sz\u00edtik ki. A Meukow VSOP Superior ide\u00e1lis tiszt\u00e1n, j\u00e9ggel vagy kifinomult kokt\u00e9lok r\u00e9szek\u00e9nt t\u00f6rt\u00e9n\u0151 fogyaszt\u00e1sra. 40%-os alkoholtartalm\u00e1val st\u00edlusos \u00e9s kiv\u00e1l\u00f3 min\u0151s\u00e9g\u0171 konyak azok sz\u00e1m\u00e1ra, akik egy klasszikus, francia eleganci\u00e1t \u00e1raszt\u00f3 konyakot keresnek.    <\/p>\n","protected":false},"featured_media":8581,"comment_status":"closed","ping_status":"closed","template":"","meta":{"_acf_changed":false},"product_brand":[],"product_cat":[585,586],"product_tag":[1121,1202,1205],"class_list":{"0":"post-8579","1":"product","2":"type-product","3":"status-publish","4":"has-post-thumbnail","6":"product_cat-konyak-brandy","7":"product_cat-konyak","8":"product_tag-franciaorszag","9":"product_tag-meukow-hu","10":"product_tag-vsop-superior-hu","11":"pa_druh-alkoholu-konyak","12":"pa_krajina-povodu-franciaorszag","13":"pa_objem-07-l-hu","14":"pa_obsah-alkoholu-40-hu","15":"pa_znacka-meukow-hu","17":"first","18":"outofstock","19":"taxable","20":"shipping-taxable","21":"purchasable","22":"product-type-simple"},"acf":[],"yoast_head":"<!-- This site is optimized with the Yoast SEO plugin v27.0 - https:\/\/yoast.com\/product\/yoast-seo-wordpress\/ -->\n<title>Cognac Meukow VSOP Superior 0,7l 40% - rumicon.sk<\/title>\n<meta name=\"robots\" content=\"index, follow, max-snippet:-1, max-image-preview:large, max-video-preview:-1\" \/>\n<link rel=\"canonical\" href=\"https:\/\/www.rumicon.sk\/hu\/produkt\/cognac-claude-chatelier-xo-05l-40-kopia-kopia-kopia\/\" \/>\n<meta property=\"og:locale\" content=\"hu_HU\" \/>\n<meta property=\"og:type\" content=\"article\" \/>\n<meta property=\"og:title\" content=\"Cognac Meukow VSOP Superior 0,7l 40% - rumicon.sk\" \/>\n<meta property=\"og:description\" content=\"A Meukow VSOP Superior egy eleg\u00e1ns \u00e9s finom konyak, amelyet v\u00e1logatott, legal\u00e1bb n\u00e9gy \u00e9vig \u00e9rlelt, gondosan v\u00e1logatott ned\u0171k kever\u00e9s\u00e9vel hoznak l\u00e9tre. Ez a konyak gazdag arom\u00e1t k\u00edn\u00e1l aszalt gy\u00fcm\u00f6lcs\u00f6k, van\u00edlia, f\u0171szer \u00e9s finom t\u00f6lgyfa jegyekkel. Mind az illatban, mind az \u00edzben harm\u00f3nia van az \u00e9des \u00e9s f\u0171szeres jegyek k\u00f6z\u00f6tt, amelyek kellemes simas\u00e1ggal \u00e9s kiegyens\u00falyozotts\u00e1ggal eg\u00e9sz\u00edtik ki. A Meukow VSOP Superior ide\u00e1lis tiszt\u00e1n, j\u00e9ggel vagy kifinomult kokt\u00e9lok r\u00e9szek\u00e9nt t\u00f6rt\u00e9n\u0151 fogyaszt\u00e1sra. 40%-os alkoholtartalm\u00e1val st\u00edlusos \u00e9s kiv\u00e1l\u00f3 min\u0151s\u00e9g\u0171 konyak azok sz\u00e1m\u00e1ra, akik egy klasszikus, francia eleganci\u00e1t \u00e1raszt\u00f3 konyakot keresnek.\" \/>\n<meta property=\"og:url\" content=\"https:\/\/www.rumicon.sk\/hu\/produkt\/cognac-claude-chatelier-xo-05l-40-kopia-kopia-kopia\/\" \/>\n<meta property=\"og:site_name\" content=\"rumicon.sk\" \/>\n<meta property=\"article:publisher\" content=\"https:\/\/www.facebook.com\/people\/Rumicon-Bottle-Cigar-Shop\/100087110283303\/\" \/>\n<meta property=\"article:modified_time\" content=\"2025-08-14T09:49:00+00:00\" \/>\n<meta property=\"og:image\" content=\"https:\/\/www.rumicon.sk\/wp-content\/uploads\/meukow-vsop-superior.jpg\" \/>\n\t<meta property=\"og:image:width\" content=\"571\" \/>\n\t<meta property=\"og:image:height\" content=\"571\" \/>\n\t<meta property=\"og:image:type\" content=\"image\/jpeg\" \/>\n<meta name=\"twitter:card\" content=\"summary_large_image\" \/>\n<script type=\"application\/ld+json\" class=\"yoast-schema-graph\">{\"@context\":\"https:\/\/schema.org\",\"@graph\":[{\"@type\":\"WebPage\",\"@id\":\"https:\/\/www.rumicon.sk\/hu\/produkt\/cognac-claude-chatelier-xo-05l-40-kopia-kopia-kopia\/\",\"url\":\"https:\/\/www.rumicon.sk\/hu\/produkt\/cognac-claude-chatelier-xo-05l-40-kopia-kopia-kopia\/\",\"name\":\"Cognac Meukow VSOP Superior 0,7l 40% - rumicon.sk\",\"isPartOf\":{\"@id\":\"https:\/\/www.rumicon.sk\/hu\/#website\"},\"primaryImageOfPage\":{\"@id\":\"https:\/\/www.rumicon.sk\/hu\/produkt\/cognac-claude-chatelier-xo-05l-40-kopia-kopia-kopia\/#primaryimage\"},\"image\":{\"@id\":\"https:\/\/www.rumicon.sk\/hu\/produkt\/cognac-claude-chatelier-xo-05l-40-kopia-kopia-kopia\/#primaryimage\"},\"thumbnailUrl\":\"https:\/\/www.rumicon.sk\/wp-content\/uploads\/meukow-vsop-superior.jpg\",\"datePublished\":\"2025-06-21T17:11:00+00:00\",\"dateModified\":\"2025-08-14T09:49:00+00:00\",\"breadcrumb\":{\"@id\":\"https:\/\/www.rumicon.sk\/hu\/produkt\/cognac-claude-chatelier-xo-05l-40-kopia-kopia-kopia\/#breadcrumb\"},\"inLanguage\":\"hu\",\"potentialAction\":[{\"@type\":\"ReadAction\",\"target\":[\"https:\/\/www.rumicon.sk\/hu\/produkt\/cognac-claude-chatelier-xo-05l-40-kopia-kopia-kopia\/\"]}]},{\"@type\":\"ImageObject\",\"inLanguage\":\"hu\",\"@id\":\"https:\/\/www.rumicon.sk\/hu\/produkt\/cognac-claude-chatelier-xo-05l-40-kopia-kopia-kopia\/#primaryimage\",\"url\":\"https:\/\/www.rumicon.sk\/wp-content\/uploads\/meukow-vsop-superior.jpg\",\"contentUrl\":\"https:\/\/www.rumicon.sk\/wp-content\/uploads\/meukow-vsop-superior.jpg\",\"width\":571,\"height\":571},{\"@type\":\"BreadcrumbList\",\"@id\":\"https:\/\/www.rumicon.sk\/hu\/produkt\/cognac-claude-chatelier-xo-05l-40-kopia-kopia-kopia\/#breadcrumb\",\"itemListElement\":[{\"@type\":\"ListItem\",\"position\":1,\"name\":\"Home\",\"item\":\"https:\/\/www.rumicon.sk\/hu\/home\/\"},{\"@type\":\"ListItem\",\"position\":2,\"name\":\"Web\u00e1ruh\u00e1z\",\"item\":\"https:\/\/www.rumicon.sk\/hu\/webaruhaz\/\"},{\"@type\":\"ListItem\",\"position\":3,\"name\":\"Cognac Meukow VSOP Superior 0,7l 40%\"}]},{\"@type\":\"WebSite\",\"@id\":\"https:\/\/www.rumicon.sk\/hu\/#website\",\"url\":\"https:\/\/www.rumicon.sk\/hu\/\",\"name\":\"rumicon.sk\",\"description\":\"\",\"publisher\":{\"@id\":\"https:\/\/www.rumicon.sk\/hu\/#organization\"},\"potentialAction\":[{\"@type\":\"SearchAction\",\"target\":{\"@type\":\"EntryPoint\",\"urlTemplate\":\"https:\/\/www.rumicon.sk\/hu\/?s={search_term_string}\"},\"query-input\":{\"@type\":\"PropertyValueSpecification\",\"valueRequired\":true,\"valueName\":\"search_term_string\"}}],\"inLanguage\":\"hu\"},{\"@type\":\"Organization\",\"@id\":\"https:\/\/www.rumicon.sk\/hu\/#organization\",\"name\":\"rumicon.sk\",\"url\":\"https:\/\/www.rumicon.sk\/hu\/\",\"logo\":{\"@type\":\"ImageObject\",\"inLanguage\":\"hu\",\"@id\":\"https:\/\/www.rumicon.sk\/hu\/#\/schema\/logo\/image\/\",\"url\":\"https:\/\/www.rumicon.sk\/wp-content\/uploads\/logo-rumicon-bcs-color.png\",\"contentUrl\":\"https:\/\/www.rumicon.sk\/wp-content\/uploads\/logo-rumicon-bcs-color.png\",\"width\":827,\"height\":278,\"caption\":\"rumicon.sk\"},\"image\":{\"@id\":\"https:\/\/www.rumicon.sk\/hu\/#\/schema\/logo\/image\/\"},\"sameAs\":[\"https:\/\/www.facebook.com\/people\/Rumicon-Bottle-Cigar-Shop\/100087110283303\/\",\"https:\/\/www.instagram.com\/rumicon_bottle_cigar_shop\/\",\"https:\/\/www.tiktok.com\/@rumicon2022\"]}]}<\/script>\n<!-- \/ Yoast SEO plugin. -->","yoast_head_json":{"title":"Cognac Meukow VSOP Superior 0,7l 40% - rumicon.sk","robots":{"index":"index","follow":"follow","max-snippet":"max-snippet:-1","max-image-preview":"max-image-preview:large","max-video-preview":"max-video-preview:-1"},"canonical":"https:\/\/www.rumicon.sk\/hu\/produkt\/cognac-claude-chatelier-xo-05l-40-kopia-kopia-kopia\/","og_locale":"hu_HU","og_type":"article","og_title":"Cognac Meukow VSOP Superior 0,7l 40% - rumicon.sk","og_description":"A Meukow VSOP Superior egy eleg\u00e1ns \u00e9s finom konyak, amelyet v\u00e1logatott, legal\u00e1bb n\u00e9gy \u00e9vig \u00e9rlelt, gondosan v\u00e1logatott ned\u0171k kever\u00e9s\u00e9vel hoznak l\u00e9tre. Ez a konyak gazdag arom\u00e1t k\u00edn\u00e1l aszalt gy\u00fcm\u00f6lcs\u00f6k, van\u00edlia, f\u0171szer \u00e9s finom t\u00f6lgyfa jegyekkel. Mind az illatban, mind az \u00edzben harm\u00f3nia van az \u00e9des \u00e9s f\u0171szeres jegyek k\u00f6z\u00f6tt, amelyek kellemes simas\u00e1ggal \u00e9s kiegyens\u00falyozotts\u00e1ggal eg\u00e9sz\u00edtik ki. A Meukow VSOP Superior ide\u00e1lis tiszt\u00e1n, j\u00e9ggel vagy kifinomult kokt\u00e9lok r\u00e9szek\u00e9nt t\u00f6rt\u00e9n\u0151 fogyaszt\u00e1sra. 40%-os alkoholtartalm\u00e1val st\u00edlusos \u00e9s kiv\u00e1l\u00f3 min\u0151s\u00e9g\u0171 konyak azok sz\u00e1m\u00e1ra, akik egy klasszikus, francia eleganci\u00e1t \u00e1raszt\u00f3 konyakot keresnek.","og_url":"https:\/\/www.rumicon.sk\/hu\/produkt\/cognac-claude-chatelier-xo-05l-40-kopia-kopia-kopia\/","og_site_name":"rumicon.sk","article_publisher":"https:\/\/www.facebook.com\/people\/Rumicon-Bottle-Cigar-Shop\/100087110283303\/","article_modified_time":"2025-08-14T09:49:00+00:00","og_image":[{"width":571,"height":571,"url":"https:\/\/www.rumicon.sk\/wp-content\/uploads\/meukow-vsop-superior.jpg","type":"image\/jpeg"}],"twitter_card":"summary_large_image","schema":{"@context":"https:\/\/schema.org","@graph":[{"@type":"WebPage","@id":"https:\/\/www.rumicon.sk\/hu\/produkt\/cognac-claude-chatelier-xo-05l-40-kopia-kopia-kopia\/","url":"https:\/\/www.rumicon.sk\/hu\/produkt\/cognac-claude-chatelier-xo-05l-40-kopia-kopia-kopia\/","name":"Cognac Meukow VSOP Superior 0,7l 40% - rumicon.sk","isPartOf":{"@id":"https:\/\/www.rumicon.sk\/hu\/#website"},"primaryImageOfPage":{"@id":"https:\/\/www.rumicon.sk\/hu\/produkt\/cognac-claude-chatelier-xo-05l-40-kopia-kopia-kopia\/#primaryimage"},"image":{"@id":"https:\/\/www.rumicon.sk\/hu\/produkt\/cognac-claude-chatelier-xo-05l-40-kopia-kopia-kopia\/#primaryimage"},"thumbnailUrl":"https:\/\/www.rumicon.sk\/wp-content\/uploads\/meukow-vsop-superior.jpg","datePublished":"2025-06-21T17:11:00+00:00","dateModified":"2025-08-14T09:49:00+00:00","breadcrumb":{"@id":"https:\/\/www.rumicon.sk\/hu\/produkt\/cognac-claude-chatelier-xo-05l-40-kopia-kopia-kopia\/#breadcrumb"},"inLanguage":"hu","potentialAction":[{"@type":"ReadAction","target":["https:\/\/www.rumicon.sk\/hu\/produkt\/cognac-claude-chatelier-xo-05l-40-kopia-kopia-kopia\/"]}]},{"@type":"ImageObject","inLanguage":"hu","@id":"https:\/\/www.rumicon.sk\/hu\/produkt\/cognac-claude-chatelier-xo-05l-40-kopia-kopia-kopia\/#primaryimage","url":"https:\/\/www.rumicon.sk\/wp-content\/uploads\/meukow-vsop-superior.jpg","contentUrl":"https:\/\/www.rumicon.sk\/wp-content\/uploads\/meukow-vsop-superior.jpg","width":571,"height":571},{"@type":"BreadcrumbList","@id":"https:\/\/www.rumicon.sk\/hu\/produkt\/cognac-claude-chatelier-xo-05l-40-kopia-kopia-kopia\/#breadcrumb","itemListElement":[{"@type":"ListItem","position":1,"name":"Home","item":"https:\/\/www.rumicon.sk\/hu\/home\/"},{"@type":"ListItem","position":2,"name":"Web\u00e1ruh\u00e1z","item":"https:\/\/www.rumicon.sk\/hu\/webaruhaz\/"},{"@type":"ListItem","position":3,"name":"Cognac Meukow VSOP Superior 0,7l 40%"}]},{"@type":"WebSite","@id":"https:\/\/www.rumicon.sk\/hu\/#website","url":"https:\/\/www.rumicon.sk\/hu\/","name":"rumicon.sk","description":"","publisher":{"@id":"https:\/\/www.rumicon.sk\/hu\/#organization"},"potentialAction":[{"@type":"SearchAction","target":{"@type":"EntryPoint","urlTemplate":"https:\/\/www.rumicon.sk\/hu\/?s={search_term_string}"},"query-input":{"@type":"PropertyValueSpecification","valueRequired":true,"valueName":"search_term_string"}}],"inLanguage":"hu"},{"@type":"Organization","@id":"https:\/\/www.rumicon.sk\/hu\/#organization","name":"rumicon.sk","url":"https:\/\/www.rumicon.sk\/hu\/","logo":{"@type":"ImageObject","inLanguage":"hu","@id":"https:\/\/www.rumicon.sk\/hu\/#\/schema\/logo\/image\/","url":"https:\/\/www.rumicon.sk\/wp-content\/uploads\/logo-rumicon-bcs-color.png","contentUrl":"https:\/\/www.rumicon.sk\/wp-content\/uploads\/logo-rumicon-bcs-color.png","width":827,"height":278,"caption":"rumicon.sk"},"image":{"@id":"https:\/\/www.rumicon.sk\/hu\/#\/schema\/logo\/image\/"},"sameAs":["https:\/\/www.facebook.com\/people\/Rumicon-Bottle-Cigar-Shop\/100087110283303\/","https:\/\/www.instagram.com\/rumicon_bottle_cigar_shop\/","https:\/\/www.tiktok.com\/@rumicon2022"]}]}},"_links":{"self":[{"href":"https:\/\/www.rumicon.sk\/hu\/wp-json\/wp\/v2\/product\/8579","targetHints":{"allow":["GET"]}}],"collection":[{"href":"https:\/\/www.rumicon.sk\/hu\/wp-json\/wp\/v2\/product"}],"about":[{"href":"https:\/\/www.rumicon.sk\/hu\/wp-json\/wp\/v2\/types\/product"}],"replies":[{"embeddable":true,"href":"https:\/\/www.rumicon.sk\/hu\/wp-json\/wp\/v2\/comments?post=8579"}],"wp:featuredmedia":[{"embeddable":true,"href":"https:\/\/www.rumicon.sk\/hu\/wp-json\/wp\/v2\/media\/8581"}],"wp:attachment":[{"href":"https:\/\/www.rumicon.sk\/hu\/wp-json\/wp\/v2\/media?parent=8579"}],"wp:term":[{"taxonomy":"product_brand","embeddable":true,"href":"https:\/\/www.rumicon.sk\/hu\/wp-json\/wp\/v2\/product_brand?post=8579"},{"taxonomy":"product_cat","embeddable":true,"href":"https:\/\/www.rumicon.sk\/hu\/wp-json\/wp\/v2\/product_cat?post=8579"},{"taxonomy":"product_tag","embeddable":true,"href":"https:\/\/www.rumicon.sk\/hu\/wp-json\/wp\/v2\/product_tag?post=8579"}],"curies":[{"name":"wp","href":"https:\/\/api.w.org\/{rel}","templated":true}]}}