{"id":8563,"date":"2025-06-21T18:42:24","date_gmt":"2025-06-21T16:42:24","guid":{"rendered":"https:\/\/www.rumicon.sk\/?post_type=product&#038;p=8563"},"modified":"2025-08-14T11:45:31","modified_gmt":"2025-08-14T09:45:31","slug":"whisky-proper-no-twelve-07l-40-kopia","status":"publish","type":"product","link":"https:\/\/www.rumicon.sk\/hu\/produkt\/whisky-proper-no-twelve-07l-40-kopia\/","title":{"rendered":"Whisky Bulleit Bourbon 0,7 l 45%"},"content":{"rendered":"<p>Sz\u00e1j: sima, van\u00edlia, m\u00e9z, f\u0171szerek Finish: er\u0151s, hossz\u00fa, p\u00f6rk\u00f6lt fa, m\u00e9z<\/p>\n","protected":false},"excerpt":{"rendered":"<p data-start=\"116\" data-end=\"682\">A Bulleit Bourbon egy amerikai whisky, amely mer\u00e9sz \u00edz\u00e9r\u0151l \u00e9s klasszikus bourbon jelleg\u00e9r\u0151l ismert. Kukorica, rozs \u00e9s \u00e1rpa kever\u00e9k\u00e9b\u0151l k\u00e9sz\u00fcl, frissen \u00e9getett t\u00f6lgyfahord\u00f3kban \u00e9rlelik, ami gazdag karamell\u00e1s \u00e9s van\u00edli\u00e1s \u00edzt k\u00f6lcs\u00f6n\u00f6z neki, finom f\u0171szeres jegyekkel. A 45%-os alkoholtartalomnak k\u00f6sz\u00f6nhet\u0151en teljes, kiegyens\u00falyozott \u00e9s l\u00e1gy \u00edzt biztos\u00edt, amely ide\u00e1lis a lass\u00fa kortyolgat\u00e1shoz tiszt\u00e1n, j\u00e9ggel vagy olyan klasszikus kokt\u00e9lok alapjak\u00e9nt, mint az Old Fashioned vagy a Manhattan. A Bulleit Bourbon az amerikai hagyom\u00e1nyok \u00e9s a k\u00e9zm\u0171ves whiskyk\u00e9sz\u00edt\u00e9s szimb\u00f3luma, amely a min\u0151s\u00e9gre \u00e9s a jellegzetes \u00edzre helyezi a hangs\u00falyt.   <\/p>\n","protected":false},"featured_media":8565,"comment_status":"closed","ping_status":"closed","template":"","meta":{"_acf_changed":false},"product_brand":[],"product_cat":[509,798],"product_tag":[1126,1125],"class_list":{"0":"post-8563","1":"product","2":"type-product","3":"status-publish","4":"has-post-thumbnail","6":"product_cat-whisky-hu","7":"product_cat-amerikai-whisky","8":"product_tag-amerikai-whisky","9":"product_tag-bulleit-bourbon-hu","10":"pa_druh-alkoholu-whisky-hu","11":"pa_krajina-povodu-usa-hu","12":"pa_objem-07l-hu","13":"pa_obsah-alkoholu-45-hu","14":"pa_znacka-bulleit-bourbon-hu","16":"first","17":"instock","18":"taxable","19":"shipping-taxable","20":"purchasable","21":"product-type-simple"},"acf":[],"yoast_head":"<!-- This site is optimized with the Yoast SEO plugin v27.0 - https:\/\/yoast.com\/product\/yoast-seo-wordpress\/ -->\n<title>Whisky Bulleit Bourbon 0,7 l 45% - rumicon.sk<\/title>\n<meta name=\"robots\" content=\"index, follow, max-snippet:-1, max-image-preview:large, max-video-preview:-1\" \/>\n<link rel=\"canonical\" href=\"https:\/\/www.rumicon.sk\/hu\/produkt\/whisky-proper-no-twelve-07l-40-kopia\/\" \/>\n<meta property=\"og:locale\" content=\"hu_HU\" \/>\n<meta property=\"og:type\" content=\"article\" \/>\n<meta property=\"og:title\" content=\"Whisky Bulleit Bourbon 0,7 l 45% - rumicon.sk\" \/>\n<meta property=\"og:description\" content=\"A Bulleit Bourbon egy amerikai whisky, amely mer\u00e9sz \u00edz\u00e9r\u0151l \u00e9s klasszikus bourbon jelleg\u00e9r\u0151l ismert. Kukorica, rozs \u00e9s \u00e1rpa kever\u00e9k\u00e9b\u0151l k\u00e9sz\u00fcl, frissen \u00e9getett t\u00f6lgyfahord\u00f3kban \u00e9rlelik, ami gazdag karamell\u00e1s \u00e9s van\u00edli\u00e1s \u00edzt k\u00f6lcs\u00f6n\u00f6z neki, finom f\u0171szeres jegyekkel. A 45%-os alkoholtartalomnak k\u00f6sz\u00f6nhet\u0151en teljes, kiegyens\u00falyozott \u00e9s l\u00e1gy \u00edzt biztos\u00edt, amely ide\u00e1lis a lass\u00fa kortyolgat\u00e1shoz tiszt\u00e1n, j\u00e9ggel vagy olyan klasszikus kokt\u00e9lok alapjak\u00e9nt, mint az Old Fashioned vagy a Manhattan. A Bulleit Bourbon az amerikai hagyom\u00e1nyok \u00e9s a k\u00e9zm\u0171ves whiskyk\u00e9sz\u00edt\u00e9s szimb\u00f3luma, amely a min\u0151s\u00e9gre \u00e9s a jellegzetes \u00edzre helyezi a hangs\u00falyt.\" \/>\n<meta property=\"og:url\" content=\"https:\/\/www.rumicon.sk\/hu\/produkt\/whisky-proper-no-twelve-07l-40-kopia\/\" \/>\n<meta property=\"og:site_name\" content=\"rumicon.sk\" \/>\n<meta property=\"article:publisher\" content=\"https:\/\/www.facebook.com\/people\/Rumicon-Bottle-Cigar-Shop\/100087110283303\/\" \/>\n<meta property=\"article:modified_time\" content=\"2025-08-14T09:45:31+00:00\" \/>\n<meta property=\"og:image\" content=\"https:\/\/www.rumicon.sk\/wp-content\/uploads\/bulleit-bourbon.jpg\" \/>\n\t<meta property=\"og:image:width\" content=\"453\" \/>\n\t<meta property=\"og:image:height\" content=\"453\" \/>\n\t<meta property=\"og:image:type\" content=\"image\/jpeg\" \/>\n<meta name=\"twitter:card\" content=\"summary_large_image\" \/>\n<script type=\"application\/ld+json\" class=\"yoast-schema-graph\">{\"@context\":\"https:\/\/schema.org\",\"@graph\":[{\"@type\":\"WebPage\",\"@id\":\"https:\/\/www.rumicon.sk\/hu\/produkt\/whisky-proper-no-twelve-07l-40-kopia\/\",\"url\":\"https:\/\/www.rumicon.sk\/hu\/produkt\/whisky-proper-no-twelve-07l-40-kopia\/\",\"name\":\"Whisky Bulleit Bourbon 0,7 l 45% - rumicon.sk\",\"isPartOf\":{\"@id\":\"https:\/\/www.rumicon.sk\/hu\/#website\"},\"primaryImageOfPage\":{\"@id\":\"https:\/\/www.rumicon.sk\/hu\/produkt\/whisky-proper-no-twelve-07l-40-kopia\/#primaryimage\"},\"image\":{\"@id\":\"https:\/\/www.rumicon.sk\/hu\/produkt\/whisky-proper-no-twelve-07l-40-kopia\/#primaryimage\"},\"thumbnailUrl\":\"https:\/\/www.rumicon.sk\/wp-content\/uploads\/bulleit-bourbon.jpg\",\"datePublished\":\"2025-06-21T16:42:24+00:00\",\"dateModified\":\"2025-08-14T09:45:31+00:00\",\"breadcrumb\":{\"@id\":\"https:\/\/www.rumicon.sk\/hu\/produkt\/whisky-proper-no-twelve-07l-40-kopia\/#breadcrumb\"},\"inLanguage\":\"hu\",\"potentialAction\":[{\"@type\":\"ReadAction\",\"target\":[\"https:\/\/www.rumicon.sk\/hu\/produkt\/whisky-proper-no-twelve-07l-40-kopia\/\"]}]},{\"@type\":\"ImageObject\",\"inLanguage\":\"hu\",\"@id\":\"https:\/\/www.rumicon.sk\/hu\/produkt\/whisky-proper-no-twelve-07l-40-kopia\/#primaryimage\",\"url\":\"https:\/\/www.rumicon.sk\/wp-content\/uploads\/bulleit-bourbon.jpg\",\"contentUrl\":\"https:\/\/www.rumicon.sk\/wp-content\/uploads\/bulleit-bourbon.jpg\",\"width\":453,\"height\":453},{\"@type\":\"BreadcrumbList\",\"@id\":\"https:\/\/www.rumicon.sk\/hu\/produkt\/whisky-proper-no-twelve-07l-40-kopia\/#breadcrumb\",\"itemListElement\":[{\"@type\":\"ListItem\",\"position\":1,\"name\":\"Home\",\"item\":\"https:\/\/www.rumicon.sk\/hu\/home\/\"},{\"@type\":\"ListItem\",\"position\":2,\"name\":\"Web\u00e1ruh\u00e1z\",\"item\":\"https:\/\/www.rumicon.sk\/hu\/webaruhaz\/\"},{\"@type\":\"ListItem\",\"position\":3,\"name\":\"Whisky Bulleit Bourbon 0,7 l 45%\"}]},{\"@type\":\"WebSite\",\"@id\":\"https:\/\/www.rumicon.sk\/hu\/#website\",\"url\":\"https:\/\/www.rumicon.sk\/hu\/\",\"name\":\"rumicon.sk\",\"description\":\"\",\"publisher\":{\"@id\":\"https:\/\/www.rumicon.sk\/hu\/#organization\"},\"potentialAction\":[{\"@type\":\"SearchAction\",\"target\":{\"@type\":\"EntryPoint\",\"urlTemplate\":\"https:\/\/www.rumicon.sk\/hu\/?s={search_term_string}\"},\"query-input\":{\"@type\":\"PropertyValueSpecification\",\"valueRequired\":true,\"valueName\":\"search_term_string\"}}],\"inLanguage\":\"hu\"},{\"@type\":\"Organization\",\"@id\":\"https:\/\/www.rumicon.sk\/hu\/#organization\",\"name\":\"rumicon.sk\",\"url\":\"https:\/\/www.rumicon.sk\/hu\/\",\"logo\":{\"@type\":\"ImageObject\",\"inLanguage\":\"hu\",\"@id\":\"https:\/\/www.rumicon.sk\/hu\/#\/schema\/logo\/image\/\",\"url\":\"https:\/\/www.rumicon.sk\/wp-content\/uploads\/logo-rumicon-bcs-color.png\",\"contentUrl\":\"https:\/\/www.rumicon.sk\/wp-content\/uploads\/logo-rumicon-bcs-color.png\",\"width\":827,\"height\":278,\"caption\":\"rumicon.sk\"},\"image\":{\"@id\":\"https:\/\/www.rumicon.sk\/hu\/#\/schema\/logo\/image\/\"},\"sameAs\":[\"https:\/\/www.facebook.com\/people\/Rumicon-Bottle-Cigar-Shop\/100087110283303\/\",\"https:\/\/www.instagram.com\/rumicon_bottle_cigar_shop\/\",\"https:\/\/www.tiktok.com\/@rumicon2022\"]}]}<\/script>\n<!-- \/ Yoast SEO plugin. -->","yoast_head_json":{"title":"Whisky Bulleit Bourbon 0,7 l 45% - rumicon.sk","robots":{"index":"index","follow":"follow","max-snippet":"max-snippet:-1","max-image-preview":"max-image-preview:large","max-video-preview":"max-video-preview:-1"},"canonical":"https:\/\/www.rumicon.sk\/hu\/produkt\/whisky-proper-no-twelve-07l-40-kopia\/","og_locale":"hu_HU","og_type":"article","og_title":"Whisky Bulleit Bourbon 0,7 l 45% - rumicon.sk","og_description":"A Bulleit Bourbon egy amerikai whisky, amely mer\u00e9sz \u00edz\u00e9r\u0151l \u00e9s klasszikus bourbon jelleg\u00e9r\u0151l ismert. Kukorica, rozs \u00e9s \u00e1rpa kever\u00e9k\u00e9b\u0151l k\u00e9sz\u00fcl, frissen \u00e9getett t\u00f6lgyfahord\u00f3kban \u00e9rlelik, ami gazdag karamell\u00e1s \u00e9s van\u00edli\u00e1s \u00edzt k\u00f6lcs\u00f6n\u00f6z neki, finom f\u0171szeres jegyekkel. A 45%-os alkoholtartalomnak k\u00f6sz\u00f6nhet\u0151en teljes, kiegyens\u00falyozott \u00e9s l\u00e1gy \u00edzt biztos\u00edt, amely ide\u00e1lis a lass\u00fa kortyolgat\u00e1shoz tiszt\u00e1n, j\u00e9ggel vagy olyan klasszikus kokt\u00e9lok alapjak\u00e9nt, mint az Old Fashioned vagy a Manhattan. A Bulleit Bourbon az amerikai hagyom\u00e1nyok \u00e9s a k\u00e9zm\u0171ves whiskyk\u00e9sz\u00edt\u00e9s szimb\u00f3luma, amely a min\u0151s\u00e9gre \u00e9s a jellegzetes \u00edzre helyezi a hangs\u00falyt.","og_url":"https:\/\/www.rumicon.sk\/hu\/produkt\/whisky-proper-no-twelve-07l-40-kopia\/","og_site_name":"rumicon.sk","article_publisher":"https:\/\/www.facebook.com\/people\/Rumicon-Bottle-Cigar-Shop\/100087110283303\/","article_modified_time":"2025-08-14T09:45:31+00:00","og_image":[{"width":453,"height":453,"url":"https:\/\/www.rumicon.sk\/wp-content\/uploads\/bulleit-bourbon.jpg","type":"image\/jpeg"}],"twitter_card":"summary_large_image","schema":{"@context":"https:\/\/schema.org","@graph":[{"@type":"WebPage","@id":"https:\/\/www.rumicon.sk\/hu\/produkt\/whisky-proper-no-twelve-07l-40-kopia\/","url":"https:\/\/www.rumicon.sk\/hu\/produkt\/whisky-proper-no-twelve-07l-40-kopia\/","name":"Whisky Bulleit Bourbon 0,7 l 45% - rumicon.sk","isPartOf":{"@id":"https:\/\/www.rumicon.sk\/hu\/#website"},"primaryImageOfPage":{"@id":"https:\/\/www.rumicon.sk\/hu\/produkt\/whisky-proper-no-twelve-07l-40-kopia\/#primaryimage"},"image":{"@id":"https:\/\/www.rumicon.sk\/hu\/produkt\/whisky-proper-no-twelve-07l-40-kopia\/#primaryimage"},"thumbnailUrl":"https:\/\/www.rumicon.sk\/wp-content\/uploads\/bulleit-bourbon.jpg","datePublished":"2025-06-21T16:42:24+00:00","dateModified":"2025-08-14T09:45:31+00:00","breadcrumb":{"@id":"https:\/\/www.rumicon.sk\/hu\/produkt\/whisky-proper-no-twelve-07l-40-kopia\/#breadcrumb"},"inLanguage":"hu","potentialAction":[{"@type":"ReadAction","target":["https:\/\/www.rumicon.sk\/hu\/produkt\/whisky-proper-no-twelve-07l-40-kopia\/"]}]},{"@type":"ImageObject","inLanguage":"hu","@id":"https:\/\/www.rumicon.sk\/hu\/produkt\/whisky-proper-no-twelve-07l-40-kopia\/#primaryimage","url":"https:\/\/www.rumicon.sk\/wp-content\/uploads\/bulleit-bourbon.jpg","contentUrl":"https:\/\/www.rumicon.sk\/wp-content\/uploads\/bulleit-bourbon.jpg","width":453,"height":453},{"@type":"BreadcrumbList","@id":"https:\/\/www.rumicon.sk\/hu\/produkt\/whisky-proper-no-twelve-07l-40-kopia\/#breadcrumb","itemListElement":[{"@type":"ListItem","position":1,"name":"Home","item":"https:\/\/www.rumicon.sk\/hu\/home\/"},{"@type":"ListItem","position":2,"name":"Web\u00e1ruh\u00e1z","item":"https:\/\/www.rumicon.sk\/hu\/webaruhaz\/"},{"@type":"ListItem","position":3,"name":"Whisky Bulleit Bourbon 0,7 l 45%"}]},{"@type":"WebSite","@id":"https:\/\/www.rumicon.sk\/hu\/#website","url":"https:\/\/www.rumicon.sk\/hu\/","name":"rumicon.sk","description":"","publisher":{"@id":"https:\/\/www.rumicon.sk\/hu\/#organization"},"potentialAction":[{"@type":"SearchAction","target":{"@type":"EntryPoint","urlTemplate":"https:\/\/www.rumicon.sk\/hu\/?s={search_term_string}"},"query-input":{"@type":"PropertyValueSpecification","valueRequired":true,"valueName":"search_term_string"}}],"inLanguage":"hu"},{"@type":"Organization","@id":"https:\/\/www.rumicon.sk\/hu\/#organization","name":"rumicon.sk","url":"https:\/\/www.rumicon.sk\/hu\/","logo":{"@type":"ImageObject","inLanguage":"hu","@id":"https:\/\/www.rumicon.sk\/hu\/#\/schema\/logo\/image\/","url":"https:\/\/www.rumicon.sk\/wp-content\/uploads\/logo-rumicon-bcs-color.png","contentUrl":"https:\/\/www.rumicon.sk\/wp-content\/uploads\/logo-rumicon-bcs-color.png","width":827,"height":278,"caption":"rumicon.sk"},"image":{"@id":"https:\/\/www.rumicon.sk\/hu\/#\/schema\/logo\/image\/"},"sameAs":["https:\/\/www.facebook.com\/people\/Rumicon-Bottle-Cigar-Shop\/100087110283303\/","https:\/\/www.instagram.com\/rumicon_bottle_cigar_shop\/","https:\/\/www.tiktok.com\/@rumicon2022"]}]}},"_links":{"self":[{"href":"https:\/\/www.rumicon.sk\/hu\/wp-json\/wp\/v2\/product\/8563","targetHints":{"allow":["GET"]}}],"collection":[{"href":"https:\/\/www.rumicon.sk\/hu\/wp-json\/wp\/v2\/product"}],"about":[{"href":"https:\/\/www.rumicon.sk\/hu\/wp-json\/wp\/v2\/types\/product"}],"replies":[{"embeddable":true,"href":"https:\/\/www.rumicon.sk\/hu\/wp-json\/wp\/v2\/comments?post=8563"}],"wp:featuredmedia":[{"embeddable":true,"href":"https:\/\/www.rumicon.sk\/hu\/wp-json\/wp\/v2\/media\/8565"}],"wp:attachment":[{"href":"https:\/\/www.rumicon.sk\/hu\/wp-json\/wp\/v2\/media?parent=8563"}],"wp:term":[{"taxonomy":"product_brand","embeddable":true,"href":"https:\/\/www.rumicon.sk\/hu\/wp-json\/wp\/v2\/product_brand?post=8563"},{"taxonomy":"product_cat","embeddable":true,"href":"https:\/\/www.rumicon.sk\/hu\/wp-json\/wp\/v2\/product_cat?post=8563"},{"taxonomy":"product_tag","embeddable":true,"href":"https:\/\/www.rumicon.sk\/hu\/wp-json\/wp\/v2\/product_tag?post=8563"}],"curies":[{"name":"wp","href":"https:\/\/api.w.org\/{rel}","templated":true}]}}