{"id":8551,"date":"2025-06-21T18:22:45","date_gmt":"2025-06-21T16:22:45","guid":{"rendered":"https:\/\/www.rumicon.sk\/?post_type=product&#038;p=8551"},"modified":"2025-08-14T11:48:49","modified_gmt":"2025-08-14T09:48:49","slug":"rum-the-demons-share-diablo-07l-40-kopia-kopia","status":"publish","type":"product","link":"https:\/\/www.rumicon.sk\/hu\/produkt\/rum-the-demons-share-diablo-07l-40-kopia-kopia\/","title":{"rendered":"Rum The Demon&#8217;s Share Rodrigo&#8217;..."},"content":{"rendered":"<p><strong>Illat:<\/strong> Kezdetben nagyon l\u00e1gy, majd kand\u00edrozott narancs, karamell, v\u00e9g\u00fcl meleg f\u0171szeres illat, tele szegf\u0171szeggel, kurkum\u00e1val \u00e9s van\u00edli\u00e1val.<\/p>\n<p><strong> \u00cdz: Az \u00edz:<\/strong> Kiegyens\u00falyozott, tele narancsh\u00e9jjal, marcip\u00e1nnal, \u00e9des f\u0171szerekkel.<\/p>\n<p><strong> Finish:<\/strong> Kiegyens\u00falyozott \u00e9s enyh\u00e9n f\u0171szeres.<\/p>\n","protected":false},"excerpt":{"rendered":"<p>A Demon&#8217;s Share Rodrigo&#8217;s Reserve 9 \u00e9ves egy kiv\u00e9teles panamai s\u00f6t\u00e9t rum, amelyet 9 \u00e9vig \u00e9rlelnek amerikai t\u00f6lgyf\u00e1b\u00f3l k\u00e9sz\u00fclt bourbon hord\u00f3kban. A Panama h\u00e9t d\u00e9mon\u00e1nak egyik\u00e9r\u0151l elnevezett, limit\u00e1lt kiad\u00e1s\u00fa rum gazdag borosty\u00e1nsz\u00ednnel \u00e9s aranysz\u00edn\u0171 kiemelked\u00e9sekkel rendelkezik. Az illatban a van\u00edlia, a citrusf\u00e9l\u00e9k, a z\u00f6ld alma \u00e9s a t\u00f6lgyfa finom jegyei keverednek &#8211; az \u00e9des \u00e9s f\u0171szeres akkordok harmonikus balettje. \u00cdz\u00e9ben l\u00e1gy \u00e9s \u00f6sszetett: felfedezheti a fa, a van\u00edlia, a citrom, az enyhe gy\u00fcm\u00f6lcs\u00f6s jegyek \u00e9s a f\u0171szeres, f\u0171szeres jegyek arom\u00e1it. A lecseng\u00e9s hossz\u00fa, \u00e9desk\u00e9s, a f\u0171szer \u00e9s a b\u0151r finom ut\u00f3\u00edz\u00e9vel, amely lassan fejl\u0151dik. 40%-os alkoholtartalm\u00e1val ez a rum ide\u00e1lis a lass\u00fa, tiszta vagy j\u00e9ggel val\u00f3 fogyaszt\u00e1sra, de poh\u00e1rkever\u00e9kek eleg\u00e1ns alapjak\u00e9nt is meg\u00e1llja a hely\u00e9t. Minden \u00fcveg egy f\u00e9ny\u0171z\u0151 aj\u00e1nd\u00e9ktubusba van csomagolva, ami tov\u00e1bb fokozza az exkluzivit\u00e1s \u00e9s a r\u00e9szletekre val\u00f3 odafigyel\u00e9s benyom\u00e1s\u00e1t.      <\/p>\n","protected":false},"featured_media":8553,"comment_status":"closed","ping_status":"closed","template":"","meta":{"_acf_changed":false},"product_brand":[],"product_cat":[483,485],"product_tag":[1135,763],"class_list":{"0":"post-8551","1":"product","2":"type-product","3":"status-publish","4":"has-post-thumbnail","6":"product_cat-rum-hu","7":"product_cat-sotet-rum","8":"product_tag-sotet-rum","9":"product_tag-the-demons-share-hu","10":"pa_druh-alkoholu-sotet-rum","11":"pa_krajina-povodu-panama-hu","12":"pa_objem-07-l-hu","13":"pa_obsah-alkoholu-40-hu","14":"pa_znacka-the-demons-share-hu-2","16":"first","17":"instock","18":"taxable","19":"shipping-taxable","20":"purchasable","21":"product-type-simple"},"acf":[],"yoast_head":"<!-- This site is optimized with the Yoast SEO plugin v27.0 - https:\/\/yoast.com\/product\/yoast-seo-wordpress\/ -->\n<title>Rum The Demon&#039;s Share Rodrigo&#039;s Reserve 9y 0,7l 40% - rumicon.sk<\/title>\n<meta name=\"robots\" content=\"index, follow, max-snippet:-1, max-image-preview:large, max-video-preview:-1\" \/>\n<link rel=\"canonical\" href=\"https:\/\/www.rumicon.sk\/hu\/produkt\/rum-the-demons-share-diablo-07l-40-kopia-kopia\/\" \/>\n<meta property=\"og:locale\" content=\"hu_HU\" \/>\n<meta property=\"og:type\" content=\"article\" \/>\n<meta property=\"og:title\" content=\"Rum The Demon&#039;s Share Rodrigo&#039;s Reserve 9y 0,7l 40% - rumicon.sk\" \/>\n<meta property=\"og:description\" content=\"A Demon&#039;s Share Rodrigo&#039;s Reserve 9 \u00e9ves egy kiv\u00e9teles panamai s\u00f6t\u00e9t rum, amelyet 9 \u00e9vig \u00e9rlelnek amerikai t\u00f6lgyf\u00e1b\u00f3l k\u00e9sz\u00fclt bourbon hord\u00f3kban. A Panama h\u00e9t d\u00e9mon\u00e1nak egyik\u00e9r\u0151l elnevezett, limit\u00e1lt kiad\u00e1s\u00fa rum gazdag borosty\u00e1nsz\u00ednnel \u00e9s aranysz\u00edn\u0171 kiemelked\u00e9sekkel rendelkezik. Az illatban a van\u00edlia, a citrusf\u00e9l\u00e9k, a z\u00f6ld alma \u00e9s a t\u00f6lgyfa finom jegyei keverednek - az \u00e9des \u00e9s f\u0171szeres akkordok harmonikus balettje. \u00cdz\u00e9ben l\u00e1gy \u00e9s \u00f6sszetett: felfedezheti a fa, a van\u00edlia, a citrom, az enyhe gy\u00fcm\u00f6lcs\u00f6s jegyek \u00e9s a f\u0171szeres, f\u0171szeres jegyek arom\u00e1it. A lecseng\u00e9s hossz\u00fa, \u00e9desk\u00e9s, a f\u0171szer \u00e9s a b\u0151r finom ut\u00f3\u00edz\u00e9vel, amely lassan fejl\u0151dik. 40%-os alkoholtartalm\u00e1val ez a rum ide\u00e1lis a lass\u00fa, tiszta vagy j\u00e9ggel val\u00f3 fogyaszt\u00e1sra, de poh\u00e1rkever\u00e9kek eleg\u00e1ns alapjak\u00e9nt is meg\u00e1llja a hely\u00e9t. Minden \u00fcveg egy f\u00e9ny\u0171z\u0151 aj\u00e1nd\u00e9ktubusba van csomagolva, ami tov\u00e1bb fokozza az exkluzivit\u00e1s \u00e9s a r\u00e9szletekre val\u00f3 odafigyel\u00e9s benyom\u00e1s\u00e1t.\" \/>\n<meta property=\"og:url\" content=\"https:\/\/www.rumicon.sk\/hu\/produkt\/rum-the-demons-share-diablo-07l-40-kopia-kopia\/\" \/>\n<meta property=\"og:site_name\" content=\"rumicon.sk\" \/>\n<meta property=\"article:publisher\" content=\"https:\/\/www.facebook.com\/people\/Rumicon-Bottle-Cigar-Shop\/100087110283303\/\" \/>\n<meta property=\"article:modified_time\" content=\"2025-08-14T09:48:49+00:00\" \/>\n<meta property=\"og:image\" content=\"https:\/\/www.rumicon.sk\/wp-content\/uploads\/demons-share-9y.jpg\" \/>\n\t<meta property=\"og:image:width\" content=\"600\" \/>\n\t<meta property=\"og:image:height\" content=\"600\" \/>\n\t<meta property=\"og:image:type\" content=\"image\/jpeg\" \/>\n<meta name=\"twitter:card\" content=\"summary_large_image\" \/>\n<script type=\"application\/ld+json\" class=\"yoast-schema-graph\">{\"@context\":\"https:\/\/schema.org\",\"@graph\":[{\"@type\":\"WebPage\",\"@id\":\"https:\/\/www.rumicon.sk\/hu\/produkt\/rum-the-demons-share-diablo-07l-40-kopia-kopia\/\",\"url\":\"https:\/\/www.rumicon.sk\/hu\/produkt\/rum-the-demons-share-diablo-07l-40-kopia-kopia\/\",\"name\":\"Rum The Demon's Share Rodrigo's Reserve 9y 0,7l 40% - rumicon.sk\",\"isPartOf\":{\"@id\":\"https:\/\/www.rumicon.sk\/hu\/#website\"},\"primaryImageOfPage\":{\"@id\":\"https:\/\/www.rumicon.sk\/hu\/produkt\/rum-the-demons-share-diablo-07l-40-kopia-kopia\/#primaryimage\"},\"image\":{\"@id\":\"https:\/\/www.rumicon.sk\/hu\/produkt\/rum-the-demons-share-diablo-07l-40-kopia-kopia\/#primaryimage\"},\"thumbnailUrl\":\"https:\/\/www.rumicon.sk\/wp-content\/uploads\/demons-share-9y.jpg\",\"datePublished\":\"2025-06-21T16:22:45+00:00\",\"dateModified\":\"2025-08-14T09:48:49+00:00\",\"breadcrumb\":{\"@id\":\"https:\/\/www.rumicon.sk\/hu\/produkt\/rum-the-demons-share-diablo-07l-40-kopia-kopia\/#breadcrumb\"},\"inLanguage\":\"hu\",\"potentialAction\":[{\"@type\":\"ReadAction\",\"target\":[\"https:\/\/www.rumicon.sk\/hu\/produkt\/rum-the-demons-share-diablo-07l-40-kopia-kopia\/\"]}]},{\"@type\":\"ImageObject\",\"inLanguage\":\"hu\",\"@id\":\"https:\/\/www.rumicon.sk\/hu\/produkt\/rum-the-demons-share-diablo-07l-40-kopia-kopia\/#primaryimage\",\"url\":\"https:\/\/www.rumicon.sk\/wp-content\/uploads\/demons-share-9y.jpg\",\"contentUrl\":\"https:\/\/www.rumicon.sk\/wp-content\/uploads\/demons-share-9y.jpg\",\"width\":600,\"height\":600,\"caption\":\"demon\u00b4s share rodrigo\"},{\"@type\":\"BreadcrumbList\",\"@id\":\"https:\/\/www.rumicon.sk\/hu\/produkt\/rum-the-demons-share-diablo-07l-40-kopia-kopia\/#breadcrumb\",\"itemListElement\":[{\"@type\":\"ListItem\",\"position\":1,\"name\":\"Home\",\"item\":\"https:\/\/www.rumicon.sk\/hu\/home\/\"},{\"@type\":\"ListItem\",\"position\":2,\"name\":\"Web\u00e1ruh\u00e1z\",\"item\":\"https:\/\/www.rumicon.sk\/hu\/webaruhaz\/\"},{\"@type\":\"ListItem\",\"position\":3,\"name\":\"Rum The Demon&#8217;s Share Rodrigo&#8217;...\"}]},{\"@type\":\"WebSite\",\"@id\":\"https:\/\/www.rumicon.sk\/hu\/#website\",\"url\":\"https:\/\/www.rumicon.sk\/hu\/\",\"name\":\"rumicon.sk\",\"description\":\"\",\"publisher\":{\"@id\":\"https:\/\/www.rumicon.sk\/hu\/#organization\"},\"potentialAction\":[{\"@type\":\"SearchAction\",\"target\":{\"@type\":\"EntryPoint\",\"urlTemplate\":\"https:\/\/www.rumicon.sk\/hu\/?s={search_term_string}\"},\"query-input\":{\"@type\":\"PropertyValueSpecification\",\"valueRequired\":true,\"valueName\":\"search_term_string\"}}],\"inLanguage\":\"hu\"},{\"@type\":\"Organization\",\"@id\":\"https:\/\/www.rumicon.sk\/hu\/#organization\",\"name\":\"rumicon.sk\",\"url\":\"https:\/\/www.rumicon.sk\/hu\/\",\"logo\":{\"@type\":\"ImageObject\",\"inLanguage\":\"hu\",\"@id\":\"https:\/\/www.rumicon.sk\/hu\/#\/schema\/logo\/image\/\",\"url\":\"https:\/\/www.rumicon.sk\/wp-content\/uploads\/logo-rumicon-bcs-color.png\",\"contentUrl\":\"https:\/\/www.rumicon.sk\/wp-content\/uploads\/logo-rumicon-bcs-color.png\",\"width\":827,\"height\":278,\"caption\":\"rumicon.sk\"},\"image\":{\"@id\":\"https:\/\/www.rumicon.sk\/hu\/#\/schema\/logo\/image\/\"},\"sameAs\":[\"https:\/\/www.facebook.com\/people\/Rumicon-Bottle-Cigar-Shop\/100087110283303\/\",\"https:\/\/www.instagram.com\/rumicon_bottle_cigar_shop\/\",\"https:\/\/www.tiktok.com\/@rumicon2022\"]}]}<\/script>\n<!-- \/ Yoast SEO plugin. -->","yoast_head_json":{"title":"Rum The Demon's Share Rodrigo's Reserve 9y 0,7l 40% - rumicon.sk","robots":{"index":"index","follow":"follow","max-snippet":"max-snippet:-1","max-image-preview":"max-image-preview:large","max-video-preview":"max-video-preview:-1"},"canonical":"https:\/\/www.rumicon.sk\/hu\/produkt\/rum-the-demons-share-diablo-07l-40-kopia-kopia\/","og_locale":"hu_HU","og_type":"article","og_title":"Rum The Demon's Share Rodrigo's Reserve 9y 0,7l 40% - rumicon.sk","og_description":"A Demon's Share Rodrigo's Reserve 9 \u00e9ves egy kiv\u00e9teles panamai s\u00f6t\u00e9t rum, amelyet 9 \u00e9vig \u00e9rlelnek amerikai t\u00f6lgyf\u00e1b\u00f3l k\u00e9sz\u00fclt bourbon hord\u00f3kban. A Panama h\u00e9t d\u00e9mon\u00e1nak egyik\u00e9r\u0151l elnevezett, limit\u00e1lt kiad\u00e1s\u00fa rum gazdag borosty\u00e1nsz\u00ednnel \u00e9s aranysz\u00edn\u0171 kiemelked\u00e9sekkel rendelkezik. Az illatban a van\u00edlia, a citrusf\u00e9l\u00e9k, a z\u00f6ld alma \u00e9s a t\u00f6lgyfa finom jegyei keverednek - az \u00e9des \u00e9s f\u0171szeres akkordok harmonikus balettje. \u00cdz\u00e9ben l\u00e1gy \u00e9s \u00f6sszetett: felfedezheti a fa, a van\u00edlia, a citrom, az enyhe gy\u00fcm\u00f6lcs\u00f6s jegyek \u00e9s a f\u0171szeres, f\u0171szeres jegyek arom\u00e1it. A lecseng\u00e9s hossz\u00fa, \u00e9desk\u00e9s, a f\u0171szer \u00e9s a b\u0151r finom ut\u00f3\u00edz\u00e9vel, amely lassan fejl\u0151dik. 40%-os alkoholtartalm\u00e1val ez a rum ide\u00e1lis a lass\u00fa, tiszta vagy j\u00e9ggel val\u00f3 fogyaszt\u00e1sra, de poh\u00e1rkever\u00e9kek eleg\u00e1ns alapjak\u00e9nt is meg\u00e1llja a hely\u00e9t. Minden \u00fcveg egy f\u00e9ny\u0171z\u0151 aj\u00e1nd\u00e9ktubusba van csomagolva, ami tov\u00e1bb fokozza az exkluzivit\u00e1s \u00e9s a r\u00e9szletekre val\u00f3 odafigyel\u00e9s benyom\u00e1s\u00e1t.","og_url":"https:\/\/www.rumicon.sk\/hu\/produkt\/rum-the-demons-share-diablo-07l-40-kopia-kopia\/","og_site_name":"rumicon.sk","article_publisher":"https:\/\/www.facebook.com\/people\/Rumicon-Bottle-Cigar-Shop\/100087110283303\/","article_modified_time":"2025-08-14T09:48:49+00:00","og_image":[{"width":600,"height":600,"url":"https:\/\/www.rumicon.sk\/wp-content\/uploads\/demons-share-9y.jpg","type":"image\/jpeg"}],"twitter_card":"summary_large_image","schema":{"@context":"https:\/\/schema.org","@graph":[{"@type":"WebPage","@id":"https:\/\/www.rumicon.sk\/hu\/produkt\/rum-the-demons-share-diablo-07l-40-kopia-kopia\/","url":"https:\/\/www.rumicon.sk\/hu\/produkt\/rum-the-demons-share-diablo-07l-40-kopia-kopia\/","name":"Rum The Demon's Share Rodrigo's Reserve 9y 0,7l 40% - rumicon.sk","isPartOf":{"@id":"https:\/\/www.rumicon.sk\/hu\/#website"},"primaryImageOfPage":{"@id":"https:\/\/www.rumicon.sk\/hu\/produkt\/rum-the-demons-share-diablo-07l-40-kopia-kopia\/#primaryimage"},"image":{"@id":"https:\/\/www.rumicon.sk\/hu\/produkt\/rum-the-demons-share-diablo-07l-40-kopia-kopia\/#primaryimage"},"thumbnailUrl":"https:\/\/www.rumicon.sk\/wp-content\/uploads\/demons-share-9y.jpg","datePublished":"2025-06-21T16:22:45+00:00","dateModified":"2025-08-14T09:48:49+00:00","breadcrumb":{"@id":"https:\/\/www.rumicon.sk\/hu\/produkt\/rum-the-demons-share-diablo-07l-40-kopia-kopia\/#breadcrumb"},"inLanguage":"hu","potentialAction":[{"@type":"ReadAction","target":["https:\/\/www.rumicon.sk\/hu\/produkt\/rum-the-demons-share-diablo-07l-40-kopia-kopia\/"]}]},{"@type":"ImageObject","inLanguage":"hu","@id":"https:\/\/www.rumicon.sk\/hu\/produkt\/rum-the-demons-share-diablo-07l-40-kopia-kopia\/#primaryimage","url":"https:\/\/www.rumicon.sk\/wp-content\/uploads\/demons-share-9y.jpg","contentUrl":"https:\/\/www.rumicon.sk\/wp-content\/uploads\/demons-share-9y.jpg","width":600,"height":600,"caption":"demon\u00b4s share rodrigo"},{"@type":"BreadcrumbList","@id":"https:\/\/www.rumicon.sk\/hu\/produkt\/rum-the-demons-share-diablo-07l-40-kopia-kopia\/#breadcrumb","itemListElement":[{"@type":"ListItem","position":1,"name":"Home","item":"https:\/\/www.rumicon.sk\/hu\/home\/"},{"@type":"ListItem","position":2,"name":"Web\u00e1ruh\u00e1z","item":"https:\/\/www.rumicon.sk\/hu\/webaruhaz\/"},{"@type":"ListItem","position":3,"name":"Rum The Demon&#8217;s Share Rodrigo&#8217;..."}]},{"@type":"WebSite","@id":"https:\/\/www.rumicon.sk\/hu\/#website","url":"https:\/\/www.rumicon.sk\/hu\/","name":"rumicon.sk","description":"","publisher":{"@id":"https:\/\/www.rumicon.sk\/hu\/#organization"},"potentialAction":[{"@type":"SearchAction","target":{"@type":"EntryPoint","urlTemplate":"https:\/\/www.rumicon.sk\/hu\/?s={search_term_string}"},"query-input":{"@type":"PropertyValueSpecification","valueRequired":true,"valueName":"search_term_string"}}],"inLanguage":"hu"},{"@type":"Organization","@id":"https:\/\/www.rumicon.sk\/hu\/#organization","name":"rumicon.sk","url":"https:\/\/www.rumicon.sk\/hu\/","logo":{"@type":"ImageObject","inLanguage":"hu","@id":"https:\/\/www.rumicon.sk\/hu\/#\/schema\/logo\/image\/","url":"https:\/\/www.rumicon.sk\/wp-content\/uploads\/logo-rumicon-bcs-color.png","contentUrl":"https:\/\/www.rumicon.sk\/wp-content\/uploads\/logo-rumicon-bcs-color.png","width":827,"height":278,"caption":"rumicon.sk"},"image":{"@id":"https:\/\/www.rumicon.sk\/hu\/#\/schema\/logo\/image\/"},"sameAs":["https:\/\/www.facebook.com\/people\/Rumicon-Bottle-Cigar-Shop\/100087110283303\/","https:\/\/www.instagram.com\/rumicon_bottle_cigar_shop\/","https:\/\/www.tiktok.com\/@rumicon2022"]}]}},"_links":{"self":[{"href":"https:\/\/www.rumicon.sk\/hu\/wp-json\/wp\/v2\/product\/8551","targetHints":{"allow":["GET"]}}],"collection":[{"href":"https:\/\/www.rumicon.sk\/hu\/wp-json\/wp\/v2\/product"}],"about":[{"href":"https:\/\/www.rumicon.sk\/hu\/wp-json\/wp\/v2\/types\/product"}],"replies":[{"embeddable":true,"href":"https:\/\/www.rumicon.sk\/hu\/wp-json\/wp\/v2\/comments?post=8551"}],"wp:featuredmedia":[{"embeddable":true,"href":"https:\/\/www.rumicon.sk\/hu\/wp-json\/wp\/v2\/media\/8553"}],"wp:attachment":[{"href":"https:\/\/www.rumicon.sk\/hu\/wp-json\/wp\/v2\/media?parent=8551"}],"wp:term":[{"taxonomy":"product_brand","embeddable":true,"href":"https:\/\/www.rumicon.sk\/hu\/wp-json\/wp\/v2\/product_brand?post=8551"},{"taxonomy":"product_cat","embeddable":true,"href":"https:\/\/www.rumicon.sk\/hu\/wp-json\/wp\/v2\/product_cat?post=8551"},{"taxonomy":"product_tag","embeddable":true,"href":"https:\/\/www.rumicon.sk\/hu\/wp-json\/wp\/v2\/product_tag?post=8551"}],"curies":[{"name":"wp","href":"https:\/\/api.w.org\/{rel}","templated":true}]}}