{"id":8547,"date":"2025-06-21T18:11:29","date_gmt":"2025-06-21T16:11:29","guid":{"rendered":"https:\/\/www.rumicon.sk\/?post_type=product&#038;p=8547"},"modified":"2025-08-14T11:49:01","modified_gmt":"2025-08-14T09:49:01","slug":"luxardo-maraschino-07-l-32-kopia","status":"publish","type":"product","link":"https:\/\/www.rumicon.sk\/hu\/produkt\/luxardo-maraschino-07-l-32-kopia\/","title":{"rendered":"Cointreau lik\u0151r 0,7l 40%"},"content":{"rendered":"[vc_row][vc_column][vc_column_text]A Luxardo Maraschino a klasszikus olasz lik\u0151rk\u00e9sz\u00edt\u00e9s m\u0171v\u00e9szet\u00e9t k\u00e9pviseli, \u00e9s szabadalmaztatott csomagol\u00e1sa a nagyk\u00f6z\u00f6ns\u00e9gnek sz\u00e1nt \u00fcveg-ikonnak sz\u00e1m\u00edt. Ez egyike azon kev\u00e9s \u00e9des lik\u0151r\u00f6knek, amelyeket a Luxardo saj\u00e1t gy\u00fcm\u00f6lcs\u00f6s\u00e9ben, Veneto r\u00e9gi\u00f3ban termesztett maraschino cseresznye lev\u00e9nek lep\u00e1rl\u00e1s\u00e1val \u00e1ll\u00edtanak el\u0151. A p\u00e1rlatot 2 \u00e9vig \u00e9rlelik feh\u00e9r finn k\u0151risb\u0151l k\u00e9sz\u00fclt fahord\u00f3kban. Ennek a folyamatnak k\u00f6sz\u00f6nhet\u0151en a lik\u0151r arom\u00e1ja kiv\u00e1l\u00f3 arom\u00e1s intenzit\u00e1st kap, \u00edze pedig eredeti \u00e9s harmonikus lesz. Tipikus szeszesital-alapanyaggal rendelkezik, meglep\u0151en hossz\u00fa lecseng\u00e9ssel. A Luxardo Maraschino n\u00e9lk\u00fcl\u00f6zhetetlen \u00f6sszetev\u0151je az olyan j\u00f3l ismert kokt\u00e9loknak, mint a Mary Pickford, a Cuba Libre, a Daiquiri, stb &#8230; Egyar\u00e1nt haszn\u00e1lhat\u00f3 gyomorkeser\u0171 lik\u0151rk\u00e9nt \u00e9s egy nagyszer\u0171 \u00e9tkez\u00e9si \u00e9lm\u00e9ny ut\u00e1ni nagyszer\u0171 pontoz\u00e1sk\u00e9nt. A Luxardo Maraschino hagyom\u00e1nyos felhaszn\u00e1l\u00e1si ter\u00fclete az \u00e9dess\u00e9giparban \u00e9s a gasztron\u00f3mi\u00e1ban. Klasszikus felhaszn\u00e1l\u00e1sa a gy\u00fcm\u00f6lcs\u00f6kh\u00f6z (anan\u00e1sz, eper, narancs \u00e9s \u00e1ltal\u00e1ban vegyes gy\u00fcm\u00f6lcssal\u00e1t\u00e1khoz) \u00e9s \u00edzletes h\u00e1zi \u00e9dess\u00e9gek k\u00e9sz\u00edt\u00e9s\u00e9hez. <\/p>\n<p>      [\/vc_column_text][\/vc_column][\/vc_row]\n","protected":false},"excerpt":{"rendered":"<p>A Cointreau egy legend\u00e1s francia narancslik\u0151r, amelynek sz\u00edne ragyog\u00f3, krist\u00e1lytiszta, \u00e9s intenz\u00edv arom\u00e1ja \u00e9des \u00e9s keser\u0171 narancsot egyar\u00e1nt tartalmaz. A friss gy\u00fcm\u00f6lcs\u00edz \u00e9s a finom keser\u0171s\u00e9g t\u00f6k\u00e9letes egyens\u00falya teszi a Cointreau-t kiv\u00e9teles lik\u0151rr\u00e9, amely b\u00e1rmilyen kokt\u00e9lt feldobhat, de ak\u00e1r tiszt\u00e1n, j\u00e9ggel vagy desszertek r\u00e9szek\u00e9nt is fogyaszthat\u00f3. A term\u00e9szetes narancsh\u00e9jon alapul\u00f3 egyed\u00fcl\u00e1ll\u00f3 receptje jellegzetes \u00e9s hosszan tart\u00f3 \u00edz\u00e9lm\u00e9nyt biztos\u00edt az italnak, amely vil\u00e1gszerte rajong\u00f3k milli\u00f3it nyerte el. A Cointreau a klasszikus kokt\u00e9lok, p\u00e9ld\u00e1ul a Margarita vagy a Cosmopolitan elengedhetetlen r\u00e9sze, de a modern mixol\u00f3gi\u00e1ban is helyet kap.   <\/p>\n","protected":false},"featured_media":8549,"comment_status":"closed","ping_status":"closed","template":"","meta":{"_acf_changed":false},"product_brand":[1051],"product_cat":[566,567],"product_tag":[1206,1121,1208,1209],"class_list":{"0":"post-8547","1":"product","2":"type-product","3":"status-publish","4":"has-post-thumbnail","6":"product_brand-cointreau","7":"product_cat-likorok","8":"product_cat-likor","9":"product_tag-cointreau-hu","10":"product_tag-franciaorszag","11":"product_tag-likor","12":"product_tag-narancs","13":"pa_druh-alkoholu-likor","14":"pa_krajina-povodu-franciaorszag","15":"pa_objem-07l-hu","16":"pa_obsah-alkoholu-40-hu","17":"pa_znacka-cointreau-hu","19":"first","20":"outofstock","21":"taxable","22":"shipping-taxable","23":"purchasable","24":"product-type-simple"},"acf":[],"yoast_head":"<!-- This site is optimized with the Yoast SEO plugin v27.0 - https:\/\/yoast.com\/product\/yoast-seo-wordpress\/ -->\n<title>Cointreau lik\u0151r 0,7l 40% - rumicon.sk<\/title>\n<meta name=\"robots\" content=\"index, follow, max-snippet:-1, max-image-preview:large, max-video-preview:-1\" \/>\n<link rel=\"canonical\" href=\"https:\/\/www.rumicon.sk\/hu\/produkt\/luxardo-maraschino-07-l-32-kopia\/\" \/>\n<meta property=\"og:locale\" content=\"hu_HU\" \/>\n<meta property=\"og:type\" content=\"article\" \/>\n<meta property=\"og:title\" content=\"Cointreau lik\u0151r 0,7l 40% - rumicon.sk\" \/>\n<meta property=\"og:description\" content=\"A Cointreau egy legend\u00e1s francia narancslik\u0151r, amelynek sz\u00edne ragyog\u00f3, krist\u00e1lytiszta, \u00e9s intenz\u00edv arom\u00e1ja \u00e9des \u00e9s keser\u0171 narancsot egyar\u00e1nt tartalmaz. A friss gy\u00fcm\u00f6lcs\u00edz \u00e9s a finom keser\u0171s\u00e9g t\u00f6k\u00e9letes egyens\u00falya teszi a Cointreau-t kiv\u00e9teles lik\u0151rr\u00e9, amely b\u00e1rmilyen kokt\u00e9lt feldobhat, de ak\u00e1r tiszt\u00e1n, j\u00e9ggel vagy desszertek r\u00e9szek\u00e9nt is fogyaszthat\u00f3. A term\u00e9szetes narancsh\u00e9jon alapul\u00f3 egyed\u00fcl\u00e1ll\u00f3 receptje jellegzetes \u00e9s hosszan tart\u00f3 \u00edz\u00e9lm\u00e9nyt biztos\u00edt az italnak, amely vil\u00e1gszerte rajong\u00f3k milli\u00f3it nyerte el. A Cointreau a klasszikus kokt\u00e9lok, p\u00e9ld\u00e1ul a Margarita vagy a Cosmopolitan elengedhetetlen r\u00e9sze, de a modern mixol\u00f3gi\u00e1ban is helyet kap.\" \/>\n<meta property=\"og:url\" content=\"https:\/\/www.rumicon.sk\/hu\/produkt\/luxardo-maraschino-07-l-32-kopia\/\" \/>\n<meta property=\"og:site_name\" content=\"rumicon.sk\" \/>\n<meta property=\"article:publisher\" content=\"https:\/\/www.facebook.com\/people\/Rumicon-Bottle-Cigar-Shop\/100087110283303\/\" \/>\n<meta property=\"article:modified_time\" content=\"2025-08-14T09:49:01+00:00\" \/>\n<meta property=\"og:image\" content=\"https:\/\/www.rumicon.sk\/wp-content\/uploads\/cointreau.jpg\" \/>\n\t<meta property=\"og:image:width\" content=\"700\" \/>\n\t<meta property=\"og:image:height\" content=\"700\" \/>\n\t<meta property=\"og:image:type\" content=\"image\/jpeg\" \/>\n<meta name=\"twitter:card\" content=\"summary_large_image\" \/>\n<meta name=\"twitter:label1\" content=\"Becs\u00fclt olvas\u00e1si id\u0151\" \/>\n\t<meta name=\"twitter:data1\" content=\"1 perc\" \/>\n<script type=\"application\/ld+json\" class=\"yoast-schema-graph\">{\"@context\":\"https:\/\/schema.org\",\"@graph\":[{\"@type\":\"WebPage\",\"@id\":\"https:\/\/www.rumicon.sk\/hu\/produkt\/luxardo-maraschino-07-l-32-kopia\/\",\"url\":\"https:\/\/www.rumicon.sk\/hu\/produkt\/luxardo-maraschino-07-l-32-kopia\/\",\"name\":\"Cointreau lik\u0151r 0,7l 40% - rumicon.sk\",\"isPartOf\":{\"@id\":\"https:\/\/www.rumicon.sk\/hu\/#website\"},\"primaryImageOfPage\":{\"@id\":\"https:\/\/www.rumicon.sk\/hu\/produkt\/luxardo-maraschino-07-l-32-kopia\/#primaryimage\"},\"image\":{\"@id\":\"https:\/\/www.rumicon.sk\/hu\/produkt\/luxardo-maraschino-07-l-32-kopia\/#primaryimage\"},\"thumbnailUrl\":\"https:\/\/www.rumicon.sk\/wp-content\/uploads\/cointreau.jpg\",\"datePublished\":\"2025-06-21T16:11:29+00:00\",\"dateModified\":\"2025-08-14T09:49:01+00:00\",\"breadcrumb\":{\"@id\":\"https:\/\/www.rumicon.sk\/hu\/produkt\/luxardo-maraschino-07-l-32-kopia\/#breadcrumb\"},\"inLanguage\":\"hu\",\"potentialAction\":[{\"@type\":\"ReadAction\",\"target\":[\"https:\/\/www.rumicon.sk\/hu\/produkt\/luxardo-maraschino-07-l-32-kopia\/\"]}]},{\"@type\":\"ImageObject\",\"inLanguage\":\"hu\",\"@id\":\"https:\/\/www.rumicon.sk\/hu\/produkt\/luxardo-maraschino-07-l-32-kopia\/#primaryimage\",\"url\":\"https:\/\/www.rumicon.sk\/wp-content\/uploads\/cointreau.jpg\",\"contentUrl\":\"https:\/\/www.rumicon.sk\/wp-content\/uploads\/cointreau.jpg\",\"width\":700,\"height\":700,\"caption\":\"couintreau\"},{\"@type\":\"BreadcrumbList\",\"@id\":\"https:\/\/www.rumicon.sk\/hu\/produkt\/luxardo-maraschino-07-l-32-kopia\/#breadcrumb\",\"itemListElement\":[{\"@type\":\"ListItem\",\"position\":1,\"name\":\"Home\",\"item\":\"https:\/\/www.rumicon.sk\/hu\/home\/\"},{\"@type\":\"ListItem\",\"position\":2,\"name\":\"Web\u00e1ruh\u00e1z\",\"item\":\"https:\/\/www.rumicon.sk\/hu\/webaruhaz\/\"},{\"@type\":\"ListItem\",\"position\":3,\"name\":\"Cointreau lik\u0151r 0,7l 40%\"}]},{\"@type\":\"WebSite\",\"@id\":\"https:\/\/www.rumicon.sk\/hu\/#website\",\"url\":\"https:\/\/www.rumicon.sk\/hu\/\",\"name\":\"rumicon.sk\",\"description\":\"\",\"publisher\":{\"@id\":\"https:\/\/www.rumicon.sk\/hu\/#organization\"},\"potentialAction\":[{\"@type\":\"SearchAction\",\"target\":{\"@type\":\"EntryPoint\",\"urlTemplate\":\"https:\/\/www.rumicon.sk\/hu\/?s={search_term_string}\"},\"query-input\":{\"@type\":\"PropertyValueSpecification\",\"valueRequired\":true,\"valueName\":\"search_term_string\"}}],\"inLanguage\":\"hu\"},{\"@type\":\"Organization\",\"@id\":\"https:\/\/www.rumicon.sk\/hu\/#organization\",\"name\":\"rumicon.sk\",\"url\":\"https:\/\/www.rumicon.sk\/hu\/\",\"logo\":{\"@type\":\"ImageObject\",\"inLanguage\":\"hu\",\"@id\":\"https:\/\/www.rumicon.sk\/hu\/#\/schema\/logo\/image\/\",\"url\":\"https:\/\/www.rumicon.sk\/wp-content\/uploads\/logo-rumicon-bcs-color.png\",\"contentUrl\":\"https:\/\/www.rumicon.sk\/wp-content\/uploads\/logo-rumicon-bcs-color.png\",\"width\":827,\"height\":278,\"caption\":\"rumicon.sk\"},\"image\":{\"@id\":\"https:\/\/www.rumicon.sk\/hu\/#\/schema\/logo\/image\/\"},\"sameAs\":[\"https:\/\/www.facebook.com\/people\/Rumicon-Bottle-Cigar-Shop\/100087110283303\/\",\"https:\/\/www.instagram.com\/rumicon_bottle_cigar_shop\/\",\"https:\/\/www.tiktok.com\/@rumicon2022\"]}]}<\/script>\n<!-- \/ Yoast SEO plugin. -->","yoast_head_json":{"title":"Cointreau lik\u0151r 0,7l 40% - rumicon.sk","robots":{"index":"index","follow":"follow","max-snippet":"max-snippet:-1","max-image-preview":"max-image-preview:large","max-video-preview":"max-video-preview:-1"},"canonical":"https:\/\/www.rumicon.sk\/hu\/produkt\/luxardo-maraschino-07-l-32-kopia\/","og_locale":"hu_HU","og_type":"article","og_title":"Cointreau lik\u0151r 0,7l 40% - rumicon.sk","og_description":"A Cointreau egy legend\u00e1s francia narancslik\u0151r, amelynek sz\u00edne ragyog\u00f3, krist\u00e1lytiszta, \u00e9s intenz\u00edv arom\u00e1ja \u00e9des \u00e9s keser\u0171 narancsot egyar\u00e1nt tartalmaz. A friss gy\u00fcm\u00f6lcs\u00edz \u00e9s a finom keser\u0171s\u00e9g t\u00f6k\u00e9letes egyens\u00falya teszi a Cointreau-t kiv\u00e9teles lik\u0151rr\u00e9, amely b\u00e1rmilyen kokt\u00e9lt feldobhat, de ak\u00e1r tiszt\u00e1n, j\u00e9ggel vagy desszertek r\u00e9szek\u00e9nt is fogyaszthat\u00f3. A term\u00e9szetes narancsh\u00e9jon alapul\u00f3 egyed\u00fcl\u00e1ll\u00f3 receptje jellegzetes \u00e9s hosszan tart\u00f3 \u00edz\u00e9lm\u00e9nyt biztos\u00edt az italnak, amely vil\u00e1gszerte rajong\u00f3k milli\u00f3it nyerte el. A Cointreau a klasszikus kokt\u00e9lok, p\u00e9ld\u00e1ul a Margarita vagy a Cosmopolitan elengedhetetlen r\u00e9sze, de a modern mixol\u00f3gi\u00e1ban is helyet kap.","og_url":"https:\/\/www.rumicon.sk\/hu\/produkt\/luxardo-maraschino-07-l-32-kopia\/","og_site_name":"rumicon.sk","article_publisher":"https:\/\/www.facebook.com\/people\/Rumicon-Bottle-Cigar-Shop\/100087110283303\/","article_modified_time":"2025-08-14T09:49:01+00:00","og_image":[{"width":700,"height":700,"url":"https:\/\/www.rumicon.sk\/wp-content\/uploads\/cointreau.jpg","type":"image\/jpeg"}],"twitter_card":"summary_large_image","twitter_misc":{"Becs\u00fclt olvas\u00e1si id\u0151":"1 perc"},"schema":{"@context":"https:\/\/schema.org","@graph":[{"@type":"WebPage","@id":"https:\/\/www.rumicon.sk\/hu\/produkt\/luxardo-maraschino-07-l-32-kopia\/","url":"https:\/\/www.rumicon.sk\/hu\/produkt\/luxardo-maraschino-07-l-32-kopia\/","name":"Cointreau lik\u0151r 0,7l 40% - rumicon.sk","isPartOf":{"@id":"https:\/\/www.rumicon.sk\/hu\/#website"},"primaryImageOfPage":{"@id":"https:\/\/www.rumicon.sk\/hu\/produkt\/luxardo-maraschino-07-l-32-kopia\/#primaryimage"},"image":{"@id":"https:\/\/www.rumicon.sk\/hu\/produkt\/luxardo-maraschino-07-l-32-kopia\/#primaryimage"},"thumbnailUrl":"https:\/\/www.rumicon.sk\/wp-content\/uploads\/cointreau.jpg","datePublished":"2025-06-21T16:11:29+00:00","dateModified":"2025-08-14T09:49:01+00:00","breadcrumb":{"@id":"https:\/\/www.rumicon.sk\/hu\/produkt\/luxardo-maraschino-07-l-32-kopia\/#breadcrumb"},"inLanguage":"hu","potentialAction":[{"@type":"ReadAction","target":["https:\/\/www.rumicon.sk\/hu\/produkt\/luxardo-maraschino-07-l-32-kopia\/"]}]},{"@type":"ImageObject","inLanguage":"hu","@id":"https:\/\/www.rumicon.sk\/hu\/produkt\/luxardo-maraschino-07-l-32-kopia\/#primaryimage","url":"https:\/\/www.rumicon.sk\/wp-content\/uploads\/cointreau.jpg","contentUrl":"https:\/\/www.rumicon.sk\/wp-content\/uploads\/cointreau.jpg","width":700,"height":700,"caption":"couintreau"},{"@type":"BreadcrumbList","@id":"https:\/\/www.rumicon.sk\/hu\/produkt\/luxardo-maraschino-07-l-32-kopia\/#breadcrumb","itemListElement":[{"@type":"ListItem","position":1,"name":"Home","item":"https:\/\/www.rumicon.sk\/hu\/home\/"},{"@type":"ListItem","position":2,"name":"Web\u00e1ruh\u00e1z","item":"https:\/\/www.rumicon.sk\/hu\/webaruhaz\/"},{"@type":"ListItem","position":3,"name":"Cointreau lik\u0151r 0,7l 40%"}]},{"@type":"WebSite","@id":"https:\/\/www.rumicon.sk\/hu\/#website","url":"https:\/\/www.rumicon.sk\/hu\/","name":"rumicon.sk","description":"","publisher":{"@id":"https:\/\/www.rumicon.sk\/hu\/#organization"},"potentialAction":[{"@type":"SearchAction","target":{"@type":"EntryPoint","urlTemplate":"https:\/\/www.rumicon.sk\/hu\/?s={search_term_string}"},"query-input":{"@type":"PropertyValueSpecification","valueRequired":true,"valueName":"search_term_string"}}],"inLanguage":"hu"},{"@type":"Organization","@id":"https:\/\/www.rumicon.sk\/hu\/#organization","name":"rumicon.sk","url":"https:\/\/www.rumicon.sk\/hu\/","logo":{"@type":"ImageObject","inLanguage":"hu","@id":"https:\/\/www.rumicon.sk\/hu\/#\/schema\/logo\/image\/","url":"https:\/\/www.rumicon.sk\/wp-content\/uploads\/logo-rumicon-bcs-color.png","contentUrl":"https:\/\/www.rumicon.sk\/wp-content\/uploads\/logo-rumicon-bcs-color.png","width":827,"height":278,"caption":"rumicon.sk"},"image":{"@id":"https:\/\/www.rumicon.sk\/hu\/#\/schema\/logo\/image\/"},"sameAs":["https:\/\/www.facebook.com\/people\/Rumicon-Bottle-Cigar-Shop\/100087110283303\/","https:\/\/www.instagram.com\/rumicon_bottle_cigar_shop\/","https:\/\/www.tiktok.com\/@rumicon2022"]}]}},"_links":{"self":[{"href":"https:\/\/www.rumicon.sk\/hu\/wp-json\/wp\/v2\/product\/8547","targetHints":{"allow":["GET"]}}],"collection":[{"href":"https:\/\/www.rumicon.sk\/hu\/wp-json\/wp\/v2\/product"}],"about":[{"href":"https:\/\/www.rumicon.sk\/hu\/wp-json\/wp\/v2\/types\/product"}],"replies":[{"embeddable":true,"href":"https:\/\/www.rumicon.sk\/hu\/wp-json\/wp\/v2\/comments?post=8547"}],"wp:featuredmedia":[{"embeddable":true,"href":"https:\/\/www.rumicon.sk\/hu\/wp-json\/wp\/v2\/media\/8549"}],"wp:attachment":[{"href":"https:\/\/www.rumicon.sk\/hu\/wp-json\/wp\/v2\/media?parent=8547"}],"wp:term":[{"taxonomy":"product_brand","embeddable":true,"href":"https:\/\/www.rumicon.sk\/hu\/wp-json\/wp\/v2\/product_brand?post=8547"},{"taxonomy":"product_cat","embeddable":true,"href":"https:\/\/www.rumicon.sk\/hu\/wp-json\/wp\/v2\/product_cat?post=8547"},{"taxonomy":"product_tag","embeddable":true,"href":"https:\/\/www.rumicon.sk\/hu\/wp-json\/wp\/v2\/product_tag?post=8547"}],"curies":[{"name":"wp","href":"https:\/\/api.w.org\/{rel}","templated":true}]}}