{"id":8538,"date":"2025-06-21T17:52:42","date_gmt":"2025-06-21T15:52:42","guid":{"rendered":"https:\/\/www.rumicon.sk\/?post_type=product&#038;p=8538"},"modified":"2025-08-14T11:48:49","modified_gmt":"2025-08-14T09:48:49","slug":"santos-dumont-xo-07l-40-kopia","status":"publish","type":"product","link":"https:\/\/www.rumicon.sk\/hu\/produkt\/santos-dumont-xo-07l-40-kopia\/","title":{"rendered":"Rum Admiral Rodney HMS P 0,7l 40%"},"content":{"rendered":"<p><strong><br \/>\n<\/strong><\/p>\n<p>S<strong>z\u00edn: <\/strong>borosty\u00e1n narancsos kiemelked\u00e9sekkel Illat<strong><strong>:<\/strong> ban\u00e1n, k\u00f3kusz, \u00e9rett gy\u00fcm\u00f6lcs\u00f6k, m\u00e9z, f\u0171szerek, csokol\u00e1d\u00e9 \u00cdz<strong>:<\/strong> fa, \u00e9szterek, m\u00e9z, erjesztett gy\u00fcm\u00f6lcs\u00f6k, k\u00f3kusz, b\u0151r<strong>Finish:<\/strong> hossz\u00fa, enyh\u00e9n \u00e9les, f\u0171szerek, doh\u00e1ny, van\u00edlia, gy\u00fcm\u00f6lcs\u00f6k.<\/strong><\/p>\n","protected":false},"excerpt":{"rendered":"<p>Az Admiral Rodney HMS P egy eleg\u00e1ns karibi rum Saint Lucia sziget\u00e9r\u0151l, amelyet a brit haditenger\u00e9szet \u00e9s annak t\u00f6rt\u00e9nelme el\u0151tt tisztelegve hoztak l\u00e9tre. Ez a kifinomult kever\u00e9k gondosan kiv\u00e1lasztott, oszlopos lep\u00e1rl\u00e1si m\u00f3dszerrel lep\u00e1rolt \u00e9s t\u00f6lgyf\u00e1b\u00f3l k\u00e9sz\u00fclt bourbon hord\u00f3kban 5-9 \u00e9vig \u00e9rlelt rumb\u00f3l k\u00e9sz\u00fclt. Az eredm\u00e9ny egy harmonikus \u00e9s m\u00e9lyen \u00e9rlelt rum, gazdag mahag\u00f3ni sz\u00ednnel \u00e9s vonz\u00f3 aromaprofillal. Az illatban a van\u00edlia, a mazsola, a finom f\u00e1s jegyek \u00e9s a f\u0171szeres jegyek domin\u00e1lnak, amelyek az els\u0151 kortyra invit\u00e1lnak. \u00cdz\u00e9ben testes, sima \u00e9s kiegyens\u00falyozott &#8211; aszalt gy\u00fcm\u00f6lcs\u00f6k, karamell, cr\u00e8me brul\u00e9e \u00e9s egy csipetnyi f\u0171szeress\u00e9g jegyeit fedezheti fel, amelyek eleg\u00e1ns \u00e9s hossz\u00fa lecseng\u00e9st eredm\u00e9nyeznek. A 40%-os alkoholtartalomnak k\u00f6sz\u00f6nhet\u0151en t\u00f6k\u00e9letesen alkalmas arra, hogy lassan, tiszt\u00e1n vagy j\u00e9ggel \u00e9lvezze, mik\u00f6zben a r\u00e9gi tenger\u00e9szvil\u00e1g kalandos szellem\u00e9t \u00e9s hagyom\u00e1nyait is mag\u00e1ban hordozza.     <\/p>\n","protected":false},"featured_media":8540,"comment_status":"closed","ping_status":"closed","template":"","meta":{"_acf_changed":false},"product_brand":[1042],"product_cat":[483,485],"product_tag":[1187,1189,1135],"class_list":{"0":"post-8538","1":"product","2":"type-product","3":"status-publish","4":"has-post-thumbnail","6":"product_brand-admiral-rodney","7":"product_cat-rum-hu","8":"product_cat-sotet-rum","9":"product_tag-rodney-admiralis","10":"product_tag-saint-lucia","11":"product_tag-sotet-rum","12":"pa_druh-alkoholu-rum-hu","13":"pa_krajina-povodu-saint-lucia","14":"pa_objem-07-l-hu","15":"pa_obsah-alkoholu-40-hu","16":"pa_znacka-rodney-admiralis","18":"first","19":"outofstock","20":"taxable","21":"shipping-taxable","22":"purchasable","23":"product-type-simple"},"acf":[],"yoast_head":"<!-- This site is optimized with the Yoast SEO plugin v27.0 - https:\/\/yoast.com\/product\/yoast-seo-wordpress\/ -->\n<title>Rum Admiral Rodney HMS P 0,7l 40% - rumicon.sk<\/title>\n<meta name=\"robots\" content=\"index, follow, max-snippet:-1, max-image-preview:large, max-video-preview:-1\" \/>\n<link rel=\"canonical\" href=\"https:\/\/www.rumicon.sk\/hu\/produkt\/santos-dumont-xo-07l-40-kopia\/\" \/>\n<meta property=\"og:locale\" content=\"hu_HU\" \/>\n<meta property=\"og:type\" content=\"article\" \/>\n<meta property=\"og:title\" content=\"Rum Admiral Rodney HMS P 0,7l 40% - rumicon.sk\" \/>\n<meta property=\"og:description\" content=\"Az Admiral Rodney HMS P egy eleg\u00e1ns karibi rum Saint Lucia sziget\u00e9r\u0151l, amelyet a brit haditenger\u00e9szet \u00e9s annak t\u00f6rt\u00e9nelme el\u0151tt tisztelegve hoztak l\u00e9tre. Ez a kifinomult kever\u00e9k gondosan kiv\u00e1lasztott, oszlopos lep\u00e1rl\u00e1si m\u00f3dszerrel lep\u00e1rolt \u00e9s t\u00f6lgyf\u00e1b\u00f3l k\u00e9sz\u00fclt bourbon hord\u00f3kban 5-9 \u00e9vig \u00e9rlelt rumb\u00f3l k\u00e9sz\u00fclt. Az eredm\u00e9ny egy harmonikus \u00e9s m\u00e9lyen \u00e9rlelt rum, gazdag mahag\u00f3ni sz\u00ednnel \u00e9s vonz\u00f3 aromaprofillal. Az illatban a van\u00edlia, a mazsola, a finom f\u00e1s jegyek \u00e9s a f\u0171szeres jegyek domin\u00e1lnak, amelyek az els\u0151 kortyra invit\u00e1lnak. \u00cdz\u00e9ben testes, sima \u00e9s kiegyens\u00falyozott - aszalt gy\u00fcm\u00f6lcs\u00f6k, karamell, cr\u00e8me brul\u00e9e \u00e9s egy csipetnyi f\u0171szeress\u00e9g jegyeit fedezheti fel, amelyek eleg\u00e1ns \u00e9s hossz\u00fa lecseng\u00e9st eredm\u00e9nyeznek. A 40%-os alkoholtartalomnak k\u00f6sz\u00f6nhet\u0151en t\u00f6k\u00e9letesen alkalmas arra, hogy lassan, tiszt\u00e1n vagy j\u00e9ggel \u00e9lvezze, mik\u00f6zben a r\u00e9gi tenger\u00e9szvil\u00e1g kalandos szellem\u00e9t \u00e9s hagyom\u00e1nyait is mag\u00e1ban hordozza.\" \/>\n<meta property=\"og:url\" content=\"https:\/\/www.rumicon.sk\/hu\/produkt\/santos-dumont-xo-07l-40-kopia\/\" \/>\n<meta property=\"og:site_name\" content=\"rumicon.sk\" \/>\n<meta property=\"article:publisher\" content=\"https:\/\/www.facebook.com\/people\/Rumicon-Bottle-Cigar-Shop\/100087110283303\/\" \/>\n<meta property=\"article:modified_time\" content=\"2025-08-14T09:48:49+00:00\" \/>\n<meta property=\"og:image\" content=\"https:\/\/www.rumicon.sk\/wp-content\/uploads\/admiralrodney-hotovo.jpg\" \/>\n\t<meta property=\"og:image:width\" content=\"800\" \/>\n\t<meta property=\"og:image:height\" content=\"800\" \/>\n\t<meta property=\"og:image:type\" content=\"image\/jpeg\" \/>\n<meta name=\"twitter:card\" content=\"summary_large_image\" \/>\n<script type=\"application\/ld+json\" class=\"yoast-schema-graph\">{\"@context\":\"https:\/\/schema.org\",\"@graph\":[{\"@type\":\"WebPage\",\"@id\":\"https:\/\/www.rumicon.sk\/hu\/produkt\/santos-dumont-xo-07l-40-kopia\/\",\"url\":\"https:\/\/www.rumicon.sk\/hu\/produkt\/santos-dumont-xo-07l-40-kopia\/\",\"name\":\"Rum Admiral Rodney HMS P 0,7l 40% - rumicon.sk\",\"isPartOf\":{\"@id\":\"https:\/\/www.rumicon.sk\/hu\/#website\"},\"primaryImageOfPage\":{\"@id\":\"https:\/\/www.rumicon.sk\/hu\/produkt\/santos-dumont-xo-07l-40-kopia\/#primaryimage\"},\"image\":{\"@id\":\"https:\/\/www.rumicon.sk\/hu\/produkt\/santos-dumont-xo-07l-40-kopia\/#primaryimage\"},\"thumbnailUrl\":\"https:\/\/www.rumicon.sk\/wp-content\/uploads\/admiralrodney-hotovo.jpg\",\"datePublished\":\"2025-06-21T15:52:42+00:00\",\"dateModified\":\"2025-08-14T09:48:49+00:00\",\"breadcrumb\":{\"@id\":\"https:\/\/www.rumicon.sk\/hu\/produkt\/santos-dumont-xo-07l-40-kopia\/#breadcrumb\"},\"inLanguage\":\"hu\",\"potentialAction\":[{\"@type\":\"ReadAction\",\"target\":[\"https:\/\/www.rumicon.sk\/hu\/produkt\/santos-dumont-xo-07l-40-kopia\/\"]}]},{\"@type\":\"ImageObject\",\"inLanguage\":\"hu\",\"@id\":\"https:\/\/www.rumicon.sk\/hu\/produkt\/santos-dumont-xo-07l-40-kopia\/#primaryimage\",\"url\":\"https:\/\/www.rumicon.sk\/wp-content\/uploads\/admiralrodney-hotovo.jpg\",\"contentUrl\":\"https:\/\/www.rumicon.sk\/wp-content\/uploads\/admiralrodney-hotovo.jpg\",\"width\":800,\"height\":800,\"caption\":\"admiral rodney\"},{\"@type\":\"BreadcrumbList\",\"@id\":\"https:\/\/www.rumicon.sk\/hu\/produkt\/santos-dumont-xo-07l-40-kopia\/#breadcrumb\",\"itemListElement\":[{\"@type\":\"ListItem\",\"position\":1,\"name\":\"Home\",\"item\":\"https:\/\/www.rumicon.sk\/hu\/home\/\"},{\"@type\":\"ListItem\",\"position\":2,\"name\":\"Web\u00e1ruh\u00e1z\",\"item\":\"https:\/\/www.rumicon.sk\/hu\/webaruhaz\/\"},{\"@type\":\"ListItem\",\"position\":3,\"name\":\"Rum Admiral Rodney HMS P 0,7l 40%\"}]},{\"@type\":\"WebSite\",\"@id\":\"https:\/\/www.rumicon.sk\/hu\/#website\",\"url\":\"https:\/\/www.rumicon.sk\/hu\/\",\"name\":\"rumicon.sk\",\"description\":\"\",\"publisher\":{\"@id\":\"https:\/\/www.rumicon.sk\/hu\/#organization\"},\"potentialAction\":[{\"@type\":\"SearchAction\",\"target\":{\"@type\":\"EntryPoint\",\"urlTemplate\":\"https:\/\/www.rumicon.sk\/hu\/?s={search_term_string}\"},\"query-input\":{\"@type\":\"PropertyValueSpecification\",\"valueRequired\":true,\"valueName\":\"search_term_string\"}}],\"inLanguage\":\"hu\"},{\"@type\":\"Organization\",\"@id\":\"https:\/\/www.rumicon.sk\/hu\/#organization\",\"name\":\"rumicon.sk\",\"url\":\"https:\/\/www.rumicon.sk\/hu\/\",\"logo\":{\"@type\":\"ImageObject\",\"inLanguage\":\"hu\",\"@id\":\"https:\/\/www.rumicon.sk\/hu\/#\/schema\/logo\/image\/\",\"url\":\"https:\/\/www.rumicon.sk\/wp-content\/uploads\/logo-rumicon-bcs-color.png\",\"contentUrl\":\"https:\/\/www.rumicon.sk\/wp-content\/uploads\/logo-rumicon-bcs-color.png\",\"width\":827,\"height\":278,\"caption\":\"rumicon.sk\"},\"image\":{\"@id\":\"https:\/\/www.rumicon.sk\/hu\/#\/schema\/logo\/image\/\"},\"sameAs\":[\"https:\/\/www.facebook.com\/people\/Rumicon-Bottle-Cigar-Shop\/100087110283303\/\",\"https:\/\/www.instagram.com\/rumicon_bottle_cigar_shop\/\",\"https:\/\/www.tiktok.com\/@rumicon2022\"]}]}<\/script>\n<!-- \/ Yoast SEO plugin. -->","yoast_head_json":{"title":"Rum Admiral Rodney HMS P 0,7l 40% - rumicon.sk","robots":{"index":"index","follow":"follow","max-snippet":"max-snippet:-1","max-image-preview":"max-image-preview:large","max-video-preview":"max-video-preview:-1"},"canonical":"https:\/\/www.rumicon.sk\/hu\/produkt\/santos-dumont-xo-07l-40-kopia\/","og_locale":"hu_HU","og_type":"article","og_title":"Rum Admiral Rodney HMS P 0,7l 40% - rumicon.sk","og_description":"Az Admiral Rodney HMS P egy eleg\u00e1ns karibi rum Saint Lucia sziget\u00e9r\u0151l, amelyet a brit haditenger\u00e9szet \u00e9s annak t\u00f6rt\u00e9nelme el\u0151tt tisztelegve hoztak l\u00e9tre. Ez a kifinomult kever\u00e9k gondosan kiv\u00e1lasztott, oszlopos lep\u00e1rl\u00e1si m\u00f3dszerrel lep\u00e1rolt \u00e9s t\u00f6lgyf\u00e1b\u00f3l k\u00e9sz\u00fclt bourbon hord\u00f3kban 5-9 \u00e9vig \u00e9rlelt rumb\u00f3l k\u00e9sz\u00fclt. Az eredm\u00e9ny egy harmonikus \u00e9s m\u00e9lyen \u00e9rlelt rum, gazdag mahag\u00f3ni sz\u00ednnel \u00e9s vonz\u00f3 aromaprofillal. Az illatban a van\u00edlia, a mazsola, a finom f\u00e1s jegyek \u00e9s a f\u0171szeres jegyek domin\u00e1lnak, amelyek az els\u0151 kortyra invit\u00e1lnak. \u00cdz\u00e9ben testes, sima \u00e9s kiegyens\u00falyozott - aszalt gy\u00fcm\u00f6lcs\u00f6k, karamell, cr\u00e8me brul\u00e9e \u00e9s egy csipetnyi f\u0171szeress\u00e9g jegyeit fedezheti fel, amelyek eleg\u00e1ns \u00e9s hossz\u00fa lecseng\u00e9st eredm\u00e9nyeznek. A 40%-os alkoholtartalomnak k\u00f6sz\u00f6nhet\u0151en t\u00f6k\u00e9letesen alkalmas arra, hogy lassan, tiszt\u00e1n vagy j\u00e9ggel \u00e9lvezze, mik\u00f6zben a r\u00e9gi tenger\u00e9szvil\u00e1g kalandos szellem\u00e9t \u00e9s hagyom\u00e1nyait is mag\u00e1ban hordozza.","og_url":"https:\/\/www.rumicon.sk\/hu\/produkt\/santos-dumont-xo-07l-40-kopia\/","og_site_name":"rumicon.sk","article_publisher":"https:\/\/www.facebook.com\/people\/Rumicon-Bottle-Cigar-Shop\/100087110283303\/","article_modified_time":"2025-08-14T09:48:49+00:00","og_image":[{"width":800,"height":800,"url":"https:\/\/www.rumicon.sk\/wp-content\/uploads\/admiralrodney-hotovo.jpg","type":"image\/jpeg"}],"twitter_card":"summary_large_image","schema":{"@context":"https:\/\/schema.org","@graph":[{"@type":"WebPage","@id":"https:\/\/www.rumicon.sk\/hu\/produkt\/santos-dumont-xo-07l-40-kopia\/","url":"https:\/\/www.rumicon.sk\/hu\/produkt\/santos-dumont-xo-07l-40-kopia\/","name":"Rum Admiral Rodney HMS P 0,7l 40% - rumicon.sk","isPartOf":{"@id":"https:\/\/www.rumicon.sk\/hu\/#website"},"primaryImageOfPage":{"@id":"https:\/\/www.rumicon.sk\/hu\/produkt\/santos-dumont-xo-07l-40-kopia\/#primaryimage"},"image":{"@id":"https:\/\/www.rumicon.sk\/hu\/produkt\/santos-dumont-xo-07l-40-kopia\/#primaryimage"},"thumbnailUrl":"https:\/\/www.rumicon.sk\/wp-content\/uploads\/admiralrodney-hotovo.jpg","datePublished":"2025-06-21T15:52:42+00:00","dateModified":"2025-08-14T09:48:49+00:00","breadcrumb":{"@id":"https:\/\/www.rumicon.sk\/hu\/produkt\/santos-dumont-xo-07l-40-kopia\/#breadcrumb"},"inLanguage":"hu","potentialAction":[{"@type":"ReadAction","target":["https:\/\/www.rumicon.sk\/hu\/produkt\/santos-dumont-xo-07l-40-kopia\/"]}]},{"@type":"ImageObject","inLanguage":"hu","@id":"https:\/\/www.rumicon.sk\/hu\/produkt\/santos-dumont-xo-07l-40-kopia\/#primaryimage","url":"https:\/\/www.rumicon.sk\/wp-content\/uploads\/admiralrodney-hotovo.jpg","contentUrl":"https:\/\/www.rumicon.sk\/wp-content\/uploads\/admiralrodney-hotovo.jpg","width":800,"height":800,"caption":"admiral rodney"},{"@type":"BreadcrumbList","@id":"https:\/\/www.rumicon.sk\/hu\/produkt\/santos-dumont-xo-07l-40-kopia\/#breadcrumb","itemListElement":[{"@type":"ListItem","position":1,"name":"Home","item":"https:\/\/www.rumicon.sk\/hu\/home\/"},{"@type":"ListItem","position":2,"name":"Web\u00e1ruh\u00e1z","item":"https:\/\/www.rumicon.sk\/hu\/webaruhaz\/"},{"@type":"ListItem","position":3,"name":"Rum Admiral Rodney HMS P 0,7l 40%"}]},{"@type":"WebSite","@id":"https:\/\/www.rumicon.sk\/hu\/#website","url":"https:\/\/www.rumicon.sk\/hu\/","name":"rumicon.sk","description":"","publisher":{"@id":"https:\/\/www.rumicon.sk\/hu\/#organization"},"potentialAction":[{"@type":"SearchAction","target":{"@type":"EntryPoint","urlTemplate":"https:\/\/www.rumicon.sk\/hu\/?s={search_term_string}"},"query-input":{"@type":"PropertyValueSpecification","valueRequired":true,"valueName":"search_term_string"}}],"inLanguage":"hu"},{"@type":"Organization","@id":"https:\/\/www.rumicon.sk\/hu\/#organization","name":"rumicon.sk","url":"https:\/\/www.rumicon.sk\/hu\/","logo":{"@type":"ImageObject","inLanguage":"hu","@id":"https:\/\/www.rumicon.sk\/hu\/#\/schema\/logo\/image\/","url":"https:\/\/www.rumicon.sk\/wp-content\/uploads\/logo-rumicon-bcs-color.png","contentUrl":"https:\/\/www.rumicon.sk\/wp-content\/uploads\/logo-rumicon-bcs-color.png","width":827,"height":278,"caption":"rumicon.sk"},"image":{"@id":"https:\/\/www.rumicon.sk\/hu\/#\/schema\/logo\/image\/"},"sameAs":["https:\/\/www.facebook.com\/people\/Rumicon-Bottle-Cigar-Shop\/100087110283303\/","https:\/\/www.instagram.com\/rumicon_bottle_cigar_shop\/","https:\/\/www.tiktok.com\/@rumicon2022"]}]}},"_links":{"self":[{"href":"https:\/\/www.rumicon.sk\/hu\/wp-json\/wp\/v2\/product\/8538","targetHints":{"allow":["GET"]}}],"collection":[{"href":"https:\/\/www.rumicon.sk\/hu\/wp-json\/wp\/v2\/product"}],"about":[{"href":"https:\/\/www.rumicon.sk\/hu\/wp-json\/wp\/v2\/types\/product"}],"replies":[{"embeddable":true,"href":"https:\/\/www.rumicon.sk\/hu\/wp-json\/wp\/v2\/comments?post=8538"}],"wp:featuredmedia":[{"embeddable":true,"href":"https:\/\/www.rumicon.sk\/hu\/wp-json\/wp\/v2\/media\/8540"}],"wp:attachment":[{"href":"https:\/\/www.rumicon.sk\/hu\/wp-json\/wp\/v2\/media?parent=8538"}],"wp:term":[{"taxonomy":"product_brand","embeddable":true,"href":"https:\/\/www.rumicon.sk\/hu\/wp-json\/wp\/v2\/product_brand?post=8538"},{"taxonomy":"product_cat","embeddable":true,"href":"https:\/\/www.rumicon.sk\/hu\/wp-json\/wp\/v2\/product_cat?post=8538"},{"taxonomy":"product_tag","embeddable":true,"href":"https:\/\/www.rumicon.sk\/hu\/wp-json\/wp\/v2\/product_tag?post=8538"}],"curies":[{"name":"wp","href":"https:\/\/api.w.org\/{rel}","templated":true}]}}