{"id":8179,"date":"2025-03-19T15:23:58","date_gmt":"2025-03-19T14:23:58","guid":{"rendered":"https:\/\/www.rumicon.sk\/?post_type=product&#038;p=8179"},"modified":"2025-08-14T11:48:28","modified_gmt":"2025-08-14T09:48:28","slug":"vodka-rammstein-export-kiadas-07l-40-kopia","status":"publish","type":"product","link":"https:\/\/www.rumicon.sk\/hu\/produkt\/vodka-rammstein-export-kiadas-07l-40-kopia\/","title":{"rendered":"Vodka Grey Goose 0,7l 40%"},"content":{"rendered":"<p data-start=\"0\" data-end=\"314\">Ez a pr\u00e9mium term\u00e9k Franciaorsz\u00e1gb\u00f3l, pontosabban Cognac r\u00e9gi\u00f3j\u00e1b\u00f3l sz\u00e1rmazik, ahol a legfinomabb b\u00faz\u00e1b\u00f3l \u00e9s sz\u0171rt v\u00edzb\u0151l k\u00e9sz\u00fcl. A Grey Goose kis t\u00e9telekben desztill\u00e1lt, szigor\u00fa elj\u00e1r\u00e1son megy kereszt\u00fcl, amely hihetetlen\u00fcl l\u00e1gy \u00e9s tiszta \u00edzt biztos\u00edt. <\/p>\n<p data-start=\"316\" data-end=\"597\">Sima \u00e9s gazdag karakter\u00e9r\u0151l ismert, citrusos \u00e9s mandul\u00e1s jegyekkel, amely ide\u00e1lis tiszt\u00e1n, j\u00e9ggel vagy kokt\u00e9lok alapanyagak\u00e9nt. Kiv\u00e1l\u00f3 min\u0151s\u00e9g\u00e9nek k\u00f6sz\u00f6nhet\u0151en a Grey Goose a kiv\u00e9teles alkoholos \u00e9lm\u00e9nyt kedvel\u0151k kedvelt v\u00e1laszt\u00e1sa lett. <\/p>\n<p data-start=\"599\" data-end=\"797\" data-is-last-node=\"\" data-is-only-node=\"\">A francia hagyom\u00e1nyok \u00e9s a prec\u00edz k\u00e9zm\u0171ves munka kever\u00e9ke teszi a Grey Goose-t a k\u00fcl\u00f6nleges alkalmak, \u00fcnneps\u00e9gek \u00e9s f\u00e9ny\u0171z\u0151 pillanatok t\u00f6k\u00e9letes vodk\u00e1j\u00e1v\u00e1. Tapasztalja meg az igazi kifinomults\u00e1got \u00e9s eleganci\u00e1t a Grey Goose Vodk\u00e1val. <\/p>\n","protected":false},"excerpt":{"rendered":"<p>A h\u00edres n\u00e9met Rammstein zenekar hivatalos vodk\u00e1ja!<\/p>\n","protected":false},"featured_media":8181,"comment_status":"closed","ping_status":"closed","template":"","meta":{"_acf_changed":false},"product_brand":[],"product_cat":[608,610],"product_tag":[1121,1156,1160],"class_list":{"0":"post-8179","1":"product","2":"type-product","3":"status-publish","4":"has-post-thumbnail","6":"product_cat-vodka-hu","7":"product_cat-tiszta-vodka","8":"product_tag-franciaorszag","9":"product_tag-grey-goose-hu","10":"product_tag-tiszta-vodka","11":"pa_druh-alkoholu-vodka-hu","12":"pa_krajina-povodu-franciaorszag","13":"pa_objem-07-l-hu","14":"pa_obsah-alkoholu-40-hu","15":"pa_znacka-grey-goose-hu","17":"first","18":"instock","19":"taxable","20":"shipping-taxable","21":"purchasable","22":"product-type-simple"},"acf":[],"yoast_head":"<!-- This site is optimized with the Yoast SEO plugin v27.0 - https:\/\/yoast.com\/product\/yoast-seo-wordpress\/ -->\n<title>Vodka Grey Goose 0,7l 40% - rumicon.sk<\/title>\n<meta name=\"robots\" content=\"index, follow, max-snippet:-1, max-image-preview:large, max-video-preview:-1\" \/>\n<link rel=\"canonical\" href=\"https:\/\/www.rumicon.sk\/hu\/produkt\/vodka-rammstein-export-kiadas-07l-40-kopia\/\" \/>\n<meta property=\"og:locale\" content=\"hu_HU\" \/>\n<meta property=\"og:type\" content=\"article\" \/>\n<meta property=\"og:title\" content=\"Vodka Grey Goose 0,7l 40% - rumicon.sk\" \/>\n<meta property=\"og:description\" content=\"A h\u00edres n\u00e9met Rammstein zenekar hivatalos vodk\u00e1ja!\" \/>\n<meta property=\"og:url\" content=\"https:\/\/www.rumicon.sk\/hu\/produkt\/vodka-rammstein-export-kiadas-07l-40-kopia\/\" \/>\n<meta property=\"og:site_name\" content=\"rumicon.sk\" \/>\n<meta property=\"article:publisher\" content=\"https:\/\/www.facebook.com\/people\/Rumicon-Bottle-Cigar-Shop\/100087110283303\/\" \/>\n<meta property=\"article:modified_time\" content=\"2025-08-14T09:48:28+00:00\" \/>\n<meta property=\"og:image\" content=\"https:\/\/www.rumicon.sk\/wp-content\/uploads\/grey-goose-hotovo.jpg\" \/>\n\t<meta property=\"og:image:width\" content=\"800\" \/>\n\t<meta property=\"og:image:height\" content=\"800\" \/>\n\t<meta property=\"og:image:type\" content=\"image\/jpeg\" \/>\n<meta name=\"twitter:card\" content=\"summary_large_image\" \/>\n<meta name=\"twitter:label1\" content=\"Becs\u00fclt olvas\u00e1si id\u0151\" \/>\n\t<meta name=\"twitter:data1\" content=\"1 perc\" \/>\n<script type=\"application\/ld+json\" class=\"yoast-schema-graph\">{\"@context\":\"https:\/\/schema.org\",\"@graph\":[{\"@type\":\"WebPage\",\"@id\":\"https:\/\/www.rumicon.sk\/hu\/produkt\/vodka-rammstein-export-kiadas-07l-40-kopia\/\",\"url\":\"https:\/\/www.rumicon.sk\/hu\/produkt\/vodka-rammstein-export-kiadas-07l-40-kopia\/\",\"name\":\"Vodka Grey Goose 0,7l 40% - rumicon.sk\",\"isPartOf\":{\"@id\":\"https:\/\/www.rumicon.sk\/hu\/#website\"},\"primaryImageOfPage\":{\"@id\":\"https:\/\/www.rumicon.sk\/hu\/produkt\/vodka-rammstein-export-kiadas-07l-40-kopia\/#primaryimage\"},\"image\":{\"@id\":\"https:\/\/www.rumicon.sk\/hu\/produkt\/vodka-rammstein-export-kiadas-07l-40-kopia\/#primaryimage\"},\"thumbnailUrl\":\"https:\/\/www.rumicon.sk\/wp-content\/uploads\/grey-goose-hotovo.jpg\",\"datePublished\":\"2025-03-19T14:23:58+00:00\",\"dateModified\":\"2025-08-14T09:48:28+00:00\",\"breadcrumb\":{\"@id\":\"https:\/\/www.rumicon.sk\/hu\/produkt\/vodka-rammstein-export-kiadas-07l-40-kopia\/#breadcrumb\"},\"inLanguage\":\"hu\",\"potentialAction\":[{\"@type\":\"ReadAction\",\"target\":[\"https:\/\/www.rumicon.sk\/hu\/produkt\/vodka-rammstein-export-kiadas-07l-40-kopia\/\"]}]},{\"@type\":\"ImageObject\",\"inLanguage\":\"hu\",\"@id\":\"https:\/\/www.rumicon.sk\/hu\/produkt\/vodka-rammstein-export-kiadas-07l-40-kopia\/#primaryimage\",\"url\":\"https:\/\/www.rumicon.sk\/wp-content\/uploads\/grey-goose-hotovo.jpg\",\"contentUrl\":\"https:\/\/www.rumicon.sk\/wp-content\/uploads\/grey-goose-hotovo.jpg\",\"width\":800,\"height\":800},{\"@type\":\"BreadcrumbList\",\"@id\":\"https:\/\/www.rumicon.sk\/hu\/produkt\/vodka-rammstein-export-kiadas-07l-40-kopia\/#breadcrumb\",\"itemListElement\":[{\"@type\":\"ListItem\",\"position\":1,\"name\":\"Home\",\"item\":\"https:\/\/www.rumicon.sk\/hu\/home\/\"},{\"@type\":\"ListItem\",\"position\":2,\"name\":\"Web\u00e1ruh\u00e1z\",\"item\":\"https:\/\/www.rumicon.sk\/hu\/webaruhaz\/\"},{\"@type\":\"ListItem\",\"position\":3,\"name\":\"Vodka Grey Goose 0,7l 40%\"}]},{\"@type\":\"WebSite\",\"@id\":\"https:\/\/www.rumicon.sk\/hu\/#website\",\"url\":\"https:\/\/www.rumicon.sk\/hu\/\",\"name\":\"rumicon.sk\",\"description\":\"\",\"publisher\":{\"@id\":\"https:\/\/www.rumicon.sk\/hu\/#organization\"},\"potentialAction\":[{\"@type\":\"SearchAction\",\"target\":{\"@type\":\"EntryPoint\",\"urlTemplate\":\"https:\/\/www.rumicon.sk\/hu\/?s={search_term_string}\"},\"query-input\":{\"@type\":\"PropertyValueSpecification\",\"valueRequired\":true,\"valueName\":\"search_term_string\"}}],\"inLanguage\":\"hu\"},{\"@type\":\"Organization\",\"@id\":\"https:\/\/www.rumicon.sk\/hu\/#organization\",\"name\":\"rumicon.sk\",\"url\":\"https:\/\/www.rumicon.sk\/hu\/\",\"logo\":{\"@type\":\"ImageObject\",\"inLanguage\":\"hu\",\"@id\":\"https:\/\/www.rumicon.sk\/hu\/#\/schema\/logo\/image\/\",\"url\":\"https:\/\/www.rumicon.sk\/wp-content\/uploads\/logo-rumicon-bcs-color.png\",\"contentUrl\":\"https:\/\/www.rumicon.sk\/wp-content\/uploads\/logo-rumicon-bcs-color.png\",\"width\":827,\"height\":278,\"caption\":\"rumicon.sk\"},\"image\":{\"@id\":\"https:\/\/www.rumicon.sk\/hu\/#\/schema\/logo\/image\/\"},\"sameAs\":[\"https:\/\/www.facebook.com\/people\/Rumicon-Bottle-Cigar-Shop\/100087110283303\/\",\"https:\/\/www.instagram.com\/rumicon_bottle_cigar_shop\/\",\"https:\/\/www.tiktok.com\/@rumicon2022\"]}]}<\/script>\n<!-- \/ Yoast SEO plugin. -->","yoast_head_json":{"title":"Vodka Grey Goose 0,7l 40% - rumicon.sk","robots":{"index":"index","follow":"follow","max-snippet":"max-snippet:-1","max-image-preview":"max-image-preview:large","max-video-preview":"max-video-preview:-1"},"canonical":"https:\/\/www.rumicon.sk\/hu\/produkt\/vodka-rammstein-export-kiadas-07l-40-kopia\/","og_locale":"hu_HU","og_type":"article","og_title":"Vodka Grey Goose 0,7l 40% - rumicon.sk","og_description":"A h\u00edres n\u00e9met Rammstein zenekar hivatalos vodk\u00e1ja!","og_url":"https:\/\/www.rumicon.sk\/hu\/produkt\/vodka-rammstein-export-kiadas-07l-40-kopia\/","og_site_name":"rumicon.sk","article_publisher":"https:\/\/www.facebook.com\/people\/Rumicon-Bottle-Cigar-Shop\/100087110283303\/","article_modified_time":"2025-08-14T09:48:28+00:00","og_image":[{"width":800,"height":800,"url":"https:\/\/www.rumicon.sk\/wp-content\/uploads\/grey-goose-hotovo.jpg","type":"image\/jpeg"}],"twitter_card":"summary_large_image","twitter_misc":{"Becs\u00fclt olvas\u00e1si id\u0151":"1 perc"},"schema":{"@context":"https:\/\/schema.org","@graph":[{"@type":"WebPage","@id":"https:\/\/www.rumicon.sk\/hu\/produkt\/vodka-rammstein-export-kiadas-07l-40-kopia\/","url":"https:\/\/www.rumicon.sk\/hu\/produkt\/vodka-rammstein-export-kiadas-07l-40-kopia\/","name":"Vodka Grey Goose 0,7l 40% - rumicon.sk","isPartOf":{"@id":"https:\/\/www.rumicon.sk\/hu\/#website"},"primaryImageOfPage":{"@id":"https:\/\/www.rumicon.sk\/hu\/produkt\/vodka-rammstein-export-kiadas-07l-40-kopia\/#primaryimage"},"image":{"@id":"https:\/\/www.rumicon.sk\/hu\/produkt\/vodka-rammstein-export-kiadas-07l-40-kopia\/#primaryimage"},"thumbnailUrl":"https:\/\/www.rumicon.sk\/wp-content\/uploads\/grey-goose-hotovo.jpg","datePublished":"2025-03-19T14:23:58+00:00","dateModified":"2025-08-14T09:48:28+00:00","breadcrumb":{"@id":"https:\/\/www.rumicon.sk\/hu\/produkt\/vodka-rammstein-export-kiadas-07l-40-kopia\/#breadcrumb"},"inLanguage":"hu","potentialAction":[{"@type":"ReadAction","target":["https:\/\/www.rumicon.sk\/hu\/produkt\/vodka-rammstein-export-kiadas-07l-40-kopia\/"]}]},{"@type":"ImageObject","inLanguage":"hu","@id":"https:\/\/www.rumicon.sk\/hu\/produkt\/vodka-rammstein-export-kiadas-07l-40-kopia\/#primaryimage","url":"https:\/\/www.rumicon.sk\/wp-content\/uploads\/grey-goose-hotovo.jpg","contentUrl":"https:\/\/www.rumicon.sk\/wp-content\/uploads\/grey-goose-hotovo.jpg","width":800,"height":800},{"@type":"BreadcrumbList","@id":"https:\/\/www.rumicon.sk\/hu\/produkt\/vodka-rammstein-export-kiadas-07l-40-kopia\/#breadcrumb","itemListElement":[{"@type":"ListItem","position":1,"name":"Home","item":"https:\/\/www.rumicon.sk\/hu\/home\/"},{"@type":"ListItem","position":2,"name":"Web\u00e1ruh\u00e1z","item":"https:\/\/www.rumicon.sk\/hu\/webaruhaz\/"},{"@type":"ListItem","position":3,"name":"Vodka Grey Goose 0,7l 40%"}]},{"@type":"WebSite","@id":"https:\/\/www.rumicon.sk\/hu\/#website","url":"https:\/\/www.rumicon.sk\/hu\/","name":"rumicon.sk","description":"","publisher":{"@id":"https:\/\/www.rumicon.sk\/hu\/#organization"},"potentialAction":[{"@type":"SearchAction","target":{"@type":"EntryPoint","urlTemplate":"https:\/\/www.rumicon.sk\/hu\/?s={search_term_string}"},"query-input":{"@type":"PropertyValueSpecification","valueRequired":true,"valueName":"search_term_string"}}],"inLanguage":"hu"},{"@type":"Organization","@id":"https:\/\/www.rumicon.sk\/hu\/#organization","name":"rumicon.sk","url":"https:\/\/www.rumicon.sk\/hu\/","logo":{"@type":"ImageObject","inLanguage":"hu","@id":"https:\/\/www.rumicon.sk\/hu\/#\/schema\/logo\/image\/","url":"https:\/\/www.rumicon.sk\/wp-content\/uploads\/logo-rumicon-bcs-color.png","contentUrl":"https:\/\/www.rumicon.sk\/wp-content\/uploads\/logo-rumicon-bcs-color.png","width":827,"height":278,"caption":"rumicon.sk"},"image":{"@id":"https:\/\/www.rumicon.sk\/hu\/#\/schema\/logo\/image\/"},"sameAs":["https:\/\/www.facebook.com\/people\/Rumicon-Bottle-Cigar-Shop\/100087110283303\/","https:\/\/www.instagram.com\/rumicon_bottle_cigar_shop\/","https:\/\/www.tiktok.com\/@rumicon2022"]}]}},"_links":{"self":[{"href":"https:\/\/www.rumicon.sk\/hu\/wp-json\/wp\/v2\/product\/8179","targetHints":{"allow":["GET"]}}],"collection":[{"href":"https:\/\/www.rumicon.sk\/hu\/wp-json\/wp\/v2\/product"}],"about":[{"href":"https:\/\/www.rumicon.sk\/hu\/wp-json\/wp\/v2\/types\/product"}],"replies":[{"embeddable":true,"href":"https:\/\/www.rumicon.sk\/hu\/wp-json\/wp\/v2\/comments?post=8179"}],"wp:featuredmedia":[{"embeddable":true,"href":"https:\/\/www.rumicon.sk\/hu\/wp-json\/wp\/v2\/media\/8181"}],"wp:attachment":[{"href":"https:\/\/www.rumicon.sk\/hu\/wp-json\/wp\/v2\/media?parent=8179"}],"wp:term":[{"taxonomy":"product_brand","embeddable":true,"href":"https:\/\/www.rumicon.sk\/hu\/wp-json\/wp\/v2\/product_brand?post=8179"},{"taxonomy":"product_cat","embeddable":true,"href":"https:\/\/www.rumicon.sk\/hu\/wp-json\/wp\/v2\/product_cat?post=8179"},{"taxonomy":"product_tag","embeddable":true,"href":"https:\/\/www.rumicon.sk\/hu\/wp-json\/wp\/v2\/product_tag?post=8179"}],"curies":[{"name":"wp","href":"https:\/\/api.w.org\/{rel}","templated":true}]}}