{"id":8171,"date":"2025-03-19T14:53:07","date_gmt":"2025-03-19T13:53:07","guid":{"rendered":"https:\/\/www.rumicon.sk\/?post_type=product&#038;p=8171"},"modified":"2025-08-14T11:48:26","modified_gmt":"2025-08-14T09:48:26","slug":"vodka-nemiroff-bold-narancs-1l-40-kopia-kopia","status":"publish","type":"product","link":"https:\/\/www.rumicon.sk\/hu\/produkt\/vodka-nemiroff-bold-narancs-1l-40-kopia-kopia\/","title":{"rendered":"Vodka Ciroc Red Berry 0,7l 37,5%"},"content":{"rendered":"<p>&nbsp;<\/p>\n<p>A C\u00ceROC Red Berry a C\u00ceROC pr\u00e9mium vodka egy olyan v\u00e1ltozata, amely a sz\u0151l\u0151 l\u00e1gy, gy\u00fcm\u00f6lcs\u00f6s \u00edz\u00e9t a piros gy\u00fcm\u00f6lcs\u00f6k, p\u00e9ld\u00e1ul a m\u00e1lna, az eper \u00e9s a fekete ribizli finom jegyeivel \u00f6tv\u00f6zi. Ez az \u00edzletes kever\u00e9k friss\u00edt\u0151 \u00e9s \u00e9l\u00e9nk \u00e9lm\u00e9nyt ny\u00fajt, amely ide\u00e1lis kokt\u00e9lok k\u00e9sz\u00edt\u00e9s\u00e9hez vagy j\u00e9ggel val\u00f3 fogyaszt\u00e1shoz. A C\u00ceROC Red Berry kiv\u00e1l\u00f3 v\u00e1laszt\u00e1s azok sz\u00e1m\u00e1ra, akik egy \u00e9rdekes \u00e9s \u00edzletes alternat\u00edv\u00e1t keresnek egy gy\u00fcm\u00f6lcs\u00f6s csavarral, de ugyanolyan magas min\u0151s\u00e9ggel \u00e9s kifinomults\u00e1ggal, mint a C\u00ceROC Original. Ide\u00e1lis vodka \u00fcnneps\u00e9gekhez \u00e9s k\u00fcl\u00f6nleges alkalmakhoz, ahol kiv\u00e9teles \u00edzvil\u00e1got szeretne felmutatni.   <\/p>\n","protected":false},"excerpt":{"rendered":"<p>Ennek a vodk\u00e1nak az alapja b\u00faza, a gy\u00e1rt\u00e1si folyamat sor\u00e1n k\u00f6m\u00e9nymagot \u00e9s m\u00e9zet adnak hozz\u00e1. Egyszer\u0171, m\u00e9gis elb\u0171v\u00f6l\u0151 vodka. <\/p>\n","protected":false},"featured_media":8173,"comment_status":"closed","ping_status":"closed","template":"","meta":{"_acf_changed":false},"product_brand":[],"product_cat":[608],"product_tag":[1122,1121,1142],"class_list":{"0":"post-8171","1":"product","2":"type-product","3":"status-publish","4":"has-post-thumbnail","6":"product_cat-vodka-hu","7":"product_tag-ciroc-hu","8":"product_tag-franciaorszag","9":"product_tag-voros-bogyo","10":"pa_druh-alkoholu-vodka-hu","11":"pa_krajina-povodu-franciaorszag","12":"pa_objem-07-l-hu","13":"pa_obsah-alkoholu-375-hu-2","14":"pa_znacka-ciroc-hu","16":"first","17":"instock","18":"taxable","19":"shipping-taxable","20":"purchasable","21":"product-type-simple"},"acf":[],"yoast_head":"<!-- This site is optimized with the Yoast SEO plugin v27.0 - https:\/\/yoast.com\/product\/yoast-seo-wordpress\/ -->\n<title>Vodka Ciroc Red Berry 0,7l 37,5% - rumicon.sk<\/title>\n<meta name=\"robots\" content=\"index, follow, max-snippet:-1, max-image-preview:large, max-video-preview:-1\" \/>\n<link rel=\"canonical\" href=\"https:\/\/www.rumicon.sk\/hu\/produkt\/vodka-nemiroff-bold-narancs-1l-40-kopia-kopia\/\" \/>\n<meta property=\"og:locale\" content=\"hu_HU\" \/>\n<meta property=\"og:type\" content=\"article\" \/>\n<meta property=\"og:title\" content=\"Vodka Ciroc Red Berry 0,7l 37,5% - rumicon.sk\" \/>\n<meta property=\"og:description\" content=\"Ennek a vodk\u00e1nak az alapja b\u00faza, a gy\u00e1rt\u00e1si folyamat sor\u00e1n k\u00f6m\u00e9nymagot \u00e9s m\u00e9zet adnak hozz\u00e1. Egyszer\u0171, m\u00e9gis elb\u0171v\u00f6l\u0151 vodka.\" \/>\n<meta property=\"og:url\" content=\"https:\/\/www.rumicon.sk\/hu\/produkt\/vodka-nemiroff-bold-narancs-1l-40-kopia-kopia\/\" \/>\n<meta property=\"og:site_name\" content=\"rumicon.sk\" \/>\n<meta property=\"article:publisher\" content=\"https:\/\/www.facebook.com\/people\/Rumicon-Bottle-Cigar-Shop\/100087110283303\/\" \/>\n<meta property=\"article:modified_time\" content=\"2025-08-14T09:48:26+00:00\" \/>\n<meta property=\"og:image\" content=\"https:\/\/www.rumicon.sk\/wp-content\/uploads\/red-berry-hotovo.jpg\" \/>\n\t<meta property=\"og:image:width\" content=\"800\" \/>\n\t<meta property=\"og:image:height\" content=\"800\" \/>\n\t<meta property=\"og:image:type\" content=\"image\/jpeg\" \/>\n<meta name=\"twitter:card\" content=\"summary_large_image\" \/>\n<meta name=\"twitter:label1\" content=\"Becs\u00fclt olvas\u00e1si id\u0151\" \/>\n\t<meta name=\"twitter:data1\" content=\"1 perc\" \/>\n<script type=\"application\/ld+json\" class=\"yoast-schema-graph\">{\"@context\":\"https:\/\/schema.org\",\"@graph\":[{\"@type\":\"WebPage\",\"@id\":\"https:\/\/www.rumicon.sk\/hu\/produkt\/vodka-nemiroff-bold-narancs-1l-40-kopia-kopia\/\",\"url\":\"https:\/\/www.rumicon.sk\/hu\/produkt\/vodka-nemiroff-bold-narancs-1l-40-kopia-kopia\/\",\"name\":\"Vodka Ciroc Red Berry 0,7l 37,5% - rumicon.sk\",\"isPartOf\":{\"@id\":\"https:\/\/www.rumicon.sk\/hu\/#website\"},\"primaryImageOfPage\":{\"@id\":\"https:\/\/www.rumicon.sk\/hu\/produkt\/vodka-nemiroff-bold-narancs-1l-40-kopia-kopia\/#primaryimage\"},\"image\":{\"@id\":\"https:\/\/www.rumicon.sk\/hu\/produkt\/vodka-nemiroff-bold-narancs-1l-40-kopia-kopia\/#primaryimage\"},\"thumbnailUrl\":\"https:\/\/www.rumicon.sk\/wp-content\/uploads\/red-berry-hotovo.jpg\",\"datePublished\":\"2025-03-19T13:53:07+00:00\",\"dateModified\":\"2025-08-14T09:48:26+00:00\",\"breadcrumb\":{\"@id\":\"https:\/\/www.rumicon.sk\/hu\/produkt\/vodka-nemiroff-bold-narancs-1l-40-kopia-kopia\/#breadcrumb\"},\"inLanguage\":\"hu\",\"potentialAction\":[{\"@type\":\"ReadAction\",\"target\":[\"https:\/\/www.rumicon.sk\/hu\/produkt\/vodka-nemiroff-bold-narancs-1l-40-kopia-kopia\/\"]}]},{\"@type\":\"ImageObject\",\"inLanguage\":\"hu\",\"@id\":\"https:\/\/www.rumicon.sk\/hu\/produkt\/vodka-nemiroff-bold-narancs-1l-40-kopia-kopia\/#primaryimage\",\"url\":\"https:\/\/www.rumicon.sk\/wp-content\/uploads\/red-berry-hotovo.jpg\",\"contentUrl\":\"https:\/\/www.rumicon.sk\/wp-content\/uploads\/red-berry-hotovo.jpg\",\"width\":800,\"height\":800},{\"@type\":\"BreadcrumbList\",\"@id\":\"https:\/\/www.rumicon.sk\/hu\/produkt\/vodka-nemiroff-bold-narancs-1l-40-kopia-kopia\/#breadcrumb\",\"itemListElement\":[{\"@type\":\"ListItem\",\"position\":1,\"name\":\"Home\",\"item\":\"https:\/\/www.rumicon.sk\/hu\/home\/\"},{\"@type\":\"ListItem\",\"position\":2,\"name\":\"Web\u00e1ruh\u00e1z\",\"item\":\"https:\/\/www.rumicon.sk\/hu\/webaruhaz\/\"},{\"@type\":\"ListItem\",\"position\":3,\"name\":\"Vodka Ciroc Red Berry 0,7l 37,5%\"}]},{\"@type\":\"WebSite\",\"@id\":\"https:\/\/www.rumicon.sk\/hu\/#website\",\"url\":\"https:\/\/www.rumicon.sk\/hu\/\",\"name\":\"rumicon.sk\",\"description\":\"\",\"publisher\":{\"@id\":\"https:\/\/www.rumicon.sk\/hu\/#organization\"},\"potentialAction\":[{\"@type\":\"SearchAction\",\"target\":{\"@type\":\"EntryPoint\",\"urlTemplate\":\"https:\/\/www.rumicon.sk\/hu\/?s={search_term_string}\"},\"query-input\":{\"@type\":\"PropertyValueSpecification\",\"valueRequired\":true,\"valueName\":\"search_term_string\"}}],\"inLanguage\":\"hu\"},{\"@type\":\"Organization\",\"@id\":\"https:\/\/www.rumicon.sk\/hu\/#organization\",\"name\":\"rumicon.sk\",\"url\":\"https:\/\/www.rumicon.sk\/hu\/\",\"logo\":{\"@type\":\"ImageObject\",\"inLanguage\":\"hu\",\"@id\":\"https:\/\/www.rumicon.sk\/hu\/#\/schema\/logo\/image\/\",\"url\":\"https:\/\/www.rumicon.sk\/wp-content\/uploads\/logo-rumicon-bcs-color.png\",\"contentUrl\":\"https:\/\/www.rumicon.sk\/wp-content\/uploads\/logo-rumicon-bcs-color.png\",\"width\":827,\"height\":278,\"caption\":\"rumicon.sk\"},\"image\":{\"@id\":\"https:\/\/www.rumicon.sk\/hu\/#\/schema\/logo\/image\/\"},\"sameAs\":[\"https:\/\/www.facebook.com\/people\/Rumicon-Bottle-Cigar-Shop\/100087110283303\/\",\"https:\/\/www.instagram.com\/rumicon_bottle_cigar_shop\/\",\"https:\/\/www.tiktok.com\/@rumicon2022\"]}]}<\/script>\n<!-- \/ Yoast SEO plugin. -->","yoast_head_json":{"title":"Vodka Ciroc Red Berry 0,7l 37,5% - rumicon.sk","robots":{"index":"index","follow":"follow","max-snippet":"max-snippet:-1","max-image-preview":"max-image-preview:large","max-video-preview":"max-video-preview:-1"},"canonical":"https:\/\/www.rumicon.sk\/hu\/produkt\/vodka-nemiroff-bold-narancs-1l-40-kopia-kopia\/","og_locale":"hu_HU","og_type":"article","og_title":"Vodka Ciroc Red Berry 0,7l 37,5% - rumicon.sk","og_description":"Ennek a vodk\u00e1nak az alapja b\u00faza, a gy\u00e1rt\u00e1si folyamat sor\u00e1n k\u00f6m\u00e9nymagot \u00e9s m\u00e9zet adnak hozz\u00e1. Egyszer\u0171, m\u00e9gis elb\u0171v\u00f6l\u0151 vodka.","og_url":"https:\/\/www.rumicon.sk\/hu\/produkt\/vodka-nemiroff-bold-narancs-1l-40-kopia-kopia\/","og_site_name":"rumicon.sk","article_publisher":"https:\/\/www.facebook.com\/people\/Rumicon-Bottle-Cigar-Shop\/100087110283303\/","article_modified_time":"2025-08-14T09:48:26+00:00","og_image":[{"width":800,"height":800,"url":"https:\/\/www.rumicon.sk\/wp-content\/uploads\/red-berry-hotovo.jpg","type":"image\/jpeg"}],"twitter_card":"summary_large_image","twitter_misc":{"Becs\u00fclt olvas\u00e1si id\u0151":"1 perc"},"schema":{"@context":"https:\/\/schema.org","@graph":[{"@type":"WebPage","@id":"https:\/\/www.rumicon.sk\/hu\/produkt\/vodka-nemiroff-bold-narancs-1l-40-kopia-kopia\/","url":"https:\/\/www.rumicon.sk\/hu\/produkt\/vodka-nemiroff-bold-narancs-1l-40-kopia-kopia\/","name":"Vodka Ciroc Red Berry 0,7l 37,5% - rumicon.sk","isPartOf":{"@id":"https:\/\/www.rumicon.sk\/hu\/#website"},"primaryImageOfPage":{"@id":"https:\/\/www.rumicon.sk\/hu\/produkt\/vodka-nemiroff-bold-narancs-1l-40-kopia-kopia\/#primaryimage"},"image":{"@id":"https:\/\/www.rumicon.sk\/hu\/produkt\/vodka-nemiroff-bold-narancs-1l-40-kopia-kopia\/#primaryimage"},"thumbnailUrl":"https:\/\/www.rumicon.sk\/wp-content\/uploads\/red-berry-hotovo.jpg","datePublished":"2025-03-19T13:53:07+00:00","dateModified":"2025-08-14T09:48:26+00:00","breadcrumb":{"@id":"https:\/\/www.rumicon.sk\/hu\/produkt\/vodka-nemiroff-bold-narancs-1l-40-kopia-kopia\/#breadcrumb"},"inLanguage":"hu","potentialAction":[{"@type":"ReadAction","target":["https:\/\/www.rumicon.sk\/hu\/produkt\/vodka-nemiroff-bold-narancs-1l-40-kopia-kopia\/"]}]},{"@type":"ImageObject","inLanguage":"hu","@id":"https:\/\/www.rumicon.sk\/hu\/produkt\/vodka-nemiroff-bold-narancs-1l-40-kopia-kopia\/#primaryimage","url":"https:\/\/www.rumicon.sk\/wp-content\/uploads\/red-berry-hotovo.jpg","contentUrl":"https:\/\/www.rumicon.sk\/wp-content\/uploads\/red-berry-hotovo.jpg","width":800,"height":800},{"@type":"BreadcrumbList","@id":"https:\/\/www.rumicon.sk\/hu\/produkt\/vodka-nemiroff-bold-narancs-1l-40-kopia-kopia\/#breadcrumb","itemListElement":[{"@type":"ListItem","position":1,"name":"Home","item":"https:\/\/www.rumicon.sk\/hu\/home\/"},{"@type":"ListItem","position":2,"name":"Web\u00e1ruh\u00e1z","item":"https:\/\/www.rumicon.sk\/hu\/webaruhaz\/"},{"@type":"ListItem","position":3,"name":"Vodka Ciroc Red Berry 0,7l 37,5%"}]},{"@type":"WebSite","@id":"https:\/\/www.rumicon.sk\/hu\/#website","url":"https:\/\/www.rumicon.sk\/hu\/","name":"rumicon.sk","description":"","publisher":{"@id":"https:\/\/www.rumicon.sk\/hu\/#organization"},"potentialAction":[{"@type":"SearchAction","target":{"@type":"EntryPoint","urlTemplate":"https:\/\/www.rumicon.sk\/hu\/?s={search_term_string}"},"query-input":{"@type":"PropertyValueSpecification","valueRequired":true,"valueName":"search_term_string"}}],"inLanguage":"hu"},{"@type":"Organization","@id":"https:\/\/www.rumicon.sk\/hu\/#organization","name":"rumicon.sk","url":"https:\/\/www.rumicon.sk\/hu\/","logo":{"@type":"ImageObject","inLanguage":"hu","@id":"https:\/\/www.rumicon.sk\/hu\/#\/schema\/logo\/image\/","url":"https:\/\/www.rumicon.sk\/wp-content\/uploads\/logo-rumicon-bcs-color.png","contentUrl":"https:\/\/www.rumicon.sk\/wp-content\/uploads\/logo-rumicon-bcs-color.png","width":827,"height":278,"caption":"rumicon.sk"},"image":{"@id":"https:\/\/www.rumicon.sk\/hu\/#\/schema\/logo\/image\/"},"sameAs":["https:\/\/www.facebook.com\/people\/Rumicon-Bottle-Cigar-Shop\/100087110283303\/","https:\/\/www.instagram.com\/rumicon_bottle_cigar_shop\/","https:\/\/www.tiktok.com\/@rumicon2022"]}]}},"_links":{"self":[{"href":"https:\/\/www.rumicon.sk\/hu\/wp-json\/wp\/v2\/product\/8171","targetHints":{"allow":["GET"]}}],"collection":[{"href":"https:\/\/www.rumicon.sk\/hu\/wp-json\/wp\/v2\/product"}],"about":[{"href":"https:\/\/www.rumicon.sk\/hu\/wp-json\/wp\/v2\/types\/product"}],"replies":[{"embeddable":true,"href":"https:\/\/www.rumicon.sk\/hu\/wp-json\/wp\/v2\/comments?post=8171"}],"wp:featuredmedia":[{"embeddable":true,"href":"https:\/\/www.rumicon.sk\/hu\/wp-json\/wp\/v2\/media\/8173"}],"wp:attachment":[{"href":"https:\/\/www.rumicon.sk\/hu\/wp-json\/wp\/v2\/media?parent=8171"}],"wp:term":[{"taxonomy":"product_brand","embeddable":true,"href":"https:\/\/www.rumicon.sk\/hu\/wp-json\/wp\/v2\/product_brand?post=8171"},{"taxonomy":"product_cat","embeddable":true,"href":"https:\/\/www.rumicon.sk\/hu\/wp-json\/wp\/v2\/product_cat?post=8171"},{"taxonomy":"product_tag","embeddable":true,"href":"https:\/\/www.rumicon.sk\/hu\/wp-json\/wp\/v2\/product_tag?post=8171"}],"curies":[{"name":"wp","href":"https:\/\/api.w.org\/{rel}","templated":true}]}}