{"id":8095,"date":"2025-03-06T16:49:00","date_gmt":"2025-03-06T15:49:00","guid":{"rendered":"https:\/\/www.rumicon.sk\/?post_type=product&#038;p=8095"},"modified":"2025-08-14T11:44:36","modified_gmt":"2025-08-14T09:44:36","slug":"labourdonnais-lady-blue-40-07l-kopia","status":"publish","type":"product","link":"https:\/\/www.rumicon.sk\/hu\/produkt\/labourdonnais-lady-blue-40-07l-kopia\/","title":{"rendered":"Labourdonnais Heritage 44% 0,7l 0,7l"},"content":{"rendered":"<p><strong>Distillerie de Labourdonnais &#8211; <\/strong>a hagyom\u00e1ny, a min\u0151s\u00e9g \u00e9s a tr\u00f3pusi elegancia t\u00f6rt\u00e9nete<\/p>\n<p>Mauritius naps\u00fct\u00f6tte sziget\u00e9n, buja cukorn\u00e1d\u00fcltetv\u00e9nyek \u00e9s t\u00f6rt\u00e9nelmi gyarmati st\u00edlus\u00fa vill\u00e1k k\u00f6z\u00f6tt tal\u00e1lhat\u00f3 a mauritiusi rumk\u00e9sz\u00edt\u00e9s \u00e9kk\u00f6ve, a Distillerie de Labourdonnais. Ez a sziget egyik legfontosabb \u00e9s legautentikusabb lep\u00e1rl\u00f3ja, amely a gazdag t\u00f6rt\u00e9nelmet a mez\u0151gazdas\u00e1gi rumgy\u00e1rt\u00e1s innovat\u00edv megk\u00f6zel\u00edt\u00e9s\u00e9vel \u00f6tv\u00f6zi. <\/p>\n<p><strong>Gy\u00f6kerek a gyarmati m\u00faltban<\/strong><\/p>\n<p>A Domaine de Labourdonnais-t, amelyet a sziget els\u0151 francia korm\u00e1nyz\u00f3j\u00e1r\u00f3l, Bertrand-Fran\u00e7ois Mah\u00e9 de La Bourdonnais-r\u00f3l neveztek el, a 18. sz\u00e1zadban alap\u00edtott\u00e1k \u00fcltetv\u00e9nyk\u00e9nt. K\u00f6zpontj\u00e1ban egy 1859-b\u0151l sz\u00e1rmaz\u00f3 csod\u00e1latos t\u00f6rt\u00e9nelmi villa \u00e1ll, amely ma is \u00e1ll, \u00e9s a r\u00e9gi\u00f3 eleganci\u00e1j\u00e1nak \u00e9s kult\u00far\u00e1j\u00e1nak szimb\u00f3lum\u00e1v\u00e1 v\u00e1lt. A birtokot gy\u00fcm\u00f6lcs\u00f6s\u00f6k, cukor\u00fcltetv\u00e9nyek, k\u00e9s\u0151bb pedig rumtermel\u00e9s \u00f6vezte.   <\/p>\n<p><strong>A cukorn\u00e1dt\u00f3l a palackig &#8211; autentikus agricole rum<\/strong><\/p>\n<p>A lep\u00e1rl\u00f3\u00fczemet <strong>2006-ban<\/strong> restaur\u00e1lt\u00e1k \u00e9s korszer\u0171s\u00edtett\u00e9k, amikor a birtok \u00fagy d\u00f6nt\u00f6tt, hogy visszat\u00e9r eredeti \u00e9rt\u00e9keihez: a <strong>friss cukorn\u00e1dl\u00e9b\u0151l k\u00e9sz\u00fclt rum el\u0151\u00e1ll\u00edt\u00e1s\u00e1hoz<\/strong>. A melaszos rummal ellent\u00e9tben az agricole rum meg\u0151rzi a sziget term\u00e9szetes n\u00f6v\u00e9nyi jegyeit, frissess\u00e9g\u00e9t \u00e9s terroirj\u00e1t. <\/p>\n<p>A Labourdonnais <strong>saj\u00e1t cukorn\u00e1dat<\/strong> termeszt, amelyet a helysz\u00ednen dolgoz fel. A levet erjesztik, majd modern oszlopos lep\u00e1rl\u00f3kban desztill\u00e1lj\u00e1k. Az eredm\u00e9ny kiv\u00e9teles tisztas\u00e1g\u00fa rum, magas aromatartalom \u00e9s jellegzetes tr\u00f3pusi pezsg\u00e9s.  <\/p>\n<p><strong>\u00c9r\u00e9s \u00e9s st\u00edlus<\/strong><\/p>\n<p>A Labourdonnais rumot k\u00fcl\u00f6nb\u00f6z\u0151 t\u00edpus\u00fa hord\u00f3kban &#8211; leggyakrabban konyakos hord\u00f3kban, francia t\u00f6lgyfahord\u00f3kban vagy boroshord\u00f3kban &#8211; \u00e9rlelik. A tr\u00f3pusi \u00e9ghajlaton t\u00f6rt\u00e9n\u0151 \u00e9rlel\u00e9s intenz\u00edvebb, ami gyorsabb \u00e9s kifejezettebb \u00edz- \u00e9s aromakifejl\u0151d\u00e9st biztos\u00edt a rumok sz\u00e1m\u00e1ra. <\/p>\n<p>A m\u00e1rka a fiatalabb, frissebb rumokt\u00f3l (pl. Lady Blue) az eleg\u00e1ns, \u00e9rlelt rumokon \u00e1t, mint a VSOP, XO \u00e9s Heritage, eg\u00e9szen a k\u00fcl\u00f6nleges kiad\u00e1sokig, mint a Raph Dodo vagy az Amelia.<\/p>\n<p><strong>Kapcsolat a term\u00e9szettel \u00e9s a kult\u00far\u00e1val<\/strong><\/p>\n<p>Ma a Labourdonnais birtok a mauritiusi gasztron\u00f3mia, kult\u00fara \u00e9s mez\u0151gazdas\u00e1g k\u00f6zpontja. A szeszf\u0151zde mellett gy\u00fcm\u00f6lcs\u00f6s\u00f6k, lekv\u00e1r- \u00e9s szirupgy\u00e1rak, t\u00f6rt\u00e9nelmi m\u00fazeum \u00e9s botanikus kertek is tal\u00e1lhat\u00f3k itt. Minden a fenntarthat\u00f3s\u00e1g, a term\u00e9szet \u00e9s az \u00f6r\u00f6ks\u00e9g ir\u00e1nti tisztelet jegy\u00e9ben m\u0171k\u00f6dik.  <\/p>\n<p><strong>Mi\u00e9rt k\u00fcl\u00f6nleges a Labourdonnais?<\/strong><\/p>\n<ul>\n<li>Agricole rum friss cukorn\u00e1db\u00f3l (nem melaszb\u00f3l)<\/li>\n<li>Saj\u00e1t cukorn\u00e1dtermeszt\u00e9s, teljes termel\u00e9si folyamat egy helyen<\/li>\n<li>Hossz\u00fa \u00e9rlel\u00e9s min\u0151s\u00e9gi hord\u00f3kban, amelyek kiemelik a sziget jelleg\u00e9t.<\/li>\n<li>Egyes\u00edti a hagyom\u00e1nyt a modern megk\u00f6zel\u00edt\u00e9ssel \u00e9s a prec\u00edz k\u00e9zm\u0171ves munk\u00e1val.<\/li>\n<li>Eleg\u00e1ns, tiszta \u00e9s nagyon kiegyens\u00falyozott rum, gazdag karakterrel.<\/li>\n<\/ul>\n<p><strong>A Labourdonnais<\/strong> t\u00f6bb mint egy m\u00e1rka &#8211; ez egy sziget, egy kult\u00fara \u00e9s a becs\u00fcletes k\u00e9zm\u0171vess\u00e9g t\u00f6rt\u00e9nete. Minden korty rumjuk Mauritius \u00edze &#8211; tr\u00f3pusi, meleg\u00edt\u0151, finoman vad, de mindig eleg\u00e1ns. <\/p>\n","protected":false},"excerpt":{"rendered":"<p>A <strong>Labourdonnais Heritage<\/strong> egy kiv\u00e9teles r\u00e9gi rum Mauritius sziget\u00e9r\u0151l, amely a hagyom\u00e1nyos agricole st\u00edlust \u00f6tv\u00f6zi a francia t\u00f6lgyfahord\u00f3ban t\u00f6rt\u00e9n\u0151 t\u00f6bb\u00e9ves \u00e9rlel\u00e9ssel. Ez a rum kiz\u00e1r\u00f3lag a Domaine de Labourdonnais birtok\u00e1n termesztett friss cukorn\u00e1db\u00f3l k\u00e9sz\u00fcl, \u00e9s <strong>legal\u00e1bb 7<\/strong> \u00e9vig \u00e9rlel\u0151dik, \u00edgy ez a leg\u00e9rettebb rum a lep\u00e1rl\u00f3\u00fczem alapk\u00edn\u00e1lat\u00e1ban. <\/p>\n<p><strong>Megjelen\u00e9s \u00e9s szag<\/strong><\/p>\n<ul>\n<li><strong>Sz\u00edn:<\/strong> arany \u00e9s mahag\u00f3ni f\u00e9nypontokkal.<\/li>\n<li><strong>Illat:<\/strong> Van\u00edlia, egy csipetnyi m\u00e9z \u00e9s finom f\u0171szerek az el\u0151t\u00e9rben. A f\u00e1s jegyek sz\u00e9pen integr\u00e1l\u00f3dnak. <\/li>\n<\/ul>\n<p><strong>\u00cdzprofil<\/strong><\/p>\n<ul>\n<li><strong>\u00cdzl\u00e9s:<\/strong> Testes \u00e9s \u00f6sszetett. A nyelven van\u00edlia, p\u00f6rk\u00f6lt di\u00f3, doh\u00e1ny, aszalt gy\u00fcm\u00f6lcs\u00f6k \u00e9s finoman f\u0171szeres t\u00f6lgy r\u00e9tegek bontakoznak ki. <\/li>\n<li><strong>Finish:<\/strong> Hossz\u00fa, b\u00e1rsonyos \u00e9s nagyon harmonikus. Sz\u00e1razabb, eleg\u00e1nsabb \u00e9rzetet hagy maga ut\u00e1n, fa \u00e9s \u00e9tcsokol\u00e1d\u00e9 jegyekkel. <\/li>\n<\/ul>\n<p><strong>Adminisztr\u00e1ci\u00f3s aj\u00e1nl\u00e1sok<\/strong><\/p>\n<ul>\n<li><strong>16-18 \u00b0C-on<\/strong> <strong>tiszt\u00e1n<\/strong> vagy egy csepp v\u00edzzel fogyasztva a legjobb.<\/li>\n<li>Ide\u00e1lis vacsora ut\u00e1ni <strong>digestifk\u00e9nt<\/strong> <\/li>\n<li>T\u00f6k\u00e9letes finom szivarokhoz, \u00e9tcsokol\u00e1d\u00e9hoz, kem\u00e9ny sajtokhoz vagy di\u00f3s desszertekhez.<\/li>\n<\/ul>\n<p>A <strong>Labourdonnais Heritage<\/strong> egy kiv\u00e9teles rum az \u00ednyencek sz\u00e1m\u00e1ra &#8211; eleg\u00e1ns, \u00e9rett, gazdag arom\u00e1val \u00e9s \u00f6sszetett \u00edzzel. A mauritiusi k\u00e9zm\u0171vess\u00e9g, a tr\u00f3pusi terroir \u00e9s az \u0151szinte cukorn\u00e1dlep\u00e1rl\u00e1s t\u00f6k\u00e9letes kifejez\u0151d\u00e9se. <\/p>\n","protected":false},"featured_media":8107,"comment_status":"closed","ping_status":"closed","template":"","meta":{"_acf_changed":false},"product_brand":[],"product_cat":[483,485],"product_tag":[795,912,1135],"class_list":{"0":"post-8095","1":"product","2":"type-product","3":"status-publish","4":"has-post-thumbnail","6":"product_cat-rum-hu","7":"product_cat-sotet-rum","8":"product_tag-labourdonnais-hu","9":"product_tag-mauricius-rum","10":"product_tag-sotet-rum","11":"pa_druh-alkoholu-sotet-rum","12":"pa_krajina-povodu-mauritius","13":"pa_znacka-labourdonnais","15":"first","16":"instock","17":"taxable","18":"shipping-taxable","19":"purchasable","20":"product-type-simple"},"acf":[],"yoast_head":"<!-- This site is optimized with the Yoast SEO plugin v27.0 - https:\/\/yoast.com\/product\/yoast-seo-wordpress\/ -->\n<title>Labourdonnais Heritage 44% 0,7l 0,7l - rumicon.sk<\/title>\n<meta name=\"robots\" content=\"index, follow, max-snippet:-1, max-image-preview:large, max-video-preview:-1\" \/>\n<link rel=\"canonical\" href=\"https:\/\/www.rumicon.sk\/hu\/produkt\/labourdonnais-lady-blue-40-07l-kopia\/\" \/>\n<meta property=\"og:locale\" content=\"hu_HU\" \/>\n<meta property=\"og:type\" content=\"article\" \/>\n<meta property=\"og:title\" content=\"Labourdonnais Heritage 44% 0,7l 0,7l - rumicon.sk\" \/>\n<meta property=\"og:description\" content=\"A Labourdonnais Heritage egy kiv\u00e9teles r\u00e9gi rum Mauritius sziget\u00e9r\u0151l, amely a hagyom\u00e1nyos agricole st\u00edlust \u00f6tv\u00f6zi a francia t\u00f6lgyfahord\u00f3ban t\u00f6rt\u00e9n\u0151 t\u00f6bb\u00e9ves \u00e9rlel\u00e9ssel. Ez a rum kiz\u00e1r\u00f3lag a Domaine de Labourdonnais birtok\u00e1n termesztett friss cukorn\u00e1db\u00f3l k\u00e9sz\u00fcl, \u00e9s legal\u00e1bb 7 \u00e9vig \u00e9rlel\u0151dik, \u00edgy ez a leg\u00e9rettebb rum a lep\u00e1rl\u00f3\u00fczem alapk\u00edn\u00e1lat\u00e1ban.  Megjelen\u00e9s \u00e9s szag  Sz\u00edn: arany \u00e9s mahag\u00f3ni f\u00e9nypontokkal.  Illat: Van\u00edlia, egy csipetnyi m\u00e9z \u00e9s finom f\u0171szerek az el\u0151t\u00e9rben. A f\u00e1s jegyek sz\u00e9pen integr\u00e1l\u00f3dnak.  \u00cdzprofil  \u00cdzl\u00e9s: Testes \u00e9s \u00f6sszetett. A nyelven van\u00edlia, p\u00f6rk\u00f6lt di\u00f3, doh\u00e1ny, aszalt gy\u00fcm\u00f6lcs\u00f6k \u00e9s finoman f\u0171szeres t\u00f6lgy r\u00e9tegek bontakoznak ki.  Finish: Hossz\u00fa, b\u00e1rsonyos \u00e9s nagyon harmonikus. Sz\u00e1razabb, eleg\u00e1nsabb \u00e9rzetet hagy maga ut\u00e1n, fa \u00e9s \u00e9tcsokol\u00e1d\u00e9 jegyekkel.  Adminisztr\u00e1ci\u00f3s aj\u00e1nl\u00e1sok  16-18 \u00b0C-on tiszt\u00e1n vagy egy csepp v\u00edzzel fogyasztva a legjobb.  Ide\u00e1lis vacsora ut\u00e1ni digestifk\u00e9nt  T\u00f6k\u00e9letes finom szivarokhoz, \u00e9tcsokol\u00e1d\u00e9hoz, kem\u00e9ny sajtokhoz vagy di\u00f3s desszertekhez. A Labourdonnais Heritage egy kiv\u00e9teles rum az \u00ednyencek sz\u00e1m\u00e1ra - eleg\u00e1ns, \u00e9rett, gazdag arom\u00e1val \u00e9s \u00f6sszetett \u00edzzel. A mauritiusi k\u00e9zm\u0171vess\u00e9g, a tr\u00f3pusi terroir \u00e9s az \u0151szinte cukorn\u00e1dlep\u00e1rl\u00e1s t\u00f6k\u00e9letes kifejez\u0151d\u00e9se.\" \/>\n<meta property=\"og:url\" content=\"https:\/\/www.rumicon.sk\/hu\/produkt\/labourdonnais-lady-blue-40-07l-kopia\/\" \/>\n<meta property=\"og:site_name\" content=\"rumicon.sk\" \/>\n<meta property=\"article:publisher\" content=\"https:\/\/www.facebook.com\/people\/Rumicon-Bottle-Cigar-Shop\/100087110283303\/\" \/>\n<meta property=\"article:modified_time\" content=\"2025-08-14T09:44:36+00:00\" \/>\n<meta property=\"og:image\" content=\"https:\/\/www.rumicon.sk\/wp-content\/uploads\/heritage1-1.jpg\" \/>\n\t<meta property=\"og:image:width\" content=\"4252\" \/>\n\t<meta property=\"og:image:height\" content=\"4252\" \/>\n\t<meta property=\"og:image:type\" content=\"image\/jpeg\" \/>\n<meta name=\"twitter:card\" content=\"summary_large_image\" \/>\n<meta name=\"twitter:label1\" content=\"Becs\u00fclt olvas\u00e1si id\u0151\" \/>\n\t<meta name=\"twitter:data1\" content=\"3 perc\" \/>\n<script type=\"application\/ld+json\" class=\"yoast-schema-graph\">{\"@context\":\"https:\/\/schema.org\",\"@graph\":[{\"@type\":\"WebPage\",\"@id\":\"https:\/\/www.rumicon.sk\/hu\/produkt\/labourdonnais-lady-blue-40-07l-kopia\/\",\"url\":\"https:\/\/www.rumicon.sk\/hu\/produkt\/labourdonnais-lady-blue-40-07l-kopia\/\",\"name\":\"Labourdonnais Heritage 44% 0,7l 0,7l - rumicon.sk\",\"isPartOf\":{\"@id\":\"https:\/\/www.rumicon.sk\/hu\/#website\"},\"primaryImageOfPage\":{\"@id\":\"https:\/\/www.rumicon.sk\/hu\/produkt\/labourdonnais-lady-blue-40-07l-kopia\/#primaryimage\"},\"image\":{\"@id\":\"https:\/\/www.rumicon.sk\/hu\/produkt\/labourdonnais-lady-blue-40-07l-kopia\/#primaryimage\"},\"thumbnailUrl\":\"https:\/\/www.rumicon.sk\/wp-content\/uploads\/heritage1-1.jpg\",\"datePublished\":\"2025-03-06T15:49:00+00:00\",\"dateModified\":\"2025-08-14T09:44:36+00:00\",\"breadcrumb\":{\"@id\":\"https:\/\/www.rumicon.sk\/hu\/produkt\/labourdonnais-lady-blue-40-07l-kopia\/#breadcrumb\"},\"inLanguage\":\"hu\",\"potentialAction\":[{\"@type\":\"ReadAction\",\"target\":[\"https:\/\/www.rumicon.sk\/hu\/produkt\/labourdonnais-lady-blue-40-07l-kopia\/\"]}]},{\"@type\":\"ImageObject\",\"inLanguage\":\"hu\",\"@id\":\"https:\/\/www.rumicon.sk\/hu\/produkt\/labourdonnais-lady-blue-40-07l-kopia\/#primaryimage\",\"url\":\"https:\/\/www.rumicon.sk\/wp-content\/uploads\/heritage1-1.jpg\",\"contentUrl\":\"https:\/\/www.rumicon.sk\/wp-content\/uploads\/heritage1-1.jpg\",\"width\":4252,\"height\":4252,\"caption\":\"Labourdonnais Heritage\"},{\"@type\":\"BreadcrumbList\",\"@id\":\"https:\/\/www.rumicon.sk\/hu\/produkt\/labourdonnais-lady-blue-40-07l-kopia\/#breadcrumb\",\"itemListElement\":[{\"@type\":\"ListItem\",\"position\":1,\"name\":\"Home\",\"item\":\"https:\/\/www.rumicon.sk\/hu\/home\/\"},{\"@type\":\"ListItem\",\"position\":2,\"name\":\"Web\u00e1ruh\u00e1z\",\"item\":\"https:\/\/www.rumicon.sk\/hu\/webaruhaz\/\"},{\"@type\":\"ListItem\",\"position\":3,\"name\":\"Labourdonnais Heritage 44% 0,7l 0,7l\"}]},{\"@type\":\"WebSite\",\"@id\":\"https:\/\/www.rumicon.sk\/hu\/#website\",\"url\":\"https:\/\/www.rumicon.sk\/hu\/\",\"name\":\"rumicon.sk\",\"description\":\"\",\"publisher\":{\"@id\":\"https:\/\/www.rumicon.sk\/hu\/#organization\"},\"potentialAction\":[{\"@type\":\"SearchAction\",\"target\":{\"@type\":\"EntryPoint\",\"urlTemplate\":\"https:\/\/www.rumicon.sk\/hu\/?s={search_term_string}\"},\"query-input\":{\"@type\":\"PropertyValueSpecification\",\"valueRequired\":true,\"valueName\":\"search_term_string\"}}],\"inLanguage\":\"hu\"},{\"@type\":\"Organization\",\"@id\":\"https:\/\/www.rumicon.sk\/hu\/#organization\",\"name\":\"rumicon.sk\",\"url\":\"https:\/\/www.rumicon.sk\/hu\/\",\"logo\":{\"@type\":\"ImageObject\",\"inLanguage\":\"hu\",\"@id\":\"https:\/\/www.rumicon.sk\/hu\/#\/schema\/logo\/image\/\",\"url\":\"https:\/\/www.rumicon.sk\/wp-content\/uploads\/logo-rumicon-bcs-color.png\",\"contentUrl\":\"https:\/\/www.rumicon.sk\/wp-content\/uploads\/logo-rumicon-bcs-color.png\",\"width\":827,\"height\":278,\"caption\":\"rumicon.sk\"},\"image\":{\"@id\":\"https:\/\/www.rumicon.sk\/hu\/#\/schema\/logo\/image\/\"},\"sameAs\":[\"https:\/\/www.facebook.com\/people\/Rumicon-Bottle-Cigar-Shop\/100087110283303\/\",\"https:\/\/www.instagram.com\/rumicon_bottle_cigar_shop\/\",\"https:\/\/www.tiktok.com\/@rumicon2022\"]}]}<\/script>\n<!-- \/ Yoast SEO plugin. -->","yoast_head_json":{"title":"Labourdonnais Heritage 44% 0,7l 0,7l - rumicon.sk","robots":{"index":"index","follow":"follow","max-snippet":"max-snippet:-1","max-image-preview":"max-image-preview:large","max-video-preview":"max-video-preview:-1"},"canonical":"https:\/\/www.rumicon.sk\/hu\/produkt\/labourdonnais-lady-blue-40-07l-kopia\/","og_locale":"hu_HU","og_type":"article","og_title":"Labourdonnais Heritage 44% 0,7l 0,7l - rumicon.sk","og_description":"A Labourdonnais Heritage egy kiv\u00e9teles r\u00e9gi rum Mauritius sziget\u00e9r\u0151l, amely a hagyom\u00e1nyos agricole st\u00edlust \u00f6tv\u00f6zi a francia t\u00f6lgyfahord\u00f3ban t\u00f6rt\u00e9n\u0151 t\u00f6bb\u00e9ves \u00e9rlel\u00e9ssel. Ez a rum kiz\u00e1r\u00f3lag a Domaine de Labourdonnais birtok\u00e1n termesztett friss cukorn\u00e1db\u00f3l k\u00e9sz\u00fcl, \u00e9s legal\u00e1bb 7 \u00e9vig \u00e9rlel\u0151dik, \u00edgy ez a leg\u00e9rettebb rum a lep\u00e1rl\u00f3\u00fczem alapk\u00edn\u00e1lat\u00e1ban.  Megjelen\u00e9s \u00e9s szag  Sz\u00edn: arany \u00e9s mahag\u00f3ni f\u00e9nypontokkal.  Illat: Van\u00edlia, egy csipetnyi m\u00e9z \u00e9s finom f\u0171szerek az el\u0151t\u00e9rben. A f\u00e1s jegyek sz\u00e9pen integr\u00e1l\u00f3dnak.  \u00cdzprofil  \u00cdzl\u00e9s: Testes \u00e9s \u00f6sszetett. A nyelven van\u00edlia, p\u00f6rk\u00f6lt di\u00f3, doh\u00e1ny, aszalt gy\u00fcm\u00f6lcs\u00f6k \u00e9s finoman f\u0171szeres t\u00f6lgy r\u00e9tegek bontakoznak ki.  Finish: Hossz\u00fa, b\u00e1rsonyos \u00e9s nagyon harmonikus. Sz\u00e1razabb, eleg\u00e1nsabb \u00e9rzetet hagy maga ut\u00e1n, fa \u00e9s \u00e9tcsokol\u00e1d\u00e9 jegyekkel.  Adminisztr\u00e1ci\u00f3s aj\u00e1nl\u00e1sok  16-18 \u00b0C-on tiszt\u00e1n vagy egy csepp v\u00edzzel fogyasztva a legjobb.  Ide\u00e1lis vacsora ut\u00e1ni digestifk\u00e9nt  T\u00f6k\u00e9letes finom szivarokhoz, \u00e9tcsokol\u00e1d\u00e9hoz, kem\u00e9ny sajtokhoz vagy di\u00f3s desszertekhez. A Labourdonnais Heritage egy kiv\u00e9teles rum az \u00ednyencek sz\u00e1m\u00e1ra - eleg\u00e1ns, \u00e9rett, gazdag arom\u00e1val \u00e9s \u00f6sszetett \u00edzzel. A mauritiusi k\u00e9zm\u0171vess\u00e9g, a tr\u00f3pusi terroir \u00e9s az \u0151szinte cukorn\u00e1dlep\u00e1rl\u00e1s t\u00f6k\u00e9letes kifejez\u0151d\u00e9se.","og_url":"https:\/\/www.rumicon.sk\/hu\/produkt\/labourdonnais-lady-blue-40-07l-kopia\/","og_site_name":"rumicon.sk","article_publisher":"https:\/\/www.facebook.com\/people\/Rumicon-Bottle-Cigar-Shop\/100087110283303\/","article_modified_time":"2025-08-14T09:44:36+00:00","og_image":[{"width":4252,"height":4252,"url":"https:\/\/www.rumicon.sk\/wp-content\/uploads\/heritage1-1.jpg","type":"image\/jpeg"}],"twitter_card":"summary_large_image","twitter_misc":{"Becs\u00fclt olvas\u00e1si id\u0151":"3 perc"},"schema":{"@context":"https:\/\/schema.org","@graph":[{"@type":"WebPage","@id":"https:\/\/www.rumicon.sk\/hu\/produkt\/labourdonnais-lady-blue-40-07l-kopia\/","url":"https:\/\/www.rumicon.sk\/hu\/produkt\/labourdonnais-lady-blue-40-07l-kopia\/","name":"Labourdonnais Heritage 44% 0,7l 0,7l - rumicon.sk","isPartOf":{"@id":"https:\/\/www.rumicon.sk\/hu\/#website"},"primaryImageOfPage":{"@id":"https:\/\/www.rumicon.sk\/hu\/produkt\/labourdonnais-lady-blue-40-07l-kopia\/#primaryimage"},"image":{"@id":"https:\/\/www.rumicon.sk\/hu\/produkt\/labourdonnais-lady-blue-40-07l-kopia\/#primaryimage"},"thumbnailUrl":"https:\/\/www.rumicon.sk\/wp-content\/uploads\/heritage1-1.jpg","datePublished":"2025-03-06T15:49:00+00:00","dateModified":"2025-08-14T09:44:36+00:00","breadcrumb":{"@id":"https:\/\/www.rumicon.sk\/hu\/produkt\/labourdonnais-lady-blue-40-07l-kopia\/#breadcrumb"},"inLanguage":"hu","potentialAction":[{"@type":"ReadAction","target":["https:\/\/www.rumicon.sk\/hu\/produkt\/labourdonnais-lady-blue-40-07l-kopia\/"]}]},{"@type":"ImageObject","inLanguage":"hu","@id":"https:\/\/www.rumicon.sk\/hu\/produkt\/labourdonnais-lady-blue-40-07l-kopia\/#primaryimage","url":"https:\/\/www.rumicon.sk\/wp-content\/uploads\/heritage1-1.jpg","contentUrl":"https:\/\/www.rumicon.sk\/wp-content\/uploads\/heritage1-1.jpg","width":4252,"height":4252,"caption":"Labourdonnais Heritage"},{"@type":"BreadcrumbList","@id":"https:\/\/www.rumicon.sk\/hu\/produkt\/labourdonnais-lady-blue-40-07l-kopia\/#breadcrumb","itemListElement":[{"@type":"ListItem","position":1,"name":"Home","item":"https:\/\/www.rumicon.sk\/hu\/home\/"},{"@type":"ListItem","position":2,"name":"Web\u00e1ruh\u00e1z","item":"https:\/\/www.rumicon.sk\/hu\/webaruhaz\/"},{"@type":"ListItem","position":3,"name":"Labourdonnais Heritage 44% 0,7l 0,7l"}]},{"@type":"WebSite","@id":"https:\/\/www.rumicon.sk\/hu\/#website","url":"https:\/\/www.rumicon.sk\/hu\/","name":"rumicon.sk","description":"","publisher":{"@id":"https:\/\/www.rumicon.sk\/hu\/#organization"},"potentialAction":[{"@type":"SearchAction","target":{"@type":"EntryPoint","urlTemplate":"https:\/\/www.rumicon.sk\/hu\/?s={search_term_string}"},"query-input":{"@type":"PropertyValueSpecification","valueRequired":true,"valueName":"search_term_string"}}],"inLanguage":"hu"},{"@type":"Organization","@id":"https:\/\/www.rumicon.sk\/hu\/#organization","name":"rumicon.sk","url":"https:\/\/www.rumicon.sk\/hu\/","logo":{"@type":"ImageObject","inLanguage":"hu","@id":"https:\/\/www.rumicon.sk\/hu\/#\/schema\/logo\/image\/","url":"https:\/\/www.rumicon.sk\/wp-content\/uploads\/logo-rumicon-bcs-color.png","contentUrl":"https:\/\/www.rumicon.sk\/wp-content\/uploads\/logo-rumicon-bcs-color.png","width":827,"height":278,"caption":"rumicon.sk"},"image":{"@id":"https:\/\/www.rumicon.sk\/hu\/#\/schema\/logo\/image\/"},"sameAs":["https:\/\/www.facebook.com\/people\/Rumicon-Bottle-Cigar-Shop\/100087110283303\/","https:\/\/www.instagram.com\/rumicon_bottle_cigar_shop\/","https:\/\/www.tiktok.com\/@rumicon2022"]}]}},"_links":{"self":[{"href":"https:\/\/www.rumicon.sk\/hu\/wp-json\/wp\/v2\/product\/8095","targetHints":{"allow":["GET"]}}],"collection":[{"href":"https:\/\/www.rumicon.sk\/hu\/wp-json\/wp\/v2\/product"}],"about":[{"href":"https:\/\/www.rumicon.sk\/hu\/wp-json\/wp\/v2\/types\/product"}],"replies":[{"embeddable":true,"href":"https:\/\/www.rumicon.sk\/hu\/wp-json\/wp\/v2\/comments?post=8095"}],"wp:featuredmedia":[{"embeddable":true,"href":"https:\/\/www.rumicon.sk\/hu\/wp-json\/wp\/v2\/media\/8107"}],"wp:attachment":[{"href":"https:\/\/www.rumicon.sk\/hu\/wp-json\/wp\/v2\/media?parent=8095"}],"wp:term":[{"taxonomy":"product_brand","embeddable":true,"href":"https:\/\/www.rumicon.sk\/hu\/wp-json\/wp\/v2\/product_brand?post=8095"},{"taxonomy":"product_cat","embeddable":true,"href":"https:\/\/www.rumicon.sk\/hu\/wp-json\/wp\/v2\/product_cat?post=8095"},{"taxonomy":"product_tag","embeddable":true,"href":"https:\/\/www.rumicon.sk\/hu\/wp-json\/wp\/v2\/product_tag?post=8095"}],"curies":[{"name":"wp","href":"https:\/\/api.w.org\/{rel}","templated":true}]}}