{"id":7969,"date":"2025-02-08T18:26:35","date_gmt":"2025-02-08T17:26:35","guid":{"rendered":"https:\/\/www.rumicon.sk\/?post_type=product&#038;p=7969"},"modified":"2025-08-14T11:44:29","modified_gmt":"2025-08-14T09:44:29","slug":"rum-doorlys-xo-07-l-43-kopia","status":"publish","type":"product","link":"https:\/\/www.rumicon.sk\/hu\/produkt\/rum-doorlys-xo-07-l-43-kopia\/","title":{"rendered":"Rum Doorlys 14y 0,7l 48%"},"content":{"rendered":"<p><strong>A Doorly&#8217;s 14y<\/strong> egy pr\u00e9mium min\u0151s\u00e9g\u0171 <strong>barbadosi<\/strong> rum, amelyet <strong>14 \u00e9vig<\/strong> \u00e9rleltek <strong>t\u00f6lgyf\u00e1b\u00f3l k\u00e9sz\u00fclt bourbon- \u00e9s sherry-hord\u00f3kban<\/strong>, ami kiv\u00e9teles komplexit\u00e1st \u00e9s m\u00e9lys\u00e9get k\u00f6lcs\u00f6n\u00f6z neki. Ezt a rumot a h\u00edres <strong>Foursquare Distilleryben<\/strong> \u00e1ll\u00edtj\u00e1k el\u0151, amely a hagyom\u00e1nyos gy\u00e1rt\u00e1si m\u00f3dszer\u00e9r\u0151l ismert, hozz\u00e1adott cukor \u00e9s mesters\u00e9ges adal\u00e9kanyagok n\u00e9lk\u00fcl. A gazdag \u00edz \u00e9s a l\u00e1gy karakter t\u00f6k\u00e9letes egyens\u00faly\u00e1nak el\u00e9r\u00e9se \u00e9rdek\u00e9ben <strong>pot still<\/strong> \u00e9s <strong>column still<\/strong> p\u00e1rlatokat kombin\u00e1l.  <\/p>\n<p><strong>\u00cdz:<\/strong> eleg\u00e1ns, kiegyens\u00falyozott \u00e9s f\u0171szeres, <strong>\u00e9tcsokol\u00e1d\u00e9, aszalt gy\u00fcm\u00f6lcs\u00f6k, van\u00edlia \u00e9s t\u00f6lgyfa<\/strong> jegyeivel, amelyet egy finom f\u0171szeres leheletnyi f\u0171szeress\u00e9g eg\u00e9sz\u00edt ki.<br \/>\n<strong>Illat:<\/strong> gazdag \u00e9s intenz\u00edv, <strong>sherry, karamell, p\u00f6rk\u00f6lt di\u00f3 \u00e9s egzotikus gy\u00fcm\u00f6lcs\u00f6k<\/strong> arom\u00e1ival.<\/p>\n<p><strong>\u00c9rdekess\u00e9g:<\/strong> A Doorly&#8217;s 14y <strong>igazi barbadosi rumnak<\/strong> sz\u00e1m\u00edt <strong>, mesters\u00e9ges adal\u00e9kanyagok n\u00e9lk\u00fcl<\/strong>, ami a Foursquare Distillery k\u00e9zm\u0171ves min\u0151s\u00e9g\u00e9t t\u00fckr\u00f6zi. A palackon <strong>az arara j\u00e1cint<\/strong>, a vil\u00e1g legnagyobb papag\u00e1ja l\u00e1that\u00f3, ami a rum ritkas\u00e1g\u00e1t \u00e9s egyedis\u00e9g\u00e9t szimboliz\u00e1lja. <\/p>\n","protected":false},"excerpt":{"rendered":"<p><strong>A Doorly&#8217;s 14Y<\/strong> a h\u00edres <strong>Foursquare Distillery<\/strong> exkluz\u00edv <strong>barbadosi rumja<\/strong>, amelyet <strong>14 \u00e9vig \u00e9rleltek bourbon- \u00e9s sherryhord\u00f3kban<\/strong>. \u00cdze gazdag \u00e9s kiegyens\u00falyozott, <strong>csokol\u00e1d\u00e9, aszalt gy\u00fcm\u00f6lcs\u00f6k \u00e9s van\u00edlia<\/strong> jegyeivel, mik\u00f6zben meg\u0151rizte igazi k\u00e9zm\u0171ves min\u0151s\u00e9g\u00e9t, hozz\u00e1adott cukor n\u00e9lk\u00fcl. <\/p>\n","protected":false},"featured_media":7971,"comment_status":"closed","ping_status":"closed","template":"","meta":{"_acf_changed":false},"product_brand":[],"product_cat":[483,485],"product_tag":[875],"class_list":{"0":"post-7969","1":"product","2":"type-product","3":"status-publish","4":"has-post-thumbnail","6":"product_cat-rum-hu","7":"product_cat-sotet-rum","8":"product_tag-doorlys-hu","9":"pa_druh-alkoholu-rum-hu","10":"pa_krajina-povodu-barbados-hu","11":"pa_objem-07-l-hu","12":"pa_obsah-alkoholu-48-hu","13":"pa_znacka-doorlys-hu","15":"first","16":"outofstock","17":"taxable","18":"shipping-taxable","19":"purchasable","20":"product-type-simple"},"acf":[],"yoast_head":"<!-- This site is optimized with the Yoast SEO plugin v27.0 - https:\/\/yoast.com\/product\/yoast-seo-wordpress\/ -->\n<title>Rum Doorlys 14y 0,7l 48% - rumicon.sk<\/title>\n<meta name=\"robots\" content=\"index, follow, max-snippet:-1, max-image-preview:large, max-video-preview:-1\" \/>\n<link rel=\"canonical\" href=\"https:\/\/www.rumicon.sk\/hu\/produkt\/rum-doorlys-xo-07-l-43-kopia\/\" \/>\n<meta property=\"og:locale\" content=\"hu_HU\" \/>\n<meta property=\"og:type\" content=\"article\" \/>\n<meta property=\"og:title\" content=\"Rum Doorlys 14y 0,7l 48% - rumicon.sk\" \/>\n<meta property=\"og:description\" content=\"A Doorly&#039;s 14Y a h\u00edres Foursquare Distillery exkluz\u00edv barbadosi rumja, amelyet 14 \u00e9vig \u00e9rleltek bourbon- \u00e9s sherryhord\u00f3kban. \u00cdze gazdag \u00e9s kiegyens\u00falyozott, csokol\u00e1d\u00e9, aszalt gy\u00fcm\u00f6lcs\u00f6k \u00e9s van\u00edlia jegyeivel, mik\u00f6zben meg\u0151rizte igazi k\u00e9zm\u0171ves min\u0151s\u00e9g\u00e9t, hozz\u00e1adott cukor n\u00e9lk\u00fcl.\" \/>\n<meta property=\"og:url\" content=\"https:\/\/www.rumicon.sk\/hu\/produkt\/rum-doorlys-xo-07-l-43-kopia\/\" \/>\n<meta property=\"og:site_name\" content=\"rumicon.sk\" \/>\n<meta property=\"article:publisher\" content=\"https:\/\/www.facebook.com\/people\/Rumicon-Bottle-Cigar-Shop\/100087110283303\/\" \/>\n<meta property=\"article:modified_time\" content=\"2025-08-14T09:44:29+00:00\" \/>\n<meta property=\"og:image\" content=\"https:\/\/www.rumicon.sk\/wp-content\/uploads\/doorlys-14-hotovo.jpg\" \/>\n\t<meta property=\"og:image:width\" content=\"768\" \/>\n\t<meta property=\"og:image:height\" content=\"768\" \/>\n\t<meta property=\"og:image:type\" content=\"image\/jpeg\" \/>\n<meta name=\"twitter:card\" content=\"summary_large_image\" \/>\n<meta name=\"twitter:label1\" content=\"Becs\u00fclt olvas\u00e1si id\u0151\" \/>\n\t<meta name=\"twitter:data1\" content=\"1 perc\" \/>\n<script type=\"application\/ld+json\" class=\"yoast-schema-graph\">{\"@context\":\"https:\/\/schema.org\",\"@graph\":[{\"@type\":\"WebPage\",\"@id\":\"https:\/\/www.rumicon.sk\/hu\/produkt\/rum-doorlys-xo-07-l-43-kopia\/\",\"url\":\"https:\/\/www.rumicon.sk\/hu\/produkt\/rum-doorlys-xo-07-l-43-kopia\/\",\"name\":\"Rum Doorlys 14y 0,7l 48% - rumicon.sk\",\"isPartOf\":{\"@id\":\"https:\/\/www.rumicon.sk\/hu\/#website\"},\"primaryImageOfPage\":{\"@id\":\"https:\/\/www.rumicon.sk\/hu\/produkt\/rum-doorlys-xo-07-l-43-kopia\/#primaryimage\"},\"image\":{\"@id\":\"https:\/\/www.rumicon.sk\/hu\/produkt\/rum-doorlys-xo-07-l-43-kopia\/#primaryimage\"},\"thumbnailUrl\":\"https:\/\/www.rumicon.sk\/wp-content\/uploads\/doorlys-14-hotovo.jpg\",\"datePublished\":\"2025-02-08T17:26:35+00:00\",\"dateModified\":\"2025-08-14T09:44:29+00:00\",\"breadcrumb\":{\"@id\":\"https:\/\/www.rumicon.sk\/hu\/produkt\/rum-doorlys-xo-07-l-43-kopia\/#breadcrumb\"},\"inLanguage\":\"hu\",\"potentialAction\":[{\"@type\":\"ReadAction\",\"target\":[\"https:\/\/www.rumicon.sk\/hu\/produkt\/rum-doorlys-xo-07-l-43-kopia\/\"]}]},{\"@type\":\"ImageObject\",\"inLanguage\":\"hu\",\"@id\":\"https:\/\/www.rumicon.sk\/hu\/produkt\/rum-doorlys-xo-07-l-43-kopia\/#primaryimage\",\"url\":\"https:\/\/www.rumicon.sk\/wp-content\/uploads\/doorlys-14-hotovo.jpg\",\"contentUrl\":\"https:\/\/www.rumicon.sk\/wp-content\/uploads\/doorlys-14-hotovo.jpg\",\"width\":768,\"height\":768},{\"@type\":\"BreadcrumbList\",\"@id\":\"https:\/\/www.rumicon.sk\/hu\/produkt\/rum-doorlys-xo-07-l-43-kopia\/#breadcrumb\",\"itemListElement\":[{\"@type\":\"ListItem\",\"position\":1,\"name\":\"Home\",\"item\":\"https:\/\/www.rumicon.sk\/hu\/home\/\"},{\"@type\":\"ListItem\",\"position\":2,\"name\":\"Web\u00e1ruh\u00e1z\",\"item\":\"https:\/\/www.rumicon.sk\/hu\/webaruhaz\/\"},{\"@type\":\"ListItem\",\"position\":3,\"name\":\"Rum Doorlys 14y 0,7l 48%\"}]},{\"@type\":\"WebSite\",\"@id\":\"https:\/\/www.rumicon.sk\/hu\/#website\",\"url\":\"https:\/\/www.rumicon.sk\/hu\/\",\"name\":\"rumicon.sk\",\"description\":\"\",\"publisher\":{\"@id\":\"https:\/\/www.rumicon.sk\/hu\/#organization\"},\"potentialAction\":[{\"@type\":\"SearchAction\",\"target\":{\"@type\":\"EntryPoint\",\"urlTemplate\":\"https:\/\/www.rumicon.sk\/hu\/?s={search_term_string}\"},\"query-input\":{\"@type\":\"PropertyValueSpecification\",\"valueRequired\":true,\"valueName\":\"search_term_string\"}}],\"inLanguage\":\"hu\"},{\"@type\":\"Organization\",\"@id\":\"https:\/\/www.rumicon.sk\/hu\/#organization\",\"name\":\"rumicon.sk\",\"url\":\"https:\/\/www.rumicon.sk\/hu\/\",\"logo\":{\"@type\":\"ImageObject\",\"inLanguage\":\"hu\",\"@id\":\"https:\/\/www.rumicon.sk\/hu\/#\/schema\/logo\/image\/\",\"url\":\"https:\/\/www.rumicon.sk\/wp-content\/uploads\/logo-rumicon-bcs-color.png\",\"contentUrl\":\"https:\/\/www.rumicon.sk\/wp-content\/uploads\/logo-rumicon-bcs-color.png\",\"width\":827,\"height\":278,\"caption\":\"rumicon.sk\"},\"image\":{\"@id\":\"https:\/\/www.rumicon.sk\/hu\/#\/schema\/logo\/image\/\"},\"sameAs\":[\"https:\/\/www.facebook.com\/people\/Rumicon-Bottle-Cigar-Shop\/100087110283303\/\",\"https:\/\/www.instagram.com\/rumicon_bottle_cigar_shop\/\",\"https:\/\/www.tiktok.com\/@rumicon2022\"]}]}<\/script>\n<!-- \/ Yoast SEO plugin. -->","yoast_head_json":{"title":"Rum Doorlys 14y 0,7l 48% - rumicon.sk","robots":{"index":"index","follow":"follow","max-snippet":"max-snippet:-1","max-image-preview":"max-image-preview:large","max-video-preview":"max-video-preview:-1"},"canonical":"https:\/\/www.rumicon.sk\/hu\/produkt\/rum-doorlys-xo-07-l-43-kopia\/","og_locale":"hu_HU","og_type":"article","og_title":"Rum Doorlys 14y 0,7l 48% - rumicon.sk","og_description":"A Doorly's 14Y a h\u00edres Foursquare Distillery exkluz\u00edv barbadosi rumja, amelyet 14 \u00e9vig \u00e9rleltek bourbon- \u00e9s sherryhord\u00f3kban. \u00cdze gazdag \u00e9s kiegyens\u00falyozott, csokol\u00e1d\u00e9, aszalt gy\u00fcm\u00f6lcs\u00f6k \u00e9s van\u00edlia jegyeivel, mik\u00f6zben meg\u0151rizte igazi k\u00e9zm\u0171ves min\u0151s\u00e9g\u00e9t, hozz\u00e1adott cukor n\u00e9lk\u00fcl.","og_url":"https:\/\/www.rumicon.sk\/hu\/produkt\/rum-doorlys-xo-07-l-43-kopia\/","og_site_name":"rumicon.sk","article_publisher":"https:\/\/www.facebook.com\/people\/Rumicon-Bottle-Cigar-Shop\/100087110283303\/","article_modified_time":"2025-08-14T09:44:29+00:00","og_image":[{"width":768,"height":768,"url":"https:\/\/www.rumicon.sk\/wp-content\/uploads\/doorlys-14-hotovo.jpg","type":"image\/jpeg"}],"twitter_card":"summary_large_image","twitter_misc":{"Becs\u00fclt olvas\u00e1si id\u0151":"1 perc"},"schema":{"@context":"https:\/\/schema.org","@graph":[{"@type":"WebPage","@id":"https:\/\/www.rumicon.sk\/hu\/produkt\/rum-doorlys-xo-07-l-43-kopia\/","url":"https:\/\/www.rumicon.sk\/hu\/produkt\/rum-doorlys-xo-07-l-43-kopia\/","name":"Rum Doorlys 14y 0,7l 48% - rumicon.sk","isPartOf":{"@id":"https:\/\/www.rumicon.sk\/hu\/#website"},"primaryImageOfPage":{"@id":"https:\/\/www.rumicon.sk\/hu\/produkt\/rum-doorlys-xo-07-l-43-kopia\/#primaryimage"},"image":{"@id":"https:\/\/www.rumicon.sk\/hu\/produkt\/rum-doorlys-xo-07-l-43-kopia\/#primaryimage"},"thumbnailUrl":"https:\/\/www.rumicon.sk\/wp-content\/uploads\/doorlys-14-hotovo.jpg","datePublished":"2025-02-08T17:26:35+00:00","dateModified":"2025-08-14T09:44:29+00:00","breadcrumb":{"@id":"https:\/\/www.rumicon.sk\/hu\/produkt\/rum-doorlys-xo-07-l-43-kopia\/#breadcrumb"},"inLanguage":"hu","potentialAction":[{"@type":"ReadAction","target":["https:\/\/www.rumicon.sk\/hu\/produkt\/rum-doorlys-xo-07-l-43-kopia\/"]}]},{"@type":"ImageObject","inLanguage":"hu","@id":"https:\/\/www.rumicon.sk\/hu\/produkt\/rum-doorlys-xo-07-l-43-kopia\/#primaryimage","url":"https:\/\/www.rumicon.sk\/wp-content\/uploads\/doorlys-14-hotovo.jpg","contentUrl":"https:\/\/www.rumicon.sk\/wp-content\/uploads\/doorlys-14-hotovo.jpg","width":768,"height":768},{"@type":"BreadcrumbList","@id":"https:\/\/www.rumicon.sk\/hu\/produkt\/rum-doorlys-xo-07-l-43-kopia\/#breadcrumb","itemListElement":[{"@type":"ListItem","position":1,"name":"Home","item":"https:\/\/www.rumicon.sk\/hu\/home\/"},{"@type":"ListItem","position":2,"name":"Web\u00e1ruh\u00e1z","item":"https:\/\/www.rumicon.sk\/hu\/webaruhaz\/"},{"@type":"ListItem","position":3,"name":"Rum Doorlys 14y 0,7l 48%"}]},{"@type":"WebSite","@id":"https:\/\/www.rumicon.sk\/hu\/#website","url":"https:\/\/www.rumicon.sk\/hu\/","name":"rumicon.sk","description":"","publisher":{"@id":"https:\/\/www.rumicon.sk\/hu\/#organization"},"potentialAction":[{"@type":"SearchAction","target":{"@type":"EntryPoint","urlTemplate":"https:\/\/www.rumicon.sk\/hu\/?s={search_term_string}"},"query-input":{"@type":"PropertyValueSpecification","valueRequired":true,"valueName":"search_term_string"}}],"inLanguage":"hu"},{"@type":"Organization","@id":"https:\/\/www.rumicon.sk\/hu\/#organization","name":"rumicon.sk","url":"https:\/\/www.rumicon.sk\/hu\/","logo":{"@type":"ImageObject","inLanguage":"hu","@id":"https:\/\/www.rumicon.sk\/hu\/#\/schema\/logo\/image\/","url":"https:\/\/www.rumicon.sk\/wp-content\/uploads\/logo-rumicon-bcs-color.png","contentUrl":"https:\/\/www.rumicon.sk\/wp-content\/uploads\/logo-rumicon-bcs-color.png","width":827,"height":278,"caption":"rumicon.sk"},"image":{"@id":"https:\/\/www.rumicon.sk\/hu\/#\/schema\/logo\/image\/"},"sameAs":["https:\/\/www.facebook.com\/people\/Rumicon-Bottle-Cigar-Shop\/100087110283303\/","https:\/\/www.instagram.com\/rumicon_bottle_cigar_shop\/","https:\/\/www.tiktok.com\/@rumicon2022"]}]}},"_links":{"self":[{"href":"https:\/\/www.rumicon.sk\/hu\/wp-json\/wp\/v2\/product\/7969","targetHints":{"allow":["GET"]}}],"collection":[{"href":"https:\/\/www.rumicon.sk\/hu\/wp-json\/wp\/v2\/product"}],"about":[{"href":"https:\/\/www.rumicon.sk\/hu\/wp-json\/wp\/v2\/types\/product"}],"replies":[{"embeddable":true,"href":"https:\/\/www.rumicon.sk\/hu\/wp-json\/wp\/v2\/comments?post=7969"}],"wp:featuredmedia":[{"embeddable":true,"href":"https:\/\/www.rumicon.sk\/hu\/wp-json\/wp\/v2\/media\/7971"}],"wp:attachment":[{"href":"https:\/\/www.rumicon.sk\/hu\/wp-json\/wp\/v2\/media?parent=7969"}],"wp:term":[{"taxonomy":"product_brand","embeddable":true,"href":"https:\/\/www.rumicon.sk\/hu\/wp-json\/wp\/v2\/product_brand?post=7969"},{"taxonomy":"product_cat","embeddable":true,"href":"https:\/\/www.rumicon.sk\/hu\/wp-json\/wp\/v2\/product_cat?post=7969"},{"taxonomy":"product_tag","embeddable":true,"href":"https:\/\/www.rumicon.sk\/hu\/wp-json\/wp\/v2\/product_tag?post=7969"}],"curies":[{"name":"wp","href":"https:\/\/api.w.org\/{rel}","templated":true}]}}