{"id":7961,"date":"2025-02-08T18:15:53","date_gmt":"2025-02-08T17:15:53","guid":{"rendered":"https:\/\/www.rumicon.sk\/?post_type=product&#038;p=7961"},"modified":"2025-08-14T11:44:46","modified_gmt":"2025-08-14T09:44:46","slug":"rum-the-demons-share-diablo-07l-40-kopia","status":"publish","type":"product","link":"https:\/\/www.rumicon.sk\/hu\/produkt\/rum-the-demons-share-diablo-07l-40-kopia\/","title":{"rendered":"Rum The Demons Share 15y 0,7l 43%"},"content":{"rendered":"<p>A <strong>Demon&#8217;s Share 15y<\/strong> egy exkluz\u00edv <strong>panamai<\/strong> rum, amelyet <strong>15<\/strong> \u00e9vig \u00e9rlelnek <strong>amerikai t\u00f6lgyfahord\u00f3ban<\/strong>, ami kiv\u00e9teles m\u00e9lys\u00e9get \u00e9s gazdag karaktert k\u00f6lcs\u00f6n\u00f6z neki. Ezt a rumot melaszb\u00f3l desztill\u00e1lj\u00e1k, \u00e9s apr\u00f3l\u00e9kos \u00e9rlel\u00e9si folyamaton megy kereszt\u00fcl tr\u00f3pusi \u00e9ghajlaton, ahol a hord\u00f3k intenz\u00edv k\u00f6lcs\u00f6nhat\u00e1sba l\u00e9pnek a folyad\u00e9kkal, fokozva annak simas\u00e1g\u00e1t \u00e9s \u00f6sszetetts\u00e9g\u00e9t. <\/p>\n<p><strong>\u00cdz:<\/strong> gazdag \u00e9s kiegyens\u00falyozott, karamell\u00e1s, van\u00edli\u00e1s, fekete borsos, kand\u00edrozott gy\u00fcm\u00f6lcs\u00f6s \u00e9s finom f\u00e1s jegyekkel.<br \/>\n<strong>Illat:<\/strong> \u00e9des \u00e9s h\u00edvogat\u00f3, m\u00e9z, kaka\u00f3, egzotikus gy\u00fcm\u00f6lcs\u00f6k \u00e9s f\u0171szerek arom\u00e1ival.<\/p>\n<p><strong>\u00c9rdekess\u00e9g:<\/strong> Ezt a rumot gyakran &#8220;az \u00f6rd\u00f6g rumj\u00e1nak&#8221; is nevezik, mivel a neve arra a legend\u00e1ra utal, hogy a d\u00e9monok a rum legjobb r\u00e9sz\u00e9t megtartj\u00e1k maguknak. Ide\u00e1lis azok sz\u00e1m\u00e1ra, akik kiv\u00e9teles \u00e9lm\u00e9nyt keresnek, f\u00e9ny\u0171z\u0151 ut\u00f3\u00edzzel. <\/p>\n","protected":false},"excerpt":{"rendered":"<p>A <strong>Demon&#8217;s Share 15Y<\/strong> egy pr\u00e9mium panamai rum, amelyet <strong>15<\/strong> \u00e9vig \u00e9rleltek <strong>t\u00f6lgyfahord\u00f3ban<\/strong>. Gazdag \u00e9s kiegyens\u00falyozott \u00edzvil\u00e1got k\u00edn\u00e1l, karamell\u00e1s, van\u00edli\u00e1s \u00e9s aszalt gy\u00fcm\u00f6lcs\u00f6s jegyekkel. Simas\u00e1ga \u00e9s m\u00e9ly arom\u00e1ja miatt kiv\u00e1l\u00f3 v\u00e1laszt\u00e1s a finom rumok kedvel\u0151i sz\u00e1m\u00e1ra.  <\/p>\n","protected":false},"featured_media":7963,"comment_status":"closed","ping_status":"closed","template":"","meta":{"_acf_changed":false},"product_brand":[],"product_cat":[483,485],"product_tag":[1135,763],"class_list":{"0":"post-7961","1":"product","2":"type-product","3":"status-publish","4":"has-post-thumbnail","6":"product_cat-rum-hu","7":"product_cat-sotet-rum","8":"product_tag-sotet-rum","9":"product_tag-the-demons-share-hu","10":"pa_druh-alkoholu-sotet-rum","11":"pa_krajina-povodu-panama-hu","12":"pa_objem-07-l-hu","13":"pa_obsah-alkoholu-43-hu","14":"pa_znacka-the-demons-share-hu-2","16":"first","17":"instock","18":"taxable","19":"shipping-taxable","20":"purchasable","21":"product-type-simple"},"acf":[],"yoast_head":"<!-- This site is optimized with the Yoast SEO plugin v27.0 - https:\/\/yoast.com\/product\/yoast-seo-wordpress\/ -->\n<title>Rum The Demons Share 15y 0,7l 43% - rumicon.sk<\/title>\n<meta name=\"robots\" content=\"index, follow, max-snippet:-1, max-image-preview:large, max-video-preview:-1\" \/>\n<link rel=\"canonical\" href=\"https:\/\/www.rumicon.sk\/hu\/produkt\/rum-the-demons-share-diablo-07l-40-kopia\/\" \/>\n<meta property=\"og:locale\" content=\"hu_HU\" \/>\n<meta property=\"og:type\" content=\"article\" \/>\n<meta property=\"og:title\" content=\"Rum The Demons Share 15y 0,7l 43% - rumicon.sk\" \/>\n<meta property=\"og:description\" content=\"A Demon&#039;s Share 15Y egy pr\u00e9mium panamai rum, amelyet 15 \u00e9vig \u00e9rleltek t\u00f6lgyfahord\u00f3ban. Gazdag \u00e9s kiegyens\u00falyozott \u00edzvil\u00e1got k\u00edn\u00e1l, karamell\u00e1s, van\u00edli\u00e1s \u00e9s aszalt gy\u00fcm\u00f6lcs\u00f6s jegyekkel. Simas\u00e1ga \u00e9s m\u00e9ly arom\u00e1ja miatt kiv\u00e1l\u00f3 v\u00e1laszt\u00e1s a finom rumok kedvel\u0151i sz\u00e1m\u00e1ra.\" \/>\n<meta property=\"og:url\" content=\"https:\/\/www.rumicon.sk\/hu\/produkt\/rum-the-demons-share-diablo-07l-40-kopia\/\" \/>\n<meta property=\"og:site_name\" content=\"rumicon.sk\" \/>\n<meta property=\"article:publisher\" content=\"https:\/\/www.facebook.com\/people\/Rumicon-Bottle-Cigar-Shop\/100087110283303\/\" \/>\n<meta property=\"article:modified_time\" content=\"2025-08-14T09:44:46+00:00\" \/>\n<meta property=\"og:image\" content=\"https:\/\/www.rumicon.sk\/wp-content\/uploads\/demonsshare-15-hotovo.jpg\" \/>\n\t<meta property=\"og:image:width\" content=\"700\" \/>\n\t<meta property=\"og:image:height\" content=\"700\" \/>\n\t<meta property=\"og:image:type\" content=\"image\/jpeg\" \/>\n<meta name=\"twitter:card\" content=\"summary_large_image\" \/>\n<meta name=\"twitter:label1\" content=\"Becs\u00fclt olvas\u00e1si id\u0151\" \/>\n\t<meta name=\"twitter:data1\" content=\"1 perc\" \/>\n<script type=\"application\/ld+json\" class=\"yoast-schema-graph\">{\"@context\":\"https:\/\/schema.org\",\"@graph\":[{\"@type\":\"WebPage\",\"@id\":\"https:\/\/www.rumicon.sk\/hu\/produkt\/rum-the-demons-share-diablo-07l-40-kopia\/\",\"url\":\"https:\/\/www.rumicon.sk\/hu\/produkt\/rum-the-demons-share-diablo-07l-40-kopia\/\",\"name\":\"Rum The Demons Share 15y 0,7l 43% - rumicon.sk\",\"isPartOf\":{\"@id\":\"https:\/\/www.rumicon.sk\/hu\/#website\"},\"primaryImageOfPage\":{\"@id\":\"https:\/\/www.rumicon.sk\/hu\/produkt\/rum-the-demons-share-diablo-07l-40-kopia\/#primaryimage\"},\"image\":{\"@id\":\"https:\/\/www.rumicon.sk\/hu\/produkt\/rum-the-demons-share-diablo-07l-40-kopia\/#primaryimage\"},\"thumbnailUrl\":\"https:\/\/www.rumicon.sk\/wp-content\/uploads\/demonsshare-15-hotovo.jpg\",\"datePublished\":\"2025-02-08T17:15:53+00:00\",\"dateModified\":\"2025-08-14T09:44:46+00:00\",\"breadcrumb\":{\"@id\":\"https:\/\/www.rumicon.sk\/hu\/produkt\/rum-the-demons-share-diablo-07l-40-kopia\/#breadcrumb\"},\"inLanguage\":\"hu\",\"potentialAction\":[{\"@type\":\"ReadAction\",\"target\":[\"https:\/\/www.rumicon.sk\/hu\/produkt\/rum-the-demons-share-diablo-07l-40-kopia\/\"]}]},{\"@type\":\"ImageObject\",\"inLanguage\":\"hu\",\"@id\":\"https:\/\/www.rumicon.sk\/hu\/produkt\/rum-the-demons-share-diablo-07l-40-kopia\/#primaryimage\",\"url\":\"https:\/\/www.rumicon.sk\/wp-content\/uploads\/demonsshare-15-hotovo.jpg\",\"contentUrl\":\"https:\/\/www.rumicon.sk\/wp-content\/uploads\/demonsshare-15-hotovo.jpg\",\"width\":700,\"height\":700,\"caption\":\"The demons share 15y\"},{\"@type\":\"BreadcrumbList\",\"@id\":\"https:\/\/www.rumicon.sk\/hu\/produkt\/rum-the-demons-share-diablo-07l-40-kopia\/#breadcrumb\",\"itemListElement\":[{\"@type\":\"ListItem\",\"position\":1,\"name\":\"Home\",\"item\":\"https:\/\/www.rumicon.sk\/hu\/home\/\"},{\"@type\":\"ListItem\",\"position\":2,\"name\":\"Web\u00e1ruh\u00e1z\",\"item\":\"https:\/\/www.rumicon.sk\/hu\/webaruhaz\/\"},{\"@type\":\"ListItem\",\"position\":3,\"name\":\"Rum The Demons Share 15y 0,7l 43%\"}]},{\"@type\":\"WebSite\",\"@id\":\"https:\/\/www.rumicon.sk\/hu\/#website\",\"url\":\"https:\/\/www.rumicon.sk\/hu\/\",\"name\":\"rumicon.sk\",\"description\":\"\",\"publisher\":{\"@id\":\"https:\/\/www.rumicon.sk\/hu\/#organization\"},\"potentialAction\":[{\"@type\":\"SearchAction\",\"target\":{\"@type\":\"EntryPoint\",\"urlTemplate\":\"https:\/\/www.rumicon.sk\/hu\/?s={search_term_string}\"},\"query-input\":{\"@type\":\"PropertyValueSpecification\",\"valueRequired\":true,\"valueName\":\"search_term_string\"}}],\"inLanguage\":\"hu\"},{\"@type\":\"Organization\",\"@id\":\"https:\/\/www.rumicon.sk\/hu\/#organization\",\"name\":\"rumicon.sk\",\"url\":\"https:\/\/www.rumicon.sk\/hu\/\",\"logo\":{\"@type\":\"ImageObject\",\"inLanguage\":\"hu\",\"@id\":\"https:\/\/www.rumicon.sk\/hu\/#\/schema\/logo\/image\/\",\"url\":\"https:\/\/www.rumicon.sk\/wp-content\/uploads\/logo-rumicon-bcs-color.png\",\"contentUrl\":\"https:\/\/www.rumicon.sk\/wp-content\/uploads\/logo-rumicon-bcs-color.png\",\"width\":827,\"height\":278,\"caption\":\"rumicon.sk\"},\"image\":{\"@id\":\"https:\/\/www.rumicon.sk\/hu\/#\/schema\/logo\/image\/\"},\"sameAs\":[\"https:\/\/www.facebook.com\/people\/Rumicon-Bottle-Cigar-Shop\/100087110283303\/\",\"https:\/\/www.instagram.com\/rumicon_bottle_cigar_shop\/\",\"https:\/\/www.tiktok.com\/@rumicon2022\"]}]}<\/script>\n<!-- \/ Yoast SEO plugin. -->","yoast_head_json":{"title":"Rum The Demons Share 15y 0,7l 43% - rumicon.sk","robots":{"index":"index","follow":"follow","max-snippet":"max-snippet:-1","max-image-preview":"max-image-preview:large","max-video-preview":"max-video-preview:-1"},"canonical":"https:\/\/www.rumicon.sk\/hu\/produkt\/rum-the-demons-share-diablo-07l-40-kopia\/","og_locale":"hu_HU","og_type":"article","og_title":"Rum The Demons Share 15y 0,7l 43% - rumicon.sk","og_description":"A Demon's Share 15Y egy pr\u00e9mium panamai rum, amelyet 15 \u00e9vig \u00e9rleltek t\u00f6lgyfahord\u00f3ban. Gazdag \u00e9s kiegyens\u00falyozott \u00edzvil\u00e1got k\u00edn\u00e1l, karamell\u00e1s, van\u00edli\u00e1s \u00e9s aszalt gy\u00fcm\u00f6lcs\u00f6s jegyekkel. Simas\u00e1ga \u00e9s m\u00e9ly arom\u00e1ja miatt kiv\u00e1l\u00f3 v\u00e1laszt\u00e1s a finom rumok kedvel\u0151i sz\u00e1m\u00e1ra.","og_url":"https:\/\/www.rumicon.sk\/hu\/produkt\/rum-the-demons-share-diablo-07l-40-kopia\/","og_site_name":"rumicon.sk","article_publisher":"https:\/\/www.facebook.com\/people\/Rumicon-Bottle-Cigar-Shop\/100087110283303\/","article_modified_time":"2025-08-14T09:44:46+00:00","og_image":[{"width":700,"height":700,"url":"https:\/\/www.rumicon.sk\/wp-content\/uploads\/demonsshare-15-hotovo.jpg","type":"image\/jpeg"}],"twitter_card":"summary_large_image","twitter_misc":{"Becs\u00fclt olvas\u00e1si id\u0151":"1 perc"},"schema":{"@context":"https:\/\/schema.org","@graph":[{"@type":"WebPage","@id":"https:\/\/www.rumicon.sk\/hu\/produkt\/rum-the-demons-share-diablo-07l-40-kopia\/","url":"https:\/\/www.rumicon.sk\/hu\/produkt\/rum-the-demons-share-diablo-07l-40-kopia\/","name":"Rum The Demons Share 15y 0,7l 43% - rumicon.sk","isPartOf":{"@id":"https:\/\/www.rumicon.sk\/hu\/#website"},"primaryImageOfPage":{"@id":"https:\/\/www.rumicon.sk\/hu\/produkt\/rum-the-demons-share-diablo-07l-40-kopia\/#primaryimage"},"image":{"@id":"https:\/\/www.rumicon.sk\/hu\/produkt\/rum-the-demons-share-diablo-07l-40-kopia\/#primaryimage"},"thumbnailUrl":"https:\/\/www.rumicon.sk\/wp-content\/uploads\/demonsshare-15-hotovo.jpg","datePublished":"2025-02-08T17:15:53+00:00","dateModified":"2025-08-14T09:44:46+00:00","breadcrumb":{"@id":"https:\/\/www.rumicon.sk\/hu\/produkt\/rum-the-demons-share-diablo-07l-40-kopia\/#breadcrumb"},"inLanguage":"hu","potentialAction":[{"@type":"ReadAction","target":["https:\/\/www.rumicon.sk\/hu\/produkt\/rum-the-demons-share-diablo-07l-40-kopia\/"]}]},{"@type":"ImageObject","inLanguage":"hu","@id":"https:\/\/www.rumicon.sk\/hu\/produkt\/rum-the-demons-share-diablo-07l-40-kopia\/#primaryimage","url":"https:\/\/www.rumicon.sk\/wp-content\/uploads\/demonsshare-15-hotovo.jpg","contentUrl":"https:\/\/www.rumicon.sk\/wp-content\/uploads\/demonsshare-15-hotovo.jpg","width":700,"height":700,"caption":"The demons share 15y"},{"@type":"BreadcrumbList","@id":"https:\/\/www.rumicon.sk\/hu\/produkt\/rum-the-demons-share-diablo-07l-40-kopia\/#breadcrumb","itemListElement":[{"@type":"ListItem","position":1,"name":"Home","item":"https:\/\/www.rumicon.sk\/hu\/home\/"},{"@type":"ListItem","position":2,"name":"Web\u00e1ruh\u00e1z","item":"https:\/\/www.rumicon.sk\/hu\/webaruhaz\/"},{"@type":"ListItem","position":3,"name":"Rum The Demons Share 15y 0,7l 43%"}]},{"@type":"WebSite","@id":"https:\/\/www.rumicon.sk\/hu\/#website","url":"https:\/\/www.rumicon.sk\/hu\/","name":"rumicon.sk","description":"","publisher":{"@id":"https:\/\/www.rumicon.sk\/hu\/#organization"},"potentialAction":[{"@type":"SearchAction","target":{"@type":"EntryPoint","urlTemplate":"https:\/\/www.rumicon.sk\/hu\/?s={search_term_string}"},"query-input":{"@type":"PropertyValueSpecification","valueRequired":true,"valueName":"search_term_string"}}],"inLanguage":"hu"},{"@type":"Organization","@id":"https:\/\/www.rumicon.sk\/hu\/#organization","name":"rumicon.sk","url":"https:\/\/www.rumicon.sk\/hu\/","logo":{"@type":"ImageObject","inLanguage":"hu","@id":"https:\/\/www.rumicon.sk\/hu\/#\/schema\/logo\/image\/","url":"https:\/\/www.rumicon.sk\/wp-content\/uploads\/logo-rumicon-bcs-color.png","contentUrl":"https:\/\/www.rumicon.sk\/wp-content\/uploads\/logo-rumicon-bcs-color.png","width":827,"height":278,"caption":"rumicon.sk"},"image":{"@id":"https:\/\/www.rumicon.sk\/hu\/#\/schema\/logo\/image\/"},"sameAs":["https:\/\/www.facebook.com\/people\/Rumicon-Bottle-Cigar-Shop\/100087110283303\/","https:\/\/www.instagram.com\/rumicon_bottle_cigar_shop\/","https:\/\/www.tiktok.com\/@rumicon2022"]}]}},"_links":{"self":[{"href":"https:\/\/www.rumicon.sk\/hu\/wp-json\/wp\/v2\/product\/7961","targetHints":{"allow":["GET"]}}],"collection":[{"href":"https:\/\/www.rumicon.sk\/hu\/wp-json\/wp\/v2\/product"}],"about":[{"href":"https:\/\/www.rumicon.sk\/hu\/wp-json\/wp\/v2\/types\/product"}],"replies":[{"embeddable":true,"href":"https:\/\/www.rumicon.sk\/hu\/wp-json\/wp\/v2\/comments?post=7961"}],"wp:featuredmedia":[{"embeddable":true,"href":"https:\/\/www.rumicon.sk\/hu\/wp-json\/wp\/v2\/media\/7963"}],"wp:attachment":[{"href":"https:\/\/www.rumicon.sk\/hu\/wp-json\/wp\/v2\/media?parent=7961"}],"wp:term":[{"taxonomy":"product_brand","embeddable":true,"href":"https:\/\/www.rumicon.sk\/hu\/wp-json\/wp\/v2\/product_brand?post=7961"},{"taxonomy":"product_cat","embeddable":true,"href":"https:\/\/www.rumicon.sk\/hu\/wp-json\/wp\/v2\/product_cat?post=7961"},{"taxonomy":"product_tag","embeddable":true,"href":"https:\/\/www.rumicon.sk\/hu\/wp-json\/wp\/v2\/product_tag?post=7961"}],"curies":[{"name":"wp","href":"https:\/\/api.w.org\/{rel}","templated":true}]}}