{"id":7953,"date":"2025-02-08T17:59:44","date_gmt":"2025-02-08T16:59:44","guid":{"rendered":"https:\/\/www.rumicon.sk\/?post_type=product&#038;p=7953"},"modified":"2025-08-14T11:44:28","modified_gmt":"2025-08-14T09:44:28","slug":"rum-dos-maderas-px-55-07l-40-pohar-kopia","status":"publish","type":"product","link":"https:\/\/www.rumicon.sk\/hu\/produkt\/rum-dos-maderas-px-55-07l-40-pohar-kopia\/","title":{"rendered":"Rum Dos Maderas Atlantic 0,7l 37,5%"},"content":{"rendered":"<p><strong>A Dos Maderas Atlantic<\/strong> <strong>Barbadosr\u00f3l<\/strong> sz\u00e1rmazik, ahol <strong>t\u00f6lgyfahord\u00f3ban<\/strong> \u00e9rlelik, majd Spanyolorsz\u00e1gba sz\u00e1ll\u00edtj\u00e1k, ahol elnyeri egyedi \u00edz\u00e9t. Ezt a rumot t\u00f6bb mint <strong>5<\/strong> \u00e9vig \u00e9rlelik, majd Spanyolorsz\u00e1gban<strong> sherry hord\u00f3kban<\/strong> tov\u00e1bbi \u00e9rlel\u00e9snek vetik al\u00e1, ami m\u00e9lys\u00e9get \u00e9s \u00f6sszetetts\u00e9get k\u00f6lcs\u00f6n\u00f6z neki. <\/p>\n<p><strong>\u00cdz:<\/strong> gazdag \u00e9s kiegyens\u00falyozott, di\u00f3s, van\u00edli\u00e1s, karamell\u00e1s \u00e9s gy\u00fcm\u00f6lcs\u00f6s jegyekkel.<\/p>\n<p><strong>Illat:<\/strong> finom, t\u00f6lgy \u00e9s gy\u00fcm\u00f6lcs jegyekkel, amelyek finom sherry jegyekkel p\u00e1rosulnak.<\/p>\n<p>Ennek a rumnak az \u00e9rdekess\u00e9ge a <strong>kett\u0151s \u00e9rlel\u00e9si folyamat<\/strong> &#8211; el\u0151sz\u00f6r a Karib-tengeren, majd Eur\u00f3p\u00e1ban -, amely egyed\u00fcl\u00e1ll\u00f3 harm\u00f3ni\u00e1t biztos\u00edt a karibi \u00e9s az eur\u00f3pai \u00edzek k\u00f6z\u00f6tt.<\/p>\n","protected":false},"excerpt":{"rendered":"<p>A <strong>Dos Maderas Atlantic<\/strong> egy olyan rum, amely a karibi hagyom\u00e1nyokat az eur\u00f3pai b\u00e1jjal \u00f6tv\u00f6zi. Barbadoson \u00e9rlelik, majd Spanyolorsz\u00e1gba sz\u00e1ll\u00edtj\u00e1k, ahol sherry hord\u00f3kban \u00e9rlelik tov\u00e1bb, ami egyed\u00fcl\u00e1ll\u00f3 karaktert k\u00f6lcs\u00f6n\u00f6z neki. A karamell, a gy\u00fcm\u00f6lcs \u00e9s a t\u00f6lgy jegyei a sherry finom lehelet\u00e9vel felejthetetlen, \u00f6sszetett \u00e9lm\u00e9nyt ny\u00fajtanak.  <\/p>\n","protected":false},"featured_media":7955,"comment_status":"closed","ping_status":"closed","template":"","meta":{"_acf_changed":false},"product_brand":[],"product_cat":[483,485],"product_tag":[843,1135],"class_list":{"0":"post-7953","1":"product","2":"type-product","3":"status-publish","4":"has-post-thumbnail","6":"product_cat-rum-hu","7":"product_cat-sotet-rum","8":"product_tag-dos-maderas-hu-2","9":"product_tag-sotet-rum","10":"pa_druh-alkoholu-rum-hu","11":"pa_krajina-povodu-barbados-hu","12":"pa_objem-07-l-hu","13":"pa_obsah-alkoholu-375-hu","14":"pa_znacka-dos-maderas-hu","16":"first","17":"outofstock","18":"taxable","19":"shipping-taxable","20":"purchasable","21":"product-type-simple"},"acf":[],"yoast_head":"<!-- This site is optimized with the Yoast SEO plugin v27.0 - https:\/\/yoast.com\/product\/yoast-seo-wordpress\/ -->\n<title>Rum Dos Maderas Atlantic 0,7l 37,5% - rumicon.sk<\/title>\n<meta name=\"robots\" content=\"index, follow, max-snippet:-1, max-image-preview:large, max-video-preview:-1\" \/>\n<link rel=\"canonical\" href=\"https:\/\/www.rumicon.sk\/hu\/produkt\/rum-dos-maderas-px-55-07l-40-pohar-kopia\/\" \/>\n<meta property=\"og:locale\" content=\"hu_HU\" \/>\n<meta property=\"og:type\" content=\"article\" \/>\n<meta property=\"og:title\" content=\"Rum Dos Maderas Atlantic 0,7l 37,5% - rumicon.sk\" \/>\n<meta property=\"og:description\" content=\"A Dos Maderas Atlantic egy olyan rum, amely a karibi hagyom\u00e1nyokat az eur\u00f3pai b\u00e1jjal \u00f6tv\u00f6zi. Barbadoson \u00e9rlelik, majd Spanyolorsz\u00e1gba sz\u00e1ll\u00edtj\u00e1k, ahol sherry hord\u00f3kban \u00e9rlelik tov\u00e1bb, ami egyed\u00fcl\u00e1ll\u00f3 karaktert k\u00f6lcs\u00f6n\u00f6z neki. A karamell, a gy\u00fcm\u00f6lcs \u00e9s a t\u00f6lgy jegyei a sherry finom lehelet\u00e9vel felejthetetlen, \u00f6sszetett \u00e9lm\u00e9nyt ny\u00fajtanak.\" \/>\n<meta property=\"og:url\" content=\"https:\/\/www.rumicon.sk\/hu\/produkt\/rum-dos-maderas-px-55-07l-40-pohar-kopia\/\" \/>\n<meta property=\"og:site_name\" content=\"rumicon.sk\" \/>\n<meta property=\"article:publisher\" content=\"https:\/\/www.facebook.com\/people\/Rumicon-Bottle-Cigar-Shop\/100087110283303\/\" \/>\n<meta property=\"article:modified_time\" content=\"2025-08-14T09:44:28+00:00\" \/>\n<meta property=\"og:image\" content=\"https:\/\/www.rumicon.sk\/wp-content\/uploads\/dos-maderas-hotovo.jpg\" \/>\n\t<meta property=\"og:image:width\" content=\"638\" \/>\n\t<meta property=\"og:image:height\" content=\"638\" \/>\n\t<meta property=\"og:image:type\" content=\"image\/jpeg\" \/>\n<meta name=\"twitter:card\" content=\"summary_large_image\" \/>\n<meta name=\"twitter:label1\" content=\"Becs\u00fclt olvas\u00e1si id\u0151\" \/>\n\t<meta name=\"twitter:data1\" content=\"1 perc\" \/>\n<script type=\"application\/ld+json\" class=\"yoast-schema-graph\">{\"@context\":\"https:\/\/schema.org\",\"@graph\":[{\"@type\":\"WebPage\",\"@id\":\"https:\/\/www.rumicon.sk\/hu\/produkt\/rum-dos-maderas-px-55-07l-40-pohar-kopia\/\",\"url\":\"https:\/\/www.rumicon.sk\/hu\/produkt\/rum-dos-maderas-px-55-07l-40-pohar-kopia\/\",\"name\":\"Rum Dos Maderas Atlantic 0,7l 37,5% - rumicon.sk\",\"isPartOf\":{\"@id\":\"https:\/\/www.rumicon.sk\/hu\/#website\"},\"primaryImageOfPage\":{\"@id\":\"https:\/\/www.rumicon.sk\/hu\/produkt\/rum-dos-maderas-px-55-07l-40-pohar-kopia\/#primaryimage\"},\"image\":{\"@id\":\"https:\/\/www.rumicon.sk\/hu\/produkt\/rum-dos-maderas-px-55-07l-40-pohar-kopia\/#primaryimage\"},\"thumbnailUrl\":\"https:\/\/www.rumicon.sk\/wp-content\/uploads\/dos-maderas-hotovo.jpg\",\"datePublished\":\"2025-02-08T16:59:44+00:00\",\"dateModified\":\"2025-08-14T09:44:28+00:00\",\"breadcrumb\":{\"@id\":\"https:\/\/www.rumicon.sk\/hu\/produkt\/rum-dos-maderas-px-55-07l-40-pohar-kopia\/#breadcrumb\"},\"inLanguage\":\"hu\",\"potentialAction\":[{\"@type\":\"ReadAction\",\"target\":[\"https:\/\/www.rumicon.sk\/hu\/produkt\/rum-dos-maderas-px-55-07l-40-pohar-kopia\/\"]}]},{\"@type\":\"ImageObject\",\"inLanguage\":\"hu\",\"@id\":\"https:\/\/www.rumicon.sk\/hu\/produkt\/rum-dos-maderas-px-55-07l-40-pohar-kopia\/#primaryimage\",\"url\":\"https:\/\/www.rumicon.sk\/wp-content\/uploads\/dos-maderas-hotovo.jpg\",\"contentUrl\":\"https:\/\/www.rumicon.sk\/wp-content\/uploads\/dos-maderas-hotovo.jpg\",\"width\":638,\"height\":638,\"caption\":\"dos maderas atlantic\"},{\"@type\":\"BreadcrumbList\",\"@id\":\"https:\/\/www.rumicon.sk\/hu\/produkt\/rum-dos-maderas-px-55-07l-40-pohar-kopia\/#breadcrumb\",\"itemListElement\":[{\"@type\":\"ListItem\",\"position\":1,\"name\":\"Home\",\"item\":\"https:\/\/www.rumicon.sk\/hu\/home\/\"},{\"@type\":\"ListItem\",\"position\":2,\"name\":\"Web\u00e1ruh\u00e1z\",\"item\":\"https:\/\/www.rumicon.sk\/hu\/webaruhaz\/\"},{\"@type\":\"ListItem\",\"position\":3,\"name\":\"Rum Dos Maderas Atlantic 0,7l 37,5%\"}]},{\"@type\":\"WebSite\",\"@id\":\"https:\/\/www.rumicon.sk\/hu\/#website\",\"url\":\"https:\/\/www.rumicon.sk\/hu\/\",\"name\":\"rumicon.sk\",\"description\":\"\",\"publisher\":{\"@id\":\"https:\/\/www.rumicon.sk\/hu\/#organization\"},\"potentialAction\":[{\"@type\":\"SearchAction\",\"target\":{\"@type\":\"EntryPoint\",\"urlTemplate\":\"https:\/\/www.rumicon.sk\/hu\/?s={search_term_string}\"},\"query-input\":{\"@type\":\"PropertyValueSpecification\",\"valueRequired\":true,\"valueName\":\"search_term_string\"}}],\"inLanguage\":\"hu\"},{\"@type\":\"Organization\",\"@id\":\"https:\/\/www.rumicon.sk\/hu\/#organization\",\"name\":\"rumicon.sk\",\"url\":\"https:\/\/www.rumicon.sk\/hu\/\",\"logo\":{\"@type\":\"ImageObject\",\"inLanguage\":\"hu\",\"@id\":\"https:\/\/www.rumicon.sk\/hu\/#\/schema\/logo\/image\/\",\"url\":\"https:\/\/www.rumicon.sk\/wp-content\/uploads\/logo-rumicon-bcs-color.png\",\"contentUrl\":\"https:\/\/www.rumicon.sk\/wp-content\/uploads\/logo-rumicon-bcs-color.png\",\"width\":827,\"height\":278,\"caption\":\"rumicon.sk\"},\"image\":{\"@id\":\"https:\/\/www.rumicon.sk\/hu\/#\/schema\/logo\/image\/\"},\"sameAs\":[\"https:\/\/www.facebook.com\/people\/Rumicon-Bottle-Cigar-Shop\/100087110283303\/\",\"https:\/\/www.instagram.com\/rumicon_bottle_cigar_shop\/\",\"https:\/\/www.tiktok.com\/@rumicon2022\"]}]}<\/script>\n<!-- \/ Yoast SEO plugin. -->","yoast_head_json":{"title":"Rum Dos Maderas Atlantic 0,7l 37,5% - rumicon.sk","robots":{"index":"index","follow":"follow","max-snippet":"max-snippet:-1","max-image-preview":"max-image-preview:large","max-video-preview":"max-video-preview:-1"},"canonical":"https:\/\/www.rumicon.sk\/hu\/produkt\/rum-dos-maderas-px-55-07l-40-pohar-kopia\/","og_locale":"hu_HU","og_type":"article","og_title":"Rum Dos Maderas Atlantic 0,7l 37,5% - rumicon.sk","og_description":"A Dos Maderas Atlantic egy olyan rum, amely a karibi hagyom\u00e1nyokat az eur\u00f3pai b\u00e1jjal \u00f6tv\u00f6zi. Barbadoson \u00e9rlelik, majd Spanyolorsz\u00e1gba sz\u00e1ll\u00edtj\u00e1k, ahol sherry hord\u00f3kban \u00e9rlelik tov\u00e1bb, ami egyed\u00fcl\u00e1ll\u00f3 karaktert k\u00f6lcs\u00f6n\u00f6z neki. A karamell, a gy\u00fcm\u00f6lcs \u00e9s a t\u00f6lgy jegyei a sherry finom lehelet\u00e9vel felejthetetlen, \u00f6sszetett \u00e9lm\u00e9nyt ny\u00fajtanak.","og_url":"https:\/\/www.rumicon.sk\/hu\/produkt\/rum-dos-maderas-px-55-07l-40-pohar-kopia\/","og_site_name":"rumicon.sk","article_publisher":"https:\/\/www.facebook.com\/people\/Rumicon-Bottle-Cigar-Shop\/100087110283303\/","article_modified_time":"2025-08-14T09:44:28+00:00","og_image":[{"width":638,"height":638,"url":"https:\/\/www.rumicon.sk\/wp-content\/uploads\/dos-maderas-hotovo.jpg","type":"image\/jpeg"}],"twitter_card":"summary_large_image","twitter_misc":{"Becs\u00fclt olvas\u00e1si id\u0151":"1 perc"},"schema":{"@context":"https:\/\/schema.org","@graph":[{"@type":"WebPage","@id":"https:\/\/www.rumicon.sk\/hu\/produkt\/rum-dos-maderas-px-55-07l-40-pohar-kopia\/","url":"https:\/\/www.rumicon.sk\/hu\/produkt\/rum-dos-maderas-px-55-07l-40-pohar-kopia\/","name":"Rum Dos Maderas Atlantic 0,7l 37,5% - rumicon.sk","isPartOf":{"@id":"https:\/\/www.rumicon.sk\/hu\/#website"},"primaryImageOfPage":{"@id":"https:\/\/www.rumicon.sk\/hu\/produkt\/rum-dos-maderas-px-55-07l-40-pohar-kopia\/#primaryimage"},"image":{"@id":"https:\/\/www.rumicon.sk\/hu\/produkt\/rum-dos-maderas-px-55-07l-40-pohar-kopia\/#primaryimage"},"thumbnailUrl":"https:\/\/www.rumicon.sk\/wp-content\/uploads\/dos-maderas-hotovo.jpg","datePublished":"2025-02-08T16:59:44+00:00","dateModified":"2025-08-14T09:44:28+00:00","breadcrumb":{"@id":"https:\/\/www.rumicon.sk\/hu\/produkt\/rum-dos-maderas-px-55-07l-40-pohar-kopia\/#breadcrumb"},"inLanguage":"hu","potentialAction":[{"@type":"ReadAction","target":["https:\/\/www.rumicon.sk\/hu\/produkt\/rum-dos-maderas-px-55-07l-40-pohar-kopia\/"]}]},{"@type":"ImageObject","inLanguage":"hu","@id":"https:\/\/www.rumicon.sk\/hu\/produkt\/rum-dos-maderas-px-55-07l-40-pohar-kopia\/#primaryimage","url":"https:\/\/www.rumicon.sk\/wp-content\/uploads\/dos-maderas-hotovo.jpg","contentUrl":"https:\/\/www.rumicon.sk\/wp-content\/uploads\/dos-maderas-hotovo.jpg","width":638,"height":638,"caption":"dos maderas atlantic"},{"@type":"BreadcrumbList","@id":"https:\/\/www.rumicon.sk\/hu\/produkt\/rum-dos-maderas-px-55-07l-40-pohar-kopia\/#breadcrumb","itemListElement":[{"@type":"ListItem","position":1,"name":"Home","item":"https:\/\/www.rumicon.sk\/hu\/home\/"},{"@type":"ListItem","position":2,"name":"Web\u00e1ruh\u00e1z","item":"https:\/\/www.rumicon.sk\/hu\/webaruhaz\/"},{"@type":"ListItem","position":3,"name":"Rum Dos Maderas Atlantic 0,7l 37,5%"}]},{"@type":"WebSite","@id":"https:\/\/www.rumicon.sk\/hu\/#website","url":"https:\/\/www.rumicon.sk\/hu\/","name":"rumicon.sk","description":"","publisher":{"@id":"https:\/\/www.rumicon.sk\/hu\/#organization"},"potentialAction":[{"@type":"SearchAction","target":{"@type":"EntryPoint","urlTemplate":"https:\/\/www.rumicon.sk\/hu\/?s={search_term_string}"},"query-input":{"@type":"PropertyValueSpecification","valueRequired":true,"valueName":"search_term_string"}}],"inLanguage":"hu"},{"@type":"Organization","@id":"https:\/\/www.rumicon.sk\/hu\/#organization","name":"rumicon.sk","url":"https:\/\/www.rumicon.sk\/hu\/","logo":{"@type":"ImageObject","inLanguage":"hu","@id":"https:\/\/www.rumicon.sk\/hu\/#\/schema\/logo\/image\/","url":"https:\/\/www.rumicon.sk\/wp-content\/uploads\/logo-rumicon-bcs-color.png","contentUrl":"https:\/\/www.rumicon.sk\/wp-content\/uploads\/logo-rumicon-bcs-color.png","width":827,"height":278,"caption":"rumicon.sk"},"image":{"@id":"https:\/\/www.rumicon.sk\/hu\/#\/schema\/logo\/image\/"},"sameAs":["https:\/\/www.facebook.com\/people\/Rumicon-Bottle-Cigar-Shop\/100087110283303\/","https:\/\/www.instagram.com\/rumicon_bottle_cigar_shop\/","https:\/\/www.tiktok.com\/@rumicon2022"]}]}},"_links":{"self":[{"href":"https:\/\/www.rumicon.sk\/hu\/wp-json\/wp\/v2\/product\/7953","targetHints":{"allow":["GET"]}}],"collection":[{"href":"https:\/\/www.rumicon.sk\/hu\/wp-json\/wp\/v2\/product"}],"about":[{"href":"https:\/\/www.rumicon.sk\/hu\/wp-json\/wp\/v2\/types\/product"}],"replies":[{"embeddable":true,"href":"https:\/\/www.rumicon.sk\/hu\/wp-json\/wp\/v2\/comments?post=7953"}],"wp:featuredmedia":[{"embeddable":true,"href":"https:\/\/www.rumicon.sk\/hu\/wp-json\/wp\/v2\/media\/7955"}],"wp:attachment":[{"href":"https:\/\/www.rumicon.sk\/hu\/wp-json\/wp\/v2\/media?parent=7953"}],"wp:term":[{"taxonomy":"product_brand","embeddable":true,"href":"https:\/\/www.rumicon.sk\/hu\/wp-json\/wp\/v2\/product_brand?post=7953"},{"taxonomy":"product_cat","embeddable":true,"href":"https:\/\/www.rumicon.sk\/hu\/wp-json\/wp\/v2\/product_cat?post=7953"},{"taxonomy":"product_tag","embeddable":true,"href":"https:\/\/www.rumicon.sk\/hu\/wp-json\/wp\/v2\/product_tag?post=7953"}],"curies":[{"name":"wp","href":"https:\/\/api.w.org\/{rel}","templated":true}]}}