{"id":7745,"date":"2025-01-23T14:08:15","date_gmt":"2025-01-23T13:08:15","guid":{"rendered":"https:\/\/www.rumicon.sk\/?post_type=product&#038;p=7745"},"modified":"2025-08-14T11:44:13","modified_gmt":"2025-08-14T09:44:13","slug":"rum-don-papa-gayuma-40-07l-kopia-kopia","status":"publish","type":"product","link":"https:\/\/www.rumicon.sk\/hu\/produkt\/rum-don-papa-gayuma-40-07l-kopia-kopia\/","title":{"rendered":"Rum Ron Espero kaka\u00f3 \u00e9s rum 0,7l 40%"},"content":{"rendered":"<p>A <strong>Ron Espero<\/strong> <strong>kaka\u00f3<\/strong> rum a <strong>Dominikai K\u00f6zt\u00e1rsas\u00e1gb\u00f3l<\/strong> sz\u00e1rmazik, amely a min\u0151s\u00e9gi rumgy\u00e1rt\u00e1s nagy hagyom\u00e1nyair\u00f3l ismert. Ezt a rumot t\u00f6bb \u00e9vig <strong>t\u00f6lgyfahord\u00f3ban<\/strong> \u00e9rlelik, ami sima \u00e9s \u00f6sszetett karaktert k\u00f6lcs\u00f6n\u00f6z neki. A gy\u00e1rt\u00e1si folyamat sor\u00e1n a<strong> rumot<\/strong> gondos lep\u00e1rl\u00e1ssal, majd<strong> min\u0151s\u00e9gi kaka\u00f3val keverik<\/strong>, hogy az \u00edzek egyed\u00fcl\u00e1ll\u00f3 kombin\u00e1ci\u00f3ja j\u00f6jj\u00f6n l\u00e9tre.  <\/p>\n<p><strong>\u00cdz:<\/strong> sima, \u00e9des \u00e9s kellemes, kaka\u00f3s, csokol\u00e1d\u00e9s \u00e9s k\u00e1v\u00e9s jegyekkel.<\/p>\n<p><strong>Illat:<\/strong> finom \u00e9s h\u00edvogat\u00f3, csokol\u00e1d\u00e9s jegyekkel, amelyek t\u00f6k\u00e9letesen kieg\u00e9sz\u00edtik a rum gazdag karakter\u00e9t.<\/p>\n<p>A Ron Espero Cocoa Rum az\u00e9rt is \u00e9rdekes, mert nemcsak \u00f6nmag\u00e1ban kortyolgathat\u00f3, hanem egzotikus \u00e9s f\u00e9ny\u0171z\u0151 hangulatot \u00e1raszt\u00f3 kokt\u00e9lok alapanyagak\u00e9nt is haszn\u00e1lhat\u00f3. Ez a rum ide\u00e1lis azok sz\u00e1m\u00e1ra, akik minden kortyban \u00faj, egyedi \u00e9lm\u00e9nyt keresnek. <\/p>\n","protected":false},"excerpt":{"rendered":"<p>A <strong>Ron Espero Cocoa Rum<\/strong> egy pr\u00e9mium min\u0151s\u00e9g\u0171 kaka\u00f3val d\u00fas\u00edtott, t\u00f6lgyfahord\u00f3ban \u00e9rlelt dominikai pr\u00e9mium rum. \u00cdze l\u00e1gy, \u00e9des, kaka\u00f3s \u00e9s csokol\u00e1d\u00e9s jegyekkel, ide\u00e1lis \u00f6nmag\u00e1ban vagy kokt\u00e9lokban val\u00f3 fogyaszt\u00e1sra, egzotikus \u00e9s f\u00e9ny\u0171z\u0151 \u00e9lm\u00e9nyt ny\u00fajtva. <\/p>\n","protected":false},"featured_media":7946,"comment_status":"closed","ping_status":"closed","template":"","meta":{"_acf_changed":false},"product_brand":[],"product_cat":[483,489,485],"product_tag":[1157,1135],"class_list":{"0":"post-7745","1":"product","2":"type-product","3":"status-publish","4":"has-post-thumbnail","6":"product_cat-rum-hu","7":"product_cat-izesitett-rum","8":"product_cat-sotet-rum","9":"product_tag-izesitett-rum","10":"product_tag-sotet-rum","11":"pa_druh-alkoholu-rum-hu","12":"pa_krajina-povodu-dominikai-koztarsasag","13":"pa_objem-07-l-hu","14":"pa_obsah-alkoholu-40-hu","16":"first","17":"instock","18":"taxable","19":"shipping-taxable","20":"purchasable","21":"product-type-simple"},"acf":[],"yoast_head":"<!-- This site is optimized with the Yoast SEO plugin v27.0 - https:\/\/yoast.com\/product\/yoast-seo-wordpress\/ -->\n<title>Rum Ron Espero kaka\u00f3 \u00e9s rum 0,7l 40% - rumicon.sk<\/title>\n<meta name=\"robots\" content=\"index, follow, max-snippet:-1, max-image-preview:large, max-video-preview:-1\" \/>\n<link rel=\"canonical\" href=\"https:\/\/www.rumicon.sk\/hu\/produkt\/rum-don-papa-gayuma-40-07l-kopia-kopia\/\" \/>\n<meta property=\"og:locale\" content=\"hu_HU\" \/>\n<meta property=\"og:type\" content=\"article\" \/>\n<meta property=\"og:title\" content=\"Rum Ron Espero kaka\u00f3 \u00e9s rum 0,7l 40% - rumicon.sk\" \/>\n<meta property=\"og:description\" content=\"A Ron Espero Cocoa Rum egy pr\u00e9mium min\u0151s\u00e9g\u0171 kaka\u00f3val d\u00fas\u00edtott, t\u00f6lgyfahord\u00f3ban \u00e9rlelt dominikai pr\u00e9mium rum. \u00cdze l\u00e1gy, \u00e9des, kaka\u00f3s \u00e9s csokol\u00e1d\u00e9s jegyekkel, ide\u00e1lis \u00f6nmag\u00e1ban vagy kokt\u00e9lokban val\u00f3 fogyaszt\u00e1sra, egzotikus \u00e9s f\u00e9ny\u0171z\u0151 \u00e9lm\u00e9nyt ny\u00fajtva.\" \/>\n<meta property=\"og:url\" content=\"https:\/\/www.rumicon.sk\/hu\/produkt\/rum-don-papa-gayuma-40-07l-kopia-kopia\/\" \/>\n<meta property=\"og:site_name\" content=\"rumicon.sk\" \/>\n<meta property=\"article:publisher\" content=\"https:\/\/www.facebook.com\/people\/Rumicon-Bottle-Cigar-Shop\/100087110283303\/\" \/>\n<meta property=\"article:modified_time\" content=\"2025-08-14T09:44:13+00:00\" \/>\n<meta property=\"og:image\" content=\"https:\/\/www.rumicon.sk\/wp-content\/uploads\/ps-edit-1.jpg\" \/>\n\t<meta property=\"og:image:width\" content=\"800\" \/>\n\t<meta property=\"og:image:height\" content=\"800\" \/>\n\t<meta property=\"og:image:type\" content=\"image\/jpeg\" \/>\n<meta name=\"twitter:card\" content=\"summary_large_image\" \/>\n<meta name=\"twitter:label1\" content=\"Becs\u00fclt olvas\u00e1si id\u0151\" \/>\n\t<meta name=\"twitter:data1\" content=\"1 perc\" \/>\n<script type=\"application\/ld+json\" class=\"yoast-schema-graph\">{\"@context\":\"https:\/\/schema.org\",\"@graph\":[{\"@type\":\"WebPage\",\"@id\":\"https:\/\/www.rumicon.sk\/hu\/produkt\/rum-don-papa-gayuma-40-07l-kopia-kopia\/\",\"url\":\"https:\/\/www.rumicon.sk\/hu\/produkt\/rum-don-papa-gayuma-40-07l-kopia-kopia\/\",\"name\":\"Rum Ron Espero kaka\u00f3 \u00e9s rum 0,7l 40% - rumicon.sk\",\"isPartOf\":{\"@id\":\"https:\/\/www.rumicon.sk\/hu\/#website\"},\"primaryImageOfPage\":{\"@id\":\"https:\/\/www.rumicon.sk\/hu\/produkt\/rum-don-papa-gayuma-40-07l-kopia-kopia\/#primaryimage\"},\"image\":{\"@id\":\"https:\/\/www.rumicon.sk\/hu\/produkt\/rum-don-papa-gayuma-40-07l-kopia-kopia\/#primaryimage\"},\"thumbnailUrl\":\"https:\/\/www.rumicon.sk\/wp-content\/uploads\/ps-edit-1.jpg\",\"datePublished\":\"2025-01-23T13:08:15+00:00\",\"dateModified\":\"2025-08-14T09:44:13+00:00\",\"breadcrumb\":{\"@id\":\"https:\/\/www.rumicon.sk\/hu\/produkt\/rum-don-papa-gayuma-40-07l-kopia-kopia\/#breadcrumb\"},\"inLanguage\":\"hu\",\"potentialAction\":[{\"@type\":\"ReadAction\",\"target\":[\"https:\/\/www.rumicon.sk\/hu\/produkt\/rum-don-papa-gayuma-40-07l-kopia-kopia\/\"]}]},{\"@type\":\"ImageObject\",\"inLanguage\":\"hu\",\"@id\":\"https:\/\/www.rumicon.sk\/hu\/produkt\/rum-don-papa-gayuma-40-07l-kopia-kopia\/#primaryimage\",\"url\":\"https:\/\/www.rumicon.sk\/wp-content\/uploads\/ps-edit-1.jpg\",\"contentUrl\":\"https:\/\/www.rumicon.sk\/wp-content\/uploads\/ps-edit-1.jpg\",\"width\":800,\"height\":800,\"caption\":\"ron espero cocoa\"},{\"@type\":\"BreadcrumbList\",\"@id\":\"https:\/\/www.rumicon.sk\/hu\/produkt\/rum-don-papa-gayuma-40-07l-kopia-kopia\/#breadcrumb\",\"itemListElement\":[{\"@type\":\"ListItem\",\"position\":1,\"name\":\"Home\",\"item\":\"https:\/\/www.rumicon.sk\/hu\/home\/\"},{\"@type\":\"ListItem\",\"position\":2,\"name\":\"Web\u00e1ruh\u00e1z\",\"item\":\"https:\/\/www.rumicon.sk\/hu\/webaruhaz\/\"},{\"@type\":\"ListItem\",\"position\":3,\"name\":\"Rum Ron Espero kaka\u00f3 \u00e9s rum 0,7l 40%\"}]},{\"@type\":\"WebSite\",\"@id\":\"https:\/\/www.rumicon.sk\/hu\/#website\",\"url\":\"https:\/\/www.rumicon.sk\/hu\/\",\"name\":\"rumicon.sk\",\"description\":\"\",\"publisher\":{\"@id\":\"https:\/\/www.rumicon.sk\/hu\/#organization\"},\"potentialAction\":[{\"@type\":\"SearchAction\",\"target\":{\"@type\":\"EntryPoint\",\"urlTemplate\":\"https:\/\/www.rumicon.sk\/hu\/?s={search_term_string}\"},\"query-input\":{\"@type\":\"PropertyValueSpecification\",\"valueRequired\":true,\"valueName\":\"search_term_string\"}}],\"inLanguage\":\"hu\"},{\"@type\":\"Organization\",\"@id\":\"https:\/\/www.rumicon.sk\/hu\/#organization\",\"name\":\"rumicon.sk\",\"url\":\"https:\/\/www.rumicon.sk\/hu\/\",\"logo\":{\"@type\":\"ImageObject\",\"inLanguage\":\"hu\",\"@id\":\"https:\/\/www.rumicon.sk\/hu\/#\/schema\/logo\/image\/\",\"url\":\"https:\/\/www.rumicon.sk\/wp-content\/uploads\/logo-rumicon-bcs-color.png\",\"contentUrl\":\"https:\/\/www.rumicon.sk\/wp-content\/uploads\/logo-rumicon-bcs-color.png\",\"width\":827,\"height\":278,\"caption\":\"rumicon.sk\"},\"image\":{\"@id\":\"https:\/\/www.rumicon.sk\/hu\/#\/schema\/logo\/image\/\"},\"sameAs\":[\"https:\/\/www.facebook.com\/people\/Rumicon-Bottle-Cigar-Shop\/100087110283303\/\",\"https:\/\/www.instagram.com\/rumicon_bottle_cigar_shop\/\",\"https:\/\/www.tiktok.com\/@rumicon2022\"]}]}<\/script>\n<!-- \/ Yoast SEO plugin. -->","yoast_head_json":{"title":"Rum Ron Espero kaka\u00f3 \u00e9s rum 0,7l 40% - rumicon.sk","robots":{"index":"index","follow":"follow","max-snippet":"max-snippet:-1","max-image-preview":"max-image-preview:large","max-video-preview":"max-video-preview:-1"},"canonical":"https:\/\/www.rumicon.sk\/hu\/produkt\/rum-don-papa-gayuma-40-07l-kopia-kopia\/","og_locale":"hu_HU","og_type":"article","og_title":"Rum Ron Espero kaka\u00f3 \u00e9s rum 0,7l 40% - rumicon.sk","og_description":"A Ron Espero Cocoa Rum egy pr\u00e9mium min\u0151s\u00e9g\u0171 kaka\u00f3val d\u00fas\u00edtott, t\u00f6lgyfahord\u00f3ban \u00e9rlelt dominikai pr\u00e9mium rum. \u00cdze l\u00e1gy, \u00e9des, kaka\u00f3s \u00e9s csokol\u00e1d\u00e9s jegyekkel, ide\u00e1lis \u00f6nmag\u00e1ban vagy kokt\u00e9lokban val\u00f3 fogyaszt\u00e1sra, egzotikus \u00e9s f\u00e9ny\u0171z\u0151 \u00e9lm\u00e9nyt ny\u00fajtva.","og_url":"https:\/\/www.rumicon.sk\/hu\/produkt\/rum-don-papa-gayuma-40-07l-kopia-kopia\/","og_site_name":"rumicon.sk","article_publisher":"https:\/\/www.facebook.com\/people\/Rumicon-Bottle-Cigar-Shop\/100087110283303\/","article_modified_time":"2025-08-14T09:44:13+00:00","og_image":[{"width":800,"height":800,"url":"https:\/\/www.rumicon.sk\/wp-content\/uploads\/ps-edit-1.jpg","type":"image\/jpeg"}],"twitter_card":"summary_large_image","twitter_misc":{"Becs\u00fclt olvas\u00e1si id\u0151":"1 perc"},"schema":{"@context":"https:\/\/schema.org","@graph":[{"@type":"WebPage","@id":"https:\/\/www.rumicon.sk\/hu\/produkt\/rum-don-papa-gayuma-40-07l-kopia-kopia\/","url":"https:\/\/www.rumicon.sk\/hu\/produkt\/rum-don-papa-gayuma-40-07l-kopia-kopia\/","name":"Rum Ron Espero kaka\u00f3 \u00e9s rum 0,7l 40% - rumicon.sk","isPartOf":{"@id":"https:\/\/www.rumicon.sk\/hu\/#website"},"primaryImageOfPage":{"@id":"https:\/\/www.rumicon.sk\/hu\/produkt\/rum-don-papa-gayuma-40-07l-kopia-kopia\/#primaryimage"},"image":{"@id":"https:\/\/www.rumicon.sk\/hu\/produkt\/rum-don-papa-gayuma-40-07l-kopia-kopia\/#primaryimage"},"thumbnailUrl":"https:\/\/www.rumicon.sk\/wp-content\/uploads\/ps-edit-1.jpg","datePublished":"2025-01-23T13:08:15+00:00","dateModified":"2025-08-14T09:44:13+00:00","breadcrumb":{"@id":"https:\/\/www.rumicon.sk\/hu\/produkt\/rum-don-papa-gayuma-40-07l-kopia-kopia\/#breadcrumb"},"inLanguage":"hu","potentialAction":[{"@type":"ReadAction","target":["https:\/\/www.rumicon.sk\/hu\/produkt\/rum-don-papa-gayuma-40-07l-kopia-kopia\/"]}]},{"@type":"ImageObject","inLanguage":"hu","@id":"https:\/\/www.rumicon.sk\/hu\/produkt\/rum-don-papa-gayuma-40-07l-kopia-kopia\/#primaryimage","url":"https:\/\/www.rumicon.sk\/wp-content\/uploads\/ps-edit-1.jpg","contentUrl":"https:\/\/www.rumicon.sk\/wp-content\/uploads\/ps-edit-1.jpg","width":800,"height":800,"caption":"ron espero cocoa"},{"@type":"BreadcrumbList","@id":"https:\/\/www.rumicon.sk\/hu\/produkt\/rum-don-papa-gayuma-40-07l-kopia-kopia\/#breadcrumb","itemListElement":[{"@type":"ListItem","position":1,"name":"Home","item":"https:\/\/www.rumicon.sk\/hu\/home\/"},{"@type":"ListItem","position":2,"name":"Web\u00e1ruh\u00e1z","item":"https:\/\/www.rumicon.sk\/hu\/webaruhaz\/"},{"@type":"ListItem","position":3,"name":"Rum Ron Espero kaka\u00f3 \u00e9s rum 0,7l 40%"}]},{"@type":"WebSite","@id":"https:\/\/www.rumicon.sk\/hu\/#website","url":"https:\/\/www.rumicon.sk\/hu\/","name":"rumicon.sk","description":"","publisher":{"@id":"https:\/\/www.rumicon.sk\/hu\/#organization"},"potentialAction":[{"@type":"SearchAction","target":{"@type":"EntryPoint","urlTemplate":"https:\/\/www.rumicon.sk\/hu\/?s={search_term_string}"},"query-input":{"@type":"PropertyValueSpecification","valueRequired":true,"valueName":"search_term_string"}}],"inLanguage":"hu"},{"@type":"Organization","@id":"https:\/\/www.rumicon.sk\/hu\/#organization","name":"rumicon.sk","url":"https:\/\/www.rumicon.sk\/hu\/","logo":{"@type":"ImageObject","inLanguage":"hu","@id":"https:\/\/www.rumicon.sk\/hu\/#\/schema\/logo\/image\/","url":"https:\/\/www.rumicon.sk\/wp-content\/uploads\/logo-rumicon-bcs-color.png","contentUrl":"https:\/\/www.rumicon.sk\/wp-content\/uploads\/logo-rumicon-bcs-color.png","width":827,"height":278,"caption":"rumicon.sk"},"image":{"@id":"https:\/\/www.rumicon.sk\/hu\/#\/schema\/logo\/image\/"},"sameAs":["https:\/\/www.facebook.com\/people\/Rumicon-Bottle-Cigar-Shop\/100087110283303\/","https:\/\/www.instagram.com\/rumicon_bottle_cigar_shop\/","https:\/\/www.tiktok.com\/@rumicon2022"]}]}},"_links":{"self":[{"href":"https:\/\/www.rumicon.sk\/hu\/wp-json\/wp\/v2\/product\/7745","targetHints":{"allow":["GET"]}}],"collection":[{"href":"https:\/\/www.rumicon.sk\/hu\/wp-json\/wp\/v2\/product"}],"about":[{"href":"https:\/\/www.rumicon.sk\/hu\/wp-json\/wp\/v2\/types\/product"}],"replies":[{"embeddable":true,"href":"https:\/\/www.rumicon.sk\/hu\/wp-json\/wp\/v2\/comments?post=7745"}],"wp:featuredmedia":[{"embeddable":true,"href":"https:\/\/www.rumicon.sk\/hu\/wp-json\/wp\/v2\/media\/7946"}],"wp:attachment":[{"href":"https:\/\/www.rumicon.sk\/hu\/wp-json\/wp\/v2\/media?parent=7745"}],"wp:term":[{"taxonomy":"product_brand","embeddable":true,"href":"https:\/\/www.rumicon.sk\/hu\/wp-json\/wp\/v2\/product_brand?post=7745"},{"taxonomy":"product_cat","embeddable":true,"href":"https:\/\/www.rumicon.sk\/hu\/wp-json\/wp\/v2\/product_cat?post=7745"},{"taxonomy":"product_tag","embeddable":true,"href":"https:\/\/www.rumicon.sk\/hu\/wp-json\/wp\/v2\/product_tag?post=7745"}],"curies":[{"name":"wp","href":"https:\/\/api.w.org\/{rel}","templated":true}]}}