{"id":7574,"date":"2024-12-12T16:52:32","date_gmt":"2024-12-12T15:52:32","guid":{"rendered":"https:\/\/www.rumicon.sk\/?post_type=product&#038;p=7574"},"modified":"2025-08-14T11:44:12","modified_gmt":"2025-08-14T09:44:12","slug":"rum-don-papa-gayuma-40-07l-kopia","status":"publish","type":"product","link":"https:\/\/www.rumicon.sk\/hu\/produkt\/rum-don-papa-gayuma-40-07l-kopia\/","title":{"rendered":"Rum Don Papa Gayuma 40% 0,7 l 2024"},"content":{"rendered":"<p>A <strong>Don Papa Gayuma, ami<\/strong> leford\u00edtva <strong>&#8220;szerelmi elix\u00edrt<\/strong> &#8221; jelent, egy pr\u00e9mium rum, amely tisztelg\u00e9s a <strong>Mt. Kanlaon \u00e9s a F\u00fcl\u00f6p-szigeteki Isla del Fuego el\u0151tt.<\/strong><\/p>\n<p>Ezt a rumot <strong>h\u00e1rom<\/strong> \u00e9vig \u00e9rlelik <strong>amerikai t\u00f6lgyfahord\u00f3kban, amelyekben<\/strong> kor\u00e1bban bourbont t\u00e1roltak, majd k\u00e9tszeres \u00e9rlel\u00e9snek vetik al\u00e1. Hat h\u00f3napig \u00e9rlelik <strong>er\u0151sen \u00e9getett Rioja boroshord\u00f3kban<\/strong>, majd tov\u00e1bbi h\u00e1rom h\u00f3napig a jellegzetes t\u0151zeges profilj\u00e1r\u00f3l <strong>ismert Islay whiskyt<\/strong> tartalmaz\u00f3 t\u00f6lgyfahord\u00f3kban. <\/p>\n<p>Az illat tele van finom t\u0151zeges jegyekkel. A rum \u00edze <strong>finom \u00e9s l\u00e1gy,<\/strong> b\u00e1rsonyos jegyekkel, amelyek kiemelik az \u00e9rlel\u00e9s \u00f6sszetetts\u00e9g\u00e9t. <\/p>\n<p>Ez a rum a <strong>hagyom\u00e1nyos filipp\u00edn\u00f3 k\u00e9zm\u0171vess\u00e9g \u00e9s az innovat\u00edv feldolgoz\u00e1s<\/strong> egyed\u00fcl\u00e1ll\u00f3 kever\u00e9ke, amelyet az \u00f6sszetett \u00e9s kifinomult \u00edzek kedvel\u0151i <strong>fognak<\/strong> \u00e9rt\u00e9kelni.<\/p>\n<div class=\"sc-item\">\n<div class=\"sc-item__key\">Sz\u00edn: s\u00f6t\u00e9t borosty\u00e1n narancss\u00e1rga sz\u00edn\u0171<\/div>\n<\/div>\n<div class=\"sc-item\">\n<div class=\"sc-item__key\">Szag: t\u0151zeg<\/div>\n<\/div>\n<div class=\"sc-item\">\n<div class=\"sc-item__key\">\u00cdz: l\u00e1gy van\u00edlia, enyhe narancsh\u00e9j, m\u00e9ly kaka\u00f3, szegf\u0171szeg \u00e9s menta jegyei.<\/div>\n<\/div>\n<div class=\"sc-item\">\n<div class=\"sc-item__key\">Befejez\u00e9s: hossz\u00fa, f\u00fcst\u00f6s<\/div>\n<\/div>\n","protected":false},"excerpt":{"rendered":"<p>Ez a rum tisztelg\u00e9s az egyed\u00fcl\u00e1ll\u00f3 ritu\u00e1l\u00e9k el\u0151tt, amelyeket a Mt. Kanlaon \u00e9s az Isla del Fuego (&#8220;T\u0171z szigete&#8221;) s\u00e1m\u00e1njai \u00e1ltal v\u00e9gzett ritu\u00e1l\u00e9kat.<\/p>\n","protected":false},"featured_media":6191,"comment_status":"closed","ping_status":"closed","template":"","meta":{"_acf_changed":false},"product_brand":[],"product_cat":[483,485],"product_tag":[862],"class_list":{"0":"post-7574","1":"product","2":"type-product","3":"status-publish","4":"has-post-thumbnail","6":"product_cat-rum-hu","7":"product_cat-sotet-rum","8":"product_tag-don-papa-hu","9":"pa_druh-alkoholu-rum-hu","10":"pa_krajina-povodu-guyana-hu","11":"pa_objem-07-l-hu","12":"pa_obsah-alkoholu-40-hu","13":"pa_znacka-don-papa-hu","15":"first","16":"outofstock","17":"taxable","18":"shipping-taxable","19":"purchasable","20":"product-type-simple"},"acf":[],"yoast_head":"<!-- This site is optimized with the Yoast SEO plugin v27.0 - https:\/\/yoast.com\/product\/yoast-seo-wordpress\/ -->\n<title>Rum Don Papa Gayuma 40% 0,7 l 2024 - rumicon.sk<\/title>\n<meta name=\"robots\" content=\"index, follow, max-snippet:-1, max-image-preview:large, max-video-preview:-1\" \/>\n<link rel=\"canonical\" href=\"https:\/\/www.rumicon.sk\/hu\/produkt\/rum-don-papa-gayuma-40-07l-kopia\/\" \/>\n<meta property=\"og:locale\" content=\"hu_HU\" \/>\n<meta property=\"og:type\" content=\"article\" \/>\n<meta property=\"og:title\" content=\"Rum Don Papa Gayuma 40% 0,7 l 2024 - rumicon.sk\" \/>\n<meta property=\"og:description\" content=\"Ez a rum tisztelg\u00e9s az egyed\u00fcl\u00e1ll\u00f3 ritu\u00e1l\u00e9k el\u0151tt, amelyeket a Mt. Kanlaon \u00e9s az Isla del Fuego (&quot;T\u0171z szigete&quot;) s\u00e1m\u00e1njai \u00e1ltal v\u00e9gzett ritu\u00e1l\u00e9kat.\" \/>\n<meta property=\"og:url\" content=\"https:\/\/www.rumicon.sk\/hu\/produkt\/rum-don-papa-gayuma-40-07l-kopia\/\" \/>\n<meta property=\"og:site_name\" content=\"rumicon.sk\" \/>\n<meta property=\"article:publisher\" content=\"https:\/\/www.facebook.com\/people\/Rumicon-Bottle-Cigar-Shop\/100087110283303\/\" \/>\n<meta property=\"article:modified_time\" content=\"2025-08-14T09:44:12+00:00\" \/>\n<meta property=\"og:image\" content=\"https:\/\/www.rumicon.sk\/wp-content\/uploads\/don-papa-gayuma.jpg\" \/>\n\t<meta property=\"og:image:width\" content=\"1600\" \/>\n\t<meta property=\"og:image:height\" content=\"1600\" \/>\n\t<meta property=\"og:image:type\" content=\"image\/jpeg\" \/>\n<meta name=\"twitter:card\" content=\"summary_large_image\" \/>\n<meta name=\"twitter:label1\" content=\"Becs\u00fclt olvas\u00e1si id\u0151\" \/>\n\t<meta name=\"twitter:data1\" content=\"1 perc\" \/>\n<script type=\"application\/ld+json\" class=\"yoast-schema-graph\">{\"@context\":\"https:\/\/schema.org\",\"@graph\":[{\"@type\":\"WebPage\",\"@id\":\"https:\/\/www.rumicon.sk\/hu\/produkt\/rum-don-papa-gayuma-40-07l-kopia\/\",\"url\":\"https:\/\/www.rumicon.sk\/hu\/produkt\/rum-don-papa-gayuma-40-07l-kopia\/\",\"name\":\"Rum Don Papa Gayuma 40% 0,7 l 2024 - rumicon.sk\",\"isPartOf\":{\"@id\":\"https:\/\/www.rumicon.sk\/hu\/#website\"},\"primaryImageOfPage\":{\"@id\":\"https:\/\/www.rumicon.sk\/hu\/produkt\/rum-don-papa-gayuma-40-07l-kopia\/#primaryimage\"},\"image\":{\"@id\":\"https:\/\/www.rumicon.sk\/hu\/produkt\/rum-don-papa-gayuma-40-07l-kopia\/#primaryimage\"},\"thumbnailUrl\":\"https:\/\/www.rumicon.sk\/wp-content\/uploads\/don-papa-gayuma.jpg\",\"datePublished\":\"2024-12-12T15:52:32+00:00\",\"dateModified\":\"2025-08-14T09:44:12+00:00\",\"breadcrumb\":{\"@id\":\"https:\/\/www.rumicon.sk\/hu\/produkt\/rum-don-papa-gayuma-40-07l-kopia\/#breadcrumb\"},\"inLanguage\":\"hu\",\"potentialAction\":[{\"@type\":\"ReadAction\",\"target\":[\"https:\/\/www.rumicon.sk\/hu\/produkt\/rum-don-papa-gayuma-40-07l-kopia\/\"]}]},{\"@type\":\"ImageObject\",\"inLanguage\":\"hu\",\"@id\":\"https:\/\/www.rumicon.sk\/hu\/produkt\/rum-don-papa-gayuma-40-07l-kopia\/#primaryimage\",\"url\":\"https:\/\/www.rumicon.sk\/wp-content\/uploads\/don-papa-gayuma.jpg\",\"contentUrl\":\"https:\/\/www.rumicon.sk\/wp-content\/uploads\/don-papa-gayuma.jpg\",\"width\":1600,\"height\":1600,\"caption\":\"don papa gayuma\"},{\"@type\":\"BreadcrumbList\",\"@id\":\"https:\/\/www.rumicon.sk\/hu\/produkt\/rum-don-papa-gayuma-40-07l-kopia\/#breadcrumb\",\"itemListElement\":[{\"@type\":\"ListItem\",\"position\":1,\"name\":\"Home\",\"item\":\"https:\/\/www.rumicon.sk\/hu\/home\/\"},{\"@type\":\"ListItem\",\"position\":2,\"name\":\"Web\u00e1ruh\u00e1z\",\"item\":\"https:\/\/www.rumicon.sk\/hu\/webaruhaz\/\"},{\"@type\":\"ListItem\",\"position\":3,\"name\":\"Rum Don Papa Gayuma 40% 0,7 l 2024\"}]},{\"@type\":\"WebSite\",\"@id\":\"https:\/\/www.rumicon.sk\/hu\/#website\",\"url\":\"https:\/\/www.rumicon.sk\/hu\/\",\"name\":\"rumicon.sk\",\"description\":\"\",\"publisher\":{\"@id\":\"https:\/\/www.rumicon.sk\/hu\/#organization\"},\"potentialAction\":[{\"@type\":\"SearchAction\",\"target\":{\"@type\":\"EntryPoint\",\"urlTemplate\":\"https:\/\/www.rumicon.sk\/hu\/?s={search_term_string}\"},\"query-input\":{\"@type\":\"PropertyValueSpecification\",\"valueRequired\":true,\"valueName\":\"search_term_string\"}}],\"inLanguage\":\"hu\"},{\"@type\":\"Organization\",\"@id\":\"https:\/\/www.rumicon.sk\/hu\/#organization\",\"name\":\"rumicon.sk\",\"url\":\"https:\/\/www.rumicon.sk\/hu\/\",\"logo\":{\"@type\":\"ImageObject\",\"inLanguage\":\"hu\",\"@id\":\"https:\/\/www.rumicon.sk\/hu\/#\/schema\/logo\/image\/\",\"url\":\"https:\/\/www.rumicon.sk\/wp-content\/uploads\/logo-rumicon-bcs-color.png\",\"contentUrl\":\"https:\/\/www.rumicon.sk\/wp-content\/uploads\/logo-rumicon-bcs-color.png\",\"width\":827,\"height\":278,\"caption\":\"rumicon.sk\"},\"image\":{\"@id\":\"https:\/\/www.rumicon.sk\/hu\/#\/schema\/logo\/image\/\"},\"sameAs\":[\"https:\/\/www.facebook.com\/people\/Rumicon-Bottle-Cigar-Shop\/100087110283303\/\",\"https:\/\/www.instagram.com\/rumicon_bottle_cigar_shop\/\",\"https:\/\/www.tiktok.com\/@rumicon2022\"]}]}<\/script>\n<!-- \/ Yoast SEO plugin. -->","yoast_head_json":{"title":"Rum Don Papa Gayuma 40% 0,7 l 2024 - rumicon.sk","robots":{"index":"index","follow":"follow","max-snippet":"max-snippet:-1","max-image-preview":"max-image-preview:large","max-video-preview":"max-video-preview:-1"},"canonical":"https:\/\/www.rumicon.sk\/hu\/produkt\/rum-don-papa-gayuma-40-07l-kopia\/","og_locale":"hu_HU","og_type":"article","og_title":"Rum Don Papa Gayuma 40% 0,7 l 2024 - rumicon.sk","og_description":"Ez a rum tisztelg\u00e9s az egyed\u00fcl\u00e1ll\u00f3 ritu\u00e1l\u00e9k el\u0151tt, amelyeket a Mt. Kanlaon \u00e9s az Isla del Fuego (\"T\u0171z szigete\") s\u00e1m\u00e1njai \u00e1ltal v\u00e9gzett ritu\u00e1l\u00e9kat.","og_url":"https:\/\/www.rumicon.sk\/hu\/produkt\/rum-don-papa-gayuma-40-07l-kopia\/","og_site_name":"rumicon.sk","article_publisher":"https:\/\/www.facebook.com\/people\/Rumicon-Bottle-Cigar-Shop\/100087110283303\/","article_modified_time":"2025-08-14T09:44:12+00:00","og_image":[{"width":1600,"height":1600,"url":"https:\/\/www.rumicon.sk\/wp-content\/uploads\/don-papa-gayuma.jpg","type":"image\/jpeg"}],"twitter_card":"summary_large_image","twitter_misc":{"Becs\u00fclt olvas\u00e1si id\u0151":"1 perc"},"schema":{"@context":"https:\/\/schema.org","@graph":[{"@type":"WebPage","@id":"https:\/\/www.rumicon.sk\/hu\/produkt\/rum-don-papa-gayuma-40-07l-kopia\/","url":"https:\/\/www.rumicon.sk\/hu\/produkt\/rum-don-papa-gayuma-40-07l-kopia\/","name":"Rum Don Papa Gayuma 40% 0,7 l 2024 - rumicon.sk","isPartOf":{"@id":"https:\/\/www.rumicon.sk\/hu\/#website"},"primaryImageOfPage":{"@id":"https:\/\/www.rumicon.sk\/hu\/produkt\/rum-don-papa-gayuma-40-07l-kopia\/#primaryimage"},"image":{"@id":"https:\/\/www.rumicon.sk\/hu\/produkt\/rum-don-papa-gayuma-40-07l-kopia\/#primaryimage"},"thumbnailUrl":"https:\/\/www.rumicon.sk\/wp-content\/uploads\/don-papa-gayuma.jpg","datePublished":"2024-12-12T15:52:32+00:00","dateModified":"2025-08-14T09:44:12+00:00","breadcrumb":{"@id":"https:\/\/www.rumicon.sk\/hu\/produkt\/rum-don-papa-gayuma-40-07l-kopia\/#breadcrumb"},"inLanguage":"hu","potentialAction":[{"@type":"ReadAction","target":["https:\/\/www.rumicon.sk\/hu\/produkt\/rum-don-papa-gayuma-40-07l-kopia\/"]}]},{"@type":"ImageObject","inLanguage":"hu","@id":"https:\/\/www.rumicon.sk\/hu\/produkt\/rum-don-papa-gayuma-40-07l-kopia\/#primaryimage","url":"https:\/\/www.rumicon.sk\/wp-content\/uploads\/don-papa-gayuma.jpg","contentUrl":"https:\/\/www.rumicon.sk\/wp-content\/uploads\/don-papa-gayuma.jpg","width":1600,"height":1600,"caption":"don papa gayuma"},{"@type":"BreadcrumbList","@id":"https:\/\/www.rumicon.sk\/hu\/produkt\/rum-don-papa-gayuma-40-07l-kopia\/#breadcrumb","itemListElement":[{"@type":"ListItem","position":1,"name":"Home","item":"https:\/\/www.rumicon.sk\/hu\/home\/"},{"@type":"ListItem","position":2,"name":"Web\u00e1ruh\u00e1z","item":"https:\/\/www.rumicon.sk\/hu\/webaruhaz\/"},{"@type":"ListItem","position":3,"name":"Rum Don Papa Gayuma 40% 0,7 l 2024"}]},{"@type":"WebSite","@id":"https:\/\/www.rumicon.sk\/hu\/#website","url":"https:\/\/www.rumicon.sk\/hu\/","name":"rumicon.sk","description":"","publisher":{"@id":"https:\/\/www.rumicon.sk\/hu\/#organization"},"potentialAction":[{"@type":"SearchAction","target":{"@type":"EntryPoint","urlTemplate":"https:\/\/www.rumicon.sk\/hu\/?s={search_term_string}"},"query-input":{"@type":"PropertyValueSpecification","valueRequired":true,"valueName":"search_term_string"}}],"inLanguage":"hu"},{"@type":"Organization","@id":"https:\/\/www.rumicon.sk\/hu\/#organization","name":"rumicon.sk","url":"https:\/\/www.rumicon.sk\/hu\/","logo":{"@type":"ImageObject","inLanguage":"hu","@id":"https:\/\/www.rumicon.sk\/hu\/#\/schema\/logo\/image\/","url":"https:\/\/www.rumicon.sk\/wp-content\/uploads\/logo-rumicon-bcs-color.png","contentUrl":"https:\/\/www.rumicon.sk\/wp-content\/uploads\/logo-rumicon-bcs-color.png","width":827,"height":278,"caption":"rumicon.sk"},"image":{"@id":"https:\/\/www.rumicon.sk\/hu\/#\/schema\/logo\/image\/"},"sameAs":["https:\/\/www.facebook.com\/people\/Rumicon-Bottle-Cigar-Shop\/100087110283303\/","https:\/\/www.instagram.com\/rumicon_bottle_cigar_shop\/","https:\/\/www.tiktok.com\/@rumicon2022"]}]}},"_links":{"self":[{"href":"https:\/\/www.rumicon.sk\/hu\/wp-json\/wp\/v2\/product\/7574","targetHints":{"allow":["GET"]}}],"collection":[{"href":"https:\/\/www.rumicon.sk\/hu\/wp-json\/wp\/v2\/product"}],"about":[{"href":"https:\/\/www.rumicon.sk\/hu\/wp-json\/wp\/v2\/types\/product"}],"replies":[{"embeddable":true,"href":"https:\/\/www.rumicon.sk\/hu\/wp-json\/wp\/v2\/comments?post=7574"}],"wp:featuredmedia":[{"embeddable":true,"href":"https:\/\/www.rumicon.sk\/hu\/wp-json\/wp\/v2\/media\/6191"}],"wp:attachment":[{"href":"https:\/\/www.rumicon.sk\/hu\/wp-json\/wp\/v2\/media?parent=7574"}],"wp:term":[{"taxonomy":"product_brand","embeddable":true,"href":"https:\/\/www.rumicon.sk\/hu\/wp-json\/wp\/v2\/product_brand?post=7574"},{"taxonomy":"product_cat","embeddable":true,"href":"https:\/\/www.rumicon.sk\/hu\/wp-json\/wp\/v2\/product_cat?post=7574"},{"taxonomy":"product_tag","embeddable":true,"href":"https:\/\/www.rumicon.sk\/hu\/wp-json\/wp\/v2\/product_tag?post=7574"}],"curies":[{"name":"wp","href":"https:\/\/api.w.org\/{rel}","templated":true}]}}