{"id":7442,"date":"2024-11-22T17:50:04","date_gmt":"2024-11-22T16:50:04","guid":{"rendered":"https:\/\/www.rumicon.sk\/?post_type=product&#038;p=7442"},"modified":"2025-08-14T11:43:21","modified_gmt":"2025-08-14T09:43:21","slug":"panyolai-slivovitz-palinka-52-05l-05l-kopia","status":"publish","type":"product","link":"https:\/\/www.rumicon.sk\/hu\/produkt\/panyolai-slivovitz-palinka-52-05l-05l-kopia\/","title":{"rendered":"Panyolai fekete cseresznye p\u00e1linka 52% 0,5..."},"content":{"rendered":"<p>Rendk\u00edv\u00fcl \u00f6sszetett, t\u00fczes b\u00e1rsonyoss\u00e1g\u00fa p\u00e1rlat, amelyben a gy\u00fcm\u00f6lcs\u00f6k gazdags\u00e1ga a d\u00f6nt\u0151. A ropog\u00f3s meggymag kellemes \u00e9dess\u00e9ge \u00e9s keser\u0171s\u00e9ge t\u00f6k\u00e9letes harm\u00f3ni\u00e1t alkot. Amint a nyelv\u00fcnk\u00f6n \u00e9rezz\u00fck, titokzatos arom\u00e1j\u00e1t gazdag \u00edze fokozza. Ut\u00f3\u00edze izgalmas, \u00e9l\u00e9nk \u00e9s er\u0151s.   <\/p>\n","protected":false},"excerpt":{"rendered":"<p>Rendk\u00edv\u00fcl \u00f6sszetett, t\u00fczes b\u00e1rsonyoss\u00e1g\u00fa p\u00e1rlat, amelyben a gy\u00fcm\u00f6lcs\u00f6k gazdags\u00e1ga a d\u00f6nt\u0151. A ropog\u00f3s meggymag kellemes \u00e9dess\u00e9ge \u00e9s keser\u0171s\u00e9ge t\u00f6k\u00e9letes harm\u00f3ni\u00e1t alkot. Amint a nyelv\u00fcnk\u00f6n \u00e9rezz\u00fck, titokzatos arom\u00e1j\u00e1t gazdag \u00edze fokozza. Ut\u00f3\u00edze izgalmas, \u00e9l\u00e9nk \u00e9s er\u0151s.<\/p>\n","protected":false},"featured_media":7444,"comment_status":"closed","ping_status":"closed","template":"","meta":{"_acf_changed":false},"product_brand":[],"product_cat":[593],"product_tag":[817],"class_list":{"0":"post-7442","1":"product","2":"type-product","3":"status-publish","4":"has-post-thumbnail","6":"product_cat-parlatok","7":"product_tag-panyolai-hu-2","8":"pa_druh-alkoholu-desztillatum","9":"pa_krajina-povodu-magyarorszag","10":"pa_objem-05-l-hu","11":"pa_obsah-alkoholu-52-hu","12":"pa_znacka-panyolai-hu","14":"first","15":"instock","16":"taxable","17":"shipping-taxable","18":"purchasable","19":"product-type-simple"},"acf":[],"yoast_head":"<!-- This site is optimized with the Yoast SEO plugin v27.0 - https:\/\/yoast.com\/product\/yoast-seo-wordpress\/ -->\n<title>Panyolai fekete cseresznye p\u00e1linka 52% 0,5l - rumicon.sk<\/title>\n<meta name=\"robots\" content=\"index, follow, max-snippet:-1, max-image-preview:large, max-video-preview:-1\" \/>\n<link rel=\"canonical\" href=\"https:\/\/www.rumicon.sk\/hu\/produkt\/panyolai-slivovitz-palinka-52-05l-05l-kopia\/\" \/>\n<meta property=\"og:locale\" content=\"hu_HU\" \/>\n<meta property=\"og:type\" content=\"article\" \/>\n<meta property=\"og:title\" content=\"Panyolai fekete cseresznye p\u00e1linka 52% 0,5l - rumicon.sk\" \/>\n<meta property=\"og:description\" content=\"Rendk\u00edv\u00fcl \u00f6sszetett, t\u00fczes b\u00e1rsonyoss\u00e1g\u00fa p\u00e1rlat, amelyben a gy\u00fcm\u00f6lcs\u00f6k gazdags\u00e1ga a d\u00f6nt\u0151. A ropog\u00f3s meggymag kellemes \u00e9dess\u00e9ge \u00e9s keser\u0171s\u00e9ge t\u00f6k\u00e9letes harm\u00f3ni\u00e1t alkot. Amint a nyelv\u00fcnk\u00f6n \u00e9rezz\u00fck, titokzatos arom\u00e1j\u00e1t gazdag \u00edze fokozza. Ut\u00f3\u00edze izgalmas, \u00e9l\u00e9nk \u00e9s er\u0151s.\" \/>\n<meta property=\"og:url\" content=\"https:\/\/www.rumicon.sk\/hu\/produkt\/panyolai-slivovitz-palinka-52-05l-05l-kopia\/\" \/>\n<meta property=\"og:site_name\" content=\"rumicon.sk\" \/>\n<meta property=\"article:publisher\" content=\"https:\/\/www.facebook.com\/people\/Rumicon-Bottle-Cigar-Shop\/100087110283303\/\" \/>\n<meta property=\"article:modified_time\" content=\"2025-08-14T09:43:21+00:00\" \/>\n<meta property=\"og:image\" content=\"https:\/\/www.rumicon.sk\/wp-content\/uploads\/4x5_panyolai_sq_cierna_ceresna_white-1800x2250-1.jpeg\" \/>\n\t<meta property=\"og:image:width\" content=\"1536\" \/>\n\t<meta property=\"og:image:height\" content=\"1920\" \/>\n\t<meta property=\"og:image:type\" content=\"image\/jpeg\" \/>\n<meta name=\"twitter:card\" content=\"summary_large_image\" \/>\n<script type=\"application\/ld+json\" class=\"yoast-schema-graph\">{\"@context\":\"https:\/\/schema.org\",\"@graph\":[{\"@type\":\"WebPage\",\"@id\":\"https:\/\/www.rumicon.sk\/hu\/produkt\/panyolai-slivovitz-palinka-52-05l-05l-kopia\/\",\"url\":\"https:\/\/www.rumicon.sk\/hu\/produkt\/panyolai-slivovitz-palinka-52-05l-05l-kopia\/\",\"name\":\"Panyolai fekete cseresznye p\u00e1linka 52% 0,5l - rumicon.sk\",\"isPartOf\":{\"@id\":\"https:\/\/www.rumicon.sk\/hu\/#website\"},\"primaryImageOfPage\":{\"@id\":\"https:\/\/www.rumicon.sk\/hu\/produkt\/panyolai-slivovitz-palinka-52-05l-05l-kopia\/#primaryimage\"},\"image\":{\"@id\":\"https:\/\/www.rumicon.sk\/hu\/produkt\/panyolai-slivovitz-palinka-52-05l-05l-kopia\/#primaryimage\"},\"thumbnailUrl\":\"https:\/\/www.rumicon.sk\/wp-content\/uploads\/4x5_panyolai_sq_cierna_ceresna_white-1800x2250-1.jpeg\",\"datePublished\":\"2024-11-22T16:50:04+00:00\",\"dateModified\":\"2025-08-14T09:43:21+00:00\",\"breadcrumb\":{\"@id\":\"https:\/\/www.rumicon.sk\/hu\/produkt\/panyolai-slivovitz-palinka-52-05l-05l-kopia\/#breadcrumb\"},\"inLanguage\":\"hu\",\"potentialAction\":[{\"@type\":\"ReadAction\",\"target\":[\"https:\/\/www.rumicon.sk\/hu\/produkt\/panyolai-slivovitz-palinka-52-05l-05l-kopia\/\"]}]},{\"@type\":\"ImageObject\",\"inLanguage\":\"hu\",\"@id\":\"https:\/\/www.rumicon.sk\/hu\/produkt\/panyolai-slivovitz-palinka-52-05l-05l-kopia\/#primaryimage\",\"url\":\"https:\/\/www.rumicon.sk\/wp-content\/uploads\/4x5_panyolai_sq_cierna_ceresna_white-1800x2250-1.jpeg\",\"contentUrl\":\"https:\/\/www.rumicon.sk\/wp-content\/uploads\/4x5_panyolai_sq_cierna_ceresna_white-1800x2250-1.jpeg\",\"width\":1536,\"height\":1920},{\"@type\":\"BreadcrumbList\",\"@id\":\"https:\/\/www.rumicon.sk\/hu\/produkt\/panyolai-slivovitz-palinka-52-05l-05l-kopia\/#breadcrumb\",\"itemListElement\":[{\"@type\":\"ListItem\",\"position\":1,\"name\":\"Home\",\"item\":\"https:\/\/www.rumicon.sk\/hu\/home\/\"},{\"@type\":\"ListItem\",\"position\":2,\"name\":\"Web\u00e1ruh\u00e1z\",\"item\":\"https:\/\/www.rumicon.sk\/hu\/webaruhaz\/\"},{\"@type\":\"ListItem\",\"position\":3,\"name\":\"Panyolai fekete cseresznye p\u00e1linka 52% 0,5...\"}]},{\"@type\":\"WebSite\",\"@id\":\"https:\/\/www.rumicon.sk\/hu\/#website\",\"url\":\"https:\/\/www.rumicon.sk\/hu\/\",\"name\":\"rumicon.sk\",\"description\":\"\",\"publisher\":{\"@id\":\"https:\/\/www.rumicon.sk\/hu\/#organization\"},\"potentialAction\":[{\"@type\":\"SearchAction\",\"target\":{\"@type\":\"EntryPoint\",\"urlTemplate\":\"https:\/\/www.rumicon.sk\/hu\/?s={search_term_string}\"},\"query-input\":{\"@type\":\"PropertyValueSpecification\",\"valueRequired\":true,\"valueName\":\"search_term_string\"}}],\"inLanguage\":\"hu\"},{\"@type\":\"Organization\",\"@id\":\"https:\/\/www.rumicon.sk\/hu\/#organization\",\"name\":\"rumicon.sk\",\"url\":\"https:\/\/www.rumicon.sk\/hu\/\",\"logo\":{\"@type\":\"ImageObject\",\"inLanguage\":\"hu\",\"@id\":\"https:\/\/www.rumicon.sk\/hu\/#\/schema\/logo\/image\/\",\"url\":\"https:\/\/www.rumicon.sk\/wp-content\/uploads\/logo-rumicon-bcs-color.png\",\"contentUrl\":\"https:\/\/www.rumicon.sk\/wp-content\/uploads\/logo-rumicon-bcs-color.png\",\"width\":827,\"height\":278,\"caption\":\"rumicon.sk\"},\"image\":{\"@id\":\"https:\/\/www.rumicon.sk\/hu\/#\/schema\/logo\/image\/\"},\"sameAs\":[\"https:\/\/www.facebook.com\/people\/Rumicon-Bottle-Cigar-Shop\/100087110283303\/\",\"https:\/\/www.instagram.com\/rumicon_bottle_cigar_shop\/\",\"https:\/\/www.tiktok.com\/@rumicon2022\"]}]}<\/script>\n<!-- \/ Yoast SEO plugin. -->","yoast_head_json":{"title":"Panyolai fekete cseresznye p\u00e1linka 52% 0,5l - rumicon.sk","robots":{"index":"index","follow":"follow","max-snippet":"max-snippet:-1","max-image-preview":"max-image-preview:large","max-video-preview":"max-video-preview:-1"},"canonical":"https:\/\/www.rumicon.sk\/hu\/produkt\/panyolai-slivovitz-palinka-52-05l-05l-kopia\/","og_locale":"hu_HU","og_type":"article","og_title":"Panyolai fekete cseresznye p\u00e1linka 52% 0,5l - rumicon.sk","og_description":"Rendk\u00edv\u00fcl \u00f6sszetett, t\u00fczes b\u00e1rsonyoss\u00e1g\u00fa p\u00e1rlat, amelyben a gy\u00fcm\u00f6lcs\u00f6k gazdags\u00e1ga a d\u00f6nt\u0151. A ropog\u00f3s meggymag kellemes \u00e9dess\u00e9ge \u00e9s keser\u0171s\u00e9ge t\u00f6k\u00e9letes harm\u00f3ni\u00e1t alkot. Amint a nyelv\u00fcnk\u00f6n \u00e9rezz\u00fck, titokzatos arom\u00e1j\u00e1t gazdag \u00edze fokozza. Ut\u00f3\u00edze izgalmas, \u00e9l\u00e9nk \u00e9s er\u0151s.","og_url":"https:\/\/www.rumicon.sk\/hu\/produkt\/panyolai-slivovitz-palinka-52-05l-05l-kopia\/","og_site_name":"rumicon.sk","article_publisher":"https:\/\/www.facebook.com\/people\/Rumicon-Bottle-Cigar-Shop\/100087110283303\/","article_modified_time":"2025-08-14T09:43:21+00:00","og_image":[{"width":1536,"height":1920,"url":"https:\/\/www.rumicon.sk\/wp-content\/uploads\/4x5_panyolai_sq_cierna_ceresna_white-1800x2250-1.jpeg","type":"image\/jpeg"}],"twitter_card":"summary_large_image","schema":{"@context":"https:\/\/schema.org","@graph":[{"@type":"WebPage","@id":"https:\/\/www.rumicon.sk\/hu\/produkt\/panyolai-slivovitz-palinka-52-05l-05l-kopia\/","url":"https:\/\/www.rumicon.sk\/hu\/produkt\/panyolai-slivovitz-palinka-52-05l-05l-kopia\/","name":"Panyolai fekete cseresznye p\u00e1linka 52% 0,5l - rumicon.sk","isPartOf":{"@id":"https:\/\/www.rumicon.sk\/hu\/#website"},"primaryImageOfPage":{"@id":"https:\/\/www.rumicon.sk\/hu\/produkt\/panyolai-slivovitz-palinka-52-05l-05l-kopia\/#primaryimage"},"image":{"@id":"https:\/\/www.rumicon.sk\/hu\/produkt\/panyolai-slivovitz-palinka-52-05l-05l-kopia\/#primaryimage"},"thumbnailUrl":"https:\/\/www.rumicon.sk\/wp-content\/uploads\/4x5_panyolai_sq_cierna_ceresna_white-1800x2250-1.jpeg","datePublished":"2024-11-22T16:50:04+00:00","dateModified":"2025-08-14T09:43:21+00:00","breadcrumb":{"@id":"https:\/\/www.rumicon.sk\/hu\/produkt\/panyolai-slivovitz-palinka-52-05l-05l-kopia\/#breadcrumb"},"inLanguage":"hu","potentialAction":[{"@type":"ReadAction","target":["https:\/\/www.rumicon.sk\/hu\/produkt\/panyolai-slivovitz-palinka-52-05l-05l-kopia\/"]}]},{"@type":"ImageObject","inLanguage":"hu","@id":"https:\/\/www.rumicon.sk\/hu\/produkt\/panyolai-slivovitz-palinka-52-05l-05l-kopia\/#primaryimage","url":"https:\/\/www.rumicon.sk\/wp-content\/uploads\/4x5_panyolai_sq_cierna_ceresna_white-1800x2250-1.jpeg","contentUrl":"https:\/\/www.rumicon.sk\/wp-content\/uploads\/4x5_panyolai_sq_cierna_ceresna_white-1800x2250-1.jpeg","width":1536,"height":1920},{"@type":"BreadcrumbList","@id":"https:\/\/www.rumicon.sk\/hu\/produkt\/panyolai-slivovitz-palinka-52-05l-05l-kopia\/#breadcrumb","itemListElement":[{"@type":"ListItem","position":1,"name":"Home","item":"https:\/\/www.rumicon.sk\/hu\/home\/"},{"@type":"ListItem","position":2,"name":"Web\u00e1ruh\u00e1z","item":"https:\/\/www.rumicon.sk\/hu\/webaruhaz\/"},{"@type":"ListItem","position":3,"name":"Panyolai fekete cseresznye p\u00e1linka 52% 0,5..."}]},{"@type":"WebSite","@id":"https:\/\/www.rumicon.sk\/hu\/#website","url":"https:\/\/www.rumicon.sk\/hu\/","name":"rumicon.sk","description":"","publisher":{"@id":"https:\/\/www.rumicon.sk\/hu\/#organization"},"potentialAction":[{"@type":"SearchAction","target":{"@type":"EntryPoint","urlTemplate":"https:\/\/www.rumicon.sk\/hu\/?s={search_term_string}"},"query-input":{"@type":"PropertyValueSpecification","valueRequired":true,"valueName":"search_term_string"}}],"inLanguage":"hu"},{"@type":"Organization","@id":"https:\/\/www.rumicon.sk\/hu\/#organization","name":"rumicon.sk","url":"https:\/\/www.rumicon.sk\/hu\/","logo":{"@type":"ImageObject","inLanguage":"hu","@id":"https:\/\/www.rumicon.sk\/hu\/#\/schema\/logo\/image\/","url":"https:\/\/www.rumicon.sk\/wp-content\/uploads\/logo-rumicon-bcs-color.png","contentUrl":"https:\/\/www.rumicon.sk\/wp-content\/uploads\/logo-rumicon-bcs-color.png","width":827,"height":278,"caption":"rumicon.sk"},"image":{"@id":"https:\/\/www.rumicon.sk\/hu\/#\/schema\/logo\/image\/"},"sameAs":["https:\/\/www.facebook.com\/people\/Rumicon-Bottle-Cigar-Shop\/100087110283303\/","https:\/\/www.instagram.com\/rumicon_bottle_cigar_shop\/","https:\/\/www.tiktok.com\/@rumicon2022"]}]}},"_links":{"self":[{"href":"https:\/\/www.rumicon.sk\/hu\/wp-json\/wp\/v2\/product\/7442","targetHints":{"allow":["GET"]}}],"collection":[{"href":"https:\/\/www.rumicon.sk\/hu\/wp-json\/wp\/v2\/product"}],"about":[{"href":"https:\/\/www.rumicon.sk\/hu\/wp-json\/wp\/v2\/types\/product"}],"replies":[{"embeddable":true,"href":"https:\/\/www.rumicon.sk\/hu\/wp-json\/wp\/v2\/comments?post=7442"}],"wp:featuredmedia":[{"embeddable":true,"href":"https:\/\/www.rumicon.sk\/hu\/wp-json\/wp\/v2\/media\/7444"}],"wp:attachment":[{"href":"https:\/\/www.rumicon.sk\/hu\/wp-json\/wp\/v2\/media?parent=7442"}],"wp:term":[{"taxonomy":"product_brand","embeddable":true,"href":"https:\/\/www.rumicon.sk\/hu\/wp-json\/wp\/v2\/product_brand?post=7442"},{"taxonomy":"product_cat","embeddable":true,"href":"https:\/\/www.rumicon.sk\/hu\/wp-json\/wp\/v2\/product_cat?post=7442"},{"taxonomy":"product_tag","embeddable":true,"href":"https:\/\/www.rumicon.sk\/hu\/wp-json\/wp\/v2\/product_tag?post=7442"}],"curies":[{"name":"wp","href":"https:\/\/api.w.org\/{rel}","templated":true}]}}