{"id":7018,"date":"2024-10-25T15:35:23","date_gmt":"2024-10-25T13:35:23","guid":{"rendered":"https:\/\/www.rumicon.sk\/produkt\/pure-delicious-mango-03l\/"},"modified":"2025-08-14T11:43:52","modified_gmt":"2025-08-14T09:43:52","slug":"pure-delicious-mango-03l","status":"publish","type":"product","link":"https:\/\/www.rumicon.sk\/hu\/produkt\/pure-delicious-mango-03l\/","title":{"rendered":"P\u00fcr\u00e9 Delicious mang\u00f3 0,3l"},"content":{"rendered":"<p>A <strong>PURE\u00c9 Delicious Mango<\/strong> gy\u00fcm\u00f6lcsital-koncentr\u00e1tumot italok \u00e9s \u00e9telek k\u00e9sz\u00edt\u00e9s\u00e9hez haszn\u00e1lj\u00e1k. \u00cdze friss\u00edt\u0151 \u00e9s hitelesen telt, k\u00f6sz\u00f6nhet\u0151en az <strong>55%-os finom mang\u00f3<\/strong> (nem EU-s orsz\u00e1g), <strong>n\u00e1dcukor, v\u00edz \u00e9s term\u00e9szetes savany\u00fas\u00e1got szab\u00e1lyoz\u00f3 citromsav<\/strong> tartalm\u00e1nak.<br \/>\nNem tartalmaz tart\u00f3s\u00edt\u00f3szert, mesters\u00e9ges \u00e9des\u00edt\u0151szert, arom\u00e1t, \u00e9des\u00edt\u0151szert, sz\u00ednez\u00e9ket vagy s\u0171r\u00edt\u0151anyagot. <strong>Paszt\u0151r\u00f6z\u00f6tt.<\/strong><br \/>\nSzeretettel k\u00e9sz\u00fclt <strong>Szlov\u00e1ki\u00e1ban.<\/strong> <\/p>\n<p><strong>Az \u00fcveg felnyit\u00e1sa el\u0151tt:<\/strong><br \/>\nFelbont\u00e1s el\u0151tt az <strong>\u00fcveget alaposan fel kell r\u00e1zni <\/strong>, hogy a megfelel\u0151 \u00e1llagot el\u00e9rje. Az \u00fcled\u00e9k a term\u00e9k term\u00e9szetes tulajdons\u00e1ga, nem hiba. Sz\u00e1raz \u00e9s s\u00f6t\u00e9t helyen t\u00e1rolja.  <\/p>\n<p><strong>Az \u00fcveg felbont\u00e1sa ut\u00e1n:<br \/>\nt\u00e1rolja a h\u0171t\u0151szekr\u00e9nyben (!)<\/strong>, \u00e9s legk\u00e9s\u0151bb <strong>a felbont\u00e1st k\u00f6vet\u0151 15 napon bel\u00fcl (!)<\/strong> fogyassza el.<\/p>\n<p><strong>Aj\u00e1nlott h\u00edg\u00edt\u00e1s limon\u00e1d\u00e9hoz:<\/strong><br \/>\n<strong>1:10 ar\u00e1nyban v\u00edzzel <\/strong>.  <\/p>\n<p><strong>K\u00f6zvetlen fogyaszt\u00e1si \u00e9s f\u0151z\u00e9si alapanyag:<\/strong><br \/>\nA PURE\u00c9 Delicious mang\u00f3 alkalmas zabpehelyhez, zabk\u00e1s\u00e1hoz, turmixokhoz, hideg desszertek, pudingok, feh\u00e9r joghurt, t\u00far\u00f3, fagylalt, s\u00fctem\u00e9nyek \u00e9s pit\u00e9k t\u00f6ltel\u00e9k\u00e9nek felt\u00e9tjek\u00e9nt. Alkalmas sorbet k\u00e9sz\u00edt\u00e9s\u00e9hez, s\u00fctem\u00e9nyek \u00e9s tort\u00e1k t\u00f6ltel\u00e9k\u00e9nek. Alkalmas m\u00e1rt\u00e1sk\u00e9nt grillezett sajtokhoz \u00e9s sz\u00e1rnyasokhoz, kiv\u00e1l\u00f3an alkalmas \u00e1zsiai \u00e9telek, m\u00e1rt\u00e1sok \u00e9s desszertek k\u00e9sz\u00edt\u00e9s\u00e9hez. Pr\u00f3b\u00e1lja ki p\u00e9ld\u00e1ul a h\u00edres mang\u00f3s ragacsos rise-t, csirk\u00e9t vagy tofut mang\u00f3-f\u0171szeres currym\u00e1rt\u00e1sban.    <\/p>\n","protected":false},"excerpt":{"rendered":"<p>A PURE\u00c9 Delicious Mango gy\u00fcm\u00f6lcsital-koncentr\u00e1tumot italok \u00e9s \u00e9telek k\u00e9sz\u00edt\u00e9s\u00e9hez haszn\u00e1lj\u00e1k. \u00cdze friss\u00edt\u0151 \u00e9s hitelesen telt, k\u00f6sz\u00f6nhet\u0151en az 55%-os finom mang\u00f3 (nem EU-s orsz\u00e1g), n\u00e1dcukor, v\u00edz \u00e9s term\u00e9szetes savany\u00fas\u00e1got szab\u00e1lyoz\u00f3 citromsav tartalm\u00e1nak. Nem tartalmaz tart\u00f3s\u00edt\u00f3szert, mesters\u00e9ges \u00e9des\u00edt\u0151szert, arom\u00e1t, \u00e9des\u00edt\u0151szert, sz\u00ednez\u00e9ket vagy s\u0171r\u00edt\u0151anyagot. Paszt\u0151r\u00f6z\u00f6tt. Szeretettel k\u00e9sz\u00fclt Szlov\u00e1ki\u00e1ban. Az \u00fcveg felnyit\u00e1sa el\u0151tt: Felbont\u00e1s el\u0151tt az \u00fcveget alaposan fel [&#8230;]\n","protected":false},"featured_media":7017,"comment_status":"closed","ping_status":"closed","template":"","meta":{"_acf_changed":false},"product_brand":[],"product_cat":[28],"product_tag":[],"class_list":{"0":"post-7018","1":"product","2":"type-product","3":"status-publish","4":"has-post-thumbnail","6":"product_cat-rum","8":"first","9":"outofstock","10":"taxable","11":"shipping-taxable","12":"purchasable","13":"product-type-simple"},"acf":[],"yoast_head":"<!-- This site is optimized with the Yoast SEO plugin v27.0 - https:\/\/yoast.com\/product\/yoast-seo-wordpress\/ -->\n<title>P\u00fcr\u00e9 Delicious mang\u00f3 0,3l - rumicon.sk<\/title>\n<meta name=\"robots\" content=\"index, follow, max-snippet:-1, max-image-preview:large, max-video-preview:-1\" \/>\n<link rel=\"canonical\" href=\"https:\/\/www.rumicon.sk\/hu\/produkt\/pure-delicious-mango-03l\/\" \/>\n<meta property=\"og:locale\" content=\"hu_HU\" \/>\n<meta property=\"og:type\" content=\"article\" \/>\n<meta property=\"og:title\" content=\"P\u00fcr\u00e9 Delicious mang\u00f3 0,3l - rumicon.sk\" \/>\n<meta property=\"og:description\" content=\"A PURE\u00c9 Delicious Mango gy\u00fcm\u00f6lcsital-koncentr\u00e1tumot italok \u00e9s \u00e9telek k\u00e9sz\u00edt\u00e9s\u00e9hez haszn\u00e1lj\u00e1k. \u00cdze friss\u00edt\u0151 \u00e9s hitelesen telt, k\u00f6sz\u00f6nhet\u0151en az 55%-os finom mang\u00f3 (nem EU-s orsz\u00e1g), n\u00e1dcukor, v\u00edz \u00e9s term\u00e9szetes savany\u00fas\u00e1got szab\u00e1lyoz\u00f3 citromsav tartalm\u00e1nak. Nem tartalmaz tart\u00f3s\u00edt\u00f3szert, mesters\u00e9ges \u00e9des\u00edt\u0151szert, arom\u00e1t, \u00e9des\u00edt\u0151szert, sz\u00ednez\u00e9ket vagy s\u0171r\u00edt\u0151anyagot. Paszt\u0151r\u00f6z\u00f6tt. Szeretettel k\u00e9sz\u00fclt Szlov\u00e1ki\u00e1ban. Az \u00fcveg felnyit\u00e1sa el\u0151tt: Felbont\u00e1s el\u0151tt az \u00fcveget alaposan fel [...]\" \/>\n<meta property=\"og:url\" content=\"https:\/\/www.rumicon.sk\/hu\/produkt\/pure-delicious-mango-03l\/\" \/>\n<meta property=\"og:site_name\" content=\"rumicon.sk\" \/>\n<meta property=\"article:publisher\" content=\"https:\/\/www.facebook.com\/people\/Rumicon-Bottle-Cigar-Shop\/100087110283303\/\" \/>\n<meta property=\"article:modified_time\" content=\"2025-08-14T09:43:52+00:00\" \/>\n<meta property=\"og:image\" content=\"https:\/\/www.rumicon.sk\/wp-content\/uploads\/mango.jpg\" \/>\n\t<meta property=\"og:image:width\" content=\"300\" \/>\n\t<meta property=\"og:image:height\" content=\"300\" \/>\n\t<meta property=\"og:image:type\" content=\"image\/jpeg\" \/>\n<meta name=\"twitter:card\" content=\"summary_large_image\" \/>\n<meta name=\"twitter:label1\" content=\"Becs\u00fclt olvas\u00e1si id\u0151\" \/>\n\t<meta name=\"twitter:data1\" content=\"1 perc\" \/>\n<script type=\"application\/ld+json\" class=\"yoast-schema-graph\">{\"@context\":\"https:\/\/schema.org\",\"@graph\":[{\"@type\":\"WebPage\",\"@id\":\"https:\/\/www.rumicon.sk\/hu\/produkt\/pure-delicious-mango-03l\/\",\"url\":\"https:\/\/www.rumicon.sk\/hu\/produkt\/pure-delicious-mango-03l\/\",\"name\":\"P\u00fcr\u00e9 Delicious mang\u00f3 0,3l - rumicon.sk\",\"isPartOf\":{\"@id\":\"https:\/\/www.rumicon.sk\/hu\/#website\"},\"primaryImageOfPage\":{\"@id\":\"https:\/\/www.rumicon.sk\/hu\/produkt\/pure-delicious-mango-03l\/#primaryimage\"},\"image\":{\"@id\":\"https:\/\/www.rumicon.sk\/hu\/produkt\/pure-delicious-mango-03l\/#primaryimage\"},\"thumbnailUrl\":\"https:\/\/www.rumicon.sk\/wp-content\/uploads\/mango.jpg\",\"datePublished\":\"2024-10-25T13:35:23+00:00\",\"dateModified\":\"2025-08-14T09:43:52+00:00\",\"breadcrumb\":{\"@id\":\"https:\/\/www.rumicon.sk\/hu\/produkt\/pure-delicious-mango-03l\/#breadcrumb\"},\"inLanguage\":\"hu\",\"potentialAction\":[{\"@type\":\"ReadAction\",\"target\":[\"https:\/\/www.rumicon.sk\/hu\/produkt\/pure-delicious-mango-03l\/\"]}]},{\"@type\":\"ImageObject\",\"inLanguage\":\"hu\",\"@id\":\"https:\/\/www.rumicon.sk\/hu\/produkt\/pure-delicious-mango-03l\/#primaryimage\",\"url\":\"https:\/\/www.rumicon.sk\/wp-content\/uploads\/mango.jpg\",\"contentUrl\":\"https:\/\/www.rumicon.sk\/wp-content\/uploads\/mango.jpg\",\"width\":300,\"height\":300},{\"@type\":\"BreadcrumbList\",\"@id\":\"https:\/\/www.rumicon.sk\/hu\/produkt\/pure-delicious-mango-03l\/#breadcrumb\",\"itemListElement\":[{\"@type\":\"ListItem\",\"position\":1,\"name\":\"Home\",\"item\":\"https:\/\/www.rumicon.sk\/hu\/home\/\"},{\"@type\":\"ListItem\",\"position\":2,\"name\":\"Web\u00e1ruh\u00e1z\",\"item\":\"https:\/\/www.rumicon.sk\/hu\/webaruhaz\/\"},{\"@type\":\"ListItem\",\"position\":3,\"name\":\"P\u00fcr\u00e9 Delicious mang\u00f3 0,3l\"}]},{\"@type\":\"WebSite\",\"@id\":\"https:\/\/www.rumicon.sk\/hu\/#website\",\"url\":\"https:\/\/www.rumicon.sk\/hu\/\",\"name\":\"rumicon.sk\",\"description\":\"\",\"publisher\":{\"@id\":\"https:\/\/www.rumicon.sk\/hu\/#organization\"},\"potentialAction\":[{\"@type\":\"SearchAction\",\"target\":{\"@type\":\"EntryPoint\",\"urlTemplate\":\"https:\/\/www.rumicon.sk\/hu\/?s={search_term_string}\"},\"query-input\":{\"@type\":\"PropertyValueSpecification\",\"valueRequired\":true,\"valueName\":\"search_term_string\"}}],\"inLanguage\":\"hu\"},{\"@type\":\"Organization\",\"@id\":\"https:\/\/www.rumicon.sk\/hu\/#organization\",\"name\":\"rumicon.sk\",\"url\":\"https:\/\/www.rumicon.sk\/hu\/\",\"logo\":{\"@type\":\"ImageObject\",\"inLanguage\":\"hu\",\"@id\":\"https:\/\/www.rumicon.sk\/hu\/#\/schema\/logo\/image\/\",\"url\":\"https:\/\/www.rumicon.sk\/wp-content\/uploads\/logo-rumicon-bcs-color.png\",\"contentUrl\":\"https:\/\/www.rumicon.sk\/wp-content\/uploads\/logo-rumicon-bcs-color.png\",\"width\":827,\"height\":278,\"caption\":\"rumicon.sk\"},\"image\":{\"@id\":\"https:\/\/www.rumicon.sk\/hu\/#\/schema\/logo\/image\/\"},\"sameAs\":[\"https:\/\/www.facebook.com\/people\/Rumicon-Bottle-Cigar-Shop\/100087110283303\/\",\"https:\/\/www.instagram.com\/rumicon_bottle_cigar_shop\/\",\"https:\/\/www.tiktok.com\/@rumicon2022\"]}]}<\/script>\n<!-- \/ Yoast SEO plugin. -->","yoast_head_json":{"title":"P\u00fcr\u00e9 Delicious mang\u00f3 0,3l - rumicon.sk","robots":{"index":"index","follow":"follow","max-snippet":"max-snippet:-1","max-image-preview":"max-image-preview:large","max-video-preview":"max-video-preview:-1"},"canonical":"https:\/\/www.rumicon.sk\/hu\/produkt\/pure-delicious-mango-03l\/","og_locale":"hu_HU","og_type":"article","og_title":"P\u00fcr\u00e9 Delicious mang\u00f3 0,3l - rumicon.sk","og_description":"A PURE\u00c9 Delicious Mango gy\u00fcm\u00f6lcsital-koncentr\u00e1tumot italok \u00e9s \u00e9telek k\u00e9sz\u00edt\u00e9s\u00e9hez haszn\u00e1lj\u00e1k. \u00cdze friss\u00edt\u0151 \u00e9s hitelesen telt, k\u00f6sz\u00f6nhet\u0151en az 55%-os finom mang\u00f3 (nem EU-s orsz\u00e1g), n\u00e1dcukor, v\u00edz \u00e9s term\u00e9szetes savany\u00fas\u00e1got szab\u00e1lyoz\u00f3 citromsav tartalm\u00e1nak. Nem tartalmaz tart\u00f3s\u00edt\u00f3szert, mesters\u00e9ges \u00e9des\u00edt\u0151szert, arom\u00e1t, \u00e9des\u00edt\u0151szert, sz\u00ednez\u00e9ket vagy s\u0171r\u00edt\u0151anyagot. Paszt\u0151r\u00f6z\u00f6tt. Szeretettel k\u00e9sz\u00fclt Szlov\u00e1ki\u00e1ban. Az \u00fcveg felnyit\u00e1sa el\u0151tt: Felbont\u00e1s el\u0151tt az \u00fcveget alaposan fel [...]","og_url":"https:\/\/www.rumicon.sk\/hu\/produkt\/pure-delicious-mango-03l\/","og_site_name":"rumicon.sk","article_publisher":"https:\/\/www.facebook.com\/people\/Rumicon-Bottle-Cigar-Shop\/100087110283303\/","article_modified_time":"2025-08-14T09:43:52+00:00","og_image":[{"width":300,"height":300,"url":"https:\/\/www.rumicon.sk\/wp-content\/uploads\/mango.jpg","type":"image\/jpeg"}],"twitter_card":"summary_large_image","twitter_misc":{"Becs\u00fclt olvas\u00e1si id\u0151":"1 perc"},"schema":{"@context":"https:\/\/schema.org","@graph":[{"@type":"WebPage","@id":"https:\/\/www.rumicon.sk\/hu\/produkt\/pure-delicious-mango-03l\/","url":"https:\/\/www.rumicon.sk\/hu\/produkt\/pure-delicious-mango-03l\/","name":"P\u00fcr\u00e9 Delicious mang\u00f3 0,3l - rumicon.sk","isPartOf":{"@id":"https:\/\/www.rumicon.sk\/hu\/#website"},"primaryImageOfPage":{"@id":"https:\/\/www.rumicon.sk\/hu\/produkt\/pure-delicious-mango-03l\/#primaryimage"},"image":{"@id":"https:\/\/www.rumicon.sk\/hu\/produkt\/pure-delicious-mango-03l\/#primaryimage"},"thumbnailUrl":"https:\/\/www.rumicon.sk\/wp-content\/uploads\/mango.jpg","datePublished":"2024-10-25T13:35:23+00:00","dateModified":"2025-08-14T09:43:52+00:00","breadcrumb":{"@id":"https:\/\/www.rumicon.sk\/hu\/produkt\/pure-delicious-mango-03l\/#breadcrumb"},"inLanguage":"hu","potentialAction":[{"@type":"ReadAction","target":["https:\/\/www.rumicon.sk\/hu\/produkt\/pure-delicious-mango-03l\/"]}]},{"@type":"ImageObject","inLanguage":"hu","@id":"https:\/\/www.rumicon.sk\/hu\/produkt\/pure-delicious-mango-03l\/#primaryimage","url":"https:\/\/www.rumicon.sk\/wp-content\/uploads\/mango.jpg","contentUrl":"https:\/\/www.rumicon.sk\/wp-content\/uploads\/mango.jpg","width":300,"height":300},{"@type":"BreadcrumbList","@id":"https:\/\/www.rumicon.sk\/hu\/produkt\/pure-delicious-mango-03l\/#breadcrumb","itemListElement":[{"@type":"ListItem","position":1,"name":"Home","item":"https:\/\/www.rumicon.sk\/hu\/home\/"},{"@type":"ListItem","position":2,"name":"Web\u00e1ruh\u00e1z","item":"https:\/\/www.rumicon.sk\/hu\/webaruhaz\/"},{"@type":"ListItem","position":3,"name":"P\u00fcr\u00e9 Delicious mang\u00f3 0,3l"}]},{"@type":"WebSite","@id":"https:\/\/www.rumicon.sk\/hu\/#website","url":"https:\/\/www.rumicon.sk\/hu\/","name":"rumicon.sk","description":"","publisher":{"@id":"https:\/\/www.rumicon.sk\/hu\/#organization"},"potentialAction":[{"@type":"SearchAction","target":{"@type":"EntryPoint","urlTemplate":"https:\/\/www.rumicon.sk\/hu\/?s={search_term_string}"},"query-input":{"@type":"PropertyValueSpecification","valueRequired":true,"valueName":"search_term_string"}}],"inLanguage":"hu"},{"@type":"Organization","@id":"https:\/\/www.rumicon.sk\/hu\/#organization","name":"rumicon.sk","url":"https:\/\/www.rumicon.sk\/hu\/","logo":{"@type":"ImageObject","inLanguage":"hu","@id":"https:\/\/www.rumicon.sk\/hu\/#\/schema\/logo\/image\/","url":"https:\/\/www.rumicon.sk\/wp-content\/uploads\/logo-rumicon-bcs-color.png","contentUrl":"https:\/\/www.rumicon.sk\/wp-content\/uploads\/logo-rumicon-bcs-color.png","width":827,"height":278,"caption":"rumicon.sk"},"image":{"@id":"https:\/\/www.rumicon.sk\/hu\/#\/schema\/logo\/image\/"},"sameAs":["https:\/\/www.facebook.com\/people\/Rumicon-Bottle-Cigar-Shop\/100087110283303\/","https:\/\/www.instagram.com\/rumicon_bottle_cigar_shop\/","https:\/\/www.tiktok.com\/@rumicon2022"]}]}},"_links":{"self":[{"href":"https:\/\/www.rumicon.sk\/hu\/wp-json\/wp\/v2\/product\/7018","targetHints":{"allow":["GET"]}}],"collection":[{"href":"https:\/\/www.rumicon.sk\/hu\/wp-json\/wp\/v2\/product"}],"about":[{"href":"https:\/\/www.rumicon.sk\/hu\/wp-json\/wp\/v2\/types\/product"}],"replies":[{"embeddable":true,"href":"https:\/\/www.rumicon.sk\/hu\/wp-json\/wp\/v2\/comments?post=7018"}],"wp:featuredmedia":[{"embeddable":true,"href":"https:\/\/www.rumicon.sk\/hu\/wp-json\/wp\/v2\/media\/7017"}],"wp:attachment":[{"href":"https:\/\/www.rumicon.sk\/hu\/wp-json\/wp\/v2\/media?parent=7018"}],"wp:term":[{"taxonomy":"product_brand","embeddable":true,"href":"https:\/\/www.rumicon.sk\/hu\/wp-json\/wp\/v2\/product_brand?post=7018"},{"taxonomy":"product_cat","embeddable":true,"href":"https:\/\/www.rumicon.sk\/hu\/wp-json\/wp\/v2\/product_cat?post=7018"},{"taxonomy":"product_tag","embeddable":true,"href":"https:\/\/www.rumicon.sk\/hu\/wp-json\/wp\/v2\/product_tag?post=7018"}],"curies":[{"name":"wp","href":"https:\/\/api.w.org\/{rel}","templated":true}]}}