{"id":6188,"date":"2023-04-17T13:55:04","date_gmt":"2023-04-17T11:55:04","guid":{"rendered":"https:\/\/www.rumicon.sk\/produkt\/rum-diplomatico-reserve-exclusiva-07-l-40\/"},"modified":"2025-08-14T11:41:20","modified_gmt":"2025-08-14T09:41:20","slug":"rum-diplomatico-reserve-exclusiva-07-l-40","status":"publish","type":"product","link":"https:\/\/www.rumicon.sk\/hu\/produkt\/rum-diplomatico-reserve-exclusiva-07-l-40\/","title":{"rendered":"Rum Diplomatico Reserve Exclusiva 0,7 l 40..."},"content":{"rendered":"<p>Illat: karamell, fah\u00e9j, van\u00edlia, f\u0171szerek \u00cdz: van\u00edlia, karamell, di\u00f3 Befejez\u00e9s: hossz\u00fa, di\u00f3s \u00edz\u0171<\/p>\n","protected":false},"excerpt":{"rendered":"<p>A Diplom\u00e1tico Reserva Exclusiva a pot still m\u00f3dszerrel desztill\u00e1lt rum kiv\u00e1l\u00f3 kever\u00e9ke. Ezt a folyamatot speci\u00e1lis r\u00e9z lep\u00e1rl\u00f3kban v\u00e9gzik, amelyeket csak korl\u00e1tozott mennyis\u00e9gben t\u00f6rt\u00e9n\u0151 palackoz\u00e1sra terveztek. A Reserva Exclusiva lassan, t\u00f6lgyfahord\u00f3kban \u00e9rlel\u0151dik az Andok l\u00e1b\u00e1n\u00e1l, ak\u00e1r 12 \u00e9vig.  <\/p>\n","protected":false},"featured_media":6190,"comment_status":"closed","ping_status":"closed","template":"","meta":{"_acf_changed":false},"product_brand":[],"product_cat":[483,485],"product_tag":[864],"class_list":{"0":"post-6188","1":"product","2":"type-product","3":"status-publish","4":"has-post-thumbnail","6":"product_cat-rum-hu","7":"product_cat-sotet-rum","8":"product_tag-diplomatico-hu-2","9":"pa_druh-alkoholu-rum-hu","10":"pa_krajina-povodu-venezuela-hu","11":"pa_objem-07-l-hu","12":"pa_obsah-alkoholu-40-hu","13":"pa_znacka-diplomatico-hu","15":"first","16":"outofstock","17":"taxable","18":"shipping-taxable","19":"purchasable","20":"product-type-simple"},"acf":[],"yoast_head":"<!-- This site is optimized with the Yoast SEO plugin v27.0 - https:\/\/yoast.com\/product\/yoast-seo-wordpress\/ -->\n<title>Rum Diplomatico Reserve Exclusiva 0,7 l 40% - rumicon.sk<\/title>\n<meta name=\"robots\" content=\"index, follow, max-snippet:-1, max-image-preview:large, max-video-preview:-1\" \/>\n<link rel=\"canonical\" href=\"https:\/\/www.rumicon.sk\/hu\/produkt\/rum-diplomatico-reserve-exclusiva-07-l-40\/\" \/>\n<meta property=\"og:locale\" content=\"hu_HU\" \/>\n<meta property=\"og:type\" content=\"article\" \/>\n<meta property=\"og:title\" content=\"Rum Diplomatico Reserve Exclusiva 0,7 l 40% - rumicon.sk\" \/>\n<meta property=\"og:description\" content=\"A Diplom\u00e1tico Reserva Exclusiva a pot still m\u00f3dszerrel desztill\u00e1lt rum kiv\u00e1l\u00f3 kever\u00e9ke. Ezt a folyamatot speci\u00e1lis r\u00e9z lep\u00e1rl\u00f3kban v\u00e9gzik, amelyeket csak korl\u00e1tozott mennyis\u00e9gben t\u00f6rt\u00e9n\u0151 palackoz\u00e1sra terveztek. A Reserva Exclusiva lassan, t\u00f6lgyfahord\u00f3kban \u00e9rlel\u0151dik az Andok l\u00e1b\u00e1n\u00e1l, ak\u00e1r 12 \u00e9vig.\" \/>\n<meta property=\"og:url\" content=\"https:\/\/www.rumicon.sk\/hu\/produkt\/rum-diplomatico-reserve-exclusiva-07-l-40\/\" \/>\n<meta property=\"og:site_name\" content=\"rumicon.sk\" \/>\n<meta property=\"article:publisher\" content=\"https:\/\/www.facebook.com\/people\/Rumicon-Bottle-Cigar-Shop\/100087110283303\/\" \/>\n<meta property=\"article:modified_time\" content=\"2025-08-14T09:41:20+00:00\" \/>\n<meta property=\"og:image\" content=\"https:\/\/www.rumicon.sk\/wp-content\/uploads\/diplomatico-reserva-exclusiva.jpg\" \/>\n\t<meta property=\"og:image:width\" content=\"1600\" \/>\n\t<meta property=\"og:image:height\" content=\"1600\" \/>\n\t<meta property=\"og:image:type\" content=\"image\/jpeg\" \/>\n<meta name=\"twitter:card\" content=\"summary_large_image\" \/>\n<script type=\"application\/ld+json\" class=\"yoast-schema-graph\">{\"@context\":\"https:\/\/schema.org\",\"@graph\":[{\"@type\":\"WebPage\",\"@id\":\"https:\/\/www.rumicon.sk\/hu\/produkt\/rum-diplomatico-reserve-exclusiva-07-l-40\/\",\"url\":\"https:\/\/www.rumicon.sk\/hu\/produkt\/rum-diplomatico-reserve-exclusiva-07-l-40\/\",\"name\":\"Rum Diplomatico Reserve Exclusiva 0,7 l 40% - rumicon.sk\",\"isPartOf\":{\"@id\":\"https:\/\/www.rumicon.sk\/hu\/#website\"},\"primaryImageOfPage\":{\"@id\":\"https:\/\/www.rumicon.sk\/hu\/produkt\/rum-diplomatico-reserve-exclusiva-07-l-40\/#primaryimage\"},\"image\":{\"@id\":\"https:\/\/www.rumicon.sk\/hu\/produkt\/rum-diplomatico-reserve-exclusiva-07-l-40\/#primaryimage\"},\"thumbnailUrl\":\"https:\/\/www.rumicon.sk\/wp-content\/uploads\/diplomatico-reserva-exclusiva.jpg\",\"datePublished\":\"2023-04-17T11:55:04+00:00\",\"dateModified\":\"2025-08-14T09:41:20+00:00\",\"breadcrumb\":{\"@id\":\"https:\/\/www.rumicon.sk\/hu\/produkt\/rum-diplomatico-reserve-exclusiva-07-l-40\/#breadcrumb\"},\"inLanguage\":\"hu\",\"potentialAction\":[{\"@type\":\"ReadAction\",\"target\":[\"https:\/\/www.rumicon.sk\/hu\/produkt\/rum-diplomatico-reserve-exclusiva-07-l-40\/\"]}]},{\"@type\":\"ImageObject\",\"inLanguage\":\"hu\",\"@id\":\"https:\/\/www.rumicon.sk\/hu\/produkt\/rum-diplomatico-reserve-exclusiva-07-l-40\/#primaryimage\",\"url\":\"https:\/\/www.rumicon.sk\/wp-content\/uploads\/diplomatico-reserva-exclusiva.jpg\",\"contentUrl\":\"https:\/\/www.rumicon.sk\/wp-content\/uploads\/diplomatico-reserva-exclusiva.jpg\",\"width\":1600,\"height\":1600},{\"@type\":\"BreadcrumbList\",\"@id\":\"https:\/\/www.rumicon.sk\/hu\/produkt\/rum-diplomatico-reserve-exclusiva-07-l-40\/#breadcrumb\",\"itemListElement\":[{\"@type\":\"ListItem\",\"position\":1,\"name\":\"Home\",\"item\":\"https:\/\/www.rumicon.sk\/hu\/home\/\"},{\"@type\":\"ListItem\",\"position\":2,\"name\":\"Web\u00e1ruh\u00e1z\",\"item\":\"https:\/\/www.rumicon.sk\/hu\/webaruhaz\/\"},{\"@type\":\"ListItem\",\"position\":3,\"name\":\"Rum Diplomatico Reserve Exclusiva 0,7 l 40...\"}]},{\"@type\":\"WebSite\",\"@id\":\"https:\/\/www.rumicon.sk\/hu\/#website\",\"url\":\"https:\/\/www.rumicon.sk\/hu\/\",\"name\":\"rumicon.sk\",\"description\":\"\",\"publisher\":{\"@id\":\"https:\/\/www.rumicon.sk\/hu\/#organization\"},\"potentialAction\":[{\"@type\":\"SearchAction\",\"target\":{\"@type\":\"EntryPoint\",\"urlTemplate\":\"https:\/\/www.rumicon.sk\/hu\/?s={search_term_string}\"},\"query-input\":{\"@type\":\"PropertyValueSpecification\",\"valueRequired\":true,\"valueName\":\"search_term_string\"}}],\"inLanguage\":\"hu\"},{\"@type\":\"Organization\",\"@id\":\"https:\/\/www.rumicon.sk\/hu\/#organization\",\"name\":\"rumicon.sk\",\"url\":\"https:\/\/www.rumicon.sk\/hu\/\",\"logo\":{\"@type\":\"ImageObject\",\"inLanguage\":\"hu\",\"@id\":\"https:\/\/www.rumicon.sk\/hu\/#\/schema\/logo\/image\/\",\"url\":\"https:\/\/www.rumicon.sk\/wp-content\/uploads\/logo-rumicon-bcs-color.png\",\"contentUrl\":\"https:\/\/www.rumicon.sk\/wp-content\/uploads\/logo-rumicon-bcs-color.png\",\"width\":827,\"height\":278,\"caption\":\"rumicon.sk\"},\"image\":{\"@id\":\"https:\/\/www.rumicon.sk\/hu\/#\/schema\/logo\/image\/\"},\"sameAs\":[\"https:\/\/www.facebook.com\/people\/Rumicon-Bottle-Cigar-Shop\/100087110283303\/\",\"https:\/\/www.instagram.com\/rumicon_bottle_cigar_shop\/\",\"https:\/\/www.tiktok.com\/@rumicon2022\"]}]}<\/script>\n<!-- \/ Yoast SEO plugin. -->","yoast_head_json":{"title":"Rum Diplomatico Reserve Exclusiva 0,7 l 40% - rumicon.sk","robots":{"index":"index","follow":"follow","max-snippet":"max-snippet:-1","max-image-preview":"max-image-preview:large","max-video-preview":"max-video-preview:-1"},"canonical":"https:\/\/www.rumicon.sk\/hu\/produkt\/rum-diplomatico-reserve-exclusiva-07-l-40\/","og_locale":"hu_HU","og_type":"article","og_title":"Rum Diplomatico Reserve Exclusiva 0,7 l 40% - rumicon.sk","og_description":"A Diplom\u00e1tico Reserva Exclusiva a pot still m\u00f3dszerrel desztill\u00e1lt rum kiv\u00e1l\u00f3 kever\u00e9ke. Ezt a folyamatot speci\u00e1lis r\u00e9z lep\u00e1rl\u00f3kban v\u00e9gzik, amelyeket csak korl\u00e1tozott mennyis\u00e9gben t\u00f6rt\u00e9n\u0151 palackoz\u00e1sra terveztek. A Reserva Exclusiva lassan, t\u00f6lgyfahord\u00f3kban \u00e9rlel\u0151dik az Andok l\u00e1b\u00e1n\u00e1l, ak\u00e1r 12 \u00e9vig.","og_url":"https:\/\/www.rumicon.sk\/hu\/produkt\/rum-diplomatico-reserve-exclusiva-07-l-40\/","og_site_name":"rumicon.sk","article_publisher":"https:\/\/www.facebook.com\/people\/Rumicon-Bottle-Cigar-Shop\/100087110283303\/","article_modified_time":"2025-08-14T09:41:20+00:00","og_image":[{"width":1600,"height":1600,"url":"https:\/\/www.rumicon.sk\/wp-content\/uploads\/diplomatico-reserva-exclusiva.jpg","type":"image\/jpeg"}],"twitter_card":"summary_large_image","schema":{"@context":"https:\/\/schema.org","@graph":[{"@type":"WebPage","@id":"https:\/\/www.rumicon.sk\/hu\/produkt\/rum-diplomatico-reserve-exclusiva-07-l-40\/","url":"https:\/\/www.rumicon.sk\/hu\/produkt\/rum-diplomatico-reserve-exclusiva-07-l-40\/","name":"Rum Diplomatico Reserve Exclusiva 0,7 l 40% - rumicon.sk","isPartOf":{"@id":"https:\/\/www.rumicon.sk\/hu\/#website"},"primaryImageOfPage":{"@id":"https:\/\/www.rumicon.sk\/hu\/produkt\/rum-diplomatico-reserve-exclusiva-07-l-40\/#primaryimage"},"image":{"@id":"https:\/\/www.rumicon.sk\/hu\/produkt\/rum-diplomatico-reserve-exclusiva-07-l-40\/#primaryimage"},"thumbnailUrl":"https:\/\/www.rumicon.sk\/wp-content\/uploads\/diplomatico-reserva-exclusiva.jpg","datePublished":"2023-04-17T11:55:04+00:00","dateModified":"2025-08-14T09:41:20+00:00","breadcrumb":{"@id":"https:\/\/www.rumicon.sk\/hu\/produkt\/rum-diplomatico-reserve-exclusiva-07-l-40\/#breadcrumb"},"inLanguage":"hu","potentialAction":[{"@type":"ReadAction","target":["https:\/\/www.rumicon.sk\/hu\/produkt\/rum-diplomatico-reserve-exclusiva-07-l-40\/"]}]},{"@type":"ImageObject","inLanguage":"hu","@id":"https:\/\/www.rumicon.sk\/hu\/produkt\/rum-diplomatico-reserve-exclusiva-07-l-40\/#primaryimage","url":"https:\/\/www.rumicon.sk\/wp-content\/uploads\/diplomatico-reserva-exclusiva.jpg","contentUrl":"https:\/\/www.rumicon.sk\/wp-content\/uploads\/diplomatico-reserva-exclusiva.jpg","width":1600,"height":1600},{"@type":"BreadcrumbList","@id":"https:\/\/www.rumicon.sk\/hu\/produkt\/rum-diplomatico-reserve-exclusiva-07-l-40\/#breadcrumb","itemListElement":[{"@type":"ListItem","position":1,"name":"Home","item":"https:\/\/www.rumicon.sk\/hu\/home\/"},{"@type":"ListItem","position":2,"name":"Web\u00e1ruh\u00e1z","item":"https:\/\/www.rumicon.sk\/hu\/webaruhaz\/"},{"@type":"ListItem","position":3,"name":"Rum Diplomatico Reserve Exclusiva 0,7 l 40..."}]},{"@type":"WebSite","@id":"https:\/\/www.rumicon.sk\/hu\/#website","url":"https:\/\/www.rumicon.sk\/hu\/","name":"rumicon.sk","description":"","publisher":{"@id":"https:\/\/www.rumicon.sk\/hu\/#organization"},"potentialAction":[{"@type":"SearchAction","target":{"@type":"EntryPoint","urlTemplate":"https:\/\/www.rumicon.sk\/hu\/?s={search_term_string}"},"query-input":{"@type":"PropertyValueSpecification","valueRequired":true,"valueName":"search_term_string"}}],"inLanguage":"hu"},{"@type":"Organization","@id":"https:\/\/www.rumicon.sk\/hu\/#organization","name":"rumicon.sk","url":"https:\/\/www.rumicon.sk\/hu\/","logo":{"@type":"ImageObject","inLanguage":"hu","@id":"https:\/\/www.rumicon.sk\/hu\/#\/schema\/logo\/image\/","url":"https:\/\/www.rumicon.sk\/wp-content\/uploads\/logo-rumicon-bcs-color.png","contentUrl":"https:\/\/www.rumicon.sk\/wp-content\/uploads\/logo-rumicon-bcs-color.png","width":827,"height":278,"caption":"rumicon.sk"},"image":{"@id":"https:\/\/www.rumicon.sk\/hu\/#\/schema\/logo\/image\/"},"sameAs":["https:\/\/www.facebook.com\/people\/Rumicon-Bottle-Cigar-Shop\/100087110283303\/","https:\/\/www.instagram.com\/rumicon_bottle_cigar_shop\/","https:\/\/www.tiktok.com\/@rumicon2022"]}]}},"_links":{"self":[{"href":"https:\/\/www.rumicon.sk\/hu\/wp-json\/wp\/v2\/product\/6188","targetHints":{"allow":["GET"]}}],"collection":[{"href":"https:\/\/www.rumicon.sk\/hu\/wp-json\/wp\/v2\/product"}],"about":[{"href":"https:\/\/www.rumicon.sk\/hu\/wp-json\/wp\/v2\/types\/product"}],"replies":[{"embeddable":true,"href":"https:\/\/www.rumicon.sk\/hu\/wp-json\/wp\/v2\/comments?post=6188"}],"wp:featuredmedia":[{"embeddable":true,"href":"https:\/\/www.rumicon.sk\/hu\/wp-json\/wp\/v2\/media\/6190"}],"wp:attachment":[{"href":"https:\/\/www.rumicon.sk\/hu\/wp-json\/wp\/v2\/media?parent=6188"}],"wp:term":[{"taxonomy":"product_brand","embeddable":true,"href":"https:\/\/www.rumicon.sk\/hu\/wp-json\/wp\/v2\/product_brand?post=6188"},{"taxonomy":"product_cat","embeddable":true,"href":"https:\/\/www.rumicon.sk\/hu\/wp-json\/wp\/v2\/product_cat?post=6188"},{"taxonomy":"product_tag","embeddable":true,"href":"https:\/\/www.rumicon.sk\/hu\/wp-json\/wp\/v2\/product_tag?post=6188"}],"curies":[{"name":"wp","href":"https:\/\/api.w.org\/{rel}","templated":true}]}}