{"id":6179,"date":"2023-04-17T13:55:05","date_gmt":"2023-04-17T11:55:05","guid":{"rendered":"https:\/\/www.rumicon.sk\/produkt\/rum-diplomatico-ambassador-07-l-47\/"},"modified":"2024-10-08T13:09:34","modified_gmt":"2024-10-08T11:09:34","slug":"rum-diplomatico-ambassador-07-l-47","status":"publish","type":"product","link":"https:\/\/www.rumicon.sk\/hu\/produkt\/rum-diplomatico-ambassador-07-l-47\/","title":{"rendered":"Rum Diplomatico Ambassador 0,7 l 47%"},"content":{"rendered":"<p>Illat: f\u0171szeres, sz\u00e1raz \u00cdz: di\u00f3, mazsola, f\u0171szerek Befejez\u00e9s: gy\u00fcm\u00f6lcs\u00f6s, sz\u00e1raz<\/p>\n","protected":false},"excerpt":{"rendered":"<p>A Diplom\u00e1tico Ambassador egy s\u00f6t\u00e9t aranysz\u00edn\u0171 n\u00e1dsz\u00e1las rum, amelyet tizenk\u00e9t \u00e9vig \u00e9rlelnek amerikai feh\u00e9r t\u00f6lgyfahord\u00f3ban, ahol kor\u00e1bban a bourbont is \u00e9rlelt\u00e9k. Ezt k\u00f6vet\u0151en tov\u00e1bbi k\u00e9t \u00e9vig Pedro Xim\u00e9nez spanyol sherry hord\u00f3kban \u00e9rlelik. <\/p>\n","protected":false},"featured_media":6181,"comment_status":"closed","ping_status":"closed","template":"","meta":{"_acf_changed":false},"product_brand":[],"product_cat":[483,485],"product_tag":[864],"class_list":{"0":"post-6179","1":"product","2":"type-product","3":"status-publish","4":"has-post-thumbnail","6":"product_cat-rum-hu","7":"product_cat-sotet-rum","8":"product_tag-diplomatico-hu-2","9":"pa_druh-alkoholu-rum-hu","10":"pa_krajina-povodu-venezuela-hu","11":"pa_objem-07-l-hu","12":"pa_obsah-alkoholu-47-hu","13":"pa_znacka-diplomatico-hu","15":"first","16":"outofstock","17":"taxable","18":"shipping-taxable","19":"purchasable","20":"product-type-simple"},"acf":[],"yoast_head":"<!-- This site is optimized with the Yoast SEO plugin v27.0 - https:\/\/yoast.com\/product\/yoast-seo-wordpress\/ -->\n<title>Rum Diplomatico Ambassador 0,7 l 47% - rumicon.sk<\/title>\n<meta name=\"robots\" content=\"index, follow, max-snippet:-1, max-image-preview:large, max-video-preview:-1\" \/>\n<link rel=\"canonical\" href=\"https:\/\/www.rumicon.sk\/hu\/produkt\/rum-diplomatico-ambassador-07-l-47\/\" \/>\n<meta property=\"og:locale\" content=\"hu_HU\" \/>\n<meta property=\"og:type\" content=\"article\" \/>\n<meta property=\"og:title\" content=\"Rum Diplomatico Ambassador 0,7 l 47% - rumicon.sk\" \/>\n<meta property=\"og:description\" content=\"A Diplom\u00e1tico Ambassador egy s\u00f6t\u00e9t aranysz\u00edn\u0171 n\u00e1dsz\u00e1las rum, amelyet tizenk\u00e9t \u00e9vig \u00e9rlelnek amerikai feh\u00e9r t\u00f6lgyfahord\u00f3ban, ahol kor\u00e1bban a bourbont is \u00e9rlelt\u00e9k. Ezt k\u00f6vet\u0151en tov\u00e1bbi k\u00e9t \u00e9vig Pedro Xim\u00e9nez spanyol sherry hord\u00f3kban \u00e9rlelik.\" \/>\n<meta property=\"og:url\" content=\"https:\/\/www.rumicon.sk\/hu\/produkt\/rum-diplomatico-ambassador-07-l-47\/\" \/>\n<meta property=\"og:site_name\" content=\"rumicon.sk\" \/>\n<meta property=\"article:publisher\" content=\"https:\/\/www.facebook.com\/people\/Rumicon-Bottle-Cigar-Shop\/100087110283303\/\" \/>\n<meta property=\"article:modified_time\" content=\"2024-10-08T11:09:34+00:00\" \/>\n<meta property=\"og:image\" content=\"https:\/\/www.rumicon.sk\/wp-content\/uploads\/diplomatico-ambassador.jpg\" \/>\n\t<meta property=\"og:image:width\" content=\"1600\" \/>\n\t<meta property=\"og:image:height\" content=\"1600\" \/>\n\t<meta property=\"og:image:type\" content=\"image\/jpeg\" \/>\n<meta name=\"twitter:card\" content=\"summary_large_image\" \/>\n<script type=\"application\/ld+json\" class=\"yoast-schema-graph\">{\"@context\":\"https:\/\/schema.org\",\"@graph\":[{\"@type\":\"WebPage\",\"@id\":\"https:\/\/www.rumicon.sk\/hu\/produkt\/rum-diplomatico-ambassador-07-l-47\/\",\"url\":\"https:\/\/www.rumicon.sk\/hu\/produkt\/rum-diplomatico-ambassador-07-l-47\/\",\"name\":\"Rum Diplomatico Ambassador 0,7 l 47% - rumicon.sk\",\"isPartOf\":{\"@id\":\"https:\/\/www.rumicon.sk\/hu\/#website\"},\"primaryImageOfPage\":{\"@id\":\"https:\/\/www.rumicon.sk\/hu\/produkt\/rum-diplomatico-ambassador-07-l-47\/#primaryimage\"},\"image\":{\"@id\":\"https:\/\/www.rumicon.sk\/hu\/produkt\/rum-diplomatico-ambassador-07-l-47\/#primaryimage\"},\"thumbnailUrl\":\"https:\/\/www.rumicon.sk\/wp-content\/uploads\/diplomatico-ambassador.jpg\",\"datePublished\":\"2023-04-17T11:55:05+00:00\",\"dateModified\":\"2024-10-08T11:09:34+00:00\",\"breadcrumb\":{\"@id\":\"https:\/\/www.rumicon.sk\/hu\/produkt\/rum-diplomatico-ambassador-07-l-47\/#breadcrumb\"},\"inLanguage\":\"hu\",\"potentialAction\":[{\"@type\":\"ReadAction\",\"target\":[\"https:\/\/www.rumicon.sk\/hu\/produkt\/rum-diplomatico-ambassador-07-l-47\/\"]}]},{\"@type\":\"ImageObject\",\"inLanguage\":\"hu\",\"@id\":\"https:\/\/www.rumicon.sk\/hu\/produkt\/rum-diplomatico-ambassador-07-l-47\/#primaryimage\",\"url\":\"https:\/\/www.rumicon.sk\/wp-content\/uploads\/diplomatico-ambassador.jpg\",\"contentUrl\":\"https:\/\/www.rumicon.sk\/wp-content\/uploads\/diplomatico-ambassador.jpg\",\"width\":1600,\"height\":1600},{\"@type\":\"BreadcrumbList\",\"@id\":\"https:\/\/www.rumicon.sk\/hu\/produkt\/rum-diplomatico-ambassador-07-l-47\/#breadcrumb\",\"itemListElement\":[{\"@type\":\"ListItem\",\"position\":1,\"name\":\"Home\",\"item\":\"https:\/\/www.rumicon.sk\/hu\/home\/\"},{\"@type\":\"ListItem\",\"position\":2,\"name\":\"Web\u00e1ruh\u00e1z\",\"item\":\"https:\/\/www.rumicon.sk\/hu\/webaruhaz\/\"},{\"@type\":\"ListItem\",\"position\":3,\"name\":\"Rum Diplomatico Ambassador 0,7 l 47%\"}]},{\"@type\":\"WebSite\",\"@id\":\"https:\/\/www.rumicon.sk\/hu\/#website\",\"url\":\"https:\/\/www.rumicon.sk\/hu\/\",\"name\":\"rumicon.sk\",\"description\":\"\",\"publisher\":{\"@id\":\"https:\/\/www.rumicon.sk\/hu\/#organization\"},\"potentialAction\":[{\"@type\":\"SearchAction\",\"target\":{\"@type\":\"EntryPoint\",\"urlTemplate\":\"https:\/\/www.rumicon.sk\/hu\/?s={search_term_string}\"},\"query-input\":{\"@type\":\"PropertyValueSpecification\",\"valueRequired\":true,\"valueName\":\"search_term_string\"}}],\"inLanguage\":\"hu\"},{\"@type\":\"Organization\",\"@id\":\"https:\/\/www.rumicon.sk\/hu\/#organization\",\"name\":\"rumicon.sk\",\"url\":\"https:\/\/www.rumicon.sk\/hu\/\",\"logo\":{\"@type\":\"ImageObject\",\"inLanguage\":\"hu\",\"@id\":\"https:\/\/www.rumicon.sk\/hu\/#\/schema\/logo\/image\/\",\"url\":\"https:\/\/www.rumicon.sk\/wp-content\/uploads\/logo-rumicon-bcs-color.png\",\"contentUrl\":\"https:\/\/www.rumicon.sk\/wp-content\/uploads\/logo-rumicon-bcs-color.png\",\"width\":827,\"height\":278,\"caption\":\"rumicon.sk\"},\"image\":{\"@id\":\"https:\/\/www.rumicon.sk\/hu\/#\/schema\/logo\/image\/\"},\"sameAs\":[\"https:\/\/www.facebook.com\/people\/Rumicon-Bottle-Cigar-Shop\/100087110283303\/\",\"https:\/\/www.instagram.com\/rumicon_bottle_cigar_shop\/\",\"https:\/\/www.tiktok.com\/@rumicon2022\"]}]}<\/script>\n<!-- \/ Yoast SEO plugin. -->","yoast_head_json":{"title":"Rum Diplomatico Ambassador 0,7 l 47% - rumicon.sk","robots":{"index":"index","follow":"follow","max-snippet":"max-snippet:-1","max-image-preview":"max-image-preview:large","max-video-preview":"max-video-preview:-1"},"canonical":"https:\/\/www.rumicon.sk\/hu\/produkt\/rum-diplomatico-ambassador-07-l-47\/","og_locale":"hu_HU","og_type":"article","og_title":"Rum Diplomatico Ambassador 0,7 l 47% - rumicon.sk","og_description":"A Diplom\u00e1tico Ambassador egy s\u00f6t\u00e9t aranysz\u00edn\u0171 n\u00e1dsz\u00e1las rum, amelyet tizenk\u00e9t \u00e9vig \u00e9rlelnek amerikai feh\u00e9r t\u00f6lgyfahord\u00f3ban, ahol kor\u00e1bban a bourbont is \u00e9rlelt\u00e9k. Ezt k\u00f6vet\u0151en tov\u00e1bbi k\u00e9t \u00e9vig Pedro Xim\u00e9nez spanyol sherry hord\u00f3kban \u00e9rlelik.","og_url":"https:\/\/www.rumicon.sk\/hu\/produkt\/rum-diplomatico-ambassador-07-l-47\/","og_site_name":"rumicon.sk","article_publisher":"https:\/\/www.facebook.com\/people\/Rumicon-Bottle-Cigar-Shop\/100087110283303\/","article_modified_time":"2024-10-08T11:09:34+00:00","og_image":[{"width":1600,"height":1600,"url":"https:\/\/www.rumicon.sk\/wp-content\/uploads\/diplomatico-ambassador.jpg","type":"image\/jpeg"}],"twitter_card":"summary_large_image","schema":{"@context":"https:\/\/schema.org","@graph":[{"@type":"WebPage","@id":"https:\/\/www.rumicon.sk\/hu\/produkt\/rum-diplomatico-ambassador-07-l-47\/","url":"https:\/\/www.rumicon.sk\/hu\/produkt\/rum-diplomatico-ambassador-07-l-47\/","name":"Rum Diplomatico Ambassador 0,7 l 47% - rumicon.sk","isPartOf":{"@id":"https:\/\/www.rumicon.sk\/hu\/#website"},"primaryImageOfPage":{"@id":"https:\/\/www.rumicon.sk\/hu\/produkt\/rum-diplomatico-ambassador-07-l-47\/#primaryimage"},"image":{"@id":"https:\/\/www.rumicon.sk\/hu\/produkt\/rum-diplomatico-ambassador-07-l-47\/#primaryimage"},"thumbnailUrl":"https:\/\/www.rumicon.sk\/wp-content\/uploads\/diplomatico-ambassador.jpg","datePublished":"2023-04-17T11:55:05+00:00","dateModified":"2024-10-08T11:09:34+00:00","breadcrumb":{"@id":"https:\/\/www.rumicon.sk\/hu\/produkt\/rum-diplomatico-ambassador-07-l-47\/#breadcrumb"},"inLanguage":"hu","potentialAction":[{"@type":"ReadAction","target":["https:\/\/www.rumicon.sk\/hu\/produkt\/rum-diplomatico-ambassador-07-l-47\/"]}]},{"@type":"ImageObject","inLanguage":"hu","@id":"https:\/\/www.rumicon.sk\/hu\/produkt\/rum-diplomatico-ambassador-07-l-47\/#primaryimage","url":"https:\/\/www.rumicon.sk\/wp-content\/uploads\/diplomatico-ambassador.jpg","contentUrl":"https:\/\/www.rumicon.sk\/wp-content\/uploads\/diplomatico-ambassador.jpg","width":1600,"height":1600},{"@type":"BreadcrumbList","@id":"https:\/\/www.rumicon.sk\/hu\/produkt\/rum-diplomatico-ambassador-07-l-47\/#breadcrumb","itemListElement":[{"@type":"ListItem","position":1,"name":"Home","item":"https:\/\/www.rumicon.sk\/hu\/home\/"},{"@type":"ListItem","position":2,"name":"Web\u00e1ruh\u00e1z","item":"https:\/\/www.rumicon.sk\/hu\/webaruhaz\/"},{"@type":"ListItem","position":3,"name":"Rum Diplomatico Ambassador 0,7 l 47%"}]},{"@type":"WebSite","@id":"https:\/\/www.rumicon.sk\/hu\/#website","url":"https:\/\/www.rumicon.sk\/hu\/","name":"rumicon.sk","description":"","publisher":{"@id":"https:\/\/www.rumicon.sk\/hu\/#organization"},"potentialAction":[{"@type":"SearchAction","target":{"@type":"EntryPoint","urlTemplate":"https:\/\/www.rumicon.sk\/hu\/?s={search_term_string}"},"query-input":{"@type":"PropertyValueSpecification","valueRequired":true,"valueName":"search_term_string"}}],"inLanguage":"hu"},{"@type":"Organization","@id":"https:\/\/www.rumicon.sk\/hu\/#organization","name":"rumicon.sk","url":"https:\/\/www.rumicon.sk\/hu\/","logo":{"@type":"ImageObject","inLanguage":"hu","@id":"https:\/\/www.rumicon.sk\/hu\/#\/schema\/logo\/image\/","url":"https:\/\/www.rumicon.sk\/wp-content\/uploads\/logo-rumicon-bcs-color.png","contentUrl":"https:\/\/www.rumicon.sk\/wp-content\/uploads\/logo-rumicon-bcs-color.png","width":827,"height":278,"caption":"rumicon.sk"},"image":{"@id":"https:\/\/www.rumicon.sk\/hu\/#\/schema\/logo\/image\/"},"sameAs":["https:\/\/www.facebook.com\/people\/Rumicon-Bottle-Cigar-Shop\/100087110283303\/","https:\/\/www.instagram.com\/rumicon_bottle_cigar_shop\/","https:\/\/www.tiktok.com\/@rumicon2022"]}]}},"_links":{"self":[{"href":"https:\/\/www.rumicon.sk\/hu\/wp-json\/wp\/v2\/product\/6179","targetHints":{"allow":["GET"]}}],"collection":[{"href":"https:\/\/www.rumicon.sk\/hu\/wp-json\/wp\/v2\/product"}],"about":[{"href":"https:\/\/www.rumicon.sk\/hu\/wp-json\/wp\/v2\/types\/product"}],"replies":[{"embeddable":true,"href":"https:\/\/www.rumicon.sk\/hu\/wp-json\/wp\/v2\/comments?post=6179"}],"wp:featuredmedia":[{"embeddable":true,"href":"https:\/\/www.rumicon.sk\/hu\/wp-json\/wp\/v2\/media\/6181"}],"wp:attachment":[{"href":"https:\/\/www.rumicon.sk\/hu\/wp-json\/wp\/v2\/media?parent=6179"}],"wp:term":[{"taxonomy":"product_brand","embeddable":true,"href":"https:\/\/www.rumicon.sk\/hu\/wp-json\/wp\/v2\/product_brand?post=6179"},{"taxonomy":"product_cat","embeddable":true,"href":"https:\/\/www.rumicon.sk\/hu\/wp-json\/wp\/v2\/product_cat?post=6179"},{"taxonomy":"product_tag","embeddable":true,"href":"https:\/\/www.rumicon.sk\/hu\/wp-json\/wp\/v2\/product_tag?post=6179"}],"curies":[{"name":"wp","href":"https:\/\/api.w.org\/{rel}","templated":true}]}}