{"id":6176,"date":"2023-04-17T13:55:07","date_gmt":"2023-04-17T11:55:07","guid":{"rendered":"https:\/\/www.rumicon.sk\/produkt\/rum-chairmans-res-vintage-2009-07-l-46\/"},"modified":"2024-10-08T13:09:32","modified_gmt":"2024-10-08T11:09:32","slug":"rum-chairmans-res-vintage-2009-07-l-46","status":"publish","type":"product","link":"https:\/\/www.rumicon.sk\/hu\/produkt\/rum-chairmans-res-vintage-2009-07-l-46\/","title":{"rendered":"Rum Chairmans Res Vintage 2009 0,7 l 46%"},"content":{"rendered":"<p>Illat: karamell, m\u00e9z, van\u00edlia, f\u0171szerek \u00cdz: er\u0151s, mazsola, karamell, csokol\u00e1d\u00e9, gabonaf\u00e9l\u00e9k Befejez\u00e9s: meleg\u00edt\u0151, id\u0151szakos \u00e9s f\u00e1s lecseng\u00e9s\u0171<\/p>\n","protected":false},"excerpt":{"rendered":"<p>A limit\u00e1lt kiad\u00e1s\u00fa Chairman&#8217;s Reserve Vintage 2009 kevert rumot a Saint Lucia sziget\u00e9n tal\u00e1lhat\u00f3 Roseau Smokehouse-ban desztill\u00e1lj\u00e1k. Guyan\u00e1b\u00f3l import\u00e1lt melaszb\u00f3l k\u00e9sz\u00fcl, \u00e9s 1 \u00e9vig t\u00f6lgyfahord\u00f3ban \u00e9rlelik. Ezt k\u00f6vet\u0151en kevert\u00e9k, majd a k\u00f6vetkez\u0151 10 \u00e9vet exourbon t\u00f6lgyfahord\u00f3kban t\u00f6lt\u00f6tte.  <\/p>\n","protected":false},"featured_media":6178,"comment_status":"closed","ping_status":"closed","template":"","meta":{"_acf_changed":false},"product_brand":[],"product_cat":[483,485],"product_tag":[844],"class_list":{"0":"post-6176","1":"product","2":"type-product","3":"status-publish","4":"has-post-thumbnail","6":"product_cat-rum-hu","7":"product_cat-sotet-rum","8":"product_tag-chairmans-reserve-hu","9":"pa_druh-alkoholu-rum-hu","10":"pa_krajina-povodu-szent-lucia","11":"pa_objem-07-l-hu","12":"pa_obsah-alkoholu-46-hu","13":"pa_znacka-chairmans-reserve-hu","15":"first","16":"instock","17":"taxable","18":"shipping-taxable","19":"purchasable","20":"product-type-simple"},"acf":[],"yoast_head":"<!-- This site is optimized with the Yoast SEO plugin v27.0 - https:\/\/yoast.com\/product\/yoast-seo-wordpress\/ -->\n<title>Rum Chairmans Res Vintage 2009 0,7 l 46% - rumicon.sk<\/title>\n<meta name=\"robots\" content=\"index, follow, max-snippet:-1, max-image-preview:large, max-video-preview:-1\" \/>\n<link rel=\"canonical\" href=\"https:\/\/www.rumicon.sk\/hu\/produkt\/rum-chairmans-res-vintage-2009-07-l-46\/\" \/>\n<meta property=\"og:locale\" content=\"hu_HU\" \/>\n<meta property=\"og:type\" content=\"article\" \/>\n<meta property=\"og:title\" content=\"Rum Chairmans Res Vintage 2009 0,7 l 46% - rumicon.sk\" \/>\n<meta property=\"og:description\" content=\"A limit\u00e1lt kiad\u00e1s\u00fa Chairman&#039;s Reserve Vintage 2009 kevert rumot a Saint Lucia sziget\u00e9n tal\u00e1lhat\u00f3 Roseau Smokehouse-ban desztill\u00e1lj\u00e1k. Guyan\u00e1b\u00f3l import\u00e1lt melaszb\u00f3l k\u00e9sz\u00fcl, \u00e9s 1 \u00e9vig t\u00f6lgyfahord\u00f3ban \u00e9rlelik. Ezt k\u00f6vet\u0151en kevert\u00e9k, majd a k\u00f6vetkez\u0151 10 \u00e9vet exourbon t\u00f6lgyfahord\u00f3kban t\u00f6lt\u00f6tte.\" \/>\n<meta property=\"og:url\" content=\"https:\/\/www.rumicon.sk\/hu\/produkt\/rum-chairmans-res-vintage-2009-07-l-46\/\" \/>\n<meta property=\"og:site_name\" content=\"rumicon.sk\" \/>\n<meta property=\"article:publisher\" content=\"https:\/\/www.facebook.com\/people\/Rumicon-Bottle-Cigar-Shop\/100087110283303\/\" \/>\n<meta property=\"article:modified_time\" content=\"2024-10-08T11:09:32+00:00\" \/>\n<meta property=\"og:image\" content=\"https:\/\/www.rumicon.sk\/wp-content\/uploads\/chairmans-res.-vintage.jpg\" \/>\n\t<meta property=\"og:image:width\" content=\"1600\" \/>\n\t<meta property=\"og:image:height\" content=\"1600\" \/>\n\t<meta property=\"og:image:type\" content=\"image\/jpeg\" \/>\n<meta name=\"twitter:card\" content=\"summary_large_image\" \/>\n<script type=\"application\/ld+json\" class=\"yoast-schema-graph\">{\"@context\":\"https:\/\/schema.org\",\"@graph\":[{\"@type\":\"WebPage\",\"@id\":\"https:\/\/www.rumicon.sk\/hu\/produkt\/rum-chairmans-res-vintage-2009-07-l-46\/\",\"url\":\"https:\/\/www.rumicon.sk\/hu\/produkt\/rum-chairmans-res-vintage-2009-07-l-46\/\",\"name\":\"Rum Chairmans Res Vintage 2009 0,7 l 46% - rumicon.sk\",\"isPartOf\":{\"@id\":\"https:\/\/www.rumicon.sk\/hu\/#website\"},\"primaryImageOfPage\":{\"@id\":\"https:\/\/www.rumicon.sk\/hu\/produkt\/rum-chairmans-res-vintage-2009-07-l-46\/#primaryimage\"},\"image\":{\"@id\":\"https:\/\/www.rumicon.sk\/hu\/produkt\/rum-chairmans-res-vintage-2009-07-l-46\/#primaryimage\"},\"thumbnailUrl\":\"https:\/\/www.rumicon.sk\/wp-content\/uploads\/chairmans-res.-vintage.jpg\",\"datePublished\":\"2023-04-17T11:55:07+00:00\",\"dateModified\":\"2024-10-08T11:09:32+00:00\",\"breadcrumb\":{\"@id\":\"https:\/\/www.rumicon.sk\/hu\/produkt\/rum-chairmans-res-vintage-2009-07-l-46\/#breadcrumb\"},\"inLanguage\":\"hu\",\"potentialAction\":[{\"@type\":\"ReadAction\",\"target\":[\"https:\/\/www.rumicon.sk\/hu\/produkt\/rum-chairmans-res-vintage-2009-07-l-46\/\"]}]},{\"@type\":\"ImageObject\",\"inLanguage\":\"hu\",\"@id\":\"https:\/\/www.rumicon.sk\/hu\/produkt\/rum-chairmans-res-vintage-2009-07-l-46\/#primaryimage\",\"url\":\"https:\/\/www.rumicon.sk\/wp-content\/uploads\/chairmans-res.-vintage.jpg\",\"contentUrl\":\"https:\/\/www.rumicon.sk\/wp-content\/uploads\/chairmans-res.-vintage.jpg\",\"width\":1600,\"height\":1600},{\"@type\":\"BreadcrumbList\",\"@id\":\"https:\/\/www.rumicon.sk\/hu\/produkt\/rum-chairmans-res-vintage-2009-07-l-46\/#breadcrumb\",\"itemListElement\":[{\"@type\":\"ListItem\",\"position\":1,\"name\":\"Home\",\"item\":\"https:\/\/www.rumicon.sk\/hu\/home\/\"},{\"@type\":\"ListItem\",\"position\":2,\"name\":\"Web\u00e1ruh\u00e1z\",\"item\":\"https:\/\/www.rumicon.sk\/hu\/webaruhaz\/\"},{\"@type\":\"ListItem\",\"position\":3,\"name\":\"Rum Chairmans Res Vintage 2009 0,7 l 46%\"}]},{\"@type\":\"WebSite\",\"@id\":\"https:\/\/www.rumicon.sk\/hu\/#website\",\"url\":\"https:\/\/www.rumicon.sk\/hu\/\",\"name\":\"rumicon.sk\",\"description\":\"\",\"publisher\":{\"@id\":\"https:\/\/www.rumicon.sk\/hu\/#organization\"},\"potentialAction\":[{\"@type\":\"SearchAction\",\"target\":{\"@type\":\"EntryPoint\",\"urlTemplate\":\"https:\/\/www.rumicon.sk\/hu\/?s={search_term_string}\"},\"query-input\":{\"@type\":\"PropertyValueSpecification\",\"valueRequired\":true,\"valueName\":\"search_term_string\"}}],\"inLanguage\":\"hu\"},{\"@type\":\"Organization\",\"@id\":\"https:\/\/www.rumicon.sk\/hu\/#organization\",\"name\":\"rumicon.sk\",\"url\":\"https:\/\/www.rumicon.sk\/hu\/\",\"logo\":{\"@type\":\"ImageObject\",\"inLanguage\":\"hu\",\"@id\":\"https:\/\/www.rumicon.sk\/hu\/#\/schema\/logo\/image\/\",\"url\":\"https:\/\/www.rumicon.sk\/wp-content\/uploads\/logo-rumicon-bcs-color.png\",\"contentUrl\":\"https:\/\/www.rumicon.sk\/wp-content\/uploads\/logo-rumicon-bcs-color.png\",\"width\":827,\"height\":278,\"caption\":\"rumicon.sk\"},\"image\":{\"@id\":\"https:\/\/www.rumicon.sk\/hu\/#\/schema\/logo\/image\/\"},\"sameAs\":[\"https:\/\/www.facebook.com\/people\/Rumicon-Bottle-Cigar-Shop\/100087110283303\/\",\"https:\/\/www.instagram.com\/rumicon_bottle_cigar_shop\/\",\"https:\/\/www.tiktok.com\/@rumicon2022\"]}]}<\/script>\n<!-- \/ Yoast SEO plugin. -->","yoast_head_json":{"title":"Rum Chairmans Res Vintage 2009 0,7 l 46% - rumicon.sk","robots":{"index":"index","follow":"follow","max-snippet":"max-snippet:-1","max-image-preview":"max-image-preview:large","max-video-preview":"max-video-preview:-1"},"canonical":"https:\/\/www.rumicon.sk\/hu\/produkt\/rum-chairmans-res-vintage-2009-07-l-46\/","og_locale":"hu_HU","og_type":"article","og_title":"Rum Chairmans Res Vintage 2009 0,7 l 46% - rumicon.sk","og_description":"A limit\u00e1lt kiad\u00e1s\u00fa Chairman's Reserve Vintage 2009 kevert rumot a Saint Lucia sziget\u00e9n tal\u00e1lhat\u00f3 Roseau Smokehouse-ban desztill\u00e1lj\u00e1k. Guyan\u00e1b\u00f3l import\u00e1lt melaszb\u00f3l k\u00e9sz\u00fcl, \u00e9s 1 \u00e9vig t\u00f6lgyfahord\u00f3ban \u00e9rlelik. Ezt k\u00f6vet\u0151en kevert\u00e9k, majd a k\u00f6vetkez\u0151 10 \u00e9vet exourbon t\u00f6lgyfahord\u00f3kban t\u00f6lt\u00f6tte.","og_url":"https:\/\/www.rumicon.sk\/hu\/produkt\/rum-chairmans-res-vintage-2009-07-l-46\/","og_site_name":"rumicon.sk","article_publisher":"https:\/\/www.facebook.com\/people\/Rumicon-Bottle-Cigar-Shop\/100087110283303\/","article_modified_time":"2024-10-08T11:09:32+00:00","og_image":[{"width":1600,"height":1600,"url":"https:\/\/www.rumicon.sk\/wp-content\/uploads\/chairmans-res.-vintage.jpg","type":"image\/jpeg"}],"twitter_card":"summary_large_image","schema":{"@context":"https:\/\/schema.org","@graph":[{"@type":"WebPage","@id":"https:\/\/www.rumicon.sk\/hu\/produkt\/rum-chairmans-res-vintage-2009-07-l-46\/","url":"https:\/\/www.rumicon.sk\/hu\/produkt\/rum-chairmans-res-vintage-2009-07-l-46\/","name":"Rum Chairmans Res Vintage 2009 0,7 l 46% - rumicon.sk","isPartOf":{"@id":"https:\/\/www.rumicon.sk\/hu\/#website"},"primaryImageOfPage":{"@id":"https:\/\/www.rumicon.sk\/hu\/produkt\/rum-chairmans-res-vintage-2009-07-l-46\/#primaryimage"},"image":{"@id":"https:\/\/www.rumicon.sk\/hu\/produkt\/rum-chairmans-res-vintage-2009-07-l-46\/#primaryimage"},"thumbnailUrl":"https:\/\/www.rumicon.sk\/wp-content\/uploads\/chairmans-res.-vintage.jpg","datePublished":"2023-04-17T11:55:07+00:00","dateModified":"2024-10-08T11:09:32+00:00","breadcrumb":{"@id":"https:\/\/www.rumicon.sk\/hu\/produkt\/rum-chairmans-res-vintage-2009-07-l-46\/#breadcrumb"},"inLanguage":"hu","potentialAction":[{"@type":"ReadAction","target":["https:\/\/www.rumicon.sk\/hu\/produkt\/rum-chairmans-res-vintage-2009-07-l-46\/"]}]},{"@type":"ImageObject","inLanguage":"hu","@id":"https:\/\/www.rumicon.sk\/hu\/produkt\/rum-chairmans-res-vintage-2009-07-l-46\/#primaryimage","url":"https:\/\/www.rumicon.sk\/wp-content\/uploads\/chairmans-res.-vintage.jpg","contentUrl":"https:\/\/www.rumicon.sk\/wp-content\/uploads\/chairmans-res.-vintage.jpg","width":1600,"height":1600},{"@type":"BreadcrumbList","@id":"https:\/\/www.rumicon.sk\/hu\/produkt\/rum-chairmans-res-vintage-2009-07-l-46\/#breadcrumb","itemListElement":[{"@type":"ListItem","position":1,"name":"Home","item":"https:\/\/www.rumicon.sk\/hu\/home\/"},{"@type":"ListItem","position":2,"name":"Web\u00e1ruh\u00e1z","item":"https:\/\/www.rumicon.sk\/hu\/webaruhaz\/"},{"@type":"ListItem","position":3,"name":"Rum Chairmans Res Vintage 2009 0,7 l 46%"}]},{"@type":"WebSite","@id":"https:\/\/www.rumicon.sk\/hu\/#website","url":"https:\/\/www.rumicon.sk\/hu\/","name":"rumicon.sk","description":"","publisher":{"@id":"https:\/\/www.rumicon.sk\/hu\/#organization"},"potentialAction":[{"@type":"SearchAction","target":{"@type":"EntryPoint","urlTemplate":"https:\/\/www.rumicon.sk\/hu\/?s={search_term_string}"},"query-input":{"@type":"PropertyValueSpecification","valueRequired":true,"valueName":"search_term_string"}}],"inLanguage":"hu"},{"@type":"Organization","@id":"https:\/\/www.rumicon.sk\/hu\/#organization","name":"rumicon.sk","url":"https:\/\/www.rumicon.sk\/hu\/","logo":{"@type":"ImageObject","inLanguage":"hu","@id":"https:\/\/www.rumicon.sk\/hu\/#\/schema\/logo\/image\/","url":"https:\/\/www.rumicon.sk\/wp-content\/uploads\/logo-rumicon-bcs-color.png","contentUrl":"https:\/\/www.rumicon.sk\/wp-content\/uploads\/logo-rumicon-bcs-color.png","width":827,"height":278,"caption":"rumicon.sk"},"image":{"@id":"https:\/\/www.rumicon.sk\/hu\/#\/schema\/logo\/image\/"},"sameAs":["https:\/\/www.facebook.com\/people\/Rumicon-Bottle-Cigar-Shop\/100087110283303\/","https:\/\/www.instagram.com\/rumicon_bottle_cigar_shop\/","https:\/\/www.tiktok.com\/@rumicon2022"]}]}},"_links":{"self":[{"href":"https:\/\/www.rumicon.sk\/hu\/wp-json\/wp\/v2\/product\/6176","targetHints":{"allow":["GET"]}}],"collection":[{"href":"https:\/\/www.rumicon.sk\/hu\/wp-json\/wp\/v2\/product"}],"about":[{"href":"https:\/\/www.rumicon.sk\/hu\/wp-json\/wp\/v2\/types\/product"}],"replies":[{"embeddable":true,"href":"https:\/\/www.rumicon.sk\/hu\/wp-json\/wp\/v2\/comments?post=6176"}],"wp:featuredmedia":[{"embeddable":true,"href":"https:\/\/www.rumicon.sk\/hu\/wp-json\/wp\/v2\/media\/6178"}],"wp:attachment":[{"href":"https:\/\/www.rumicon.sk\/hu\/wp-json\/wp\/v2\/media?parent=6176"}],"wp:term":[{"taxonomy":"product_brand","embeddable":true,"href":"https:\/\/www.rumicon.sk\/hu\/wp-json\/wp\/v2\/product_brand?post=6176"},{"taxonomy":"product_cat","embeddable":true,"href":"https:\/\/www.rumicon.sk\/hu\/wp-json\/wp\/v2\/product_cat?post=6176"},{"taxonomy":"product_tag","embeddable":true,"href":"https:\/\/www.rumicon.sk\/hu\/wp-json\/wp\/v2\/product_tag?post=6176"}],"curies":[{"name":"wp","href":"https:\/\/api.w.org\/{rel}","templated":true}]}}