{"id":6155,"date":"2023-04-17T13:55:13","date_gmt":"2023-04-17T11:55:13","guid":{"rendered":"https:\/\/www.rumicon.sk\/produkt\/rum-centenario-25y-07l-40-penztarca\/"},"modified":"2025-08-14T11:41:37","modified_gmt":"2025-08-14T09:41:37","slug":"rum-centenario-25y-07l-40-penztarca","status":"publish","type":"product","link":"https:\/\/www.rumicon.sk\/hu\/produkt\/rum-centenario-25y-07l-40-penztarca\/","title":{"rendered":"Rum Centenario 25y 0,7l 40% + p\u00e9nzt\u00e1rca"},"content":{"rendered":"<p>Illat: tr\u00f3pusi gy\u00fcm\u00f6lcs\u00f6k, doh\u00e1ny \u00cdz: tr\u00f3pusi gy\u00fcm\u00f6lcs\u00f6k, melasz, citrusok Befejez\u00e9s: \u00e9des, doh\u00e1nyos jegyekkel.<\/p>\n","protected":false},"excerpt":{"rendered":"<p>A Ron Centenario Gran Reserva 25 Aos egy szuper pr\u00e9mium min\u0151s\u00e9g\u0171 rum Costa Ric\u00e1b\u00f3l. Huszon\u00f6t \u00e9vig \u00e9rlelik kis amerikai t\u00f6lgyfahord\u00f3kban, amelyeket kor\u00e1bban Bourbonhoz haszn\u00e1ltak. <\/p>\n","protected":false},"featured_media":6157,"comment_status":"closed","ping_status":"closed","template":"","meta":{"_acf_changed":false},"product_brand":[],"product_cat":[483,485],"product_tag":[881],"class_list":{"0":"post-6155","1":"product","2":"type-product","3":"status-publish","4":"has-post-thumbnail","6":"product_cat-rum-hu","7":"product_cat-sotet-rum","8":"product_tag-ron-centenario-hu-2","9":"pa_druh-alkoholu-rum-hu","10":"pa_krajina-povodu-costa-rica","11":"pa_objem-07-l-hu","12":"pa_obsah-alkoholu-40-hu","13":"pa_znacka-ron-centenario-hu","15":"first","16":"instock","17":"sale","18":"taxable","19":"shipping-taxable","20":"purchasable","21":"product-type-simple"},"acf":[],"yoast_head":"<!-- This site is optimized with the Yoast SEO plugin v27.0 - https:\/\/yoast.com\/product\/yoast-seo-wordpress\/ -->\n<title>Rum Centenario 25y 0,7l 40% + p\u00e9nzt\u00e1rca - rumicon.sk<\/title>\n<meta name=\"robots\" content=\"index, follow, max-snippet:-1, max-image-preview:large, max-video-preview:-1\" \/>\n<link rel=\"canonical\" href=\"https:\/\/www.rumicon.sk\/hu\/produkt\/rum-centenario-25y-07l-40-penztarca\/\" \/>\n<meta property=\"og:locale\" content=\"hu_HU\" \/>\n<meta property=\"og:type\" content=\"article\" \/>\n<meta property=\"og:title\" content=\"Rum Centenario 25y 0,7l 40% + p\u00e9nzt\u00e1rca - rumicon.sk\" \/>\n<meta property=\"og:description\" content=\"A Ron Centenario Gran Reserva 25 Aos egy szuper pr\u00e9mium min\u0151s\u00e9g\u0171 rum Costa Ric\u00e1b\u00f3l. Huszon\u00f6t \u00e9vig \u00e9rlelik kis amerikai t\u00f6lgyfahord\u00f3kban, amelyeket kor\u00e1bban Bourbonhoz haszn\u00e1ltak.\" \/>\n<meta property=\"og:url\" content=\"https:\/\/www.rumicon.sk\/hu\/produkt\/rum-centenario-25y-07l-40-penztarca\/\" \/>\n<meta property=\"og:site_name\" content=\"rumicon.sk\" \/>\n<meta property=\"article:publisher\" content=\"https:\/\/www.facebook.com\/people\/Rumicon-Bottle-Cigar-Shop\/100087110283303\/\" \/>\n<meta property=\"article:modified_time\" content=\"2025-08-14T09:41:37+00:00\" \/>\n<meta property=\"og:image\" content=\"https:\/\/www.rumicon.sk\/wp-content\/uploads\/CENTENARIO.png\" \/>\n\t<meta property=\"og:image:width\" content=\"509\" \/>\n\t<meta property=\"og:image:height\" content=\"1024\" \/>\n\t<meta property=\"og:image:type\" content=\"image\/png\" \/>\n<meta name=\"twitter:card\" content=\"summary_large_image\" \/>\n<script type=\"application\/ld+json\" class=\"yoast-schema-graph\">{\"@context\":\"https:\/\/schema.org\",\"@graph\":[{\"@type\":\"WebPage\",\"@id\":\"https:\/\/www.rumicon.sk\/hu\/produkt\/rum-centenario-25y-07l-40-penztarca\/\",\"url\":\"https:\/\/www.rumicon.sk\/hu\/produkt\/rum-centenario-25y-07l-40-penztarca\/\",\"name\":\"Rum Centenario 25y 0,7l 40% + p\u00e9nzt\u00e1rca - rumicon.sk\",\"isPartOf\":{\"@id\":\"https:\/\/www.rumicon.sk\/hu\/#website\"},\"primaryImageOfPage\":{\"@id\":\"https:\/\/www.rumicon.sk\/hu\/produkt\/rum-centenario-25y-07l-40-penztarca\/#primaryimage\"},\"image\":{\"@id\":\"https:\/\/www.rumicon.sk\/hu\/produkt\/rum-centenario-25y-07l-40-penztarca\/#primaryimage\"},\"thumbnailUrl\":\"https:\/\/www.rumicon.sk\/wp-content\/uploads\/CENTENARIO.png\",\"datePublished\":\"2023-04-17T11:55:13+00:00\",\"dateModified\":\"2025-08-14T09:41:37+00:00\",\"breadcrumb\":{\"@id\":\"https:\/\/www.rumicon.sk\/hu\/produkt\/rum-centenario-25y-07l-40-penztarca\/#breadcrumb\"},\"inLanguage\":\"hu\",\"potentialAction\":[{\"@type\":\"ReadAction\",\"target\":[\"https:\/\/www.rumicon.sk\/hu\/produkt\/rum-centenario-25y-07l-40-penztarca\/\"]}]},{\"@type\":\"ImageObject\",\"inLanguage\":\"hu\",\"@id\":\"https:\/\/www.rumicon.sk\/hu\/produkt\/rum-centenario-25y-07l-40-penztarca\/#primaryimage\",\"url\":\"https:\/\/www.rumicon.sk\/wp-content\/uploads\/CENTENARIO.png\",\"contentUrl\":\"https:\/\/www.rumicon.sk\/wp-content\/uploads\/CENTENARIO.png\",\"width\":509,\"height\":1024},{\"@type\":\"BreadcrumbList\",\"@id\":\"https:\/\/www.rumicon.sk\/hu\/produkt\/rum-centenario-25y-07l-40-penztarca\/#breadcrumb\",\"itemListElement\":[{\"@type\":\"ListItem\",\"position\":1,\"name\":\"Home\",\"item\":\"https:\/\/www.rumicon.sk\/hu\/home\/\"},{\"@type\":\"ListItem\",\"position\":2,\"name\":\"Web\u00e1ruh\u00e1z\",\"item\":\"https:\/\/www.rumicon.sk\/hu\/webaruhaz\/\"},{\"@type\":\"ListItem\",\"position\":3,\"name\":\"Rum Centenario 25y 0,7l 40% + p\u00e9nzt\u00e1rca\"}]},{\"@type\":\"WebSite\",\"@id\":\"https:\/\/www.rumicon.sk\/hu\/#website\",\"url\":\"https:\/\/www.rumicon.sk\/hu\/\",\"name\":\"rumicon.sk\",\"description\":\"\",\"publisher\":{\"@id\":\"https:\/\/www.rumicon.sk\/hu\/#organization\"},\"potentialAction\":[{\"@type\":\"SearchAction\",\"target\":{\"@type\":\"EntryPoint\",\"urlTemplate\":\"https:\/\/www.rumicon.sk\/hu\/?s={search_term_string}\"},\"query-input\":{\"@type\":\"PropertyValueSpecification\",\"valueRequired\":true,\"valueName\":\"search_term_string\"}}],\"inLanguage\":\"hu\"},{\"@type\":\"Organization\",\"@id\":\"https:\/\/www.rumicon.sk\/hu\/#organization\",\"name\":\"rumicon.sk\",\"url\":\"https:\/\/www.rumicon.sk\/hu\/\",\"logo\":{\"@type\":\"ImageObject\",\"inLanguage\":\"hu\",\"@id\":\"https:\/\/www.rumicon.sk\/hu\/#\/schema\/logo\/image\/\",\"url\":\"https:\/\/www.rumicon.sk\/wp-content\/uploads\/logo-rumicon-bcs-color.png\",\"contentUrl\":\"https:\/\/www.rumicon.sk\/wp-content\/uploads\/logo-rumicon-bcs-color.png\",\"width\":827,\"height\":278,\"caption\":\"rumicon.sk\"},\"image\":{\"@id\":\"https:\/\/www.rumicon.sk\/hu\/#\/schema\/logo\/image\/\"},\"sameAs\":[\"https:\/\/www.facebook.com\/people\/Rumicon-Bottle-Cigar-Shop\/100087110283303\/\",\"https:\/\/www.instagram.com\/rumicon_bottle_cigar_shop\/\",\"https:\/\/www.tiktok.com\/@rumicon2022\"]}]}<\/script>\n<!-- \/ Yoast SEO plugin. -->","yoast_head_json":{"title":"Rum Centenario 25y 0,7l 40% + p\u00e9nzt\u00e1rca - rumicon.sk","robots":{"index":"index","follow":"follow","max-snippet":"max-snippet:-1","max-image-preview":"max-image-preview:large","max-video-preview":"max-video-preview:-1"},"canonical":"https:\/\/www.rumicon.sk\/hu\/produkt\/rum-centenario-25y-07l-40-penztarca\/","og_locale":"hu_HU","og_type":"article","og_title":"Rum Centenario 25y 0,7l 40% + p\u00e9nzt\u00e1rca - rumicon.sk","og_description":"A Ron Centenario Gran Reserva 25 Aos egy szuper pr\u00e9mium min\u0151s\u00e9g\u0171 rum Costa Ric\u00e1b\u00f3l. Huszon\u00f6t \u00e9vig \u00e9rlelik kis amerikai t\u00f6lgyfahord\u00f3kban, amelyeket kor\u00e1bban Bourbonhoz haszn\u00e1ltak.","og_url":"https:\/\/www.rumicon.sk\/hu\/produkt\/rum-centenario-25y-07l-40-penztarca\/","og_site_name":"rumicon.sk","article_publisher":"https:\/\/www.facebook.com\/people\/Rumicon-Bottle-Cigar-Shop\/100087110283303\/","article_modified_time":"2025-08-14T09:41:37+00:00","og_image":[{"width":509,"height":1024,"url":"https:\/\/www.rumicon.sk\/wp-content\/uploads\/CENTENARIO.png","type":"image\/png"}],"twitter_card":"summary_large_image","schema":{"@context":"https:\/\/schema.org","@graph":[{"@type":"WebPage","@id":"https:\/\/www.rumicon.sk\/hu\/produkt\/rum-centenario-25y-07l-40-penztarca\/","url":"https:\/\/www.rumicon.sk\/hu\/produkt\/rum-centenario-25y-07l-40-penztarca\/","name":"Rum Centenario 25y 0,7l 40% + p\u00e9nzt\u00e1rca - rumicon.sk","isPartOf":{"@id":"https:\/\/www.rumicon.sk\/hu\/#website"},"primaryImageOfPage":{"@id":"https:\/\/www.rumicon.sk\/hu\/produkt\/rum-centenario-25y-07l-40-penztarca\/#primaryimage"},"image":{"@id":"https:\/\/www.rumicon.sk\/hu\/produkt\/rum-centenario-25y-07l-40-penztarca\/#primaryimage"},"thumbnailUrl":"https:\/\/www.rumicon.sk\/wp-content\/uploads\/CENTENARIO.png","datePublished":"2023-04-17T11:55:13+00:00","dateModified":"2025-08-14T09:41:37+00:00","breadcrumb":{"@id":"https:\/\/www.rumicon.sk\/hu\/produkt\/rum-centenario-25y-07l-40-penztarca\/#breadcrumb"},"inLanguage":"hu","potentialAction":[{"@type":"ReadAction","target":["https:\/\/www.rumicon.sk\/hu\/produkt\/rum-centenario-25y-07l-40-penztarca\/"]}]},{"@type":"ImageObject","inLanguage":"hu","@id":"https:\/\/www.rumicon.sk\/hu\/produkt\/rum-centenario-25y-07l-40-penztarca\/#primaryimage","url":"https:\/\/www.rumicon.sk\/wp-content\/uploads\/CENTENARIO.png","contentUrl":"https:\/\/www.rumicon.sk\/wp-content\/uploads\/CENTENARIO.png","width":509,"height":1024},{"@type":"BreadcrumbList","@id":"https:\/\/www.rumicon.sk\/hu\/produkt\/rum-centenario-25y-07l-40-penztarca\/#breadcrumb","itemListElement":[{"@type":"ListItem","position":1,"name":"Home","item":"https:\/\/www.rumicon.sk\/hu\/home\/"},{"@type":"ListItem","position":2,"name":"Web\u00e1ruh\u00e1z","item":"https:\/\/www.rumicon.sk\/hu\/webaruhaz\/"},{"@type":"ListItem","position":3,"name":"Rum Centenario 25y 0,7l 40% + p\u00e9nzt\u00e1rca"}]},{"@type":"WebSite","@id":"https:\/\/www.rumicon.sk\/hu\/#website","url":"https:\/\/www.rumicon.sk\/hu\/","name":"rumicon.sk","description":"","publisher":{"@id":"https:\/\/www.rumicon.sk\/hu\/#organization"},"potentialAction":[{"@type":"SearchAction","target":{"@type":"EntryPoint","urlTemplate":"https:\/\/www.rumicon.sk\/hu\/?s={search_term_string}"},"query-input":{"@type":"PropertyValueSpecification","valueRequired":true,"valueName":"search_term_string"}}],"inLanguage":"hu"},{"@type":"Organization","@id":"https:\/\/www.rumicon.sk\/hu\/#organization","name":"rumicon.sk","url":"https:\/\/www.rumicon.sk\/hu\/","logo":{"@type":"ImageObject","inLanguage":"hu","@id":"https:\/\/www.rumicon.sk\/hu\/#\/schema\/logo\/image\/","url":"https:\/\/www.rumicon.sk\/wp-content\/uploads\/logo-rumicon-bcs-color.png","contentUrl":"https:\/\/www.rumicon.sk\/wp-content\/uploads\/logo-rumicon-bcs-color.png","width":827,"height":278,"caption":"rumicon.sk"},"image":{"@id":"https:\/\/www.rumicon.sk\/hu\/#\/schema\/logo\/image\/"},"sameAs":["https:\/\/www.facebook.com\/people\/Rumicon-Bottle-Cigar-Shop\/100087110283303\/","https:\/\/www.instagram.com\/rumicon_bottle_cigar_shop\/","https:\/\/www.tiktok.com\/@rumicon2022"]}]}},"_links":{"self":[{"href":"https:\/\/www.rumicon.sk\/hu\/wp-json\/wp\/v2\/product\/6155","targetHints":{"allow":["GET"]}}],"collection":[{"href":"https:\/\/www.rumicon.sk\/hu\/wp-json\/wp\/v2\/product"}],"about":[{"href":"https:\/\/www.rumicon.sk\/hu\/wp-json\/wp\/v2\/types\/product"}],"replies":[{"embeddable":true,"href":"https:\/\/www.rumicon.sk\/hu\/wp-json\/wp\/v2\/comments?post=6155"}],"wp:featuredmedia":[{"embeddable":true,"href":"https:\/\/www.rumicon.sk\/hu\/wp-json\/wp\/v2\/media\/6157"}],"wp:attachment":[{"href":"https:\/\/www.rumicon.sk\/hu\/wp-json\/wp\/v2\/media?parent=6155"}],"wp:term":[{"taxonomy":"product_brand","embeddable":true,"href":"https:\/\/www.rumicon.sk\/hu\/wp-json\/wp\/v2\/product_brand?post=6155"},{"taxonomy":"product_cat","embeddable":true,"href":"https:\/\/www.rumicon.sk\/hu\/wp-json\/wp\/v2\/product_cat?post=6155"},{"taxonomy":"product_tag","embeddable":true,"href":"https:\/\/www.rumicon.sk\/hu\/wp-json\/wp\/v2\/product_tag?post=6155"}],"curies":[{"name":"wp","href":"https:\/\/api.w.org\/{rel}","templated":true}]}}