{"id":6077,"date":"2023-07-01T15:48:55","date_gmt":"2023-07-01T13:48:55","guid":{"rendered":"https:\/\/www.rumicon.sk\/produkt\/rum-diplomatico-reserve-exc-07l-402csesze\/"},"modified":"2025-08-14T11:49:14","modified_gmt":"2025-08-14T09:49:14","slug":"rum-diplomatico-reserve-exc-07l-402csesze","status":"publish","type":"product","link":"https:\/\/www.rumicon.sk\/hu\/produkt\/rum-diplomatico-reserve-exc-07l-402csesze\/","title":{"rendered":"Rum Diplomatico Reserve Exc. 0,7l 40%+2cs\u00e9..."},"content":{"rendered":"<p>Illat: A gy\u00fcm\u00f6lcs\u00f6ss\u00e9g ut\u00e1n karamelliz\u00e1lt melasz, s\u00f6t\u00e9t kand\u00edrozott gy\u00fcm\u00f6lcs\u00f6k, fah\u00e9j, van\u00edlia \u00e9s finom f\u0171szerek b\u00e1jos illata csapja meg az orrot. Az igazat megvallva, a bel\u00e9gz\u00e9s ut\u00e1n az ember azonnal kortyolni akar, \u00e9s elmer\u00fclni ebben a rumban. <\/p>\n<p>\u00cdzl\u00e9s: Kiegyens\u00falyozott, nem t\u00fal neh\u00e9z a sz\u00e1jban. Enyh\u00e9n f\u0171szeres, karamell\u00e1s, van\u00edli\u00e1s, \u00e9rett gy\u00fcm\u00f6lcs\u00f6s, karamell\u00e1s \u00e9s doh\u00e1nyos jegyekkel. A lecseng\u00e9s hossz\u00fa, sz\u00e1raz \u00e9s meglehet\u0151sen er\u0151sen di\u00f3s.  <\/p>\n","protected":false},"excerpt":{"rendered":"<p>A Diplom\u00e1tico Reserva Exclusiva kiz\u00e1r\u00f3lag pot stillben k\u00e9sz\u00fclt \u00e9s \u00e1tlagosan 12 \u00e9vig \u00e9rlelt rum kever\u00e9ke. \u00c9des, gy\u00fcm\u00f6lcs\u00f6s \u00edz\u0171, ami az \u00f6sszes Diplom\u00e1tico rumra jellemz\u0151, de m\u00e9g magasabb koncentr\u00e1ci\u00f3ban \u00e9s intenz\u00edvebb \u00edzzel rendelkezik. Lass\u00fa kortyolgat\u00e1sra tervezett, kiv\u00e9teles rum, amely bevezet\u00e9se \u00f3ta a rum szerelmeseinek nagy kedvence lett. A &#8220;Best of Category&#8221; d\u00edj nyertese a 9-15 \u00e9vig \u00e9rlelt rum kateg\u00f3ri\u00e1ban &#8211; International Rum Festival 2008, Ybor City, Tampa, Florida.   <\/p>\n<p>A csomag Dipomatico Reserva Exclusiva 0,7l \u00e9s k\u00e9t poharat tartalmaz.<\/p>\n","protected":false},"featured_media":6079,"comment_status":"closed","ping_status":"closed","template":"","meta":{"_acf_changed":false},"product_brand":[],"product_cat":[483,485],"product_tag":[864],"class_list":{"0":"post-6077","1":"product","2":"type-product","3":"status-publish","4":"has-post-thumbnail","6":"product_cat-rum-hu","7":"product_cat-sotet-rum","8":"product_tag-diplomatico-hu-2","9":"pa_druh-alkoholu-rum-hu","10":"pa_krajina-povodu-venezuela-hu","11":"pa_objem-07-l-hu","12":"pa_obsah-alkoholu-40-hu","13":"pa_znacka-diplomatico-hu","15":"first","16":"outofstock","17":"taxable","18":"shipping-taxable","19":"purchasable","20":"product-type-simple"},"acf":[],"yoast_head":"<!-- This site is optimized with the Yoast SEO plugin v27.0 - https:\/\/yoast.com\/product\/yoast-seo-wordpress\/ -->\n<title>Rum Diplomatico Reserve Exc. 0,7l 40%+2cs\u00e9sze - rumicon.sk<\/title>\n<meta name=\"robots\" content=\"index, follow, max-snippet:-1, max-image-preview:large, max-video-preview:-1\" \/>\n<link rel=\"canonical\" href=\"https:\/\/www.rumicon.sk\/hu\/produkt\/rum-diplomatico-reserve-exc-07l-402csesze\/\" \/>\n<meta property=\"og:locale\" content=\"hu_HU\" \/>\n<meta property=\"og:type\" content=\"article\" \/>\n<meta property=\"og:title\" content=\"Rum Diplomatico Reserve Exc. 0,7l 40%+2cs\u00e9sze - rumicon.sk\" \/>\n<meta property=\"og:description\" content=\"A Diplom\u00e1tico Reserva Exclusiva kiz\u00e1r\u00f3lag pot stillben k\u00e9sz\u00fclt \u00e9s \u00e1tlagosan 12 \u00e9vig \u00e9rlelt rum kever\u00e9ke. \u00c9des, gy\u00fcm\u00f6lcs\u00f6s \u00edz\u0171, ami az \u00f6sszes Diplom\u00e1tico rumra jellemz\u0151, de m\u00e9g magasabb koncentr\u00e1ci\u00f3ban \u00e9s intenz\u00edvebb \u00edzzel rendelkezik. Lass\u00fa kortyolgat\u00e1sra tervezett, kiv\u00e9teles rum, amely bevezet\u00e9se \u00f3ta a rum szerelmeseinek nagy kedvence lett. A &quot;Best of Category&quot; d\u00edj nyertese a 9-15 \u00e9vig \u00e9rlelt rum kateg\u00f3ri\u00e1ban - International Rum Festival 2008, Ybor City, Tampa, Florida.   A csomag Dipomatico Reserva Exclusiva 0,7l \u00e9s k\u00e9t poharat tartalmaz.\" \/>\n<meta property=\"og:url\" content=\"https:\/\/www.rumicon.sk\/hu\/produkt\/rum-diplomatico-reserve-exc-07l-402csesze\/\" \/>\n<meta property=\"og:site_name\" content=\"rumicon.sk\" \/>\n<meta property=\"article:publisher\" content=\"https:\/\/www.facebook.com\/people\/Rumicon-Bottle-Cigar-Shop\/100087110283303\/\" \/>\n<meta property=\"article:modified_time\" content=\"2025-08-14T09:49:14+00:00\" \/>\n<meta property=\"og:image\" content=\"https:\/\/www.rumicon.sk\/wp-content\/uploads\/6970_w700_h700.jpg\" \/>\n\t<meta property=\"og:image:width\" content=\"700\" \/>\n\t<meta property=\"og:image:height\" content=\"700\" \/>\n\t<meta property=\"og:image:type\" content=\"image\/jpeg\" \/>\n<meta name=\"twitter:card\" content=\"summary_large_image\" \/>\n<meta name=\"twitter:label1\" content=\"Becs\u00fclt olvas\u00e1si id\u0151\" \/>\n\t<meta name=\"twitter:data1\" content=\"1 perc\" \/>\n<script type=\"application\/ld+json\" class=\"yoast-schema-graph\">{\"@context\":\"https:\/\/schema.org\",\"@graph\":[{\"@type\":\"WebPage\",\"@id\":\"https:\/\/www.rumicon.sk\/hu\/produkt\/rum-diplomatico-reserve-exc-07l-402csesze\/\",\"url\":\"https:\/\/www.rumicon.sk\/hu\/produkt\/rum-diplomatico-reserve-exc-07l-402csesze\/\",\"name\":\"Rum Diplomatico Reserve Exc. 0,7l 40%+2cs\u00e9sze - rumicon.sk\",\"isPartOf\":{\"@id\":\"https:\/\/www.rumicon.sk\/hu\/#website\"},\"primaryImageOfPage\":{\"@id\":\"https:\/\/www.rumicon.sk\/hu\/produkt\/rum-diplomatico-reserve-exc-07l-402csesze\/#primaryimage\"},\"image\":{\"@id\":\"https:\/\/www.rumicon.sk\/hu\/produkt\/rum-diplomatico-reserve-exc-07l-402csesze\/#primaryimage\"},\"thumbnailUrl\":\"https:\/\/www.rumicon.sk\/wp-content\/uploads\/6970_w700_h700.jpg\",\"datePublished\":\"2023-07-01T13:48:55+00:00\",\"dateModified\":\"2025-08-14T09:49:14+00:00\",\"breadcrumb\":{\"@id\":\"https:\/\/www.rumicon.sk\/hu\/produkt\/rum-diplomatico-reserve-exc-07l-402csesze\/#breadcrumb\"},\"inLanguage\":\"hu\",\"potentialAction\":[{\"@type\":\"ReadAction\",\"target\":[\"https:\/\/www.rumicon.sk\/hu\/produkt\/rum-diplomatico-reserve-exc-07l-402csesze\/\"]}]},{\"@type\":\"ImageObject\",\"inLanguage\":\"hu\",\"@id\":\"https:\/\/www.rumicon.sk\/hu\/produkt\/rum-diplomatico-reserve-exc-07l-402csesze\/#primaryimage\",\"url\":\"https:\/\/www.rumicon.sk\/wp-content\/uploads\/6970_w700_h700.jpg\",\"contentUrl\":\"https:\/\/www.rumicon.sk\/wp-content\/uploads\/6970_w700_h700.jpg\",\"width\":700,\"height\":700},{\"@type\":\"BreadcrumbList\",\"@id\":\"https:\/\/www.rumicon.sk\/hu\/produkt\/rum-diplomatico-reserve-exc-07l-402csesze\/#breadcrumb\",\"itemListElement\":[{\"@type\":\"ListItem\",\"position\":1,\"name\":\"Home\",\"item\":\"https:\/\/www.rumicon.sk\/hu\/home\/\"},{\"@type\":\"ListItem\",\"position\":2,\"name\":\"Web\u00e1ruh\u00e1z\",\"item\":\"https:\/\/www.rumicon.sk\/hu\/webaruhaz\/\"},{\"@type\":\"ListItem\",\"position\":3,\"name\":\"Rum Diplomatico Reserve Exc. 0,7l 40%+2cs\u00e9...\"}]},{\"@type\":\"WebSite\",\"@id\":\"https:\/\/www.rumicon.sk\/hu\/#website\",\"url\":\"https:\/\/www.rumicon.sk\/hu\/\",\"name\":\"rumicon.sk\",\"description\":\"\",\"publisher\":{\"@id\":\"https:\/\/www.rumicon.sk\/hu\/#organization\"},\"potentialAction\":[{\"@type\":\"SearchAction\",\"target\":{\"@type\":\"EntryPoint\",\"urlTemplate\":\"https:\/\/www.rumicon.sk\/hu\/?s={search_term_string}\"},\"query-input\":{\"@type\":\"PropertyValueSpecification\",\"valueRequired\":true,\"valueName\":\"search_term_string\"}}],\"inLanguage\":\"hu\"},{\"@type\":\"Organization\",\"@id\":\"https:\/\/www.rumicon.sk\/hu\/#organization\",\"name\":\"rumicon.sk\",\"url\":\"https:\/\/www.rumicon.sk\/hu\/\",\"logo\":{\"@type\":\"ImageObject\",\"inLanguage\":\"hu\",\"@id\":\"https:\/\/www.rumicon.sk\/hu\/#\/schema\/logo\/image\/\",\"url\":\"https:\/\/www.rumicon.sk\/wp-content\/uploads\/logo-rumicon-bcs-color.png\",\"contentUrl\":\"https:\/\/www.rumicon.sk\/wp-content\/uploads\/logo-rumicon-bcs-color.png\",\"width\":827,\"height\":278,\"caption\":\"rumicon.sk\"},\"image\":{\"@id\":\"https:\/\/www.rumicon.sk\/hu\/#\/schema\/logo\/image\/\"},\"sameAs\":[\"https:\/\/www.facebook.com\/people\/Rumicon-Bottle-Cigar-Shop\/100087110283303\/\",\"https:\/\/www.instagram.com\/rumicon_bottle_cigar_shop\/\",\"https:\/\/www.tiktok.com\/@rumicon2022\"]}]}<\/script>\n<!-- \/ Yoast SEO plugin. -->","yoast_head_json":{"title":"Rum Diplomatico Reserve Exc. 0,7l 40%+2cs\u00e9sze - rumicon.sk","robots":{"index":"index","follow":"follow","max-snippet":"max-snippet:-1","max-image-preview":"max-image-preview:large","max-video-preview":"max-video-preview:-1"},"canonical":"https:\/\/www.rumicon.sk\/hu\/produkt\/rum-diplomatico-reserve-exc-07l-402csesze\/","og_locale":"hu_HU","og_type":"article","og_title":"Rum Diplomatico Reserve Exc. 0,7l 40%+2cs\u00e9sze - rumicon.sk","og_description":"A Diplom\u00e1tico Reserva Exclusiva kiz\u00e1r\u00f3lag pot stillben k\u00e9sz\u00fclt \u00e9s \u00e1tlagosan 12 \u00e9vig \u00e9rlelt rum kever\u00e9ke. \u00c9des, gy\u00fcm\u00f6lcs\u00f6s \u00edz\u0171, ami az \u00f6sszes Diplom\u00e1tico rumra jellemz\u0151, de m\u00e9g magasabb koncentr\u00e1ci\u00f3ban \u00e9s intenz\u00edvebb \u00edzzel rendelkezik. Lass\u00fa kortyolgat\u00e1sra tervezett, kiv\u00e9teles rum, amely bevezet\u00e9se \u00f3ta a rum szerelmeseinek nagy kedvence lett. A \"Best of Category\" d\u00edj nyertese a 9-15 \u00e9vig \u00e9rlelt rum kateg\u00f3ri\u00e1ban - International Rum Festival 2008, Ybor City, Tampa, Florida.   A csomag Dipomatico Reserva Exclusiva 0,7l \u00e9s k\u00e9t poharat tartalmaz.","og_url":"https:\/\/www.rumicon.sk\/hu\/produkt\/rum-diplomatico-reserve-exc-07l-402csesze\/","og_site_name":"rumicon.sk","article_publisher":"https:\/\/www.facebook.com\/people\/Rumicon-Bottle-Cigar-Shop\/100087110283303\/","article_modified_time":"2025-08-14T09:49:14+00:00","og_image":[{"width":700,"height":700,"url":"https:\/\/www.rumicon.sk\/wp-content\/uploads\/6970_w700_h700.jpg","type":"image\/jpeg"}],"twitter_card":"summary_large_image","twitter_misc":{"Becs\u00fclt olvas\u00e1si id\u0151":"1 perc"},"schema":{"@context":"https:\/\/schema.org","@graph":[{"@type":"WebPage","@id":"https:\/\/www.rumicon.sk\/hu\/produkt\/rum-diplomatico-reserve-exc-07l-402csesze\/","url":"https:\/\/www.rumicon.sk\/hu\/produkt\/rum-diplomatico-reserve-exc-07l-402csesze\/","name":"Rum Diplomatico Reserve Exc. 0,7l 40%+2cs\u00e9sze - rumicon.sk","isPartOf":{"@id":"https:\/\/www.rumicon.sk\/hu\/#website"},"primaryImageOfPage":{"@id":"https:\/\/www.rumicon.sk\/hu\/produkt\/rum-diplomatico-reserve-exc-07l-402csesze\/#primaryimage"},"image":{"@id":"https:\/\/www.rumicon.sk\/hu\/produkt\/rum-diplomatico-reserve-exc-07l-402csesze\/#primaryimage"},"thumbnailUrl":"https:\/\/www.rumicon.sk\/wp-content\/uploads\/6970_w700_h700.jpg","datePublished":"2023-07-01T13:48:55+00:00","dateModified":"2025-08-14T09:49:14+00:00","breadcrumb":{"@id":"https:\/\/www.rumicon.sk\/hu\/produkt\/rum-diplomatico-reserve-exc-07l-402csesze\/#breadcrumb"},"inLanguage":"hu","potentialAction":[{"@type":"ReadAction","target":["https:\/\/www.rumicon.sk\/hu\/produkt\/rum-diplomatico-reserve-exc-07l-402csesze\/"]}]},{"@type":"ImageObject","inLanguage":"hu","@id":"https:\/\/www.rumicon.sk\/hu\/produkt\/rum-diplomatico-reserve-exc-07l-402csesze\/#primaryimage","url":"https:\/\/www.rumicon.sk\/wp-content\/uploads\/6970_w700_h700.jpg","contentUrl":"https:\/\/www.rumicon.sk\/wp-content\/uploads\/6970_w700_h700.jpg","width":700,"height":700},{"@type":"BreadcrumbList","@id":"https:\/\/www.rumicon.sk\/hu\/produkt\/rum-diplomatico-reserve-exc-07l-402csesze\/#breadcrumb","itemListElement":[{"@type":"ListItem","position":1,"name":"Home","item":"https:\/\/www.rumicon.sk\/hu\/home\/"},{"@type":"ListItem","position":2,"name":"Web\u00e1ruh\u00e1z","item":"https:\/\/www.rumicon.sk\/hu\/webaruhaz\/"},{"@type":"ListItem","position":3,"name":"Rum Diplomatico Reserve Exc. 0,7l 40%+2cs\u00e9..."}]},{"@type":"WebSite","@id":"https:\/\/www.rumicon.sk\/hu\/#website","url":"https:\/\/www.rumicon.sk\/hu\/","name":"rumicon.sk","description":"","publisher":{"@id":"https:\/\/www.rumicon.sk\/hu\/#organization"},"potentialAction":[{"@type":"SearchAction","target":{"@type":"EntryPoint","urlTemplate":"https:\/\/www.rumicon.sk\/hu\/?s={search_term_string}"},"query-input":{"@type":"PropertyValueSpecification","valueRequired":true,"valueName":"search_term_string"}}],"inLanguage":"hu"},{"@type":"Organization","@id":"https:\/\/www.rumicon.sk\/hu\/#organization","name":"rumicon.sk","url":"https:\/\/www.rumicon.sk\/hu\/","logo":{"@type":"ImageObject","inLanguage":"hu","@id":"https:\/\/www.rumicon.sk\/hu\/#\/schema\/logo\/image\/","url":"https:\/\/www.rumicon.sk\/wp-content\/uploads\/logo-rumicon-bcs-color.png","contentUrl":"https:\/\/www.rumicon.sk\/wp-content\/uploads\/logo-rumicon-bcs-color.png","width":827,"height":278,"caption":"rumicon.sk"},"image":{"@id":"https:\/\/www.rumicon.sk\/hu\/#\/schema\/logo\/image\/"},"sameAs":["https:\/\/www.facebook.com\/people\/Rumicon-Bottle-Cigar-Shop\/100087110283303\/","https:\/\/www.instagram.com\/rumicon_bottle_cigar_shop\/","https:\/\/www.tiktok.com\/@rumicon2022"]}]}},"_links":{"self":[{"href":"https:\/\/www.rumicon.sk\/hu\/wp-json\/wp\/v2\/product\/6077","targetHints":{"allow":["GET"]}}],"collection":[{"href":"https:\/\/www.rumicon.sk\/hu\/wp-json\/wp\/v2\/product"}],"about":[{"href":"https:\/\/www.rumicon.sk\/hu\/wp-json\/wp\/v2\/types\/product"}],"replies":[{"embeddable":true,"href":"https:\/\/www.rumicon.sk\/hu\/wp-json\/wp\/v2\/comments?post=6077"}],"wp:featuredmedia":[{"embeddable":true,"href":"https:\/\/www.rumicon.sk\/hu\/wp-json\/wp\/v2\/media\/6079"}],"wp:attachment":[{"href":"https:\/\/www.rumicon.sk\/hu\/wp-json\/wp\/v2\/media?parent=6077"}],"wp:term":[{"taxonomy":"product_brand","embeddable":true,"href":"https:\/\/www.rumicon.sk\/hu\/wp-json\/wp\/v2\/product_brand?post=6077"},{"taxonomy":"product_cat","embeddable":true,"href":"https:\/\/www.rumicon.sk\/hu\/wp-json\/wp\/v2\/product_cat?post=6077"},{"taxonomy":"product_tag","embeddable":true,"href":"https:\/\/www.rumicon.sk\/hu\/wp-json\/wp\/v2\/product_tag?post=6077"}],"curies":[{"name":"wp","href":"https:\/\/api.w.org\/{rel}","templated":true}]}}