{"id":6073,"date":"2023-04-18T05:18:02","date_gmt":"2023-04-18T03:18:02","guid":{"rendered":"https:\/\/www.rumicon.sk\/produkt\/likor-unicum-zwack-riserva-40-07l\/"},"modified":"2025-08-14T11:42:36","modified_gmt":"2025-08-14T09:42:36","slug":"likor-unicum-zwack-riserva-40-07l","status":"publish","type":"product","link":"https:\/\/www.rumicon.sk\/hu\/produkt\/likor-unicum-zwack-riserva-40-07l\/","title":{"rendered":"Lik\u0151r Unicum Zwack Riserva 40% 0,7l"},"content":{"rendered":"<p>Illat: gy\u00f3gyn\u00f6v\u00e9nyek, vir\u00e1gok, t\u00f6lgy, van\u00edlia, mazsola \u00cdz: m\u00e9z, gy\u00f3gyn\u00f6v\u00e9nyek, aszalt gy\u00fcm\u00f6lcs\u00f6k, s\u00e1rgabarack, menta Befejez\u00e9s: sima, aszalt gy\u00fcm\u00f6lcs\u00f6k, sherry, f\u0171szerek, menta<\/p>\n","protected":false},"excerpt":{"rendered":"<p>A Riserva egyed\u00fcl\u00e1ll\u00f3 abban, hogy kett\u0151s \u00e9rlel\u00e9si f\u00e1zison ment kereszt\u00fcl. El\u0151sz\u00f6r 80 \u00e9ves t\u00f6lgyfahord\u00f3kban \u00e9rlelt\u00e9k, amelyeket a Zwack term\u00e9keinek \u00e9rlel\u00e9s\u00e9re haszn\u00e1ltak. A m\u00e1sodik \u00e9rlel\u00e9si f\u00e1zis ex-Tokaji Aszu hord\u00f3kban zajlott.  <\/p>\n","protected":false},"featured_media":6074,"comment_status":"closed","ping_status":"closed","template":"","meta":{"_acf_changed":false},"product_brand":[],"product_cat":[566,567],"product_tag":[799],"class_list":{"0":"post-6073","1":"product","2":"type-product","3":"status-publish","4":"has-post-thumbnail","6":"product_cat-likorok","7":"product_cat-likor","8":"product_tag-zwack-unicum-hu","9":"pa_druh-alkoholu-likor","10":"pa_krajina-povodu-magyarorszag","11":"pa_objem-07l-hu","12":"pa_obsah-alkoholu-40-hu","13":"pa_znacka-zwack-unicum-hu","15":"first","16":"instock","17":"taxable","18":"shipping-taxable","19":"purchasable","20":"product-type-simple"},"acf":[],"yoast_head":"<!-- This site is optimized with the Yoast SEO plugin v27.0 - https:\/\/yoast.com\/product\/yoast-seo-wordpress\/ -->\n<title>Lik\u0151r Unicum Zwack Riserva 40% 0,7l - rumicon.sk<\/title>\n<meta name=\"robots\" content=\"index, follow, max-snippet:-1, max-image-preview:large, max-video-preview:-1\" \/>\n<link rel=\"canonical\" href=\"https:\/\/www.rumicon.sk\/hu\/produkt\/likor-unicum-zwack-riserva-40-07l\/\" \/>\n<meta property=\"og:locale\" content=\"hu_HU\" \/>\n<meta property=\"og:type\" content=\"article\" \/>\n<meta property=\"og:title\" content=\"Lik\u0151r Unicum Zwack Riserva 40% 0,7l - rumicon.sk\" \/>\n<meta property=\"og:description\" content=\"A Riserva egyed\u00fcl\u00e1ll\u00f3 abban, hogy kett\u0151s \u00e9rlel\u00e9si f\u00e1zison ment kereszt\u00fcl. El\u0151sz\u00f6r 80 \u00e9ves t\u00f6lgyfahord\u00f3kban \u00e9rlelt\u00e9k, amelyeket a Zwack term\u00e9keinek \u00e9rlel\u00e9s\u00e9re haszn\u00e1ltak. A m\u00e1sodik \u00e9rlel\u00e9si f\u00e1zis ex-Tokaji Aszu hord\u00f3kban zajlott.\" \/>\n<meta property=\"og:url\" content=\"https:\/\/www.rumicon.sk\/hu\/produkt\/likor-unicum-zwack-riserva-40-07l\/\" \/>\n<meta property=\"og:site_name\" content=\"rumicon.sk\" \/>\n<meta property=\"article:publisher\" content=\"https:\/\/www.facebook.com\/people\/Rumicon-Bottle-Cigar-Shop\/100087110283303\/\" \/>\n<meta property=\"article:modified_time\" content=\"2025-08-14T09:42:36+00:00\" \/>\n<meta property=\"og:image\" content=\"https:\/\/www.rumicon.sk\/wp-content\/uploads\/unicum-riserva-07l.jpg\" \/>\n\t<meta property=\"og:image:width\" content=\"1600\" \/>\n\t<meta property=\"og:image:height\" content=\"1600\" \/>\n\t<meta property=\"og:image:type\" content=\"image\/jpeg\" \/>\n<meta name=\"twitter:card\" content=\"summary_large_image\" \/>\n<script type=\"application\/ld+json\" class=\"yoast-schema-graph\">{\"@context\":\"https:\/\/schema.org\",\"@graph\":[{\"@type\":\"WebPage\",\"@id\":\"https:\/\/www.rumicon.sk\/hu\/produkt\/likor-unicum-zwack-riserva-40-07l\/\",\"url\":\"https:\/\/www.rumicon.sk\/hu\/produkt\/likor-unicum-zwack-riserva-40-07l\/\",\"name\":\"Lik\u0151r Unicum Zwack Riserva 40% 0,7l - rumicon.sk\",\"isPartOf\":{\"@id\":\"https:\/\/www.rumicon.sk\/hu\/#website\"},\"primaryImageOfPage\":{\"@id\":\"https:\/\/www.rumicon.sk\/hu\/produkt\/likor-unicum-zwack-riserva-40-07l\/#primaryimage\"},\"image\":{\"@id\":\"https:\/\/www.rumicon.sk\/hu\/produkt\/likor-unicum-zwack-riserva-40-07l\/#primaryimage\"},\"thumbnailUrl\":\"https:\/\/www.rumicon.sk\/wp-content\/uploads\/unicum-riserva-07l.jpg\",\"datePublished\":\"2023-04-18T03:18:02+00:00\",\"dateModified\":\"2025-08-14T09:42:36+00:00\",\"breadcrumb\":{\"@id\":\"https:\/\/www.rumicon.sk\/hu\/produkt\/likor-unicum-zwack-riserva-40-07l\/#breadcrumb\"},\"inLanguage\":\"hu\",\"potentialAction\":[{\"@type\":\"ReadAction\",\"target\":[\"https:\/\/www.rumicon.sk\/hu\/produkt\/likor-unicum-zwack-riserva-40-07l\/\"]}]},{\"@type\":\"ImageObject\",\"inLanguage\":\"hu\",\"@id\":\"https:\/\/www.rumicon.sk\/hu\/produkt\/likor-unicum-zwack-riserva-40-07l\/#primaryimage\",\"url\":\"https:\/\/www.rumicon.sk\/wp-content\/uploads\/unicum-riserva-07l.jpg\",\"contentUrl\":\"https:\/\/www.rumicon.sk\/wp-content\/uploads\/unicum-riserva-07l.jpg\",\"width\":1600,\"height\":1600},{\"@type\":\"BreadcrumbList\",\"@id\":\"https:\/\/www.rumicon.sk\/hu\/produkt\/likor-unicum-zwack-riserva-40-07l\/#breadcrumb\",\"itemListElement\":[{\"@type\":\"ListItem\",\"position\":1,\"name\":\"Home\",\"item\":\"https:\/\/www.rumicon.sk\/hu\/home\/\"},{\"@type\":\"ListItem\",\"position\":2,\"name\":\"Web\u00e1ruh\u00e1z\",\"item\":\"https:\/\/www.rumicon.sk\/hu\/webaruhaz\/\"},{\"@type\":\"ListItem\",\"position\":3,\"name\":\"Lik\u0151r Unicum Zwack Riserva 40% 0,7l\"}]},{\"@type\":\"WebSite\",\"@id\":\"https:\/\/www.rumicon.sk\/hu\/#website\",\"url\":\"https:\/\/www.rumicon.sk\/hu\/\",\"name\":\"rumicon.sk\",\"description\":\"\",\"publisher\":{\"@id\":\"https:\/\/www.rumicon.sk\/hu\/#organization\"},\"potentialAction\":[{\"@type\":\"SearchAction\",\"target\":{\"@type\":\"EntryPoint\",\"urlTemplate\":\"https:\/\/www.rumicon.sk\/hu\/?s={search_term_string}\"},\"query-input\":{\"@type\":\"PropertyValueSpecification\",\"valueRequired\":true,\"valueName\":\"search_term_string\"}}],\"inLanguage\":\"hu\"},{\"@type\":\"Organization\",\"@id\":\"https:\/\/www.rumicon.sk\/hu\/#organization\",\"name\":\"rumicon.sk\",\"url\":\"https:\/\/www.rumicon.sk\/hu\/\",\"logo\":{\"@type\":\"ImageObject\",\"inLanguage\":\"hu\",\"@id\":\"https:\/\/www.rumicon.sk\/hu\/#\/schema\/logo\/image\/\",\"url\":\"https:\/\/www.rumicon.sk\/wp-content\/uploads\/logo-rumicon-bcs-color.png\",\"contentUrl\":\"https:\/\/www.rumicon.sk\/wp-content\/uploads\/logo-rumicon-bcs-color.png\",\"width\":827,\"height\":278,\"caption\":\"rumicon.sk\"},\"image\":{\"@id\":\"https:\/\/www.rumicon.sk\/hu\/#\/schema\/logo\/image\/\"},\"sameAs\":[\"https:\/\/www.facebook.com\/people\/Rumicon-Bottle-Cigar-Shop\/100087110283303\/\",\"https:\/\/www.instagram.com\/rumicon_bottle_cigar_shop\/\",\"https:\/\/www.tiktok.com\/@rumicon2022\"]}]}<\/script>\n<!-- \/ Yoast SEO plugin. -->","yoast_head_json":{"title":"Lik\u0151r Unicum Zwack Riserva 40% 0,7l - rumicon.sk","robots":{"index":"index","follow":"follow","max-snippet":"max-snippet:-1","max-image-preview":"max-image-preview:large","max-video-preview":"max-video-preview:-1"},"canonical":"https:\/\/www.rumicon.sk\/hu\/produkt\/likor-unicum-zwack-riserva-40-07l\/","og_locale":"hu_HU","og_type":"article","og_title":"Lik\u0151r Unicum Zwack Riserva 40% 0,7l - rumicon.sk","og_description":"A Riserva egyed\u00fcl\u00e1ll\u00f3 abban, hogy kett\u0151s \u00e9rlel\u00e9si f\u00e1zison ment kereszt\u00fcl. El\u0151sz\u00f6r 80 \u00e9ves t\u00f6lgyfahord\u00f3kban \u00e9rlelt\u00e9k, amelyeket a Zwack term\u00e9keinek \u00e9rlel\u00e9s\u00e9re haszn\u00e1ltak. A m\u00e1sodik \u00e9rlel\u00e9si f\u00e1zis ex-Tokaji Aszu hord\u00f3kban zajlott.","og_url":"https:\/\/www.rumicon.sk\/hu\/produkt\/likor-unicum-zwack-riserva-40-07l\/","og_site_name":"rumicon.sk","article_publisher":"https:\/\/www.facebook.com\/people\/Rumicon-Bottle-Cigar-Shop\/100087110283303\/","article_modified_time":"2025-08-14T09:42:36+00:00","og_image":[{"width":1600,"height":1600,"url":"https:\/\/www.rumicon.sk\/wp-content\/uploads\/unicum-riserva-07l.jpg","type":"image\/jpeg"}],"twitter_card":"summary_large_image","schema":{"@context":"https:\/\/schema.org","@graph":[{"@type":"WebPage","@id":"https:\/\/www.rumicon.sk\/hu\/produkt\/likor-unicum-zwack-riserva-40-07l\/","url":"https:\/\/www.rumicon.sk\/hu\/produkt\/likor-unicum-zwack-riserva-40-07l\/","name":"Lik\u0151r Unicum Zwack Riserva 40% 0,7l - rumicon.sk","isPartOf":{"@id":"https:\/\/www.rumicon.sk\/hu\/#website"},"primaryImageOfPage":{"@id":"https:\/\/www.rumicon.sk\/hu\/produkt\/likor-unicum-zwack-riserva-40-07l\/#primaryimage"},"image":{"@id":"https:\/\/www.rumicon.sk\/hu\/produkt\/likor-unicum-zwack-riserva-40-07l\/#primaryimage"},"thumbnailUrl":"https:\/\/www.rumicon.sk\/wp-content\/uploads\/unicum-riserva-07l.jpg","datePublished":"2023-04-18T03:18:02+00:00","dateModified":"2025-08-14T09:42:36+00:00","breadcrumb":{"@id":"https:\/\/www.rumicon.sk\/hu\/produkt\/likor-unicum-zwack-riserva-40-07l\/#breadcrumb"},"inLanguage":"hu","potentialAction":[{"@type":"ReadAction","target":["https:\/\/www.rumicon.sk\/hu\/produkt\/likor-unicum-zwack-riserva-40-07l\/"]}]},{"@type":"ImageObject","inLanguage":"hu","@id":"https:\/\/www.rumicon.sk\/hu\/produkt\/likor-unicum-zwack-riserva-40-07l\/#primaryimage","url":"https:\/\/www.rumicon.sk\/wp-content\/uploads\/unicum-riserva-07l.jpg","contentUrl":"https:\/\/www.rumicon.sk\/wp-content\/uploads\/unicum-riserva-07l.jpg","width":1600,"height":1600},{"@type":"BreadcrumbList","@id":"https:\/\/www.rumicon.sk\/hu\/produkt\/likor-unicum-zwack-riserva-40-07l\/#breadcrumb","itemListElement":[{"@type":"ListItem","position":1,"name":"Home","item":"https:\/\/www.rumicon.sk\/hu\/home\/"},{"@type":"ListItem","position":2,"name":"Web\u00e1ruh\u00e1z","item":"https:\/\/www.rumicon.sk\/hu\/webaruhaz\/"},{"@type":"ListItem","position":3,"name":"Lik\u0151r Unicum Zwack Riserva 40% 0,7l"}]},{"@type":"WebSite","@id":"https:\/\/www.rumicon.sk\/hu\/#website","url":"https:\/\/www.rumicon.sk\/hu\/","name":"rumicon.sk","description":"","publisher":{"@id":"https:\/\/www.rumicon.sk\/hu\/#organization"},"potentialAction":[{"@type":"SearchAction","target":{"@type":"EntryPoint","urlTemplate":"https:\/\/www.rumicon.sk\/hu\/?s={search_term_string}"},"query-input":{"@type":"PropertyValueSpecification","valueRequired":true,"valueName":"search_term_string"}}],"inLanguage":"hu"},{"@type":"Organization","@id":"https:\/\/www.rumicon.sk\/hu\/#organization","name":"rumicon.sk","url":"https:\/\/www.rumicon.sk\/hu\/","logo":{"@type":"ImageObject","inLanguage":"hu","@id":"https:\/\/www.rumicon.sk\/hu\/#\/schema\/logo\/image\/","url":"https:\/\/www.rumicon.sk\/wp-content\/uploads\/logo-rumicon-bcs-color.png","contentUrl":"https:\/\/www.rumicon.sk\/wp-content\/uploads\/logo-rumicon-bcs-color.png","width":827,"height":278,"caption":"rumicon.sk"},"image":{"@id":"https:\/\/www.rumicon.sk\/hu\/#\/schema\/logo\/image\/"},"sameAs":["https:\/\/www.facebook.com\/people\/Rumicon-Bottle-Cigar-Shop\/100087110283303\/","https:\/\/www.instagram.com\/rumicon_bottle_cigar_shop\/","https:\/\/www.tiktok.com\/@rumicon2022"]}]}},"_links":{"self":[{"href":"https:\/\/www.rumicon.sk\/hu\/wp-json\/wp\/v2\/product\/6073","targetHints":{"allow":["GET"]}}],"collection":[{"href":"https:\/\/www.rumicon.sk\/hu\/wp-json\/wp\/v2\/product"}],"about":[{"href":"https:\/\/www.rumicon.sk\/hu\/wp-json\/wp\/v2\/types\/product"}],"replies":[{"embeddable":true,"href":"https:\/\/www.rumicon.sk\/hu\/wp-json\/wp\/v2\/comments?post=6073"}],"wp:featuredmedia":[{"embeddable":true,"href":"https:\/\/www.rumicon.sk\/hu\/wp-json\/wp\/v2\/media\/6074"}],"wp:attachment":[{"href":"https:\/\/www.rumicon.sk\/hu\/wp-json\/wp\/v2\/media?parent=6073"}],"wp:term":[{"taxonomy":"product_brand","embeddable":true,"href":"https:\/\/www.rumicon.sk\/hu\/wp-json\/wp\/v2\/product_brand?post=6073"},{"taxonomy":"product_cat","embeddable":true,"href":"https:\/\/www.rumicon.sk\/hu\/wp-json\/wp\/v2\/product_cat?post=6073"},{"taxonomy":"product_tag","embeddable":true,"href":"https:\/\/www.rumicon.sk\/hu\/wp-json\/wp\/v2\/product_tag?post=6073"}],"curies":[{"name":"wp","href":"https:\/\/api.w.org\/{rel}","templated":true}]}}