{"id":6069,"date":"2023-07-01T17:23:17","date_gmt":"2023-07-01T15:23:17","guid":{"rendered":"https:\/\/www.rumicon.sk\/produkt\/rum-piquero-rojo-40-07l\/"},"modified":"2025-08-14T11:49:09","modified_gmt":"2025-08-14T09:49:09","slug":"rum-piquero-rojo-40-07l","status":"publish","type":"product","link":"https:\/\/www.rumicon.sk\/hu\/produkt\/rum-piquero-rojo-40-07l\/","title":{"rendered":"Rum Piquero Rojo 40%, 0,7l"},"content":{"rendered":"<p>Az abszol\u00fat \u00fajdons\u00e1g, a panamai<strong> Piquero Rojo<\/strong>, az \u00edzek robban\u00e1sszer\u0171s\u00e9g\u00e9t rejti mag\u00e1ban. Nemcsak az \u00e9tcsokol\u00e1d\u00e9 mag\u00e1val ragad\u00f3 \u00edz\u00e9t tapasztalhatja meg, hanem a vajas kekszet, a n\u00e1dcukrot, a karamellt \u00e9s az \u00e9des s\u00fctem\u00e9nyeket is. Ha a Piquero rump\u00e1rlat alapv\u00e1ltozat\u00e1t kedveli, a Piquero Rojo szinte biztosan \u00d6nt is elnyeri majd.  <\/p>\n","protected":false},"excerpt":{"rendered":"<p>Az abszol\u00fat \u00fajdons\u00e1g, a panamai Piquero Rojo, az \u00edzek robban\u00e1sszer\u0171s\u00e9g\u00e9t rejti mag\u00e1ban. Nemcsak az \u00e9tcsokol\u00e1d\u00e9 mag\u00e1val ragad\u00f3 \u00edz\u00e9t tapasztalhatja meg, hanem a vajas kekszet, a n\u00e1dcukrot, a karamellt \u00e9s az \u00e9des s\u00fctem\u00e9nyeket is. Fedezze fel kedvenc rump\u00e1rlat\u00e1nak, a Piquer\u00f3nak a nagy testv\u00e9r\u00e9t.  <\/p>\n","protected":false},"featured_media":6070,"comment_status":"closed","ping_status":"closed","template":"","meta":{"_acf_changed":false},"product_brand":[],"product_cat":[644,483,489],"product_tag":[1157,493],"class_list":{"0":"post-6069","1":"product","2":"type-product","3":"status-publish","4":"has-post-thumbnail","6":"product_cat-hirek","7":"product_cat-rum-hu","8":"product_cat-izesitett-rum","9":"product_tag-izesitett-rum","10":"product_tag-piquero-hu","11":"pa_druh-alkoholu-izesitett-rum","12":"pa_krajina-povodu-panama-hu","13":"pa_objem-07-l-hu","14":"pa_obsah-alkoholu-40-hu","15":"pa_znacka-piquero-hu","17":"first","18":"instock","19":"taxable","20":"shipping-taxable","21":"purchasable","22":"product-type-simple"},"acf":[],"yoast_head":"<!-- This site is optimized with the Yoast SEO plugin v27.0 - https:\/\/yoast.com\/product\/yoast-seo-wordpress\/ -->\n<title>Rum Piquero Rojo 40%, 0,7l - rumicon.sk<\/title>\n<meta name=\"robots\" content=\"index, follow, max-snippet:-1, max-image-preview:large, max-video-preview:-1\" \/>\n<link rel=\"canonical\" href=\"https:\/\/www.rumicon.sk\/hu\/produkt\/rum-piquero-rojo-40-07l\/\" \/>\n<meta property=\"og:locale\" content=\"hu_HU\" \/>\n<meta property=\"og:type\" content=\"article\" \/>\n<meta property=\"og:title\" content=\"Rum Piquero Rojo 40%, 0,7l - rumicon.sk\" \/>\n<meta property=\"og:description\" content=\"Az abszol\u00fat \u00fajdons\u00e1g, a panamai Piquero Rojo, az \u00edzek robban\u00e1sszer\u0171s\u00e9g\u00e9t rejti mag\u00e1ban. Nemcsak az \u00e9tcsokol\u00e1d\u00e9 mag\u00e1val ragad\u00f3 \u00edz\u00e9t tapasztalhatja meg, hanem a vajas kekszet, a n\u00e1dcukrot, a karamellt \u00e9s az \u00e9des s\u00fctem\u00e9nyeket is. Fedezze fel kedvenc rump\u00e1rlat\u00e1nak, a Piquer\u00f3nak a nagy testv\u00e9r\u00e9t.\" \/>\n<meta property=\"og:url\" content=\"https:\/\/www.rumicon.sk\/hu\/produkt\/rum-piquero-rojo-40-07l\/\" \/>\n<meta property=\"og:site_name\" content=\"rumicon.sk\" \/>\n<meta property=\"article:publisher\" content=\"https:\/\/www.facebook.com\/people\/Rumicon-Bottle-Cigar-Shop\/100087110283303\/\" \/>\n<meta property=\"article:modified_time\" content=\"2025-08-14T09:49:09+00:00\" \/>\n<meta property=\"og:image\" content=\"https:\/\/www.rumicon.sk\/wp-content\/uploads\/11905_piquerorojo.jpg\" \/>\n\t<meta property=\"og:image:width\" content=\"1024\" \/>\n\t<meta property=\"og:image:height\" content=\"768\" \/>\n\t<meta property=\"og:image:type\" content=\"image\/jpeg\" \/>\n<meta name=\"twitter:card\" content=\"summary_large_image\" \/>\n<script type=\"application\/ld+json\" class=\"yoast-schema-graph\">{\"@context\":\"https:\/\/schema.org\",\"@graph\":[{\"@type\":\"WebPage\",\"@id\":\"https:\/\/www.rumicon.sk\/hu\/produkt\/rum-piquero-rojo-40-07l\/\",\"url\":\"https:\/\/www.rumicon.sk\/hu\/produkt\/rum-piquero-rojo-40-07l\/\",\"name\":\"Rum Piquero Rojo 40%, 0,7l - rumicon.sk\",\"isPartOf\":{\"@id\":\"https:\/\/www.rumicon.sk\/hu\/#website\"},\"primaryImageOfPage\":{\"@id\":\"https:\/\/www.rumicon.sk\/hu\/produkt\/rum-piquero-rojo-40-07l\/#primaryimage\"},\"image\":{\"@id\":\"https:\/\/www.rumicon.sk\/hu\/produkt\/rum-piquero-rojo-40-07l\/#primaryimage\"},\"thumbnailUrl\":\"https:\/\/www.rumicon.sk\/wp-content\/uploads\/11905_piquerorojo.jpg\",\"datePublished\":\"2023-07-01T15:23:17+00:00\",\"dateModified\":\"2025-08-14T09:49:09+00:00\",\"breadcrumb\":{\"@id\":\"https:\/\/www.rumicon.sk\/hu\/produkt\/rum-piquero-rojo-40-07l\/#breadcrumb\"},\"inLanguage\":\"hu\",\"potentialAction\":[{\"@type\":\"ReadAction\",\"target\":[\"https:\/\/www.rumicon.sk\/hu\/produkt\/rum-piquero-rojo-40-07l\/\"]}]},{\"@type\":\"ImageObject\",\"inLanguage\":\"hu\",\"@id\":\"https:\/\/www.rumicon.sk\/hu\/produkt\/rum-piquero-rojo-40-07l\/#primaryimage\",\"url\":\"https:\/\/www.rumicon.sk\/wp-content\/uploads\/11905_piquerorojo.jpg\",\"contentUrl\":\"https:\/\/www.rumicon.sk\/wp-content\/uploads\/11905_piquerorojo.jpg\",\"width\":1024,\"height\":768,\"caption\":\"piquero rojo\"},{\"@type\":\"BreadcrumbList\",\"@id\":\"https:\/\/www.rumicon.sk\/hu\/produkt\/rum-piquero-rojo-40-07l\/#breadcrumb\",\"itemListElement\":[{\"@type\":\"ListItem\",\"position\":1,\"name\":\"Home\",\"item\":\"https:\/\/www.rumicon.sk\/hu\/home\/\"},{\"@type\":\"ListItem\",\"position\":2,\"name\":\"Web\u00e1ruh\u00e1z\",\"item\":\"https:\/\/www.rumicon.sk\/hu\/webaruhaz\/\"},{\"@type\":\"ListItem\",\"position\":3,\"name\":\"Rum Piquero Rojo 40%, 0,7l\"}]},{\"@type\":\"WebSite\",\"@id\":\"https:\/\/www.rumicon.sk\/hu\/#website\",\"url\":\"https:\/\/www.rumicon.sk\/hu\/\",\"name\":\"rumicon.sk\",\"description\":\"\",\"publisher\":{\"@id\":\"https:\/\/www.rumicon.sk\/hu\/#organization\"},\"potentialAction\":[{\"@type\":\"SearchAction\",\"target\":{\"@type\":\"EntryPoint\",\"urlTemplate\":\"https:\/\/www.rumicon.sk\/hu\/?s={search_term_string}\"},\"query-input\":{\"@type\":\"PropertyValueSpecification\",\"valueRequired\":true,\"valueName\":\"search_term_string\"}}],\"inLanguage\":\"hu\"},{\"@type\":\"Organization\",\"@id\":\"https:\/\/www.rumicon.sk\/hu\/#organization\",\"name\":\"rumicon.sk\",\"url\":\"https:\/\/www.rumicon.sk\/hu\/\",\"logo\":{\"@type\":\"ImageObject\",\"inLanguage\":\"hu\",\"@id\":\"https:\/\/www.rumicon.sk\/hu\/#\/schema\/logo\/image\/\",\"url\":\"https:\/\/www.rumicon.sk\/wp-content\/uploads\/logo-rumicon-bcs-color.png\",\"contentUrl\":\"https:\/\/www.rumicon.sk\/wp-content\/uploads\/logo-rumicon-bcs-color.png\",\"width\":827,\"height\":278,\"caption\":\"rumicon.sk\"},\"image\":{\"@id\":\"https:\/\/www.rumicon.sk\/hu\/#\/schema\/logo\/image\/\"},\"sameAs\":[\"https:\/\/www.facebook.com\/people\/Rumicon-Bottle-Cigar-Shop\/100087110283303\/\",\"https:\/\/www.instagram.com\/rumicon_bottle_cigar_shop\/\",\"https:\/\/www.tiktok.com\/@rumicon2022\"]}]}<\/script>\n<!-- \/ Yoast SEO plugin. -->","yoast_head_json":{"title":"Rum Piquero Rojo 40%, 0,7l - rumicon.sk","robots":{"index":"index","follow":"follow","max-snippet":"max-snippet:-1","max-image-preview":"max-image-preview:large","max-video-preview":"max-video-preview:-1"},"canonical":"https:\/\/www.rumicon.sk\/hu\/produkt\/rum-piquero-rojo-40-07l\/","og_locale":"hu_HU","og_type":"article","og_title":"Rum Piquero Rojo 40%, 0,7l - rumicon.sk","og_description":"Az abszol\u00fat \u00fajdons\u00e1g, a panamai Piquero Rojo, az \u00edzek robban\u00e1sszer\u0171s\u00e9g\u00e9t rejti mag\u00e1ban. Nemcsak az \u00e9tcsokol\u00e1d\u00e9 mag\u00e1val ragad\u00f3 \u00edz\u00e9t tapasztalhatja meg, hanem a vajas kekszet, a n\u00e1dcukrot, a karamellt \u00e9s az \u00e9des s\u00fctem\u00e9nyeket is. Fedezze fel kedvenc rump\u00e1rlat\u00e1nak, a Piquer\u00f3nak a nagy testv\u00e9r\u00e9t.","og_url":"https:\/\/www.rumicon.sk\/hu\/produkt\/rum-piquero-rojo-40-07l\/","og_site_name":"rumicon.sk","article_publisher":"https:\/\/www.facebook.com\/people\/Rumicon-Bottle-Cigar-Shop\/100087110283303\/","article_modified_time":"2025-08-14T09:49:09+00:00","og_image":[{"width":1024,"height":768,"url":"https:\/\/www.rumicon.sk\/wp-content\/uploads\/11905_piquerorojo.jpg","type":"image\/jpeg"}],"twitter_card":"summary_large_image","schema":{"@context":"https:\/\/schema.org","@graph":[{"@type":"WebPage","@id":"https:\/\/www.rumicon.sk\/hu\/produkt\/rum-piquero-rojo-40-07l\/","url":"https:\/\/www.rumicon.sk\/hu\/produkt\/rum-piquero-rojo-40-07l\/","name":"Rum Piquero Rojo 40%, 0,7l - rumicon.sk","isPartOf":{"@id":"https:\/\/www.rumicon.sk\/hu\/#website"},"primaryImageOfPage":{"@id":"https:\/\/www.rumicon.sk\/hu\/produkt\/rum-piquero-rojo-40-07l\/#primaryimage"},"image":{"@id":"https:\/\/www.rumicon.sk\/hu\/produkt\/rum-piquero-rojo-40-07l\/#primaryimage"},"thumbnailUrl":"https:\/\/www.rumicon.sk\/wp-content\/uploads\/11905_piquerorojo.jpg","datePublished":"2023-07-01T15:23:17+00:00","dateModified":"2025-08-14T09:49:09+00:00","breadcrumb":{"@id":"https:\/\/www.rumicon.sk\/hu\/produkt\/rum-piquero-rojo-40-07l\/#breadcrumb"},"inLanguage":"hu","potentialAction":[{"@type":"ReadAction","target":["https:\/\/www.rumicon.sk\/hu\/produkt\/rum-piquero-rojo-40-07l\/"]}]},{"@type":"ImageObject","inLanguage":"hu","@id":"https:\/\/www.rumicon.sk\/hu\/produkt\/rum-piquero-rojo-40-07l\/#primaryimage","url":"https:\/\/www.rumicon.sk\/wp-content\/uploads\/11905_piquerorojo.jpg","contentUrl":"https:\/\/www.rumicon.sk\/wp-content\/uploads\/11905_piquerorojo.jpg","width":1024,"height":768,"caption":"piquero rojo"},{"@type":"BreadcrumbList","@id":"https:\/\/www.rumicon.sk\/hu\/produkt\/rum-piquero-rojo-40-07l\/#breadcrumb","itemListElement":[{"@type":"ListItem","position":1,"name":"Home","item":"https:\/\/www.rumicon.sk\/hu\/home\/"},{"@type":"ListItem","position":2,"name":"Web\u00e1ruh\u00e1z","item":"https:\/\/www.rumicon.sk\/hu\/webaruhaz\/"},{"@type":"ListItem","position":3,"name":"Rum Piquero Rojo 40%, 0,7l"}]},{"@type":"WebSite","@id":"https:\/\/www.rumicon.sk\/hu\/#website","url":"https:\/\/www.rumicon.sk\/hu\/","name":"rumicon.sk","description":"","publisher":{"@id":"https:\/\/www.rumicon.sk\/hu\/#organization"},"potentialAction":[{"@type":"SearchAction","target":{"@type":"EntryPoint","urlTemplate":"https:\/\/www.rumicon.sk\/hu\/?s={search_term_string}"},"query-input":{"@type":"PropertyValueSpecification","valueRequired":true,"valueName":"search_term_string"}}],"inLanguage":"hu"},{"@type":"Organization","@id":"https:\/\/www.rumicon.sk\/hu\/#organization","name":"rumicon.sk","url":"https:\/\/www.rumicon.sk\/hu\/","logo":{"@type":"ImageObject","inLanguage":"hu","@id":"https:\/\/www.rumicon.sk\/hu\/#\/schema\/logo\/image\/","url":"https:\/\/www.rumicon.sk\/wp-content\/uploads\/logo-rumicon-bcs-color.png","contentUrl":"https:\/\/www.rumicon.sk\/wp-content\/uploads\/logo-rumicon-bcs-color.png","width":827,"height":278,"caption":"rumicon.sk"},"image":{"@id":"https:\/\/www.rumicon.sk\/hu\/#\/schema\/logo\/image\/"},"sameAs":["https:\/\/www.facebook.com\/people\/Rumicon-Bottle-Cigar-Shop\/100087110283303\/","https:\/\/www.instagram.com\/rumicon_bottle_cigar_shop\/","https:\/\/www.tiktok.com\/@rumicon2022"]}]}},"_links":{"self":[{"href":"https:\/\/www.rumicon.sk\/hu\/wp-json\/wp\/v2\/product\/6069","targetHints":{"allow":["GET"]}}],"collection":[{"href":"https:\/\/www.rumicon.sk\/hu\/wp-json\/wp\/v2\/product"}],"about":[{"href":"https:\/\/www.rumicon.sk\/hu\/wp-json\/wp\/v2\/types\/product"}],"replies":[{"embeddable":true,"href":"https:\/\/www.rumicon.sk\/hu\/wp-json\/wp\/v2\/comments?post=6069"}],"wp:featuredmedia":[{"embeddable":true,"href":"https:\/\/www.rumicon.sk\/hu\/wp-json\/wp\/v2\/media\/6070"}],"wp:attachment":[{"href":"https:\/\/www.rumicon.sk\/hu\/wp-json\/wp\/v2\/media?parent=6069"}],"wp:term":[{"taxonomy":"product_brand","embeddable":true,"href":"https:\/\/www.rumicon.sk\/hu\/wp-json\/wp\/v2\/product_brand?post=6069"},{"taxonomy":"product_cat","embeddable":true,"href":"https:\/\/www.rumicon.sk\/hu\/wp-json\/wp\/v2\/product_cat?post=6069"},{"taxonomy":"product_tag","embeddable":true,"href":"https:\/\/www.rumicon.sk\/hu\/wp-json\/wp\/v2\/product_tag?post=6069"}],"curies":[{"name":"wp","href":"https:\/\/api.w.org\/{rel}","templated":true}]}}