{"id":6065,"date":"2023-07-26T15:46:29","date_gmt":"2023-07-26T13:46:29","guid":{"rendered":"https:\/\/www.rumicon.sk\/produkt\/rum-shark-2009-salto-angel-venezuela-12yo-61-5-07l-ufo\/"},"modified":"2024-10-08T13:07:56","modified_gmt":"2024-10-08T11:07:56","slug":"rum-shark-2009-salto-angel-venezuela-12yo-61-5-07l-ufo","status":"publish","type":"product","link":"https:\/\/www.rumicon.sk\/hu\/produkt\/rum-shark-2009-salto-angel-venezuela-12yo-61-5-07l-ufo\/","title":{"rendered":"Rum Shark 2009 Salto Angel Venezuela 12yo ..."},"content":{"rendered":"<p>Ezt a rumot Venezuel\u00e1ban desztill\u00e1lt\u00e1k \u00e9s \u00e9rlelt\u00e9k a Distribuidora Sofa z\u00e1szlaja alatt, \u00e9s a m\u00faltban sz\u00e1mos d\u00edjat nyert nemzetk\u00f6zi versenyeken, ahol m\u00e9g mindig rendszeresen az \u00e9lmez\u0151nyben szerepel. Hagyja, hogy pohar\u00e1ban megcsillanjon egyedi \u00e9s r\u00e9tegzett karaktere, amelyet nem lehet m\u00e1ssal fel\u00e9p\u00edteni, mint kem\u00e9ny munk\u00e1val, els\u0151 oszt\u00e1ly\u00fa gondoskod\u00e1ssal \u00e9s tengernyi id\u0151vel.<\/p>\n","protected":false},"excerpt":{"rendered":"<p>12 \u00e9v tr\u00f3pusi \u00e9rlel\u00e9s \u00e9s semmilyen adal\u00e9kanyag n\u00e9lk\u00fcl a Rum Shark Venezuela 2009. Venezuela. Ennek a rumnak az eredete a 18. sz\u00e1zad v\u00e9g\u00e9re ny\u00falik vissza, amikor Venezuela \u00e9szaki hegyvid\u00e9k\u00e9n egy farmot hoztak l\u00e9tre, ahol k\u00e1v\u00e9t, kaka\u00f3t \u00e9s cukorn\u00e1dat termesztettek. A rumot az 1830-as \u00e9vekben kezdt\u00e9k itt gy\u00e1rtani, \u00edgy ez a legr\u00e9gebbi venezuelai rum. A f\u00fcggetlen, csal\u00e1di v\u00e1llalkoz\u00e1s ma m\u00e1r az 5. gener\u00e1ci\u00f3ban m\u0171k\u00f6dik, \u00e9s folyamatosan biztos\u00edtja a hagyom\u00e1nyos elj\u00e1r\u00e1sok betart\u00e1s\u00e1t, b\u00fcszk\u00e9n felt\u00fcntetve a &#8220;Ron de Venezuela&#8221; c\u00edmk\u00e9t minden term\u00e9k\u00e9n. A v\u00e1llalat a rumgy\u00e1rt\u00e1s valamennyi folyamat\u00e1t (a cukorn\u00e1d betakar\u00edt\u00e1s\u00e1t\u00f3l a palackoz\u00e1sig) ellen\u0151rzi. A melaszt a Saccharomyces cerevisiae \u00e9leszt\u0151vel erjesztik, a lep\u00e1rl\u00e1si folyamatot pedig f\u0151k\u00e9nt t\u00f6bb oszlopos lep\u00e1rl\u00f3kkal v\u00e9gzik, amelyek a k\u00f6nny\u0171t\u0151l a neh\u00e9z szeszes italok sz\u00e9les sk\u00e1l\u00e1j\u00e1t \u00e1ll\u00edtj\u00e1k el\u0151. Az \u00e9rlel\u00e9shez t\u00f6bbnyire ex-bourbon amerikai feh\u00e9r t\u00f6lgyfahord\u00f3kat haszn\u00e1lnak, de tal\u00e1lunk francia t\u00f6lgyfahord\u00f3kat is, amelyekben kor\u00e1bban m\u00e1s finom szeszes italokat is \u00e9rleltek.<\/p>\n<p>   A p\u00e1rlatot 70 %-os alkoholtartalomra h\u00edg\u00edtj\u00e1k, miel\u0151tt hord\u00f3kba palackozz\u00e1k.<\/p>\n","protected":false},"featured_media":6067,"comment_status":"closed","ping_status":"closed","template":"","meta":{"_acf_changed":false},"product_brand":[],"product_cat":[483,485],"product_tag":[852],"class_list":{"0":"post-6065","1":"product","2":"type-product","3":"status-publish","4":"has-post-thumbnail","6":"product_cat-rum-hu","7":"product_cat-sotet-rum","8":"product_tag-rum-shark-hu","9":"pa_objem-07l-hu","10":"pa_obsah-alkoholu-615-hu","11":"pa_znacka-rum-shark-hu","13":"first","14":"outofstock","15":"taxable","16":"shipping-taxable","17":"purchasable","18":"product-type-simple"},"acf":[],"yoast_head":"<!-- This site is optimized with the Yoast SEO plugin v27.0 - https:\/\/yoast.com\/product\/yoast-seo-wordpress\/ -->\n<title>Rum Shark 2009 Salto Angel Venezuela 12yo 61.5% 0,7l &quot;UFO&quot; - rumicon.sk<\/title>\n<meta name=\"robots\" content=\"index, follow, max-snippet:-1, max-image-preview:large, max-video-preview:-1\" \/>\n<link rel=\"canonical\" href=\"https:\/\/www.rumicon.sk\/hu\/produkt\/rum-shark-2009-salto-angel-venezuela-12yo-61-5-07l-ufo\/\" \/>\n<meta property=\"og:locale\" content=\"hu_HU\" \/>\n<meta property=\"og:type\" content=\"article\" \/>\n<meta property=\"og:title\" content=\"Rum Shark 2009 Salto Angel Venezuela 12yo 61.5% 0,7l &quot;UFO&quot; - rumicon.sk\" \/>\n<meta property=\"og:description\" content=\"12 \u00e9v tr\u00f3pusi \u00e9rlel\u00e9s \u00e9s semmilyen adal\u00e9kanyag n\u00e9lk\u00fcl a Rum Shark Venezuela 2009. Venezuela. Ennek a rumnak az eredete a 18. sz\u00e1zad v\u00e9g\u00e9re ny\u00falik vissza, amikor Venezuela \u00e9szaki hegyvid\u00e9k\u00e9n egy farmot hoztak l\u00e9tre, ahol k\u00e1v\u00e9t, kaka\u00f3t \u00e9s cukorn\u00e1dat termesztettek. A rumot az 1830-as \u00e9vekben kezdt\u00e9k itt gy\u00e1rtani, \u00edgy ez a legr\u00e9gebbi venezuelai rum. A f\u00fcggetlen, csal\u00e1di v\u00e1llalkoz\u00e1s ma m\u00e1r az 5. gener\u00e1ci\u00f3ban m\u0171k\u00f6dik, \u00e9s folyamatosan biztos\u00edtja a hagyom\u00e1nyos elj\u00e1r\u00e1sok betart\u00e1s\u00e1t, b\u00fcszk\u00e9n felt\u00fcntetve a &quot;Ron de Venezuela&quot; c\u00edmk\u00e9t minden term\u00e9k\u00e9n. A v\u00e1llalat a rumgy\u00e1rt\u00e1s valamennyi folyamat\u00e1t (a cukorn\u00e1d betakar\u00edt\u00e1s\u00e1t\u00f3l a palackoz\u00e1sig) ellen\u0151rzi. A melaszt a Saccharomyces cerevisiae \u00e9leszt\u0151vel erjesztik, a lep\u00e1rl\u00e1si folyamatot pedig f\u0151k\u00e9nt t\u00f6bb oszlopos lep\u00e1rl\u00f3kkal v\u00e9gzik, amelyek a k\u00f6nny\u0171t\u0151l a neh\u00e9z szeszes italok sz\u00e9les sk\u00e1l\u00e1j\u00e1t \u00e1ll\u00edtj\u00e1k el\u0151. Az \u00e9rlel\u00e9shez t\u00f6bbnyire ex-bourbon amerikai feh\u00e9r t\u00f6lgyfahord\u00f3kat haszn\u00e1lnak, de tal\u00e1lunk francia t\u00f6lgyfahord\u00f3kat is, amelyekben kor\u00e1bban m\u00e1s finom szeszes italokat is \u00e9rleltek.       A p\u00e1rlatot 70 %-os alkoholtartalomra h\u00edg\u00edtj\u00e1k, miel\u0151tt hord\u00f3kba palackozz\u00e1k.\" \/>\n<meta property=\"og:url\" content=\"https:\/\/www.rumicon.sk\/hu\/produkt\/rum-shark-2009-salto-angel-venezuela-12yo-61-5-07l-ufo\/\" \/>\n<meta property=\"og:site_name\" content=\"rumicon.sk\" \/>\n<meta property=\"article:publisher\" content=\"https:\/\/www.facebook.com\/people\/Rumicon-Bottle-Cigar-Shop\/100087110283303\/\" \/>\n<meta property=\"article:modified_time\" content=\"2024-10-08T11:07:56+00:00\" \/>\n<meta property=\"og:image\" content=\"https:\/\/www.rumicon.sk\/wp-content\/uploads\/Rum-Shark-2009-Salto-Angel-Venezuela-12yo-47-07l-UFO-1.jpg\" \/>\n\t<meta property=\"og:image:width\" content=\"400\" \/>\n\t<meta property=\"og:image:height\" content=\"400\" \/>\n\t<meta property=\"og:image:type\" content=\"image\/jpeg\" \/>\n<meta name=\"twitter:card\" content=\"summary_large_image\" \/>\n<script type=\"application\/ld+json\" class=\"yoast-schema-graph\">{\"@context\":\"https:\/\/schema.org\",\"@graph\":[{\"@type\":\"WebPage\",\"@id\":\"https:\/\/www.rumicon.sk\/hu\/produkt\/rum-shark-2009-salto-angel-venezuela-12yo-61-5-07l-ufo\/\",\"url\":\"https:\/\/www.rumicon.sk\/hu\/produkt\/rum-shark-2009-salto-angel-venezuela-12yo-61-5-07l-ufo\/\",\"name\":\"Rum Shark 2009 Salto Angel Venezuela 12yo 61.5% 0,7l \\\"UFO\\\" - rumicon.sk\",\"isPartOf\":{\"@id\":\"https:\/\/www.rumicon.sk\/hu\/#website\"},\"primaryImageOfPage\":{\"@id\":\"https:\/\/www.rumicon.sk\/hu\/produkt\/rum-shark-2009-salto-angel-venezuela-12yo-61-5-07l-ufo\/#primaryimage\"},\"image\":{\"@id\":\"https:\/\/www.rumicon.sk\/hu\/produkt\/rum-shark-2009-salto-angel-venezuela-12yo-61-5-07l-ufo\/#primaryimage\"},\"thumbnailUrl\":\"https:\/\/www.rumicon.sk\/wp-content\/uploads\/Rum-Shark-2009-Salto-Angel-Venezuela-12yo-47-07l-UFO-1.jpg\",\"datePublished\":\"2023-07-26T13:46:29+00:00\",\"dateModified\":\"2024-10-08T11:07:56+00:00\",\"breadcrumb\":{\"@id\":\"https:\/\/www.rumicon.sk\/hu\/produkt\/rum-shark-2009-salto-angel-venezuela-12yo-61-5-07l-ufo\/#breadcrumb\"},\"inLanguage\":\"hu\",\"potentialAction\":[{\"@type\":\"ReadAction\",\"target\":[\"https:\/\/www.rumicon.sk\/hu\/produkt\/rum-shark-2009-salto-angel-venezuela-12yo-61-5-07l-ufo\/\"]}]},{\"@type\":\"ImageObject\",\"inLanguage\":\"hu\",\"@id\":\"https:\/\/www.rumicon.sk\/hu\/produkt\/rum-shark-2009-salto-angel-venezuela-12yo-61-5-07l-ufo\/#primaryimage\",\"url\":\"https:\/\/www.rumicon.sk\/wp-content\/uploads\/Rum-Shark-2009-Salto-Angel-Venezuela-12yo-47-07l-UFO-1.jpg\",\"contentUrl\":\"https:\/\/www.rumicon.sk\/wp-content\/uploads\/Rum-Shark-2009-Salto-Angel-Venezuela-12yo-47-07l-UFO-1.jpg\",\"width\":400,\"height\":400},{\"@type\":\"BreadcrumbList\",\"@id\":\"https:\/\/www.rumicon.sk\/hu\/produkt\/rum-shark-2009-salto-angel-venezuela-12yo-61-5-07l-ufo\/#breadcrumb\",\"itemListElement\":[{\"@type\":\"ListItem\",\"position\":1,\"name\":\"Home\",\"item\":\"https:\/\/www.rumicon.sk\/hu\/home\/\"},{\"@type\":\"ListItem\",\"position\":2,\"name\":\"Web\u00e1ruh\u00e1z\",\"item\":\"https:\/\/www.rumicon.sk\/hu\/webaruhaz\/\"},{\"@type\":\"ListItem\",\"position\":3,\"name\":\"Rum Shark 2009 Salto Angel Venezuela 12yo ...\"}]},{\"@type\":\"WebSite\",\"@id\":\"https:\/\/www.rumicon.sk\/hu\/#website\",\"url\":\"https:\/\/www.rumicon.sk\/hu\/\",\"name\":\"rumicon.sk\",\"description\":\"\",\"publisher\":{\"@id\":\"https:\/\/www.rumicon.sk\/hu\/#organization\"},\"potentialAction\":[{\"@type\":\"SearchAction\",\"target\":{\"@type\":\"EntryPoint\",\"urlTemplate\":\"https:\/\/www.rumicon.sk\/hu\/?s={search_term_string}\"},\"query-input\":{\"@type\":\"PropertyValueSpecification\",\"valueRequired\":true,\"valueName\":\"search_term_string\"}}],\"inLanguage\":\"hu\"},{\"@type\":\"Organization\",\"@id\":\"https:\/\/www.rumicon.sk\/hu\/#organization\",\"name\":\"rumicon.sk\",\"url\":\"https:\/\/www.rumicon.sk\/hu\/\",\"logo\":{\"@type\":\"ImageObject\",\"inLanguage\":\"hu\",\"@id\":\"https:\/\/www.rumicon.sk\/hu\/#\/schema\/logo\/image\/\",\"url\":\"https:\/\/www.rumicon.sk\/wp-content\/uploads\/logo-rumicon-bcs-color.png\",\"contentUrl\":\"https:\/\/www.rumicon.sk\/wp-content\/uploads\/logo-rumicon-bcs-color.png\",\"width\":827,\"height\":278,\"caption\":\"rumicon.sk\"},\"image\":{\"@id\":\"https:\/\/www.rumicon.sk\/hu\/#\/schema\/logo\/image\/\"},\"sameAs\":[\"https:\/\/www.facebook.com\/people\/Rumicon-Bottle-Cigar-Shop\/100087110283303\/\",\"https:\/\/www.instagram.com\/rumicon_bottle_cigar_shop\/\",\"https:\/\/www.tiktok.com\/@rumicon2022\"]}]}<\/script>\n<!-- \/ Yoast SEO plugin. -->","yoast_head_json":{"title":"Rum Shark 2009 Salto Angel Venezuela 12yo 61.5% 0,7l \"UFO\" - rumicon.sk","robots":{"index":"index","follow":"follow","max-snippet":"max-snippet:-1","max-image-preview":"max-image-preview:large","max-video-preview":"max-video-preview:-1"},"canonical":"https:\/\/www.rumicon.sk\/hu\/produkt\/rum-shark-2009-salto-angel-venezuela-12yo-61-5-07l-ufo\/","og_locale":"hu_HU","og_type":"article","og_title":"Rum Shark 2009 Salto Angel Venezuela 12yo 61.5% 0,7l \"UFO\" - rumicon.sk","og_description":"12 \u00e9v tr\u00f3pusi \u00e9rlel\u00e9s \u00e9s semmilyen adal\u00e9kanyag n\u00e9lk\u00fcl a Rum Shark Venezuela 2009. Venezuela. Ennek a rumnak az eredete a 18. sz\u00e1zad v\u00e9g\u00e9re ny\u00falik vissza, amikor Venezuela \u00e9szaki hegyvid\u00e9k\u00e9n egy farmot hoztak l\u00e9tre, ahol k\u00e1v\u00e9t, kaka\u00f3t \u00e9s cukorn\u00e1dat termesztettek. A rumot az 1830-as \u00e9vekben kezdt\u00e9k itt gy\u00e1rtani, \u00edgy ez a legr\u00e9gebbi venezuelai rum. A f\u00fcggetlen, csal\u00e1di v\u00e1llalkoz\u00e1s ma m\u00e1r az 5. gener\u00e1ci\u00f3ban m\u0171k\u00f6dik, \u00e9s folyamatosan biztos\u00edtja a hagyom\u00e1nyos elj\u00e1r\u00e1sok betart\u00e1s\u00e1t, b\u00fcszk\u00e9n felt\u00fcntetve a \"Ron de Venezuela\" c\u00edmk\u00e9t minden term\u00e9k\u00e9n. A v\u00e1llalat a rumgy\u00e1rt\u00e1s valamennyi folyamat\u00e1t (a cukorn\u00e1d betakar\u00edt\u00e1s\u00e1t\u00f3l a palackoz\u00e1sig) ellen\u0151rzi. A melaszt a Saccharomyces cerevisiae \u00e9leszt\u0151vel erjesztik, a lep\u00e1rl\u00e1si folyamatot pedig f\u0151k\u00e9nt t\u00f6bb oszlopos lep\u00e1rl\u00f3kkal v\u00e9gzik, amelyek a k\u00f6nny\u0171t\u0151l a neh\u00e9z szeszes italok sz\u00e9les sk\u00e1l\u00e1j\u00e1t \u00e1ll\u00edtj\u00e1k el\u0151. Az \u00e9rlel\u00e9shez t\u00f6bbnyire ex-bourbon amerikai feh\u00e9r t\u00f6lgyfahord\u00f3kat haszn\u00e1lnak, de tal\u00e1lunk francia t\u00f6lgyfahord\u00f3kat is, amelyekben kor\u00e1bban m\u00e1s finom szeszes italokat is \u00e9rleltek.       A p\u00e1rlatot 70 %-os alkoholtartalomra h\u00edg\u00edtj\u00e1k, miel\u0151tt hord\u00f3kba palackozz\u00e1k.","og_url":"https:\/\/www.rumicon.sk\/hu\/produkt\/rum-shark-2009-salto-angel-venezuela-12yo-61-5-07l-ufo\/","og_site_name":"rumicon.sk","article_publisher":"https:\/\/www.facebook.com\/people\/Rumicon-Bottle-Cigar-Shop\/100087110283303\/","article_modified_time":"2024-10-08T11:07:56+00:00","og_image":[{"width":400,"height":400,"url":"https:\/\/www.rumicon.sk\/wp-content\/uploads\/Rum-Shark-2009-Salto-Angel-Venezuela-12yo-47-07l-UFO-1.jpg","type":"image\/jpeg"}],"twitter_card":"summary_large_image","schema":{"@context":"https:\/\/schema.org","@graph":[{"@type":"WebPage","@id":"https:\/\/www.rumicon.sk\/hu\/produkt\/rum-shark-2009-salto-angel-venezuela-12yo-61-5-07l-ufo\/","url":"https:\/\/www.rumicon.sk\/hu\/produkt\/rum-shark-2009-salto-angel-venezuela-12yo-61-5-07l-ufo\/","name":"Rum Shark 2009 Salto Angel Venezuela 12yo 61.5% 0,7l \"UFO\" - rumicon.sk","isPartOf":{"@id":"https:\/\/www.rumicon.sk\/hu\/#website"},"primaryImageOfPage":{"@id":"https:\/\/www.rumicon.sk\/hu\/produkt\/rum-shark-2009-salto-angel-venezuela-12yo-61-5-07l-ufo\/#primaryimage"},"image":{"@id":"https:\/\/www.rumicon.sk\/hu\/produkt\/rum-shark-2009-salto-angel-venezuela-12yo-61-5-07l-ufo\/#primaryimage"},"thumbnailUrl":"https:\/\/www.rumicon.sk\/wp-content\/uploads\/Rum-Shark-2009-Salto-Angel-Venezuela-12yo-47-07l-UFO-1.jpg","datePublished":"2023-07-26T13:46:29+00:00","dateModified":"2024-10-08T11:07:56+00:00","breadcrumb":{"@id":"https:\/\/www.rumicon.sk\/hu\/produkt\/rum-shark-2009-salto-angel-venezuela-12yo-61-5-07l-ufo\/#breadcrumb"},"inLanguage":"hu","potentialAction":[{"@type":"ReadAction","target":["https:\/\/www.rumicon.sk\/hu\/produkt\/rum-shark-2009-salto-angel-venezuela-12yo-61-5-07l-ufo\/"]}]},{"@type":"ImageObject","inLanguage":"hu","@id":"https:\/\/www.rumicon.sk\/hu\/produkt\/rum-shark-2009-salto-angel-venezuela-12yo-61-5-07l-ufo\/#primaryimage","url":"https:\/\/www.rumicon.sk\/wp-content\/uploads\/Rum-Shark-2009-Salto-Angel-Venezuela-12yo-47-07l-UFO-1.jpg","contentUrl":"https:\/\/www.rumicon.sk\/wp-content\/uploads\/Rum-Shark-2009-Salto-Angel-Venezuela-12yo-47-07l-UFO-1.jpg","width":400,"height":400},{"@type":"BreadcrumbList","@id":"https:\/\/www.rumicon.sk\/hu\/produkt\/rum-shark-2009-salto-angel-venezuela-12yo-61-5-07l-ufo\/#breadcrumb","itemListElement":[{"@type":"ListItem","position":1,"name":"Home","item":"https:\/\/www.rumicon.sk\/hu\/home\/"},{"@type":"ListItem","position":2,"name":"Web\u00e1ruh\u00e1z","item":"https:\/\/www.rumicon.sk\/hu\/webaruhaz\/"},{"@type":"ListItem","position":3,"name":"Rum Shark 2009 Salto Angel Venezuela 12yo ..."}]},{"@type":"WebSite","@id":"https:\/\/www.rumicon.sk\/hu\/#website","url":"https:\/\/www.rumicon.sk\/hu\/","name":"rumicon.sk","description":"","publisher":{"@id":"https:\/\/www.rumicon.sk\/hu\/#organization"},"potentialAction":[{"@type":"SearchAction","target":{"@type":"EntryPoint","urlTemplate":"https:\/\/www.rumicon.sk\/hu\/?s={search_term_string}"},"query-input":{"@type":"PropertyValueSpecification","valueRequired":true,"valueName":"search_term_string"}}],"inLanguage":"hu"},{"@type":"Organization","@id":"https:\/\/www.rumicon.sk\/hu\/#organization","name":"rumicon.sk","url":"https:\/\/www.rumicon.sk\/hu\/","logo":{"@type":"ImageObject","inLanguage":"hu","@id":"https:\/\/www.rumicon.sk\/hu\/#\/schema\/logo\/image\/","url":"https:\/\/www.rumicon.sk\/wp-content\/uploads\/logo-rumicon-bcs-color.png","contentUrl":"https:\/\/www.rumicon.sk\/wp-content\/uploads\/logo-rumicon-bcs-color.png","width":827,"height":278,"caption":"rumicon.sk"},"image":{"@id":"https:\/\/www.rumicon.sk\/hu\/#\/schema\/logo\/image\/"},"sameAs":["https:\/\/www.facebook.com\/people\/Rumicon-Bottle-Cigar-Shop\/100087110283303\/","https:\/\/www.instagram.com\/rumicon_bottle_cigar_shop\/","https:\/\/www.tiktok.com\/@rumicon2022"]}]}},"_links":{"self":[{"href":"https:\/\/www.rumicon.sk\/hu\/wp-json\/wp\/v2\/product\/6065","targetHints":{"allow":["GET"]}}],"collection":[{"href":"https:\/\/www.rumicon.sk\/hu\/wp-json\/wp\/v2\/product"}],"about":[{"href":"https:\/\/www.rumicon.sk\/hu\/wp-json\/wp\/v2\/types\/product"}],"replies":[{"embeddable":true,"href":"https:\/\/www.rumicon.sk\/hu\/wp-json\/wp\/v2\/comments?post=6065"}],"wp:featuredmedia":[{"embeddable":true,"href":"https:\/\/www.rumicon.sk\/hu\/wp-json\/wp\/v2\/media\/6067"}],"wp:attachment":[{"href":"https:\/\/www.rumicon.sk\/hu\/wp-json\/wp\/v2\/media?parent=6065"}],"wp:term":[{"taxonomy":"product_brand","embeddable":true,"href":"https:\/\/www.rumicon.sk\/hu\/wp-json\/wp\/v2\/product_brand?post=6065"},{"taxonomy":"product_cat","embeddable":true,"href":"https:\/\/www.rumicon.sk\/hu\/wp-json\/wp\/v2\/product_cat?post=6065"},{"taxonomy":"product_tag","embeddable":true,"href":"https:\/\/www.rumicon.sk\/hu\/wp-json\/wp\/v2\/product_tag?post=6065"}],"curies":[{"name":"wp","href":"https:\/\/api.w.org\/{rel}","templated":true}]}}