{"id":6064,"date":"2023-07-17T13:59:48","date_gmt":"2023-07-17T11:59:48","guid":{"rendered":"https:\/\/www.rumicon.sk\/produkt\/whisky-highland-park-viking-10y-40-07-l\/"},"modified":"2025-08-14T11:49:14","modified_gmt":"2025-08-14T09:49:14","slug":"whisky-highland-park-viking-10y-40-07-l","status":"publish","type":"product","link":"https:\/\/www.rumicon.sk\/hu\/produkt\/whisky-highland-park-viking-10y-40-07-l\/","title":{"rendered":"Whisky Highland Park Viking 10y 40% 0,7 l"},"content":{"rendered":"<p>Az Orkney-szigeten tal\u00e1lhat\u00f3 Highland Park Distillery egy viking ihlet\u00e9s\u0171 10 \u00e9ves single malt sk\u00f3t whiskyt mutat be. Ezt a Highland r\u00e9gi\u00f3b\u00f3l sz\u00e1rmaz\u00f3 single malt whiskyt a lep\u00e1rl\u00f3 alap\u00edt\u00f3j\u00e1nak, Magnus Eunson-nak aj\u00e1nlj\u00e1k. \u0150 az Orkney-szigetet els\u0151k\u00e9nt letelep\u00edt\u0151 vikingek k\u00f6zvetlen lesz\u00e1rmazottja volt.  <\/p>\n<p><strong>Illat:<\/strong> finom cseresznye, melyet a kenderf\u00fcst egyens\u00falyoz ki<br \/>\n<strong>\u00cdz: <\/strong>gy\u00f6mb\u00e9r, narancsh\u00e9j, f\u00f6ldes t\u0151zeg, sherry \u00e9dess\u00e9g<br \/>\n<strong>Befejez\u00e9s:<\/strong> tengeri s\u00f3 \u00e9s kender, leheletnyi koriander \u00e9s t\u00f6r\u00f6tt fekete bors.<\/p>\n","protected":false},"excerpt":{"rendered":"<p>Ez a Highland Park sk\u00f3t szeszf\u0151zde 10 \u00e9ves single malt p\u00e1link\u00e1ja. F\u0151leg amerikai \u00e9s eur\u00f3pai t\u00f6lgyf\u00e1b\u00f3l k\u00e9sz\u00fclt, sherry \u00edzes\u00edt\u00e9s\u0171 hord\u00f3kban \u00e9rlelik. Ezek a hord\u00f3k kellemes gy\u00fcm\u00f6lcs\u00f6s \u00edzt k\u00f6lcs\u00f6n\u00f6znek ennek a whiskynek, m\u00edg a t\u0151zeg, amely sz\u00e1r\u00edtja az \u00e1rp\u00e1t, amelyb\u0151l k\u00e9sz\u00fclt, arom\u00e1s f\u00fcst\u00f6ss\u00e9get k\u00f6lcs\u00f6n\u00f6z. Alap\u00edt\u00f3juk, Magnus Eunson tisztelet\u00e9re 1798 \u00f3ta k\u00e9sz\u00edtik is \u00edgy.   <\/p>\n","protected":false},"featured_media":6066,"comment_status":"closed","ping_status":"closed","template":"","meta":{"_acf_changed":false},"product_brand":[],"product_cat":[509,517],"product_tag":[859,926],"class_list":{"0":"post-6064","1":"product","2":"type-product","3":"status-publish","4":"has-post-thumbnail","6":"product_cat-whisky-hu","7":"product_cat-skot-whisky","8":"product_tag-highland-hu-2","9":"product_tag-skocia-whisky","10":"pa_druh-alkoholu-whisky-hu","11":"pa_krajina-povodu-skocia","12":"pa_objem-07l-hu","13":"pa_obsah-alkoholu-402-hu","14":"pa_znacka-johnnie-walker-hu","16":"first","17":"instock","18":"taxable","19":"shipping-taxable","20":"purchasable","21":"product-type-simple"},"acf":[],"yoast_head":"<!-- This site is optimized with the Yoast SEO plugin v27.0 - https:\/\/yoast.com\/product\/yoast-seo-wordpress\/ -->\n<title>Whisky Highland Park Viking 10y 40% 0,7 l - rumicon.sk<\/title>\n<meta name=\"robots\" content=\"index, follow, max-snippet:-1, max-image-preview:large, max-video-preview:-1\" \/>\n<link rel=\"canonical\" href=\"https:\/\/www.rumicon.sk\/hu\/produkt\/whisky-highland-park-viking-10y-40-07-l\/\" \/>\n<meta property=\"og:locale\" content=\"hu_HU\" \/>\n<meta property=\"og:type\" content=\"article\" \/>\n<meta property=\"og:title\" content=\"Whisky Highland Park Viking 10y 40% 0,7 l - rumicon.sk\" \/>\n<meta property=\"og:description\" content=\"Ez a Highland Park sk\u00f3t szeszf\u0151zde 10 \u00e9ves single malt p\u00e1link\u00e1ja. F\u0151leg amerikai \u00e9s eur\u00f3pai t\u00f6lgyf\u00e1b\u00f3l k\u00e9sz\u00fclt, sherry \u00edzes\u00edt\u00e9s\u0171 hord\u00f3kban \u00e9rlelik. Ezek a hord\u00f3k kellemes gy\u00fcm\u00f6lcs\u00f6s \u00edzt k\u00f6lcs\u00f6n\u00f6znek ennek a whiskynek, m\u00edg a t\u0151zeg, amely sz\u00e1r\u00edtja az \u00e1rp\u00e1t, amelyb\u0151l k\u00e9sz\u00fclt, arom\u00e1s f\u00fcst\u00f6ss\u00e9get k\u00f6lcs\u00f6n\u00f6z. Alap\u00edt\u00f3juk, Magnus Eunson tisztelet\u00e9re 1798 \u00f3ta k\u00e9sz\u00edtik is \u00edgy.\" \/>\n<meta property=\"og:url\" content=\"https:\/\/www.rumicon.sk\/hu\/produkt\/whisky-highland-park-viking-10y-40-07-l\/\" \/>\n<meta property=\"og:site_name\" content=\"rumicon.sk\" \/>\n<meta property=\"article:publisher\" content=\"https:\/\/www.facebook.com\/people\/Rumicon-Bottle-Cigar-Shop\/100087110283303\/\" \/>\n<meta property=\"article:modified_time\" content=\"2025-08-14T09:49:14+00:00\" \/>\n<meta property=\"og:image\" content=\"https:\/\/www.rumicon.sk\/wp-content\/uploads\/highland-park-10.jpg\" \/>\n\t<meta property=\"og:image:width\" content=\"1024\" \/>\n\t<meta property=\"og:image:height\" content=\"768\" \/>\n\t<meta property=\"og:image:type\" content=\"image\/jpeg\" \/>\n<meta name=\"twitter:card\" content=\"summary_large_image\" \/>\n<script type=\"application\/ld+json\" class=\"yoast-schema-graph\">{\"@context\":\"https:\/\/schema.org\",\"@graph\":[{\"@type\":\"WebPage\",\"@id\":\"https:\/\/www.rumicon.sk\/hu\/produkt\/whisky-highland-park-viking-10y-40-07-l\/\",\"url\":\"https:\/\/www.rumicon.sk\/hu\/produkt\/whisky-highland-park-viking-10y-40-07-l\/\",\"name\":\"Whisky Highland Park Viking 10y 40% 0,7 l - rumicon.sk\",\"isPartOf\":{\"@id\":\"https:\/\/www.rumicon.sk\/hu\/#website\"},\"primaryImageOfPage\":{\"@id\":\"https:\/\/www.rumicon.sk\/hu\/produkt\/whisky-highland-park-viking-10y-40-07-l\/#primaryimage\"},\"image\":{\"@id\":\"https:\/\/www.rumicon.sk\/hu\/produkt\/whisky-highland-park-viking-10y-40-07-l\/#primaryimage\"},\"thumbnailUrl\":\"https:\/\/www.rumicon.sk\/wp-content\/uploads\/highland-park-10.jpg\",\"datePublished\":\"2023-07-17T11:59:48+00:00\",\"dateModified\":\"2025-08-14T09:49:14+00:00\",\"breadcrumb\":{\"@id\":\"https:\/\/www.rumicon.sk\/hu\/produkt\/whisky-highland-park-viking-10y-40-07-l\/#breadcrumb\"},\"inLanguage\":\"hu\",\"potentialAction\":[{\"@type\":\"ReadAction\",\"target\":[\"https:\/\/www.rumicon.sk\/hu\/produkt\/whisky-highland-park-viking-10y-40-07-l\/\"]}]},{\"@type\":\"ImageObject\",\"inLanguage\":\"hu\",\"@id\":\"https:\/\/www.rumicon.sk\/hu\/produkt\/whisky-highland-park-viking-10y-40-07-l\/#primaryimage\",\"url\":\"https:\/\/www.rumicon.sk\/wp-content\/uploads\/highland-park-10.jpg\",\"contentUrl\":\"https:\/\/www.rumicon.sk\/wp-content\/uploads\/highland-park-10.jpg\",\"width\":1024,\"height\":768},{\"@type\":\"BreadcrumbList\",\"@id\":\"https:\/\/www.rumicon.sk\/hu\/produkt\/whisky-highland-park-viking-10y-40-07-l\/#breadcrumb\",\"itemListElement\":[{\"@type\":\"ListItem\",\"position\":1,\"name\":\"Home\",\"item\":\"https:\/\/www.rumicon.sk\/hu\/home\/\"},{\"@type\":\"ListItem\",\"position\":2,\"name\":\"Web\u00e1ruh\u00e1z\",\"item\":\"https:\/\/www.rumicon.sk\/hu\/webaruhaz\/\"},{\"@type\":\"ListItem\",\"position\":3,\"name\":\"Whisky Highland Park Viking 10y 40% 0,7 l\"}]},{\"@type\":\"WebSite\",\"@id\":\"https:\/\/www.rumicon.sk\/hu\/#website\",\"url\":\"https:\/\/www.rumicon.sk\/hu\/\",\"name\":\"rumicon.sk\",\"description\":\"\",\"publisher\":{\"@id\":\"https:\/\/www.rumicon.sk\/hu\/#organization\"},\"potentialAction\":[{\"@type\":\"SearchAction\",\"target\":{\"@type\":\"EntryPoint\",\"urlTemplate\":\"https:\/\/www.rumicon.sk\/hu\/?s={search_term_string}\"},\"query-input\":{\"@type\":\"PropertyValueSpecification\",\"valueRequired\":true,\"valueName\":\"search_term_string\"}}],\"inLanguage\":\"hu\"},{\"@type\":\"Organization\",\"@id\":\"https:\/\/www.rumicon.sk\/hu\/#organization\",\"name\":\"rumicon.sk\",\"url\":\"https:\/\/www.rumicon.sk\/hu\/\",\"logo\":{\"@type\":\"ImageObject\",\"inLanguage\":\"hu\",\"@id\":\"https:\/\/www.rumicon.sk\/hu\/#\/schema\/logo\/image\/\",\"url\":\"https:\/\/www.rumicon.sk\/wp-content\/uploads\/logo-rumicon-bcs-color.png\",\"contentUrl\":\"https:\/\/www.rumicon.sk\/wp-content\/uploads\/logo-rumicon-bcs-color.png\",\"width\":827,\"height\":278,\"caption\":\"rumicon.sk\"},\"image\":{\"@id\":\"https:\/\/www.rumicon.sk\/hu\/#\/schema\/logo\/image\/\"},\"sameAs\":[\"https:\/\/www.facebook.com\/people\/Rumicon-Bottle-Cigar-Shop\/100087110283303\/\",\"https:\/\/www.instagram.com\/rumicon_bottle_cigar_shop\/\",\"https:\/\/www.tiktok.com\/@rumicon2022\"]}]}<\/script>\n<!-- \/ Yoast SEO plugin. -->","yoast_head_json":{"title":"Whisky Highland Park Viking 10y 40% 0,7 l - rumicon.sk","robots":{"index":"index","follow":"follow","max-snippet":"max-snippet:-1","max-image-preview":"max-image-preview:large","max-video-preview":"max-video-preview:-1"},"canonical":"https:\/\/www.rumicon.sk\/hu\/produkt\/whisky-highland-park-viking-10y-40-07-l\/","og_locale":"hu_HU","og_type":"article","og_title":"Whisky Highland Park Viking 10y 40% 0,7 l - rumicon.sk","og_description":"Ez a Highland Park sk\u00f3t szeszf\u0151zde 10 \u00e9ves single malt p\u00e1link\u00e1ja. F\u0151leg amerikai \u00e9s eur\u00f3pai t\u00f6lgyf\u00e1b\u00f3l k\u00e9sz\u00fclt, sherry \u00edzes\u00edt\u00e9s\u0171 hord\u00f3kban \u00e9rlelik. Ezek a hord\u00f3k kellemes gy\u00fcm\u00f6lcs\u00f6s \u00edzt k\u00f6lcs\u00f6n\u00f6znek ennek a whiskynek, m\u00edg a t\u0151zeg, amely sz\u00e1r\u00edtja az \u00e1rp\u00e1t, amelyb\u0151l k\u00e9sz\u00fclt, arom\u00e1s f\u00fcst\u00f6ss\u00e9get k\u00f6lcs\u00f6n\u00f6z. Alap\u00edt\u00f3juk, Magnus Eunson tisztelet\u00e9re 1798 \u00f3ta k\u00e9sz\u00edtik is \u00edgy.","og_url":"https:\/\/www.rumicon.sk\/hu\/produkt\/whisky-highland-park-viking-10y-40-07-l\/","og_site_name":"rumicon.sk","article_publisher":"https:\/\/www.facebook.com\/people\/Rumicon-Bottle-Cigar-Shop\/100087110283303\/","article_modified_time":"2025-08-14T09:49:14+00:00","og_image":[{"width":1024,"height":768,"url":"https:\/\/www.rumicon.sk\/wp-content\/uploads\/highland-park-10.jpg","type":"image\/jpeg"}],"twitter_card":"summary_large_image","schema":{"@context":"https:\/\/schema.org","@graph":[{"@type":"WebPage","@id":"https:\/\/www.rumicon.sk\/hu\/produkt\/whisky-highland-park-viking-10y-40-07-l\/","url":"https:\/\/www.rumicon.sk\/hu\/produkt\/whisky-highland-park-viking-10y-40-07-l\/","name":"Whisky Highland Park Viking 10y 40% 0,7 l - rumicon.sk","isPartOf":{"@id":"https:\/\/www.rumicon.sk\/hu\/#website"},"primaryImageOfPage":{"@id":"https:\/\/www.rumicon.sk\/hu\/produkt\/whisky-highland-park-viking-10y-40-07-l\/#primaryimage"},"image":{"@id":"https:\/\/www.rumicon.sk\/hu\/produkt\/whisky-highland-park-viking-10y-40-07-l\/#primaryimage"},"thumbnailUrl":"https:\/\/www.rumicon.sk\/wp-content\/uploads\/highland-park-10.jpg","datePublished":"2023-07-17T11:59:48+00:00","dateModified":"2025-08-14T09:49:14+00:00","breadcrumb":{"@id":"https:\/\/www.rumicon.sk\/hu\/produkt\/whisky-highland-park-viking-10y-40-07-l\/#breadcrumb"},"inLanguage":"hu","potentialAction":[{"@type":"ReadAction","target":["https:\/\/www.rumicon.sk\/hu\/produkt\/whisky-highland-park-viking-10y-40-07-l\/"]}]},{"@type":"ImageObject","inLanguage":"hu","@id":"https:\/\/www.rumicon.sk\/hu\/produkt\/whisky-highland-park-viking-10y-40-07-l\/#primaryimage","url":"https:\/\/www.rumicon.sk\/wp-content\/uploads\/highland-park-10.jpg","contentUrl":"https:\/\/www.rumicon.sk\/wp-content\/uploads\/highland-park-10.jpg","width":1024,"height":768},{"@type":"BreadcrumbList","@id":"https:\/\/www.rumicon.sk\/hu\/produkt\/whisky-highland-park-viking-10y-40-07-l\/#breadcrumb","itemListElement":[{"@type":"ListItem","position":1,"name":"Home","item":"https:\/\/www.rumicon.sk\/hu\/home\/"},{"@type":"ListItem","position":2,"name":"Web\u00e1ruh\u00e1z","item":"https:\/\/www.rumicon.sk\/hu\/webaruhaz\/"},{"@type":"ListItem","position":3,"name":"Whisky Highland Park Viking 10y 40% 0,7 l"}]},{"@type":"WebSite","@id":"https:\/\/www.rumicon.sk\/hu\/#website","url":"https:\/\/www.rumicon.sk\/hu\/","name":"rumicon.sk","description":"","publisher":{"@id":"https:\/\/www.rumicon.sk\/hu\/#organization"},"potentialAction":[{"@type":"SearchAction","target":{"@type":"EntryPoint","urlTemplate":"https:\/\/www.rumicon.sk\/hu\/?s={search_term_string}"},"query-input":{"@type":"PropertyValueSpecification","valueRequired":true,"valueName":"search_term_string"}}],"inLanguage":"hu"},{"@type":"Organization","@id":"https:\/\/www.rumicon.sk\/hu\/#organization","name":"rumicon.sk","url":"https:\/\/www.rumicon.sk\/hu\/","logo":{"@type":"ImageObject","inLanguage":"hu","@id":"https:\/\/www.rumicon.sk\/hu\/#\/schema\/logo\/image\/","url":"https:\/\/www.rumicon.sk\/wp-content\/uploads\/logo-rumicon-bcs-color.png","contentUrl":"https:\/\/www.rumicon.sk\/wp-content\/uploads\/logo-rumicon-bcs-color.png","width":827,"height":278,"caption":"rumicon.sk"},"image":{"@id":"https:\/\/www.rumicon.sk\/hu\/#\/schema\/logo\/image\/"},"sameAs":["https:\/\/www.facebook.com\/people\/Rumicon-Bottle-Cigar-Shop\/100087110283303\/","https:\/\/www.instagram.com\/rumicon_bottle_cigar_shop\/","https:\/\/www.tiktok.com\/@rumicon2022"]}]}},"_links":{"self":[{"href":"https:\/\/www.rumicon.sk\/hu\/wp-json\/wp\/v2\/product\/6064","targetHints":{"allow":["GET"]}}],"collection":[{"href":"https:\/\/www.rumicon.sk\/hu\/wp-json\/wp\/v2\/product"}],"about":[{"href":"https:\/\/www.rumicon.sk\/hu\/wp-json\/wp\/v2\/types\/product"}],"replies":[{"embeddable":true,"href":"https:\/\/www.rumicon.sk\/hu\/wp-json\/wp\/v2\/comments?post=6064"}],"wp:featuredmedia":[{"embeddable":true,"href":"https:\/\/www.rumicon.sk\/hu\/wp-json\/wp\/v2\/media\/6066"}],"wp:attachment":[{"href":"https:\/\/www.rumicon.sk\/hu\/wp-json\/wp\/v2\/media?parent=6064"}],"wp:term":[{"taxonomy":"product_brand","embeddable":true,"href":"https:\/\/www.rumicon.sk\/hu\/wp-json\/wp\/v2\/product_brand?post=6064"},{"taxonomy":"product_cat","embeddable":true,"href":"https:\/\/www.rumicon.sk\/hu\/wp-json\/wp\/v2\/product_cat?post=6064"},{"taxonomy":"product_tag","embeddable":true,"href":"https:\/\/www.rumicon.sk\/hu\/wp-json\/wp\/v2\/product_tag?post=6064"}],"curies":[{"name":"wp","href":"https:\/\/api.w.org\/{rel}","templated":true}]}}