{"id":6014,"date":"2023-08-11T17:02:10","date_gmt":"2023-08-11T15:02:10","guid":{"rendered":"https:\/\/www.rumicon.sk\/produkt\/tajna-rizling-walrus-2022-075l-1250\/"},"modified":"2025-08-14T11:47:35","modified_gmt":"2025-08-14T09:47:35","slug":"tajna-rizling-walrus-2022-075l-1250","status":"publish","type":"product","link":"https:\/\/www.rumicon.sk\/hu\/produkt\/tajna-rizling-walrus-2022-075l-1250\/","title":{"rendered":"Tajna Rizling Walrus 2022 0,75l 12,50%"},"content":{"rendered":"<p><strong>\u00cdz \u00e9s illat: <\/strong>k\u00f6rte, alma, z\u00f6ld papaya, citrus h\u00e9ja, ak\u00e1cvir\u00e1g.<\/p>\n<h3 style=\"text-align: center;\">Titkos<\/h3>\n<p> <img decoding=\"async\" class=\"size-full wp-image-2989 aligncenter\" src=\"\/wp-content\/uploads\/tajna.webp\" alt=\"\" width=\"1000\" height=\"569\" srcset=\"https:\/\/www.rumicon.sk\/wp-content\/uploads\/tajna.webp 1000w, https:\/\/www.rumicon.sk\/wp-content\/uploads\/tajna-256x146.webp 256w, https:\/\/www.rumicon.sk\/wp-content\/uploads\/tajna-64x36.webp 64w\" sizes=\"(max-width: 1000px) 100vw, 1000px\" \/><\/p>\n<p style=\"text-align: center\">A Tajna Sz\u0151l\u0151birtok \u00e9s Pinc\u00e9szet t\u00f6rt\u00e9nete a bor szeretet\u00e9vel \u00e9s k\u00e9t csal\u00e1d, a Demes \u00e9s a Strieskovok szoros kapcsolat\u00e1val kezd\u0151d\u00f6tt a nyitrai borvid\u00e9khez. A k\u00f6rnyezet, ahol ma a pinc\u00e9szet tal\u00e1lhat\u00f3, annyira megtetszett a csal\u00e1dnak, hogy egy egyed\u00fcl\u00e1ll\u00f3 projektet akartak l\u00e9trehozni a csal\u00e1d bar\u00e1tai \u00e9s a borbar\u00e1tok sz\u00e1m\u00e1ra. Az \u00f6tlet szerz\u0151je Rastislav Demes, aki eredetileg biol\u00f3gus, \u00e9s az \u00fczleti \u00e9letben dolgozik. Mindig is egy kicsit romantikus volt, \u00e9s a helyi kil\u00e1t\u00e1s \u00e9s a naplement\u00e9k annyira elvar\u00e1zsolt\u00e1k, hogy minden nap meg akarta n\u00e9zni \u0151ket.    Gyakori v\u00e1ndorl\u00e1sai Tajn\u00e1 faluban \u00e9s az a v\u00e1gya, hogy saj\u00e1t sz\u0151l\u0151j\u00e9b\u0151l saj\u00e1t bort k\u00e9sz\u00edtsen, arra \u00f6szt\u00f6n\u00f6zte, hogy ezen a helyen sz\u0151l\u0151t telep\u00edtsen. Rastislav \u00e9s az eg\u00e9sz csal\u00e1d titkos \u00e1lma az volt, hogy a v\u00e1rosi ny\u00fczsg\u00e9st\u0151l \u00e9s ipari \u00f6vezetekt\u0151l t\u00e1vol, a makul\u00e1tlan term\u00e9szetbe vonzza az embereket, \u00e9s megmutassa nekik a becs\u00fcletes szlov\u00e1k bor var\u00e1zs\u00e1t. <\/p>\n","protected":false},"excerpt":{"rendered":"<p>A rizling sz\u0151l\u0151 a Sari d\u0171l\u0151nkb\u0151l sz\u00e1rmazik. Bor le\u00edr\u00e1sa:<strong>ELEGANCIA, TERROIR, STYLE, HARM\u00d3NIA, CITRUS FRUIT<\/strong><\/p>\n","protected":false},"featured_media":6016,"comment_status":"closed","ping_status":"closed","template":"","meta":{"_acf_changed":false},"product_brand":[],"product_cat":[528,533,534],"product_tag":[962,538],"class_list":{"0":"post-6014","1":"product","2":"type-product","3":"status-publish","4":"has-post-thumbnail","6":"product_cat-bor","7":"product_cat-feherbor","8":"product_cat-bor-helyi-boraszoktol","9":"product_tag-szlovak-bor","10":"product_tag-tajna-hu","11":"pa_cukornatost-szaraz","12":"pa_druh-vina-feher","13":"pa_krajina-povodu-szlovakia","14":"pa_objem-075-l-hu","15":"pa_obsah-alkoholu-125-hu","16":"pa_rocnik-2019-hu","17":"pa_znacka-tajna-vineyards-and-winery-hu","19":"first","20":"instock","21":"taxable","22":"shipping-taxable","23":"purchasable","24":"product-type-simple"},"acf":[],"yoast_head":"<!-- This site is optimized with the Yoast SEO plugin v27.0 - https:\/\/yoast.com\/product\/yoast-seo-wordpress\/ -->\n<title>Tajna Rizling Walrus 2022 0,75l 12,50% - rumicon.sk<\/title>\n<meta name=\"robots\" content=\"index, follow, max-snippet:-1, max-image-preview:large, max-video-preview:-1\" \/>\n<link rel=\"canonical\" href=\"https:\/\/www.rumicon.sk\/hu\/produkt\/tajna-rizling-walrus-2022-075l-1250\/\" \/>\n<meta property=\"og:locale\" content=\"hu_HU\" \/>\n<meta property=\"og:type\" content=\"article\" \/>\n<meta property=\"og:title\" content=\"Tajna Rizling Walrus 2022 0,75l 12,50% - rumicon.sk\" \/>\n<meta property=\"og:description\" content=\"A rizling sz\u0151l\u0151 a Sari d\u0171l\u0151nkb\u0151l sz\u00e1rmazik. Bor le\u00edr\u00e1sa:ELEGANCIA, TERROIR, STYLE, HARM\u00d3NIA, CITRUS FRUIT\" \/>\n<meta property=\"og:url\" content=\"https:\/\/www.rumicon.sk\/hu\/produkt\/tajna-rizling-walrus-2022-075l-1250\/\" \/>\n<meta property=\"og:site_name\" content=\"rumicon.sk\" \/>\n<meta property=\"article:publisher\" content=\"https:\/\/www.facebook.com\/people\/Rumicon-Bottle-Cigar-Shop\/100087110283303\/\" \/>\n<meta property=\"article:modified_time\" content=\"2025-08-14T09:47:35+00:00\" \/>\n<meta property=\"og:image\" content=\"https:\/\/www.rumicon.sk\/wp-content\/uploads\/Rizling-Vlassky-2022-sunset-with-shadow-1.png\" \/>\n\t<meta property=\"og:image:width\" content=\"1200\" \/>\n\t<meta property=\"og:image:height\" content=\"1600\" \/>\n\t<meta property=\"og:image:type\" content=\"image\/png\" \/>\n<meta name=\"twitter:card\" content=\"summary_large_image\" \/>\n<meta name=\"twitter:label1\" content=\"Becs\u00fclt olvas\u00e1si id\u0151\" \/>\n\t<meta name=\"twitter:data1\" content=\"1 perc\" \/>\n<script type=\"application\/ld+json\" class=\"yoast-schema-graph\">{\"@context\":\"https:\/\/schema.org\",\"@graph\":[{\"@type\":\"WebPage\",\"@id\":\"https:\/\/www.rumicon.sk\/hu\/produkt\/tajna-rizling-walrus-2022-075l-1250\/\",\"url\":\"https:\/\/www.rumicon.sk\/hu\/produkt\/tajna-rizling-walrus-2022-075l-1250\/\",\"name\":\"Tajna Rizling Walrus 2022 0,75l 12,50% - rumicon.sk\",\"isPartOf\":{\"@id\":\"https:\/\/www.rumicon.sk\/hu\/#website\"},\"primaryImageOfPage\":{\"@id\":\"https:\/\/www.rumicon.sk\/hu\/produkt\/tajna-rizling-walrus-2022-075l-1250\/#primaryimage\"},\"image\":{\"@id\":\"https:\/\/www.rumicon.sk\/hu\/produkt\/tajna-rizling-walrus-2022-075l-1250\/#primaryimage\"},\"thumbnailUrl\":\"https:\/\/www.rumicon.sk\/wp-content\/uploads\/Rizling-Vlassky-2022-sunset-with-shadow-1.png\",\"datePublished\":\"2023-08-11T15:02:10+00:00\",\"dateModified\":\"2025-08-14T09:47:35+00:00\",\"breadcrumb\":{\"@id\":\"https:\/\/www.rumicon.sk\/hu\/produkt\/tajna-rizling-walrus-2022-075l-1250\/#breadcrumb\"},\"inLanguage\":\"hu\",\"potentialAction\":[{\"@type\":\"ReadAction\",\"target\":[\"https:\/\/www.rumicon.sk\/hu\/produkt\/tajna-rizling-walrus-2022-075l-1250\/\"]}]},{\"@type\":\"ImageObject\",\"inLanguage\":\"hu\",\"@id\":\"https:\/\/www.rumicon.sk\/hu\/produkt\/tajna-rizling-walrus-2022-075l-1250\/#primaryimage\",\"url\":\"https:\/\/www.rumicon.sk\/wp-content\/uploads\/Rizling-Vlassky-2022-sunset-with-shadow-1.png\",\"contentUrl\":\"https:\/\/www.rumicon.sk\/wp-content\/uploads\/Rizling-Vlassky-2022-sunset-with-shadow-1.png\",\"width\":1200,\"height\":1600},{\"@type\":\"BreadcrumbList\",\"@id\":\"https:\/\/www.rumicon.sk\/hu\/produkt\/tajna-rizling-walrus-2022-075l-1250\/#breadcrumb\",\"itemListElement\":[{\"@type\":\"ListItem\",\"position\":1,\"name\":\"Home\",\"item\":\"https:\/\/www.rumicon.sk\/hu\/home\/\"},{\"@type\":\"ListItem\",\"position\":2,\"name\":\"Web\u00e1ruh\u00e1z\",\"item\":\"https:\/\/www.rumicon.sk\/hu\/webaruhaz\/\"},{\"@type\":\"ListItem\",\"position\":3,\"name\":\"Tajna Rizling Walrus 2022 0,75l 12,50%\"}]},{\"@type\":\"WebSite\",\"@id\":\"https:\/\/www.rumicon.sk\/hu\/#website\",\"url\":\"https:\/\/www.rumicon.sk\/hu\/\",\"name\":\"rumicon.sk\",\"description\":\"\",\"publisher\":{\"@id\":\"https:\/\/www.rumicon.sk\/hu\/#organization\"},\"potentialAction\":[{\"@type\":\"SearchAction\",\"target\":{\"@type\":\"EntryPoint\",\"urlTemplate\":\"https:\/\/www.rumicon.sk\/hu\/?s={search_term_string}\"},\"query-input\":{\"@type\":\"PropertyValueSpecification\",\"valueRequired\":true,\"valueName\":\"search_term_string\"}}],\"inLanguage\":\"hu\"},{\"@type\":\"Organization\",\"@id\":\"https:\/\/www.rumicon.sk\/hu\/#organization\",\"name\":\"rumicon.sk\",\"url\":\"https:\/\/www.rumicon.sk\/hu\/\",\"logo\":{\"@type\":\"ImageObject\",\"inLanguage\":\"hu\",\"@id\":\"https:\/\/www.rumicon.sk\/hu\/#\/schema\/logo\/image\/\",\"url\":\"https:\/\/www.rumicon.sk\/wp-content\/uploads\/logo-rumicon-bcs-color.png\",\"contentUrl\":\"https:\/\/www.rumicon.sk\/wp-content\/uploads\/logo-rumicon-bcs-color.png\",\"width\":827,\"height\":278,\"caption\":\"rumicon.sk\"},\"image\":{\"@id\":\"https:\/\/www.rumicon.sk\/hu\/#\/schema\/logo\/image\/\"},\"sameAs\":[\"https:\/\/www.facebook.com\/people\/Rumicon-Bottle-Cigar-Shop\/100087110283303\/\",\"https:\/\/www.instagram.com\/rumicon_bottle_cigar_shop\/\",\"https:\/\/www.tiktok.com\/@rumicon2022\"]}]}<\/script>\n<!-- \/ Yoast SEO plugin. -->","yoast_head_json":{"title":"Tajna Rizling Walrus 2022 0,75l 12,50% - rumicon.sk","robots":{"index":"index","follow":"follow","max-snippet":"max-snippet:-1","max-image-preview":"max-image-preview:large","max-video-preview":"max-video-preview:-1"},"canonical":"https:\/\/www.rumicon.sk\/hu\/produkt\/tajna-rizling-walrus-2022-075l-1250\/","og_locale":"hu_HU","og_type":"article","og_title":"Tajna Rizling Walrus 2022 0,75l 12,50% - rumicon.sk","og_description":"A rizling sz\u0151l\u0151 a Sari d\u0171l\u0151nkb\u0151l sz\u00e1rmazik. Bor le\u00edr\u00e1sa:ELEGANCIA, TERROIR, STYLE, HARM\u00d3NIA, CITRUS FRUIT","og_url":"https:\/\/www.rumicon.sk\/hu\/produkt\/tajna-rizling-walrus-2022-075l-1250\/","og_site_name":"rumicon.sk","article_publisher":"https:\/\/www.facebook.com\/people\/Rumicon-Bottle-Cigar-Shop\/100087110283303\/","article_modified_time":"2025-08-14T09:47:35+00:00","og_image":[{"width":1200,"height":1600,"url":"https:\/\/www.rumicon.sk\/wp-content\/uploads\/Rizling-Vlassky-2022-sunset-with-shadow-1.png","type":"image\/png"}],"twitter_card":"summary_large_image","twitter_misc":{"Becs\u00fclt olvas\u00e1si id\u0151":"1 perc"},"schema":{"@context":"https:\/\/schema.org","@graph":[{"@type":"WebPage","@id":"https:\/\/www.rumicon.sk\/hu\/produkt\/tajna-rizling-walrus-2022-075l-1250\/","url":"https:\/\/www.rumicon.sk\/hu\/produkt\/tajna-rizling-walrus-2022-075l-1250\/","name":"Tajna Rizling Walrus 2022 0,75l 12,50% - rumicon.sk","isPartOf":{"@id":"https:\/\/www.rumicon.sk\/hu\/#website"},"primaryImageOfPage":{"@id":"https:\/\/www.rumicon.sk\/hu\/produkt\/tajna-rizling-walrus-2022-075l-1250\/#primaryimage"},"image":{"@id":"https:\/\/www.rumicon.sk\/hu\/produkt\/tajna-rizling-walrus-2022-075l-1250\/#primaryimage"},"thumbnailUrl":"https:\/\/www.rumicon.sk\/wp-content\/uploads\/Rizling-Vlassky-2022-sunset-with-shadow-1.png","datePublished":"2023-08-11T15:02:10+00:00","dateModified":"2025-08-14T09:47:35+00:00","breadcrumb":{"@id":"https:\/\/www.rumicon.sk\/hu\/produkt\/tajna-rizling-walrus-2022-075l-1250\/#breadcrumb"},"inLanguage":"hu","potentialAction":[{"@type":"ReadAction","target":["https:\/\/www.rumicon.sk\/hu\/produkt\/tajna-rizling-walrus-2022-075l-1250\/"]}]},{"@type":"ImageObject","inLanguage":"hu","@id":"https:\/\/www.rumicon.sk\/hu\/produkt\/tajna-rizling-walrus-2022-075l-1250\/#primaryimage","url":"https:\/\/www.rumicon.sk\/wp-content\/uploads\/Rizling-Vlassky-2022-sunset-with-shadow-1.png","contentUrl":"https:\/\/www.rumicon.sk\/wp-content\/uploads\/Rizling-Vlassky-2022-sunset-with-shadow-1.png","width":1200,"height":1600},{"@type":"BreadcrumbList","@id":"https:\/\/www.rumicon.sk\/hu\/produkt\/tajna-rizling-walrus-2022-075l-1250\/#breadcrumb","itemListElement":[{"@type":"ListItem","position":1,"name":"Home","item":"https:\/\/www.rumicon.sk\/hu\/home\/"},{"@type":"ListItem","position":2,"name":"Web\u00e1ruh\u00e1z","item":"https:\/\/www.rumicon.sk\/hu\/webaruhaz\/"},{"@type":"ListItem","position":3,"name":"Tajna Rizling Walrus 2022 0,75l 12,50%"}]},{"@type":"WebSite","@id":"https:\/\/www.rumicon.sk\/hu\/#website","url":"https:\/\/www.rumicon.sk\/hu\/","name":"rumicon.sk","description":"","publisher":{"@id":"https:\/\/www.rumicon.sk\/hu\/#organization"},"potentialAction":[{"@type":"SearchAction","target":{"@type":"EntryPoint","urlTemplate":"https:\/\/www.rumicon.sk\/hu\/?s={search_term_string}"},"query-input":{"@type":"PropertyValueSpecification","valueRequired":true,"valueName":"search_term_string"}}],"inLanguage":"hu"},{"@type":"Organization","@id":"https:\/\/www.rumicon.sk\/hu\/#organization","name":"rumicon.sk","url":"https:\/\/www.rumicon.sk\/hu\/","logo":{"@type":"ImageObject","inLanguage":"hu","@id":"https:\/\/www.rumicon.sk\/hu\/#\/schema\/logo\/image\/","url":"https:\/\/www.rumicon.sk\/wp-content\/uploads\/logo-rumicon-bcs-color.png","contentUrl":"https:\/\/www.rumicon.sk\/wp-content\/uploads\/logo-rumicon-bcs-color.png","width":827,"height":278,"caption":"rumicon.sk"},"image":{"@id":"https:\/\/www.rumicon.sk\/hu\/#\/schema\/logo\/image\/"},"sameAs":["https:\/\/www.facebook.com\/people\/Rumicon-Bottle-Cigar-Shop\/100087110283303\/","https:\/\/www.instagram.com\/rumicon_bottle_cigar_shop\/","https:\/\/www.tiktok.com\/@rumicon2022"]}]}},"_links":{"self":[{"href":"https:\/\/www.rumicon.sk\/hu\/wp-json\/wp\/v2\/product\/6014","targetHints":{"allow":["GET"]}}],"collection":[{"href":"https:\/\/www.rumicon.sk\/hu\/wp-json\/wp\/v2\/product"}],"about":[{"href":"https:\/\/www.rumicon.sk\/hu\/wp-json\/wp\/v2\/types\/product"}],"replies":[{"embeddable":true,"href":"https:\/\/www.rumicon.sk\/hu\/wp-json\/wp\/v2\/comments?post=6014"}],"wp:featuredmedia":[{"embeddable":true,"href":"https:\/\/www.rumicon.sk\/hu\/wp-json\/wp\/v2\/media\/6016"}],"wp:attachment":[{"href":"https:\/\/www.rumicon.sk\/hu\/wp-json\/wp\/v2\/media?parent=6014"}],"wp:term":[{"taxonomy":"product_brand","embeddable":true,"href":"https:\/\/www.rumicon.sk\/hu\/wp-json\/wp\/v2\/product_brand?post=6014"},{"taxonomy":"product_cat","embeddable":true,"href":"https:\/\/www.rumicon.sk\/hu\/wp-json\/wp\/v2\/product_cat?post=6014"},{"taxonomy":"product_tag","embeddable":true,"href":"https:\/\/www.rumicon.sk\/hu\/wp-json\/wp\/v2\/product_tag?post=6014"}],"curies":[{"name":"wp","href":"https:\/\/api.w.org\/{rel}","templated":true}]}}