{"id":6010,"date":"2023-08-11T17:12:16","date_gmt":"2023-08-11T15:12:16","guid":{"rendered":"https:\/\/www.rumicon.sk\/produkt\/bott-frigyes-muzsla-2021-075l-13\/"},"modified":"2025-08-14T11:47:35","modified_gmt":"2025-08-14T09:47:35","slug":"bott-frigyes-muzsla-2021-075l-13","status":"publish","type":"product","link":"https:\/\/www.rumicon.sk\/hu\/produkt\/bott-frigyes-muzsla-2021-075l-13\/","title":{"rendered":"BOTT FRIGYES Muzsla 2021 0,75l 13%"},"content":{"rendered":"<p>1\/3 Pinot Blanc, 1\/3 Sauvignon Blanc \u00e9s 1\/3 rizling.<br \/>\nA Hron \u00e9s a Duna \u00e1ltal bez\u00e1rt h\u00e1romsz\u00f6g f\u00f6ldrajzi k\u00f6z\u00e9ppontj\u00e1ban, a Mu\u017elany-hegys\u00e9g d\u00e9li oldal\u00e1n telep\u00edtett sz\u0151l\u0151\u00fcltetv\u00e9nyekr\u0151l sz\u00fcretelt sz\u0151l\u0151. Az altalaj vulkanikus eredet\u0171, magas m\u00e9sztartalm\u00fa, \u00e1sv\u00e1nyi anyagokban gazdag agyagos v\u00e1lyogtalaj. <\/p>\n<p>K\u00f6zepes intenzit\u00e1s\u00fa s\u00e1rg\u00e1s sz\u00edn, enyhe f\u00e1tyolosod\u00e1ssal. Tiszta, friss, fokozatosan ny\u00edl\u00f3, el\u00e9g terjedelmes gy\u00fcm\u00f6lcs\u00f6s arom\u00e1k, a v\u00e1lasztott bork\u00e9sz\u00edt\u00e9s nagyon finom kifejez\u0151d\u00e9s\u00e9vel. Az illatban citrusok, feh\u00e9r \u00e9s s\u00e1rga gy\u00fcm\u00f6lcs\u00f6k, aszalt gy\u00f3gyn\u00f6v\u00e9nyek, tea, \u00e1sv\u00e1nyi vonal. K\u00f6zepes test\u0171 \u00edz, j\u00f3 szerkezet\u0171. A sz\u00e1jban a t\u00e9rfogatot finom tannin\u00e9rzet er\u0151s\u00edti. A j\u00f3l integr\u00e1l\u00f3dott savak f\u00e9lelmetes frissess\u00e9get \u00e9s l\u00e9d\u00fass\u00e1got k\u00f6lcs\u00f6n\u00f6znek. Nagyszer\u0171 ihat\u00f3s\u00e1g, hossz\u00fa citrusos-\u00e1sv\u00e1nyos ut\u00f3\u00edzzel. A szlov\u00e1k term\u00e9szetes bor kiv\u00e1l\u00f3 teljes\u00edtm\u00e9nye!       <\/p>\n","protected":false},"excerpt":{"rendered":"<p>1\/3 Pinot Blanc, 1\/3 Sauvignon Blanc \u00e9s 1\/3 rizling. A Hron \u00e9s a Duna \u00e1ltal bez\u00e1rt h\u00e1romsz\u00f6g f\u00f6ldrajzi k\u00f6z\u00e9ppontj\u00e1ban, a Mu\u017elany-hegys\u00e9g d\u00e9li oldal\u00e1n telep\u00edtett sz\u0151l\u0151\u00fcltetv\u00e9nyekr\u0151l sz\u00fcretelt sz\u0151l\u0151. Az altalaj vulkanikus eredet\u0171, magas m\u00e9sztartalm\u00fa, \u00e1sv\u00e1nyi anyagokban gazdag agyagos v\u00e1lyogtalaj. K\u00f6zepes intenzit\u00e1s\u00fa s\u00e1rg\u00e1s sz\u00edn, enyhe f\u00e1tyolosod\u00e1ssal. Tiszta, friss, fokozatosan ny\u00edl\u00f3, el\u00e9g terjedelmes gy\u00fcm\u00f6lcs\u00f6s arom\u00e1k, a v\u00e1lasztott bork\u00e9sz\u00edt\u00e9s [&#8230;]\n","protected":false},"featured_media":6012,"comment_status":"closed","ping_status":"closed","template":"","meta":{"_acf_changed":false},"product_brand":[],"product_cat":[528,533,534],"product_tag":[838],"class_list":{"0":"post-6010","1":"product","2":"type-product","3":"status-publish","4":"has-post-thumbnail","6":"product_cat-bor","7":"product_cat-feherbor","8":"product_cat-bor-helyi-boraszoktol","9":"product_tag-bott-frigyes-hu","11":"first","12":"instock","13":"taxable","14":"shipping-taxable","15":"purchasable","16":"product-type-simple"},"acf":[],"yoast_head":"<!-- This site is optimized with the Yoast SEO plugin v27.0 - https:\/\/yoast.com\/product\/yoast-seo-wordpress\/ -->\n<title>BOTT FRIGYES Muzsla 2021 0,75l 13% - rumicon.sk<\/title>\n<meta name=\"robots\" content=\"index, follow, max-snippet:-1, max-image-preview:large, max-video-preview:-1\" \/>\n<link rel=\"canonical\" href=\"https:\/\/www.rumicon.sk\/hu\/produkt\/bott-frigyes-muzsla-2021-075l-13\/\" \/>\n<meta property=\"og:locale\" content=\"hu_HU\" \/>\n<meta property=\"og:type\" content=\"article\" \/>\n<meta property=\"og:title\" content=\"BOTT FRIGYES Muzsla 2021 0,75l 13% - rumicon.sk\" \/>\n<meta property=\"og:description\" content=\"1\/3 Pinot Blanc, 1\/3 Sauvignon Blanc \u00e9s 1\/3 rizling. A Hron \u00e9s a Duna \u00e1ltal bez\u00e1rt h\u00e1romsz\u00f6g f\u00f6ldrajzi k\u00f6z\u00e9ppontj\u00e1ban, a Mu\u017elany-hegys\u00e9g d\u00e9li oldal\u00e1n telep\u00edtett sz\u0151l\u0151\u00fcltetv\u00e9nyekr\u0151l sz\u00fcretelt sz\u0151l\u0151. Az altalaj vulkanikus eredet\u0171, magas m\u00e9sztartalm\u00fa, \u00e1sv\u00e1nyi anyagokban gazdag agyagos v\u00e1lyogtalaj. K\u00f6zepes intenzit\u00e1s\u00fa s\u00e1rg\u00e1s sz\u00edn, enyhe f\u00e1tyolosod\u00e1ssal. Tiszta, friss, fokozatosan ny\u00edl\u00f3, el\u00e9g terjedelmes gy\u00fcm\u00f6lcs\u00f6s arom\u00e1k, a v\u00e1lasztott bork\u00e9sz\u00edt\u00e9s [...]\" \/>\n<meta property=\"og:url\" content=\"https:\/\/www.rumicon.sk\/hu\/produkt\/bott-frigyes-muzsla-2021-075l-13\/\" \/>\n<meta property=\"og:site_name\" content=\"rumicon.sk\" \/>\n<meta property=\"article:publisher\" content=\"https:\/\/www.facebook.com\/people\/Rumicon-Bottle-Cigar-Shop\/100087110283303\/\" \/>\n<meta property=\"article:modified_time\" content=\"2025-08-14T09:47:35+00:00\" \/>\n<meta property=\"og:image\" content=\"https:\/\/www.rumicon.sk\/wp-content\/uploads\/jGlhCOm_T72jRMT-dIQ2Q_pb_600x600.png\" \/>\n\t<meta property=\"og:image:width\" content=\"600\" \/>\n\t<meta property=\"og:image:height\" content=\"600\" \/>\n\t<meta property=\"og:image:type\" content=\"image\/png\" \/>\n<meta name=\"twitter:card\" content=\"summary_large_image\" \/>\n<meta name=\"twitter:label1\" content=\"Becs\u00fclt olvas\u00e1si id\u0151\" \/>\n\t<meta name=\"twitter:data1\" content=\"1 perc\" \/>\n<script type=\"application\/ld+json\" class=\"yoast-schema-graph\">{\"@context\":\"https:\/\/schema.org\",\"@graph\":[{\"@type\":\"WebPage\",\"@id\":\"https:\/\/www.rumicon.sk\/hu\/produkt\/bott-frigyes-muzsla-2021-075l-13\/\",\"url\":\"https:\/\/www.rumicon.sk\/hu\/produkt\/bott-frigyes-muzsla-2021-075l-13\/\",\"name\":\"BOTT FRIGYES Muzsla 2021 0,75l 13% - rumicon.sk\",\"isPartOf\":{\"@id\":\"https:\/\/www.rumicon.sk\/hu\/#website\"},\"primaryImageOfPage\":{\"@id\":\"https:\/\/www.rumicon.sk\/hu\/produkt\/bott-frigyes-muzsla-2021-075l-13\/#primaryimage\"},\"image\":{\"@id\":\"https:\/\/www.rumicon.sk\/hu\/produkt\/bott-frigyes-muzsla-2021-075l-13\/#primaryimage\"},\"thumbnailUrl\":\"https:\/\/www.rumicon.sk\/wp-content\/uploads\/jGlhCOm_T72jRMT-dIQ2Q_pb_600x600.png\",\"datePublished\":\"2023-08-11T15:12:16+00:00\",\"dateModified\":\"2025-08-14T09:47:35+00:00\",\"breadcrumb\":{\"@id\":\"https:\/\/www.rumicon.sk\/hu\/produkt\/bott-frigyes-muzsla-2021-075l-13\/#breadcrumb\"},\"inLanguage\":\"hu\",\"potentialAction\":[{\"@type\":\"ReadAction\",\"target\":[\"https:\/\/www.rumicon.sk\/hu\/produkt\/bott-frigyes-muzsla-2021-075l-13\/\"]}]},{\"@type\":\"ImageObject\",\"inLanguage\":\"hu\",\"@id\":\"https:\/\/www.rumicon.sk\/hu\/produkt\/bott-frigyes-muzsla-2021-075l-13\/#primaryimage\",\"url\":\"https:\/\/www.rumicon.sk\/wp-content\/uploads\/jGlhCOm_T72jRMT-dIQ2Q_pb_600x600.png\",\"contentUrl\":\"https:\/\/www.rumicon.sk\/wp-content\/uploads\/jGlhCOm_T72jRMT-dIQ2Q_pb_600x600.png\",\"width\":600,\"height\":600},{\"@type\":\"BreadcrumbList\",\"@id\":\"https:\/\/www.rumicon.sk\/hu\/produkt\/bott-frigyes-muzsla-2021-075l-13\/#breadcrumb\",\"itemListElement\":[{\"@type\":\"ListItem\",\"position\":1,\"name\":\"Home\",\"item\":\"https:\/\/www.rumicon.sk\/hu\/home\/\"},{\"@type\":\"ListItem\",\"position\":2,\"name\":\"Web\u00e1ruh\u00e1z\",\"item\":\"https:\/\/www.rumicon.sk\/hu\/webaruhaz\/\"},{\"@type\":\"ListItem\",\"position\":3,\"name\":\"BOTT FRIGYES Muzsla 2021 0,75l 13%\"}]},{\"@type\":\"WebSite\",\"@id\":\"https:\/\/www.rumicon.sk\/hu\/#website\",\"url\":\"https:\/\/www.rumicon.sk\/hu\/\",\"name\":\"rumicon.sk\",\"description\":\"\",\"publisher\":{\"@id\":\"https:\/\/www.rumicon.sk\/hu\/#organization\"},\"potentialAction\":[{\"@type\":\"SearchAction\",\"target\":{\"@type\":\"EntryPoint\",\"urlTemplate\":\"https:\/\/www.rumicon.sk\/hu\/?s={search_term_string}\"},\"query-input\":{\"@type\":\"PropertyValueSpecification\",\"valueRequired\":true,\"valueName\":\"search_term_string\"}}],\"inLanguage\":\"hu\"},{\"@type\":\"Organization\",\"@id\":\"https:\/\/www.rumicon.sk\/hu\/#organization\",\"name\":\"rumicon.sk\",\"url\":\"https:\/\/www.rumicon.sk\/hu\/\",\"logo\":{\"@type\":\"ImageObject\",\"inLanguage\":\"hu\",\"@id\":\"https:\/\/www.rumicon.sk\/hu\/#\/schema\/logo\/image\/\",\"url\":\"https:\/\/www.rumicon.sk\/wp-content\/uploads\/logo-rumicon-bcs-color.png\",\"contentUrl\":\"https:\/\/www.rumicon.sk\/wp-content\/uploads\/logo-rumicon-bcs-color.png\",\"width\":827,\"height\":278,\"caption\":\"rumicon.sk\"},\"image\":{\"@id\":\"https:\/\/www.rumicon.sk\/hu\/#\/schema\/logo\/image\/\"},\"sameAs\":[\"https:\/\/www.facebook.com\/people\/Rumicon-Bottle-Cigar-Shop\/100087110283303\/\",\"https:\/\/www.instagram.com\/rumicon_bottle_cigar_shop\/\",\"https:\/\/www.tiktok.com\/@rumicon2022\"]}]}<\/script>\n<!-- \/ Yoast SEO plugin. -->","yoast_head_json":{"title":"BOTT FRIGYES Muzsla 2021 0,75l 13% - rumicon.sk","robots":{"index":"index","follow":"follow","max-snippet":"max-snippet:-1","max-image-preview":"max-image-preview:large","max-video-preview":"max-video-preview:-1"},"canonical":"https:\/\/www.rumicon.sk\/hu\/produkt\/bott-frigyes-muzsla-2021-075l-13\/","og_locale":"hu_HU","og_type":"article","og_title":"BOTT FRIGYES Muzsla 2021 0,75l 13% - rumicon.sk","og_description":"1\/3 Pinot Blanc, 1\/3 Sauvignon Blanc \u00e9s 1\/3 rizling. A Hron \u00e9s a Duna \u00e1ltal bez\u00e1rt h\u00e1romsz\u00f6g f\u00f6ldrajzi k\u00f6z\u00e9ppontj\u00e1ban, a Mu\u017elany-hegys\u00e9g d\u00e9li oldal\u00e1n telep\u00edtett sz\u0151l\u0151\u00fcltetv\u00e9nyekr\u0151l sz\u00fcretelt sz\u0151l\u0151. Az altalaj vulkanikus eredet\u0171, magas m\u00e9sztartalm\u00fa, \u00e1sv\u00e1nyi anyagokban gazdag agyagos v\u00e1lyogtalaj. K\u00f6zepes intenzit\u00e1s\u00fa s\u00e1rg\u00e1s sz\u00edn, enyhe f\u00e1tyolosod\u00e1ssal. Tiszta, friss, fokozatosan ny\u00edl\u00f3, el\u00e9g terjedelmes gy\u00fcm\u00f6lcs\u00f6s arom\u00e1k, a v\u00e1lasztott bork\u00e9sz\u00edt\u00e9s [...]","og_url":"https:\/\/www.rumicon.sk\/hu\/produkt\/bott-frigyes-muzsla-2021-075l-13\/","og_site_name":"rumicon.sk","article_publisher":"https:\/\/www.facebook.com\/people\/Rumicon-Bottle-Cigar-Shop\/100087110283303\/","article_modified_time":"2025-08-14T09:47:35+00:00","og_image":[{"width":600,"height":600,"url":"https:\/\/www.rumicon.sk\/wp-content\/uploads\/jGlhCOm_T72jRMT-dIQ2Q_pb_600x600.png","type":"image\/png"}],"twitter_card":"summary_large_image","twitter_misc":{"Becs\u00fclt olvas\u00e1si id\u0151":"1 perc"},"schema":{"@context":"https:\/\/schema.org","@graph":[{"@type":"WebPage","@id":"https:\/\/www.rumicon.sk\/hu\/produkt\/bott-frigyes-muzsla-2021-075l-13\/","url":"https:\/\/www.rumicon.sk\/hu\/produkt\/bott-frigyes-muzsla-2021-075l-13\/","name":"BOTT FRIGYES Muzsla 2021 0,75l 13% - rumicon.sk","isPartOf":{"@id":"https:\/\/www.rumicon.sk\/hu\/#website"},"primaryImageOfPage":{"@id":"https:\/\/www.rumicon.sk\/hu\/produkt\/bott-frigyes-muzsla-2021-075l-13\/#primaryimage"},"image":{"@id":"https:\/\/www.rumicon.sk\/hu\/produkt\/bott-frigyes-muzsla-2021-075l-13\/#primaryimage"},"thumbnailUrl":"https:\/\/www.rumicon.sk\/wp-content\/uploads\/jGlhCOm_T72jRMT-dIQ2Q_pb_600x600.png","datePublished":"2023-08-11T15:12:16+00:00","dateModified":"2025-08-14T09:47:35+00:00","breadcrumb":{"@id":"https:\/\/www.rumicon.sk\/hu\/produkt\/bott-frigyes-muzsla-2021-075l-13\/#breadcrumb"},"inLanguage":"hu","potentialAction":[{"@type":"ReadAction","target":["https:\/\/www.rumicon.sk\/hu\/produkt\/bott-frigyes-muzsla-2021-075l-13\/"]}]},{"@type":"ImageObject","inLanguage":"hu","@id":"https:\/\/www.rumicon.sk\/hu\/produkt\/bott-frigyes-muzsla-2021-075l-13\/#primaryimage","url":"https:\/\/www.rumicon.sk\/wp-content\/uploads\/jGlhCOm_T72jRMT-dIQ2Q_pb_600x600.png","contentUrl":"https:\/\/www.rumicon.sk\/wp-content\/uploads\/jGlhCOm_T72jRMT-dIQ2Q_pb_600x600.png","width":600,"height":600},{"@type":"BreadcrumbList","@id":"https:\/\/www.rumicon.sk\/hu\/produkt\/bott-frigyes-muzsla-2021-075l-13\/#breadcrumb","itemListElement":[{"@type":"ListItem","position":1,"name":"Home","item":"https:\/\/www.rumicon.sk\/hu\/home\/"},{"@type":"ListItem","position":2,"name":"Web\u00e1ruh\u00e1z","item":"https:\/\/www.rumicon.sk\/hu\/webaruhaz\/"},{"@type":"ListItem","position":3,"name":"BOTT FRIGYES Muzsla 2021 0,75l 13%"}]},{"@type":"WebSite","@id":"https:\/\/www.rumicon.sk\/hu\/#website","url":"https:\/\/www.rumicon.sk\/hu\/","name":"rumicon.sk","description":"","publisher":{"@id":"https:\/\/www.rumicon.sk\/hu\/#organization"},"potentialAction":[{"@type":"SearchAction","target":{"@type":"EntryPoint","urlTemplate":"https:\/\/www.rumicon.sk\/hu\/?s={search_term_string}"},"query-input":{"@type":"PropertyValueSpecification","valueRequired":true,"valueName":"search_term_string"}}],"inLanguage":"hu"},{"@type":"Organization","@id":"https:\/\/www.rumicon.sk\/hu\/#organization","name":"rumicon.sk","url":"https:\/\/www.rumicon.sk\/hu\/","logo":{"@type":"ImageObject","inLanguage":"hu","@id":"https:\/\/www.rumicon.sk\/hu\/#\/schema\/logo\/image\/","url":"https:\/\/www.rumicon.sk\/wp-content\/uploads\/logo-rumicon-bcs-color.png","contentUrl":"https:\/\/www.rumicon.sk\/wp-content\/uploads\/logo-rumicon-bcs-color.png","width":827,"height":278,"caption":"rumicon.sk"},"image":{"@id":"https:\/\/www.rumicon.sk\/hu\/#\/schema\/logo\/image\/"},"sameAs":["https:\/\/www.facebook.com\/people\/Rumicon-Bottle-Cigar-Shop\/100087110283303\/","https:\/\/www.instagram.com\/rumicon_bottle_cigar_shop\/","https:\/\/www.tiktok.com\/@rumicon2022"]}]}},"_links":{"self":[{"href":"https:\/\/www.rumicon.sk\/hu\/wp-json\/wp\/v2\/product\/6010","targetHints":{"allow":["GET"]}}],"collection":[{"href":"https:\/\/www.rumicon.sk\/hu\/wp-json\/wp\/v2\/product"}],"about":[{"href":"https:\/\/www.rumicon.sk\/hu\/wp-json\/wp\/v2\/types\/product"}],"replies":[{"embeddable":true,"href":"https:\/\/www.rumicon.sk\/hu\/wp-json\/wp\/v2\/comments?post=6010"}],"wp:featuredmedia":[{"embeddable":true,"href":"https:\/\/www.rumicon.sk\/hu\/wp-json\/wp\/v2\/media\/6012"}],"wp:attachment":[{"href":"https:\/\/www.rumicon.sk\/hu\/wp-json\/wp\/v2\/media?parent=6010"}],"wp:term":[{"taxonomy":"product_brand","embeddable":true,"href":"https:\/\/www.rumicon.sk\/hu\/wp-json\/wp\/v2\/product_brand?post=6010"},{"taxonomy":"product_cat","embeddable":true,"href":"https:\/\/www.rumicon.sk\/hu\/wp-json\/wp\/v2\/product_cat?post=6010"},{"taxonomy":"product_tag","embeddable":true,"href":"https:\/\/www.rumicon.sk\/hu\/wp-json\/wp\/v2\/product_tag?post=6010"}],"curies":[{"name":"wp","href":"https:\/\/api.w.org\/{rel}","templated":true}]}}