{"id":6001,"date":"2023-09-02T16:21:36","date_gmt":"2023-09-02T14:21:36","guid":{"rendered":"https:\/\/www.rumicon.sk\/produkt\/rum-dos-maderas-px-55-07l-40-pohar\/"},"modified":"2026-04-09T14:44:32","modified_gmt":"2026-04-09T12:44:32","slug":"rum-dos-maderas-px-55-07l-40","status":"publish","type":"product","link":"https:\/\/www.rumicon.sk\/hu\/produkt\/rum-dos-maderas-px-55-07l-40\/","title":{"rendered":"Rum Dos Maderas PX 5+5 0,7l 40%"},"content":{"rendered":"<p>A Dos Maderas PX 5 + 5 egy <strong>Barbadosr\u00f3l \u00e9s Guyan\u00e1b\u00f3l<\/strong> sz\u00e1rmaz\u00f3 rum, amelyet<strong> 5<\/strong> \u00e9vig \u00e9rlelnek, majd <strong>Spanyolorsz\u00e1gba<\/strong> sz\u00e1ll\u00edtj\u00e1k, ahol tov\u00e1bbi<strong> 5<\/strong> \u00e9vig \u00e9rlelik <strong>Pedro Ximenez<\/strong> \u00e9des sherry hord\u00f3kban, ahol ak\u00e1r 20 \u00e9vig is maradhat. A karibi \u00e9ghajlat \u00e9s a <strong>Williams &amp; Hubert<\/strong> pinc\u00e9i t\u00f6k\u00e9letesre finom\u00edtott\u00e1k ezt a rumot. Arom\u00e1ja harmonikus, mazsol\u00e1ra, f\u00fcg\u00e9re, van\u00edli\u00e1ra \u00e9s csokol\u00e1d\u00e9ra eml\u00e9keztet\u0151 jegyekkel. \u00cdze nagyon l\u00e1gy, \u00f6sszetett \u00e9s meleg\u00edt\u0151.<\/p>\n<p><strong>Sz\u00edn:<\/strong> S\u00f6t\u00e9tv\u00f6r\u00f6s, majdnem rubin.<\/p>\n<p><strong>Illat<\/strong>: \u00c9dess\u00e9g, karamell, van\u00edlia, fah\u00e9j, szerecsendi\u00f3 \u00e9s p\u00f6rk\u00f6lt gy\u00fcm\u00f6lcs\u00f6k.<\/p>\n<p><strong>\u00cdzl\u00e9s<\/strong>: Az \u00edz testes, de nagyon finom. \u00c9rezhet\u0151 m\u00e9g karamell, csokol\u00e1d\u00e9, doh\u00e1nylev\u00e9l, b\u0151r \u00e9s m\u00e9z.<\/p>\n<p><strong>Befejez\u00e9s<\/strong>: Hossz\u00fa, sima lecseng\u00e9s a Pedro Ximenez sherry hord\u00f3k jegyeivel.<\/p>\n","protected":false},"excerpt":{"rendered":"<p>A Dos Maderas PX 5 + 5 egy Barbadosr\u00f3l \u00e9s Guyan\u00e1b\u00f3l sz\u00e1rmaz\u00f3 rum, amelyet 5 \u00e9vig \u00e9rlelnek, majd Spanyolorsz\u00e1gba sz\u00e1ll\u00edtj\u00e1k, ahol tov\u00e1bbi 5 \u00e9vig \u00e9rlelik Pedro Ximenez \u00e9des sherry hord\u00f3kban, ahol ak\u00e1r 20 \u00e9vig is maradhat. A karibi \u00e9ghajlat \u00e9s a Williams &amp; Hubert pinc\u00e9i t\u00f6k\u00e9letesre finom\u00edtott\u00e1k ezt a rumot. Arom\u00e1ja harmonikus, mazsol\u00e1ra, f\u00fcg\u00e9re, van\u00edli\u00e1ra [&#8230;]\n","protected":false},"featured_media":6006,"comment_status":"closed","ping_status":"closed","template":"","meta":{"_acf_changed":false},"product_brand":[],"product_cat":[483,485],"product_tag":[843,1135],"class_list":{"0":"post-6001","1":"product","2":"type-product","3":"status-publish","4":"has-post-thumbnail","6":"product_cat-rum-hu","7":"product_cat-sotet-rum","8":"product_tag-dos-maderas-hu-2","9":"product_tag-sotet-rum","10":"pa_druh-alkoholu-rum-hu","11":"pa_krajina-povodu-spanyolorszag","12":"pa_objem-07-l-hu","13":"pa_obsah-alkoholu-42-hu","14":"pa_znacka-dos-maderas-hu","16":"first","17":"instock","18":"taxable","19":"shipping-taxable","20":"purchasable","21":"product-type-simple"},"acf":[],"yoast_head":"<!-- This site is optimized with the Yoast SEO plugin v27.0 - https:\/\/yoast.com\/product\/yoast-seo-wordpress\/ -->\n<title>Rum Dos Maderas PX 5+5 0,7l 40% - rumicon.sk<\/title>\n<meta name=\"robots\" content=\"index, follow, max-snippet:-1, max-image-preview:large, max-video-preview:-1\" \/>\n<link rel=\"canonical\" href=\"https:\/\/www.rumicon.sk\/hu\/produkt\/rum-dos-maderas-px-55-07l-40\/\" \/>\n<meta property=\"og:locale\" content=\"hu_HU\" \/>\n<meta property=\"og:type\" content=\"article\" \/>\n<meta property=\"og:title\" content=\"Rum Dos Maderas PX 5+5 0,7l 40% - rumicon.sk\" \/>\n<meta property=\"og:description\" content=\"A Dos Maderas PX 5 + 5 egy Barbadosr\u00f3l \u00e9s Guyan\u00e1b\u00f3l sz\u00e1rmaz\u00f3 rum, amelyet 5 \u00e9vig \u00e9rlelnek, majd Spanyolorsz\u00e1gba sz\u00e1ll\u00edtj\u00e1k, ahol tov\u00e1bbi 5 \u00e9vig \u00e9rlelik Pedro Ximenez \u00e9des sherry hord\u00f3kban, ahol ak\u00e1r 20 \u00e9vig is maradhat. A karibi \u00e9ghajlat \u00e9s a Williams &amp; Hubert pinc\u00e9i t\u00f6k\u00e9letesre finom\u00edtott\u00e1k ezt a rumot. Arom\u00e1ja harmonikus, mazsol\u00e1ra, f\u00fcg\u00e9re, van\u00edli\u00e1ra [...]\" \/>\n<meta property=\"og:url\" content=\"https:\/\/www.rumicon.sk\/hu\/produkt\/rum-dos-maderas-px-55-07l-40\/\" \/>\n<meta property=\"og:site_name\" content=\"rumicon.sk\" \/>\n<meta property=\"article:publisher\" content=\"https:\/\/www.facebook.com\/people\/Rumicon-Bottle-Cigar-Shop\/100087110283303\/\" \/>\n<meta property=\"article:modified_time\" content=\"2026-04-09T12:44:32+00:00\" \/>\n<meta property=\"og:image\" content=\"https:\/\/www.rumicon.sk\/wp-content\/uploads\/dos-mad.jpg\" \/>\n\t<meta property=\"og:image:width\" content=\"408\" \/>\n\t<meta property=\"og:image:height\" content=\"440\" \/>\n\t<meta property=\"og:image:type\" content=\"image\/jpeg\" \/>\n<meta name=\"twitter:card\" content=\"summary_large_image\" \/>\n<meta name=\"twitter:label1\" content=\"Becs\u00fclt olvas\u00e1si id\u0151\" \/>\n\t<meta name=\"twitter:data1\" content=\"1 perc\" \/>\n<script type=\"application\/ld+json\" class=\"yoast-schema-graph\">{\"@context\":\"https:\/\/schema.org\",\"@graph\":[{\"@type\":\"WebPage\",\"@id\":\"https:\/\/www.rumicon.sk\/hu\/produkt\/rum-dos-maderas-px-55-07l-40\/\",\"url\":\"https:\/\/www.rumicon.sk\/hu\/produkt\/rum-dos-maderas-px-55-07l-40\/\",\"name\":\"Rum Dos Maderas PX 5+5 0,7l 40% - rumicon.sk\",\"isPartOf\":{\"@id\":\"https:\/\/www.rumicon.sk\/hu\/#website\"},\"primaryImageOfPage\":{\"@id\":\"https:\/\/www.rumicon.sk\/hu\/produkt\/rum-dos-maderas-px-55-07l-40\/#primaryimage\"},\"image\":{\"@id\":\"https:\/\/www.rumicon.sk\/hu\/produkt\/rum-dos-maderas-px-55-07l-40\/#primaryimage\"},\"thumbnailUrl\":\"https:\/\/www.rumicon.sk\/wp-content\/uploads\/dos-mad.jpg\",\"datePublished\":\"2023-09-02T14:21:36+00:00\",\"dateModified\":\"2026-04-09T12:44:32+00:00\",\"breadcrumb\":{\"@id\":\"https:\/\/www.rumicon.sk\/hu\/produkt\/rum-dos-maderas-px-55-07l-40\/#breadcrumb\"},\"inLanguage\":\"hu\",\"potentialAction\":[{\"@type\":\"ReadAction\",\"target\":[\"https:\/\/www.rumicon.sk\/hu\/produkt\/rum-dos-maderas-px-55-07l-40\/\"]}]},{\"@type\":\"ImageObject\",\"inLanguage\":\"hu\",\"@id\":\"https:\/\/www.rumicon.sk\/hu\/produkt\/rum-dos-maderas-px-55-07l-40\/#primaryimage\",\"url\":\"https:\/\/www.rumicon.sk\/wp-content\/uploads\/dos-mad.jpg\",\"contentUrl\":\"https:\/\/www.rumicon.sk\/wp-content\/uploads\/dos-mad.jpg\",\"width\":408,\"height\":440,\"caption\":\"dos maderas px5+5\"},{\"@type\":\"BreadcrumbList\",\"@id\":\"https:\/\/www.rumicon.sk\/hu\/produkt\/rum-dos-maderas-px-55-07l-40\/#breadcrumb\",\"itemListElement\":[{\"@type\":\"ListItem\",\"position\":1,\"name\":\"Home\",\"item\":\"https:\/\/www.rumicon.sk\/hu\/home\/\"},{\"@type\":\"ListItem\",\"position\":2,\"name\":\"Web\u00e1ruh\u00e1z\",\"item\":\"https:\/\/www.rumicon.sk\/hu\/webaruhaz\/\"},{\"@type\":\"ListItem\",\"position\":3,\"name\":\"Rum Dos Maderas PX 5+5 0,7l 40%\"}]},{\"@type\":\"WebSite\",\"@id\":\"https:\/\/www.rumicon.sk\/hu\/#website\",\"url\":\"https:\/\/www.rumicon.sk\/hu\/\",\"name\":\"rumicon.sk\",\"description\":\"\",\"publisher\":{\"@id\":\"https:\/\/www.rumicon.sk\/hu\/#organization\"},\"potentialAction\":[{\"@type\":\"SearchAction\",\"target\":{\"@type\":\"EntryPoint\",\"urlTemplate\":\"https:\/\/www.rumicon.sk\/hu\/?s={search_term_string}\"},\"query-input\":{\"@type\":\"PropertyValueSpecification\",\"valueRequired\":true,\"valueName\":\"search_term_string\"}}],\"inLanguage\":\"hu\"},{\"@type\":\"Organization\",\"@id\":\"https:\/\/www.rumicon.sk\/hu\/#organization\",\"name\":\"rumicon.sk\",\"url\":\"https:\/\/www.rumicon.sk\/hu\/\",\"logo\":{\"@type\":\"ImageObject\",\"inLanguage\":\"hu\",\"@id\":\"https:\/\/www.rumicon.sk\/hu\/#\/schema\/logo\/image\/\",\"url\":\"https:\/\/www.rumicon.sk\/wp-content\/uploads\/logo-rumicon-bcs-color.png\",\"contentUrl\":\"https:\/\/www.rumicon.sk\/wp-content\/uploads\/logo-rumicon-bcs-color.png\",\"width\":827,\"height\":278,\"caption\":\"rumicon.sk\"},\"image\":{\"@id\":\"https:\/\/www.rumicon.sk\/hu\/#\/schema\/logo\/image\/\"},\"sameAs\":[\"https:\/\/www.facebook.com\/people\/Rumicon-Bottle-Cigar-Shop\/100087110283303\/\",\"https:\/\/www.instagram.com\/rumicon_bottle_cigar_shop\/\",\"https:\/\/www.tiktok.com\/@rumicon2022\"]}]}<\/script>\n<!-- \/ Yoast SEO plugin. -->","yoast_head_json":{"title":"Rum Dos Maderas PX 5+5 0,7l 40% - rumicon.sk","robots":{"index":"index","follow":"follow","max-snippet":"max-snippet:-1","max-image-preview":"max-image-preview:large","max-video-preview":"max-video-preview:-1"},"canonical":"https:\/\/www.rumicon.sk\/hu\/produkt\/rum-dos-maderas-px-55-07l-40\/","og_locale":"hu_HU","og_type":"article","og_title":"Rum Dos Maderas PX 5+5 0,7l 40% - rumicon.sk","og_description":"A Dos Maderas PX 5 + 5 egy Barbadosr\u00f3l \u00e9s Guyan\u00e1b\u00f3l sz\u00e1rmaz\u00f3 rum, amelyet 5 \u00e9vig \u00e9rlelnek, majd Spanyolorsz\u00e1gba sz\u00e1ll\u00edtj\u00e1k, ahol tov\u00e1bbi 5 \u00e9vig \u00e9rlelik Pedro Ximenez \u00e9des sherry hord\u00f3kban, ahol ak\u00e1r 20 \u00e9vig is maradhat. A karibi \u00e9ghajlat \u00e9s a Williams &amp; Hubert pinc\u00e9i t\u00f6k\u00e9letesre finom\u00edtott\u00e1k ezt a rumot. Arom\u00e1ja harmonikus, mazsol\u00e1ra, f\u00fcg\u00e9re, van\u00edli\u00e1ra [...]","og_url":"https:\/\/www.rumicon.sk\/hu\/produkt\/rum-dos-maderas-px-55-07l-40\/","og_site_name":"rumicon.sk","article_publisher":"https:\/\/www.facebook.com\/people\/Rumicon-Bottle-Cigar-Shop\/100087110283303\/","article_modified_time":"2026-04-09T12:44:32+00:00","og_image":[{"width":408,"height":440,"url":"https:\/\/www.rumicon.sk\/wp-content\/uploads\/dos-mad.jpg","type":"image\/jpeg"}],"twitter_card":"summary_large_image","twitter_misc":{"Becs\u00fclt olvas\u00e1si id\u0151":"1 perc"},"schema":{"@context":"https:\/\/schema.org","@graph":[{"@type":"WebPage","@id":"https:\/\/www.rumicon.sk\/hu\/produkt\/rum-dos-maderas-px-55-07l-40\/","url":"https:\/\/www.rumicon.sk\/hu\/produkt\/rum-dos-maderas-px-55-07l-40\/","name":"Rum Dos Maderas PX 5+5 0,7l 40% - rumicon.sk","isPartOf":{"@id":"https:\/\/www.rumicon.sk\/hu\/#website"},"primaryImageOfPage":{"@id":"https:\/\/www.rumicon.sk\/hu\/produkt\/rum-dos-maderas-px-55-07l-40\/#primaryimage"},"image":{"@id":"https:\/\/www.rumicon.sk\/hu\/produkt\/rum-dos-maderas-px-55-07l-40\/#primaryimage"},"thumbnailUrl":"https:\/\/www.rumicon.sk\/wp-content\/uploads\/dos-mad.jpg","datePublished":"2023-09-02T14:21:36+00:00","dateModified":"2026-04-09T12:44:32+00:00","breadcrumb":{"@id":"https:\/\/www.rumicon.sk\/hu\/produkt\/rum-dos-maderas-px-55-07l-40\/#breadcrumb"},"inLanguage":"hu","potentialAction":[{"@type":"ReadAction","target":["https:\/\/www.rumicon.sk\/hu\/produkt\/rum-dos-maderas-px-55-07l-40\/"]}]},{"@type":"ImageObject","inLanguage":"hu","@id":"https:\/\/www.rumicon.sk\/hu\/produkt\/rum-dos-maderas-px-55-07l-40\/#primaryimage","url":"https:\/\/www.rumicon.sk\/wp-content\/uploads\/dos-mad.jpg","contentUrl":"https:\/\/www.rumicon.sk\/wp-content\/uploads\/dos-mad.jpg","width":408,"height":440,"caption":"dos maderas px5+5"},{"@type":"BreadcrumbList","@id":"https:\/\/www.rumicon.sk\/hu\/produkt\/rum-dos-maderas-px-55-07l-40\/#breadcrumb","itemListElement":[{"@type":"ListItem","position":1,"name":"Home","item":"https:\/\/www.rumicon.sk\/hu\/home\/"},{"@type":"ListItem","position":2,"name":"Web\u00e1ruh\u00e1z","item":"https:\/\/www.rumicon.sk\/hu\/webaruhaz\/"},{"@type":"ListItem","position":3,"name":"Rum Dos Maderas PX 5+5 0,7l 40%"}]},{"@type":"WebSite","@id":"https:\/\/www.rumicon.sk\/hu\/#website","url":"https:\/\/www.rumicon.sk\/hu\/","name":"rumicon.sk","description":"","publisher":{"@id":"https:\/\/www.rumicon.sk\/hu\/#organization"},"potentialAction":[{"@type":"SearchAction","target":{"@type":"EntryPoint","urlTemplate":"https:\/\/www.rumicon.sk\/hu\/?s={search_term_string}"},"query-input":{"@type":"PropertyValueSpecification","valueRequired":true,"valueName":"search_term_string"}}],"inLanguage":"hu"},{"@type":"Organization","@id":"https:\/\/www.rumicon.sk\/hu\/#organization","name":"rumicon.sk","url":"https:\/\/www.rumicon.sk\/hu\/","logo":{"@type":"ImageObject","inLanguage":"hu","@id":"https:\/\/www.rumicon.sk\/hu\/#\/schema\/logo\/image\/","url":"https:\/\/www.rumicon.sk\/wp-content\/uploads\/logo-rumicon-bcs-color.png","contentUrl":"https:\/\/www.rumicon.sk\/wp-content\/uploads\/logo-rumicon-bcs-color.png","width":827,"height":278,"caption":"rumicon.sk"},"image":{"@id":"https:\/\/www.rumicon.sk\/hu\/#\/schema\/logo\/image\/"},"sameAs":["https:\/\/www.facebook.com\/people\/Rumicon-Bottle-Cigar-Shop\/100087110283303\/","https:\/\/www.instagram.com\/rumicon_bottle_cigar_shop\/","https:\/\/www.tiktok.com\/@rumicon2022"]}]}},"_links":{"self":[{"href":"https:\/\/www.rumicon.sk\/hu\/wp-json\/wp\/v2\/product\/6001","targetHints":{"allow":["GET"]}}],"collection":[{"href":"https:\/\/www.rumicon.sk\/hu\/wp-json\/wp\/v2\/product"}],"about":[{"href":"https:\/\/www.rumicon.sk\/hu\/wp-json\/wp\/v2\/types\/product"}],"replies":[{"embeddable":true,"href":"https:\/\/www.rumicon.sk\/hu\/wp-json\/wp\/v2\/comments?post=6001"}],"wp:featuredmedia":[{"embeddable":true,"href":"https:\/\/www.rumicon.sk\/hu\/wp-json\/wp\/v2\/media\/6006"}],"wp:attachment":[{"href":"https:\/\/www.rumicon.sk\/hu\/wp-json\/wp\/v2\/media?parent=6001"}],"wp:term":[{"taxonomy":"product_brand","embeddable":true,"href":"https:\/\/www.rumicon.sk\/hu\/wp-json\/wp\/v2\/product_brand?post=6001"},{"taxonomy":"product_cat","embeddable":true,"href":"https:\/\/www.rumicon.sk\/hu\/wp-json\/wp\/v2\/product_cat?post=6001"},{"taxonomy":"product_tag","embeddable":true,"href":"https:\/\/www.rumicon.sk\/hu\/wp-json\/wp\/v2\/product_tag?post=6001"}],"curies":[{"name":"wp","href":"https:\/\/api.w.org\/{rel}","templated":true}]}}