{"id":5996,"date":"2023-09-08T11:05:25","date_gmt":"2023-09-08T09:05:25","guid":{"rendered":"https:\/\/www.rumicon.sk\/produkt\/citadelle-gin-reserve-452\/"},"modified":"2025-08-14T11:45:14","modified_gmt":"2025-08-14T09:45:14","slug":"citadelle-gin-reserve-452","status":"publish","type":"product","link":"https:\/\/www.rumicon.sk\/hu\/produkt\/citadelle-gin-reserve-452\/","title":{"rendered":"Citadelle Gin R\u00e9serve 45,2%"},"content":{"rendered":"<p>T\u00f6bb \u00e9vnyi k\u00eds\u00e9rletez\u00e9s ut\u00e1n Alexandre Gabriel t\u00f6k\u00e9letes\u00edtette a receptj\u00e9t: <strong>3 botanikai anyagot<\/strong> &#8211; yuzu, genepi, bleuet &#8211; adott hozz\u00e1, \u00e9s \u00f6t h\u00f3napig \u00f6t k\u00fcl\u00f6nb\u00f6z\u0151 t\u00edpus\u00fa hord\u00f3ban hagyta \u00e1llni a gint, aminek k\u00f6sz\u00f6nhet\u0151en egy <strong>\u00faj gy\u00f6ngyszem<\/strong> sz\u00fcletett.<\/p>\n<p>Az \u00f6t h\u00f3nap eltelt\u00e9vel a gint egy nagyobb hord\u00f3ban keverik \u00f6ssze, amelyben <strong>m\u00e1s gy\u00f3gyn\u00f6v\u00e9nyekkel<\/strong> egy\u00fctt macer\u00e1lj\u00e1k, amelyek \u00faj \u00edzjegyeket adnak hozz\u00e1. Ez a t\u00f6bbsz\u00f6r\u00f6s \u00e9rlel\u00e9s egyed\u00fcl\u00e1ll\u00f3 m\u00f3dszere fokozza a Citadelle Reserve Gin citrusos jegyeit, \u00e9s eleg\u00e1ns simas\u00e1got biztos\u00edt a sz\u00e1jban. <\/p>\n<p><strong>Sz\u00edn:<\/strong> Halv\u00e1ny, \u00e1ttetsz\u0151 arany.<\/p>\n<p><strong>Illat<\/strong>: K\u00f3kusz, doh\u00e1ny \u00e9s narancsvir\u00e1g. K\u00e9s\u0151bb bor\u00f3ka \u00e9s z\u00f6ld tea jegyei jelennek meg. <\/p>\n<p><strong>\u00cdzl\u00e9s<\/strong>: A kezdeti benyom\u00e1s selymesen gazdag, kiss\u00e9 f\u0171szeres, sz\u00e1r\u00edtott doh\u00e1nyra eml\u00e9keztet\u0151 nyomokkal.<\/p>\n","protected":false},"excerpt":{"rendered":"<p>T\u00f6bb \u00e9vnyi k\u00eds\u00e9rletez\u00e9s ut\u00e1n Alexandre Gabriel t\u00f6k\u00e9letes\u00edtette a receptj\u00e9t: 3 botanikai anyagot &#8211; yuzu, genepi, bleuet &#8211; adott hozz\u00e1, \u00e9s \u00f6t h\u00f3napig \u00f6t k\u00fcl\u00f6nb\u00f6z\u0151 t\u00edpus\u00fa hord\u00f3ban hagyta \u00e1llni a gint, aminek k\u00f6sz\u00f6nhet\u0151en egy \u00faj gy\u00f6ngyszem sz\u00fcletett. Az \u00f6t h\u00f3nap eltelt\u00e9vel a gint egy nagyobb hord\u00f3ban keverik \u00f6ssze, amelyben m\u00e1s gy\u00f3gyn\u00f6v\u00e9nyekkel egy\u00fctt macer\u00e1lj\u00e1k, amelyek \u00faj \u00edzjegyeket [&#8230;]\n","protected":false},"featured_media":6000,"comment_status":"closed","ping_status":"closed","template":"","meta":{"_acf_changed":false},"product_brand":[],"product_cat":[598,603],"product_tag":[633,932],"class_list":{"0":"post-5996","1":"product","2":"type-product","3":"status-publish","4":"has-post-thumbnail","6":"product_cat-gin-hu","7":"product_cat-dry-gin-hu","8":"product_tag-citadelle-hu","9":"product_tag-francia-gin","10":"pa_druh-alkoholu-gin-hu","11":"pa_krajina-povodu-franciaorszag","12":"pa_objem-07-l-hu","13":"pa_obsah-alkoholu-415-hu","14":"pa_znacka-citadelle-hu","16":"first","17":"outofstock","18":"taxable","19":"shipping-taxable","20":"purchasable","21":"product-type-simple"},"acf":[],"yoast_head":"<!-- This site is optimized with the Yoast SEO plugin v27.0 - https:\/\/yoast.com\/product\/yoast-seo-wordpress\/ -->\n<title>Citadelle Gin R\u00e9serve 45,2% - rumicon.sk<\/title>\n<meta name=\"robots\" content=\"index, follow, max-snippet:-1, max-image-preview:large, max-video-preview:-1\" \/>\n<link rel=\"canonical\" href=\"https:\/\/www.rumicon.sk\/hu\/produkt\/citadelle-gin-reserve-452\/\" \/>\n<meta property=\"og:locale\" content=\"hu_HU\" \/>\n<meta property=\"og:type\" content=\"article\" \/>\n<meta property=\"og:title\" content=\"Citadelle Gin R\u00e9serve 45,2% - rumicon.sk\" \/>\n<meta property=\"og:description\" content=\"T\u00f6bb \u00e9vnyi k\u00eds\u00e9rletez\u00e9s ut\u00e1n Alexandre Gabriel t\u00f6k\u00e9letes\u00edtette a receptj\u00e9t: 3 botanikai anyagot &#8211; yuzu, genepi, bleuet &#8211; adott hozz\u00e1, \u00e9s \u00f6t h\u00f3napig \u00f6t k\u00fcl\u00f6nb\u00f6z\u0151 t\u00edpus\u00fa hord\u00f3ban hagyta \u00e1llni a gint, aminek k\u00f6sz\u00f6nhet\u0151en egy \u00faj gy\u00f6ngyszem sz\u00fcletett. Az \u00f6t h\u00f3nap eltelt\u00e9vel a gint egy nagyobb hord\u00f3ban keverik \u00f6ssze, amelyben m\u00e1s gy\u00f3gyn\u00f6v\u00e9nyekkel egy\u00fctt macer\u00e1lj\u00e1k, amelyek \u00faj \u00edzjegyeket [...]\" \/>\n<meta property=\"og:url\" content=\"https:\/\/www.rumicon.sk\/hu\/produkt\/citadelle-gin-reserve-452\/\" \/>\n<meta property=\"og:site_name\" content=\"rumicon.sk\" \/>\n<meta property=\"article:publisher\" content=\"https:\/\/www.facebook.com\/people\/Rumicon-Bottle-Cigar-Shop\/100087110283303\/\" \/>\n<meta property=\"article:modified_time\" content=\"2025-08-14T09:45:14+00:00\" \/>\n<meta property=\"og:image\" content=\"https:\/\/www.rumicon.sk\/wp-content\/uploads\/citadelle.jpg\" \/>\n\t<meta property=\"og:image:width\" content=\"350\" \/>\n\t<meta property=\"og:image:height\" content=\"350\" \/>\n\t<meta property=\"og:image:type\" content=\"image\/jpeg\" \/>\n<meta name=\"twitter:card\" content=\"summary_large_image\" \/>\n<meta name=\"twitter:label1\" content=\"Becs\u00fclt olvas\u00e1si id\u0151\" \/>\n\t<meta name=\"twitter:data1\" content=\"1 perc\" \/>\n<script type=\"application\/ld+json\" class=\"yoast-schema-graph\">{\"@context\":\"https:\/\/schema.org\",\"@graph\":[{\"@type\":\"WebPage\",\"@id\":\"https:\/\/www.rumicon.sk\/hu\/produkt\/citadelle-gin-reserve-452\/\",\"url\":\"https:\/\/www.rumicon.sk\/hu\/produkt\/citadelle-gin-reserve-452\/\",\"name\":\"Citadelle Gin R\u00e9serve 45,2% - rumicon.sk\",\"isPartOf\":{\"@id\":\"https:\/\/www.rumicon.sk\/hu\/#website\"},\"primaryImageOfPage\":{\"@id\":\"https:\/\/www.rumicon.sk\/hu\/produkt\/citadelle-gin-reserve-452\/#primaryimage\"},\"image\":{\"@id\":\"https:\/\/www.rumicon.sk\/hu\/produkt\/citadelle-gin-reserve-452\/#primaryimage\"},\"thumbnailUrl\":\"https:\/\/www.rumicon.sk\/wp-content\/uploads\/citadelle.jpg\",\"datePublished\":\"2023-09-08T09:05:25+00:00\",\"dateModified\":\"2025-08-14T09:45:14+00:00\",\"breadcrumb\":{\"@id\":\"https:\/\/www.rumicon.sk\/hu\/produkt\/citadelle-gin-reserve-452\/#breadcrumb\"},\"inLanguage\":\"hu\",\"potentialAction\":[{\"@type\":\"ReadAction\",\"target\":[\"https:\/\/www.rumicon.sk\/hu\/produkt\/citadelle-gin-reserve-452\/\"]}]},{\"@type\":\"ImageObject\",\"inLanguage\":\"hu\",\"@id\":\"https:\/\/www.rumicon.sk\/hu\/produkt\/citadelle-gin-reserve-452\/#primaryimage\",\"url\":\"https:\/\/www.rumicon.sk\/wp-content\/uploads\/citadelle.jpg\",\"contentUrl\":\"https:\/\/www.rumicon.sk\/wp-content\/uploads\/citadelle.jpg\",\"width\":350,\"height\":350,\"caption\":\"Citadelle\"},{\"@type\":\"BreadcrumbList\",\"@id\":\"https:\/\/www.rumicon.sk\/hu\/produkt\/citadelle-gin-reserve-452\/#breadcrumb\",\"itemListElement\":[{\"@type\":\"ListItem\",\"position\":1,\"name\":\"Home\",\"item\":\"https:\/\/www.rumicon.sk\/hu\/home\/\"},{\"@type\":\"ListItem\",\"position\":2,\"name\":\"Web\u00e1ruh\u00e1z\",\"item\":\"https:\/\/www.rumicon.sk\/hu\/webaruhaz\/\"},{\"@type\":\"ListItem\",\"position\":3,\"name\":\"Citadelle Gin R\u00e9serve 45,2%\"}]},{\"@type\":\"WebSite\",\"@id\":\"https:\/\/www.rumicon.sk\/hu\/#website\",\"url\":\"https:\/\/www.rumicon.sk\/hu\/\",\"name\":\"rumicon.sk\",\"description\":\"\",\"publisher\":{\"@id\":\"https:\/\/www.rumicon.sk\/hu\/#organization\"},\"potentialAction\":[{\"@type\":\"SearchAction\",\"target\":{\"@type\":\"EntryPoint\",\"urlTemplate\":\"https:\/\/www.rumicon.sk\/hu\/?s={search_term_string}\"},\"query-input\":{\"@type\":\"PropertyValueSpecification\",\"valueRequired\":true,\"valueName\":\"search_term_string\"}}],\"inLanguage\":\"hu\"},{\"@type\":\"Organization\",\"@id\":\"https:\/\/www.rumicon.sk\/hu\/#organization\",\"name\":\"rumicon.sk\",\"url\":\"https:\/\/www.rumicon.sk\/hu\/\",\"logo\":{\"@type\":\"ImageObject\",\"inLanguage\":\"hu\",\"@id\":\"https:\/\/www.rumicon.sk\/hu\/#\/schema\/logo\/image\/\",\"url\":\"https:\/\/www.rumicon.sk\/wp-content\/uploads\/logo-rumicon-bcs-color.png\",\"contentUrl\":\"https:\/\/www.rumicon.sk\/wp-content\/uploads\/logo-rumicon-bcs-color.png\",\"width\":827,\"height\":278,\"caption\":\"rumicon.sk\"},\"image\":{\"@id\":\"https:\/\/www.rumicon.sk\/hu\/#\/schema\/logo\/image\/\"},\"sameAs\":[\"https:\/\/www.facebook.com\/people\/Rumicon-Bottle-Cigar-Shop\/100087110283303\/\",\"https:\/\/www.instagram.com\/rumicon_bottle_cigar_shop\/\",\"https:\/\/www.tiktok.com\/@rumicon2022\"]}]}<\/script>\n<!-- \/ Yoast SEO plugin. -->","yoast_head_json":{"title":"Citadelle Gin R\u00e9serve 45,2% - rumicon.sk","robots":{"index":"index","follow":"follow","max-snippet":"max-snippet:-1","max-image-preview":"max-image-preview:large","max-video-preview":"max-video-preview:-1"},"canonical":"https:\/\/www.rumicon.sk\/hu\/produkt\/citadelle-gin-reserve-452\/","og_locale":"hu_HU","og_type":"article","og_title":"Citadelle Gin R\u00e9serve 45,2% - rumicon.sk","og_description":"T\u00f6bb \u00e9vnyi k\u00eds\u00e9rletez\u00e9s ut\u00e1n Alexandre Gabriel t\u00f6k\u00e9letes\u00edtette a receptj\u00e9t: 3 botanikai anyagot &#8211; yuzu, genepi, bleuet &#8211; adott hozz\u00e1, \u00e9s \u00f6t h\u00f3napig \u00f6t k\u00fcl\u00f6nb\u00f6z\u0151 t\u00edpus\u00fa hord\u00f3ban hagyta \u00e1llni a gint, aminek k\u00f6sz\u00f6nhet\u0151en egy \u00faj gy\u00f6ngyszem sz\u00fcletett. Az \u00f6t h\u00f3nap eltelt\u00e9vel a gint egy nagyobb hord\u00f3ban keverik \u00f6ssze, amelyben m\u00e1s gy\u00f3gyn\u00f6v\u00e9nyekkel egy\u00fctt macer\u00e1lj\u00e1k, amelyek \u00faj \u00edzjegyeket [...]","og_url":"https:\/\/www.rumicon.sk\/hu\/produkt\/citadelle-gin-reserve-452\/","og_site_name":"rumicon.sk","article_publisher":"https:\/\/www.facebook.com\/people\/Rumicon-Bottle-Cigar-Shop\/100087110283303\/","article_modified_time":"2025-08-14T09:45:14+00:00","og_image":[{"width":350,"height":350,"url":"https:\/\/www.rumicon.sk\/wp-content\/uploads\/citadelle.jpg","type":"image\/jpeg"}],"twitter_card":"summary_large_image","twitter_misc":{"Becs\u00fclt olvas\u00e1si id\u0151":"1 perc"},"schema":{"@context":"https:\/\/schema.org","@graph":[{"@type":"WebPage","@id":"https:\/\/www.rumicon.sk\/hu\/produkt\/citadelle-gin-reserve-452\/","url":"https:\/\/www.rumicon.sk\/hu\/produkt\/citadelle-gin-reserve-452\/","name":"Citadelle Gin R\u00e9serve 45,2% - rumicon.sk","isPartOf":{"@id":"https:\/\/www.rumicon.sk\/hu\/#website"},"primaryImageOfPage":{"@id":"https:\/\/www.rumicon.sk\/hu\/produkt\/citadelle-gin-reserve-452\/#primaryimage"},"image":{"@id":"https:\/\/www.rumicon.sk\/hu\/produkt\/citadelle-gin-reserve-452\/#primaryimage"},"thumbnailUrl":"https:\/\/www.rumicon.sk\/wp-content\/uploads\/citadelle.jpg","datePublished":"2023-09-08T09:05:25+00:00","dateModified":"2025-08-14T09:45:14+00:00","breadcrumb":{"@id":"https:\/\/www.rumicon.sk\/hu\/produkt\/citadelle-gin-reserve-452\/#breadcrumb"},"inLanguage":"hu","potentialAction":[{"@type":"ReadAction","target":["https:\/\/www.rumicon.sk\/hu\/produkt\/citadelle-gin-reserve-452\/"]}]},{"@type":"ImageObject","inLanguage":"hu","@id":"https:\/\/www.rumicon.sk\/hu\/produkt\/citadelle-gin-reserve-452\/#primaryimage","url":"https:\/\/www.rumicon.sk\/wp-content\/uploads\/citadelle.jpg","contentUrl":"https:\/\/www.rumicon.sk\/wp-content\/uploads\/citadelle.jpg","width":350,"height":350,"caption":"Citadelle"},{"@type":"BreadcrumbList","@id":"https:\/\/www.rumicon.sk\/hu\/produkt\/citadelle-gin-reserve-452\/#breadcrumb","itemListElement":[{"@type":"ListItem","position":1,"name":"Home","item":"https:\/\/www.rumicon.sk\/hu\/home\/"},{"@type":"ListItem","position":2,"name":"Web\u00e1ruh\u00e1z","item":"https:\/\/www.rumicon.sk\/hu\/webaruhaz\/"},{"@type":"ListItem","position":3,"name":"Citadelle Gin R\u00e9serve 45,2%"}]},{"@type":"WebSite","@id":"https:\/\/www.rumicon.sk\/hu\/#website","url":"https:\/\/www.rumicon.sk\/hu\/","name":"rumicon.sk","description":"","publisher":{"@id":"https:\/\/www.rumicon.sk\/hu\/#organization"},"potentialAction":[{"@type":"SearchAction","target":{"@type":"EntryPoint","urlTemplate":"https:\/\/www.rumicon.sk\/hu\/?s={search_term_string}"},"query-input":{"@type":"PropertyValueSpecification","valueRequired":true,"valueName":"search_term_string"}}],"inLanguage":"hu"},{"@type":"Organization","@id":"https:\/\/www.rumicon.sk\/hu\/#organization","name":"rumicon.sk","url":"https:\/\/www.rumicon.sk\/hu\/","logo":{"@type":"ImageObject","inLanguage":"hu","@id":"https:\/\/www.rumicon.sk\/hu\/#\/schema\/logo\/image\/","url":"https:\/\/www.rumicon.sk\/wp-content\/uploads\/logo-rumicon-bcs-color.png","contentUrl":"https:\/\/www.rumicon.sk\/wp-content\/uploads\/logo-rumicon-bcs-color.png","width":827,"height":278,"caption":"rumicon.sk"},"image":{"@id":"https:\/\/www.rumicon.sk\/hu\/#\/schema\/logo\/image\/"},"sameAs":["https:\/\/www.facebook.com\/people\/Rumicon-Bottle-Cigar-Shop\/100087110283303\/","https:\/\/www.instagram.com\/rumicon_bottle_cigar_shop\/","https:\/\/www.tiktok.com\/@rumicon2022"]}]}},"_links":{"self":[{"href":"https:\/\/www.rumicon.sk\/hu\/wp-json\/wp\/v2\/product\/5996","targetHints":{"allow":["GET"]}}],"collection":[{"href":"https:\/\/www.rumicon.sk\/hu\/wp-json\/wp\/v2\/product"}],"about":[{"href":"https:\/\/www.rumicon.sk\/hu\/wp-json\/wp\/v2\/types\/product"}],"replies":[{"embeddable":true,"href":"https:\/\/www.rumicon.sk\/hu\/wp-json\/wp\/v2\/comments?post=5996"}],"wp:featuredmedia":[{"embeddable":true,"href":"https:\/\/www.rumicon.sk\/hu\/wp-json\/wp\/v2\/media\/6000"}],"wp:attachment":[{"href":"https:\/\/www.rumicon.sk\/hu\/wp-json\/wp\/v2\/media?parent=5996"}],"wp:term":[{"taxonomy":"product_brand","embeddable":true,"href":"https:\/\/www.rumicon.sk\/hu\/wp-json\/wp\/v2\/product_brand?post=5996"},{"taxonomy":"product_cat","embeddable":true,"href":"https:\/\/www.rumicon.sk\/hu\/wp-json\/wp\/v2\/product_cat?post=5996"},{"taxonomy":"product_tag","embeddable":true,"href":"https:\/\/www.rumicon.sk\/hu\/wp-json\/wp\/v2\/product_tag?post=5996"}],"curies":[{"name":"wp","href":"https:\/\/api.w.org\/{rel}","templated":true}]}}