{"id":5980,"date":"2023-10-03T11:49:36","date_gmt":"2023-10-03T09:49:36","guid":{"rendered":"https:\/\/www.rumicon.sk\/produkt\/whisky-nikka-single-malt-yoichi-45-07l\/"},"modified":"2025-08-14T11:45:16","modified_gmt":"2025-08-14T09:45:16","slug":"whisky-nikka-single-malt-yoichi-45-07l","status":"publish","type":"product","link":"https:\/\/www.rumicon.sk\/hu\/produkt\/whisky-nikka-single-malt-yoichi-45-07l\/","title":{"rendered":"Whisky Nikka Single Malt Yoichi 45%, 0,7l"},"content":{"rendered":"<p><strong>Illat<\/strong>: testes \u00e9s finom. Az elej\u00e9n t\u0151zeg, f\u00fcst, korom \u00e9s s\u00f3s jegyek jelennek meg. Ezek fokozatosan fejl\u0151dnek a kand\u00edrozott citrusf\u00e9l\u00e9k &#8211; citrom \u00e9s narancs &#8211; fel\u00e9. Ezt k\u00f6veti az \u00e9desgy\u00f6k\u00e9r, a szerecsendi\u00f3 \u00e9s a gy\u00f6mb\u00e9r. Az \u00edrisz \u00e9s a szegf\u0171 vir\u00e1gos jegyei is kiemelked\u0151ek.    <\/p>\n<p><strong>\u00cdz<\/strong>: szil\u00e1rd \u00e9s er\u0151s. Az els\u0151 t\u00e1mad\u00e1s az illathoz hasonl\u00f3an a t\u0151zegess\u00e9g \u00e9s a f\u00fcst\u00f6ss\u00e9g t\u00e1mad\u00e1s\u00e1nak k\u00f6sz\u00f6nhet\u0151. A di\u00f3f\u00e9l\u00e9k \u00e9s a friss gy\u00fcm\u00f6lcs\u00f6k &#8211; dinnye, kivi &#8211; jegyei nyilv\u00e1nval\u00f3ak. Az \u00edz k\u00f6zep\u00e9n \u00e9des csokol\u00e1d\u00e9 nyomai v\u00e1lnak l\u00e1that\u00f3v\u00e1. A t\u0151zegess\u00e9g azonban nem t\u0171nik el.    <\/p>\n<p><strong>K\u00f6vetkeztet\u00e9s:<\/strong> hossz\u00fa, selymes. A gy\u00fcm\u00f6lcs\u00f6s jegyek fokozatosan \u00e1tadj\u00e1k hely\u00fcket a gy\u00f3gyn\u00f6v\u00e9nyes \u00e9s mal\u00e1t\u00e1s jellegnek, m\u00edg a s\u00f3s \u00edz m\u00e9lys\u00e9get \u00e9s tengerparti frissess\u00e9get k\u00f6lcs\u00f6n\u00f6z az eg\u00e9sz whiskynek. <\/p>\n","protected":false},"excerpt":{"rendered":"<p>Illat: testes \u00e9s finom. Az elej\u00e9n t\u0151zeg, f\u00fcst, korom \u00e9s s\u00f3s jegyek jelennek meg. Ezek fokozatosan fejl\u0151dnek a kand\u00edrozott citrusf\u00e9l\u00e9k &#8211; citrom \u00e9s narancs &#8211; fel\u00e9. Ezt k\u00f6veti az \u00e9desgy\u00f6k\u00e9r, a szerecsendi\u00f3 \u00e9s a gy\u00f6mb\u00e9r. Az \u00edrisz \u00e9s a szegf\u0171 vir\u00e1gos jegyei is kiemelked\u0151ek. \u00cdz: szil\u00e1rd \u00e9s er\u0151s. Az els\u0151 t\u00e1mad\u00e1s az illathoz hasonl\u00f3an a [&#8230;]\n","protected":false},"featured_media":5982,"comment_status":"closed","ping_status":"closed","template":"","meta":{"_acf_changed":false},"product_brand":[],"product_cat":[509,796],"product_tag":[922,797],"class_list":{"0":"post-5980","1":"product","2":"type-product","3":"status-publish","4":"has-post-thumbnail","6":"product_cat-whisky-hu","7":"product_cat-japan-whisky","8":"product_tag-japan-whisky","9":"product_tag-nikka-hu","10":"pa_krajina-povodu-japan","12":"first","13":"instock","14":"taxable","15":"shipping-taxable","16":"purchasable","17":"product-type-simple"},"acf":[],"yoast_head":"<!-- This site is optimized with the Yoast SEO plugin v27.0 - https:\/\/yoast.com\/product\/yoast-seo-wordpress\/ -->\n<title>Whisky Nikka Single Malt Yoichi 45%, 0,7l - rumicon.sk<\/title>\n<meta name=\"robots\" content=\"index, follow, max-snippet:-1, max-image-preview:large, max-video-preview:-1\" \/>\n<link rel=\"canonical\" href=\"https:\/\/www.rumicon.sk\/hu\/produkt\/whisky-nikka-single-malt-yoichi-45-07l\/\" \/>\n<meta property=\"og:locale\" content=\"hu_HU\" \/>\n<meta property=\"og:type\" content=\"article\" \/>\n<meta property=\"og:title\" content=\"Whisky Nikka Single Malt Yoichi 45%, 0,7l - rumicon.sk\" \/>\n<meta property=\"og:description\" content=\"Illat: testes \u00e9s finom. Az elej\u00e9n t\u0151zeg, f\u00fcst, korom \u00e9s s\u00f3s jegyek jelennek meg. Ezek fokozatosan fejl\u0151dnek a kand\u00edrozott citrusf\u00e9l\u00e9k &#8211; citrom \u00e9s narancs &#8211; fel\u00e9. Ezt k\u00f6veti az \u00e9desgy\u00f6k\u00e9r, a szerecsendi\u00f3 \u00e9s a gy\u00f6mb\u00e9r. Az \u00edrisz \u00e9s a szegf\u0171 vir\u00e1gos jegyei is kiemelked\u0151ek. \u00cdz: szil\u00e1rd \u00e9s er\u0151s. Az els\u0151 t\u00e1mad\u00e1s az illathoz hasonl\u00f3an a [...]\" \/>\n<meta property=\"og:url\" content=\"https:\/\/www.rumicon.sk\/hu\/produkt\/whisky-nikka-single-malt-yoichi-45-07l\/\" \/>\n<meta property=\"og:site_name\" content=\"rumicon.sk\" \/>\n<meta property=\"article:publisher\" content=\"https:\/\/www.facebook.com\/people\/Rumicon-Bottle-Cigar-Shop\/100087110283303\/\" \/>\n<meta property=\"article:modified_time\" content=\"2025-08-14T09:45:16+00:00\" \/>\n<meta property=\"og:image\" content=\"https:\/\/www.rumicon.sk\/wp-content\/uploads\/4969f3dae41519cd6d683fed0cb796d7-mmf400x400.jpg\" \/>\n\t<meta property=\"og:image:width\" content=\"400\" \/>\n\t<meta property=\"og:image:height\" content=\"400\" \/>\n\t<meta property=\"og:image:type\" content=\"image\/jpeg\" \/>\n<meta name=\"twitter:card\" content=\"summary_large_image\" \/>\n<meta name=\"twitter:label1\" content=\"Becs\u00fclt olvas\u00e1si id\u0151\" \/>\n\t<meta name=\"twitter:data1\" content=\"1 perc\" \/>\n<script type=\"application\/ld+json\" class=\"yoast-schema-graph\">{\"@context\":\"https:\/\/schema.org\",\"@graph\":[{\"@type\":\"WebPage\",\"@id\":\"https:\/\/www.rumicon.sk\/hu\/produkt\/whisky-nikka-single-malt-yoichi-45-07l\/\",\"url\":\"https:\/\/www.rumicon.sk\/hu\/produkt\/whisky-nikka-single-malt-yoichi-45-07l\/\",\"name\":\"Whisky Nikka Single Malt Yoichi 45%, 0,7l - rumicon.sk\",\"isPartOf\":{\"@id\":\"https:\/\/www.rumicon.sk\/hu\/#website\"},\"primaryImageOfPage\":{\"@id\":\"https:\/\/www.rumicon.sk\/hu\/produkt\/whisky-nikka-single-malt-yoichi-45-07l\/#primaryimage\"},\"image\":{\"@id\":\"https:\/\/www.rumicon.sk\/hu\/produkt\/whisky-nikka-single-malt-yoichi-45-07l\/#primaryimage\"},\"thumbnailUrl\":\"https:\/\/www.rumicon.sk\/wp-content\/uploads\/4969f3dae41519cd6d683fed0cb796d7-mmf400x400.jpg\",\"datePublished\":\"2023-10-03T09:49:36+00:00\",\"dateModified\":\"2025-08-14T09:45:16+00:00\",\"breadcrumb\":{\"@id\":\"https:\/\/www.rumicon.sk\/hu\/produkt\/whisky-nikka-single-malt-yoichi-45-07l\/#breadcrumb\"},\"inLanguage\":\"hu\",\"potentialAction\":[{\"@type\":\"ReadAction\",\"target\":[\"https:\/\/www.rumicon.sk\/hu\/produkt\/whisky-nikka-single-malt-yoichi-45-07l\/\"]}]},{\"@type\":\"ImageObject\",\"inLanguage\":\"hu\",\"@id\":\"https:\/\/www.rumicon.sk\/hu\/produkt\/whisky-nikka-single-malt-yoichi-45-07l\/#primaryimage\",\"url\":\"https:\/\/www.rumicon.sk\/wp-content\/uploads\/4969f3dae41519cd6d683fed0cb796d7-mmf400x400.jpg\",\"contentUrl\":\"https:\/\/www.rumicon.sk\/wp-content\/uploads\/4969f3dae41519cd6d683fed0cb796d7-mmf400x400.jpg\",\"width\":400,\"height\":400,\"caption\":\"Nikka Single Malt Yoichi 45%, 0,7l\"},{\"@type\":\"BreadcrumbList\",\"@id\":\"https:\/\/www.rumicon.sk\/hu\/produkt\/whisky-nikka-single-malt-yoichi-45-07l\/#breadcrumb\",\"itemListElement\":[{\"@type\":\"ListItem\",\"position\":1,\"name\":\"Home\",\"item\":\"https:\/\/www.rumicon.sk\/hu\/home\/\"},{\"@type\":\"ListItem\",\"position\":2,\"name\":\"Web\u00e1ruh\u00e1z\",\"item\":\"https:\/\/www.rumicon.sk\/hu\/webaruhaz\/\"},{\"@type\":\"ListItem\",\"position\":3,\"name\":\"Whisky Nikka Single Malt Yoichi 45%, 0,7l\"}]},{\"@type\":\"WebSite\",\"@id\":\"https:\/\/www.rumicon.sk\/hu\/#website\",\"url\":\"https:\/\/www.rumicon.sk\/hu\/\",\"name\":\"rumicon.sk\",\"description\":\"\",\"publisher\":{\"@id\":\"https:\/\/www.rumicon.sk\/hu\/#organization\"},\"potentialAction\":[{\"@type\":\"SearchAction\",\"target\":{\"@type\":\"EntryPoint\",\"urlTemplate\":\"https:\/\/www.rumicon.sk\/hu\/?s={search_term_string}\"},\"query-input\":{\"@type\":\"PropertyValueSpecification\",\"valueRequired\":true,\"valueName\":\"search_term_string\"}}],\"inLanguage\":\"hu\"},{\"@type\":\"Organization\",\"@id\":\"https:\/\/www.rumicon.sk\/hu\/#organization\",\"name\":\"rumicon.sk\",\"url\":\"https:\/\/www.rumicon.sk\/hu\/\",\"logo\":{\"@type\":\"ImageObject\",\"inLanguage\":\"hu\",\"@id\":\"https:\/\/www.rumicon.sk\/hu\/#\/schema\/logo\/image\/\",\"url\":\"https:\/\/www.rumicon.sk\/wp-content\/uploads\/logo-rumicon-bcs-color.png\",\"contentUrl\":\"https:\/\/www.rumicon.sk\/wp-content\/uploads\/logo-rumicon-bcs-color.png\",\"width\":827,\"height\":278,\"caption\":\"rumicon.sk\"},\"image\":{\"@id\":\"https:\/\/www.rumicon.sk\/hu\/#\/schema\/logo\/image\/\"},\"sameAs\":[\"https:\/\/www.facebook.com\/people\/Rumicon-Bottle-Cigar-Shop\/100087110283303\/\",\"https:\/\/www.instagram.com\/rumicon_bottle_cigar_shop\/\",\"https:\/\/www.tiktok.com\/@rumicon2022\"]}]}<\/script>\n<!-- \/ Yoast SEO plugin. -->","yoast_head_json":{"title":"Whisky Nikka Single Malt Yoichi 45%, 0,7l - rumicon.sk","robots":{"index":"index","follow":"follow","max-snippet":"max-snippet:-1","max-image-preview":"max-image-preview:large","max-video-preview":"max-video-preview:-1"},"canonical":"https:\/\/www.rumicon.sk\/hu\/produkt\/whisky-nikka-single-malt-yoichi-45-07l\/","og_locale":"hu_HU","og_type":"article","og_title":"Whisky Nikka Single Malt Yoichi 45%, 0,7l - rumicon.sk","og_description":"Illat: testes \u00e9s finom. Az elej\u00e9n t\u0151zeg, f\u00fcst, korom \u00e9s s\u00f3s jegyek jelennek meg. Ezek fokozatosan fejl\u0151dnek a kand\u00edrozott citrusf\u00e9l\u00e9k &#8211; citrom \u00e9s narancs &#8211; fel\u00e9. Ezt k\u00f6veti az \u00e9desgy\u00f6k\u00e9r, a szerecsendi\u00f3 \u00e9s a gy\u00f6mb\u00e9r. Az \u00edrisz \u00e9s a szegf\u0171 vir\u00e1gos jegyei is kiemelked\u0151ek. \u00cdz: szil\u00e1rd \u00e9s er\u0151s. Az els\u0151 t\u00e1mad\u00e1s az illathoz hasonl\u00f3an a [...]","og_url":"https:\/\/www.rumicon.sk\/hu\/produkt\/whisky-nikka-single-malt-yoichi-45-07l\/","og_site_name":"rumicon.sk","article_publisher":"https:\/\/www.facebook.com\/people\/Rumicon-Bottle-Cigar-Shop\/100087110283303\/","article_modified_time":"2025-08-14T09:45:16+00:00","og_image":[{"width":400,"height":400,"url":"https:\/\/www.rumicon.sk\/wp-content\/uploads\/4969f3dae41519cd6d683fed0cb796d7-mmf400x400.jpg","type":"image\/jpeg"}],"twitter_card":"summary_large_image","twitter_misc":{"Becs\u00fclt olvas\u00e1si id\u0151":"1 perc"},"schema":{"@context":"https:\/\/schema.org","@graph":[{"@type":"WebPage","@id":"https:\/\/www.rumicon.sk\/hu\/produkt\/whisky-nikka-single-malt-yoichi-45-07l\/","url":"https:\/\/www.rumicon.sk\/hu\/produkt\/whisky-nikka-single-malt-yoichi-45-07l\/","name":"Whisky Nikka Single Malt Yoichi 45%, 0,7l - rumicon.sk","isPartOf":{"@id":"https:\/\/www.rumicon.sk\/hu\/#website"},"primaryImageOfPage":{"@id":"https:\/\/www.rumicon.sk\/hu\/produkt\/whisky-nikka-single-malt-yoichi-45-07l\/#primaryimage"},"image":{"@id":"https:\/\/www.rumicon.sk\/hu\/produkt\/whisky-nikka-single-malt-yoichi-45-07l\/#primaryimage"},"thumbnailUrl":"https:\/\/www.rumicon.sk\/wp-content\/uploads\/4969f3dae41519cd6d683fed0cb796d7-mmf400x400.jpg","datePublished":"2023-10-03T09:49:36+00:00","dateModified":"2025-08-14T09:45:16+00:00","breadcrumb":{"@id":"https:\/\/www.rumicon.sk\/hu\/produkt\/whisky-nikka-single-malt-yoichi-45-07l\/#breadcrumb"},"inLanguage":"hu","potentialAction":[{"@type":"ReadAction","target":["https:\/\/www.rumicon.sk\/hu\/produkt\/whisky-nikka-single-malt-yoichi-45-07l\/"]}]},{"@type":"ImageObject","inLanguage":"hu","@id":"https:\/\/www.rumicon.sk\/hu\/produkt\/whisky-nikka-single-malt-yoichi-45-07l\/#primaryimage","url":"https:\/\/www.rumicon.sk\/wp-content\/uploads\/4969f3dae41519cd6d683fed0cb796d7-mmf400x400.jpg","contentUrl":"https:\/\/www.rumicon.sk\/wp-content\/uploads\/4969f3dae41519cd6d683fed0cb796d7-mmf400x400.jpg","width":400,"height":400,"caption":"Nikka Single Malt Yoichi 45%, 0,7l"},{"@type":"BreadcrumbList","@id":"https:\/\/www.rumicon.sk\/hu\/produkt\/whisky-nikka-single-malt-yoichi-45-07l\/#breadcrumb","itemListElement":[{"@type":"ListItem","position":1,"name":"Home","item":"https:\/\/www.rumicon.sk\/hu\/home\/"},{"@type":"ListItem","position":2,"name":"Web\u00e1ruh\u00e1z","item":"https:\/\/www.rumicon.sk\/hu\/webaruhaz\/"},{"@type":"ListItem","position":3,"name":"Whisky Nikka Single Malt Yoichi 45%, 0,7l"}]},{"@type":"WebSite","@id":"https:\/\/www.rumicon.sk\/hu\/#website","url":"https:\/\/www.rumicon.sk\/hu\/","name":"rumicon.sk","description":"","publisher":{"@id":"https:\/\/www.rumicon.sk\/hu\/#organization"},"potentialAction":[{"@type":"SearchAction","target":{"@type":"EntryPoint","urlTemplate":"https:\/\/www.rumicon.sk\/hu\/?s={search_term_string}"},"query-input":{"@type":"PropertyValueSpecification","valueRequired":true,"valueName":"search_term_string"}}],"inLanguage":"hu"},{"@type":"Organization","@id":"https:\/\/www.rumicon.sk\/hu\/#organization","name":"rumicon.sk","url":"https:\/\/www.rumicon.sk\/hu\/","logo":{"@type":"ImageObject","inLanguage":"hu","@id":"https:\/\/www.rumicon.sk\/hu\/#\/schema\/logo\/image\/","url":"https:\/\/www.rumicon.sk\/wp-content\/uploads\/logo-rumicon-bcs-color.png","contentUrl":"https:\/\/www.rumicon.sk\/wp-content\/uploads\/logo-rumicon-bcs-color.png","width":827,"height":278,"caption":"rumicon.sk"},"image":{"@id":"https:\/\/www.rumicon.sk\/hu\/#\/schema\/logo\/image\/"},"sameAs":["https:\/\/www.facebook.com\/people\/Rumicon-Bottle-Cigar-Shop\/100087110283303\/","https:\/\/www.instagram.com\/rumicon_bottle_cigar_shop\/","https:\/\/www.tiktok.com\/@rumicon2022"]}]}},"_links":{"self":[{"href":"https:\/\/www.rumicon.sk\/hu\/wp-json\/wp\/v2\/product\/5980","targetHints":{"allow":["GET"]}}],"collection":[{"href":"https:\/\/www.rumicon.sk\/hu\/wp-json\/wp\/v2\/product"}],"about":[{"href":"https:\/\/www.rumicon.sk\/hu\/wp-json\/wp\/v2\/types\/product"}],"replies":[{"embeddable":true,"href":"https:\/\/www.rumicon.sk\/hu\/wp-json\/wp\/v2\/comments?post=5980"}],"wp:featuredmedia":[{"embeddable":true,"href":"https:\/\/www.rumicon.sk\/hu\/wp-json\/wp\/v2\/media\/5982"}],"wp:attachment":[{"href":"https:\/\/www.rumicon.sk\/hu\/wp-json\/wp\/v2\/media?parent=5980"}],"wp:term":[{"taxonomy":"product_brand","embeddable":true,"href":"https:\/\/www.rumicon.sk\/hu\/wp-json\/wp\/v2\/product_brand?post=5980"},{"taxonomy":"product_cat","embeddable":true,"href":"https:\/\/www.rumicon.sk\/hu\/wp-json\/wp\/v2\/product_cat?post=5980"},{"taxonomy":"product_tag","embeddable":true,"href":"https:\/\/www.rumicon.sk\/hu\/wp-json\/wp\/v2\/product_tag?post=5980"}],"curies":[{"name":"wp","href":"https:\/\/api.w.org\/{rel}","templated":true}]}}