{"id":5974,"date":"2023-10-04T12:35:58","date_gmt":"2023-10-04T10:35:58","guid":{"rendered":"https:\/\/www.rumicon.sk\/produkt\/24-nap-rum-2023-425-048l\/"},"modified":"2025-12-08T17:45:48","modified_gmt":"2025-12-08T16:45:48","slug":"24-nap-rum-2023-425-048l","status":"publish","type":"product","link":"https:\/\/www.rumicon.sk\/hu\/produkt\/24-nap-rum-2023-425-048l\/","title":{"rendered":"24 nap rum (2023) 42,5% 0,48l"},"content":{"rendered":"<p>Adventi rum napt\u00e1r a <strong>24 Days of Rumt\u00f3l<\/strong> <strong>2023-ra<\/strong>, 26 ablakkal. Az els\u0151 ablakok m\u00f6g\u00f6tt <strong>2x<\/strong> <strong>k\u00f3stol\u00f3poharat<\/strong> tal\u00e1lsz, az <strong>1-24<\/strong> felirat\u00fa ablakok m\u00f6g\u00f6tt pedig egy-egy <strong>20 ml-es<\/strong> miniat\u0171r \u00fcveggel az adott napra kiv\u00e1lasztott rumb\u00f3l. Szenteste el\u0151tt minden nap egy \u00faj rumot k\u00f3stolhatsz meg. A miniat\u0171r palackon a gy\u00e1rt\u00f3 speci\u00e1lisan tervezett c\u00edmk\u00e9je tal\u00e1lhat\u00f3, amelyen szerepel a rum neve, az alc. \u00e9s a rum sz\u00e1rmaz\u00e1si orsz\u00e1g\u00e1t. Higgye el, hogy egy ilyen aj\u00e1nd\u00e9kkal minden rumrajong\u00f3t, de saj\u00e1t mag\u00e1t is meg\u00f6rvendeztetheti.     <\/p>\n<p>A napt\u00e1rral egy\u00fctt megkapja a saj\u00e1t <strong>k\u00f3stol\u00f3f\u00fczet\u00e9t<\/strong> is, amelybe be\u00edrhatja jegyzeteit \u00e9s \u00edzjellemz\u0151it.<\/p>\n<p><strong>A NAPT\u00c1R TARTALMAZZA:<\/strong><\/p>\n<p><strong>2x<\/strong> rum k\u00f3stol\u00f3 poh\u00e1r<\/p>\n<p><strong>2x<\/strong> k\u00f3stol\u00f3f\u00fczet<\/p>\n<p><strong>24x <\/strong>k\u00fcl\u00f6nb\u00f6z\u0151 rum miniat\u0171rje a vil\u00e1g 24 orsz\u00e1g\u00e1b\u00f3l<\/p>\n","protected":false},"excerpt":{"rendered":"<p>Adventi rum napt\u00e1r a 24 Days of Rumt\u00f3l 2023-ra, 26 ablakkal. Az els\u0151 ablakok m\u00f6g\u00f6tt 2x k\u00f3stol\u00f3poharat tal\u00e1lsz, az 1-24 felirat\u00fa ablakok m\u00f6g\u00f6tt pedig egy-egy 20 ml-es miniat\u0171r \u00fcveggel az adott napra kiv\u00e1lasztott rumb\u00f3l. Szenteste el\u0151tt minden nap egy \u00faj rumot k\u00f3stolhatsz meg. A miniat\u0171r palackon a gy\u00e1rt\u00f3 speci\u00e1lisan tervezett c\u00edmk\u00e9je tal\u00e1lhat\u00f3, amelyen szerepel a [&#8230;]\n","protected":false},"featured_media":5978,"comment_status":"closed","ping_status":"closed","template":"","meta":{"_acf_changed":false},"product_brand":[],"product_cat":[483],"product_tag":[711],"class_list":{"0":"post-5974","1":"product","2":"type-product","3":"status-publish","4":"has-post-thumbnail","6":"product_cat-rum-hu","7":"product_tag-24-days-of-rum-hu","8":"pa_druh-alkoholu-rum-hu","9":"pa_objem-24-x-002-l-hu","10":"pa_obsah-alkoholu-437-hu","11":"pa_znacka-24-days-of-rum","13":"first","14":"instock","15":"sale","16":"taxable","17":"shipping-taxable","18":"purchasable","19":"product-type-simple"},"acf":[],"yoast_head":"<!-- This site is optimized with the Yoast SEO plugin v27.0 - https:\/\/yoast.com\/product\/yoast-seo-wordpress\/ -->\n<title>24 nap rum (2023) 42,5% 0,48l - rumicon.sk<\/title>\n<meta name=\"robots\" content=\"index, follow, max-snippet:-1, max-image-preview:large, max-video-preview:-1\" \/>\n<link rel=\"canonical\" href=\"https:\/\/www.rumicon.sk\/hu\/produkt\/24-nap-rum-2023-425-048l\/\" \/>\n<meta property=\"og:locale\" content=\"hu_HU\" \/>\n<meta property=\"og:type\" content=\"article\" \/>\n<meta property=\"og:title\" content=\"24 nap rum (2023) 42,5% 0,48l - rumicon.sk\" \/>\n<meta property=\"og:description\" content=\"Adventi rum napt\u00e1r a 24 Days of Rumt\u00f3l 2023-ra, 26 ablakkal. Az els\u0151 ablakok m\u00f6g\u00f6tt 2x k\u00f3stol\u00f3poharat tal\u00e1lsz, az 1-24 felirat\u00fa ablakok m\u00f6g\u00f6tt pedig egy-egy 20 ml-es miniat\u0171r \u00fcveggel az adott napra kiv\u00e1lasztott rumb\u00f3l. Szenteste el\u0151tt minden nap egy \u00faj rumot k\u00f3stolhatsz meg. A miniat\u0171r palackon a gy\u00e1rt\u00f3 speci\u00e1lisan tervezett c\u00edmk\u00e9je tal\u00e1lhat\u00f3, amelyen szerepel a [...]\" \/>\n<meta property=\"og:url\" content=\"https:\/\/www.rumicon.sk\/hu\/produkt\/24-nap-rum-2023-425-048l\/\" \/>\n<meta property=\"og:site_name\" content=\"rumicon.sk\" \/>\n<meta property=\"article:publisher\" content=\"https:\/\/www.facebook.com\/people\/Rumicon-Bottle-Cigar-Shop\/100087110283303\/\" \/>\n<meta property=\"article:modified_time\" content=\"2025-12-08T16:45:48+00:00\" \/>\n<meta property=\"og:image\" content=\"https:\/\/www.rumicon.sk\/wp-content\/uploads\/calendrier-de-l-avent-du-rhum-24-days-of-rum-edition-2023.jpg\" \/>\n\t<meta property=\"og:image:width\" content=\"1000\" \/>\n\t<meta property=\"og:image:height\" content=\"1000\" \/>\n\t<meta property=\"og:image:type\" content=\"image\/jpeg\" \/>\n<meta name=\"twitter:card\" content=\"summary_large_image\" \/>\n<meta name=\"twitter:label1\" content=\"Becs\u00fclt olvas\u00e1si id\u0151\" \/>\n\t<meta name=\"twitter:data1\" content=\"1 perc\" \/>\n<script type=\"application\/ld+json\" class=\"yoast-schema-graph\">{\"@context\":\"https:\/\/schema.org\",\"@graph\":[{\"@type\":\"WebPage\",\"@id\":\"https:\/\/www.rumicon.sk\/hu\/produkt\/24-nap-rum-2023-425-048l\/\",\"url\":\"https:\/\/www.rumicon.sk\/hu\/produkt\/24-nap-rum-2023-425-048l\/\",\"name\":\"24 nap rum (2023) 42,5% 0,48l - rumicon.sk\",\"isPartOf\":{\"@id\":\"https:\/\/www.rumicon.sk\/hu\/#website\"},\"primaryImageOfPage\":{\"@id\":\"https:\/\/www.rumicon.sk\/hu\/produkt\/24-nap-rum-2023-425-048l\/#primaryimage\"},\"image\":{\"@id\":\"https:\/\/www.rumicon.sk\/hu\/produkt\/24-nap-rum-2023-425-048l\/#primaryimage\"},\"thumbnailUrl\":\"https:\/\/www.rumicon.sk\/wp-content\/uploads\/calendrier-de-l-avent-du-rhum-24-days-of-rum-edition-2023.jpg\",\"datePublished\":\"2023-10-04T10:35:58+00:00\",\"dateModified\":\"2025-12-08T16:45:48+00:00\",\"breadcrumb\":{\"@id\":\"https:\/\/www.rumicon.sk\/hu\/produkt\/24-nap-rum-2023-425-048l\/#breadcrumb\"},\"inLanguage\":\"hu\",\"potentialAction\":[{\"@type\":\"ReadAction\",\"target\":[\"https:\/\/www.rumicon.sk\/hu\/produkt\/24-nap-rum-2023-425-048l\/\"]}]},{\"@type\":\"ImageObject\",\"inLanguage\":\"hu\",\"@id\":\"https:\/\/www.rumicon.sk\/hu\/produkt\/24-nap-rum-2023-425-048l\/#primaryimage\",\"url\":\"https:\/\/www.rumicon.sk\/wp-content\/uploads\/calendrier-de-l-avent-du-rhum-24-days-of-rum-edition-2023.jpg\",\"contentUrl\":\"https:\/\/www.rumicon.sk\/wp-content\/uploads\/calendrier-de-l-avent-du-rhum-24-days-of-rum-edition-2023.jpg\",\"width\":1000,\"height\":1000,\"caption\":\"24 days of Rum\"},{\"@type\":\"BreadcrumbList\",\"@id\":\"https:\/\/www.rumicon.sk\/hu\/produkt\/24-nap-rum-2023-425-048l\/#breadcrumb\",\"itemListElement\":[{\"@type\":\"ListItem\",\"position\":1,\"name\":\"Home\",\"item\":\"https:\/\/www.rumicon.sk\/hu\/home\/\"},{\"@type\":\"ListItem\",\"position\":2,\"name\":\"Web\u00e1ruh\u00e1z\",\"item\":\"https:\/\/www.rumicon.sk\/hu\/webaruhaz\/\"},{\"@type\":\"ListItem\",\"position\":3,\"name\":\"24 nap rum (2023) 42,5% 0,48l\"}]},{\"@type\":\"WebSite\",\"@id\":\"https:\/\/www.rumicon.sk\/hu\/#website\",\"url\":\"https:\/\/www.rumicon.sk\/hu\/\",\"name\":\"rumicon.sk\",\"description\":\"\",\"publisher\":{\"@id\":\"https:\/\/www.rumicon.sk\/hu\/#organization\"},\"potentialAction\":[{\"@type\":\"SearchAction\",\"target\":{\"@type\":\"EntryPoint\",\"urlTemplate\":\"https:\/\/www.rumicon.sk\/hu\/?s={search_term_string}\"},\"query-input\":{\"@type\":\"PropertyValueSpecification\",\"valueRequired\":true,\"valueName\":\"search_term_string\"}}],\"inLanguage\":\"hu\"},{\"@type\":\"Organization\",\"@id\":\"https:\/\/www.rumicon.sk\/hu\/#organization\",\"name\":\"rumicon.sk\",\"url\":\"https:\/\/www.rumicon.sk\/hu\/\",\"logo\":{\"@type\":\"ImageObject\",\"inLanguage\":\"hu\",\"@id\":\"https:\/\/www.rumicon.sk\/hu\/#\/schema\/logo\/image\/\",\"url\":\"https:\/\/www.rumicon.sk\/wp-content\/uploads\/logo-rumicon-bcs-color.png\",\"contentUrl\":\"https:\/\/www.rumicon.sk\/wp-content\/uploads\/logo-rumicon-bcs-color.png\",\"width\":827,\"height\":278,\"caption\":\"rumicon.sk\"},\"image\":{\"@id\":\"https:\/\/www.rumicon.sk\/hu\/#\/schema\/logo\/image\/\"},\"sameAs\":[\"https:\/\/www.facebook.com\/people\/Rumicon-Bottle-Cigar-Shop\/100087110283303\/\",\"https:\/\/www.instagram.com\/rumicon_bottle_cigar_shop\/\",\"https:\/\/www.tiktok.com\/@rumicon2022\"]}]}<\/script>\n<!-- \/ Yoast SEO plugin. -->","yoast_head_json":{"title":"24 nap rum (2023) 42,5% 0,48l - rumicon.sk","robots":{"index":"index","follow":"follow","max-snippet":"max-snippet:-1","max-image-preview":"max-image-preview:large","max-video-preview":"max-video-preview:-1"},"canonical":"https:\/\/www.rumicon.sk\/hu\/produkt\/24-nap-rum-2023-425-048l\/","og_locale":"hu_HU","og_type":"article","og_title":"24 nap rum (2023) 42,5% 0,48l - rumicon.sk","og_description":"Adventi rum napt\u00e1r a 24 Days of Rumt\u00f3l 2023-ra, 26 ablakkal. Az els\u0151 ablakok m\u00f6g\u00f6tt 2x k\u00f3stol\u00f3poharat tal\u00e1lsz, az 1-24 felirat\u00fa ablakok m\u00f6g\u00f6tt pedig egy-egy 20 ml-es miniat\u0171r \u00fcveggel az adott napra kiv\u00e1lasztott rumb\u00f3l. Szenteste el\u0151tt minden nap egy \u00faj rumot k\u00f3stolhatsz meg. A miniat\u0171r palackon a gy\u00e1rt\u00f3 speci\u00e1lisan tervezett c\u00edmk\u00e9je tal\u00e1lhat\u00f3, amelyen szerepel a [...]","og_url":"https:\/\/www.rumicon.sk\/hu\/produkt\/24-nap-rum-2023-425-048l\/","og_site_name":"rumicon.sk","article_publisher":"https:\/\/www.facebook.com\/people\/Rumicon-Bottle-Cigar-Shop\/100087110283303\/","article_modified_time":"2025-12-08T16:45:48+00:00","og_image":[{"width":1000,"height":1000,"url":"https:\/\/www.rumicon.sk\/wp-content\/uploads\/calendrier-de-l-avent-du-rhum-24-days-of-rum-edition-2023.jpg","type":"image\/jpeg"}],"twitter_card":"summary_large_image","twitter_misc":{"Becs\u00fclt olvas\u00e1si id\u0151":"1 perc"},"schema":{"@context":"https:\/\/schema.org","@graph":[{"@type":"WebPage","@id":"https:\/\/www.rumicon.sk\/hu\/produkt\/24-nap-rum-2023-425-048l\/","url":"https:\/\/www.rumicon.sk\/hu\/produkt\/24-nap-rum-2023-425-048l\/","name":"24 nap rum (2023) 42,5% 0,48l - rumicon.sk","isPartOf":{"@id":"https:\/\/www.rumicon.sk\/hu\/#website"},"primaryImageOfPage":{"@id":"https:\/\/www.rumicon.sk\/hu\/produkt\/24-nap-rum-2023-425-048l\/#primaryimage"},"image":{"@id":"https:\/\/www.rumicon.sk\/hu\/produkt\/24-nap-rum-2023-425-048l\/#primaryimage"},"thumbnailUrl":"https:\/\/www.rumicon.sk\/wp-content\/uploads\/calendrier-de-l-avent-du-rhum-24-days-of-rum-edition-2023.jpg","datePublished":"2023-10-04T10:35:58+00:00","dateModified":"2025-12-08T16:45:48+00:00","breadcrumb":{"@id":"https:\/\/www.rumicon.sk\/hu\/produkt\/24-nap-rum-2023-425-048l\/#breadcrumb"},"inLanguage":"hu","potentialAction":[{"@type":"ReadAction","target":["https:\/\/www.rumicon.sk\/hu\/produkt\/24-nap-rum-2023-425-048l\/"]}]},{"@type":"ImageObject","inLanguage":"hu","@id":"https:\/\/www.rumicon.sk\/hu\/produkt\/24-nap-rum-2023-425-048l\/#primaryimage","url":"https:\/\/www.rumicon.sk\/wp-content\/uploads\/calendrier-de-l-avent-du-rhum-24-days-of-rum-edition-2023.jpg","contentUrl":"https:\/\/www.rumicon.sk\/wp-content\/uploads\/calendrier-de-l-avent-du-rhum-24-days-of-rum-edition-2023.jpg","width":1000,"height":1000,"caption":"24 days of Rum"},{"@type":"BreadcrumbList","@id":"https:\/\/www.rumicon.sk\/hu\/produkt\/24-nap-rum-2023-425-048l\/#breadcrumb","itemListElement":[{"@type":"ListItem","position":1,"name":"Home","item":"https:\/\/www.rumicon.sk\/hu\/home\/"},{"@type":"ListItem","position":2,"name":"Web\u00e1ruh\u00e1z","item":"https:\/\/www.rumicon.sk\/hu\/webaruhaz\/"},{"@type":"ListItem","position":3,"name":"24 nap rum (2023) 42,5% 0,48l"}]},{"@type":"WebSite","@id":"https:\/\/www.rumicon.sk\/hu\/#website","url":"https:\/\/www.rumicon.sk\/hu\/","name":"rumicon.sk","description":"","publisher":{"@id":"https:\/\/www.rumicon.sk\/hu\/#organization"},"potentialAction":[{"@type":"SearchAction","target":{"@type":"EntryPoint","urlTemplate":"https:\/\/www.rumicon.sk\/hu\/?s={search_term_string}"},"query-input":{"@type":"PropertyValueSpecification","valueRequired":true,"valueName":"search_term_string"}}],"inLanguage":"hu"},{"@type":"Organization","@id":"https:\/\/www.rumicon.sk\/hu\/#organization","name":"rumicon.sk","url":"https:\/\/www.rumicon.sk\/hu\/","logo":{"@type":"ImageObject","inLanguage":"hu","@id":"https:\/\/www.rumicon.sk\/hu\/#\/schema\/logo\/image\/","url":"https:\/\/www.rumicon.sk\/wp-content\/uploads\/logo-rumicon-bcs-color.png","contentUrl":"https:\/\/www.rumicon.sk\/wp-content\/uploads\/logo-rumicon-bcs-color.png","width":827,"height":278,"caption":"rumicon.sk"},"image":{"@id":"https:\/\/www.rumicon.sk\/hu\/#\/schema\/logo\/image\/"},"sameAs":["https:\/\/www.facebook.com\/people\/Rumicon-Bottle-Cigar-Shop\/100087110283303\/","https:\/\/www.instagram.com\/rumicon_bottle_cigar_shop\/","https:\/\/www.tiktok.com\/@rumicon2022"]}]}},"_links":{"self":[{"href":"https:\/\/www.rumicon.sk\/hu\/wp-json\/wp\/v2\/product\/5974","targetHints":{"allow":["GET"]}}],"collection":[{"href":"https:\/\/www.rumicon.sk\/hu\/wp-json\/wp\/v2\/product"}],"about":[{"href":"https:\/\/www.rumicon.sk\/hu\/wp-json\/wp\/v2\/types\/product"}],"replies":[{"embeddable":true,"href":"https:\/\/www.rumicon.sk\/hu\/wp-json\/wp\/v2\/comments?post=5974"}],"wp:featuredmedia":[{"embeddable":true,"href":"https:\/\/www.rumicon.sk\/hu\/wp-json\/wp\/v2\/media\/5978"}],"wp:attachment":[{"href":"https:\/\/www.rumicon.sk\/hu\/wp-json\/wp\/v2\/media?parent=5974"}],"wp:term":[{"taxonomy":"product_brand","embeddable":true,"href":"https:\/\/www.rumicon.sk\/hu\/wp-json\/wp\/v2\/product_brand?post=5974"},{"taxonomy":"product_cat","embeddable":true,"href":"https:\/\/www.rumicon.sk\/hu\/wp-json\/wp\/v2\/product_cat?post=5974"},{"taxonomy":"product_tag","embeddable":true,"href":"https:\/\/www.rumicon.sk\/hu\/wp-json\/wp\/v2\/product_tag?post=5974"}],"curies":[{"name":"wp","href":"https:\/\/api.w.org\/{rel}","templated":true}]}}