{"id":5962,"date":"2023-11-23T16:24:08","date_gmt":"2023-11-23T15:24:08","guid":{"rendered":"https:\/\/www.rumicon.sk\/produkt\/marco-conati-igt-veneto-rosso-di-marco-an-2015-075-l-145\/"},"modified":"2025-08-14T11:47:43","modified_gmt":"2025-08-14T09:47:43","slug":"marco-conati-igt-veneto-rosso-di-marco-an-2015-075-l-145","status":"publish","type":"product","link":"https:\/\/www.rumicon.sk\/hu\/produkt\/marco-conati-igt-veneto-rosso-di-marco-an-2015-075-l-145\/","title":{"rendered":"Marco Conati IGT Veneto Rosso di Marco an...."},"content":{"rendered":"<p>Sz\u0151l\u0151fajt\u00e1k: Corvina, Corvinone, Rondinella 40%, Merlot 30%, Teroldego 15%, Oseleta 10%, Croatina 5%.<\/p>\n<p>Le\u00edr\u00e1s : Ez a v\u00f6r\u00f6sbor az \u0151shonos borok \u00e9s a nemzetk\u00f6zi h\u00e1zas\u00edt\u00e1sok kombin\u00e1ci\u00f3j\u00e1nak \u00f6tlet\u00e9b\u0151l sz\u00fcletett, ami egy eleg\u00e1ns \u00e9s kiv\u00e1l\u00f3 min\u0151s\u00e9g\u0171 bort eredm\u00e9nyez.<\/p>\n<p>K\u00f3stol\u00e1si megjegyz\u00e9s: A Rosso di Marco di Conati rubinv\u00f6r\u00f6s, lil\u00e1ba hajl\u00f3 sz\u00edn\u0171. Illata enyh\u00e9n f\u0171szeres, piros gy\u00fcm\u00f6lcs\u00f6k, ribizli \u00e9s szeder jegyeivel. \u00cdz\u00e9ben s\u0171r\u0171, intenz\u00edv, de finom tanninokkal \u00e9s doh\u00e1nyra \u00e9s \u00e9desgy\u00f6k\u00e9rre eml\u00e9keztet\u0151, tart\u00f3s lecseng\u00e9ssel.  <\/p>\n","protected":false},"excerpt":{"rendered":"<p>Sz\u0151l\u0151fajt\u00e1k: Corvina, Corvinone, Rondinella 40%, Merlot 30%, Teroldego 15%, Oseleta 10%, Croatina 5%. Le\u00edr\u00e1s : Ez a v\u00f6r\u00f6sbor az \u0151shonos borok \u00e9s a nemzetk\u00f6zi h\u00e1zas\u00edt\u00e1sok kombin\u00e1ci\u00f3j\u00e1nak \u00f6tlet\u00e9b\u0151l sz\u00fcletett, ami egy eleg\u00e1ns \u00e9s kiv\u00e1l\u00f3 min\u0151s\u00e9g\u0171 bort eredm\u00e9nyez. K\u00f3stol\u00e1si megjegyz\u00e9s: A Rosso di Marco di Conati rubinv\u00f6r\u00f6s, lil\u00e1ba hajl\u00f3 sz\u00edn\u0171. Illata enyh\u00e9n f\u0171szeres, piros gy\u00fcm\u00f6lcs\u00f6k, ribizli \u00e9s [&#8230;]\n","protected":false},"featured_media":5964,"comment_status":"closed","ping_status":"closed","template":"","meta":{"_acf_changed":false},"product_brand":[],"product_cat":[528,546],"product_tag":[],"class_list":{"0":"post-5962","1":"product","2":"type-product","3":"status-publish","4":"has-post-thumbnail","6":"product_cat-bor","7":"product_cat-vorosbor","9":"first","10":"instock","11":"taxable","12":"shipping-taxable","13":"purchasable","14":"product-type-simple"},"acf":[],"yoast_head":"<!-- This site is optimized with the Yoast SEO plugin v27.0 - https:\/\/yoast.com\/product\/yoast-seo-wordpress\/ -->\n<title>Marco Conati IGT Veneto Rosso di Marco an. 2015 0,75 l 14,5% - rumicon.sk<\/title>\n<meta name=\"robots\" content=\"index, follow, max-snippet:-1, max-image-preview:large, max-video-preview:-1\" \/>\n<link rel=\"canonical\" href=\"https:\/\/www.rumicon.sk\/hu\/produkt\/marco-conati-igt-veneto-rosso-di-marco-an-2015-075-l-145\/\" \/>\n<meta property=\"og:locale\" content=\"hu_HU\" \/>\n<meta property=\"og:type\" content=\"article\" \/>\n<meta property=\"og:title\" content=\"Marco Conati IGT Veneto Rosso di Marco an. 2015 0,75 l 14,5% - rumicon.sk\" \/>\n<meta property=\"og:description\" content=\"Sz\u0151l\u0151fajt\u00e1k: Corvina, Corvinone, Rondinella 40%, Merlot 30%, Teroldego 15%, Oseleta 10%, Croatina 5%. Le\u00edr\u00e1s : Ez a v\u00f6r\u00f6sbor az \u0151shonos borok \u00e9s a nemzetk\u00f6zi h\u00e1zas\u00edt\u00e1sok kombin\u00e1ci\u00f3j\u00e1nak \u00f6tlet\u00e9b\u0151l sz\u00fcletett, ami egy eleg\u00e1ns \u00e9s kiv\u00e1l\u00f3 min\u0151s\u00e9g\u0171 bort eredm\u00e9nyez. K\u00f3stol\u00e1si megjegyz\u00e9s: A Rosso di Marco di Conati rubinv\u00f6r\u00f6s, lil\u00e1ba hajl\u00f3 sz\u00edn\u0171. Illata enyh\u00e9n f\u0171szeres, piros gy\u00fcm\u00f6lcs\u00f6k, ribizli \u00e9s [...]\" \/>\n<meta property=\"og:url\" content=\"https:\/\/www.rumicon.sk\/hu\/produkt\/marco-conati-igt-veneto-rosso-di-marco-an-2015-075-l-145\/\" \/>\n<meta property=\"og:site_name\" content=\"rumicon.sk\" \/>\n<meta property=\"article:publisher\" content=\"https:\/\/www.facebook.com\/people\/Rumicon-Bottle-Cigar-Shop\/100087110283303\/\" \/>\n<meta property=\"article:modified_time\" content=\"2025-08-14T09:47:43+00:00\" \/>\n<meta property=\"og:image\" content=\"https:\/\/www.rumicon.sk\/wp-content\/uploads\/IMG_1810.jpg\" \/>\n\t<meta property=\"og:image:width\" content=\"1600\" \/>\n\t<meta property=\"og:image:height\" content=\"1600\" \/>\n\t<meta property=\"og:image:type\" content=\"image\/jpeg\" \/>\n<meta name=\"twitter:card\" content=\"summary_large_image\" \/>\n<meta name=\"twitter:label1\" content=\"Becs\u00fclt olvas\u00e1si id\u0151\" \/>\n\t<meta name=\"twitter:data1\" content=\"1 perc\" \/>\n<script type=\"application\/ld+json\" class=\"yoast-schema-graph\">{\"@context\":\"https:\/\/schema.org\",\"@graph\":[{\"@type\":\"WebPage\",\"@id\":\"https:\/\/www.rumicon.sk\/hu\/produkt\/marco-conati-igt-veneto-rosso-di-marco-an-2015-075-l-145\/\",\"url\":\"https:\/\/www.rumicon.sk\/hu\/produkt\/marco-conati-igt-veneto-rosso-di-marco-an-2015-075-l-145\/\",\"name\":\"Marco Conati IGT Veneto Rosso di Marco an. 2015 0,75 l 14,5% - rumicon.sk\",\"isPartOf\":{\"@id\":\"https:\/\/www.rumicon.sk\/hu\/#website\"},\"primaryImageOfPage\":{\"@id\":\"https:\/\/www.rumicon.sk\/hu\/produkt\/marco-conati-igt-veneto-rosso-di-marco-an-2015-075-l-145\/#primaryimage\"},\"image\":{\"@id\":\"https:\/\/www.rumicon.sk\/hu\/produkt\/marco-conati-igt-veneto-rosso-di-marco-an-2015-075-l-145\/#primaryimage\"},\"thumbnailUrl\":\"https:\/\/www.rumicon.sk\/wp-content\/uploads\/IMG_1810.jpg\",\"datePublished\":\"2023-11-23T15:24:08+00:00\",\"dateModified\":\"2025-08-14T09:47:43+00:00\",\"breadcrumb\":{\"@id\":\"https:\/\/www.rumicon.sk\/hu\/produkt\/marco-conati-igt-veneto-rosso-di-marco-an-2015-075-l-145\/#breadcrumb\"},\"inLanguage\":\"hu\",\"potentialAction\":[{\"@type\":\"ReadAction\",\"target\":[\"https:\/\/www.rumicon.sk\/hu\/produkt\/marco-conati-igt-veneto-rosso-di-marco-an-2015-075-l-145\/\"]}]},{\"@type\":\"ImageObject\",\"inLanguage\":\"hu\",\"@id\":\"https:\/\/www.rumicon.sk\/hu\/produkt\/marco-conati-igt-veneto-rosso-di-marco-an-2015-075-l-145\/#primaryimage\",\"url\":\"https:\/\/www.rumicon.sk\/wp-content\/uploads\/IMG_1810.jpg\",\"contentUrl\":\"https:\/\/www.rumicon.sk\/wp-content\/uploads\/IMG_1810.jpg\",\"width\":1600,\"height\":1600},{\"@type\":\"BreadcrumbList\",\"@id\":\"https:\/\/www.rumicon.sk\/hu\/produkt\/marco-conati-igt-veneto-rosso-di-marco-an-2015-075-l-145\/#breadcrumb\",\"itemListElement\":[{\"@type\":\"ListItem\",\"position\":1,\"name\":\"Home\",\"item\":\"https:\/\/www.rumicon.sk\/hu\/home\/\"},{\"@type\":\"ListItem\",\"position\":2,\"name\":\"Web\u00e1ruh\u00e1z\",\"item\":\"https:\/\/www.rumicon.sk\/hu\/webaruhaz\/\"},{\"@type\":\"ListItem\",\"position\":3,\"name\":\"Marco Conati IGT Veneto Rosso di Marco an. 2015 0,75 l 14,5%\"}]},{\"@type\":\"WebSite\",\"@id\":\"https:\/\/www.rumicon.sk\/hu\/#website\",\"url\":\"https:\/\/www.rumicon.sk\/hu\/\",\"name\":\"rumicon.sk\",\"description\":\"\",\"publisher\":{\"@id\":\"https:\/\/www.rumicon.sk\/hu\/#organization\"},\"potentialAction\":[{\"@type\":\"SearchAction\",\"target\":{\"@type\":\"EntryPoint\",\"urlTemplate\":\"https:\/\/www.rumicon.sk\/hu\/?s={search_term_string}\"},\"query-input\":{\"@type\":\"PropertyValueSpecification\",\"valueRequired\":true,\"valueName\":\"search_term_string\"}}],\"inLanguage\":\"hu\"},{\"@type\":\"Organization\",\"@id\":\"https:\/\/www.rumicon.sk\/hu\/#organization\",\"name\":\"rumicon.sk\",\"url\":\"https:\/\/www.rumicon.sk\/hu\/\",\"logo\":{\"@type\":\"ImageObject\",\"inLanguage\":\"hu\",\"@id\":\"https:\/\/www.rumicon.sk\/hu\/#\/schema\/logo\/image\/\",\"url\":\"https:\/\/www.rumicon.sk\/wp-content\/uploads\/logo-rumicon-bcs-color.png\",\"contentUrl\":\"https:\/\/www.rumicon.sk\/wp-content\/uploads\/logo-rumicon-bcs-color.png\",\"width\":827,\"height\":278,\"caption\":\"rumicon.sk\"},\"image\":{\"@id\":\"https:\/\/www.rumicon.sk\/hu\/#\/schema\/logo\/image\/\"},\"sameAs\":[\"https:\/\/www.facebook.com\/people\/Rumicon-Bottle-Cigar-Shop\/100087110283303\/\",\"https:\/\/www.instagram.com\/rumicon_bottle_cigar_shop\/\",\"https:\/\/www.tiktok.com\/@rumicon2022\"]}]}<\/script>\n<!-- \/ Yoast SEO plugin. -->","yoast_head_json":{"title":"Marco Conati IGT Veneto Rosso di Marco an. 2015 0,75 l 14,5% - rumicon.sk","robots":{"index":"index","follow":"follow","max-snippet":"max-snippet:-1","max-image-preview":"max-image-preview:large","max-video-preview":"max-video-preview:-1"},"canonical":"https:\/\/www.rumicon.sk\/hu\/produkt\/marco-conati-igt-veneto-rosso-di-marco-an-2015-075-l-145\/","og_locale":"hu_HU","og_type":"article","og_title":"Marco Conati IGT Veneto Rosso di Marco an. 2015 0,75 l 14,5% - rumicon.sk","og_description":"Sz\u0151l\u0151fajt\u00e1k: Corvina, Corvinone, Rondinella 40%, Merlot 30%, Teroldego 15%, Oseleta 10%, Croatina 5%. Le\u00edr\u00e1s : Ez a v\u00f6r\u00f6sbor az \u0151shonos borok \u00e9s a nemzetk\u00f6zi h\u00e1zas\u00edt\u00e1sok kombin\u00e1ci\u00f3j\u00e1nak \u00f6tlet\u00e9b\u0151l sz\u00fcletett, ami egy eleg\u00e1ns \u00e9s kiv\u00e1l\u00f3 min\u0151s\u00e9g\u0171 bort eredm\u00e9nyez. K\u00f3stol\u00e1si megjegyz\u00e9s: A Rosso di Marco di Conati rubinv\u00f6r\u00f6s, lil\u00e1ba hajl\u00f3 sz\u00edn\u0171. Illata enyh\u00e9n f\u0171szeres, piros gy\u00fcm\u00f6lcs\u00f6k, ribizli \u00e9s [...]","og_url":"https:\/\/www.rumicon.sk\/hu\/produkt\/marco-conati-igt-veneto-rosso-di-marco-an-2015-075-l-145\/","og_site_name":"rumicon.sk","article_publisher":"https:\/\/www.facebook.com\/people\/Rumicon-Bottle-Cigar-Shop\/100087110283303\/","article_modified_time":"2025-08-14T09:47:43+00:00","og_image":[{"width":1600,"height":1600,"url":"https:\/\/www.rumicon.sk\/wp-content\/uploads\/IMG_1810.jpg","type":"image\/jpeg"}],"twitter_card":"summary_large_image","twitter_misc":{"Becs\u00fclt olvas\u00e1si id\u0151":"1 perc"},"schema":{"@context":"https:\/\/schema.org","@graph":[{"@type":"WebPage","@id":"https:\/\/www.rumicon.sk\/hu\/produkt\/marco-conati-igt-veneto-rosso-di-marco-an-2015-075-l-145\/","url":"https:\/\/www.rumicon.sk\/hu\/produkt\/marco-conati-igt-veneto-rosso-di-marco-an-2015-075-l-145\/","name":"Marco Conati IGT Veneto Rosso di Marco an. 2015 0,75 l 14,5% - rumicon.sk","isPartOf":{"@id":"https:\/\/www.rumicon.sk\/hu\/#website"},"primaryImageOfPage":{"@id":"https:\/\/www.rumicon.sk\/hu\/produkt\/marco-conati-igt-veneto-rosso-di-marco-an-2015-075-l-145\/#primaryimage"},"image":{"@id":"https:\/\/www.rumicon.sk\/hu\/produkt\/marco-conati-igt-veneto-rosso-di-marco-an-2015-075-l-145\/#primaryimage"},"thumbnailUrl":"https:\/\/www.rumicon.sk\/wp-content\/uploads\/IMG_1810.jpg","datePublished":"2023-11-23T15:24:08+00:00","dateModified":"2025-08-14T09:47:43+00:00","breadcrumb":{"@id":"https:\/\/www.rumicon.sk\/hu\/produkt\/marco-conati-igt-veneto-rosso-di-marco-an-2015-075-l-145\/#breadcrumb"},"inLanguage":"hu","potentialAction":[{"@type":"ReadAction","target":["https:\/\/www.rumicon.sk\/hu\/produkt\/marco-conati-igt-veneto-rosso-di-marco-an-2015-075-l-145\/"]}]},{"@type":"ImageObject","inLanguage":"hu","@id":"https:\/\/www.rumicon.sk\/hu\/produkt\/marco-conati-igt-veneto-rosso-di-marco-an-2015-075-l-145\/#primaryimage","url":"https:\/\/www.rumicon.sk\/wp-content\/uploads\/IMG_1810.jpg","contentUrl":"https:\/\/www.rumicon.sk\/wp-content\/uploads\/IMG_1810.jpg","width":1600,"height":1600},{"@type":"BreadcrumbList","@id":"https:\/\/www.rumicon.sk\/hu\/produkt\/marco-conati-igt-veneto-rosso-di-marco-an-2015-075-l-145\/#breadcrumb","itemListElement":[{"@type":"ListItem","position":1,"name":"Home","item":"https:\/\/www.rumicon.sk\/hu\/home\/"},{"@type":"ListItem","position":2,"name":"Web\u00e1ruh\u00e1z","item":"https:\/\/www.rumicon.sk\/hu\/webaruhaz\/"},{"@type":"ListItem","position":3,"name":"Marco Conati IGT Veneto Rosso di Marco an. 2015 0,75 l 14,5%"}]},{"@type":"WebSite","@id":"https:\/\/www.rumicon.sk\/hu\/#website","url":"https:\/\/www.rumicon.sk\/hu\/","name":"rumicon.sk","description":"","publisher":{"@id":"https:\/\/www.rumicon.sk\/hu\/#organization"},"potentialAction":[{"@type":"SearchAction","target":{"@type":"EntryPoint","urlTemplate":"https:\/\/www.rumicon.sk\/hu\/?s={search_term_string}"},"query-input":{"@type":"PropertyValueSpecification","valueRequired":true,"valueName":"search_term_string"}}],"inLanguage":"hu"},{"@type":"Organization","@id":"https:\/\/www.rumicon.sk\/hu\/#organization","name":"rumicon.sk","url":"https:\/\/www.rumicon.sk\/hu\/","logo":{"@type":"ImageObject","inLanguage":"hu","@id":"https:\/\/www.rumicon.sk\/hu\/#\/schema\/logo\/image\/","url":"https:\/\/www.rumicon.sk\/wp-content\/uploads\/logo-rumicon-bcs-color.png","contentUrl":"https:\/\/www.rumicon.sk\/wp-content\/uploads\/logo-rumicon-bcs-color.png","width":827,"height":278,"caption":"rumicon.sk"},"image":{"@id":"https:\/\/www.rumicon.sk\/hu\/#\/schema\/logo\/image\/"},"sameAs":["https:\/\/www.facebook.com\/people\/Rumicon-Bottle-Cigar-Shop\/100087110283303\/","https:\/\/www.instagram.com\/rumicon_bottle_cigar_shop\/","https:\/\/www.tiktok.com\/@rumicon2022"]}]}},"_links":{"self":[{"href":"https:\/\/www.rumicon.sk\/hu\/wp-json\/wp\/v2\/product\/5962","targetHints":{"allow":["GET"]}}],"collection":[{"href":"https:\/\/www.rumicon.sk\/hu\/wp-json\/wp\/v2\/product"}],"about":[{"href":"https:\/\/www.rumicon.sk\/hu\/wp-json\/wp\/v2\/types\/product"}],"replies":[{"embeddable":true,"href":"https:\/\/www.rumicon.sk\/hu\/wp-json\/wp\/v2\/comments?post=5962"}],"wp:featuredmedia":[{"embeddable":true,"href":"https:\/\/www.rumicon.sk\/hu\/wp-json\/wp\/v2\/media\/5964"}],"wp:attachment":[{"href":"https:\/\/www.rumicon.sk\/hu\/wp-json\/wp\/v2\/media?parent=5962"}],"wp:term":[{"taxonomy":"product_brand","embeddable":true,"href":"https:\/\/www.rumicon.sk\/hu\/wp-json\/wp\/v2\/product_brand?post=5962"},{"taxonomy":"product_cat","embeddable":true,"href":"https:\/\/www.rumicon.sk\/hu\/wp-json\/wp\/v2\/product_cat?post=5962"},{"taxonomy":"product_tag","embeddable":true,"href":"https:\/\/www.rumicon.sk\/hu\/wp-json\/wp\/v2\/product_tag?post=5962"}],"curies":[{"name":"wp","href":"https:\/\/api.w.org\/{rel}","templated":true}]}}