{"id":5904,"date":"2023-12-07T12:41:29","date_gmt":"2023-12-07T11:41:29","guid":{"rendered":"https:\/\/www.rumicon.sk\/produkt\/gin-cubical-kiss-07l-375\/"},"modified":"2025-08-14T11:48:05","modified_gmt":"2025-08-14T09:48:05","slug":"gin-cubical-kiss-07l-375","status":"publish","type":"product","link":"https:\/\/www.rumicon.sk\/hu\/produkt\/gin-cubical-kiss-07l-375\/","title":{"rendered":"Gin Cubical Kiss 0,7l 37,5%"},"content":{"rendered":"<p>Egy kiv\u00e1l\u00f3, de mindenekel\u0151tt rendk\u00edv\u00fcl j\u00f3 min\u0151s\u00e9g\u0171 spanyol gin <strong>, a Cubical Kiss,<\/strong> amelyet a <strong>Langley&#8217;s<\/strong> lep\u00e1rl\u00f3\u00fczemben p\u00e1rolnak <strong>.<\/strong><\/p>\n<p>A f\u0151 \u00f6sszetev\u0151 a <strong>Buddha keze<\/strong> (egy arom\u00e1s \u00e1zsiai citrusf\u00e9le), a t\u00f6bbi \u00f6sszetev\u0151 pedig bor\u00f3ka, koriander, angyalgy\u00f6k\u00e9r, narancsh\u00e9j, \u00edrisz, \u00e9desgy\u00f6k\u00e9r, kasszia \u00e9s mandula. Epret, m\u00e1ln\u00e1t \u00e9s \u00e1fony\u00e1t is haszn\u00e1lnak, ami sz\u00e9p sz\u00ednt \u00e9s enyh\u00e9n gy\u00fcm\u00f6lcs\u00f6s arom\u00e1t k\u00f6lcs\u00f6n\u00f6z ennek a ginnek. <\/p>\n<p>A gin egy kocka alak\u00fa diz\u00e1jnos \u00fcvegben ker\u00fcl forgalomba. Aj\u00e1nlott kokt\u00e9lokban vagy kiss\u00e9 leh\u0171tve t\u00e1lalni. <\/p>\n<p><strong>Sz\u00edn: <\/strong>halv\u00e1ny r\u00f3zsasz\u00edn<br \/>\n<strong>Illat:<\/strong> er\u0151s, eper, m\u00e1lna, piros gy\u00fcm\u00f6lcs\u00f6k, citrusok<br \/>\n<strong>\u00cdz:<\/strong> k\u00f6nny\u0171, sz\u00e1raz, finom, gy\u00f3gyn\u00f6v\u00e9nyek, gy\u00fcm\u00f6lcs\u00f6k, bor\u00f3ka<br \/>\n<strong>Finish:<\/strong> k\u00f6z\u00e9phossz\u00fa, enyh\u00e9n f\u0171szeres, eper, m\u00e1lna<\/p>\n","protected":false},"excerpt":{"rendered":"<p>Egy kiv\u00e1l\u00f3, de mindenekel\u0151tt rendk\u00edv\u00fcl j\u00f3 min\u0151s\u00e9g\u0171 spanyol gin , a Cubical Kiss, amelyet a Langley&#8217;s lep\u00e1rl\u00f3\u00fczemben p\u00e1rolnak . A f\u0151 \u00f6sszetev\u0151 a Buddha keze (egy arom\u00e1s \u00e1zsiai citrusf\u00e9le), a t\u00f6bbi \u00f6sszetev\u0151 pedig bor\u00f3ka, koriander, angyalgy\u00f6k\u00e9r, narancsh\u00e9j, \u00edrisz, \u00e9desgy\u00f6k\u00e9r, kasszia \u00e9s mandula. Epret, m\u00e1ln\u00e1t \u00e9s \u00e1fony\u00e1t is haszn\u00e1lnak, ami sz\u00e9p sz\u00ednt \u00e9s enyh\u00e9n gy\u00fcm\u00f6lcs\u00f6s arom\u00e1t [&#8230;]\n","protected":false},"featured_media":5906,"comment_status":"closed","ping_status":"closed","template":"","meta":{"_acf_changed":false},"product_brand":[],"product_cat":[598,617,621],"product_tag":[],"class_list":{"0":"post-5904","1":"product","2":"type-product","3":"status-publish","4":"has-post-thumbnail","6":"product_cat-gin-hu","7":"product_cat-izesitett-gin","8":"product_cat-pink-gin-hu","9":"pa_krajina-povodu-spanyolorszag","11":"first","12":"outofstock","13":"taxable","14":"shipping-taxable","15":"purchasable","16":"product-type-simple"},"acf":[],"yoast_head":"<!-- This site is optimized with the Yoast SEO plugin v27.0 - https:\/\/yoast.com\/product\/yoast-seo-wordpress\/ -->\n<title>Gin Cubical Kiss 0,7l 37,5% - rumicon.sk<\/title>\n<meta name=\"robots\" content=\"index, follow, max-snippet:-1, max-image-preview:large, max-video-preview:-1\" \/>\n<link rel=\"canonical\" href=\"https:\/\/www.rumicon.sk\/hu\/produkt\/gin-cubical-kiss-07l-375\/\" \/>\n<meta property=\"og:locale\" content=\"hu_HU\" \/>\n<meta property=\"og:type\" content=\"article\" \/>\n<meta property=\"og:title\" content=\"Gin Cubical Kiss 0,7l 37,5% - rumicon.sk\" \/>\n<meta property=\"og:description\" content=\"Egy kiv\u00e1l\u00f3, de mindenekel\u0151tt rendk\u00edv\u00fcl j\u00f3 min\u0151s\u00e9g\u0171 spanyol gin , a Cubical Kiss, amelyet a Langley&#8217;s lep\u00e1rl\u00f3\u00fczemben p\u00e1rolnak . A f\u0151 \u00f6sszetev\u0151 a Buddha keze (egy arom\u00e1s \u00e1zsiai citrusf\u00e9le), a t\u00f6bbi \u00f6sszetev\u0151 pedig bor\u00f3ka, koriander, angyalgy\u00f6k\u00e9r, narancsh\u00e9j, \u00edrisz, \u00e9desgy\u00f6k\u00e9r, kasszia \u00e9s mandula. Epret, m\u00e1ln\u00e1t \u00e9s \u00e1fony\u00e1t is haszn\u00e1lnak, ami sz\u00e9p sz\u00ednt \u00e9s enyh\u00e9n gy\u00fcm\u00f6lcs\u00f6s arom\u00e1t [...]\" \/>\n<meta property=\"og:url\" content=\"https:\/\/www.rumicon.sk\/hu\/produkt\/gin-cubical-kiss-07l-375\/\" \/>\n<meta property=\"og:site_name\" content=\"rumicon.sk\" \/>\n<meta property=\"article:publisher\" content=\"https:\/\/www.facebook.com\/people\/Rumicon-Bottle-Cigar-Shop\/100087110283303\/\" \/>\n<meta property=\"article:modified_time\" content=\"2025-08-14T09:48:05+00:00\" \/>\n<meta property=\"og:image\" content=\"https:\/\/www.rumicon.sk\/wp-content\/uploads\/Cubical-Kiss-Pink-Gin-700ml-600x600-1.jpg\" \/>\n\t<meta property=\"og:image:width\" content=\"600\" \/>\n\t<meta property=\"og:image:height\" content=\"600\" \/>\n\t<meta property=\"og:image:type\" content=\"image\/jpeg\" \/>\n<meta name=\"twitter:card\" content=\"summary_large_image\" \/>\n<meta name=\"twitter:label1\" content=\"Becs\u00fclt olvas\u00e1si id\u0151\" \/>\n\t<meta name=\"twitter:data1\" content=\"1 perc\" \/>\n<script type=\"application\/ld+json\" class=\"yoast-schema-graph\">{\"@context\":\"https:\/\/schema.org\",\"@graph\":[{\"@type\":\"WebPage\",\"@id\":\"https:\/\/www.rumicon.sk\/hu\/produkt\/gin-cubical-kiss-07l-375\/\",\"url\":\"https:\/\/www.rumicon.sk\/hu\/produkt\/gin-cubical-kiss-07l-375\/\",\"name\":\"Gin Cubical Kiss 0,7l 37,5% - rumicon.sk\",\"isPartOf\":{\"@id\":\"https:\/\/www.rumicon.sk\/hu\/#website\"},\"primaryImageOfPage\":{\"@id\":\"https:\/\/www.rumicon.sk\/hu\/produkt\/gin-cubical-kiss-07l-375\/#primaryimage\"},\"image\":{\"@id\":\"https:\/\/www.rumicon.sk\/hu\/produkt\/gin-cubical-kiss-07l-375\/#primaryimage\"},\"thumbnailUrl\":\"https:\/\/www.rumicon.sk\/wp-content\/uploads\/Cubical-Kiss-Pink-Gin-700ml-600x600-1.jpg\",\"datePublished\":\"2023-12-07T11:41:29+00:00\",\"dateModified\":\"2025-08-14T09:48:05+00:00\",\"breadcrumb\":{\"@id\":\"https:\/\/www.rumicon.sk\/hu\/produkt\/gin-cubical-kiss-07l-375\/#breadcrumb\"},\"inLanguage\":\"hu\",\"potentialAction\":[{\"@type\":\"ReadAction\",\"target\":[\"https:\/\/www.rumicon.sk\/hu\/produkt\/gin-cubical-kiss-07l-375\/\"]}]},{\"@type\":\"ImageObject\",\"inLanguage\":\"hu\",\"@id\":\"https:\/\/www.rumicon.sk\/hu\/produkt\/gin-cubical-kiss-07l-375\/#primaryimage\",\"url\":\"https:\/\/www.rumicon.sk\/wp-content\/uploads\/Cubical-Kiss-Pink-Gin-700ml-600x600-1.jpg\",\"contentUrl\":\"https:\/\/www.rumicon.sk\/wp-content\/uploads\/Cubical-Kiss-Pink-Gin-700ml-600x600-1.jpg\",\"width\":600,\"height\":600,\"caption\":\"Cubical Kiss Pink Gin\"},{\"@type\":\"BreadcrumbList\",\"@id\":\"https:\/\/www.rumicon.sk\/hu\/produkt\/gin-cubical-kiss-07l-375\/#breadcrumb\",\"itemListElement\":[{\"@type\":\"ListItem\",\"position\":1,\"name\":\"Home\",\"item\":\"https:\/\/www.rumicon.sk\/hu\/home\/\"},{\"@type\":\"ListItem\",\"position\":2,\"name\":\"Web\u00e1ruh\u00e1z\",\"item\":\"https:\/\/www.rumicon.sk\/hu\/webaruhaz\/\"},{\"@type\":\"ListItem\",\"position\":3,\"name\":\"Gin Cubical Kiss 0,7l 37,5%\"}]},{\"@type\":\"WebSite\",\"@id\":\"https:\/\/www.rumicon.sk\/hu\/#website\",\"url\":\"https:\/\/www.rumicon.sk\/hu\/\",\"name\":\"rumicon.sk\",\"description\":\"\",\"publisher\":{\"@id\":\"https:\/\/www.rumicon.sk\/hu\/#organization\"},\"potentialAction\":[{\"@type\":\"SearchAction\",\"target\":{\"@type\":\"EntryPoint\",\"urlTemplate\":\"https:\/\/www.rumicon.sk\/hu\/?s={search_term_string}\"},\"query-input\":{\"@type\":\"PropertyValueSpecification\",\"valueRequired\":true,\"valueName\":\"search_term_string\"}}],\"inLanguage\":\"hu\"},{\"@type\":\"Organization\",\"@id\":\"https:\/\/www.rumicon.sk\/hu\/#organization\",\"name\":\"rumicon.sk\",\"url\":\"https:\/\/www.rumicon.sk\/hu\/\",\"logo\":{\"@type\":\"ImageObject\",\"inLanguage\":\"hu\",\"@id\":\"https:\/\/www.rumicon.sk\/hu\/#\/schema\/logo\/image\/\",\"url\":\"https:\/\/www.rumicon.sk\/wp-content\/uploads\/logo-rumicon-bcs-color.png\",\"contentUrl\":\"https:\/\/www.rumicon.sk\/wp-content\/uploads\/logo-rumicon-bcs-color.png\",\"width\":827,\"height\":278,\"caption\":\"rumicon.sk\"},\"image\":{\"@id\":\"https:\/\/www.rumicon.sk\/hu\/#\/schema\/logo\/image\/\"},\"sameAs\":[\"https:\/\/www.facebook.com\/people\/Rumicon-Bottle-Cigar-Shop\/100087110283303\/\",\"https:\/\/www.instagram.com\/rumicon_bottle_cigar_shop\/\",\"https:\/\/www.tiktok.com\/@rumicon2022\"]}]}<\/script>\n<!-- \/ Yoast SEO plugin. -->","yoast_head_json":{"title":"Gin Cubical Kiss 0,7l 37,5% - rumicon.sk","robots":{"index":"index","follow":"follow","max-snippet":"max-snippet:-1","max-image-preview":"max-image-preview:large","max-video-preview":"max-video-preview:-1"},"canonical":"https:\/\/www.rumicon.sk\/hu\/produkt\/gin-cubical-kiss-07l-375\/","og_locale":"hu_HU","og_type":"article","og_title":"Gin Cubical Kiss 0,7l 37,5% - rumicon.sk","og_description":"Egy kiv\u00e1l\u00f3, de mindenekel\u0151tt rendk\u00edv\u00fcl j\u00f3 min\u0151s\u00e9g\u0171 spanyol gin , a Cubical Kiss, amelyet a Langley&#8217;s lep\u00e1rl\u00f3\u00fczemben p\u00e1rolnak . A f\u0151 \u00f6sszetev\u0151 a Buddha keze (egy arom\u00e1s \u00e1zsiai citrusf\u00e9le), a t\u00f6bbi \u00f6sszetev\u0151 pedig bor\u00f3ka, koriander, angyalgy\u00f6k\u00e9r, narancsh\u00e9j, \u00edrisz, \u00e9desgy\u00f6k\u00e9r, kasszia \u00e9s mandula. Epret, m\u00e1ln\u00e1t \u00e9s \u00e1fony\u00e1t is haszn\u00e1lnak, ami sz\u00e9p sz\u00ednt \u00e9s enyh\u00e9n gy\u00fcm\u00f6lcs\u00f6s arom\u00e1t [...]","og_url":"https:\/\/www.rumicon.sk\/hu\/produkt\/gin-cubical-kiss-07l-375\/","og_site_name":"rumicon.sk","article_publisher":"https:\/\/www.facebook.com\/people\/Rumicon-Bottle-Cigar-Shop\/100087110283303\/","article_modified_time":"2025-08-14T09:48:05+00:00","og_image":[{"width":600,"height":600,"url":"https:\/\/www.rumicon.sk\/wp-content\/uploads\/Cubical-Kiss-Pink-Gin-700ml-600x600-1.jpg","type":"image\/jpeg"}],"twitter_card":"summary_large_image","twitter_misc":{"Becs\u00fclt olvas\u00e1si id\u0151":"1 perc"},"schema":{"@context":"https:\/\/schema.org","@graph":[{"@type":"WebPage","@id":"https:\/\/www.rumicon.sk\/hu\/produkt\/gin-cubical-kiss-07l-375\/","url":"https:\/\/www.rumicon.sk\/hu\/produkt\/gin-cubical-kiss-07l-375\/","name":"Gin Cubical Kiss 0,7l 37,5% - rumicon.sk","isPartOf":{"@id":"https:\/\/www.rumicon.sk\/hu\/#website"},"primaryImageOfPage":{"@id":"https:\/\/www.rumicon.sk\/hu\/produkt\/gin-cubical-kiss-07l-375\/#primaryimage"},"image":{"@id":"https:\/\/www.rumicon.sk\/hu\/produkt\/gin-cubical-kiss-07l-375\/#primaryimage"},"thumbnailUrl":"https:\/\/www.rumicon.sk\/wp-content\/uploads\/Cubical-Kiss-Pink-Gin-700ml-600x600-1.jpg","datePublished":"2023-12-07T11:41:29+00:00","dateModified":"2025-08-14T09:48:05+00:00","breadcrumb":{"@id":"https:\/\/www.rumicon.sk\/hu\/produkt\/gin-cubical-kiss-07l-375\/#breadcrumb"},"inLanguage":"hu","potentialAction":[{"@type":"ReadAction","target":["https:\/\/www.rumicon.sk\/hu\/produkt\/gin-cubical-kiss-07l-375\/"]}]},{"@type":"ImageObject","inLanguage":"hu","@id":"https:\/\/www.rumicon.sk\/hu\/produkt\/gin-cubical-kiss-07l-375\/#primaryimage","url":"https:\/\/www.rumicon.sk\/wp-content\/uploads\/Cubical-Kiss-Pink-Gin-700ml-600x600-1.jpg","contentUrl":"https:\/\/www.rumicon.sk\/wp-content\/uploads\/Cubical-Kiss-Pink-Gin-700ml-600x600-1.jpg","width":600,"height":600,"caption":"Cubical Kiss Pink Gin"},{"@type":"BreadcrumbList","@id":"https:\/\/www.rumicon.sk\/hu\/produkt\/gin-cubical-kiss-07l-375\/#breadcrumb","itemListElement":[{"@type":"ListItem","position":1,"name":"Home","item":"https:\/\/www.rumicon.sk\/hu\/home\/"},{"@type":"ListItem","position":2,"name":"Web\u00e1ruh\u00e1z","item":"https:\/\/www.rumicon.sk\/hu\/webaruhaz\/"},{"@type":"ListItem","position":3,"name":"Gin Cubical Kiss 0,7l 37,5%"}]},{"@type":"WebSite","@id":"https:\/\/www.rumicon.sk\/hu\/#website","url":"https:\/\/www.rumicon.sk\/hu\/","name":"rumicon.sk","description":"","publisher":{"@id":"https:\/\/www.rumicon.sk\/hu\/#organization"},"potentialAction":[{"@type":"SearchAction","target":{"@type":"EntryPoint","urlTemplate":"https:\/\/www.rumicon.sk\/hu\/?s={search_term_string}"},"query-input":{"@type":"PropertyValueSpecification","valueRequired":true,"valueName":"search_term_string"}}],"inLanguage":"hu"},{"@type":"Organization","@id":"https:\/\/www.rumicon.sk\/hu\/#organization","name":"rumicon.sk","url":"https:\/\/www.rumicon.sk\/hu\/","logo":{"@type":"ImageObject","inLanguage":"hu","@id":"https:\/\/www.rumicon.sk\/hu\/#\/schema\/logo\/image\/","url":"https:\/\/www.rumicon.sk\/wp-content\/uploads\/logo-rumicon-bcs-color.png","contentUrl":"https:\/\/www.rumicon.sk\/wp-content\/uploads\/logo-rumicon-bcs-color.png","width":827,"height":278,"caption":"rumicon.sk"},"image":{"@id":"https:\/\/www.rumicon.sk\/hu\/#\/schema\/logo\/image\/"},"sameAs":["https:\/\/www.facebook.com\/people\/Rumicon-Bottle-Cigar-Shop\/100087110283303\/","https:\/\/www.instagram.com\/rumicon_bottle_cigar_shop\/","https:\/\/www.tiktok.com\/@rumicon2022"]}]}},"_links":{"self":[{"href":"https:\/\/www.rumicon.sk\/hu\/wp-json\/wp\/v2\/product\/5904","targetHints":{"allow":["GET"]}}],"collection":[{"href":"https:\/\/www.rumicon.sk\/hu\/wp-json\/wp\/v2\/product"}],"about":[{"href":"https:\/\/www.rumicon.sk\/hu\/wp-json\/wp\/v2\/types\/product"}],"replies":[{"embeddable":true,"href":"https:\/\/www.rumicon.sk\/hu\/wp-json\/wp\/v2\/comments?post=5904"}],"wp:featuredmedia":[{"embeddable":true,"href":"https:\/\/www.rumicon.sk\/hu\/wp-json\/wp\/v2\/media\/5906"}],"wp:attachment":[{"href":"https:\/\/www.rumicon.sk\/hu\/wp-json\/wp\/v2\/media?parent=5904"}],"wp:term":[{"taxonomy":"product_brand","embeddable":true,"href":"https:\/\/www.rumicon.sk\/hu\/wp-json\/wp\/v2\/product_brand?post=5904"},{"taxonomy":"product_cat","embeddable":true,"href":"https:\/\/www.rumicon.sk\/hu\/wp-json\/wp\/v2\/product_cat?post=5904"},{"taxonomy":"product_tag","embeddable":true,"href":"https:\/\/www.rumicon.sk\/hu\/wp-json\/wp\/v2\/product_tag?post=5904"}],"curies":[{"name":"wp","href":"https:\/\/api.w.org\/{rel}","templated":true}]}}