{"id":5883,"date":"2023-12-28T12:26:28","date_gmt":"2023-12-28T11:26:28","guid":{"rendered":"https:\/\/www.rumicon.sk\/produkt\/villa-sandi-dolce-sandi-prosecco-7-075l\/"},"modified":"2024-10-11T13:05:52","modified_gmt":"2024-10-11T11:05:52","slug":"villa-sandi-dolce-sandi-prosecco-7-075l","status":"publish","type":"product","link":"https:\/\/www.rumicon.sk\/hu\/produkt\/villa-sandi-dolce-sandi-prosecco-7-075l\/","title":{"rendered":"Villa Sandi Dolce Sandi Prosecco 7% 0,75l"},"content":{"rendered":"<p>A Dolce Sandi pezsg\u0151 t\u00f6bbf\u00e9le arom\u00e1s sz\u0151l\u0151fajt\u00e1b\u00f3l k\u00e9sz\u00fcl, ami nagyon intenz\u00edv, tr\u00f3pusi gy\u00fcm\u00f6lcs\u00f6kre \u00e9s narancsvir\u00e1gra eml\u00e9keztet\u0151 illatot k\u00f6lcs\u00f6n\u00f6z neki. \u00cdze l\u00e1gy \u00e9s testes, gy\u00fcm\u00f6lcs\u00f6s jegyekkel. Orsz\u00e1g: Olaszorsz\u00e1g Bor sz\u00edne: Feh\u00e9r Fajta: Cuve\u00e9 \u00cdz: A bor sz\u00edne: Feh\u00e9r: \u00c9des <\/p>\n","protected":false},"excerpt":{"rendered":"<p>A Dolce Sandi pezsg\u0151 t\u00f6bbf\u00e9le arom\u00e1s sz\u0151l\u0151fajt\u00e1b\u00f3l k\u00e9sz\u00fcl, ami nagyon intenz\u00edv, tr\u00f3pusi gy\u00fcm\u00f6lcs\u00f6kre \u00e9s narancsvir\u00e1gra eml\u00e9keztet\u0151 illatot k\u00f6lcs\u00f6n\u00f6z neki. \u00cdze l\u00e1gy \u00e9s testes, gy\u00fcm\u00f6lcs\u00f6s jegyekkel. Orsz\u00e1g: Olaszorsz\u00e1g Bor sz\u00edne: Feh\u00e9r Fajta: Cuve\u00e9 \u00cdz: A bor sz\u00edne: Feh\u00e9r: \u00c9des<\/p>\n","protected":false},"featured_media":5885,"comment_status":"closed","ping_status":"closed","template":"","meta":{"_acf_changed":false},"product_brand":[],"product_cat":[580,582],"product_tag":[952,833],"class_list":{"0":"post-5883","1":"product","2":"type-product","3":"status-publish","4":"has-post-thumbnail","6":"product_cat-champagne-prosecco-hu","7":"product_cat-prosecco-hu","8":"product_tag-olaszorszag-pezsgo-es-prosecco","9":"product_tag-villa-sandi-hu-2","10":"pa_druh-alkoholu-habzobor","11":"pa_krajina-povodu-olaszorszag","12":"pa_objem-075-l-hu","14":"first","15":"instock","16":"taxable","17":"shipping-taxable","18":"purchasable","19":"product-type-simple"},"acf":[],"yoast_head":"<!-- This site is optimized with the Yoast SEO plugin v27.0 - https:\/\/yoast.com\/product\/yoast-seo-wordpress\/ -->\n<title>Villa Sandi Dolce Sandi Prosecco 7% 0,75l - rumicon.sk<\/title>\n<meta name=\"robots\" content=\"index, follow, max-snippet:-1, max-image-preview:large, max-video-preview:-1\" \/>\n<link rel=\"canonical\" href=\"https:\/\/www.rumicon.sk\/hu\/produkt\/villa-sandi-dolce-sandi-prosecco-7-075l\/\" \/>\n<meta property=\"og:locale\" content=\"hu_HU\" \/>\n<meta property=\"og:type\" content=\"article\" \/>\n<meta property=\"og:title\" content=\"Villa Sandi Dolce Sandi Prosecco 7% 0,75l - rumicon.sk\" \/>\n<meta property=\"og:description\" content=\"A Dolce Sandi pezsg\u0151 t\u00f6bbf\u00e9le arom\u00e1s sz\u0151l\u0151fajt\u00e1b\u00f3l k\u00e9sz\u00fcl, ami nagyon intenz\u00edv, tr\u00f3pusi gy\u00fcm\u00f6lcs\u00f6kre \u00e9s narancsvir\u00e1gra eml\u00e9keztet\u0151 illatot k\u00f6lcs\u00f6n\u00f6z neki. \u00cdze l\u00e1gy \u00e9s testes, gy\u00fcm\u00f6lcs\u00f6s jegyekkel. Orsz\u00e1g: Olaszorsz\u00e1g Bor sz\u00edne: Feh\u00e9r Fajta: Cuve\u00e9 \u00cdz: A bor sz\u00edne: Feh\u00e9r: \u00c9des\" \/>\n<meta property=\"og:url\" content=\"https:\/\/www.rumicon.sk\/hu\/produkt\/villa-sandi-dolce-sandi-prosecco-7-075l\/\" \/>\n<meta property=\"og:site_name\" content=\"rumicon.sk\" \/>\n<meta property=\"article:publisher\" content=\"https:\/\/www.facebook.com\/people\/Rumicon-Bottle-Cigar-Shop\/100087110283303\/\" \/>\n<meta property=\"article:modified_time\" content=\"2024-10-11T11:05:52+00:00\" \/>\n<meta property=\"og:image\" content=\"https:\/\/www.rumicon.sk\/wp-content\/uploads\/dolce.webp\" \/>\n\t<meta property=\"og:image:width\" content=\"503\" \/>\n\t<meta property=\"og:image:height\" content=\"503\" \/>\n\t<meta property=\"og:image:type\" content=\"image\/webp\" \/>\n<meta name=\"twitter:card\" content=\"summary_large_image\" \/>\n<script type=\"application\/ld+json\" class=\"yoast-schema-graph\">{\"@context\":\"https:\/\/schema.org\",\"@graph\":[{\"@type\":\"WebPage\",\"@id\":\"https:\/\/www.rumicon.sk\/hu\/produkt\/villa-sandi-dolce-sandi-prosecco-7-075l\/\",\"url\":\"https:\/\/www.rumicon.sk\/hu\/produkt\/villa-sandi-dolce-sandi-prosecco-7-075l\/\",\"name\":\"Villa Sandi Dolce Sandi Prosecco 7% 0,75l - rumicon.sk\",\"isPartOf\":{\"@id\":\"https:\/\/www.rumicon.sk\/hu\/#website\"},\"primaryImageOfPage\":{\"@id\":\"https:\/\/www.rumicon.sk\/hu\/produkt\/villa-sandi-dolce-sandi-prosecco-7-075l\/#primaryimage\"},\"image\":{\"@id\":\"https:\/\/www.rumicon.sk\/hu\/produkt\/villa-sandi-dolce-sandi-prosecco-7-075l\/#primaryimage\"},\"thumbnailUrl\":\"https:\/\/www.rumicon.sk\/wp-content\/uploads\/dolce.webp\",\"datePublished\":\"2023-12-28T11:26:28+00:00\",\"dateModified\":\"2024-10-11T11:05:52+00:00\",\"breadcrumb\":{\"@id\":\"https:\/\/www.rumicon.sk\/hu\/produkt\/villa-sandi-dolce-sandi-prosecco-7-075l\/#breadcrumb\"},\"inLanguage\":\"hu\",\"potentialAction\":[{\"@type\":\"ReadAction\",\"target\":[\"https:\/\/www.rumicon.sk\/hu\/produkt\/villa-sandi-dolce-sandi-prosecco-7-075l\/\"]}]},{\"@type\":\"ImageObject\",\"inLanguage\":\"hu\",\"@id\":\"https:\/\/www.rumicon.sk\/hu\/produkt\/villa-sandi-dolce-sandi-prosecco-7-075l\/#primaryimage\",\"url\":\"https:\/\/www.rumicon.sk\/wp-content\/uploads\/dolce.webp\",\"contentUrl\":\"https:\/\/www.rumicon.sk\/wp-content\/uploads\/dolce.webp\",\"width\":503,\"height\":503},{\"@type\":\"BreadcrumbList\",\"@id\":\"https:\/\/www.rumicon.sk\/hu\/produkt\/villa-sandi-dolce-sandi-prosecco-7-075l\/#breadcrumb\",\"itemListElement\":[{\"@type\":\"ListItem\",\"position\":1,\"name\":\"Home\",\"item\":\"https:\/\/www.rumicon.sk\/hu\/home\/\"},{\"@type\":\"ListItem\",\"position\":2,\"name\":\"Web\u00e1ruh\u00e1z\",\"item\":\"https:\/\/www.rumicon.sk\/hu\/webaruhaz\/\"},{\"@type\":\"ListItem\",\"position\":3,\"name\":\"Villa Sandi Dolce Sandi Prosecco 7% 0,75l\"}]},{\"@type\":\"WebSite\",\"@id\":\"https:\/\/www.rumicon.sk\/hu\/#website\",\"url\":\"https:\/\/www.rumicon.sk\/hu\/\",\"name\":\"rumicon.sk\",\"description\":\"\",\"publisher\":{\"@id\":\"https:\/\/www.rumicon.sk\/hu\/#organization\"},\"potentialAction\":[{\"@type\":\"SearchAction\",\"target\":{\"@type\":\"EntryPoint\",\"urlTemplate\":\"https:\/\/www.rumicon.sk\/hu\/?s={search_term_string}\"},\"query-input\":{\"@type\":\"PropertyValueSpecification\",\"valueRequired\":true,\"valueName\":\"search_term_string\"}}],\"inLanguage\":\"hu\"},{\"@type\":\"Organization\",\"@id\":\"https:\/\/www.rumicon.sk\/hu\/#organization\",\"name\":\"rumicon.sk\",\"url\":\"https:\/\/www.rumicon.sk\/hu\/\",\"logo\":{\"@type\":\"ImageObject\",\"inLanguage\":\"hu\",\"@id\":\"https:\/\/www.rumicon.sk\/hu\/#\/schema\/logo\/image\/\",\"url\":\"https:\/\/www.rumicon.sk\/wp-content\/uploads\/logo-rumicon-bcs-color.png\",\"contentUrl\":\"https:\/\/www.rumicon.sk\/wp-content\/uploads\/logo-rumicon-bcs-color.png\",\"width\":827,\"height\":278,\"caption\":\"rumicon.sk\"},\"image\":{\"@id\":\"https:\/\/www.rumicon.sk\/hu\/#\/schema\/logo\/image\/\"},\"sameAs\":[\"https:\/\/www.facebook.com\/people\/Rumicon-Bottle-Cigar-Shop\/100087110283303\/\",\"https:\/\/www.instagram.com\/rumicon_bottle_cigar_shop\/\",\"https:\/\/www.tiktok.com\/@rumicon2022\"]}]}<\/script>\n<!-- \/ Yoast SEO plugin. -->","yoast_head_json":{"title":"Villa Sandi Dolce Sandi Prosecco 7% 0,75l - rumicon.sk","robots":{"index":"index","follow":"follow","max-snippet":"max-snippet:-1","max-image-preview":"max-image-preview:large","max-video-preview":"max-video-preview:-1"},"canonical":"https:\/\/www.rumicon.sk\/hu\/produkt\/villa-sandi-dolce-sandi-prosecco-7-075l\/","og_locale":"hu_HU","og_type":"article","og_title":"Villa Sandi Dolce Sandi Prosecco 7% 0,75l - rumicon.sk","og_description":"A Dolce Sandi pezsg\u0151 t\u00f6bbf\u00e9le arom\u00e1s sz\u0151l\u0151fajt\u00e1b\u00f3l k\u00e9sz\u00fcl, ami nagyon intenz\u00edv, tr\u00f3pusi gy\u00fcm\u00f6lcs\u00f6kre \u00e9s narancsvir\u00e1gra eml\u00e9keztet\u0151 illatot k\u00f6lcs\u00f6n\u00f6z neki. \u00cdze l\u00e1gy \u00e9s testes, gy\u00fcm\u00f6lcs\u00f6s jegyekkel. Orsz\u00e1g: Olaszorsz\u00e1g Bor sz\u00edne: Feh\u00e9r Fajta: Cuve\u00e9 \u00cdz: A bor sz\u00edne: Feh\u00e9r: \u00c9des","og_url":"https:\/\/www.rumicon.sk\/hu\/produkt\/villa-sandi-dolce-sandi-prosecco-7-075l\/","og_site_name":"rumicon.sk","article_publisher":"https:\/\/www.facebook.com\/people\/Rumicon-Bottle-Cigar-Shop\/100087110283303\/","article_modified_time":"2024-10-11T11:05:52+00:00","og_image":[{"width":503,"height":503,"url":"https:\/\/www.rumicon.sk\/wp-content\/uploads\/dolce.webp","type":"image\/webp"}],"twitter_card":"summary_large_image","schema":{"@context":"https:\/\/schema.org","@graph":[{"@type":"WebPage","@id":"https:\/\/www.rumicon.sk\/hu\/produkt\/villa-sandi-dolce-sandi-prosecco-7-075l\/","url":"https:\/\/www.rumicon.sk\/hu\/produkt\/villa-sandi-dolce-sandi-prosecco-7-075l\/","name":"Villa Sandi Dolce Sandi Prosecco 7% 0,75l - rumicon.sk","isPartOf":{"@id":"https:\/\/www.rumicon.sk\/hu\/#website"},"primaryImageOfPage":{"@id":"https:\/\/www.rumicon.sk\/hu\/produkt\/villa-sandi-dolce-sandi-prosecco-7-075l\/#primaryimage"},"image":{"@id":"https:\/\/www.rumicon.sk\/hu\/produkt\/villa-sandi-dolce-sandi-prosecco-7-075l\/#primaryimage"},"thumbnailUrl":"https:\/\/www.rumicon.sk\/wp-content\/uploads\/dolce.webp","datePublished":"2023-12-28T11:26:28+00:00","dateModified":"2024-10-11T11:05:52+00:00","breadcrumb":{"@id":"https:\/\/www.rumicon.sk\/hu\/produkt\/villa-sandi-dolce-sandi-prosecco-7-075l\/#breadcrumb"},"inLanguage":"hu","potentialAction":[{"@type":"ReadAction","target":["https:\/\/www.rumicon.sk\/hu\/produkt\/villa-sandi-dolce-sandi-prosecco-7-075l\/"]}]},{"@type":"ImageObject","inLanguage":"hu","@id":"https:\/\/www.rumicon.sk\/hu\/produkt\/villa-sandi-dolce-sandi-prosecco-7-075l\/#primaryimage","url":"https:\/\/www.rumicon.sk\/wp-content\/uploads\/dolce.webp","contentUrl":"https:\/\/www.rumicon.sk\/wp-content\/uploads\/dolce.webp","width":503,"height":503},{"@type":"BreadcrumbList","@id":"https:\/\/www.rumicon.sk\/hu\/produkt\/villa-sandi-dolce-sandi-prosecco-7-075l\/#breadcrumb","itemListElement":[{"@type":"ListItem","position":1,"name":"Home","item":"https:\/\/www.rumicon.sk\/hu\/home\/"},{"@type":"ListItem","position":2,"name":"Web\u00e1ruh\u00e1z","item":"https:\/\/www.rumicon.sk\/hu\/webaruhaz\/"},{"@type":"ListItem","position":3,"name":"Villa Sandi Dolce Sandi Prosecco 7% 0,75l"}]},{"@type":"WebSite","@id":"https:\/\/www.rumicon.sk\/hu\/#website","url":"https:\/\/www.rumicon.sk\/hu\/","name":"rumicon.sk","description":"","publisher":{"@id":"https:\/\/www.rumicon.sk\/hu\/#organization"},"potentialAction":[{"@type":"SearchAction","target":{"@type":"EntryPoint","urlTemplate":"https:\/\/www.rumicon.sk\/hu\/?s={search_term_string}"},"query-input":{"@type":"PropertyValueSpecification","valueRequired":true,"valueName":"search_term_string"}}],"inLanguage":"hu"},{"@type":"Organization","@id":"https:\/\/www.rumicon.sk\/hu\/#organization","name":"rumicon.sk","url":"https:\/\/www.rumicon.sk\/hu\/","logo":{"@type":"ImageObject","inLanguage":"hu","@id":"https:\/\/www.rumicon.sk\/hu\/#\/schema\/logo\/image\/","url":"https:\/\/www.rumicon.sk\/wp-content\/uploads\/logo-rumicon-bcs-color.png","contentUrl":"https:\/\/www.rumicon.sk\/wp-content\/uploads\/logo-rumicon-bcs-color.png","width":827,"height":278,"caption":"rumicon.sk"},"image":{"@id":"https:\/\/www.rumicon.sk\/hu\/#\/schema\/logo\/image\/"},"sameAs":["https:\/\/www.facebook.com\/people\/Rumicon-Bottle-Cigar-Shop\/100087110283303\/","https:\/\/www.instagram.com\/rumicon_bottle_cigar_shop\/","https:\/\/www.tiktok.com\/@rumicon2022"]}]}},"_links":{"self":[{"href":"https:\/\/www.rumicon.sk\/hu\/wp-json\/wp\/v2\/product\/5883","targetHints":{"allow":["GET"]}}],"collection":[{"href":"https:\/\/www.rumicon.sk\/hu\/wp-json\/wp\/v2\/product"}],"about":[{"href":"https:\/\/www.rumicon.sk\/hu\/wp-json\/wp\/v2\/types\/product"}],"replies":[{"embeddable":true,"href":"https:\/\/www.rumicon.sk\/hu\/wp-json\/wp\/v2\/comments?post=5883"}],"wp:featuredmedia":[{"embeddable":true,"href":"https:\/\/www.rumicon.sk\/hu\/wp-json\/wp\/v2\/media\/5885"}],"wp:attachment":[{"href":"https:\/\/www.rumicon.sk\/hu\/wp-json\/wp\/v2\/media?parent=5883"}],"wp:term":[{"taxonomy":"product_brand","embeddable":true,"href":"https:\/\/www.rumicon.sk\/hu\/wp-json\/wp\/v2\/product_brand?post=5883"},{"taxonomy":"product_cat","embeddable":true,"href":"https:\/\/www.rumicon.sk\/hu\/wp-json\/wp\/v2\/product_cat?post=5883"},{"taxonomy":"product_tag","embeddable":true,"href":"https:\/\/www.rumicon.sk\/hu\/wp-json\/wp\/v2\/product_tag?post=5883"}],"curies":[{"name":"wp","href":"https:\/\/api.w.org\/{rel}","templated":true}]}}