{"id":5866,"date":"2024-02-16T11:55:09","date_gmt":"2024-02-16T10:55:09","guid":{"rendered":"https:\/\/www.rumicon.sk\/produkt\/jack-daniels-gentleman-jack-07l-40\/"},"modified":"2025-08-14T11:49:48","modified_gmt":"2025-08-14T09:49:48","slug":"jack-daniels-gentleman-jack-07l-40","status":"publish","type":"product","link":"https:\/\/www.rumicon.sk\/hu\/produkt\/jack-daniels-gentleman-jack-07l-40\/","title":{"rendered":"Jack Daniels Gentleman Jack 0,7l 40%"},"content":{"rendered":"<p><strong>Amerikai whisky Jack Daniel&#8217;s Gentleman Jack<\/strong> &#8211; a j\u00f3l ismert Jack Daniel&#8217;s Tennessee whisky pr\u00e9mium, l\u00e1gyabb \u00e9s egyszer\u0171en \u00fariemberibb v\u00e1ltozata.<\/p>\n<p>Ennek a whiskey-nek a k\u00fcl\u00f6nleges megk\u00fcl\u00f6nb\u00f6ztet\u0151 jegye a komplex \u00edzprofil \u00e9s a <strong>dupla sz\u0171r\u00e9s<\/strong> vastag <strong>juharsz\u00e9nr\u00e9tegen<\/strong> kereszt\u00fcl <strong>.<\/strong> Ezt a whiskyt el\u0151sz\u00f6r a lep\u00e1rl\u00e1s ut\u00e1n, m\u00e1sodszor pedig a t\u00f6lgyfahord\u00f3ban t\u00f6rt\u00e9n\u0151 \u00e9rlel\u00e9s ut\u00e1n sz\u0171rik.<\/p>\n<p>A neh\u00e9z \u00e9s k\u00f6lts\u00e9ges technol\u00f3giai folyamat jutalma egy kiv\u00e9telesen sima, kellemes arom\u00e1j\u00fa \u00e9s gazdag \u00edz\u0171 whisky. Egy olyan \u00edz, amely el\u00e9g eleg\u00e1ns a k\u00fcl\u00f6nleges alkalmakra, el\u00e9g jellegzetes ahhoz, hogy k\u00f6nnyen megjegyezhet\u0151 legyen, \u00e9s el\u00e9g v\u00e1logatott ahhoz, hogy \u00e9rt\u00e9kes aj\u00e1nd\u00e9kk\u00e9nt adjuk tov\u00e1bb. <\/p>\n<p>A &#8220;klasszikus Black Jack&#8221;-re jellemz\u0151 intenz\u00edv f\u00e1s-t\u00f6lgyes jegyek h\u00e1tt\u00e9rbe szorultak. Ezzel szemben a karamell\u00e1s, gy\u00fcm\u00f6lcs\u00f6s \u00e9s enyh\u00e9n f\u00fcst\u00f6s van\u00edli\u00e1s jegyek kiemelkedtek, kiv\u00e9telesen sima lecseng\u00e9ssel. <\/p>\n<p><strong>Illat:<\/strong> f\u0171szeres, karamell\u00e1s \u00e9s egy csipetnyi barn\u00e1s t\u00f6lgyf\u00e1val<br \/>\n<strong>\u00cdz:<\/strong> karamell, van\u00edlia, fah\u00e9j, gy\u00fcm\u00f6lcs\u00f6s jegyek \u00e9s enyhe t\u00f6lgyfah\u00e9j<br \/>\n<strong>K\u00f6vetkeztet\u00e9s:<\/strong> kiv\u00e9telesen sima<\/p>\n","protected":false},"excerpt":{"rendered":"<p>Amerikai whisky Jack Daniel&#8217;s Gentleman Jack &#8211; a j\u00f3l ismert Jack Daniel&#8217;s Tennessee whisky pr\u00e9mium, l\u00e1gyabb \u00e9s egyszer\u0171en \u00fariemberibb v\u00e1ltozata. Ennek a whiskey-nek a k\u00fcl\u00f6nleges megk\u00fcl\u00f6nb\u00f6ztet\u0151 jegye a komplex \u00edzprofil \u00e9s a dupla sz\u0171r\u00e9s vastag juharsz\u00e9nr\u00e9tegen kereszt\u00fcl . Ezt a whiskyt el\u0151sz\u00f6r a lep\u00e1rl\u00e1s ut\u00e1n, m\u00e1sodszor pedig a t\u00f6lgyfahord\u00f3ban t\u00f6rt\u00e9n\u0151 \u00e9rlel\u00e9s ut\u00e1n sz\u0171rik. A neh\u00e9z [&#8230;]\n","protected":false},"featured_media":5867,"comment_status":"closed","ping_status":"closed","template":"","meta":{"_acf_changed":false},"product_brand":[],"product_cat":[509,798],"product_tag":[826,827],"class_list":{"0":"post-5866","1":"product","2":"type-product","3":"status-publish","4":"has-post-thumbnail","6":"product_cat-whisky-hu","7":"product_cat-amerikai-whisky","8":"product_tag-jack-daniels-hu-2","9":"product_tag-whisky-hu-2","11":"first","12":"instock","13":"taxable","14":"shipping-taxable","15":"purchasable","16":"product-type-simple"},"acf":[],"yoast_head":"<!-- This site is optimized with the Yoast SEO plugin v27.0 - https:\/\/yoast.com\/product\/yoast-seo-wordpress\/ -->\n<title>Jack Daniels Gentleman Jack 0,7l 40% - rumicon.sk<\/title>\n<meta name=\"robots\" content=\"index, follow, max-snippet:-1, max-image-preview:large, max-video-preview:-1\" \/>\n<link rel=\"canonical\" href=\"https:\/\/www.rumicon.sk\/hu\/produkt\/jack-daniels-gentleman-jack-07l-40\/\" \/>\n<meta property=\"og:locale\" content=\"hu_HU\" \/>\n<meta property=\"og:type\" content=\"article\" \/>\n<meta property=\"og:title\" content=\"Jack Daniels Gentleman Jack 0,7l 40% - rumicon.sk\" \/>\n<meta property=\"og:description\" content=\"Amerikai whisky Jack Daniel&#8217;s Gentleman Jack &#8211; a j\u00f3l ismert Jack Daniel&#8217;s Tennessee whisky pr\u00e9mium, l\u00e1gyabb \u00e9s egyszer\u0171en \u00fariemberibb v\u00e1ltozata. Ennek a whiskey-nek a k\u00fcl\u00f6nleges megk\u00fcl\u00f6nb\u00f6ztet\u0151 jegye a komplex \u00edzprofil \u00e9s a dupla sz\u0171r\u00e9s vastag juharsz\u00e9nr\u00e9tegen kereszt\u00fcl . Ezt a whiskyt el\u0151sz\u00f6r a lep\u00e1rl\u00e1s ut\u00e1n, m\u00e1sodszor pedig a t\u00f6lgyfahord\u00f3ban t\u00f6rt\u00e9n\u0151 \u00e9rlel\u00e9s ut\u00e1n sz\u0171rik. A neh\u00e9z [...]\" \/>\n<meta property=\"og:url\" content=\"https:\/\/www.rumicon.sk\/hu\/produkt\/jack-daniels-gentleman-jack-07l-40\/\" \/>\n<meta property=\"og:site_name\" content=\"rumicon.sk\" \/>\n<meta property=\"article:publisher\" content=\"https:\/\/www.facebook.com\/people\/Rumicon-Bottle-Cigar-Shop\/100087110283303\/\" \/>\n<meta property=\"article:modified_time\" content=\"2025-08-14T09:49:48+00:00\" \/>\n<meta property=\"og:image\" content=\"https:\/\/www.rumicon.sk\/wp-content\/uploads\/Gentleman-Jack.jpg\" \/>\n\t<meta property=\"og:image:width\" content=\"477\" \/>\n\t<meta property=\"og:image:height\" content=\"540\" \/>\n\t<meta property=\"og:image:type\" content=\"image\/jpeg\" \/>\n<meta name=\"twitter:card\" content=\"summary_large_image\" \/>\n<meta name=\"twitter:label1\" content=\"Becs\u00fclt olvas\u00e1si id\u0151\" \/>\n\t<meta name=\"twitter:data1\" content=\"1 perc\" \/>\n<script type=\"application\/ld+json\" class=\"yoast-schema-graph\">{\"@context\":\"https:\/\/schema.org\",\"@graph\":[{\"@type\":\"WebPage\",\"@id\":\"https:\/\/www.rumicon.sk\/hu\/produkt\/jack-daniels-gentleman-jack-07l-40\/\",\"url\":\"https:\/\/www.rumicon.sk\/hu\/produkt\/jack-daniels-gentleman-jack-07l-40\/\",\"name\":\"Jack Daniels Gentleman Jack 0,7l 40% - rumicon.sk\",\"isPartOf\":{\"@id\":\"https:\/\/www.rumicon.sk\/hu\/#website\"},\"primaryImageOfPage\":{\"@id\":\"https:\/\/www.rumicon.sk\/hu\/produkt\/jack-daniels-gentleman-jack-07l-40\/#primaryimage\"},\"image\":{\"@id\":\"https:\/\/www.rumicon.sk\/hu\/produkt\/jack-daniels-gentleman-jack-07l-40\/#primaryimage\"},\"thumbnailUrl\":\"https:\/\/www.rumicon.sk\/wp-content\/uploads\/Gentleman-Jack.jpg\",\"datePublished\":\"2024-02-16T10:55:09+00:00\",\"dateModified\":\"2025-08-14T09:49:48+00:00\",\"breadcrumb\":{\"@id\":\"https:\/\/www.rumicon.sk\/hu\/produkt\/jack-daniels-gentleman-jack-07l-40\/#breadcrumb\"},\"inLanguage\":\"hu\",\"potentialAction\":[{\"@type\":\"ReadAction\",\"target\":[\"https:\/\/www.rumicon.sk\/hu\/produkt\/jack-daniels-gentleman-jack-07l-40\/\"]}]},{\"@type\":\"ImageObject\",\"inLanguage\":\"hu\",\"@id\":\"https:\/\/www.rumicon.sk\/hu\/produkt\/jack-daniels-gentleman-jack-07l-40\/#primaryimage\",\"url\":\"https:\/\/www.rumicon.sk\/wp-content\/uploads\/Gentleman-Jack.jpg\",\"contentUrl\":\"https:\/\/www.rumicon.sk\/wp-content\/uploads\/Gentleman-Jack.jpg\",\"width\":477,\"height\":540},{\"@type\":\"BreadcrumbList\",\"@id\":\"https:\/\/www.rumicon.sk\/hu\/produkt\/jack-daniels-gentleman-jack-07l-40\/#breadcrumb\",\"itemListElement\":[{\"@type\":\"ListItem\",\"position\":1,\"name\":\"Home\",\"item\":\"https:\/\/www.rumicon.sk\/hu\/home\/\"},{\"@type\":\"ListItem\",\"position\":2,\"name\":\"Web\u00e1ruh\u00e1z\",\"item\":\"https:\/\/www.rumicon.sk\/hu\/webaruhaz\/\"},{\"@type\":\"ListItem\",\"position\":3,\"name\":\"Jack Daniels Gentleman Jack 0,7l 40%\"}]},{\"@type\":\"WebSite\",\"@id\":\"https:\/\/www.rumicon.sk\/hu\/#website\",\"url\":\"https:\/\/www.rumicon.sk\/hu\/\",\"name\":\"rumicon.sk\",\"description\":\"\",\"publisher\":{\"@id\":\"https:\/\/www.rumicon.sk\/hu\/#organization\"},\"potentialAction\":[{\"@type\":\"SearchAction\",\"target\":{\"@type\":\"EntryPoint\",\"urlTemplate\":\"https:\/\/www.rumicon.sk\/hu\/?s={search_term_string}\"},\"query-input\":{\"@type\":\"PropertyValueSpecification\",\"valueRequired\":true,\"valueName\":\"search_term_string\"}}],\"inLanguage\":\"hu\"},{\"@type\":\"Organization\",\"@id\":\"https:\/\/www.rumicon.sk\/hu\/#organization\",\"name\":\"rumicon.sk\",\"url\":\"https:\/\/www.rumicon.sk\/hu\/\",\"logo\":{\"@type\":\"ImageObject\",\"inLanguage\":\"hu\",\"@id\":\"https:\/\/www.rumicon.sk\/hu\/#\/schema\/logo\/image\/\",\"url\":\"https:\/\/www.rumicon.sk\/wp-content\/uploads\/logo-rumicon-bcs-color.png\",\"contentUrl\":\"https:\/\/www.rumicon.sk\/wp-content\/uploads\/logo-rumicon-bcs-color.png\",\"width\":827,\"height\":278,\"caption\":\"rumicon.sk\"},\"image\":{\"@id\":\"https:\/\/www.rumicon.sk\/hu\/#\/schema\/logo\/image\/\"},\"sameAs\":[\"https:\/\/www.facebook.com\/people\/Rumicon-Bottle-Cigar-Shop\/100087110283303\/\",\"https:\/\/www.instagram.com\/rumicon_bottle_cigar_shop\/\",\"https:\/\/www.tiktok.com\/@rumicon2022\"]}]}<\/script>\n<!-- \/ Yoast SEO plugin. -->","yoast_head_json":{"title":"Jack Daniels Gentleman Jack 0,7l 40% - rumicon.sk","robots":{"index":"index","follow":"follow","max-snippet":"max-snippet:-1","max-image-preview":"max-image-preview:large","max-video-preview":"max-video-preview:-1"},"canonical":"https:\/\/www.rumicon.sk\/hu\/produkt\/jack-daniels-gentleman-jack-07l-40\/","og_locale":"hu_HU","og_type":"article","og_title":"Jack Daniels Gentleman Jack 0,7l 40% - rumicon.sk","og_description":"Amerikai whisky Jack Daniel&#8217;s Gentleman Jack &#8211; a j\u00f3l ismert Jack Daniel&#8217;s Tennessee whisky pr\u00e9mium, l\u00e1gyabb \u00e9s egyszer\u0171en \u00fariemberibb v\u00e1ltozata. Ennek a whiskey-nek a k\u00fcl\u00f6nleges megk\u00fcl\u00f6nb\u00f6ztet\u0151 jegye a komplex \u00edzprofil \u00e9s a dupla sz\u0171r\u00e9s vastag juharsz\u00e9nr\u00e9tegen kereszt\u00fcl . Ezt a whiskyt el\u0151sz\u00f6r a lep\u00e1rl\u00e1s ut\u00e1n, m\u00e1sodszor pedig a t\u00f6lgyfahord\u00f3ban t\u00f6rt\u00e9n\u0151 \u00e9rlel\u00e9s ut\u00e1n sz\u0171rik. A neh\u00e9z [...]","og_url":"https:\/\/www.rumicon.sk\/hu\/produkt\/jack-daniels-gentleman-jack-07l-40\/","og_site_name":"rumicon.sk","article_publisher":"https:\/\/www.facebook.com\/people\/Rumicon-Bottle-Cigar-Shop\/100087110283303\/","article_modified_time":"2025-08-14T09:49:48+00:00","og_image":[{"width":477,"height":540,"url":"https:\/\/www.rumicon.sk\/wp-content\/uploads\/Gentleman-Jack.jpg","type":"image\/jpeg"}],"twitter_card":"summary_large_image","twitter_misc":{"Becs\u00fclt olvas\u00e1si id\u0151":"1 perc"},"schema":{"@context":"https:\/\/schema.org","@graph":[{"@type":"WebPage","@id":"https:\/\/www.rumicon.sk\/hu\/produkt\/jack-daniels-gentleman-jack-07l-40\/","url":"https:\/\/www.rumicon.sk\/hu\/produkt\/jack-daniels-gentleman-jack-07l-40\/","name":"Jack Daniels Gentleman Jack 0,7l 40% - rumicon.sk","isPartOf":{"@id":"https:\/\/www.rumicon.sk\/hu\/#website"},"primaryImageOfPage":{"@id":"https:\/\/www.rumicon.sk\/hu\/produkt\/jack-daniels-gentleman-jack-07l-40\/#primaryimage"},"image":{"@id":"https:\/\/www.rumicon.sk\/hu\/produkt\/jack-daniels-gentleman-jack-07l-40\/#primaryimage"},"thumbnailUrl":"https:\/\/www.rumicon.sk\/wp-content\/uploads\/Gentleman-Jack.jpg","datePublished":"2024-02-16T10:55:09+00:00","dateModified":"2025-08-14T09:49:48+00:00","breadcrumb":{"@id":"https:\/\/www.rumicon.sk\/hu\/produkt\/jack-daniels-gentleman-jack-07l-40\/#breadcrumb"},"inLanguage":"hu","potentialAction":[{"@type":"ReadAction","target":["https:\/\/www.rumicon.sk\/hu\/produkt\/jack-daniels-gentleman-jack-07l-40\/"]}]},{"@type":"ImageObject","inLanguage":"hu","@id":"https:\/\/www.rumicon.sk\/hu\/produkt\/jack-daniels-gentleman-jack-07l-40\/#primaryimage","url":"https:\/\/www.rumicon.sk\/wp-content\/uploads\/Gentleman-Jack.jpg","contentUrl":"https:\/\/www.rumicon.sk\/wp-content\/uploads\/Gentleman-Jack.jpg","width":477,"height":540},{"@type":"BreadcrumbList","@id":"https:\/\/www.rumicon.sk\/hu\/produkt\/jack-daniels-gentleman-jack-07l-40\/#breadcrumb","itemListElement":[{"@type":"ListItem","position":1,"name":"Home","item":"https:\/\/www.rumicon.sk\/hu\/home\/"},{"@type":"ListItem","position":2,"name":"Web\u00e1ruh\u00e1z","item":"https:\/\/www.rumicon.sk\/hu\/webaruhaz\/"},{"@type":"ListItem","position":3,"name":"Jack Daniels Gentleman Jack 0,7l 40%"}]},{"@type":"WebSite","@id":"https:\/\/www.rumicon.sk\/hu\/#website","url":"https:\/\/www.rumicon.sk\/hu\/","name":"rumicon.sk","description":"","publisher":{"@id":"https:\/\/www.rumicon.sk\/hu\/#organization"},"potentialAction":[{"@type":"SearchAction","target":{"@type":"EntryPoint","urlTemplate":"https:\/\/www.rumicon.sk\/hu\/?s={search_term_string}"},"query-input":{"@type":"PropertyValueSpecification","valueRequired":true,"valueName":"search_term_string"}}],"inLanguage":"hu"},{"@type":"Organization","@id":"https:\/\/www.rumicon.sk\/hu\/#organization","name":"rumicon.sk","url":"https:\/\/www.rumicon.sk\/hu\/","logo":{"@type":"ImageObject","inLanguage":"hu","@id":"https:\/\/www.rumicon.sk\/hu\/#\/schema\/logo\/image\/","url":"https:\/\/www.rumicon.sk\/wp-content\/uploads\/logo-rumicon-bcs-color.png","contentUrl":"https:\/\/www.rumicon.sk\/wp-content\/uploads\/logo-rumicon-bcs-color.png","width":827,"height":278,"caption":"rumicon.sk"},"image":{"@id":"https:\/\/www.rumicon.sk\/hu\/#\/schema\/logo\/image\/"},"sameAs":["https:\/\/www.facebook.com\/people\/Rumicon-Bottle-Cigar-Shop\/100087110283303\/","https:\/\/www.instagram.com\/rumicon_bottle_cigar_shop\/","https:\/\/www.tiktok.com\/@rumicon2022"]}]}},"_links":{"self":[{"href":"https:\/\/www.rumicon.sk\/hu\/wp-json\/wp\/v2\/product\/5866","targetHints":{"allow":["GET"]}}],"collection":[{"href":"https:\/\/www.rumicon.sk\/hu\/wp-json\/wp\/v2\/product"}],"about":[{"href":"https:\/\/www.rumicon.sk\/hu\/wp-json\/wp\/v2\/types\/product"}],"replies":[{"embeddable":true,"href":"https:\/\/www.rumicon.sk\/hu\/wp-json\/wp\/v2\/comments?post=5866"}],"wp:featuredmedia":[{"embeddable":true,"href":"https:\/\/www.rumicon.sk\/hu\/wp-json\/wp\/v2\/media\/5867"}],"wp:attachment":[{"href":"https:\/\/www.rumicon.sk\/hu\/wp-json\/wp\/v2\/media?parent=5866"}],"wp:term":[{"taxonomy":"product_brand","embeddable":true,"href":"https:\/\/www.rumicon.sk\/hu\/wp-json\/wp\/v2\/product_brand?post=5866"},{"taxonomy":"product_cat","embeddable":true,"href":"https:\/\/www.rumicon.sk\/hu\/wp-json\/wp\/v2\/product_cat?post=5866"},{"taxonomy":"product_tag","embeddable":true,"href":"https:\/\/www.rumicon.sk\/hu\/wp-json\/wp\/v2\/product_tag?post=5866"}],"curies":[{"name":"wp","href":"https:\/\/api.w.org\/{rel}","templated":true}]}}